{"id":258436,"date":"2025-12-04T09:26:40","date_gmt":"2025-12-04T08:26:40","guid":{"rendered":"https:\/\/plastimark-new.inode.it\/product\/pallet-cargo\/"},"modified":"2026-03-06T11:50:26","modified_gmt":"2026-03-06T10:50:26","slug":"pallet-cargo","status":"publish","type":"product","link":"https:\/\/plastimark.com\/it\/prodotto\/pallet-cargo\/","title":{"rendered":"Pallet Cargo"},"content":{"rendered":"\n<div class=\"gb-element-3c632dde\">\n<div class=\"gb-element-a02e6a89\">\n<h2 class=\"gb-text gb-text-faa3379e\"><strong><strong>Pallet Cargo<\/strong><\/strong><\/h2>\n\n\n\n<div class=\"splide gallery-set-pleasy\" id=\"main-carousel\" aria-label=\"Galleria Immagini\">\n<div class=\"splide__track\">\n<div class=\"splide__list\">\n<div class=\"splide__slide\">\n<img loading=\"lazy\" decoding=\"async\" width=\"1500\" height=\"1500\" class=\"gb-media-c5bfa31d\" alt=\"Pallet Cargo vista laterale\" src=\"https:\/\/plastimark.com\/wp-content\/uploads\/2025\/12\/Pallet-Cargo-side.webp\" title=\"Pallet Cargo side\" srcset=\"https:\/\/plastimark.com\/wp-content\/uploads\/2025\/12\/Pallet-Cargo-side.webp 1500w, https:\/\/plastimark.com\/wp-content\/uploads\/2025\/12\/Pallet-Cargo-side-300x300.webp 300w, https:\/\/plastimark.com\/wp-content\/uploads\/2025\/12\/Pallet-Cargo-side-1024x1024.webp 1024w, https:\/\/plastimark.com\/wp-content\/uploads\/2025\/12\/Pallet-Cargo-side-150x150.webp 150w, https:\/\/plastimark.com\/wp-content\/uploads\/2025\/12\/Pallet-Cargo-side-768x768.webp 768w\" sizes=\"auto, (max-width: 1500px) 100vw, 1500px\" \/>\n<\/div>\n\n\n\n<div class=\"splide__slide\">\n<img loading=\"lazy\" decoding=\"async\" width=\"1500\" height=\"1500\" class=\"gb-media-83e6db29\" alt=\"Pallet Cargo vista frontale\" src=\"https:\/\/plastimark.com\/wp-content\/uploads\/2025\/12\/Pallet-Cargo-front.webp\" title=\"Pallet Cargo front\" srcset=\"https:\/\/plastimark.com\/wp-content\/uploads\/2025\/12\/Pallet-Cargo-front.webp 1500w, https:\/\/plastimark.com\/wp-content\/uploads\/2025\/12\/Pallet-Cargo-front-300x300.webp 300w, https:\/\/plastimark.com\/wp-content\/uploads\/2025\/12\/Pallet-Cargo-front-1024x1024.webp 1024w, https:\/\/plastimark.com\/wp-content\/uploads\/2025\/12\/Pallet-Cargo-front-150x150.webp 150w, https:\/\/plastimark.com\/wp-content\/uploads\/2025\/12\/Pallet-Cargo-front-768x768.webp 768w\" sizes=\"auto, (max-width: 1500px) 100vw, 1500px\" \/>\n<\/div>\n\n\n\n<div class=\"splide__slide\">\n<img loading=\"lazy\" decoding=\"async\" width=\"1500\" height=\"1500\" class=\"gb-media-a97a6ef2\" alt=\"Pallet Cargo vista dall&apos;alto\" src=\"https:\/\/plastimark.com\/wp-content\/uploads\/2025\/12\/Pallet-Cargo-birds-eye-view.webp\" title=\"Pallet Cargo bird&apos;s-eye view\" srcset=\"https:\/\/plastimark.com\/wp-content\/uploads\/2025\/12\/Pallet-Cargo-birds-eye-view.webp 1500w, https:\/\/plastimark.com\/wp-content\/uploads\/2025\/12\/Pallet-Cargo-birds-eye-view-300x300.webp 300w, https:\/\/plastimark.com\/wp-content\/uploads\/2025\/12\/Pallet-Cargo-birds-eye-view-1024x1024.webp 1024w, https:\/\/plastimark.com\/wp-content\/uploads\/2025\/12\/Pallet-Cargo-birds-eye-view-150x150.webp 150w, https:\/\/plastimark.com\/wp-content\/uploads\/2025\/12\/Pallet-Cargo-birds-eye-view-768x768.webp 768w\" sizes=\"auto, (max-width: 1500px) 100vw, 1500px\" \/>\n<\/div>\n\n\n\n<div class=\"gb-element-7723a98e splide__slide\">\n<img loading=\"lazy\" decoding=\"async\" width=\"1500\" height=\"1500\" class=\"gb-media-b89c7112\" alt=\"Pallet Cargo impilati\" src=\"https:\/\/plastimark.com\/wp-content\/uploads\/2025\/12\/Pallet-Cargo-nested.webp\" title=\"Pallet Cargo nested\" srcset=\"https:\/\/plastimark.com\/wp-content\/uploads\/2025\/12\/Pallet-Cargo-nested.webp 1500w, https:\/\/plastimark.com\/wp-content\/uploads\/2025\/12\/Pallet-Cargo-nested-300x300.webp 300w, https:\/\/plastimark.com\/wp-content\/uploads\/2025\/12\/Pallet-Cargo-nested-1024x1024.webp 1024w, https:\/\/plastimark.com\/wp-content\/uploads\/2025\/12\/Pallet-Cargo-nested-150x150.webp 150w, https:\/\/plastimark.com\/wp-content\/uploads\/2025\/12\/Pallet-Cargo-nested-768x768.webp 768w\" sizes=\"auto, (max-width: 1500px) 100vw, 1500px\" \/>\n<\/div>\n\n\n\n<div class=\"gb-element-60a49a18 splide__slide\">\n<img loading=\"lazy\" decoding=\"async\" width=\"1500\" height=\"1500\" class=\"gb-media-ce7c2dca\" alt=\"Pallet Cargo in esposizione\" src=\"https:\/\/plastimark.com\/wp-content\/uploads\/2025\/12\/Pallet-context.webp\" title=\"Pallet in use\" srcset=\"https:\/\/plastimark.com\/wp-content\/uploads\/2025\/12\/Pallet-context.webp 1500w, https:\/\/plastimark.com\/wp-content\/uploads\/2025\/12\/Pallet-context-300x300.webp 300w, https:\/\/plastimark.com\/wp-content\/uploads\/2025\/12\/Pallet-context-1024x1024.webp 1024w, https:\/\/plastimark.com\/wp-content\/uploads\/2025\/12\/Pallet-context-150x150.webp 150w, https:\/\/plastimark.com\/wp-content\/uploads\/2025\/12\/Pallet-context-768x768.webp 768w\" sizes=\"auto, (max-width: 1500px) 100vw, 1500px\" \/>\n<\/div>\n<\/div>\n<\/div>\n<\/div>\n\n\n\n<div class=\"gb-element-18c90475 splide\" id=\"thumbnail-carousel\" aria-label=\"Navigazione miniature\">\n<div class=\"splide__track\">\n<div class=\"splide__list\"><\/div>\n<\/div>\n<\/div>\n\n\n\n<p class=\"gb-text\">Il Pallet Cargo \u00e8 la soluzione ideale per chi cerca robustezza e affidabilit\u00e0 in ambienti ad alta intensit\u00e0 operativa. Realizzato in plastica monoblocco, offre una portata statica fino a 4.500 kg. <br>Dotato di traverse antiribaltamento, \u00e8 completamente riciclabile e adatto al contatto con alimenti. Disponibile in vari colori, \u00e8 personalizzabile con logo aziendale per rispondere alle esigenze specifiche del cliente. <br><br>Questi pallet sono infatti adatti ad essere utilizzati come strumenti espositivi all\u2019interno dei punti vendita per posizionare le merci che vogliono essere messe in evidenza.<\/p>\n\n\n\n<div class=\"gb-element-bf0c1503\">\n<div class=\"gb-element-cc33d9c4\">\n<img loading=\"lazy\" decoding=\"async\" width=\"166\" height=\"150\" class=\"gb-media-2c345c35 no-lightbox\" alt=\"\" src=\"https:\/\/plastimark.com\/wp-content\/uploads\/2026\/01\/ROBUST-icon.svg\" title=\"icona-di-design\"\/>\n\n\n\n<p class=\"gb-text gb-text-e33a807c\">ROBUSTO<\/p>\n<\/div>\n\n\n\n<div class=\"gb-element-7f0c911c\">\n<img loading=\"lazy\" decoding=\"async\" width=\"166\" height=\"150\" class=\"gb-media-e1002b38 no-lightbox\" alt=\"\" src=\"https:\/\/plastimark.com\/wp-content\/uploads\/2026\/01\/HYGIENIC-icon.svg\" title=\"icona-facile-da-manovrare\"\/>\n\n\n\n<p class=\"gb-text gb-text-2c5e3a29\">IGIENICO<\/p>\n<\/div>\n\n\n\n<div class=\"gb-element-8466cfa2\">\n<img loading=\"lazy\" decoding=\"async\" width=\"166\" height=\"150\" class=\"gb-media-45238e18 no-lightbox\" alt=\"\" src=\"https:\/\/plastimark.com\/wp-content\/uploads\/2026\/01\/CUSTOMISABLE-icon.svg\" title=\"icona-senza-viti\"\/>\n\n\n\n<p class=\"gb-text gb-text-89336bb5\">PERSONALIZZABILE<\/p>\n<\/div>\n<\/div>\n\n\n<\/div>\n\n\n\n<div class=\"gb-element-7433462b\">\n<div class=\"gb-element-048980b0\">\n<\/div>\n\n\n\n<div class=\"wp-block-esab-accordion esab-ekj3qxye nested-accordion\" data-mode=\"individual\" data-close=\"true\"><div class=\"esab__container\">\n<div class=\"wp-block-esab-accordion-child esab__active_accordion\"><div class=\"esab__head\" role=\"button\" aria-expanded=\"true\"><div class=\"esab__heading_txt\"><h5 class=\"esab__heading_tag\">DATI TECNICI<\/h5><\/div><div class=\"esab__icon esab__active_icon\"><div class=\"esab__collapse\"> <svg xmlns=\"http:\/\/www.w3.org\/2000\/svg\" width=\"24\" height=\"24\" fill=\"currentColor\" viewBox=\"0 0 16 16\"><path fill-rule=\"evenodd\" d=\"M4.646 1.646a.5.5 0 0 1 .708 0l6 6a.5.5 0 0 1 0 .708l-6 6a.5.5 0 0 1-.708-.708L10.293 8 4.646 2.354a.5.5 0 0 1 0-.708\"><\/path><\/svg> <\/div><div class=\"esab__expand\"> <svg xmlns=\"http:\/\/www.w3.org\/2000\/svg\" width=\"24\" height=\"24\" fill=\"currentColor\" viewBox=\"0 0 16 16\"><path fill-rule=\"evenodd\" d=\"M1.646 4.646a.5.5 0 0 1 .708 0L8 10.293l5.646-5.647a.5.5 0 0 1 .708.708l-6 6a.5.5 0 0 1-.708 0l-6-6a.5.5 0 0 1 0-.708\"><\/path><\/svg> <\/div><\/div><\/div><div class=\"esab__body esab__active\">\n<div class=\"gb-element-32b9c385\">\n<p class=\"gb-text gb-text-e94c202f\">Lunghezza<\/p>\n\n\n\n<p class=\"gb-text gb-text-4f8cfa2d\">1.200 mm<\/p>\n<\/div>\n\n\n\n<div class=\"gb-element-77337025\">\n<p class=\"gb-text gb-text-1da34cdb\">Larghezza<\/p>\n\n\n\n<p class=\"gb-text gb-text-3c9cb999\">800 mm<\/p>\n<\/div>\n\n\n\n<div class=\"gb-element-c6d463ad\">\n<p class=\"gb-text gb-text-608aa953\">Altezza senza piattina<\/p>\n\n\n\n<p class=\"gb-text gb-text-cd275966\">153 mm<\/p>\n<\/div>\n\n\n\n<div class=\"gb-element-ac6c666c\">\n<p class=\"gb-text gb-text-624077b3\">Altezza con piattina<\/p>\n\n\n\n<p class=\"gb-text gb-text-4e806a9b\">160 mm<\/p>\n<\/div>\n\n\n\n<div class=\"gb-element-08c40db4\">\n<p class=\"gb-text gb-text-cd133c0e\">Peso senza piattina<\/p>\n\n\n\n<p class=\"gb-text gb-text-cac98088\">14,5 Kg<\/p>\n<\/div>\n\n\n\n<div class=\"gb-element-cb9d7ca3\">\n<p class=\"gb-text gb-text-aed21a2c\">Peso con piattina<\/p>\n\n\n\n<p class=\"gb-text gb-text-d070a21d\">16,3 Kg<\/p>\n<\/div>\n\n\n\n<div class=\"gb-element-a12c6844\">\n<p class=\"gb-text gb-text-036a8408\">Peso con piattina rinforzante<\/p>\n\n\n\n<p class=\"gb-text gb-text-651cd7bd\">22 Kg<\/p>\n<\/div>\n<\/div><\/div>\n\n\n\n<div class=\"wp-block-esab-accordion-child\"><div class=\"esab__head\" role=\"button\" aria-expanded=\"false\"><div class=\"esab__heading_txt\"><h5 class=\"esab__heading_tag\">PORTATA*<\/h5><\/div><div class=\"esab__icon\"><div class=\"esab__collapse\"> <svg xmlns=\"http:\/\/www.w3.org\/2000\/svg\" width=\"24\" height=\"24\" fill=\"currentColor\" viewBox=\"0 0 16 16\"><path fill-rule=\"evenodd\" d=\"M4.646 1.646a.5.5 0 0 1 .708 0l6 6a.5.5 0 0 1 0 .708l-6 6a.5.5 0 0 1-.708-.708L10.293 8 4.646 2.354a.5.5 0 0 1 0-.708\"><\/path><\/svg> <\/div><div class=\"esab__expand\"> <svg xmlns=\"http:\/\/www.w3.org\/2000\/svg\" width=\"24\" height=\"24\" fill=\"currentColor\" viewBox=\"0 0 16 16\"><path fill-rule=\"evenodd\" d=\"M1.646 4.646a.5.5 0 0 1 .708 0L8 10.293l5.646-5.647a.5.5 0 0 1 .708.708l-6 6a.5.5 0 0 1-.708 0l-6-6a.5.5 0 0 1 0-.708\"><\/path><\/svg> <\/div><\/div><\/div><div class=\"esab__body\">\n<div class=\"gb-element-5e5c8c38\">\n<p class=\"gb-text gb-text-c7d54a02\">Statica<\/p>\n\n\n\n<p class=\"gb-text gb-text-9014eb8b\">4.500 Kg<\/p>\n<\/div>\n\n\n\n<div class=\"gb-element-b459f75e\">\n<p class=\"gb-text gb-text-11a9afa6\">Dinamica<\/p>\n\n\n\n<p class=\"gb-text gb-text-27031409\">1.100 Kg<\/p>\n<\/div>\n\n\n\n<div class=\"gb-element-db11c1f2\">\n<p class=\"gb-text gb-text-394d766c\">In rack<\/p>\n\n\n\n<p class=\"gb-text gb-text-aecaed8e\">750 Kg<\/p>\n<\/div>\n\n\n\n<p class=\"gb-text gb-text-c6c84acb\"><\/p>\n\n\n\n<p>* Riferito al pallet realizzato in materiale vergine con piattina rinforzante<\/p>\n<\/div><\/div>\n\n\n\n<div class=\"wp-block-esab-accordion-child\"><div class=\"esab__head\" role=\"button\" aria-expanded=\"false\"><div class=\"esab__heading_txt\"><h5 class=\"esab__heading_tag\">COLORI STANDARD<\/h5><\/div><div class=\"esab__icon\"><div class=\"esab__collapse\"> <svg xmlns=\"http:\/\/www.w3.org\/2000\/svg\" width=\"24\" height=\"24\" fill=\"currentColor\" viewBox=\"0 0 16 16\"><path fill-rule=\"evenodd\" d=\"M4.646 1.646a.5.5 0 0 1 .708 0l6 6a.5.5 0 0 1 0 .708l-6 6a.5.5 0 0 1-.708-.708L10.293 8 4.646 2.354a.5.5 0 0 1 0-.708\"><\/path><\/svg> <\/div><div class=\"esab__expand\"> <svg xmlns=\"http:\/\/www.w3.org\/2000\/svg\" width=\"24\" height=\"24\" fill=\"currentColor\" viewBox=\"0 0 16 16\"><path fill-rule=\"evenodd\" d=\"M1.646 4.646a.5.5 0 0 1 .708 0L8 10.293l5.646-5.647a.5.5 0 0 1 .708.708l-6 6a.5.5 0 0 1-.708 0l-6-6a.5.5 0 0 1 0-.708\"><\/path><\/svg> <\/div><\/div><\/div><div class=\"esab__body\">\n<div class=\"gb-element-0bdf266d\">\n<div>\n<p class=\"gb-text gb-text-df08073b\">Pallet<\/p>\n\n\n\n<div class=\"gb-element-76fb16e2\">\n<div class=\"gb-element-c4a335d6\">\n<div class=\"gb-element-aa7382d0\"><\/div>\n\n\n\n<p class=\"gb-text gb-text-7c2508d0\">RAL 7023<\/p>\n<\/div>\n\n\n\n<div class=\"gb-element-ac98522b\">\n<div class=\"gb-element-7d62a726\"><\/div>\n\n\n\n<p class=\"gb-text gb-text-4179f47f\">RAL 9005<\/p>\n<\/div>\n<\/div>\n\n\n\n<p class=\"gb-text gb-text-8dc9a0ec\">Personalizzabile in qualsiasi colore su richiesta del cliente, con quantitativo minimo d\u2019ordine.<\/p>\n<\/div>\n<\/div>\n<\/div><\/div>\n\n\n\n<div class=\"wp-block-esab-accordion-child\"><div class=\"esab__head\" role=\"button\" aria-expanded=\"false\"><div class=\"esab__heading_txt\"><h5 class=\"esab__heading_tag\">CARICO<\/h5><\/div><div class=\"esab__icon\"><div class=\"esab__collapse\"> <svg xmlns=\"http:\/\/www.w3.org\/2000\/svg\" width=\"24\" height=\"24\" fill=\"currentColor\" viewBox=\"0 0 16 16\"><path fill-rule=\"evenodd\" d=\"M4.646 1.646a.5.5 0 0 1 .708 0l6 6a.5.5 0 0 1 0 .708l-6 6a.5.5 0 0 1-.708-.708L10.293 8 4.646 2.354a.5.5 0 0 1 0-.708\"><\/path><\/svg> <\/div><div class=\"esab__expand\"> <svg xmlns=\"http:\/\/www.w3.org\/2000\/svg\" width=\"24\" height=\"24\" fill=\"currentColor\" viewBox=\"0 0 16 16\"><path fill-rule=\"evenodd\" d=\"M1.646 4.646a.5.5 0 0 1 .708 0L8 10.293l5.646-5.647a.5.5 0 0 1 .708.708l-6 6a.5.5 0 0 1-.708 0l-6-6a.5.5 0 0 1 0-.708\"><\/path><\/svg> <\/div><\/div><\/div><div class=\"esab__body\">\n<div class=\"gb-element-094e6ba8\">\n<p class=\"gb-text gb-text-c568f2a7\">1 Camion<\/p>\n\n\n\n<p class=\"gb-text gb-text-9467a918\">n. 594 pz<\/p>\n<\/div>\n\n\n\n<div class=\"gb-element-8af38898\">\n<p class=\"gb-text gb-text-66310cfb\">1 x 20\u2019 Container<\/p>\n\n\n\n<p class=\"gb-text gb-text-cda68ba4\">n. 198 pz<\/p>\n<\/div>\n\n\n\n<div class=\"gb-element-5af1bede\">\n<p class=\"gb-text gb-text-9816db92\">1 x 40\u2019 Container<\/p>\n\n\n\n<p class=\"gb-text gb-text-20bc7eff\">n. 400 pz<\/p>\n<\/div>\n<\/div><\/div>\n<\/div><\/div>\n<\/div>\n<\/div>\n","protected":false},"featured_media":0,"template":"","meta":{"_acf_changed":false},"class_list":["post-258436","product","type-product","status-publish","hentry"],"acf":[],"yoast_head":"<!-- This site is optimized with the Yoast SEO plugin v27.2 - https:\/\/yoast.com\/product\/yoast-seo-wordpress\/ -->\n<title>Plastimark | Pallet in plastica 80x120: modello Cargo<\/title>\n<meta name=\"description\" content=\"Scopri i nostri pallet in plastica 80x120 Cargo: robusti, con traverse antiribaltamento, portata fino a 4.500 kg, personalizzabili.\" \/>\n<meta name=\"robots\" content=\"index, follow, max-snippet:-1, max-image-preview:large, max-video-preview:-1\" \/>\n<link rel=\"canonical\" href=\"https:\/\/plastimark.com\/it\/prodotto\/pallet-cargo\/\" \/>\n<meta property=\"og:locale\" content=\"it_IT\" \/>\n<meta property=\"og:type\" content=\"article\" \/>\n<meta property=\"og:title\" content=\"Plastimark | Pallet in plastica 80x120: modello Cargo\" \/>\n<meta property=\"og:description\" content=\"Scopri i nostri pallet in plastica 80x120 Cargo: robusti, con traverse antiribaltamento, portata fino a 4.500 kg, personalizzabili.\" \/>\n<meta property=\"og:url\" content=\"https:\/\/plastimark.com\/it\/prodotto\/pallet-cargo\/\" \/>\n<meta property=\"og:site_name\" content=\"Plastimark\" \/>\n<meta property=\"article:publisher\" content=\"https:\/\/www.facebook.com\/Plastimark\" \/>\n<meta property=\"article:modified_time\" content=\"2026-03-06T10:50:26+00:00\" \/>\n<meta property=\"og:image\" content=\"https:\/\/plastimark.com\/wp-content\/uploads\/2025\/12\/Pallet-Cargo-side.webp\" \/>\n<meta name=\"twitter:card\" content=\"summary_large_image\" \/>\n<meta name=\"twitter:label1\" content=\"Tempo di lettura stimato\" \/>\n\t<meta name=\"twitter:data1\" content=\"3 minuti\" \/>\n<script type=\"application\/ld+json\" class=\"yoast-schema-graph\">{\"@context\":\"https:\/\/schema.org\",\"@graph\":[{\"@type\":\"WebPage\",\"@id\":\"https:\/\/plastimark.com\/it\/prodotto\/pallet-cargo\/\",\"url\":\"https:\/\/plastimark.com\/it\/prodotto\/pallet-cargo\/\",\"name\":\"Plastimark | Pallet in plastica 80x120: modello Cargo\",\"isPartOf\":{\"@id\":\"https:\/\/plastimark.com\/it\/#website\"},\"primaryImageOfPage\":{\"@id\":\"https:\/\/plastimark.com\/it\/prodotto\/pallet-cargo\/#primaryimage\"},\"image\":{\"@id\":\"https:\/\/plastimark.com\/it\/prodotto\/pallet-cargo\/#primaryimage\"},\"thumbnailUrl\":\"https:\/\/plastimark.com\/wp-content\/uploads\/2025\/12\/Pallet-Cargo-side.webp\",\"datePublished\":\"2025-12-04T08:26:40+00:00\",\"dateModified\":\"2026-03-06T10:50:26+00:00\",\"description\":\"Scopri i nostri pallet in plastica 80x120 Cargo: robusti, con traverse antiribaltamento, portata fino a 4.500 kg, personalizzabili.\",\"breadcrumb\":{\"@id\":\"https:\/\/plastimark.com\/it\/prodotto\/pallet-cargo\/#breadcrumb\"},\"inLanguage\":\"it-IT\",\"potentialAction\":[{\"@type\":\"ReadAction\",\"target\":[\"https:\/\/plastimark.com\/it\/prodotto\/pallet-cargo\/\"]}]},{\"@type\":\"ImageObject\",\"inLanguage\":\"it-IT\",\"@id\":\"https:\/\/plastimark.com\/it\/prodotto\/pallet-cargo\/#primaryimage\",\"url\":\"https:\/\/plastimark.com\/wp-content\/uploads\/2025\/12\/Pallet-Cargo-side.webp\",\"contentUrl\":\"https:\/\/plastimark.com\/wp-content\/uploads\/2025\/12\/Pallet-Cargo-side.webp\"},{\"@type\":\"BreadcrumbList\",\"@id\":\"https:\/\/plastimark.com\/it\/prodotto\/pallet-cargo\/#breadcrumb\",\"itemListElement\":[{\"@type\":\"ListItem\",\"position\":1,\"name\":\"Home\",\"item\":\"https:\/\/plastimark.com\/it\/\"},{\"@type\":\"ListItem\",\"position\":2,\"name\":\"Pallet Cargo\"}]},{\"@type\":\"WebSite\",\"@id\":\"https:\/\/plastimark.com\/it\/#website\",\"url\":\"https:\/\/plastimark.com\/it\/\",\"name\":\"Plastimark\",\"description\":\"Carrelli e cestini per la spesa in plastica\",\"publisher\":{\"@id\":\"https:\/\/plastimark.com\/it\/#organization\"},\"potentialAction\":[{\"@type\":\"SearchAction\",\"target\":{\"@type\":\"EntryPoint\",\"urlTemplate\":\"https:\/\/plastimark.com\/it\/?s={search_term_string}\"},\"query-input\":{\"@type\":\"PropertyValueSpecification\",\"valueRequired\":true,\"valueName\":\"search_term_string\"}}],\"inLanguage\":\"it-IT\"},{\"@type\":\"Organization\",\"@id\":\"https:\/\/plastimark.com\/it\/#organization\",\"name\":\"Plastimark\",\"url\":\"https:\/\/plastimark.com\/it\/\",\"logo\":{\"@type\":\"ImageObject\",\"inLanguage\":\"it-IT\",\"@id\":\"https:\/\/plastimark.com\/it\/#\/schema\/logo\/image\/\",\"url\":\"https:\/\/plastimark.com\/wp-content\/uploads\/2025\/11\/logo-plastimark.svg\",\"contentUrl\":\"https:\/\/plastimark.com\/wp-content\/uploads\/2025\/11\/logo-plastimark.svg\",\"width\":313,\"height\":81,\"caption\":\"Plastimark\"},\"image\":{\"@id\":\"https:\/\/plastimark.com\/it\/#\/schema\/logo\/image\/\"},\"sameAs\":[\"https:\/\/www.facebook.com\/Plastimark\",\"https:\/\/www.linkedin.com\/company\/plastimark-spa\/\",\"https:\/\/www.instagram.com\/plastimark\/\",\"https:\/\/www.youtube.com\/@plastimark\"]}]}<\/script>\n<!-- \/ Yoast SEO plugin. -->","yoast_head_json":{"title":"Plastimark | Pallet in plastica 80x120: modello Cargo","description":"Scopri i nostri pallet in plastica 80x120 Cargo: robusti, con traverse antiribaltamento, portata fino a 4.500 kg, personalizzabili.","robots":{"index":"index","follow":"follow","max-snippet":"max-snippet:-1","max-image-preview":"max-image-preview:large","max-video-preview":"max-video-preview:-1"},"canonical":"https:\/\/plastimark.com\/it\/prodotto\/pallet-cargo\/","og_locale":"it_IT","og_type":"article","og_title":"Plastimark | Pallet in plastica 80x120: modello Cargo","og_description":"Scopri i nostri pallet in plastica 80x120 Cargo: robusti, con traverse antiribaltamento, portata fino a 4.500 kg, personalizzabili.","og_url":"https:\/\/plastimark.com\/it\/prodotto\/pallet-cargo\/","og_site_name":"Plastimark","article_publisher":"https:\/\/www.facebook.com\/Plastimark","article_modified_time":"2026-03-06T10:50:26+00:00","og_image":[{"url":"https:\/\/plastimark.com\/wp-content\/uploads\/2025\/12\/Pallet-Cargo-side.webp","type":"","width":"","height":""}],"twitter_card":"summary_large_image","twitter_misc":{"Tempo di lettura stimato":"3 minuti"},"schema":{"@context":"https:\/\/schema.org","@graph":[{"@type":"WebPage","@id":"https:\/\/plastimark.com\/it\/prodotto\/pallet-cargo\/","url":"https:\/\/plastimark.com\/it\/prodotto\/pallet-cargo\/","name":"Plastimark | Pallet in plastica 80x120: modello Cargo","isPartOf":{"@id":"https:\/\/plastimark.com\/it\/#website"},"primaryImageOfPage":{"@id":"https:\/\/plastimark.com\/it\/prodotto\/pallet-cargo\/#primaryimage"},"image":{"@id":"https:\/\/plastimark.com\/it\/prodotto\/pallet-cargo\/#primaryimage"},"thumbnailUrl":"https:\/\/plastimark.com\/wp-content\/uploads\/2025\/12\/Pallet-Cargo-side.webp","datePublished":"2025-12-04T08:26:40+00:00","dateModified":"2026-03-06T10:50:26+00:00","description":"Scopri i nostri pallet in plastica 80x120 Cargo: robusti, con traverse antiribaltamento, portata fino a 4.500 kg, personalizzabili.","breadcrumb":{"@id":"https:\/\/plastimark.com\/it\/prodotto\/pallet-cargo\/#breadcrumb"},"inLanguage":"it-IT","potentialAction":[{"@type":"ReadAction","target":["https:\/\/plastimark.com\/it\/prodotto\/pallet-cargo\/"]}]},{"@type":"ImageObject","inLanguage":"it-IT","@id":"https:\/\/plastimark.com\/it\/prodotto\/pallet-cargo\/#primaryimage","url":"https:\/\/plastimark.com\/wp-content\/uploads\/2025\/12\/Pallet-Cargo-side.webp","contentUrl":"https:\/\/plastimark.com\/wp-content\/uploads\/2025\/12\/Pallet-Cargo-side.webp"},{"@type":"BreadcrumbList","@id":"https:\/\/plastimark.com\/it\/prodotto\/pallet-cargo\/#breadcrumb","itemListElement":[{"@type":"ListItem","position":1,"name":"Home","item":"https:\/\/plastimark.com\/it\/"},{"@type":"ListItem","position":2,"name":"Pallet Cargo"}]},{"@type":"WebSite","@id":"https:\/\/plastimark.com\/it\/#website","url":"https:\/\/plastimark.com\/it\/","name":"Plastimark","description":"Carrelli e cestini per la spesa in plastica","publisher":{"@id":"https:\/\/plastimark.com\/it\/#organization"},"potentialAction":[{"@type":"SearchAction","target":{"@type":"EntryPoint","urlTemplate":"https:\/\/plastimark.com\/it\/?s={search_term_string}"},"query-input":{"@type":"PropertyValueSpecification","valueRequired":true,"valueName":"search_term_string"}}],"inLanguage":"it-IT"},{"@type":"Organization","@id":"https:\/\/plastimark.com\/it\/#organization","name":"Plastimark","url":"https:\/\/plastimark.com\/it\/","logo":{"@type":"ImageObject","inLanguage":"it-IT","@id":"https:\/\/plastimark.com\/it\/#\/schema\/logo\/image\/","url":"https:\/\/plastimark.com\/wp-content\/uploads\/2025\/11\/logo-plastimark.svg","contentUrl":"https:\/\/plastimark.com\/wp-content\/uploads\/2025\/11\/logo-plastimark.svg","width":313,"height":81,"caption":"Plastimark"},"image":{"@id":"https:\/\/plastimark.com\/it\/#\/schema\/logo\/image\/"},"sameAs":["https:\/\/www.facebook.com\/Plastimark","https:\/\/www.linkedin.com\/company\/plastimark-spa\/","https:\/\/www.instagram.com\/plastimark\/","https:\/\/www.youtube.com\/@plastimark"]}]}},"_links":{"self":[{"href":"https:\/\/plastimark.com\/it\/wp-json\/wp\/v2\/product\/258436","targetHints":{"allow":["GET"]}}],"collection":[{"href":"https:\/\/plastimark.com\/it\/wp-json\/wp\/v2\/product"}],"about":[{"href":"https:\/\/plastimark.com\/it\/wp-json\/wp\/v2\/types\/product"}],"wp:attachment":[{"href":"https:\/\/plastimark.com\/it\/wp-json\/wp\/v2\/media?parent=258436"}],"curies":[{"name":"wp","href":"https:\/\/api.w.org\/{rel}","templated":true}]}}