{"id":258098,"date":"2025-12-04T09:23:20","date_gmt":"2025-12-04T08:23:20","guid":{"rendered":"https:\/\/plastimark-new.inode.it\/product\/onda\/"},"modified":"2026-03-16T14:54:56","modified_gmt":"2026-03-16T13:54:56","slug":"onda","status":"publish","type":"product","link":"https:\/\/plastimark.com\/it\/prodotto\/onda\/","title":{"rendered":"Onda"},"content":{"rendered":"\n<div class=\"gb-element-3c632dde\">\n<div class=\"gb-element-a02e6a89\">\n<h2 class=\"gb-text gb-text-faa3379e\"><strong>Onda <\/strong> 28 L<\/h2>\n\n\n\n<div class=\"splide gallery-set-pleasy\" id=\"main-carousel\" aria-label=\"Galleria Immagini\">\n<div class=\"splide__track\">\n<div class=\"splide__list\">\n<div class=\"splide__slide\">\n<img loading=\"lazy\" decoding=\"async\" width=\"1500\" height=\"1500\" class=\"gb-media-c5bfa31d\" alt=\"Onda vista laterale presa a mano\" src=\"https:\/\/plastimark.com\/wp-content\/uploads\/2025\/12\/Onda-side-in-motion.webp\" title=\"Onda side in motion\" srcset=\"https:\/\/plastimark.com\/wp-content\/uploads\/2025\/12\/Onda-side-in-motion.webp 1500w, https:\/\/plastimark.com\/wp-content\/uploads\/2025\/12\/Onda-side-in-motion-300x300.webp 300w, https:\/\/plastimark.com\/wp-content\/uploads\/2025\/12\/Onda-side-in-motion-1024x1024.webp 1024w, https:\/\/plastimark.com\/wp-content\/uploads\/2025\/12\/Onda-side-in-motion-150x150.webp 150w, https:\/\/plastimark.com\/wp-content\/uploads\/2025\/12\/Onda-side-in-motion-768x768.webp 768w\" sizes=\"auto, (max-width: 1500px) 100vw, 1500px\" \/>\n<\/div>\n\n\n\n<div class=\"splide__slide\">\n<img loading=\"lazy\" decoding=\"async\" width=\"1500\" height=\"1500\" class=\"gb-media-83e6db29\" alt=\"Onda vista laterale presa a braccio\" src=\"https:\/\/plastimark.com\/wp-content\/uploads\/2025\/12\/Onda-side.webp\" title=\"Onda side\" srcset=\"https:\/\/plastimark.com\/wp-content\/uploads\/2025\/12\/Onda-side.webp 1500w, https:\/\/plastimark.com\/wp-content\/uploads\/2025\/12\/Onda-side-300x300.webp 300w, https:\/\/plastimark.com\/wp-content\/uploads\/2025\/12\/Onda-side-1024x1024.webp 1024w, https:\/\/plastimark.com\/wp-content\/uploads\/2025\/12\/Onda-side-150x150.webp 150w, https:\/\/plastimark.com\/wp-content\/uploads\/2025\/12\/Onda-side-768x768.webp 768w\" sizes=\"auto, (max-width: 1500px) 100vw, 1500px\" \/>\n<\/div>\n\n\n\n<div class=\"splide__slide\">\n<img loading=\"lazy\" decoding=\"async\" width=\"1500\" height=\"1500\" class=\"gb-media-a97a6ef2\" alt=\"Onda con spesa\" src=\"https:\/\/plastimark.com\/wp-content\/uploads\/2025\/12\/Onda-side-2.webp\" title=\"Onda side 2\" srcset=\"https:\/\/plastimark.com\/wp-content\/uploads\/2025\/12\/Onda-side-2.webp 1500w, https:\/\/plastimark.com\/wp-content\/uploads\/2025\/12\/Onda-side-2-300x300.webp 300w, https:\/\/plastimark.com\/wp-content\/uploads\/2025\/12\/Onda-side-2-1024x1024.webp 1024w, https:\/\/plastimark.com\/wp-content\/uploads\/2025\/12\/Onda-side-2-150x150.webp 150w, https:\/\/plastimark.com\/wp-content\/uploads\/2025\/12\/Onda-side-2-768x768.webp 768w\" sizes=\"auto, (max-width: 1500px) 100vw, 1500px\" \/>\n<\/div>\n\n\n\n<div class=\"gb-element-7723a98e splide__slide\">\n<img loading=\"lazy\" decoding=\"async\" width=\"1500\" height=\"1500\" class=\"gb-media-b89c7112\" alt=\"Onda dettaglio manico presa a mano\" src=\"https:\/\/plastimark.com\/wp-content\/uploads\/2025\/12\/Onda-handle-detail.webp\" title=\"Onda handle detail\" srcset=\"https:\/\/plastimark.com\/wp-content\/uploads\/2025\/12\/Onda-handle-detail.webp 1500w, https:\/\/plastimark.com\/wp-content\/uploads\/2025\/12\/Onda-handle-detail-300x300.webp 300w, https:\/\/plastimark.com\/wp-content\/uploads\/2025\/12\/Onda-handle-detail-1024x1024.webp 1024w, https:\/\/plastimark.com\/wp-content\/uploads\/2025\/12\/Onda-handle-detail-150x150.webp 150w, https:\/\/plastimark.com\/wp-content\/uploads\/2025\/12\/Onda-handle-detail-768x768.webp 768w\" sizes=\"auto, (max-width: 1500px) 100vw, 1500px\" \/>\n<\/div>\n\n\n\n<div class=\"gb-element-2bb56a6d splide__slide\">\n<img loading=\"lazy\" decoding=\"async\" width=\"1500\" height=\"1500\" class=\"gb-media-08349521\" alt=\"Onda dettaglio manico presa a braccio\" src=\"https:\/\/plastimark.com\/wp-content\/uploads\/2025\/12\/Onda-handling.webp\" title=\"Onda handling\" srcset=\"https:\/\/plastimark.com\/wp-content\/uploads\/2025\/12\/Onda-handling.webp 1500w, https:\/\/plastimark.com\/wp-content\/uploads\/2025\/12\/Onda-handling-300x300.webp 300w, https:\/\/plastimark.com\/wp-content\/uploads\/2025\/12\/Onda-handling-1024x1024.webp 1024w, https:\/\/plastimark.com\/wp-content\/uploads\/2025\/12\/Onda-handling-150x150.webp 150w, https:\/\/plastimark.com\/wp-content\/uploads\/2025\/12\/Onda-handling-768x768.webp 768w\" sizes=\"auto, (max-width: 1500px) 100vw, 1500px\" \/>\n<\/div>\n\n\n\n<div class=\"gb-element-838e1491 splide__slide\">\n<img loading=\"lazy\" decoding=\"async\" width=\"1500\" height=\"1500\" class=\"gb-media-f22525d9\" alt=\"Onda dettaglio presa a mano con spesa\" src=\"https:\/\/plastimark.com\/wp-content\/uploads\/2025\/12\/Onda-handling-2.webp\" title=\"Onda handling 2\" srcset=\"https:\/\/plastimark.com\/wp-content\/uploads\/2025\/12\/Onda-handling-2.webp 1500w, https:\/\/plastimark.com\/wp-content\/uploads\/2025\/12\/Onda-handling-2-300x300.webp 300w, https:\/\/plastimark.com\/wp-content\/uploads\/2025\/12\/Onda-handling-2-1024x1024.webp 1024w, https:\/\/plastimark.com\/wp-content\/uploads\/2025\/12\/Onda-handling-2-150x150.webp 150w, https:\/\/plastimark.com\/wp-content\/uploads\/2025\/12\/Onda-handling-2-768x768.webp 768w\" sizes=\"auto, (max-width: 1500px) 100vw, 1500px\" \/>\n<\/div>\n\n\n\n<div class=\"gb-element-44a94eb8 splide__slide\">\n<img loading=\"lazy\" decoding=\"async\" width=\"1500\" height=\"1500\" class=\"gb-media-4e4aabb1\" alt=\"Onda vista dall&apos;alto\" src=\"https:\/\/plastimark.com\/wp-content\/uploads\/2025\/12\/Onda-birds-eye-view.webp\" title=\"Onda bird&apos;s-eye view\" srcset=\"https:\/\/plastimark.com\/wp-content\/uploads\/2025\/12\/Onda-birds-eye-view.webp 1500w, https:\/\/plastimark.com\/wp-content\/uploads\/2025\/12\/Onda-birds-eye-view-300x300.webp 300w, https:\/\/plastimark.com\/wp-content\/uploads\/2025\/12\/Onda-birds-eye-view-1024x1024.webp 1024w, https:\/\/plastimark.com\/wp-content\/uploads\/2025\/12\/Onda-birds-eye-view-150x150.webp 150w, https:\/\/plastimark.com\/wp-content\/uploads\/2025\/12\/Onda-birds-eye-view-768x768.webp 768w\" sizes=\"auto, (max-width: 1500px) 100vw, 1500px\" \/>\n<\/div>\n\n\n\n<div class=\"gb-element-25d6140a splide__slide\">\n<img loading=\"lazy\" decoding=\"async\" width=\"1500\" height=\"1500\" class=\"gb-media-d504e8dd\" alt=\"Onda impilato\" src=\"https:\/\/plastimark.com\/wp-content\/uploads\/2025\/12\/Onda-nested.webp\" title=\"Onda nested\" srcset=\"https:\/\/plastimark.com\/wp-content\/uploads\/2025\/12\/Onda-nested.webp 1500w, https:\/\/plastimark.com\/wp-content\/uploads\/2025\/12\/Onda-nested-300x300.webp 300w, https:\/\/plastimark.com\/wp-content\/uploads\/2025\/12\/Onda-nested-1024x1024.webp 1024w, https:\/\/plastimark.com\/wp-content\/uploads\/2025\/12\/Onda-nested-150x150.webp 150w, https:\/\/plastimark.com\/wp-content\/uploads\/2025\/12\/Onda-nested-768x768.webp 768w\" sizes=\"auto, (max-width: 1500px) 100vw, 1500px\" \/>\n<\/div>\n<\/div>\n<\/div>\n<\/div>\n\n\n\n<div class=\"gb-element-18c90475 splide\" id=\"thumbnail-carousel\" aria-label=\"Navigazione miniature\">\n<div class=\"splide__track\">\n<div class=\"splide__list\"><\/div>\n<\/div>\n<\/div>\n\n\n\n<p class=\"gb-text\">Perfetto per la spesa quotidiana, Onda \u00e8 il cestino a mano ideale per garantire comfort e praticit\u00e0. Con una capacit\u00e0 di 28 litri, unisce dimensioni contenute a una capienza ottimale per l\u2019uso quotidiano.<\/p>\n\n\n\n<p><br>Il suo design lo rende facile da trasportare a mano e a braccio, mentre la struttura robusta assicura durata e resistenza anche in contesti ad alta frequenza d\u2019uso, come supermercati, negozi di prossimit\u00e0 o mercati.<\/p>\n\n\n\n<div class=\"gb-element-a2bbc957\">\n<div class=\"gb-element-c7572b58\">\n<img loading=\"lazy\" decoding=\"async\" width=\"166\" height=\"150\" class=\"gb-media-b72f7cb1 no-lightbox\" alt=\"\" src=\"https:\/\/plastimark.com\/wp-content\/uploads\/2026\/01\/FUNCTIONAL-icon.svg\" title=\"icona-di-design\"\/>\n\n\n\n<p class=\"gb-text gb-text-fc5ac263\">FUNZIONALE<\/p>\n<\/div>\n\n\n\n<div class=\"gb-element-c03d67e1\">\n<img loading=\"lazy\" decoding=\"async\" width=\"166\" height=\"150\" class=\"gb-media-1e5e5718 no-lightbox\" alt=\"\" src=\"https:\/\/plastimark.com\/wp-content\/uploads\/2026\/01\/LIGHT-icon.svg\" title=\"icona-facile-da-manovrare\"\/>\n\n\n\n<p class=\"gb-text gb-text-1e09ad74\">LEGGERO<\/p>\n<\/div>\n\n\n\n<div class=\"gb-element-3d93d521\">\n<img loading=\"lazy\" decoding=\"async\" width=\"166\" height=\"150\" class=\"gb-media-d48e31e1 no-lightbox\" alt=\"\" src=\"https:\/\/plastimark.com\/wp-content\/uploads\/2026\/01\/SUSTAINABLE-icon.svg\" title=\"icona-senza-viti\"\/>\n\n\n\n<p class=\"gb-text gb-text-601688c2\">SOSTENIBILE<\/p>\n<\/div>\n<\/div>\n\n\n\n<div class=\"gb-element-f5c008c3\">\n<div class=\"gb-element-d598635d\">\n<a href=\"https:\/\/plastimark.com\/wp-content\/uploads\/PCF_Onda-IT.pdf\" target=\"_blank\" rel=\"noopener\"><img loading=\"lazy\" decoding=\"async\" width=\"245\" height=\"179\" class=\"gb-media-fbf831a6 no-lightbox\" alt=\"\" src=\"https:\/\/plastimark.com\/wp-content\/uploads\/2026\/02\/CO2-Footprint.svg\" title=\"icona-co2\"\/><\/a>\n<\/div>\n\n\n\n<div class=\"gb-element-8b66aee6\">\n<a href=\"https:\/\/plastimark.com\/it\/rfid\/\" target=\"_blank\" rel=\"noopener\"><img loading=\"lazy\" decoding=\"async\" width=\"245\" height=\"179\" class=\"gb-media-306b410f no-lightbox\" alt=\"\" src=\"https:\/\/plastimark.com\/wp-content\/uploads\/2026\/02\/RFID-Technology.svg\" title=\"icona-rfid\"\/><\/a>\n<\/div>\n\n\n\n<div class=\"gb-element-5fdac657\">\n<a href=\"https:\/\/plastimark.com\/it\/tuv-rheinland\/\" target=\"_blank\" rel=\"noopener\"><img decoding=\"async\" class=\"gb-media-6615c18f no-lightbox\" alt=\"\" title=\"TUV-111299205-Tyko Onda Minityko\" src=\"https:\/\/plastimark.com\/wp-content\/uploads\/2025\/12\/TUV-111299205-Tyko-Onda-Minityko.webp\"\/><\/a>\n<\/div>\n<\/div>\n<\/div>\n\n\n\n<div class=\"gb-element-7433462b\">\n<div class=\"gb-element-048980b0\">\n<\/div>\n\n\n\n<div class=\"wp-block-esab-accordion esab-ekj3qxye nested-accordion\" data-mode=\"individual\" data-close=\"true\"><div class=\"esab__container\">\n<div class=\"wp-block-esab-accordion-child esab__active_accordion\"><div class=\"esab__head\" role=\"button\" aria-expanded=\"true\"><div class=\"esab__heading_txt\"><h5 class=\"esab__heading_tag\">DATI TECNICI<\/h5><\/div><div class=\"esab__icon esab__active_icon\"><div class=\"esab__collapse\"> <svg xmlns=\"http:\/\/www.w3.org\/2000\/svg\" width=\"24\" height=\"24\" fill=\"currentColor\" viewBox=\"0 0 16 16\"><path fill-rule=\"evenodd\" d=\"M4.646 1.646a.5.5 0 0 1 .708 0l6 6a.5.5 0 0 1 0 .708l-6 6a.5.5 0 0 1-.708-.708L10.293 8 4.646 2.354a.5.5 0 0 1 0-.708\"><\/path><\/svg> <\/div><div class=\"esab__expand\"> <svg xmlns=\"http:\/\/www.w3.org\/2000\/svg\" width=\"24\" height=\"24\" fill=\"currentColor\" viewBox=\"0 0 16 16\"><path fill-rule=\"evenodd\" d=\"M1.646 4.646a.5.5 0 0 1 .708 0L8 10.293l5.646-5.647a.5.5 0 0 1 .708.708l-6 6a.5.5 0 0 1-.708 0l-6-6a.5.5 0 0 1 0-.708\"><\/path><\/svg> <\/div><\/div><\/div><div class=\"esab__body esab__active\">\n<div class=\"gb-element-bde2d163\">\n<p class=\"gb-text gb-text-763a608b\">Capacit\u00e0<\/p>\n\n\n\n<p class=\"gb-text gb-text-c6482640\">28 L<\/p>\n<\/div>\n\n\n\n<div class=\"gb-element-32b9c385\">\n<p class=\"gb-text gb-text-e94c202f\">Larghezza<\/p>\n\n\n\n<p class=\"gb-text gb-text-4f8cfa2d\">482 mm<\/p>\n<\/div>\n\n\n\n<div class=\"gb-element-071d9e71\">\n<p class=\"gb-text gb-text-17121fea\">Altezza<\/p>\n\n\n\n<p class=\"gb-text gb-text-950601ef\">270 mm<\/p>\n<\/div>\n\n\n\n<div class=\"gb-element-8b96554a\">\n<p class=\"gb-text gb-text-332d4032\">Profondit\u00e0<\/p>\n\n\n\n<p class=\"gb-text gb-text-5a867bf5\">332 mm<\/p>\n<\/div>\n\n\n\n<div class=\"gb-element-ac6c666c\">\n<p class=\"gb-text gb-text-624077b3\">Impilabilit\u00e0<\/p>\n\n\n\n<p class=\"gb-text gb-text-4e806a9b\">34 mm<\/p>\n<\/div>\n\n\n\n<div class=\"gb-element-9187c8e4\">\n<p class=\"gb-text gb-text-5877cd6a\">Peso<\/p>\n\n\n\n<p class=\"gb-text gb-text-41461ed5\">860 gr<\/p>\n<\/div>\n<\/div><\/div>\n\n\n\n<div class=\"wp-block-esab-accordion-child\"><div class=\"esab__head\" role=\"button\" aria-expanded=\"false\"><div class=\"esab__heading_txt\"><h5 class=\"esab__heading_tag\">COLORI STANDARD<\/h5><\/div><div class=\"esab__icon\"><div class=\"esab__collapse\"> <svg xmlns=\"http:\/\/www.w3.org\/2000\/svg\" width=\"24\" height=\"24\" fill=\"currentColor\" viewBox=\"0 0 16 16\"><path fill-rule=\"evenodd\" d=\"M4.646 1.646a.5.5 0 0 1 .708 0l6 6a.5.5 0 0 1 0 .708l-6 6a.5.5 0 0 1-.708-.708L10.293 8 4.646 2.354a.5.5 0 0 1 0-.708\"><\/path><\/svg> <\/div><div class=\"esab__expand\"> <svg xmlns=\"http:\/\/www.w3.org\/2000\/svg\" width=\"24\" height=\"24\" fill=\"currentColor\" viewBox=\"0 0 16 16\"><path fill-rule=\"evenodd\" d=\"M1.646 4.646a.5.5 0 0 1 .708 0L8 10.293l5.646-5.647a.5.5 0 0 1 .708.708l-6 6a.5.5 0 0 1-.708 0l-6-6a.5.5 0 0 1 0-.708\"><\/path><\/svg> <\/div><\/div><\/div><div class=\"esab__body\">\n<div class=\"gb-element-0bdf266d\">\n<div>\n<p class=\"gb-text gb-text-7b021073\">Cesto<\/p>\n<\/div>\n\n\n\n<div class=\"gb-element-3630184f\">\n<div class=\"gb-element-443c30aa\">\n<div class=\"gb-element-af3e5fa5\"><\/div>\n\n\n\n<p class=\"gb-text gb-text-20a44252\">RAL 9005<\/p>\n<\/div>\n<\/div>\n\n\n\n<div>\n<div>\n<p class=\"gb-text gb-text-88de339b\">Manico<\/p>\n<\/div>\n\n\n\n<div class=\"gb-element-90ee72c5\">\n<div class=\"gb-element-829323be\">\n<div class=\"gb-element-27f8f28a\"><\/div>\n\n\n\n<p class=\"gb-text gb-text-9d9fff38\">RAL 2008<\/p>\n<\/div>\n\n\n\n<div class=\"gb-element-33377bcc\">\n<div class=\"gb-element-7dddd618\"><\/div>\n\n\n\n<p class=\"gb-text gb-text-81f13b74\">RAL 3020<\/p>\n<\/div>\n\n\n\n<div class=\"gb-element-770d1f30\">\n<div class=\"gb-element-ce9543de\"><\/div>\n\n\n\n<p class=\"gb-text gb-text-49388635\">RAL 5015<\/p>\n<\/div>\n\n\n\n<div class=\"gb-element-2c77d78f\">\n<div class=\"gb-element-ab296718\"><\/div>\n\n\n\n<p class=\"gb-text gb-text-ee1c574e\">P 368C<\/p>\n<\/div>\n<\/div>\n\n\n\n<p class=\"gb-text gb-text-8dc9a0ec\">Personalizzabile in qualsiasi colore su richiesta del cliente, con quantitativo minimo d\u2019ordine.<\/p>\n<\/div>\n<\/div>\n<\/div><\/div>\n\n\n\n<div class=\"wp-block-esab-accordion-child\"><div class=\"esab__head\" role=\"button\" aria-expanded=\"false\"><div class=\"esab__heading_txt\"><h5 class=\"esab__heading_tag\">CARICO<\/h5><\/div><div class=\"esab__icon\"><div class=\"esab__collapse\"> <svg xmlns=\"http:\/\/www.w3.org\/2000\/svg\" width=\"24\" height=\"24\" fill=\"currentColor\" viewBox=\"0 0 16 16\"><path fill-rule=\"evenodd\" d=\"M4.646 1.646a.5.5 0 0 1 .708 0l6 6a.5.5 0 0 1 0 .708l-6 6a.5.5 0 0 1-.708-.708L10.293 8 4.646 2.354a.5.5 0 0 1 0-.708\"><\/path><\/svg> <\/div><div class=\"esab__expand\"> <svg xmlns=\"http:\/\/www.w3.org\/2000\/svg\" width=\"24\" height=\"24\" fill=\"currentColor\" viewBox=\"0 0 16 16\"><path fill-rule=\"evenodd\" d=\"M1.646 4.646a.5.5 0 0 1 .708 0L8 10.293l5.646-5.647a.5.5 0 0 1 .708.708l-6 6a.5.5 0 0 1-.708 0l-6-6a.5.5 0 0 1 0-.708\"><\/path><\/svg> <\/div><\/div><\/div><div class=\"esab__body\">\n<div class=\"gb-element-094e6ba8\">\n<p class=\"gb-text gb-text-c568f2a7\">Pallet (103x120xh. 230 cm)<\/p>\n\n\n\n<p class=\"gb-text gb-text-9467a918\">n. 399 pz<\/p>\n<\/div>\n\n\n\n<div class=\"gb-element-c78f7bf7\">\n<p class=\"gb-text gb-text-71947101\">1 Camion<\/p>\n\n\n\n<p class=\"gb-text gb-text-3af20ddd\">n. 10.374 pz<\/p>\n<\/div>\n\n\n\n<div class=\"gb-element-98b47759\">\n<p class=\"gb-text gb-text-7ddd9ddc\">1 x 20\u2019 Container<\/p>\n\n\n\n<p class=\"gb-text gb-text-1cabbd69\">n. 4.104 pz<\/p>\n<\/div>\n\n\n\n<div class=\"gb-element-effcbe3b\">\n<p class=\"gb-text gb-text-739398c0\">1 x 40\u2019 Container<\/p>\n\n\n\n<p class=\"gb-text gb-text-9a4d720a\">n. 8.208 pz<\/p>\n<\/div>\n<\/div><\/div>\n<\/div><\/div>\n<\/div>\n<\/div>\n","protected":false},"featured_media":0,"template":"","meta":{"_acf_changed":false},"class_list":["post-258098","product","type-product","status-publish","hentry"],"acf":[],"yoast_head":"<!-- This site is optimized with the Yoast SEO plugin v27.2 - https:\/\/yoast.com\/product\/yoast-seo-wordpress\/ -->\n<title>Plastimark | Modello Onda: cestini spesa in plastica<\/title>\n<meta name=\"description\" content=\"Scopri i nostri cestini spesa in plastica Onda: robusti, comodi, a mano e a braccio, in plastica riciclabile, personalizzabili.\" \/>\n<meta name=\"robots\" content=\"index, follow, max-snippet:-1, max-image-preview:large, max-video-preview:-1\" \/>\n<link rel=\"canonical\" href=\"https:\/\/plastimark.com\/it\/prodotto\/onda\/\" \/>\n<meta property=\"og:locale\" content=\"it_IT\" \/>\n<meta property=\"og:type\" content=\"article\" \/>\n<meta property=\"og:title\" content=\"Plastimark | Modello Onda: cestini spesa in plastica\" \/>\n<meta property=\"og:description\" content=\"Scopri i nostri cestini spesa in plastica Onda: robusti, comodi, a mano e a braccio, in plastica riciclabile, personalizzabili.\" \/>\n<meta property=\"og:url\" content=\"https:\/\/plastimark.com\/it\/prodotto\/onda\/\" \/>\n<meta property=\"og:site_name\" content=\"Plastimark\" \/>\n<meta property=\"article:publisher\" content=\"https:\/\/www.facebook.com\/Plastimark\" \/>\n<meta property=\"article:modified_time\" content=\"2026-03-16T13:54:56+00:00\" \/>\n<meta property=\"og:image\" content=\"https:\/\/plastimark.com\/wp-content\/uploads\/2025\/12\/Onda-side-in-motion.webp\" \/>\n<meta name=\"twitter:card\" content=\"summary_large_image\" \/>\n<meta name=\"twitter:label1\" content=\"Tempo di lettura stimato\" \/>\n\t<meta name=\"twitter:data1\" content=\"4 minuti\" \/>\n<script type=\"application\/ld+json\" class=\"yoast-schema-graph\">{\"@context\":\"https:\/\/schema.org\",\"@graph\":[{\"@type\":\"WebPage\",\"@id\":\"https:\/\/plastimark.com\/it\/prodotto\/onda\/\",\"url\":\"https:\/\/plastimark.com\/it\/prodotto\/onda\/\",\"name\":\"Plastimark | Modello Onda: cestini spesa in plastica\",\"isPartOf\":{\"@id\":\"https:\/\/plastimark.com\/it\/#website\"},\"primaryImageOfPage\":{\"@id\":\"https:\/\/plastimark.com\/it\/prodotto\/onda\/#primaryimage\"},\"image\":{\"@id\":\"https:\/\/plastimark.com\/it\/prodotto\/onda\/#primaryimage\"},\"thumbnailUrl\":\"https:\/\/plastimark.com\/wp-content\/uploads\/2025\/12\/Onda-side-in-motion.webp\",\"datePublished\":\"2025-12-04T08:23:20+00:00\",\"dateModified\":\"2026-03-16T13:54:56+00:00\",\"description\":\"Scopri i nostri cestini spesa in plastica Onda: robusti, comodi, a mano e a braccio, in plastica riciclabile, personalizzabili.\",\"breadcrumb\":{\"@id\":\"https:\/\/plastimark.com\/it\/prodotto\/onda\/#breadcrumb\"},\"inLanguage\":\"it-IT\",\"potentialAction\":[{\"@type\":\"ReadAction\",\"target\":[\"https:\/\/plastimark.com\/it\/prodotto\/onda\/\"]}]},{\"@type\":\"ImageObject\",\"inLanguage\":\"it-IT\",\"@id\":\"https:\/\/plastimark.com\/it\/prodotto\/onda\/#primaryimage\",\"url\":\"https:\/\/plastimark.com\/wp-content\/uploads\/2025\/12\/Onda-side-in-motion.webp\",\"contentUrl\":\"https:\/\/plastimark.com\/wp-content\/uploads\/2025\/12\/Onda-side-in-motion.webp\"},{\"@type\":\"BreadcrumbList\",\"@id\":\"https:\/\/plastimark.com\/it\/prodotto\/onda\/#breadcrumb\",\"itemListElement\":[{\"@type\":\"ListItem\",\"position\":1,\"name\":\"Home\",\"item\":\"https:\/\/plastimark.com\/it\/\"},{\"@type\":\"ListItem\",\"position\":2,\"name\":\"Onda\"}]},{\"@type\":\"WebSite\",\"@id\":\"https:\/\/plastimark.com\/it\/#website\",\"url\":\"https:\/\/plastimark.com\/it\/\",\"name\":\"Plastimark\",\"description\":\"Carrelli e cestini per la spesa in plastica\",\"publisher\":{\"@id\":\"https:\/\/plastimark.com\/it\/#organization\"},\"potentialAction\":[{\"@type\":\"SearchAction\",\"target\":{\"@type\":\"EntryPoint\",\"urlTemplate\":\"https:\/\/plastimark.com\/it\/?s={search_term_string}\"},\"query-input\":{\"@type\":\"PropertyValueSpecification\",\"valueRequired\":true,\"valueName\":\"search_term_string\"}}],\"inLanguage\":\"it-IT\"},{\"@type\":\"Organization\",\"@id\":\"https:\/\/plastimark.com\/it\/#organization\",\"name\":\"Plastimark\",\"url\":\"https:\/\/plastimark.com\/it\/\",\"logo\":{\"@type\":\"ImageObject\",\"inLanguage\":\"it-IT\",\"@id\":\"https:\/\/plastimark.com\/it\/#\/schema\/logo\/image\/\",\"url\":\"https:\/\/plastimark.com\/wp-content\/uploads\/2025\/11\/logo-plastimark.svg\",\"contentUrl\":\"https:\/\/plastimark.com\/wp-content\/uploads\/2025\/11\/logo-plastimark.svg\",\"width\":313,\"height\":81,\"caption\":\"Plastimark\"},\"image\":{\"@id\":\"https:\/\/plastimark.com\/it\/#\/schema\/logo\/image\/\"},\"sameAs\":[\"https:\/\/www.facebook.com\/Plastimark\",\"https:\/\/www.linkedin.com\/company\/plastimark-spa\/\",\"https:\/\/www.instagram.com\/plastimark\/\",\"https:\/\/www.youtube.com\/@plastimark\"]}]}<\/script>\n<!-- \/ Yoast SEO plugin. -->","yoast_head_json":{"title":"Plastimark | Modello Onda: cestini spesa in plastica","description":"Scopri i nostri cestini spesa in plastica Onda: robusti, comodi, a mano e a braccio, in plastica riciclabile, personalizzabili.","robots":{"index":"index","follow":"follow","max-snippet":"max-snippet:-1","max-image-preview":"max-image-preview:large","max-video-preview":"max-video-preview:-1"},"canonical":"https:\/\/plastimark.com\/it\/prodotto\/onda\/","og_locale":"it_IT","og_type":"article","og_title":"Plastimark | Modello Onda: cestini spesa in plastica","og_description":"Scopri i nostri cestini spesa in plastica Onda: robusti, comodi, a mano e a braccio, in plastica riciclabile, personalizzabili.","og_url":"https:\/\/plastimark.com\/it\/prodotto\/onda\/","og_site_name":"Plastimark","article_publisher":"https:\/\/www.facebook.com\/Plastimark","article_modified_time":"2026-03-16T13:54:56+00:00","og_image":[{"url":"https:\/\/plastimark.com\/wp-content\/uploads\/2025\/12\/Onda-side-in-motion.webp","type":"","width":"","height":""}],"twitter_card":"summary_large_image","twitter_misc":{"Tempo di lettura stimato":"4 minuti"},"schema":{"@context":"https:\/\/schema.org","@graph":[{"@type":"WebPage","@id":"https:\/\/plastimark.com\/it\/prodotto\/onda\/","url":"https:\/\/plastimark.com\/it\/prodotto\/onda\/","name":"Plastimark | Modello Onda: cestini spesa in plastica","isPartOf":{"@id":"https:\/\/plastimark.com\/it\/#website"},"primaryImageOfPage":{"@id":"https:\/\/plastimark.com\/it\/prodotto\/onda\/#primaryimage"},"image":{"@id":"https:\/\/plastimark.com\/it\/prodotto\/onda\/#primaryimage"},"thumbnailUrl":"https:\/\/plastimark.com\/wp-content\/uploads\/2025\/12\/Onda-side-in-motion.webp","datePublished":"2025-12-04T08:23:20+00:00","dateModified":"2026-03-16T13:54:56+00:00","description":"Scopri i nostri cestini spesa in plastica Onda: robusti, comodi, a mano e a braccio, in plastica riciclabile, personalizzabili.","breadcrumb":{"@id":"https:\/\/plastimark.com\/it\/prodotto\/onda\/#breadcrumb"},"inLanguage":"it-IT","potentialAction":[{"@type":"ReadAction","target":["https:\/\/plastimark.com\/it\/prodotto\/onda\/"]}]},{"@type":"ImageObject","inLanguage":"it-IT","@id":"https:\/\/plastimark.com\/it\/prodotto\/onda\/#primaryimage","url":"https:\/\/plastimark.com\/wp-content\/uploads\/2025\/12\/Onda-side-in-motion.webp","contentUrl":"https:\/\/plastimark.com\/wp-content\/uploads\/2025\/12\/Onda-side-in-motion.webp"},{"@type":"BreadcrumbList","@id":"https:\/\/plastimark.com\/it\/prodotto\/onda\/#breadcrumb","itemListElement":[{"@type":"ListItem","position":1,"name":"Home","item":"https:\/\/plastimark.com\/it\/"},{"@type":"ListItem","position":2,"name":"Onda"}]},{"@type":"WebSite","@id":"https:\/\/plastimark.com\/it\/#website","url":"https:\/\/plastimark.com\/it\/","name":"Plastimark","description":"Carrelli e cestini per la spesa in plastica","publisher":{"@id":"https:\/\/plastimark.com\/it\/#organization"},"potentialAction":[{"@type":"SearchAction","target":{"@type":"EntryPoint","urlTemplate":"https:\/\/plastimark.com\/it\/?s={search_term_string}"},"query-input":{"@type":"PropertyValueSpecification","valueRequired":true,"valueName":"search_term_string"}}],"inLanguage":"it-IT"},{"@type":"Organization","@id":"https:\/\/plastimark.com\/it\/#organization","name":"Plastimark","url":"https:\/\/plastimark.com\/it\/","logo":{"@type":"ImageObject","inLanguage":"it-IT","@id":"https:\/\/plastimark.com\/it\/#\/schema\/logo\/image\/","url":"https:\/\/plastimark.com\/wp-content\/uploads\/2025\/11\/logo-plastimark.svg","contentUrl":"https:\/\/plastimark.com\/wp-content\/uploads\/2025\/11\/logo-plastimark.svg","width":313,"height":81,"caption":"Plastimark"},"image":{"@id":"https:\/\/plastimark.com\/it\/#\/schema\/logo\/image\/"},"sameAs":["https:\/\/www.facebook.com\/Plastimark","https:\/\/www.linkedin.com\/company\/plastimark-spa\/","https:\/\/www.instagram.com\/plastimark\/","https:\/\/www.youtube.com\/@plastimark"]}]}},"_links":{"self":[{"href":"https:\/\/plastimark.com\/it\/wp-json\/wp\/v2\/product\/258098","targetHints":{"allow":["GET"]}}],"collection":[{"href":"https:\/\/plastimark.com\/it\/wp-json\/wp\/v2\/product"}],"about":[{"href":"https:\/\/plastimark.com\/it\/wp-json\/wp\/v2\/types\/product"}],"wp:attachment":[{"href":"https:\/\/plastimark.com\/it\/wp-json\/wp\/v2\/media?parent=258098"}],"curies":[{"name":"wp","href":"https:\/\/api.w.org\/{rel}","templated":true}]}}