{"id":259656,"date":"2025-11-23T19:13:41","date_gmt":"2025-11-23T18:13:41","guid":{"rendered":"https:\/\/plastimark-new.inode.it\/filiale-francese\/"},"modified":"2026-03-06T11:30:26","modified_gmt":"2026-03-06T10:30:26","slug":"filiale-francese","status":"publish","type":"page","link":"https:\/\/plastimark.com\/it\/filiale-francese\/","title":{"rendered":"Filiale francese"},"content":{"rendered":"\n<div class=\"gb-element-e94d6ce3\">\n<h2 class=\"gb-text gb-text-3dbf9977\">Plastimark\u00ae filiale francese<\/h2>\n\n\n\n<div class=\"gb-element-56d8b37a\">\n<p class=\"gb-text gb-text-c2eb7525\">Plastimark France \u00e8 la filiale francese di Plastimark SpA, con sede nei pressi di Parigi. Nata come distributore storico del marchio, con il quale aveva sviluppato nel tempo una solida partnership, \u00e8 stata progressivamente integrata fino alla completa acquisizione. Oggi rappresenta una presenza strategica in uno dei mercati della grande distribuzione pi\u00f9 importanti ed esigenti a livello internazionale. La presenza diretta in Francia consente a Plastimark di essere pi\u00f9 vicina ai propri clienti, comprendere le specificit\u00e0 locali e offrire soluzioni personalizzate, garantendo al contempo gli standard del Gruppo in termini di qualit\u00e0, innovazione e sostenibilit\u00e0.<\/p>\n<\/div>\n<\/div>\n\n\n\n<div class=\"gb-element-ec9840e6\">\n<div class=\"gb-element-678987f3\">\n<h2 class=\"gb-text gb-text-d5fd7c2f\">CEO<\/h2>\n<\/div>\n\n\n\n<div class=\"gb-element-0b8c541a\">\n<div class=\"gb-element-e3ed6f8e overlay\">\n<div class=\"gb-element-3039530c\">\n<div class=\"gb-element-e5afa175\">\n<h4 class=\"gb-text gb-text-c3c7cd68\">Oscar Giordano<\/h4>\n\n\n\n<p class=\"gb-text gb-text-1927f850\">CEO<\/p>\n<\/div>\n\n\n\n<img loading=\"lazy\" decoding=\"async\" width=\"500\" height=\"500\" class=\"gb-media-ebde80b9\" alt=\"\" src=\"https:\/\/plastimark.com\/wp-content\/uploads\/2026\/02\/Oscar-Giordano.webp\" title=\"Oscar-Giordano\" srcset=\"https:\/\/plastimark.com\/wp-content\/uploads\/2026\/02\/Oscar-Giordano.webp 500w, https:\/\/plastimark.com\/wp-content\/uploads\/2026\/02\/Oscar-Giordano-300x300.webp 300w, https:\/\/plastimark.com\/wp-content\/uploads\/2026\/02\/Oscar-Giordano-150x150.webp 150w\" sizes=\"auto, (max-width: 500px) 100vw, 500px\" \/>\n<\/div>\n\n\n\n<div class=\"gb-element-ce0f6a82 overlay-team\">\n<div class=\"gb-element-890c7dc9\">\n<h4 class=\"gb-text gb-text-e48d3e46\">Oscar Giordano<\/h4>\n\n\n\n<p class=\"gb-text\">CEO<\/p>\n\n\n\n<p class=\"gb-text-3a45908e\"><span class=\"gb-shape\"><svg aria-hidden=\"true\" role=\"img\" height=\"1em\" width=\"1em\" viewBox=\"0 0 512 512\" xmlns=\"http:\/\/www.w3.org\/2000\/svg\"><path fill=\"currentColor\" d=\"M464 64H48C21.49 64 0 85.49 0 112v288c0 26.51 21.49 48 48 48h416c26.51 0 48-21.49 48-48V112c0-26.51-21.49-48-48-48zm0 48v40.805c-22.422 18.259-58.168 46.651-134.587 106.49-16.841 13.247-50.201 45.072-73.413 44.701-23.208.375-56.579-31.459-73.413-44.701C106.18 199.465 70.425 171.067 48 152.805V112h416zM48 400V214.398c22.914 18.251 55.409 43.862 104.938 82.646 21.857 17.205 60.134 55.186 103.062 54.955 42.717.231 80.509-37.199 103.053-54.947 49.528-38.783 82.032-64.401 104.947-82.653V400H48z\"><\/path><\/svg><\/span><span class=\"gb-text\"><a href=\"mailto:oscar@plastimark.com\">oscar@plastimark.com<\/a><\/span><\/p>\n<\/div>\n<\/div>\n<\/div>\n<\/div>\n\n\n\n<div class=\"gb-element-28577a6c\">\n<h2 class=\"gb-text gb-text-5e3d4676\">French Team<\/h2>\n<\/div>\n\n\n\n<div class=\"gb-element-f9825fa7\">\n<div class=\"gb-element-dd086fb6 overlay\">\n<div class=\"gb-element-c174abfc\">\n<div class=\"gb-element-5791521c\">\n<h4 class=\"gb-text gb-text-18b8a2bb\">Philippe Guerin<\/h4>\n\n\n\n<p class=\"gb-text gb-text-e801ca27\">DIRECTEUR FILIALE FRANCE<\/p>\n<\/div>\n\n\n\n<img loading=\"lazy\" decoding=\"async\" width=\"500\" height=\"500\" class=\"gb-media-ab8b5ed5\" alt=\"\" src=\"https:\/\/plastimark.com\/wp-content\/uploads\/2026\/02\/Philippe-Guerin.webp\" title=\"Philippe-Guerin\" srcset=\"https:\/\/plastimark.com\/wp-content\/uploads\/2026\/02\/Philippe-Guerin.webp 500w, https:\/\/plastimark.com\/wp-content\/uploads\/2026\/02\/Philippe-Guerin-300x300.webp 300w, https:\/\/plastimark.com\/wp-content\/uploads\/2026\/02\/Philippe-Guerin-150x150.webp 150w\" sizes=\"auto, (max-width: 500px) 100vw, 500px\" \/>\n<\/div>\n\n\n\n<div class=\"gb-element-6fbffdc4 overlay-team\">\n<div class=\"gb-element-5b223adf\">\n<h4 class=\"gb-text gb-text-516b4220\">Philippe Guerin<\/h4>\n\n\n\n<p class=\"gb-text\">DIRECTEUR FILIALE FRANCE<\/p>\n\n\n\n\n\n<p class=\"gb-text-8d989e6c\"><span class=\"gb-shape\"><svg aria-hidden=\"true\" role=\"img\" height=\"1em\" width=\"1em\" viewBox=\"0 0 512 512\" xmlns=\"http:\/\/www.w3.org\/2000\/svg\"><path fill=\"currentColor\" d=\"M464 64H48C21.49 64 0 85.49 0 112v288c0 26.51 21.49 48 48 48h416c26.51 0 48-21.49 48-48V112c0-26.51-21.49-48-48-48zm0 48v40.805c-22.422 18.259-58.168 46.651-134.587 106.49-16.841 13.247-50.201 45.072-73.413 44.701-23.208.375-56.579-31.459-73.413-44.701C106.18 199.465 70.425 171.067 48 152.805V112h416zM48 400V214.398c22.914 18.251 55.409 43.862 104.938 82.646 21.857 17.205 60.134 55.186 103.062 54.955 42.717.231 80.509-37.199 103.053-54.947 49.528-38.783 82.032-64.401 104.947-82.653V400H48z\"><\/path><\/svg><\/span><span class=\"gb-text\"><a href=\"mailto:philippe.guerin@plastimark.fr\">philippe.guerin@plastimark.fr<\/a><\/span><\/p>\n<\/div>\n<\/div>\n<\/div>\n\n\n\n<div class=\"gb-element-88115172 overlay\">\n<div class=\"gb-element-9df88ef6\">\n<div class=\"gb-element-2753259f\">\n<h4 class=\"gb-text gb-text-13c97ec4\">Laurent Brulinski<\/h4>\n\n\n\n<p class=\"gb-text gb-text-996d2955\">DIRECTEUR DES VENTES FRANCE<br><\/p>\n<\/div>\n\n\n\n<img loading=\"lazy\" decoding=\"async\" width=\"500\" height=\"500\" class=\"gb-media-25df9673\" alt=\"\" src=\"https:\/\/plastimark.com\/wp-content\/uploads\/2026\/02\/Laurent-Brulinski.webp\" title=\"Laurent-Brulinski\" srcset=\"https:\/\/plastimark.com\/wp-content\/uploads\/2026\/02\/Laurent-Brulinski.webp 500w, https:\/\/plastimark.com\/wp-content\/uploads\/2026\/02\/Laurent-Brulinski-300x300.webp 300w, https:\/\/plastimark.com\/wp-content\/uploads\/2026\/02\/Laurent-Brulinski-150x150.webp 150w\" sizes=\"auto, (max-width: 500px) 100vw, 500px\" \/>\n<\/div>\n\n\n\n<div class=\"gb-element-07019577 overlay-team\">\n<div class=\"gb-element-8bd1ecf7\">\n<h4 class=\"gb-text gb-text-4a02e636\">Laurent Brulinski<\/h4>\n\n\n\n<p class=\"gb-text\">DIRECTEUR DES VENTES FRANCE<\/p>\n\n\n\n\n\n<p class=\"gb-text-4cdb285d\"><span class=\"gb-shape\"><svg aria-hidden=\"true\" role=\"img\" height=\"1em\" width=\"1em\" viewBox=\"0 0 512 512\" xmlns=\"http:\/\/www.w3.org\/2000\/svg\"><path fill=\"currentColor\" d=\"M464 64H48C21.49 64 0 85.49 0 112v288c0 26.51 21.49 48 48 48h416c26.51 0 48-21.49 48-48V112c0-26.51-21.49-48-48-48zm0 48v40.805c-22.422 18.259-58.168 46.651-134.587 106.49-16.841 13.247-50.201 45.072-73.413 44.701-23.208.375-56.579-31.459-73.413-44.701C106.18 199.465 70.425 171.067 48 152.805V112h416zM48 400V214.398c22.914 18.251 55.409 43.862 104.938 82.646 21.857 17.205 60.134 55.186 103.062 54.955 42.717.231 80.509-37.199 103.053-54.947 49.528-38.783 82.032-64.401 104.947-82.653V400H48z\"><\/path><\/svg><\/span><span class=\"gb-text\"><a href=\"mailto:laurent.brulinski@plastimark.fr\">laurent.brulinski@plastimark.fr<\/a><\/span><\/p>\n<\/div>\n<\/div>\n<\/div>\n\n\n\n<div class=\"gb-element-94afaec9 overlay\">\n<div class=\"gb-element-868449c1\">\n<div class=\"gb-element-596fa4be\">\n<h4 class=\"gb-text gb-text-316ec9c4\">Benjamin Duarte<\/h4>\n\n\n\n<p class=\"gb-text gb-text-a12adf50\">RESPONSABLE R\u00c9GIONAL FRANCE<\/p>\n<\/div>\n\n\n\n<img loading=\"lazy\" decoding=\"async\" width=\"500\" height=\"500\" class=\"gb-media-8da5b8df\" alt=\"\" src=\"https:\/\/plastimark.com\/wp-content\/uploads\/2026\/02\/Benjamin-Duarte.webp\" title=\"Fabio-Dalmasso\" srcset=\"https:\/\/plastimark.com\/wp-content\/uploads\/2026\/02\/Benjamin-Duarte.webp 500w, https:\/\/plastimark.com\/wp-content\/uploads\/2026\/02\/Benjamin-Duarte-300x300.webp 300w, https:\/\/plastimark.com\/wp-content\/uploads\/2026\/02\/Benjamin-Duarte-150x150.webp 150w\" sizes=\"auto, (max-width: 500px) 100vw, 500px\" \/>\n<\/div>\n\n\n\n<div class=\"gb-element-fcd5e1bf overlay-team\">\n<div class=\"gb-element-82a22b71\">\n<h4 class=\"gb-text gb-text-4e71124e\">Benjamin Duarte<\/h4>\n\n\n\n<p class=\"gb-text\">RESPONSABLE R\u00c9GIONAL FRANCE<\/p>\n\n\n\n\n\n<p class=\"gb-text-8c52bfab\"><span class=\"gb-shape\"><svg aria-hidden=\"true\" role=\"img\" height=\"1em\" width=\"1em\" viewBox=\"0 0 512 512\" xmlns=\"http:\/\/www.w3.org\/2000\/svg\"><path fill=\"currentColor\" d=\"M464 64H48C21.49 64 0 85.49 0 112v288c0 26.51 21.49 48 48 48h416c26.51 0 48-21.49 48-48V112c0-26.51-21.49-48-48-48zm0 48v40.805c-22.422 18.259-58.168 46.651-134.587 106.49-16.841 13.247-50.201 45.072-73.413 44.701-23.208.375-56.579-31.459-73.413-44.701C106.18 199.465 70.425 171.067 48 152.805V112h416zM48 400V214.398c22.914 18.251 55.409 43.862 104.938 82.646 21.857 17.205 60.134 55.186 103.062 54.955 42.717.231 80.509-37.199 103.053-54.947 49.528-38.783 82.032-64.401 104.947-82.653V400H48z\"><\/path><\/svg><\/span><span class=\"gb-text\"><a href=\"mailto:benjamin.duarte@plastimark.fr\"><\/a><a href=\"mailto:benjamin.duarte@plastimark.fr\">benjamin.duarte@plastimark.fr<\/a><\/span><\/p>\n<\/div>\n<\/div>\n<\/div>\n<\/div>\n<\/div>\n\n\n\n<p><\/p>\n","protected":false},"excerpt":{"rendered":"<p>Plastimark\u00ae filiale francese Plastimark France \u00e8 la filiale francese di Plastimark SpA, con sede nei pressi di Parigi. Nata come &#8230; <\/p>\n<p class=\"read-more-container\"><a title=\"Filiale francese\" class=\"read-more button\" href=\"https:\/\/plastimark.com\/it\/filiale-francese\/#more-259656\" aria-label=\"Per saperne di pi\u00f9 su Filiale francese\">Leggi tutto<\/a><\/p>\n","protected":false},"author":1,"featured_media":0,"parent":0,"menu_order":0,"comment_status":"closed","ping_status":"closed","template":"","meta":{"_acf_changed":false,"footnotes":""},"class_list":["post-259656","page","type-page","status-publish"],"acf":[],"yoast_head":"<!-- This site is optimized with the Yoast SEO plugin v27.2 - https:\/\/yoast.com\/product\/yoast-seo-wordpress\/ -->\n<title>Plastimark France | Cestini e carrelli per supermercati in Francia<\/title>\n<meta name=\"description\" content=\"Offriamo cestini e carrelli per supermercati in Francia: soluzioni personalizzate, funzionali, in plastica. Scopri la sede vicino Parigi.\" \/>\n<meta name=\"robots\" content=\"index, follow, max-snippet:-1, max-image-preview:large, max-video-preview:-1\" \/>\n<link rel=\"canonical\" href=\"https:\/\/plastimark.com\/it\/filiale-francese\/\" \/>\n<meta property=\"og:locale\" content=\"it_IT\" \/>\n<meta property=\"og:type\" content=\"article\" \/>\n<meta property=\"og:title\" content=\"Plastimark France | Cestini e carrelli per supermercati in Francia\" \/>\n<meta property=\"og:description\" content=\"Offriamo cestini e carrelli per supermercati in Francia: soluzioni personalizzate, funzionali, in plastica. Scopri la sede vicino Parigi.\" \/>\n<meta property=\"og:url\" content=\"https:\/\/plastimark.com\/it\/filiale-francese\/\" \/>\n<meta property=\"og:site_name\" content=\"Plastimark\" \/>\n<meta property=\"article:publisher\" content=\"https:\/\/www.facebook.com\/Plastimark\" \/>\n<meta property=\"article:modified_time\" content=\"2026-03-06T10:30:26+00:00\" \/>\n<meta property=\"og:image\" content=\"https:\/\/plastimark.com\/wp-content\/uploads\/2026\/02\/Oscar-Giordano.webp\" \/>\n<meta name=\"twitter:card\" content=\"summary_large_image\" \/>\n<meta name=\"twitter:label1\" content=\"Tempo di lettura stimato\" \/>\n\t<meta name=\"twitter:data1\" content=\"2 minuti\" \/>\n<script type=\"application\/ld+json\" class=\"yoast-schema-graph\">{\"@context\":\"https:\/\/schema.org\",\"@graph\":[{\"@type\":\"WebPage\",\"@id\":\"https:\/\/plastimark.com\/it\/filiale-francese\/\",\"url\":\"https:\/\/plastimark.com\/it\/filiale-francese\/\",\"name\":\"Plastimark France | Cestini e carrelli per supermercati in Francia\",\"isPartOf\":{\"@id\":\"https:\/\/plastimark.com\/it\/#website\"},\"primaryImageOfPage\":{\"@id\":\"https:\/\/plastimark.com\/it\/filiale-francese\/#primaryimage\"},\"image\":{\"@id\":\"https:\/\/plastimark.com\/it\/filiale-francese\/#primaryimage\"},\"thumbnailUrl\":\"https:\/\/plastimark.com\/wp-content\/uploads\/2026\/02\/Oscar-Giordano.webp\",\"datePublished\":\"2025-11-23T18:13:41+00:00\",\"dateModified\":\"2026-03-06T10:30:26+00:00\",\"description\":\"Offriamo cestini e carrelli per supermercati in Francia: soluzioni personalizzate, funzionali, in plastica. Scopri la sede vicino Parigi.\",\"breadcrumb\":{\"@id\":\"https:\/\/plastimark.com\/it\/filiale-francese\/#breadcrumb\"},\"inLanguage\":\"it-IT\",\"potentialAction\":[{\"@type\":\"ReadAction\",\"target\":[\"https:\/\/plastimark.com\/it\/filiale-francese\/\"]}]},{\"@type\":\"ImageObject\",\"inLanguage\":\"it-IT\",\"@id\":\"https:\/\/plastimark.com\/it\/filiale-francese\/#primaryimage\",\"url\":\"https:\/\/plastimark.com\/wp-content\/uploads\/2026\/02\/Oscar-Giordano.webp\",\"contentUrl\":\"https:\/\/plastimark.com\/wp-content\/uploads\/2026\/02\/Oscar-Giordano.webp\"},{\"@type\":\"BreadcrumbList\",\"@id\":\"https:\/\/plastimark.com\/it\/filiale-francese\/#breadcrumb\",\"itemListElement\":[{\"@type\":\"ListItem\",\"position\":1,\"name\":\"Home\",\"item\":\"https:\/\/plastimark.com\/it\/\"},{\"@type\":\"ListItem\",\"position\":2,\"name\":\"Filiale francese\"}]},{\"@type\":\"WebSite\",\"@id\":\"https:\/\/plastimark.com\/it\/#website\",\"url\":\"https:\/\/plastimark.com\/it\/\",\"name\":\"Plastimark\",\"description\":\"Carrelli e cestini per la spesa in plastica\",\"publisher\":{\"@id\":\"https:\/\/plastimark.com\/it\/#organization\"},\"potentialAction\":[{\"@type\":\"SearchAction\",\"target\":{\"@type\":\"EntryPoint\",\"urlTemplate\":\"https:\/\/plastimark.com\/it\/?s={search_term_string}\"},\"query-input\":{\"@type\":\"PropertyValueSpecification\",\"valueRequired\":true,\"valueName\":\"search_term_string\"}}],\"inLanguage\":\"it-IT\"},{\"@type\":\"Organization\",\"@id\":\"https:\/\/plastimark.com\/it\/#organization\",\"name\":\"Plastimark\",\"url\":\"https:\/\/plastimark.com\/it\/\",\"logo\":{\"@type\":\"ImageObject\",\"inLanguage\":\"it-IT\",\"@id\":\"https:\/\/plastimark.com\/it\/#\/schema\/logo\/image\/\",\"url\":\"https:\/\/plastimark.com\/wp-content\/uploads\/2025\/11\/logo-plastimark.svg\",\"contentUrl\":\"https:\/\/plastimark.com\/wp-content\/uploads\/2025\/11\/logo-plastimark.svg\",\"width\":313,\"height\":81,\"caption\":\"Plastimark\"},\"image\":{\"@id\":\"https:\/\/plastimark.com\/it\/#\/schema\/logo\/image\/\"},\"sameAs\":[\"https:\/\/www.facebook.com\/Plastimark\",\"https:\/\/www.linkedin.com\/company\/plastimark-spa\/\",\"https:\/\/www.instagram.com\/plastimark\/\",\"https:\/\/www.youtube.com\/@plastimark\"]}]}<\/script>\n<!-- \/ Yoast SEO plugin. -->","yoast_head_json":{"title":"Plastimark France | Cestini e carrelli per supermercati in Francia","description":"Offriamo cestini e carrelli per supermercati in Francia: soluzioni personalizzate, funzionali, in plastica. Scopri la sede vicino Parigi.","robots":{"index":"index","follow":"follow","max-snippet":"max-snippet:-1","max-image-preview":"max-image-preview:large","max-video-preview":"max-video-preview:-1"},"canonical":"https:\/\/plastimark.com\/it\/filiale-francese\/","og_locale":"it_IT","og_type":"article","og_title":"Plastimark France | Cestini e carrelli per supermercati in Francia","og_description":"Offriamo cestini e carrelli per supermercati in Francia: soluzioni personalizzate, funzionali, in plastica. Scopri la sede vicino Parigi.","og_url":"https:\/\/plastimark.com\/it\/filiale-francese\/","og_site_name":"Plastimark","article_publisher":"https:\/\/www.facebook.com\/Plastimark","article_modified_time":"2026-03-06T10:30:26+00:00","og_image":[{"url":"https:\/\/plastimark.com\/wp-content\/uploads\/2026\/02\/Oscar-Giordano.webp","type":"","width":"","height":""}],"twitter_card":"summary_large_image","twitter_misc":{"Tempo di lettura stimato":"2 minuti"},"schema":{"@context":"https:\/\/schema.org","@graph":[{"@type":"WebPage","@id":"https:\/\/plastimark.com\/it\/filiale-francese\/","url":"https:\/\/plastimark.com\/it\/filiale-francese\/","name":"Plastimark France | Cestini e carrelli per supermercati in Francia","isPartOf":{"@id":"https:\/\/plastimark.com\/it\/#website"},"primaryImageOfPage":{"@id":"https:\/\/plastimark.com\/it\/filiale-francese\/#primaryimage"},"image":{"@id":"https:\/\/plastimark.com\/it\/filiale-francese\/#primaryimage"},"thumbnailUrl":"https:\/\/plastimark.com\/wp-content\/uploads\/2026\/02\/Oscar-Giordano.webp","datePublished":"2025-11-23T18:13:41+00:00","dateModified":"2026-03-06T10:30:26+00:00","description":"Offriamo cestini e carrelli per supermercati in Francia: soluzioni personalizzate, funzionali, in plastica. Scopri la sede vicino Parigi.","breadcrumb":{"@id":"https:\/\/plastimark.com\/it\/filiale-francese\/#breadcrumb"},"inLanguage":"it-IT","potentialAction":[{"@type":"ReadAction","target":["https:\/\/plastimark.com\/it\/filiale-francese\/"]}]},{"@type":"ImageObject","inLanguage":"it-IT","@id":"https:\/\/plastimark.com\/it\/filiale-francese\/#primaryimage","url":"https:\/\/plastimark.com\/wp-content\/uploads\/2026\/02\/Oscar-Giordano.webp","contentUrl":"https:\/\/plastimark.com\/wp-content\/uploads\/2026\/02\/Oscar-Giordano.webp"},{"@type":"BreadcrumbList","@id":"https:\/\/plastimark.com\/it\/filiale-francese\/#breadcrumb","itemListElement":[{"@type":"ListItem","position":1,"name":"Home","item":"https:\/\/plastimark.com\/it\/"},{"@type":"ListItem","position":2,"name":"Filiale francese"}]},{"@type":"WebSite","@id":"https:\/\/plastimark.com\/it\/#website","url":"https:\/\/plastimark.com\/it\/","name":"Plastimark","description":"Carrelli e cestini per la spesa in plastica","publisher":{"@id":"https:\/\/plastimark.com\/it\/#organization"},"potentialAction":[{"@type":"SearchAction","target":{"@type":"EntryPoint","urlTemplate":"https:\/\/plastimark.com\/it\/?s={search_term_string}"},"query-input":{"@type":"PropertyValueSpecification","valueRequired":true,"valueName":"search_term_string"}}],"inLanguage":"it-IT"},{"@type":"Organization","@id":"https:\/\/plastimark.com\/it\/#organization","name":"Plastimark","url":"https:\/\/plastimark.com\/it\/","logo":{"@type":"ImageObject","inLanguage":"it-IT","@id":"https:\/\/plastimark.com\/it\/#\/schema\/logo\/image\/","url":"https:\/\/plastimark.com\/wp-content\/uploads\/2025\/11\/logo-plastimark.svg","contentUrl":"https:\/\/plastimark.com\/wp-content\/uploads\/2025\/11\/logo-plastimark.svg","width":313,"height":81,"caption":"Plastimark"},"image":{"@id":"https:\/\/plastimark.com\/it\/#\/schema\/logo\/image\/"},"sameAs":["https:\/\/www.facebook.com\/Plastimark","https:\/\/www.linkedin.com\/company\/plastimark-spa\/","https:\/\/www.instagram.com\/plastimark\/","https:\/\/www.youtube.com\/@plastimark"]}]}},"_links":{"self":[{"href":"https:\/\/plastimark.com\/it\/wp-json\/wp\/v2\/pages\/259656","targetHints":{"allow":["GET"]}}],"collection":[{"href":"https:\/\/plastimark.com\/it\/wp-json\/wp\/v2\/pages"}],"about":[{"href":"https:\/\/plastimark.com\/it\/wp-json\/wp\/v2\/types\/page"}],"author":[{"embeddable":true,"href":"https:\/\/plastimark.com\/it\/wp-json\/wp\/v2\/users\/1"}],"replies":[{"embeddable":true,"href":"https:\/\/plastimark.com\/it\/wp-json\/wp\/v2\/comments?post=259656"}],"version-history":[{"count":4,"href":"https:\/\/plastimark.com\/it\/wp-json\/wp\/v2\/pages\/259656\/revisions"}],"predecessor-version":[{"id":263921,"href":"https:\/\/plastimark.com\/it\/wp-json\/wp\/v2\/pages\/259656\/revisions\/263921"}],"wp:attachment":[{"href":"https:\/\/plastimark.com\/it\/wp-json\/wp\/v2\/media?parent=259656"}],"curies":[{"name":"wp","href":"https:\/\/api.w.org\/{rel}","templated":true}]}}