{"id":258361,"date":"2025-11-23T19:53:41","date_gmt":"2025-11-23T18:53:41","guid":{"rendered":"https:\/\/plastimark-new.inode.it\/wood-compound\/"},"modified":"2026-03-16T15:58:40","modified_gmt":"2026-03-16T14:58:40","slug":"wood-compound","status":"publish","type":"page","link":"https:\/\/plastimark.com\/it\/wood-compound\/","title":{"rendered":"Wood compound"},"content":{"rendered":"\n<div class=\"gb-element-e94d6ce3\">\n<h2 class=\"gb-text gb-text-3dbf9977\">Plastimark\u00ae Wood<\/h2>\n\n\n\n<h4 class=\"gb-text gb-text-9d7e4dac\"><em>L\u2019eleganza del legno incontra la funzionalit\u00e0 della plastica<\/em><\/h4>\n\n\n\n<div class=\"gb-element-56d8b37a\">\n<p class=\"gb-text gb-text-c2eb7525\">La plastica \u00e8 un materiale estremamente versatile, capace di offrire qualit\u00e0 e funzionalit\u00e0 per i prodotti di tutti i giorni. Quando per\u00f2 si unisce al legno, nasce un mix che coniuga innovazione e naturalezza, conferendo ai prodotti un fascino unico.<\/p>\n\n\n\n<p class=\"gb-text gb-text-0ab169b2\">Nella gamma Plastimark\u00ae, questa combinazione mantiene intatti i vantaggi della plastica: resistenza, durata e inalterabilit\u00e0, arricchiti dall\u2019estetica calda e autentica del legno. Il risultato \u00e8 un\u2019esperienza di utilizzo che unisce praticit\u00e0 e sostenibilit\u00e0.<\/p>\n\n\n\n<p class=\"gb-text gb-text-7bc9b563\">La fibra di legno impiegata proviene esclusivamente da scarti di lavorazione certificati FSC\u00ae, garantendo cos\u00ec un\u2019attenzione concreta alla tutela delle foreste e all\u2019ambiente.<\/p>\n<\/div>\n<\/div>\n\n\n\n<div class=\"gb-element-a7f6558c\" id=\"vision-mission\">\n<div class=\"gb-element-a8a3b17d\">\n<div class=\"gb-element-ac40824a\">\n<img loading=\"lazy\" decoding=\"async\" width=\"232\" height=\"151\" class=\"gb-media-5b563fcb no-lightbox\" alt=\"\" title=\"euterra-compound\" src=\"https:\/\/plastimark.com\/wp-content\/uploads\/2025\/11\/wood-compound.svg\"\/>\n<\/div>\n\n\n\n<div class=\"gb-element-0633ecf6\">\n<h3 class=\"gb-text\">Plastimark\u00ae Wood pu\u00f2:<\/h3>\n\n\n\n<div class=\"gb-element-3379ac53\">\n<p class=\"gb-text-ca7643aa\"><span class=\"gb-shape\"><svg aria-hidden=\"true\" role=\"img\" height=\"1em\" width=\"1em\" viewBox=\"0 0 512 512\" xmlns=\"http:\/\/www.w3.org\/2000\/svg\"><path fill=\"currentColor\" d=\"M173.898 439.404l-166.4-166.4c-9.997-9.997-9.997-26.206 0-36.204l36.203-36.204c9.997-9.998 26.207-9.998 36.204 0L192 312.69 432.095 72.596c9.997-9.997 26.207-9.997 36.204 0l36.203 36.204c9.997 9.997 9.997 26.206 0 36.204l-294.4 294.401c-9.998 9.997-26.207 9.997-36.204-.001z\"><\/path><\/svg><\/span><span class=\"gb-text\">Ampliare la shopping experience rendendola pi\u00f9 piacevole e autentica<\/span><\/p>\n\n\n\n<p class=\"gb-text-aefd8df2\"><span class=\"gb-shape\"><svg aria-hidden=\"true\" role=\"img\" height=\"1em\" width=\"1em\" viewBox=\"0 0 512 512\" xmlns=\"http:\/\/www.w3.org\/2000\/svg\"><path fill=\"currentColor\" d=\"M173.898 439.404l-166.4-166.4c-9.997-9.997-9.997-26.206 0-36.204l36.203-36.204c9.997-9.998 26.207-9.998 36.204 0L192 312.69 432.095 72.596c9.997-9.997 26.207-9.997 36.204 0l36.203 36.204c9.997 9.997 9.997 26.206 0 36.204l-294.4 294.401c-9.998 9.997-26.207 9.997-36.204-.001z\"><\/path><\/svg><\/span><span class=\"gb-text\">Far vivere il calore e il fascino naturale del legno<\/span><\/p>\n\n\n\n<p class=\"gb-text-c7b62564\"><span class=\"gb-shape\"><svg aria-hidden=\"true\" role=\"img\" height=\"1em\" width=\"1em\" viewBox=\"0 0 512 512\" xmlns=\"http:\/\/www.w3.org\/2000\/svg\"><path fill=\"currentColor\" d=\"M173.898 439.404l-166.4-166.4c-9.997-9.997-9.997-26.206 0-36.204l36.203-36.204c9.997-9.998 26.207-9.998 36.204 0L192 312.69 432.095 72.596c9.997-9.997 26.207-9.997 36.204 0l36.203 36.204c9.997 9.997 9.997 26.206 0 36.204l-294.4 294.401c-9.998 9.997-26.207 9.997-36.204-.001z\"><\/path><\/svg><\/span><span class=\"gb-text\">Offrire una soluzione eco-friendly proveniente da foreste certificate FSC\u00ae<\/span><\/p>\n\n\n\n<p class=\"gb-text-b730aec3\"><span class=\"gb-shape\"><svg aria-hidden=\"true\" role=\"img\" height=\"1em\" width=\"1em\" viewBox=\"0 0 512 512\" xmlns=\"http:\/\/www.w3.org\/2000\/svg\"><path fill=\"currentColor\" d=\"M173.898 439.404l-166.4-166.4c-9.997-9.997-9.997-26.206 0-36.204l36.203-36.204c9.997-9.998 26.207-9.998 36.204 0L192 312.69 432.095 72.596c9.997-9.997 26.207-9.997 36.204 0l36.203 36.204c9.997 9.997 9.997 26.206 0 36.204l-294.4 294.401c-9.998 9.997-26.207 9.997-36.204-.001z\"><\/path><\/svg><\/span><span class=\"gb-text\">Valorizzare l\u2019arredo con uno stile elegante e contemporaneo<\/span><\/p>\n\n\n\n<p class=\"gb-text-5af00429\"><span class=\"gb-shape\"><svg aria-hidden=\"true\" role=\"img\" height=\"1em\" width=\"1em\" viewBox=\"0 0 512 512\" xmlns=\"http:\/\/www.w3.org\/2000\/svg\"><path fill=\"currentColor\" d=\"M173.898 439.404l-166.4-166.4c-9.997-9.997-9.997-26.206 0-36.204l36.203-36.204c9.997-9.998 26.207-9.998 36.204 0L192 312.69 432.095 72.596c9.997-9.997 26.207-9.997 36.204 0l36.203 36.204c9.997 9.997 9.997 26.206 0 36.204l-294.4 294.401c-9.998 9.997-26.207 9.997-36.204-.001z\"><\/path><\/svg><\/span><span class=\"gb-text\">Coniugare estetica e sostenibilit\u00e0 per un\u2019esperienza di acquisto responsabile<\/span><\/p>\n<\/div>\n<\/div>\n<\/div>\n<\/div>\n\n\n\n<div class=\"gb-element-12f33573\">\n<div class=\"gb-element-932f477a\">\n<h3 class=\"gb-text gb-text-03e892f8\">Perch\u00e8 WOOD?<\/h3>\n\n\n\n<p class=\"gb-text gb-text-08d342fd\">Plastimark\u00ae Wood \u00e8 un composto plastico sviluppato appositamente da Plastimark\u00ae, ottenuto da una base di materiale plastico integrata con fibre di legno.<\/p>\n\n\n\n<p class=\"gb-text gb-text-3b254765\">Oltre alle sue caratteristiche tecniche, il Wood Compound offre numerosi vantaggi dal punto di vista dell\u2019arredo: grazie all\u2019integrazione delle fibre di legno, il materiale presenta un aspetto naturale e caldo che conferisce ai prodotti un design elegante e accogliente, ideale per creare ambienti armoniosi e di grande stile. Questa combinazione di estetica e funzionalit\u00e0 rende Plastimark\u00ae Wood la scelta perfetta per chi cerca soluzioni d\u2019arredo che uniscano innovazione, durabilit\u00e0 e sostenibilit\u00e0.<\/p>\n<\/div>\n<\/div>\n\n\n\n<div class=\"gb-element-f0deaf1a\">\n<div class=\"gb-element-dd0e6c36\">\n<div class=\"gb-element-56fb5eaf\">\n<h2 class=\"gb-text gb-text-f0b36632\">Wood-Compound<\/h2>\n\n\n\n<a class=\"gb-text gb-text-841b274e\" href=\"https:\/\/plastimark.com\/wp-content\/uploads\/WOOD-Compound-IT.pdf\" target=\"_blank\" rel=\"noopener\">SCARICA IL FLYER<\/a>\n<\/div>\n<\/div>\n<\/div>\n\n\n\n\n\n<div class=\"gb-element-0a5594b6\">\n<h2 class=\"gb-text gb-text-0fab68ff\">Prodotti disponibili<\/h2>\n\n\n\n<p class=\"gb-text gb-text-a6dddbbe\">Nella gamma cestini, Plastimark\u00ae Wood \u00e8 disponibile per il corpo di:<\/p>\n<\/div>\n\n\n\n<div class=\"gb-element-f88c6d6f\">\n<div class=\"gb-element-68343789 splide card-carousel\" aria-label=\"Carosello dei prodotti\">\n<div class=\"splide__track\">\n<div class=\"splide__list\">\n<div class=\"gb-element-ef846f9f splide__slide\">\n<a class=\"gb-element-e98477ec\" href=\"https:\/\/plastimark.com\/it\/prodotto\/minityko\/\"><\/a>\n\n\n\n<h3 class=\"gb-text gb-text-9a1fcf5e\"><a href=\"https:\/\/plastimark.com\/it\/prodotto\/minityko\/\"><strong>MiniTyko<\/strong> 22 L<\/a><\/h3>\n\n\n\n<a class=\"gb-text gb-text-59106ce6\" href=\"https:\/\/plastimark.com\/it\/prodotto\/minityko\/\">SCOPRI<\/a>\n<\/div>\n\n\n\n<div class=\"gb-element-4438a554 splide__slide\">\n<a class=\"gb-element-6edfe069\" href=\"https:\/\/plastimark.com\/it\/prodotto\/onda\/\"><\/a>\n\n\n\n<h3 class=\"gb-text gb-text-9060eec3\"><a href=\"https:\/\/plastimark.com\/it\/prodotto\/onda\/\"><strong>Onda<\/strong> 28 L<\/a><\/h3>\n\n\n\n<a class=\"gb-text gb-text-284524b4\" href=\"https:\/\/plastimark.com\/it\/prodotto\/onda\/\">SCOPRI<\/a>\n<\/div>\n\n\n\n<div class=\"gb-element-b7dad4e3 splide__slide\">\n<a class=\"gb-element-6968828a\" href=\"https:\/\/plastimark.com\/it\/prodotto\/tyko\/\"><\/a>\n\n\n\n<h3 class=\"gb-text gb-text-4ee7bd2a\"><a href=\"https:\/\/plastimark.com\/it\/prodotto\/tyko\/\"><strong>Tyko<\/strong> 33 L<\/a><\/h3>\n\n\n\n<a class=\"gb-text gb-text-0b029112\" href=\"https:\/\/plastimark.com\/it\/prodotto\/tyko\/\">SCOPRI<\/a>\n<\/div>\n\n\n\n<div class=\"gb-element-21e66a80 splide__slide\">\n<a class=\"gb-element-0434fb7d\" href=\"https:\/\/plastimark.com\/it\/prodotto\/speesy\/\"><\/a>\n\n\n\n<h3 class=\"gb-text gb-text-a5d8095c\"><a href=\"https:\/\/plastimark.com\/it\/prodotto\/speesy\/\"><strong>Speesy<\/strong> 45 L<\/a><\/h3>\n\n\n\n<a class=\"gb-text gb-text-032c5c42\" href=\"https:\/\/plastimark.com\/it\/prodotto\/speesy\/\">SCOPRI<\/a>\n<\/div>\n\n\n\n<div class=\"gb-element-86c0d98c splide__slide\">\n<a class=\"gb-element-43598f58\" href=\"https:\/\/plastimark.com\/it\/prodotto\/slimmer\/\"><\/a>\n\n\n\n<h3 class=\"gb-text gb-text-64eb554d\"><a href=\"https:\/\/plastimark.com\/it\/prodotto\/slimmer\/\"><strong>Slimmer<\/strong> 60 L<\/a><\/h3>\n\n\n\n<a class=\"gb-text gb-text-3be981e5\" href=\"https:\/\/plastimark.com\/it\/prodotto\/slimmer\/\">SCOPRI<\/a>\n<\/div>\n\n\n\n<div class=\"gb-element-1a6ee626 splide__slide\">\n<a class=\"gb-element-3666881d\" href=\"https:\/\/plastimark.com\/it\/prodotto\/maxityko\/\"><\/a>\n\n\n\n<h3 class=\"gb-text gb-text-01e9eb83\"><a href=\"https:\/\/plastimark.com\/it\/prodotto\/maxityko\/\"><strong>MaxiTyko<\/strong> 66 L<\/a><\/h3>\n\n\n\n<a class=\"gb-text gb-text-bc8ee56f\" href=\"https:\/\/plastimark.com\/it\/prodotto\/maxityko\/\">SCOPRI<\/a>\n<\/div>\n<\/div>\n<\/div>\n<\/div>\n<\/div>\n","protected":false},"excerpt":{"rendered":"<p>Plastimark\u00ae Wood L\u2019eleganza del legno incontra la funzionalit\u00e0 della plastica La plastica \u00e8 un materiale estremamente versatile, capace di offrire &#8230; <\/p>\n<p class=\"read-more-container\"><a title=\"Wood compound\" class=\"read-more button\" href=\"https:\/\/plastimark.com\/it\/wood-compound\/#more-258361\" aria-label=\"Per saperne di pi\u00f9 su Wood compound\">Leggi tutto<\/a><\/p>\n","protected":false},"author":1,"featured_media":258360,"parent":0,"menu_order":0,"comment_status":"closed","ping_status":"closed","template":"","meta":{"_acf_changed":false,"footnotes":""},"class_list":["post-258361","page","type-page","status-publish","has-post-thumbnail"],"acf":[],"yoast_head":"<!-- This site is optimized with the Yoast SEO plugin v27.2 - https:\/\/yoast.com\/product\/yoast-seo-wordpress\/ -->\n<title>Wood compound - Plastimark<\/title>\n<meta name=\"robots\" content=\"index, follow, max-snippet:-1, max-image-preview:large, max-video-preview:-1\" \/>\n<link rel=\"canonical\" href=\"https:\/\/plastimark.com\/it\/wood-compound\/\" \/>\n<meta property=\"og:locale\" content=\"it_IT\" \/>\n<meta property=\"og:type\" content=\"article\" \/>\n<meta property=\"og:title\" content=\"Wood compound - Plastimark\" \/>\n<meta property=\"og:description\" content=\"Plastimark\u00ae Wood L\u2019eleganza del legno incontra la funzionalit\u00e0 della plastica La plastica \u00e8 un materiale estremamente versatile, capace di offrire ... Leggi tutto\" \/>\n<meta property=\"og:url\" content=\"https:\/\/plastimark.com\/it\/wood-compound\/\" \/>\n<meta property=\"og:site_name\" content=\"Plastimark\" \/>\n<meta property=\"article:publisher\" content=\"https:\/\/www.facebook.com\/Plastimark\" \/>\n<meta property=\"article:modified_time\" content=\"2026-03-16T14:58:40+00:00\" \/>\n<meta property=\"og:image\" content=\"https:\/\/plastimark.com\/wp-content\/uploads\/2026\/01\/Wood-Compound-Header.webp\" \/>\n\t<meta property=\"og:image:width\" content=\"2500\" \/>\n\t<meta property=\"og:image:height\" content=\"484\" \/>\n\t<meta property=\"og:image:type\" content=\"image\/webp\" \/>\n<meta name=\"twitter:card\" content=\"summary_large_image\" \/>\n<meta name=\"twitter:label1\" content=\"Tempo di lettura stimato\" \/>\n\t<meta name=\"twitter:data1\" content=\"2 minuti\" \/>\n<script type=\"application\/ld+json\" class=\"yoast-schema-graph\">{\"@context\":\"https:\/\/schema.org\",\"@graph\":[{\"@type\":\"WebPage\",\"@id\":\"https:\/\/plastimark.com\/it\/wood-compound\/\",\"url\":\"https:\/\/plastimark.com\/it\/wood-compound\/\",\"name\":\"Wood compound - Plastimark\",\"isPartOf\":{\"@id\":\"https:\/\/plastimark.com\/it\/#website\"},\"primaryImageOfPage\":{\"@id\":\"https:\/\/plastimark.com\/it\/wood-compound\/#primaryimage\"},\"image\":{\"@id\":\"https:\/\/plastimark.com\/it\/wood-compound\/#primaryimage\"},\"thumbnailUrl\":\"https:\/\/plastimark.com\/wp-content\/uploads\/2026\/01\/Wood-Compound-Header.webp\",\"datePublished\":\"2025-11-23T18:53:41+00:00\",\"dateModified\":\"2026-03-16T14:58:40+00:00\",\"breadcrumb\":{\"@id\":\"https:\/\/plastimark.com\/it\/wood-compound\/#breadcrumb\"},\"inLanguage\":\"it-IT\",\"potentialAction\":[{\"@type\":\"ReadAction\",\"target\":[\"https:\/\/plastimark.com\/it\/wood-compound\/\"]}]},{\"@type\":\"ImageObject\",\"inLanguage\":\"it-IT\",\"@id\":\"https:\/\/plastimark.com\/it\/wood-compound\/#primaryimage\",\"url\":\"https:\/\/plastimark.com\/wp-content\/uploads\/2026\/01\/Wood-Compound-Header.webp\",\"contentUrl\":\"https:\/\/plastimark.com\/wp-content\/uploads\/2026\/01\/Wood-Compound-Header.webp\",\"width\":2500,\"height\":484},{\"@type\":\"BreadcrumbList\",\"@id\":\"https:\/\/plastimark.com\/it\/wood-compound\/#breadcrumb\",\"itemListElement\":[{\"@type\":\"ListItem\",\"position\":1,\"name\":\"Home\",\"item\":\"https:\/\/plastimark.com\/it\/\"},{\"@type\":\"ListItem\",\"position\":2,\"name\":\"Wood compound\"}]},{\"@type\":\"WebSite\",\"@id\":\"https:\/\/plastimark.com\/it\/#website\",\"url\":\"https:\/\/plastimark.com\/it\/\",\"name\":\"Plastimark\",\"description\":\"Carrelli e cestini per la spesa in plastica\",\"publisher\":{\"@id\":\"https:\/\/plastimark.com\/it\/#organization\"},\"potentialAction\":[{\"@type\":\"SearchAction\",\"target\":{\"@type\":\"EntryPoint\",\"urlTemplate\":\"https:\/\/plastimark.com\/it\/?s={search_term_string}\"},\"query-input\":{\"@type\":\"PropertyValueSpecification\",\"valueRequired\":true,\"valueName\":\"search_term_string\"}}],\"inLanguage\":\"it-IT\"},{\"@type\":\"Organization\",\"@id\":\"https:\/\/plastimark.com\/it\/#organization\",\"name\":\"Plastimark\",\"url\":\"https:\/\/plastimark.com\/it\/\",\"logo\":{\"@type\":\"ImageObject\",\"inLanguage\":\"it-IT\",\"@id\":\"https:\/\/plastimark.com\/it\/#\/schema\/logo\/image\/\",\"url\":\"https:\/\/plastimark.com\/wp-content\/uploads\/2025\/11\/logo-plastimark.svg\",\"contentUrl\":\"https:\/\/plastimark.com\/wp-content\/uploads\/2025\/11\/logo-plastimark.svg\",\"width\":313,\"height\":81,\"caption\":\"Plastimark\"},\"image\":{\"@id\":\"https:\/\/plastimark.com\/it\/#\/schema\/logo\/image\/\"},\"sameAs\":[\"https:\/\/www.facebook.com\/Plastimark\",\"https:\/\/www.linkedin.com\/company\/plastimark-spa\/\",\"https:\/\/www.instagram.com\/plastimark\/\",\"https:\/\/www.youtube.com\/@plastimark\"]}]}<\/script>\n<!-- \/ Yoast SEO plugin. -->","yoast_head_json":{"title":"Wood compound - Plastimark","robots":{"index":"index","follow":"follow","max-snippet":"max-snippet:-1","max-image-preview":"max-image-preview:large","max-video-preview":"max-video-preview:-1"},"canonical":"https:\/\/plastimark.com\/it\/wood-compound\/","og_locale":"it_IT","og_type":"article","og_title":"Wood compound - Plastimark","og_description":"Plastimark\u00ae Wood L\u2019eleganza del legno incontra la funzionalit\u00e0 della plastica La plastica \u00e8 un materiale estremamente versatile, capace di offrire ... Leggi tutto","og_url":"https:\/\/plastimark.com\/it\/wood-compound\/","og_site_name":"Plastimark","article_publisher":"https:\/\/www.facebook.com\/Plastimark","article_modified_time":"2026-03-16T14:58:40+00:00","og_image":[{"width":2500,"height":484,"url":"https:\/\/plastimark.com\/wp-content\/uploads\/2026\/01\/Wood-Compound-Header.webp","type":"image\/webp"}],"twitter_card":"summary_large_image","twitter_misc":{"Tempo di lettura stimato":"2 minuti"},"schema":{"@context":"https:\/\/schema.org","@graph":[{"@type":"WebPage","@id":"https:\/\/plastimark.com\/it\/wood-compound\/","url":"https:\/\/plastimark.com\/it\/wood-compound\/","name":"Wood compound - Plastimark","isPartOf":{"@id":"https:\/\/plastimark.com\/it\/#website"},"primaryImageOfPage":{"@id":"https:\/\/plastimark.com\/it\/wood-compound\/#primaryimage"},"image":{"@id":"https:\/\/plastimark.com\/it\/wood-compound\/#primaryimage"},"thumbnailUrl":"https:\/\/plastimark.com\/wp-content\/uploads\/2026\/01\/Wood-Compound-Header.webp","datePublished":"2025-11-23T18:53:41+00:00","dateModified":"2026-03-16T14:58:40+00:00","breadcrumb":{"@id":"https:\/\/plastimark.com\/it\/wood-compound\/#breadcrumb"},"inLanguage":"it-IT","potentialAction":[{"@type":"ReadAction","target":["https:\/\/plastimark.com\/it\/wood-compound\/"]}]},{"@type":"ImageObject","inLanguage":"it-IT","@id":"https:\/\/plastimark.com\/it\/wood-compound\/#primaryimage","url":"https:\/\/plastimark.com\/wp-content\/uploads\/2026\/01\/Wood-Compound-Header.webp","contentUrl":"https:\/\/plastimark.com\/wp-content\/uploads\/2026\/01\/Wood-Compound-Header.webp","width":2500,"height":484},{"@type":"BreadcrumbList","@id":"https:\/\/plastimark.com\/it\/wood-compound\/#breadcrumb","itemListElement":[{"@type":"ListItem","position":1,"name":"Home","item":"https:\/\/plastimark.com\/it\/"},{"@type":"ListItem","position":2,"name":"Wood compound"}]},{"@type":"WebSite","@id":"https:\/\/plastimark.com\/it\/#website","url":"https:\/\/plastimark.com\/it\/","name":"Plastimark","description":"Carrelli e cestini per la spesa in plastica","publisher":{"@id":"https:\/\/plastimark.com\/it\/#organization"},"potentialAction":[{"@type":"SearchAction","target":{"@type":"EntryPoint","urlTemplate":"https:\/\/plastimark.com\/it\/?s={search_term_string}"},"query-input":{"@type":"PropertyValueSpecification","valueRequired":true,"valueName":"search_term_string"}}],"inLanguage":"it-IT"},{"@type":"Organization","@id":"https:\/\/plastimark.com\/it\/#organization","name":"Plastimark","url":"https:\/\/plastimark.com\/it\/","logo":{"@type":"ImageObject","inLanguage":"it-IT","@id":"https:\/\/plastimark.com\/it\/#\/schema\/logo\/image\/","url":"https:\/\/plastimark.com\/wp-content\/uploads\/2025\/11\/logo-plastimark.svg","contentUrl":"https:\/\/plastimark.com\/wp-content\/uploads\/2025\/11\/logo-plastimark.svg","width":313,"height":81,"caption":"Plastimark"},"image":{"@id":"https:\/\/plastimark.com\/it\/#\/schema\/logo\/image\/"},"sameAs":["https:\/\/www.facebook.com\/Plastimark","https:\/\/www.linkedin.com\/company\/plastimark-spa\/","https:\/\/www.instagram.com\/plastimark\/","https:\/\/www.youtube.com\/@plastimark"]}]}},"_links":{"self":[{"href":"https:\/\/plastimark.com\/it\/wp-json\/wp\/v2\/pages\/258361","targetHints":{"allow":["GET"]}}],"collection":[{"href":"https:\/\/plastimark.com\/it\/wp-json\/wp\/v2\/pages"}],"about":[{"href":"https:\/\/plastimark.com\/it\/wp-json\/wp\/v2\/types\/page"}],"author":[{"embeddable":true,"href":"https:\/\/plastimark.com\/it\/wp-json\/wp\/v2\/users\/1"}],"replies":[{"embeddable":true,"href":"https:\/\/plastimark.com\/it\/wp-json\/wp\/v2\/comments?post=258361"}],"version-history":[{"count":12,"href":"https:\/\/plastimark.com\/it\/wp-json\/wp\/v2\/pages\/258361\/revisions"}],"predecessor-version":[{"id":271207,"href":"https:\/\/plastimark.com\/it\/wp-json\/wp\/v2\/pages\/258361\/revisions\/271207"}],"wp:featuredmedia":[{"embeddable":true,"href":"https:\/\/plastimark.com\/it\/wp-json\/wp\/v2\/media\/258360"}],"wp:attachment":[{"href":"https:\/\/plastimark.com\/it\/wp-json\/wp\/v2\/media?parent=258361"}],"curies":[{"name":"wp","href":"https:\/\/api.w.org\/{rel}","templated":true}]}}