{"id":262927,"date":"2025-12-04T09:22:19","date_gmt":"2025-12-04T08:22:19","guid":{"rendered":"https:\/\/plastimark-new.inode.it\/product\/baby-trolley\/"},"modified":"2026-02-24T12:27:58","modified_gmt":"2026-02-24T11:27:58","slug":"baby-trolley","status":"publish","type":"product","link":"https:\/\/plastimark.com\/fr\/produit\/baby-trolley\/","title":{"rendered":"Baby Trolley"},"content":{"rendered":"\n<div class=\"gb-element-3c632dde\">\n<div class=\"gb-element-a02e6a89\">\n<h2 class=\"gb-text gb-text-faa3379e\"><strong>Baby Trolley <\/strong>25 L<\/h2>\n\n\n\n<div class=\"splide gallery-set-pleasy\" id=\"main-carousel\" aria-label=\"Galleria Immagini\">\n<div class=\"splide__track\">\n<div class=\"splide__list\">\n<div class=\"splide__slide\">\n<img loading=\"lazy\" decoding=\"async\" width=\"1500\" height=\"1500\" class=\"gb-media-c5bfa31d\" alt=\"Baby trolley vue lat\u00e9rale en mouvement\" src=\"https:\/\/plastimark.com\/wp-content\/uploads\/2025\/12\/Baby-Trolley-side-in-motion.webp\" title=\"Baby Trolley side in motion\" srcset=\"https:\/\/plastimark.com\/wp-content\/uploads\/2025\/12\/Baby-Trolley-side-in-motion.webp 1500w, https:\/\/plastimark.com\/wp-content\/uploads\/2025\/12\/Baby-Trolley-side-in-motion-300x300.webp 300w, https:\/\/plastimark.com\/wp-content\/uploads\/2025\/12\/Baby-Trolley-side-in-motion-1024x1024.webp 1024w, https:\/\/plastimark.com\/wp-content\/uploads\/2025\/12\/Baby-Trolley-side-in-motion-150x150.webp 150w, https:\/\/plastimark.com\/wp-content\/uploads\/2025\/12\/Baby-Trolley-side-in-motion-768x768.webp 768w\" sizes=\"auto, (max-width: 1500px) 100vw, 1500px\" \/>\n<\/div>\n\n\n\n<div class=\"splide__slide\">\n<img loading=\"lazy\" decoding=\"async\" width=\"1500\" height=\"1500\" class=\"gb-media-83e6db29\" alt=\"Baby trolley vue lat\u00e9rale en mouvement\" src=\"https:\/\/plastimark.com\/wp-content\/uploads\/2025\/12\/Baby-Trolley-side.webp\" title=\"Baby Trolley side\" srcset=\"https:\/\/plastimark.com\/wp-content\/uploads\/2025\/12\/Baby-Trolley-side.webp 1500w, https:\/\/plastimark.com\/wp-content\/uploads\/2025\/12\/Baby-Trolley-side-300x300.webp 300w, https:\/\/plastimark.com\/wp-content\/uploads\/2025\/12\/Baby-Trolley-side-1024x1024.webp 1024w, https:\/\/plastimark.com\/wp-content\/uploads\/2025\/12\/Baby-Trolley-side-150x150.webp 150w, https:\/\/plastimark.com\/wp-content\/uploads\/2025\/12\/Baby-Trolley-side-768x768.webp 768w\" sizes=\"auto, (max-width: 1500px) 100vw, 1500px\" \/>\n<\/div>\n\n\n\n<div class=\"splide__slide\">\n<img loading=\"lazy\" decoding=\"async\" width=\"1500\" height=\"1500\" class=\"gb-media-a97a6ef2\" alt=\"Baby trolley vue lat\u00e9rale en mouvement\" src=\"https:\/\/plastimark.com\/wp-content\/uploads\/2025\/12\/Baby-Trolley-side-2.webp\" title=\"Baby Trolley side 2\" srcset=\"https:\/\/plastimark.com\/wp-content\/uploads\/2025\/12\/Baby-Trolley-side-2.webp 1500w, https:\/\/plastimark.com\/wp-content\/uploads\/2025\/12\/Baby-Trolley-side-2-300x300.webp 300w, https:\/\/plastimark.com\/wp-content\/uploads\/2025\/12\/Baby-Trolley-side-2-1024x1024.webp 1024w, https:\/\/plastimark.com\/wp-content\/uploads\/2025\/12\/Baby-Trolley-side-2-150x150.webp 150w, https:\/\/plastimark.com\/wp-content\/uploads\/2025\/12\/Baby-Trolley-side-2-768x768.webp 768w\" sizes=\"auto, (max-width: 1500px) 100vw, 1500px\" \/>\n<\/div>\n\n\n\n<div class=\"gb-element-7723a98e splide__slide\">\n<img loading=\"lazy\" decoding=\"async\" width=\"1500\" height=\"1500\" class=\"gb-media-b89c7112\" alt=\"Baby trolley avec courses\" src=\"https:\/\/plastimark.com\/wp-content\/uploads\/2025\/12\/Baby-Trolley-full.webp\" title=\"Baby Trolley full\" srcset=\"https:\/\/plastimark.com\/wp-content\/uploads\/2025\/12\/Baby-Trolley-full.webp 1500w, https:\/\/plastimark.com\/wp-content\/uploads\/2025\/12\/Baby-Trolley-full-300x300.webp 300w, https:\/\/plastimark.com\/wp-content\/uploads\/2025\/12\/Baby-Trolley-full-1024x1024.webp 1024w, https:\/\/plastimark.com\/wp-content\/uploads\/2025\/12\/Baby-Trolley-full-150x150.webp 150w, https:\/\/plastimark.com\/wp-content\/uploads\/2025\/12\/Baby-Trolley-full-768x768.webp 768w\" sizes=\"auto, (max-width: 1500px) 100vw, 1500px\" \/>\n<\/div>\n\n\n\n<div class=\"gb-element-2bb56a6d splide__slide\">\n<img loading=\"lazy\" decoding=\"async\" width=\"1500\" height=\"1500\" class=\"gb-media-08349521\" alt=\"Baby trolley vue du haut\" src=\"https:\/\/plastimark.com\/wp-content\/uploads\/2025\/12\/Baby-Trolley-birds-eye-view.webp\" title=\"Baby Trolley bird&apos;s-eye view\" srcset=\"https:\/\/plastimark.com\/wp-content\/uploads\/2025\/12\/Baby-Trolley-birds-eye-view.webp 1500w, https:\/\/plastimark.com\/wp-content\/uploads\/2025\/12\/Baby-Trolley-birds-eye-view-300x300.webp 300w, https:\/\/plastimark.com\/wp-content\/uploads\/2025\/12\/Baby-Trolley-birds-eye-view-1024x1024.webp 1024w, https:\/\/plastimark.com\/wp-content\/uploads\/2025\/12\/Baby-Trolley-birds-eye-view-150x150.webp 150w, https:\/\/plastimark.com\/wp-content\/uploads\/2025\/12\/Baby-Trolley-birds-eye-view-768x768.webp 768w\" sizes=\"auto, (max-width: 1500px) 100vw, 1500px\" \/>\n<\/div>\n\n\n\n<div class=\"gb-element-14710ab1 splide__slide\">\n<img loading=\"lazy\" decoding=\"async\" width=\"1500\" height=\"1500\" class=\"gb-media-0de5118b\" alt=\"Baby trolley emboit\u00e9\" src=\"https:\/\/plastimark.com\/wp-content\/uploads\/2025\/12\/Baby-Trolley-nested.webp\" title=\"Baby Trolley nested\" srcset=\"https:\/\/plastimark.com\/wp-content\/uploads\/2025\/12\/Baby-Trolley-nested.webp 1500w, https:\/\/plastimark.com\/wp-content\/uploads\/2025\/12\/Baby-Trolley-nested-300x300.webp 300w, https:\/\/plastimark.com\/wp-content\/uploads\/2025\/12\/Baby-Trolley-nested-1024x1024.webp 1024w, https:\/\/plastimark.com\/wp-content\/uploads\/2025\/12\/Baby-Trolley-nested-150x150.webp 150w, https:\/\/plastimark.com\/wp-content\/uploads\/2025\/12\/Baby-Trolley-nested-768x768.webp 768w\" sizes=\"auto, (max-width: 1500px) 100vw, 1500px\" \/>\n<\/div>\n<\/div>\n<\/div>\n<\/div>\n\n\n\n<div class=\"gb-element-18c90475 splide\" id=\"thumbnail-carousel\" aria-label=\"Navigazione miniature\">\n<div class=\"splide__track\">\n<div class=\"splide__list\"><\/div>\n<\/div>\n<\/div>\n\n\n\n<p class=\"gb-text\">Le Baby Trolley est le mini chariot de 25\u202flitres, id\u00e9al pour les plus petits. Color\u00e9, personnalisable et amusant, il est con\u00e7u pour guider les enfants dans le monde du shopping de mani\u00e8re ludique et s\u00e9curis\u00e9e.<\/p>\n\n\n\n<div class=\"gb-element-f564bf4c\">\n<div class=\"gb-element-25c54c14\">\n<img loading=\"lazy\" decoding=\"async\" width=\"166\" height=\"150\" class=\"gb-media-af47c83d no-lightbox\" alt=\"\" src=\"https:\/\/plastimark.com\/wp-content\/uploads\/2026\/01\/LIGHT-icon.svg\" title=\"icona-di-design\"\/>\n\n\n\n<p class=\"gb-text gb-text-d6e4bbb4\">L\u00c9GER<\/p>\n<\/div>\n\n\n\n<div class=\"gb-element-47c683b7\">\n<img loading=\"lazy\" decoding=\"async\" width=\"166\" height=\"150\" class=\"gb-media-addfcb2b no-lightbox\" alt=\"\" src=\"https:\/\/plastimark.com\/wp-content\/uploads\/2026\/01\/CUSTOMISABLE-icon.svg\" title=\"icona-facile-da-manovrare\"\/>\n\n\n\n<p class=\"gb-text gb-text-00a701cd\">PERSONNALISABLE<\/p>\n<\/div>\n\n\n\n<div class=\"gb-element-a691ca01\">\n<img loading=\"lazy\" decoding=\"async\" width=\"166\" height=\"150\" class=\"gb-media-9b6135ae no-lightbox\" alt=\"\" src=\"https:\/\/plastimark.com\/wp-content\/uploads\/2026\/01\/EDUCATIONAL-icon.svg\" title=\"icona-senza-viti\"\/>\n\n\n\n<p class=\"gb-text gb-text-3199ce50\">\u00c9DUCATIF<\/p>\n<\/div>\n<\/div>\n\n\n<\/div>\n\n\n\n<div class=\"gb-element-7433462b\">\n<div class=\"gb-element-048980b0\">\n<\/div>\n\n\n\n<div class=\"wp-block-esab-accordion esab-ekj3qxye nested-accordion\" data-mode=\"individual\" data-close=\"true\"><div class=\"esab__container\">\n<div class=\"wp-block-esab-accordion-child esab__active_accordion\"><div class=\"esab__head\" role=\"button\" aria-expanded=\"true\"><div class=\"esab__heading_txt\"><h5 class=\"esab__heading_tag\">CARACT\u00c9RISTIQUES<\/h5><\/div><div class=\"esab__icon esab__active_icon\"><div class=\"esab__collapse\"> <svg xmlns=\"http:\/\/www.w3.org\/2000\/svg\" width=\"24\" height=\"24\" fill=\"currentColor\" viewBox=\"0 0 16 16\"><path fill-rule=\"evenodd\" d=\"M4.646 1.646a.5.5 0 0 1 .708 0l6 6a.5.5 0 0 1 0 .708l-6 6a.5.5 0 0 1-.708-.708L10.293 8 4.646 2.354a.5.5 0 0 1 0-.708\"><\/path><\/svg> <\/div><div class=\"esab__expand\"> <svg xmlns=\"http:\/\/www.w3.org\/2000\/svg\" width=\"24\" height=\"24\" fill=\"currentColor\" viewBox=\"0 0 16 16\"><path fill-rule=\"evenodd\" d=\"M1.646 4.646a.5.5 0 0 1 .708 0L8 10.293l5.646-5.647a.5.5 0 0 1 .708.708l-6 6a.5.5 0 0 1-.708 0l-6-6a.5.5 0 0 1 0-.708\"><\/path><\/svg> <\/div><\/div><\/div><div class=\"esab__body esab__active\">\n<div class=\"gb-element-bde2d163\">\n<p class=\"gb-text gb-text-763a608b\">Capacit\u00e9<\/p>\n\n\n\n<p class=\"gb-text gb-text-c6482640\">25 L<\/p>\n<\/div>\n\n\n\n<div class=\"gb-element-32b9c385\">\n<p class=\"gb-text gb-text-e94c202f\">Largeur<\/p>\n\n\n\n<p class=\"gb-text gb-text-4f8cfa2d\">375 mm<\/p>\n<\/div>\n\n\n\n<div class=\"gb-element-071d9e71\">\n<p class=\"gb-text gb-text-17121fea\">Hauteur<\/p>\n\n\n\n<p class=\"gb-text gb-text-950601ef\">730 mm<\/p>\n<\/div>\n\n\n\n<div class=\"gb-element-2fbe176a\">\n<p class=\"gb-text gb-text-a72dfa7d\">Hauteur avec drapeau<\/p>\n\n\n\n<p class=\"gb-text gb-text-ab08c53e\">1.480 mm<\/p>\n<\/div>\n\n\n\n<div class=\"gb-element-c6d463ad\">\n<p class=\"gb-text gb-text-608aa953\">Profondeur<\/p>\n\n\n\n<p class=\"gb-text gb-text-cd275966\">600 mm<\/p>\n<\/div>\n\n\n\n<div class=\"gb-element-ac6c666c\">\n<p class=\"gb-text gb-text-624077b3\">Embo\u00eetement<\/p>\n\n\n\n<p class=\"gb-text gb-text-4e806a9b\">190 mm<\/p>\n<\/div>\n\n\n\n<div class=\"gb-element-9187c8e4\">\n<p class=\"gb-text gb-text-5877cd6a\">Poids<\/p>\n\n\n\n<p class=\"gb-text gb-text-41461ed5\">5,46 Kg<\/p>\n<\/div>\n<\/div><\/div>\n\n\n\n<div class=\"wp-block-esab-accordion-child\"><div class=\"esab__head\" role=\"button\" aria-expanded=\"false\"><div class=\"esab__heading_txt\"><h5 class=\"esab__heading_tag\">COULEURS<\/h5><\/div><div class=\"esab__icon\"><div class=\"esab__collapse\"> <svg xmlns=\"http:\/\/www.w3.org\/2000\/svg\" width=\"24\" height=\"24\" fill=\"currentColor\" viewBox=\"0 0 16 16\"><path fill-rule=\"evenodd\" d=\"M4.646 1.646a.5.5 0 0 1 .708 0l6 6a.5.5 0 0 1 0 .708l-6 6a.5.5 0 0 1-.708-.708L10.293 8 4.646 2.354a.5.5 0 0 1 0-.708\"><\/path><\/svg> <\/div><div class=\"esab__expand\"> <svg xmlns=\"http:\/\/www.w3.org\/2000\/svg\" width=\"24\" height=\"24\" fill=\"currentColor\" viewBox=\"0 0 16 16\"><path fill-rule=\"evenodd\" d=\"M1.646 4.646a.5.5 0 0 1 .708 0L8 10.293l5.646-5.647a.5.5 0 0 1 .708.708l-6 6a.5.5 0 0 1-.708 0l-6-6a.5.5 0 0 1 0-.708\"><\/path><\/svg> <\/div><\/div><\/div><div class=\"esab__body\">\n<div class=\"gb-element-0bdf266d\">\n<div>\n<p class=\"gb-text gb-text-7b021073\">Panier \/ Poign\u00e9e<\/p>\n<\/div>\n\n\n\n<div>\n<div class=\"gb-element-90ee72c5\">\n<div class=\"gb-element-33377bcc\">\n<div class=\"gb-element-7dddd618\"><\/div>\n\n\n\n<p class=\"gb-text gb-text-81f13b74\">ROUGE<\/p>\n<\/div>\n\n\n\n<div class=\"gb-element-770d1f30\">\n<div class=\"gb-element-ce9543de\"><\/div>\n\n\n\n<p class=\"gb-text gb-text-49388635\">CYAN<\/p>\n<\/div>\n\n\n\n<div class=\"gb-element-86fc4df2\">\n<div class=\"gb-element-c7670a13\"><\/div>\n\n\n\n<p class=\"gb-text gb-text-18674bf5\">VERT<\/p>\n<\/div>\n\n\n\n<div class=\"gb-element-bb9dee8a\">\n<div class=\"gb-element-81cd3599\"><\/div>\n\n\n\n<p class=\"gb-text gb-text-482cbaaa\">GRIS<\/p>\n<\/div>\n<\/div>\n<\/div>\n<\/div>\n<\/div><\/div>\n\n\n\n<div class=\"wp-block-esab-accordion-child\"><div class=\"esab__head\" role=\"button\" aria-expanded=\"false\"><div class=\"esab__heading_txt\"><h5 class=\"esab__heading_tag\">D\u00c9TAIL DES ACCESSOIRES<\/h5><\/div><div class=\"esab__icon\"><div class=\"esab__collapse\"> <svg xmlns=\"http:\/\/www.w3.org\/2000\/svg\" width=\"24\" height=\"24\" fill=\"currentColor\" viewBox=\"0 0 16 16\"><path fill-rule=\"evenodd\" d=\"M4.646 1.646a.5.5 0 0 1 .708 0l6 6a.5.5 0 0 1 0 .708l-6 6a.5.5 0 0 1-.708-.708L10.293 8 4.646 2.354a.5.5 0 0 1 0-.708\"><\/path><\/svg> <\/div><div class=\"esab__expand\"> <svg xmlns=\"http:\/\/www.w3.org\/2000\/svg\" width=\"24\" height=\"24\" fill=\"currentColor\" viewBox=\"0 0 16 16\"><path fill-rule=\"evenodd\" d=\"M1.646 4.646a.5.5 0 0 1 .708 0L8 10.293l5.646-5.647a.5.5 0 0 1 .708.708l-6 6a.5.5 0 0 1-.708 0l-6-6a.5.5 0 0 1 0-.708\"><\/path><\/svg> <\/div><\/div><\/div><div class=\"esab__body\">\n<div class=\"gb-element-e4adeab7 gallery-set-accessori\">\n<div class=\"gb-element-e82cc796\">\n<img loading=\"lazy\" decoding=\"async\" width=\"2250\" height=\"1500\" class=\"gb-media-85ecd276\" alt=\"Drapeau\" src=\"https:\/\/plastimark.com\/wp-content\/uploads\/2025\/12\/Flag.webp\" title=\"Multi-coin lock (\u20ac - other)\" srcset=\"https:\/\/plastimark.com\/wp-content\/uploads\/2025\/12\/Flag.webp 2250w, https:\/\/plastimark.com\/wp-content\/uploads\/2025\/12\/Flag-300x200.webp 300w, https:\/\/plastimark.com\/wp-content\/uploads\/2025\/12\/Flag-1024x683.webp 1024w, https:\/\/plastimark.com\/wp-content\/uploads\/2025\/12\/Flag-768x512.webp 768w, https:\/\/plastimark.com\/wp-content\/uploads\/2025\/12\/Flag-1536x1024.webp 1536w, https:\/\/plastimark.com\/wp-content\/uploads\/2025\/12\/Flag-2048x1365.webp 2048w\" sizes=\"auto, (max-width: 2250px) 100vw, 2250px\" \/>\n\n\n\n<p class=\"gb-text gb-text-ad4b3fc6\">Drapeau<\/p>\n<\/div>\n\n\n\n<div class=\"gb-element-a7a835b0\">\n<img loading=\"lazy\" decoding=\"async\" width=\"2250\" height=\"1500\" class=\"gb-media-3c06a09f\" alt=\"Personnalisation de la poign\u00e9e\" src=\"https:\/\/plastimark.com\/wp-content\/uploads\/2025\/12\/Handle-personalisation.webp\" title=\"New-born seat\" srcset=\"https:\/\/plastimark.com\/wp-content\/uploads\/2025\/12\/Handle-personalisation.webp 2250w, https:\/\/plastimark.com\/wp-content\/uploads\/2025\/12\/Handle-personalisation-300x200.webp 300w, https:\/\/plastimark.com\/wp-content\/uploads\/2025\/12\/Handle-personalisation-1024x683.webp 1024w, https:\/\/plastimark.com\/wp-content\/uploads\/2025\/12\/Handle-personalisation-768x512.webp 768w, https:\/\/plastimark.com\/wp-content\/uploads\/2025\/12\/Handle-personalisation-1536x1024.webp 1536w, https:\/\/plastimark.com\/wp-content\/uploads\/2025\/12\/Handle-personalisation-2048x1365.webp 2048w\" sizes=\"auto, (max-width: 2250px) 100vw, 2250px\" \/>\n\n\n\n<p class=\"gb-text gb-text-fc2c4035\">Personnalisation de la poign\u00e9e<\/p>\n<\/div>\n<\/div>\n<\/div><\/div>\n\n\n\n<div class=\"wp-block-esab-accordion-child\"><div class=\"esab__head\" role=\"button\" aria-expanded=\"false\"><div class=\"esab__heading_txt\"><h5 class=\"esab__heading_tag\">ROUES<\/h5><\/div><div class=\"esab__icon\"><div class=\"esab__collapse\"> <svg xmlns=\"http:\/\/www.w3.org\/2000\/svg\" width=\"24\" height=\"24\" fill=\"currentColor\" viewBox=\"0 0 16 16\"><path fill-rule=\"evenodd\" d=\"M4.646 1.646a.5.5 0 0 1 .708 0l6 6a.5.5 0 0 1 0 .708l-6 6a.5.5 0 0 1-.708-.708L10.293 8 4.646 2.354a.5.5 0 0 1 0-.708\"><\/path><\/svg> <\/div><div class=\"esab__expand\"> <svg xmlns=\"http:\/\/www.w3.org\/2000\/svg\" width=\"24\" height=\"24\" fill=\"currentColor\" viewBox=\"0 0 16 16\"><path fill-rule=\"evenodd\" d=\"M1.646 4.646a.5.5 0 0 1 .708 0L8 10.293l5.646-5.647a.5.5 0 0 1 .708.708l-6 6a.5.5 0 0 1-.708 0l-6-6a.5.5 0 0 1 0-.708\"><\/path><\/svg> <\/div><\/div><\/div><div class=\"esab__body\">\n<div class=\"gb-element-6bae369b\">\n<p class=\"gb-text gb-text-d325209a\">4 Roues pivotantes<\/p>\n\n\n\n<p class=\"gb-text\">\u00d8 75 mm<\/p>\n<\/div>\n<\/div><\/div>\n\n\n\n<div class=\"wp-block-esab-accordion-child\"><div class=\"esab__head\" role=\"button\" aria-expanded=\"false\"><div class=\"esab__heading_txt\"><h5 class=\"esab__heading_tag\">CHARGEMENT<\/h5><\/div><div class=\"esab__icon\"><div class=\"esab__collapse\"> <svg xmlns=\"http:\/\/www.w3.org\/2000\/svg\" width=\"24\" height=\"24\" fill=\"currentColor\" viewBox=\"0 0 16 16\"><path fill-rule=\"evenodd\" d=\"M4.646 1.646a.5.5 0 0 1 .708 0l6 6a.5.5 0 0 1 0 .708l-6 6a.5.5 0 0 1-.708-.708L10.293 8 4.646 2.354a.5.5 0 0 1 0-.708\"><\/path><\/svg> <\/div><div class=\"esab__expand\"> <svg xmlns=\"http:\/\/www.w3.org\/2000\/svg\" width=\"24\" height=\"24\" fill=\"currentColor\" viewBox=\"0 0 16 16\"><path fill-rule=\"evenodd\" d=\"M1.646 4.646a.5.5 0 0 1 .708 0L8 10.293l5.646-5.647a.5.5 0 0 1 .708.708l-6 6a.5.5 0 0 1-.708 0l-6-6a.5.5 0 0 1 0-.708\"><\/path><\/svg> <\/div><\/div><\/div><div class=\"esab__body\">\n<div class=\"gb-element-094e6ba8\">\n<p class=\"gb-text gb-text-c568f2a7\">1 Palette<br>(120x80xh. 130 cm)<\/p>\n\n\n\n<p class=\"gb-text gb-text-9467a918\">n. 10 pi\u00e8ces<\/p>\n<\/div>\n<\/div><\/div>\n<\/div><\/div>\n<\/div>\n<\/div>\n","protected":false},"featured_media":0,"template":"","meta":{"_acf_changed":false},"class_list":["post-262927","product","type-product","status-publish","hentry"],"acf":[],"yoast_head":"<!-- This site is optimized with the Yoast SEO plugin v27.2 - https:\/\/yoast.com\/product\/yoast-seo-wordpress\/ -->\n<title>Chariot de supermarch\u00e9 pour enfants | Plastimark<\/title>\n<meta name=\"description\" content=\"Un petit chariot hybride en miniature, con\u00e7u pour les enfants\" \/>\n<meta name=\"robots\" content=\"index, follow, max-snippet:-1, max-image-preview:large, max-video-preview:-1\" \/>\n<link rel=\"canonical\" href=\"https:\/\/plastimark.com\/fr\/produit\/baby-trolley\/\" \/>\n<meta property=\"og:locale\" content=\"fr_FR\" \/>\n<meta property=\"og:type\" content=\"article\" \/>\n<meta property=\"og:title\" content=\"Chariot de supermarch\u00e9 pour enfants | Plastimark\" \/>\n<meta property=\"og:description\" content=\"Un petit chariot hybride en miniature, con\u00e7u pour les enfants\" \/>\n<meta property=\"og:url\" content=\"https:\/\/plastimark.com\/fr\/produit\/baby-trolley\/\" \/>\n<meta property=\"og:site_name\" content=\"Plastimark\" \/>\n<meta property=\"article:publisher\" content=\"https:\/\/www.facebook.com\/Plastimark\" \/>\n<meta property=\"article:modified_time\" content=\"2026-02-24T11:27:58+00:00\" \/>\n<meta property=\"og:image\" content=\"https:\/\/plastimark.com\/wp-content\/uploads\/2025\/12\/Baby-Trolley-side-in-motion.webp\" \/>\n<meta name=\"twitter:card\" content=\"summary_large_image\" \/>\n<meta name=\"twitter:label1\" content=\"Dur\u00e9e de lecture estim\u00e9e\" \/>\n\t<meta name=\"twitter:data1\" content=\"4 minutes\" \/>\n<script type=\"application\/ld+json\" class=\"yoast-schema-graph\">{\"@context\":\"https:\/\/schema.org\",\"@graph\":[{\"@type\":\"WebPage\",\"@id\":\"https:\/\/plastimark.com\/fr\/produit\/baby-trolley\/\",\"url\":\"https:\/\/plastimark.com\/fr\/produit\/baby-trolley\/\",\"name\":\"Chariot de supermarch\u00e9 pour enfants | Plastimark\",\"isPartOf\":{\"@id\":\"https:\/\/plastimark.com\/fr\/#website\"},\"primaryImageOfPage\":{\"@id\":\"https:\/\/plastimark.com\/fr\/produit\/baby-trolley\/#primaryimage\"},\"image\":{\"@id\":\"https:\/\/plastimark.com\/fr\/produit\/baby-trolley\/#primaryimage\"},\"thumbnailUrl\":\"https:\/\/plastimark.com\/wp-content\/uploads\/2025\/12\/Baby-Trolley-side-in-motion.webp\",\"datePublished\":\"2025-12-04T08:22:19+00:00\",\"dateModified\":\"2026-02-24T11:27:58+00:00\",\"description\":\"Un petit chariot hybride en miniature, con\u00e7u pour les enfants\",\"breadcrumb\":{\"@id\":\"https:\/\/plastimark.com\/fr\/produit\/baby-trolley\/#breadcrumb\"},\"inLanguage\":\"fr-FR\",\"potentialAction\":[{\"@type\":\"ReadAction\",\"target\":[\"https:\/\/plastimark.com\/fr\/produit\/baby-trolley\/\"]}]},{\"@type\":\"ImageObject\",\"inLanguage\":\"fr-FR\",\"@id\":\"https:\/\/plastimark.com\/fr\/produit\/baby-trolley\/#primaryimage\",\"url\":\"https:\/\/plastimark.com\/wp-content\/uploads\/2025\/12\/Baby-Trolley-side-in-motion.webp\",\"contentUrl\":\"https:\/\/plastimark.com\/wp-content\/uploads\/2025\/12\/Baby-Trolley-side-in-motion.webp\"},{\"@type\":\"BreadcrumbList\",\"@id\":\"https:\/\/plastimark.com\/fr\/produit\/baby-trolley\/#breadcrumb\",\"itemListElement\":[{\"@type\":\"ListItem\",\"position\":1,\"name\":\"Home\",\"item\":\"https:\/\/plastimark.com\/fr\/\"},{\"@type\":\"ListItem\",\"position\":2,\"name\":\"Baby Trolley\"}]},{\"@type\":\"WebSite\",\"@id\":\"https:\/\/plastimark.com\/fr\/#website\",\"url\":\"https:\/\/plastimark.com\/fr\/\",\"name\":\"Plastimark\",\"description\":\"Carrelli e cestini per la spesa in plastica\",\"publisher\":{\"@id\":\"https:\/\/plastimark.com\/fr\/#organization\"},\"potentialAction\":[{\"@type\":\"SearchAction\",\"target\":{\"@type\":\"EntryPoint\",\"urlTemplate\":\"https:\/\/plastimark.com\/fr\/?s={search_term_string}\"},\"query-input\":{\"@type\":\"PropertyValueSpecification\",\"valueRequired\":true,\"valueName\":\"search_term_string\"}}],\"inLanguage\":\"fr-FR\"},{\"@type\":\"Organization\",\"@id\":\"https:\/\/plastimark.com\/fr\/#organization\",\"name\":\"Plastimark\",\"url\":\"https:\/\/plastimark.com\/fr\/\",\"logo\":{\"@type\":\"ImageObject\",\"inLanguage\":\"fr-FR\",\"@id\":\"https:\/\/plastimark.com\/fr\/#\/schema\/logo\/image\/\",\"url\":\"https:\/\/plastimark.com\/wp-content\/uploads\/2025\/11\/logo-plastimark.svg\",\"contentUrl\":\"https:\/\/plastimark.com\/wp-content\/uploads\/2025\/11\/logo-plastimark.svg\",\"width\":313,\"height\":81,\"caption\":\"Plastimark\"},\"image\":{\"@id\":\"https:\/\/plastimark.com\/fr\/#\/schema\/logo\/image\/\"},\"sameAs\":[\"https:\/\/www.facebook.com\/Plastimark\",\"https:\/\/www.linkedin.com\/company\/plastimark-spa\/\",\"https:\/\/www.instagram.com\/plastimark\/\",\"https:\/\/www.youtube.com\/@plastimark\"]}]}<\/script>\n<!-- \/ Yoast SEO plugin. -->","yoast_head_json":{"title":"Chariot de supermarch\u00e9 pour enfants | Plastimark","description":"Un petit chariot hybride en miniature, con\u00e7u pour les enfants","robots":{"index":"index","follow":"follow","max-snippet":"max-snippet:-1","max-image-preview":"max-image-preview:large","max-video-preview":"max-video-preview:-1"},"canonical":"https:\/\/plastimark.com\/fr\/produit\/baby-trolley\/","og_locale":"fr_FR","og_type":"article","og_title":"Chariot de supermarch\u00e9 pour enfants | Plastimark","og_description":"Un petit chariot hybride en miniature, con\u00e7u pour les enfants","og_url":"https:\/\/plastimark.com\/fr\/produit\/baby-trolley\/","og_site_name":"Plastimark","article_publisher":"https:\/\/www.facebook.com\/Plastimark","article_modified_time":"2026-02-24T11:27:58+00:00","og_image":[{"url":"https:\/\/plastimark.com\/wp-content\/uploads\/2025\/12\/Baby-Trolley-side-in-motion.webp","type":"","width":"","height":""}],"twitter_card":"summary_large_image","twitter_misc":{"Dur\u00e9e de lecture estim\u00e9e":"4 minutes"},"schema":{"@context":"https:\/\/schema.org","@graph":[{"@type":"WebPage","@id":"https:\/\/plastimark.com\/fr\/produit\/baby-trolley\/","url":"https:\/\/plastimark.com\/fr\/produit\/baby-trolley\/","name":"Chariot de supermarch\u00e9 pour enfants | Plastimark","isPartOf":{"@id":"https:\/\/plastimark.com\/fr\/#website"},"primaryImageOfPage":{"@id":"https:\/\/plastimark.com\/fr\/produit\/baby-trolley\/#primaryimage"},"image":{"@id":"https:\/\/plastimark.com\/fr\/produit\/baby-trolley\/#primaryimage"},"thumbnailUrl":"https:\/\/plastimark.com\/wp-content\/uploads\/2025\/12\/Baby-Trolley-side-in-motion.webp","datePublished":"2025-12-04T08:22:19+00:00","dateModified":"2026-02-24T11:27:58+00:00","description":"Un petit chariot hybride en miniature, con\u00e7u pour les enfants","breadcrumb":{"@id":"https:\/\/plastimark.com\/fr\/produit\/baby-trolley\/#breadcrumb"},"inLanguage":"fr-FR","potentialAction":[{"@type":"ReadAction","target":["https:\/\/plastimark.com\/fr\/produit\/baby-trolley\/"]}]},{"@type":"ImageObject","inLanguage":"fr-FR","@id":"https:\/\/plastimark.com\/fr\/produit\/baby-trolley\/#primaryimage","url":"https:\/\/plastimark.com\/wp-content\/uploads\/2025\/12\/Baby-Trolley-side-in-motion.webp","contentUrl":"https:\/\/plastimark.com\/wp-content\/uploads\/2025\/12\/Baby-Trolley-side-in-motion.webp"},{"@type":"BreadcrumbList","@id":"https:\/\/plastimark.com\/fr\/produit\/baby-trolley\/#breadcrumb","itemListElement":[{"@type":"ListItem","position":1,"name":"Home","item":"https:\/\/plastimark.com\/fr\/"},{"@type":"ListItem","position":2,"name":"Baby Trolley"}]},{"@type":"WebSite","@id":"https:\/\/plastimark.com\/fr\/#website","url":"https:\/\/plastimark.com\/fr\/","name":"Plastimark","description":"Carrelli e cestini per la spesa in plastica","publisher":{"@id":"https:\/\/plastimark.com\/fr\/#organization"},"potentialAction":[{"@type":"SearchAction","target":{"@type":"EntryPoint","urlTemplate":"https:\/\/plastimark.com\/fr\/?s={search_term_string}"},"query-input":{"@type":"PropertyValueSpecification","valueRequired":true,"valueName":"search_term_string"}}],"inLanguage":"fr-FR"},{"@type":"Organization","@id":"https:\/\/plastimark.com\/fr\/#organization","name":"Plastimark","url":"https:\/\/plastimark.com\/fr\/","logo":{"@type":"ImageObject","inLanguage":"fr-FR","@id":"https:\/\/plastimark.com\/fr\/#\/schema\/logo\/image\/","url":"https:\/\/plastimark.com\/wp-content\/uploads\/2025\/11\/logo-plastimark.svg","contentUrl":"https:\/\/plastimark.com\/wp-content\/uploads\/2025\/11\/logo-plastimark.svg","width":313,"height":81,"caption":"Plastimark"},"image":{"@id":"https:\/\/plastimark.com\/fr\/#\/schema\/logo\/image\/"},"sameAs":["https:\/\/www.facebook.com\/Plastimark","https:\/\/www.linkedin.com\/company\/plastimark-spa\/","https:\/\/www.instagram.com\/plastimark\/","https:\/\/www.youtube.com\/@plastimark"]}]}},"_links":{"self":[{"href":"https:\/\/plastimark.com\/fr\/wp-json\/wp\/v2\/product\/262927","targetHints":{"allow":["GET"]}}],"collection":[{"href":"https:\/\/plastimark.com\/fr\/wp-json\/wp\/v2\/product"}],"about":[{"href":"https:\/\/plastimark.com\/fr\/wp-json\/wp\/v2\/types\/product"}],"wp:attachment":[{"href":"https:\/\/plastimark.com\/fr\/wp-json\/wp\/v2\/media?parent=262927"}],"curies":[{"name":"wp","href":"https:\/\/api.w.org\/{rel}","templated":true}]}}