{"id":262898,"date":"2025-12-04T09:23:20","date_gmt":"2025-12-04T08:23:20","guid":{"rendered":"https:\/\/plastimark-new.inode.it\/product\/onda\/"},"modified":"2026-03-16T15:38:27","modified_gmt":"2026-03-16T14:38:27","slug":"onda","status":"publish","type":"product","link":"https:\/\/plastimark.com\/fr\/produit\/onda\/","title":{"rendered":"Onda"},"content":{"rendered":"\n<div class=\"gb-element-3c632dde\">\n<div class=\"gb-element-a02e6a89\">\n<h2 class=\"gb-text gb-text-faa3379e\"><strong>Onda <\/strong> 28 L<\/h2>\n\n\n\n<div class=\"splide gallery-set-pleasy\" id=\"main-carousel\" aria-label=\"Galleria Immagini\">\n<div class=\"splide__track\">\n<div class=\"splide__list\">\n<div class=\"splide__slide\">\n<img loading=\"lazy\" decoding=\"async\" width=\"1500\" height=\"1500\" class=\"gb-media-c5bfa31d\" alt=\"Onda vue lat\u00e9rale prise avec la main\" src=\"https:\/\/plastimark.com\/wp-content\/uploads\/2025\/12\/Onda-side-in-motion.webp\" title=\"Onda side in motion\" srcset=\"https:\/\/plastimark.com\/wp-content\/uploads\/2025\/12\/Onda-side-in-motion.webp 1500w, https:\/\/plastimark.com\/wp-content\/uploads\/2025\/12\/Onda-side-in-motion-300x300.webp 300w, https:\/\/plastimark.com\/wp-content\/uploads\/2025\/12\/Onda-side-in-motion-1024x1024.webp 1024w, https:\/\/plastimark.com\/wp-content\/uploads\/2025\/12\/Onda-side-in-motion-150x150.webp 150w, https:\/\/plastimark.com\/wp-content\/uploads\/2025\/12\/Onda-side-in-motion-768x768.webp 768w\" sizes=\"auto, (max-width: 1500px) 100vw, 1500px\" \/>\n<\/div>\n\n\n\n<div class=\"splide__slide\">\n<img loading=\"lazy\" decoding=\"async\" width=\"1500\" height=\"1500\" class=\"gb-media-83e6db29\" alt=\"Onda vue lat\u00e9rale prise avec le bras\" src=\"https:\/\/plastimark.com\/wp-content\/uploads\/2025\/12\/Onda-side.webp\" title=\"Onda side\" srcset=\"https:\/\/plastimark.com\/wp-content\/uploads\/2025\/12\/Onda-side.webp 1500w, https:\/\/plastimark.com\/wp-content\/uploads\/2025\/12\/Onda-side-300x300.webp 300w, https:\/\/plastimark.com\/wp-content\/uploads\/2025\/12\/Onda-side-1024x1024.webp 1024w, https:\/\/plastimark.com\/wp-content\/uploads\/2025\/12\/Onda-side-150x150.webp 150w, https:\/\/plastimark.com\/wp-content\/uploads\/2025\/12\/Onda-side-768x768.webp 768w\" sizes=\"auto, (max-width: 1500px) 100vw, 1500px\" \/>\n<\/div>\n\n\n\n<div class=\"splide__slide\">\n<img loading=\"lazy\" decoding=\"async\" width=\"1500\" height=\"1500\" class=\"gb-media-a97a6ef2\" alt=\"Onda avec courses\" src=\"https:\/\/plastimark.com\/wp-content\/uploads\/2025\/12\/Onda-side-2.webp\" title=\"Onda side 2\" srcset=\"https:\/\/plastimark.com\/wp-content\/uploads\/2025\/12\/Onda-side-2.webp 1500w, https:\/\/plastimark.com\/wp-content\/uploads\/2025\/12\/Onda-side-2-300x300.webp 300w, https:\/\/plastimark.com\/wp-content\/uploads\/2025\/12\/Onda-side-2-1024x1024.webp 1024w, https:\/\/plastimark.com\/wp-content\/uploads\/2025\/12\/Onda-side-2-150x150.webp 150w, https:\/\/plastimark.com\/wp-content\/uploads\/2025\/12\/Onda-side-2-768x768.webp 768w\" sizes=\"auto, (max-width: 1500px) 100vw, 1500px\" \/>\n<\/div>\n\n\n\n<div class=\"gb-element-7723a98e splide__slide\">\n<img loading=\"lazy\" decoding=\"async\" width=\"1500\" height=\"1500\" class=\"gb-media-b89c7112\" alt=\"Onda d\u00e9tail poign\u00e9e prise avec la main\" src=\"https:\/\/plastimark.com\/wp-content\/uploads\/2025\/12\/Onda-handle-detail.webp\" title=\"Onda handle detail\" srcset=\"https:\/\/plastimark.com\/wp-content\/uploads\/2025\/12\/Onda-handle-detail.webp 1500w, https:\/\/plastimark.com\/wp-content\/uploads\/2025\/12\/Onda-handle-detail-300x300.webp 300w, https:\/\/plastimark.com\/wp-content\/uploads\/2025\/12\/Onda-handle-detail-1024x1024.webp 1024w, https:\/\/plastimark.com\/wp-content\/uploads\/2025\/12\/Onda-handle-detail-150x150.webp 150w, https:\/\/plastimark.com\/wp-content\/uploads\/2025\/12\/Onda-handle-detail-768x768.webp 768w\" sizes=\"auto, (max-width: 1500px) 100vw, 1500px\" \/>\n<\/div>\n\n\n\n<div class=\"gb-element-2bb56a6d splide__slide\">\n<img loading=\"lazy\" decoding=\"async\" width=\"1500\" height=\"1500\" class=\"gb-media-08349521\" alt=\"Onda d\u00e9tail poign\u00e9e prise avec le bras\" src=\"https:\/\/plastimark.com\/wp-content\/uploads\/2025\/12\/Onda-handling.webp\" title=\"Onda handling\" srcset=\"https:\/\/plastimark.com\/wp-content\/uploads\/2025\/12\/Onda-handling.webp 1500w, https:\/\/plastimark.com\/wp-content\/uploads\/2025\/12\/Onda-handling-300x300.webp 300w, https:\/\/plastimark.com\/wp-content\/uploads\/2025\/12\/Onda-handling-1024x1024.webp 1024w, https:\/\/plastimark.com\/wp-content\/uploads\/2025\/12\/Onda-handling-150x150.webp 150w, https:\/\/plastimark.com\/wp-content\/uploads\/2025\/12\/Onda-handling-768x768.webp 768w\" sizes=\"auto, (max-width: 1500px) 100vw, 1500px\" \/>\n<\/div>\n\n\n\n<div class=\"gb-element-838e1491 splide__slide\">\n<img loading=\"lazy\" decoding=\"async\" width=\"1500\" height=\"1500\" class=\"gb-media-f22525d9\" alt=\"Onda d\u00e9tail prise avec la main avec courses\" src=\"https:\/\/plastimark.com\/wp-content\/uploads\/2025\/12\/Onda-handling-2.webp\" title=\"Onda handling 2\" srcset=\"https:\/\/plastimark.com\/wp-content\/uploads\/2025\/12\/Onda-handling-2.webp 1500w, https:\/\/plastimark.com\/wp-content\/uploads\/2025\/12\/Onda-handling-2-300x300.webp 300w, https:\/\/plastimark.com\/wp-content\/uploads\/2025\/12\/Onda-handling-2-1024x1024.webp 1024w, https:\/\/plastimark.com\/wp-content\/uploads\/2025\/12\/Onda-handling-2-150x150.webp 150w, https:\/\/plastimark.com\/wp-content\/uploads\/2025\/12\/Onda-handling-2-768x768.webp 768w\" sizes=\"auto, (max-width: 1500px) 100vw, 1500px\" \/>\n<\/div>\n\n\n\n<div class=\"gb-element-44a94eb8 splide__slide\">\n<img loading=\"lazy\" decoding=\"async\" width=\"1500\" height=\"1500\" class=\"gb-media-4e4aabb1\" alt=\"Onda vue du haut\" src=\"https:\/\/plastimark.com\/wp-content\/uploads\/2025\/12\/Onda-birds-eye-view.webp\" title=\"Onda bird&apos;s-eye view\" srcset=\"https:\/\/plastimark.com\/wp-content\/uploads\/2025\/12\/Onda-birds-eye-view.webp 1500w, https:\/\/plastimark.com\/wp-content\/uploads\/2025\/12\/Onda-birds-eye-view-300x300.webp 300w, https:\/\/plastimark.com\/wp-content\/uploads\/2025\/12\/Onda-birds-eye-view-1024x1024.webp 1024w, https:\/\/plastimark.com\/wp-content\/uploads\/2025\/12\/Onda-birds-eye-view-150x150.webp 150w, https:\/\/plastimark.com\/wp-content\/uploads\/2025\/12\/Onda-birds-eye-view-768x768.webp 768w\" sizes=\"auto, (max-width: 1500px) 100vw, 1500px\" \/>\n<\/div>\n\n\n\n<div class=\"gb-element-25d6140a splide__slide\">\n<img loading=\"lazy\" decoding=\"async\" width=\"1500\" height=\"1500\" class=\"gb-media-d504e8dd\" alt=\"Onda rang\u00e9\" src=\"https:\/\/plastimark.com\/wp-content\/uploads\/2025\/12\/Onda-nested.webp\" title=\"Onda nested\" srcset=\"https:\/\/plastimark.com\/wp-content\/uploads\/2025\/12\/Onda-nested.webp 1500w, https:\/\/plastimark.com\/wp-content\/uploads\/2025\/12\/Onda-nested-300x300.webp 300w, https:\/\/plastimark.com\/wp-content\/uploads\/2025\/12\/Onda-nested-1024x1024.webp 1024w, https:\/\/plastimark.com\/wp-content\/uploads\/2025\/12\/Onda-nested-150x150.webp 150w, https:\/\/plastimark.com\/wp-content\/uploads\/2025\/12\/Onda-nested-768x768.webp 768w\" sizes=\"auto, (max-width: 1500px) 100vw, 1500px\" \/>\n<\/div>\n<\/div>\n<\/div>\n<\/div>\n\n\n\n<div class=\"gb-element-18c90475 splide\" id=\"thumbnail-carousel\" aria-label=\"Navigazione miniature\">\n<div class=\"splide__track\">\n<div class=\"splide__list\"><\/div>\n<\/div>\n<\/div>\n\n\n\n<p class=\"gb-text\">Parfait pour vos courses quotidiennes, Onda est le panier \u00e0 main id\u00e9al pour assurer confort et praticit\u00e9.<br><br>D&rsquo;une capacit\u00e9 de 28 litres, il allie des dimensions compactes \u00e0 une capacit\u00e9 optimale pour une utilisation quotidienne.<\/p>\n\n\n\n<p class=\"gb-text\">Son design le rend facile \u00e0 transporter \u00e0 la main et au bras, tandis que la structure robuste assure durabilit\u00e9 et r\u00e9sistance m\u00eame dans des contextes d&rsquo;utilisation \u00e0 haute fr\u00e9quence, tels que les supermarch\u00e9s, les magasins de proximit\u00e9 ou les march\u00e9s.<\/p>\n\n\n\n<div class=\"gb-element-a2bbc957\">\n<div class=\"gb-element-c7572b58\">\n<img loading=\"lazy\" decoding=\"async\" width=\"166\" height=\"150\" class=\"gb-media-b72f7cb1 no-lightbox\" alt=\"\" src=\"https:\/\/plastimark.com\/wp-content\/uploads\/2026\/01\/FUNCTIONAL-icon.svg\" title=\"icona-di-design\"\/>\n\n\n\n<p class=\"gb-text gb-text-fc5ac263\">FONCTIONNEL<\/p>\n<\/div>\n\n\n\n<div class=\"gb-element-c03d67e1\">\n<img loading=\"lazy\" decoding=\"async\" width=\"166\" height=\"150\" class=\"gb-media-1e5e5718 no-lightbox\" alt=\"\" src=\"https:\/\/plastimark.com\/wp-content\/uploads\/2026\/01\/LIGHT-icon.svg\" title=\"icona-facile-da-manovrare\"\/>\n\n\n\n<p class=\"gb-text gb-text-1e09ad74\">L\u00c9GER<\/p>\n<\/div>\n\n\n\n<div class=\"gb-element-3d93d521\">\n<img loading=\"lazy\" decoding=\"async\" width=\"166\" height=\"150\" class=\"gb-media-d48e31e1 no-lightbox\" alt=\"\" src=\"https:\/\/plastimark.com\/wp-content\/uploads\/2026\/01\/SUSTAINABLE-icon.svg\" title=\"icona-senza-viti\"\/>\n\n\n\n<p class=\"gb-text gb-text-601688c2\">DURABLE<\/p>\n<\/div>\n<\/div>\n\n\n\n<div class=\"gb-element-7154a248\">\n<div class=\"gb-element-1a1b84a5\">\n<a href=\"https:\/\/plastimark.com\/wp-content\/uploads\/PCF_Onda-FR.pdf\" target=\"_blank\" rel=\"noopener\"><img loading=\"lazy\" decoding=\"async\" width=\"245\" height=\"179\" class=\"gb-media-d26f506a\" alt=\"\" src=\"https:\/\/plastimark.com\/wp-content\/uploads\/2026\/02\/CO2-Footprint.svg\" title=\"icona-co2\"\/><\/a>\n<\/div>\n\n\n\n<div class=\"gb-element-27153ca4\">\n<a href=\"https:\/\/plastimark.com\/fr\/rfid\/\" target=\"_blank\" rel=\"noopener\"><img loading=\"lazy\" decoding=\"async\" width=\"245\" height=\"179\" class=\"gb-media-d6434816\" alt=\"\" src=\"https:\/\/plastimark.com\/wp-content\/uploads\/2026\/02\/RFID-Technology.svg\" title=\"icona-rfid\"\/><\/a>\n<\/div>\n\n\n\n<div class=\"gb-element-3c15cff4\">\n<a href=\"https:\/\/plastimark.com\/fr\/tuv-rheinland\/\" target=\"_blank\" rel=\"noopener\"><img decoding=\"async\" class=\"gb-media-2d37e96b no-lightbox\" alt=\"\" title=\"TUV-111299205-Tyko Onda Minityko\" src=\"https:\/\/plastimark.com\/wp-content\/uploads\/2025\/12\/TUV-111299205-Tyko-Onda-Minityko.webp\"\/><\/a>\n<\/div>\n<\/div>\n<\/div>\n\n\n\n<div class=\"gb-element-7433462b\">\n<div class=\"gb-element-048980b0\">\n<\/div>\n\n\n\n<div class=\"wp-block-esab-accordion esab-ekj3qxye nested-accordion\" data-mode=\"individual\" data-close=\"true\"><div class=\"esab__container\">\n<div class=\"wp-block-esab-accordion-child esab__active_accordion\"><div class=\"esab__head\" role=\"button\" aria-expanded=\"true\"><div class=\"esab__heading_txt\"><h5 class=\"esab__heading_tag\">CARACT\u00c9RISTIQUES<\/h5><\/div><div class=\"esab__icon esab__active_icon\"><div class=\"esab__collapse\"> <svg xmlns=\"http:\/\/www.w3.org\/2000\/svg\" width=\"24\" height=\"24\" fill=\"currentColor\" viewBox=\"0 0 16 16\"><path fill-rule=\"evenodd\" d=\"M4.646 1.646a.5.5 0 0 1 .708 0l6 6a.5.5 0 0 1 0 .708l-6 6a.5.5 0 0 1-.708-.708L10.293 8 4.646 2.354a.5.5 0 0 1 0-.708\"><\/path><\/svg> <\/div><div class=\"esab__expand\"> <svg xmlns=\"http:\/\/www.w3.org\/2000\/svg\" width=\"24\" height=\"24\" fill=\"currentColor\" viewBox=\"0 0 16 16\"><path fill-rule=\"evenodd\" d=\"M1.646 4.646a.5.5 0 0 1 .708 0L8 10.293l5.646-5.647a.5.5 0 0 1 .708.708l-6 6a.5.5 0 0 1-.708 0l-6-6a.5.5 0 0 1 0-.708\"><\/path><\/svg> <\/div><\/div><\/div><div class=\"esab__body esab__active\">\n<div class=\"gb-element-bde2d163\">\n<p class=\"gb-text gb-text-763a608b\">Capacit\u00e9<\/p>\n\n\n\n<p class=\"gb-text gb-text-c6482640\">28 L<\/p>\n<\/div>\n\n\n\n<div class=\"gb-element-32b9c385\">\n<p class=\"gb-text gb-text-e94c202f\">Largeur<\/p>\n\n\n\n<p class=\"gb-text gb-text-4f8cfa2d\">482 mm<\/p>\n<\/div>\n\n\n\n<div class=\"gb-element-071d9e71\">\n<p class=\"gb-text gb-text-17121fea\">Hauteur<\/p>\n\n\n\n<p class=\"gb-text gb-text-950601ef\">270 mm<\/p>\n<\/div>\n\n\n\n<div class=\"gb-element-8b96554a\">\n<p class=\"gb-text gb-text-332d4032\">Profondeur<\/p>\n\n\n\n<p class=\"gb-text gb-text-5a867bf5\">332 mm<\/p>\n<\/div>\n\n\n\n<div class=\"gb-element-ac6c666c\">\n<p class=\"gb-text gb-text-624077b3\">Empilabilit\u00e9<\/p>\n\n\n\n<p class=\"gb-text gb-text-4e806a9b\">34 mm<\/p>\n<\/div>\n\n\n\n<div class=\"gb-element-9187c8e4\">\n<p class=\"gb-text gb-text-5877cd6a\">Poids<\/p>\n\n\n\n<p class=\"gb-text gb-text-41461ed5\">860 gr<\/p>\n<\/div>\n<\/div><\/div>\n\n\n\n<div class=\"wp-block-esab-accordion-child\"><div class=\"esab__head\" role=\"button\" aria-expanded=\"false\"><div class=\"esab__heading_txt\"><h5 class=\"esab__heading_tag\">COULEURS STANDARD<\/h5><\/div><div class=\"esab__icon\"><div class=\"esab__collapse\"> <svg xmlns=\"http:\/\/www.w3.org\/2000\/svg\" width=\"24\" height=\"24\" fill=\"currentColor\" viewBox=\"0 0 16 16\"><path fill-rule=\"evenodd\" d=\"M4.646 1.646a.5.5 0 0 1 .708 0l6 6a.5.5 0 0 1 0 .708l-6 6a.5.5 0 0 1-.708-.708L10.293 8 4.646 2.354a.5.5 0 0 1 0-.708\"><\/path><\/svg> <\/div><div class=\"esab__expand\"> <svg xmlns=\"http:\/\/www.w3.org\/2000\/svg\" width=\"24\" height=\"24\" fill=\"currentColor\" viewBox=\"0 0 16 16\"><path fill-rule=\"evenodd\" d=\"M1.646 4.646a.5.5 0 0 1 .708 0L8 10.293l5.646-5.647a.5.5 0 0 1 .708.708l-6 6a.5.5 0 0 1-.708 0l-6-6a.5.5 0 0 1 0-.708\"><\/path><\/svg> <\/div><\/div><\/div><div class=\"esab__body\">\n<div class=\"gb-element-0bdf266d\">\n<div>\n<p class=\"gb-text gb-text-7b021073\">Panier<\/p>\n<\/div>\n\n\n\n<div class=\"gb-element-3630184f\">\n<div class=\"gb-element-443c30aa\">\n<div class=\"gb-element-af3e5fa5\"><\/div>\n\n\n\n<p class=\"gb-text gb-text-20a44252\">RAL 9005<\/p>\n<\/div>\n<\/div>\n\n\n\n<div>\n<div>\n<p class=\"gb-text gb-text-88de339b\">Poign\u00e9e<\/p>\n<\/div>\n\n\n\n<div class=\"gb-element-90ee72c5\">\n<div class=\"gb-element-829323be\">\n<div class=\"gb-element-27f8f28a\"><\/div>\n\n\n\n<p class=\"gb-text gb-text-9d9fff38\">RAL 2008<\/p>\n<\/div>\n\n\n\n<div class=\"gb-element-33377bcc\">\n<div class=\"gb-element-7dddd618\"><\/div>\n\n\n\n<p class=\"gb-text gb-text-81f13b74\">RAL 3020<\/p>\n<\/div>\n\n\n\n<div class=\"gb-element-770d1f30\">\n<div class=\"gb-element-ce9543de\"><\/div>\n\n\n\n<p class=\"gb-text gb-text-49388635\">RAL 5015<\/p>\n<\/div>\n\n\n\n<div class=\"gb-element-2c77d78f\">\n<div class=\"gb-element-ab296718\"><\/div>\n\n\n\n<p class=\"gb-text gb-text-ee1c574e\">P 368C<\/p>\n<\/div>\n<\/div>\n\n\n\n<p class=\"gb-text gb-text-75687a78\">Personnalisable dans n&rsquo;importe quelle couleur \u00e0 la demande du client, avec une quantit\u00e9 minimale de commande.<\/p>\n<\/div>\n<\/div>\n<\/div><\/div>\n\n\n\n<div class=\"wp-block-esab-accordion-child\"><div class=\"esab__head\" role=\"button\" aria-expanded=\"false\"><div class=\"esab__heading_txt\"><h5 class=\"esab__heading_tag\">CHARGEMENT<\/h5><\/div><div class=\"esab__icon\"><div class=\"esab__collapse\"> <svg xmlns=\"http:\/\/www.w3.org\/2000\/svg\" width=\"24\" height=\"24\" fill=\"currentColor\" viewBox=\"0 0 16 16\"><path fill-rule=\"evenodd\" d=\"M4.646 1.646a.5.5 0 0 1 .708 0l6 6a.5.5 0 0 1 0 .708l-6 6a.5.5 0 0 1-.708-.708L10.293 8 4.646 2.354a.5.5 0 0 1 0-.708\"><\/path><\/svg> <\/div><div class=\"esab__expand\"> <svg xmlns=\"http:\/\/www.w3.org\/2000\/svg\" width=\"24\" height=\"24\" fill=\"currentColor\" viewBox=\"0 0 16 16\"><path fill-rule=\"evenodd\" d=\"M1.646 4.646a.5.5 0 0 1 .708 0L8 10.293l5.646-5.647a.5.5 0 0 1 .708.708l-6 6a.5.5 0 0 1-.708 0l-6-6a.5.5 0 0 1 0-.708\"><\/path><\/svg> <\/div><\/div><\/div><div class=\"esab__body\">\n<div class=\"gb-element-094e6ba8\">\n<p class=\"gb-text gb-text-c568f2a7\">Palette (103x120xh. 230 cm)<\/p>\n\n\n\n<p class=\"gb-text gb-text-9467a918\">n. 399 pi\u00e8ces<\/p>\n<\/div>\n\n\n\n<div class=\"gb-element-c78f7bf7\">\n<p class=\"gb-text gb-text-71947101\">1 Camion<\/p>\n\n\n\n<p class=\"gb-text gb-text-3af20ddd\">n. 10.374 pi\u00e8ces<\/p>\n<\/div>\n\n\n\n<div class=\"gb-element-98b47759\">\n<p class=\"gb-text gb-text-7ddd9ddc\">1 x 20\u2019 Conteneur<\/p>\n\n\n\n<p class=\"gb-text gb-text-1cabbd69\">n. 4.104 pi\u00e8ces<\/p>\n<\/div>\n\n\n\n<div class=\"gb-element-effcbe3b\">\n<p class=\"gb-text gb-text-739398c0\">1 x 40\u2019 Conteneur<\/p>\n\n\n\n<p class=\"gb-text gb-text-9a4d720a\">n. 8.208 pi\u00e8ces<\/p>\n<\/div>\n<\/div><\/div>\n<\/div><\/div>\n<\/div>\n<\/div>\n","protected":false},"featured_media":0,"template":"","meta":{"_acf_changed":false},"class_list":["post-262898","product","type-product","status-publish","hentry"],"acf":[],"yoast_head":"<!-- This site is optimized with the Yoast SEO plugin v27.2 - https:\/\/yoast.com\/product\/yoast-seo-wordpress\/ -->\n<title>Panier de supermarch\u00e9 plastique recycl\u00e9 Onda | Plastimark<\/title>\n<meta name=\"description\" content=\"Panier en plastique noir 100% recycl\u00e9, l\u00e9ger et facile \u00e0 manipuler, Onda est id\u00e9al pour les achats dans les magasins et les supermarch\u00e9s.\" \/>\n<meta name=\"robots\" content=\"index, follow, max-snippet:-1, max-image-preview:large, max-video-preview:-1\" \/>\n<link rel=\"canonical\" href=\"https:\/\/plastimark.com\/fr\/produit\/onda\/\" \/>\n<meta property=\"og:locale\" content=\"fr_FR\" \/>\n<meta property=\"og:type\" content=\"article\" \/>\n<meta property=\"og:title\" content=\"Panier de supermarch\u00e9 plastique recycl\u00e9 Onda | Plastimark\" \/>\n<meta property=\"og:description\" content=\"Panier en plastique noir 100% recycl\u00e9, l\u00e9ger et facile \u00e0 manipuler, Onda est id\u00e9al pour les achats dans les magasins et les supermarch\u00e9s.\" \/>\n<meta property=\"og:url\" content=\"https:\/\/plastimark.com\/fr\/produit\/onda\/\" \/>\n<meta property=\"og:site_name\" content=\"Plastimark\" \/>\n<meta property=\"article:publisher\" content=\"https:\/\/www.facebook.com\/Plastimark\" \/>\n<meta property=\"article:modified_time\" content=\"2026-03-16T14:38:27+00:00\" \/>\n<meta property=\"og:image\" content=\"https:\/\/plastimark.com\/wp-content\/uploads\/2025\/12\/Onda-side-in-motion.webp\" \/>\n<meta name=\"twitter:card\" content=\"summary_large_image\" \/>\n<meta name=\"twitter:label1\" content=\"Dur\u00e9e de lecture estim\u00e9e\" \/>\n\t<meta name=\"twitter:data1\" content=\"4 minutes\" \/>\n<script type=\"application\/ld+json\" class=\"yoast-schema-graph\">{\"@context\":\"https:\/\/schema.org\",\"@graph\":[{\"@type\":\"WebPage\",\"@id\":\"https:\/\/plastimark.com\/fr\/produit\/onda\/\",\"url\":\"https:\/\/plastimark.com\/fr\/produit\/onda\/\",\"name\":\"Panier de supermarch\u00e9 plastique recycl\u00e9 Onda | Plastimark\",\"isPartOf\":{\"@id\":\"https:\/\/plastimark.com\/fr\/#website\"},\"primaryImageOfPage\":{\"@id\":\"https:\/\/plastimark.com\/fr\/produit\/onda\/#primaryimage\"},\"image\":{\"@id\":\"https:\/\/plastimark.com\/fr\/produit\/onda\/#primaryimage\"},\"thumbnailUrl\":\"https:\/\/plastimark.com\/wp-content\/uploads\/2025\/12\/Onda-side-in-motion.webp\",\"datePublished\":\"2025-12-04T08:23:20+00:00\",\"dateModified\":\"2026-03-16T14:38:27+00:00\",\"description\":\"Panier en plastique noir 100% recycl\u00e9, l\u00e9ger et facile \u00e0 manipuler, Onda est id\u00e9al pour les achats dans les magasins et les supermarch\u00e9s.\",\"breadcrumb\":{\"@id\":\"https:\/\/plastimark.com\/fr\/produit\/onda\/#breadcrumb\"},\"inLanguage\":\"fr-FR\",\"potentialAction\":[{\"@type\":\"ReadAction\",\"target\":[\"https:\/\/plastimark.com\/fr\/produit\/onda\/\"]}]},{\"@type\":\"ImageObject\",\"inLanguage\":\"fr-FR\",\"@id\":\"https:\/\/plastimark.com\/fr\/produit\/onda\/#primaryimage\",\"url\":\"https:\/\/plastimark.com\/wp-content\/uploads\/2025\/12\/Onda-side-in-motion.webp\",\"contentUrl\":\"https:\/\/plastimark.com\/wp-content\/uploads\/2025\/12\/Onda-side-in-motion.webp\"},{\"@type\":\"BreadcrumbList\",\"@id\":\"https:\/\/plastimark.com\/fr\/produit\/onda\/#breadcrumb\",\"itemListElement\":[{\"@type\":\"ListItem\",\"position\":1,\"name\":\"Home\",\"item\":\"https:\/\/plastimark.com\/fr\/\"},{\"@type\":\"ListItem\",\"position\":2,\"name\":\"Onda\"}]},{\"@type\":\"WebSite\",\"@id\":\"https:\/\/plastimark.com\/fr\/#website\",\"url\":\"https:\/\/plastimark.com\/fr\/\",\"name\":\"Plastimark\",\"description\":\"Carrelli e cestini per la spesa in plastica\",\"publisher\":{\"@id\":\"https:\/\/plastimark.com\/fr\/#organization\"},\"potentialAction\":[{\"@type\":\"SearchAction\",\"target\":{\"@type\":\"EntryPoint\",\"urlTemplate\":\"https:\/\/plastimark.com\/fr\/?s={search_term_string}\"},\"query-input\":{\"@type\":\"PropertyValueSpecification\",\"valueRequired\":true,\"valueName\":\"search_term_string\"}}],\"inLanguage\":\"fr-FR\"},{\"@type\":\"Organization\",\"@id\":\"https:\/\/plastimark.com\/fr\/#organization\",\"name\":\"Plastimark\",\"url\":\"https:\/\/plastimark.com\/fr\/\",\"logo\":{\"@type\":\"ImageObject\",\"inLanguage\":\"fr-FR\",\"@id\":\"https:\/\/plastimark.com\/fr\/#\/schema\/logo\/image\/\",\"url\":\"https:\/\/plastimark.com\/wp-content\/uploads\/2025\/11\/logo-plastimark.svg\",\"contentUrl\":\"https:\/\/plastimark.com\/wp-content\/uploads\/2025\/11\/logo-plastimark.svg\",\"width\":313,\"height\":81,\"caption\":\"Plastimark\"},\"image\":{\"@id\":\"https:\/\/plastimark.com\/fr\/#\/schema\/logo\/image\/\"},\"sameAs\":[\"https:\/\/www.facebook.com\/Plastimark\",\"https:\/\/www.linkedin.com\/company\/plastimark-spa\/\",\"https:\/\/www.instagram.com\/plastimark\/\",\"https:\/\/www.youtube.com\/@plastimark\"]}]}<\/script>\n<!-- \/ Yoast SEO plugin. -->","yoast_head_json":{"title":"Panier de supermarch\u00e9 plastique recycl\u00e9 Onda | Plastimark","description":"Panier en plastique noir 100% recycl\u00e9, l\u00e9ger et facile \u00e0 manipuler, Onda est id\u00e9al pour les achats dans les magasins et les supermarch\u00e9s.","robots":{"index":"index","follow":"follow","max-snippet":"max-snippet:-1","max-image-preview":"max-image-preview:large","max-video-preview":"max-video-preview:-1"},"canonical":"https:\/\/plastimark.com\/fr\/produit\/onda\/","og_locale":"fr_FR","og_type":"article","og_title":"Panier de supermarch\u00e9 plastique recycl\u00e9 Onda | Plastimark","og_description":"Panier en plastique noir 100% recycl\u00e9, l\u00e9ger et facile \u00e0 manipuler, Onda est id\u00e9al pour les achats dans les magasins et les supermarch\u00e9s.","og_url":"https:\/\/plastimark.com\/fr\/produit\/onda\/","og_site_name":"Plastimark","article_publisher":"https:\/\/www.facebook.com\/Plastimark","article_modified_time":"2026-03-16T14:38:27+00:00","og_image":[{"url":"https:\/\/plastimark.com\/wp-content\/uploads\/2025\/12\/Onda-side-in-motion.webp","type":"","width":"","height":""}],"twitter_card":"summary_large_image","twitter_misc":{"Dur\u00e9e de lecture estim\u00e9e":"4 minutes"},"schema":{"@context":"https:\/\/schema.org","@graph":[{"@type":"WebPage","@id":"https:\/\/plastimark.com\/fr\/produit\/onda\/","url":"https:\/\/plastimark.com\/fr\/produit\/onda\/","name":"Panier de supermarch\u00e9 plastique recycl\u00e9 Onda | Plastimark","isPartOf":{"@id":"https:\/\/plastimark.com\/fr\/#website"},"primaryImageOfPage":{"@id":"https:\/\/plastimark.com\/fr\/produit\/onda\/#primaryimage"},"image":{"@id":"https:\/\/plastimark.com\/fr\/produit\/onda\/#primaryimage"},"thumbnailUrl":"https:\/\/plastimark.com\/wp-content\/uploads\/2025\/12\/Onda-side-in-motion.webp","datePublished":"2025-12-04T08:23:20+00:00","dateModified":"2026-03-16T14:38:27+00:00","description":"Panier en plastique noir 100% recycl\u00e9, l\u00e9ger et facile \u00e0 manipuler, Onda est id\u00e9al pour les achats dans les magasins et les supermarch\u00e9s.","breadcrumb":{"@id":"https:\/\/plastimark.com\/fr\/produit\/onda\/#breadcrumb"},"inLanguage":"fr-FR","potentialAction":[{"@type":"ReadAction","target":["https:\/\/plastimark.com\/fr\/produit\/onda\/"]}]},{"@type":"ImageObject","inLanguage":"fr-FR","@id":"https:\/\/plastimark.com\/fr\/produit\/onda\/#primaryimage","url":"https:\/\/plastimark.com\/wp-content\/uploads\/2025\/12\/Onda-side-in-motion.webp","contentUrl":"https:\/\/plastimark.com\/wp-content\/uploads\/2025\/12\/Onda-side-in-motion.webp"},{"@type":"BreadcrumbList","@id":"https:\/\/plastimark.com\/fr\/produit\/onda\/#breadcrumb","itemListElement":[{"@type":"ListItem","position":1,"name":"Home","item":"https:\/\/plastimark.com\/fr\/"},{"@type":"ListItem","position":2,"name":"Onda"}]},{"@type":"WebSite","@id":"https:\/\/plastimark.com\/fr\/#website","url":"https:\/\/plastimark.com\/fr\/","name":"Plastimark","description":"Carrelli e cestini per la spesa in plastica","publisher":{"@id":"https:\/\/plastimark.com\/fr\/#organization"},"potentialAction":[{"@type":"SearchAction","target":{"@type":"EntryPoint","urlTemplate":"https:\/\/plastimark.com\/fr\/?s={search_term_string}"},"query-input":{"@type":"PropertyValueSpecification","valueRequired":true,"valueName":"search_term_string"}}],"inLanguage":"fr-FR"},{"@type":"Organization","@id":"https:\/\/plastimark.com\/fr\/#organization","name":"Plastimark","url":"https:\/\/plastimark.com\/fr\/","logo":{"@type":"ImageObject","inLanguage":"fr-FR","@id":"https:\/\/plastimark.com\/fr\/#\/schema\/logo\/image\/","url":"https:\/\/plastimark.com\/wp-content\/uploads\/2025\/11\/logo-plastimark.svg","contentUrl":"https:\/\/plastimark.com\/wp-content\/uploads\/2025\/11\/logo-plastimark.svg","width":313,"height":81,"caption":"Plastimark"},"image":{"@id":"https:\/\/plastimark.com\/fr\/#\/schema\/logo\/image\/"},"sameAs":["https:\/\/www.facebook.com\/Plastimark","https:\/\/www.linkedin.com\/company\/plastimark-spa\/","https:\/\/www.instagram.com\/plastimark\/","https:\/\/www.youtube.com\/@plastimark"]}]}},"_links":{"self":[{"href":"https:\/\/plastimark.com\/fr\/wp-json\/wp\/v2\/product\/262898","targetHints":{"allow":["GET"]}}],"collection":[{"href":"https:\/\/plastimark.com\/fr\/wp-json\/wp\/v2\/product"}],"about":[{"href":"https:\/\/plastimark.com\/fr\/wp-json\/wp\/v2\/types\/product"}],"wp:attachment":[{"href":"https:\/\/plastimark.com\/fr\/wp-json\/wp\/v2\/media?parent=262898"}],"curies":[{"name":"wp","href":"https:\/\/api.w.org\/{rel}","templated":true}]}}