{"id":262840,"date":"2025-12-04T09:25:16","date_gmt":"2025-12-04T08:25:16","guid":{"rendered":"https:\/\/plastimark-new.inode.it\/product\/dogo\/"},"modified":"2026-02-24T14:30:31","modified_gmt":"2026-02-24T13:30:31","slug":"dogo","status":"publish","type":"product","link":"https:\/\/plastimark.com\/fr\/produit\/dogo\/","title":{"rendered":"Dogo"},"content":{"rendered":"\n<div class=\"gb-element-3c632dde\">\n<div class=\"gb-element-a02e6a89\">\n<h2 class=\"gb-text gb-text-faa3379e\"><strong>Dogo <\/strong>33 L<\/h2>\n\n\n\n<div class=\"splide gallery-set-pleasy\" id=\"main-carousel\" aria-label=\"Galleria Immagini\">\n<div class=\"splide__track\">\n<div class=\"splide__list\">\n<div class=\"splide__slide\">\n<img loading=\"lazy\" decoding=\"async\" width=\"1500\" height=\"1500\" class=\"gb-media-c5bfa31d\" alt=\"Dogo vue lat\u00e9rale en mouvement\" src=\"https:\/\/plastimark.com\/wp-content\/uploads\/2025\/12\/Dogo-side.webp\" title=\"Dogo side\" srcset=\"https:\/\/plastimark.com\/wp-content\/uploads\/2025\/12\/Dogo-side.webp 1500w, https:\/\/plastimark.com\/wp-content\/uploads\/2025\/12\/Dogo-side-300x300.webp 300w, https:\/\/plastimark.com\/wp-content\/uploads\/2025\/12\/Dogo-side-1024x1024.webp 1024w, https:\/\/plastimark.com\/wp-content\/uploads\/2025\/12\/Dogo-side-150x150.webp 150w, https:\/\/plastimark.com\/wp-content\/uploads\/2025\/12\/Dogo-side-768x768.webp 768w\" sizes=\"auto, (max-width: 1500px) 100vw, 1500px\" \/>\n<\/div>\n\n\n\n<div class=\"splide__slide\">\n<img loading=\"lazy\" decoding=\"async\" width=\"1500\" height=\"1500\" class=\"gb-media-83e6db29\" alt=\"Dogo vue lat\u00e9rale\" src=\"https:\/\/plastimark.com\/wp-content\/uploads\/2025\/12\/Dogo-side-in-motion.webp\" title=\"Dogo side in motion\" srcset=\"https:\/\/plastimark.com\/wp-content\/uploads\/2025\/12\/Dogo-side-in-motion.webp 1500w, https:\/\/plastimark.com\/wp-content\/uploads\/2025\/12\/Dogo-side-in-motion-300x300.webp 300w, https:\/\/plastimark.com\/wp-content\/uploads\/2025\/12\/Dogo-side-in-motion-1024x1024.webp 1024w, https:\/\/plastimark.com\/wp-content\/uploads\/2025\/12\/Dogo-side-in-motion-150x150.webp 150w, https:\/\/plastimark.com\/wp-content\/uploads\/2025\/12\/Dogo-side-in-motion-768x768.webp 768w\" sizes=\"auto, (max-width: 1500px) 100vw, 1500px\" \/>\n<\/div>\n\n\n\n<div class=\"splide__slide\">\n<img loading=\"lazy\" decoding=\"async\" width=\"1500\" height=\"1500\" class=\"gb-media-a97a6ef2\" alt=\"Dogo avec courses\" src=\"https:\/\/plastimark.com\/wp-content\/uploads\/2025\/12\/Dogo-full.webp\" title=\"Dogo full\" srcset=\"https:\/\/plastimark.com\/wp-content\/uploads\/2025\/12\/Dogo-full.webp 1500w, https:\/\/plastimark.com\/wp-content\/uploads\/2025\/12\/Dogo-full-300x300.webp 300w, https:\/\/plastimark.com\/wp-content\/uploads\/2025\/12\/Dogo-full-1024x1024.webp 1024w, https:\/\/plastimark.com\/wp-content\/uploads\/2025\/12\/Dogo-full-150x150.webp 150w, https:\/\/plastimark.com\/wp-content\/uploads\/2025\/12\/Dogo-full-768x768.webp 768w\" sizes=\"auto, (max-width: 1500px) 100vw, 1500px\" \/>\n<\/div>\n\n\n\n<div class=\"gb-element-9c0d3afd splide__slide\">\n<img loading=\"lazy\" decoding=\"async\" width=\"1500\" height=\"1500\" class=\"gb-media-7f3d674e\" alt=\"Dogo d\u00e9tail prises\" src=\"https:\/\/plastimark.com\/wp-content\/uploads\/2025\/12\/Dogo-handle-detail.webp\" title=\"Dogo handle detail\" srcset=\"https:\/\/plastimark.com\/wp-content\/uploads\/2025\/12\/Dogo-handle-detail.webp 1500w, https:\/\/plastimark.com\/wp-content\/uploads\/2025\/12\/Dogo-handle-detail-300x300.webp 300w, https:\/\/plastimark.com\/wp-content\/uploads\/2025\/12\/Dogo-handle-detail-1024x1024.webp 1024w, https:\/\/plastimark.com\/wp-content\/uploads\/2025\/12\/Dogo-handle-detail-150x150.webp 150w, https:\/\/plastimark.com\/wp-content\/uploads\/2025\/12\/Dogo-handle-detail-768x768.webp 768w\" sizes=\"auto, (max-width: 1500px) 100vw, 1500px\" \/>\n<\/div>\n\n\n\n<div class=\"gb-element-7723a98e splide__slide\">\n<img loading=\"lazy\" decoding=\"async\" width=\"1500\" height=\"1500\" class=\"gb-media-b89c7112\" alt=\"Dogo vue du haut\" src=\"https:\/\/plastimark.com\/wp-content\/uploads\/2025\/12\/Dogo-birds-eye-view.webp\" title=\"Dogo bird&apos;s-eye view\" srcset=\"https:\/\/plastimark.com\/wp-content\/uploads\/2025\/12\/Dogo-birds-eye-view.webp 1500w, https:\/\/plastimark.com\/wp-content\/uploads\/2025\/12\/Dogo-birds-eye-view-300x300.webp 300w, https:\/\/plastimark.com\/wp-content\/uploads\/2025\/12\/Dogo-birds-eye-view-1024x1024.webp 1024w, https:\/\/plastimark.com\/wp-content\/uploads\/2025\/12\/Dogo-birds-eye-view-150x150.webp 150w, https:\/\/plastimark.com\/wp-content\/uploads\/2025\/12\/Dogo-birds-eye-view-768x768.webp 768w\" sizes=\"auto, (max-width: 1500px) 100vw, 1500px\" \/>\n<\/div>\n\n\n\n<div class=\"gb-element-2bb56a6d splide__slide\">\n<img loading=\"lazy\" decoding=\"async\" width=\"1500\" height=\"1500\" class=\"gb-media-08349521\" alt=\"Dogo emboit\u00e9\" src=\"https:\/\/plastimark.com\/wp-content\/uploads\/2025\/12\/Dogo-nested.webp\" title=\"Dogo nested\" srcset=\"https:\/\/plastimark.com\/wp-content\/uploads\/2025\/12\/Dogo-nested.webp 1500w, https:\/\/plastimark.com\/wp-content\/uploads\/2025\/12\/Dogo-nested-300x300.webp 300w, https:\/\/plastimark.com\/wp-content\/uploads\/2025\/12\/Dogo-nested-1024x1024.webp 1024w, https:\/\/plastimark.com\/wp-content\/uploads\/2025\/12\/Dogo-nested-150x150.webp 150w, https:\/\/plastimark.com\/wp-content\/uploads\/2025\/12\/Dogo-nested-768x768.webp 768w\" sizes=\"auto, (max-width: 1500px) 100vw, 1500px\" \/>\n<\/div>\n<\/div>\n<\/div>\n<\/div>\n\n\n\n<div class=\"gb-element-18c90475 splide\" id=\"thumbnail-carousel\" aria-label=\"Navigazione miniature\">\n<div class=\"splide__track\">\n<div class=\"splide__list\"><\/div>\n<\/div>\n<\/div>\n\n\n\n<p class=\"gb-text\">Dogo est le mini chariot con\u00e7u pour accompagner les plus petits dans le monde amusant du shopping. <br><br>Compos\u00e9 d&rsquo;un panier Tyko mont\u00e9 sur une petite structure, Dogo offre une exp\u00e9rience d&rsquo;achat ludique, s\u00fbre et personnalisable.<br><br>Fabriqu\u00e9 en plastique, r\u00e9sistant, il est facilement maniable m\u00eame pour les plus   jeunes utilisateurs.<\/p>\n\n\n\n<div class=\"gb-element-f564bf4c\">\n<div class=\"gb-element-25c54c14\">\n<img loading=\"lazy\" decoding=\"async\" width=\"166\" height=\"150\" class=\"gb-media-af47c83d no-lightbox\" alt=\"\" src=\"https:\/\/plastimark.com\/wp-content\/uploads\/2026\/01\/LIGHT-icon.svg\" title=\"icona-di-design\"\/>\n\n\n\n<p class=\"gb-text gb-text-d6e4bbb4\">L\u00c9GER<\/p>\n<\/div>\n\n\n\n<div class=\"gb-element-47c683b7\">\n<img loading=\"lazy\" decoding=\"async\" width=\"166\" height=\"150\" class=\"gb-media-addfcb2b no-lightbox\" alt=\"\" src=\"https:\/\/plastimark.com\/wp-content\/uploads\/2026\/01\/EASY-TO-MANOEUVRE-icon.svg\" title=\"icona-facile-da-manovrare\"\/>\n\n\n\n<p class=\"gb-text gb-text-00a701cd\">FACILE \u00c0<br>MANOEUVRER<\/p>\n<\/div>\n\n\n\n<div class=\"gb-element-a691ca01\">\n<img loading=\"lazy\" decoding=\"async\" width=\"166\" height=\"150\" class=\"gb-media-9b6135ae no-lightbox\" alt=\"\" src=\"https:\/\/plastimark.com\/wp-content\/uploads\/2026\/01\/EDUCATIONAL-icon.svg\" title=\"icona-senza-viti\"\/>\n\n\n\n<p class=\"gb-text gb-text-3199ce50\">\u00c9DUCATIF<\/p>\n<\/div>\n<\/div>\n\n\n\n<div class=\"gb-element-a521e5ba\">\n<div class=\"gb-element-dae55b00\">\n<a href=\"https:\/\/plastimark.com\/fr\/rfid\/\" target=\"_blank\" rel=\"noopener\"><img loading=\"lazy\" decoding=\"async\" width=\"245\" height=\"179\" class=\"gb-media-548f1ebe\" alt=\"\" src=\"https:\/\/plastimark.com\/wp-content\/uploads\/2026\/02\/RFID-Technology.svg\" title=\"icona-rfid\"\/><\/a>\n<\/div>\n<\/div>\n<\/div>\n\n\n\n<div class=\"gb-element-7433462b\">\n<div class=\"gb-element-048980b0\">\n<\/div>\n\n\n\n<div class=\"wp-block-esab-accordion esab-ekj3qxye nested-accordion\" data-mode=\"individual\" data-close=\"true\"><div class=\"esab__container\">\n<div class=\"wp-block-esab-accordion-child esab__active_accordion\"><div class=\"esab__head\" role=\"button\" aria-expanded=\"true\"><div class=\"esab__heading_txt\"><h5 class=\"esab__heading_tag\">CARACT\u00c9RISTIQUES<\/h5><\/div><div class=\"esab__icon esab__active_icon\"><div class=\"esab__collapse\"> <svg xmlns=\"http:\/\/www.w3.org\/2000\/svg\" width=\"24\" height=\"24\" fill=\"currentColor\" viewBox=\"0 0 16 16\"><path fill-rule=\"evenodd\" d=\"M4.646 1.646a.5.5 0 0 1 .708 0l6 6a.5.5 0 0 1 0 .708l-6 6a.5.5 0 0 1-.708-.708L10.293 8 4.646 2.354a.5.5 0 0 1 0-.708\"><\/path><\/svg> <\/div><div class=\"esab__expand\"> <svg xmlns=\"http:\/\/www.w3.org\/2000\/svg\" width=\"24\" height=\"24\" fill=\"currentColor\" viewBox=\"0 0 16 16\"><path fill-rule=\"evenodd\" d=\"M1.646 4.646a.5.5 0 0 1 .708 0L8 10.293l5.646-5.647a.5.5 0 0 1 .708.708l-6 6a.5.5 0 0 1-.708 0l-6-6a.5.5 0 0 1 0-.708\"><\/path><\/svg> <\/div><\/div><\/div><div class=\"esab__body esab__active\">\n<div class=\"gb-element-bde2d163\">\n<p class=\"gb-text gb-text-763a608b\">Capacit\u00e9<\/p>\n\n\n\n<p class=\"gb-text gb-text-c6482640\">33 L<\/p>\n<\/div>\n\n\n\n<div class=\"gb-element-32b9c385\">\n<p class=\"gb-text gb-text-e94c202f\">Largeur<\/p>\n\n\n\n<p class=\"gb-text gb-text-4f8cfa2d\">580 mm<\/p>\n<\/div>\n\n\n\n<div class=\"gb-element-071d9e71\">\n<p class=\"gb-text gb-text-17121fea\">Hauteur<\/p>\n\n\n\n<p class=\"gb-text gb-text-950601ef\">670 mm<\/p>\n<\/div>\n\n\n\n<div class=\"gb-element-c6d463ad\">\n<p class=\"gb-text gb-text-608aa953\">Profondeur<\/p>\n\n\n\n<p class=\"gb-text gb-text-cd275966\">570 mm<\/p>\n<\/div>\n\n\n\n<div class=\"gb-element-ac6c666c\">\n<p class=\"gb-text gb-text-624077b3\">Embo\u00eetement<\/p>\n\n\n\n<p class=\"gb-text gb-text-4e806a9b\">95 mm<\/p>\n<\/div>\n\n\n\n<div class=\"gb-element-9187c8e4\">\n<p class=\"gb-text gb-text-5877cd6a\">Poids<\/p>\n\n\n\n<p class=\"gb-text gb-text-41461ed5\">4,5 Kg<\/p>\n<\/div>\n<\/div><\/div>\n\n\n\n<div class=\"wp-block-esab-accordion-child\"><div class=\"esab__head\" role=\"button\" aria-expanded=\"false\"><div class=\"esab__heading_txt\"><h5 class=\"esab__heading_tag\">ROUES<\/h5><\/div><div class=\"esab__icon\"><div class=\"esab__collapse\"> <svg xmlns=\"http:\/\/www.w3.org\/2000\/svg\" width=\"24\" height=\"24\" fill=\"currentColor\" viewBox=\"0 0 16 16\"><path fill-rule=\"evenodd\" d=\"M4.646 1.646a.5.5 0 0 1 .708 0l6 6a.5.5 0 0 1 0 .708l-6 6a.5.5 0 0 1-.708-.708L10.293 8 4.646 2.354a.5.5 0 0 1 0-.708\"><\/path><\/svg> <\/div><div class=\"esab__expand\"> <svg xmlns=\"http:\/\/www.w3.org\/2000\/svg\" width=\"24\" height=\"24\" fill=\"currentColor\" viewBox=\"0 0 16 16\"><path fill-rule=\"evenodd\" d=\"M1.646 4.646a.5.5 0 0 1 .708 0L8 10.293l5.646-5.647a.5.5 0 0 1 .708.708l-6 6a.5.5 0 0 1-.708 0l-6-6a.5.5 0 0 1 0-.708\"><\/path><\/svg> <\/div><\/div><\/div><div class=\"esab__body\">\n<div class=\"gb-element-6bae369b\">\n<p class=\"gb-text gb-text-d325209a\">1 Roue avant pivotante en caoutchouc<\/p>\n\n\n\n<p class=\"gb-text\">\u00d8 80 mm<\/p>\n<\/div>\n\n\n\n<div class=\"gb-element-90dcc87b\">\n<p class=\"gb-text gb-text-84233288\">2 Roues en caoutchouc fixes \u00e0 l\u2019arri\u00e8re<\/p>\n\n\n\n<p class=\"gb-text\">\u00d8 80 mm<\/p>\n<\/div>\n<\/div><\/div>\n\n\n\n<div class=\"wp-block-esab-accordion-child\"><div class=\"esab__head\" role=\"button\" aria-expanded=\"false\"><div class=\"esab__heading_txt\"><h5 class=\"esab__heading_tag\">COULEURS STANDARD<\/h5><\/div><div class=\"esab__icon\"><div class=\"esab__collapse\"> <svg xmlns=\"http:\/\/www.w3.org\/2000\/svg\" width=\"24\" height=\"24\" fill=\"currentColor\" viewBox=\"0 0 16 16\"><path fill-rule=\"evenodd\" d=\"M4.646 1.646a.5.5 0 0 1 .708 0l6 6a.5.5 0 0 1 0 .708l-6 6a.5.5 0 0 1-.708-.708L10.293 8 4.646 2.354a.5.5 0 0 1 0-.708\"><\/path><\/svg> <\/div><div class=\"esab__expand\"> <svg xmlns=\"http:\/\/www.w3.org\/2000\/svg\" width=\"24\" height=\"24\" fill=\"currentColor\" viewBox=\"0 0 16 16\"><path fill-rule=\"evenodd\" d=\"M1.646 4.646a.5.5 0 0 1 .708 0L8 10.293l5.646-5.647a.5.5 0 0 1 .708.708l-6 6a.5.5 0 0 1-.708 0l-6-6a.5.5 0 0 1 0-.708\"><\/path><\/svg> <\/div><\/div><\/div><div class=\"esab__body\">\n<div class=\"gb-element-0bdf266d\">\n<div>\n<p class=\"gb-text gb-text-2ef25273\">Structure<\/p>\n<\/div>\n\n\n\n<div class=\"gb-element-eec62af8\">\n<div class=\"gb-element-4e4d6c04\">\n<div class=\"gb-element-f62f96a5\"><\/div>\n\n\n\n<p class=\"gb-text gb-text-aa589d02\">RAL 7043<\/p>\n<\/div>\n<\/div>\n\n\n\n<div>\n<p class=\"gb-text gb-text-7b021073\">Panier<\/p>\n<\/div>\n\n\n\n<div>\n<div class=\"gb-element-90ee72c5\">\n<div class=\"gb-element-829323be\">\n<div class=\"gb-element-27f8f28a\"><\/div>\n\n\n\n<p class=\"gb-text gb-text-9d9fff38\">RAL 2008<\/p>\n<\/div>\n\n\n\n<div class=\"gb-element-33377bcc\">\n<div class=\"gb-element-7dddd618\"><\/div>\n\n\n\n<p class=\"gb-text gb-text-81f13b74\">RAL 3020<\/p>\n<\/div>\n\n\n\n<div class=\"gb-element-770d1f30\">\n<div class=\"gb-element-ce9543de\"><\/div>\n\n\n\n<p class=\"gb-text gb-text-49388635\">RAL 5015<\/p>\n<\/div>\n\n\n\n<div class=\"gb-element-18808e48\">\n<div class=\"gb-element-7c7305d8\"><\/div>\n\n\n\n<p class=\"gb-text gb-text-a2264730\">RAL 6005<\/p>\n<\/div>\n\n\n\n<div class=\"gb-element-86fc4df2\">\n<div class=\"gb-element-c7670a13\"><\/div>\n\n\n\n<p class=\"gb-text gb-text-18674bf5\">RAL 6018<\/p>\n<\/div>\n\n\n\n<div class=\"gb-element-bb9dee8a\">\n<div class=\"gb-element-81cd3599\"><\/div>\n\n\n\n<p class=\"gb-text gb-text-482cbaaa\">RAL 7043<\/p>\n<\/div>\n\n\n\n<div class=\"gb-element-0004bcbc\">\n<div class=\"gb-element-5dcbbf21\"><\/div>\n\n\n\n<p class=\"gb-text gb-text-f546a34f\">RAL 9005<\/p>\n<\/div>\n<\/div>\n\n\n\n<div>\n<p class=\"gb-text gb-text-88de339b\">Poign\u00e9e<\/p>\n<\/div>\n\n\n\n<div class=\"gb-element-3630184f\">\n<div class=\"gb-element-443c30aa\">\n<div class=\"gb-element-af3e5fa5\"><\/div>\n\n\n\n<p class=\"gb-text gb-text-20a44252\">RAL 9005<\/p>\n<\/div>\n<\/div>\n<\/div>\n\n\n\n<p class=\"gb-text gb-text-75687a78\">Personnalisable dans n&rsquo;importe quelle couleur \u00e0 la demande du client, avec une quantit\u00e9 minimale de commande.<\/p>\n<\/div>\n<\/div><\/div>\n<\/div><\/div>\n\n\n\n<p><\/p>\n<\/div>\n<\/div>\n","protected":false},"featured_media":0,"template":"","meta":{"_acf_changed":false},"class_list":["post-262840","product","type-product","status-publish","hentry"],"acf":[],"yoast_head":"<!-- This site is optimized with the Yoast SEO plugin v27.2 - https:\/\/yoast.com\/product\/yoast-seo-wordpress\/ -->\n<title>Panier de supermarch\u00e9 plastique pour enfants Dogo | Plastimark<\/title>\n<meta name=\"description\" content=\"Support avec roues de panier Tyko, Dogo est la solution pour les enfants qui veulent accompagner leur parents dans les magasins\" \/>\n<meta name=\"robots\" content=\"index, follow, max-snippet:-1, max-image-preview:large, max-video-preview:-1\" \/>\n<link rel=\"canonical\" href=\"https:\/\/plastimark.com\/fr\/produit\/dogo\/\" \/>\n<meta property=\"og:locale\" content=\"fr_FR\" \/>\n<meta property=\"og:type\" content=\"article\" \/>\n<meta property=\"og:title\" content=\"Panier de supermarch\u00e9 plastique pour enfants Dogo | Plastimark\" \/>\n<meta property=\"og:description\" content=\"Support avec roues de panier Tyko, Dogo est la solution pour les enfants qui veulent accompagner leur parents dans les magasins\" \/>\n<meta property=\"og:url\" content=\"https:\/\/plastimark.com\/fr\/produit\/dogo\/\" \/>\n<meta property=\"og:site_name\" content=\"Plastimark\" \/>\n<meta property=\"article:publisher\" content=\"https:\/\/www.facebook.com\/Plastimark\" \/>\n<meta property=\"article:modified_time\" content=\"2026-02-24T13:30:31+00:00\" \/>\n<meta property=\"og:image\" content=\"https:\/\/plastimark.com\/wp-content\/uploads\/2025\/12\/Dogo-side.webp\" \/>\n<meta name=\"twitter:card\" content=\"summary_large_image\" \/>\n<meta name=\"twitter:label1\" content=\"Dur\u00e9e de lecture estim\u00e9e\" \/>\n\t<meta name=\"twitter:data1\" content=\"3 minutes\" \/>\n<script type=\"application\/ld+json\" class=\"yoast-schema-graph\">{\"@context\":\"https:\/\/schema.org\",\"@graph\":[{\"@type\":\"WebPage\",\"@id\":\"https:\/\/plastimark.com\/fr\/produit\/dogo\/\",\"url\":\"https:\/\/plastimark.com\/fr\/produit\/dogo\/\",\"name\":\"Panier de supermarch\u00e9 plastique pour enfants Dogo | Plastimark\",\"isPartOf\":{\"@id\":\"https:\/\/plastimark.com\/fr\/#website\"},\"primaryImageOfPage\":{\"@id\":\"https:\/\/plastimark.com\/fr\/produit\/dogo\/#primaryimage\"},\"image\":{\"@id\":\"https:\/\/plastimark.com\/fr\/produit\/dogo\/#primaryimage\"},\"thumbnailUrl\":\"https:\/\/plastimark.com\/wp-content\/uploads\/2025\/12\/Dogo-side.webp\",\"datePublished\":\"2025-12-04T08:25:16+00:00\",\"dateModified\":\"2026-02-24T13:30:31+00:00\",\"description\":\"Support avec roues de panier Tyko, Dogo est la solution pour les enfants qui veulent accompagner leur parents dans les magasins\",\"breadcrumb\":{\"@id\":\"https:\/\/plastimark.com\/fr\/produit\/dogo\/#breadcrumb\"},\"inLanguage\":\"fr-FR\",\"potentialAction\":[{\"@type\":\"ReadAction\",\"target\":[\"https:\/\/plastimark.com\/fr\/produit\/dogo\/\"]}]},{\"@type\":\"ImageObject\",\"inLanguage\":\"fr-FR\",\"@id\":\"https:\/\/plastimark.com\/fr\/produit\/dogo\/#primaryimage\",\"url\":\"https:\/\/plastimark.com\/wp-content\/uploads\/2025\/12\/Dogo-side.webp\",\"contentUrl\":\"https:\/\/plastimark.com\/wp-content\/uploads\/2025\/12\/Dogo-side.webp\"},{\"@type\":\"BreadcrumbList\",\"@id\":\"https:\/\/plastimark.com\/fr\/produit\/dogo\/#breadcrumb\",\"itemListElement\":[{\"@type\":\"ListItem\",\"position\":1,\"name\":\"Home\",\"item\":\"https:\/\/plastimark.com\/fr\/\"},{\"@type\":\"ListItem\",\"position\":2,\"name\":\"Dogo\"}]},{\"@type\":\"WebSite\",\"@id\":\"https:\/\/plastimark.com\/fr\/#website\",\"url\":\"https:\/\/plastimark.com\/fr\/\",\"name\":\"Plastimark\",\"description\":\"Carrelli e cestini per la spesa in plastica\",\"publisher\":{\"@id\":\"https:\/\/plastimark.com\/fr\/#organization\"},\"potentialAction\":[{\"@type\":\"SearchAction\",\"target\":{\"@type\":\"EntryPoint\",\"urlTemplate\":\"https:\/\/plastimark.com\/fr\/?s={search_term_string}\"},\"query-input\":{\"@type\":\"PropertyValueSpecification\",\"valueRequired\":true,\"valueName\":\"search_term_string\"}}],\"inLanguage\":\"fr-FR\"},{\"@type\":\"Organization\",\"@id\":\"https:\/\/plastimark.com\/fr\/#organization\",\"name\":\"Plastimark\",\"url\":\"https:\/\/plastimark.com\/fr\/\",\"logo\":{\"@type\":\"ImageObject\",\"inLanguage\":\"fr-FR\",\"@id\":\"https:\/\/plastimark.com\/fr\/#\/schema\/logo\/image\/\",\"url\":\"https:\/\/plastimark.com\/wp-content\/uploads\/2025\/11\/logo-plastimark.svg\",\"contentUrl\":\"https:\/\/plastimark.com\/wp-content\/uploads\/2025\/11\/logo-plastimark.svg\",\"width\":313,\"height\":81,\"caption\":\"Plastimark\"},\"image\":{\"@id\":\"https:\/\/plastimark.com\/fr\/#\/schema\/logo\/image\/\"},\"sameAs\":[\"https:\/\/www.facebook.com\/Plastimark\",\"https:\/\/www.linkedin.com\/company\/plastimark-spa\/\",\"https:\/\/www.instagram.com\/plastimark\/\",\"https:\/\/www.youtube.com\/@plastimark\"]}]}<\/script>\n<!-- \/ Yoast SEO plugin. -->","yoast_head_json":{"title":"Panier de supermarch\u00e9 plastique pour enfants Dogo | Plastimark","description":"Support avec roues de panier Tyko, Dogo est la solution pour les enfants qui veulent accompagner leur parents dans les magasins","robots":{"index":"index","follow":"follow","max-snippet":"max-snippet:-1","max-image-preview":"max-image-preview:large","max-video-preview":"max-video-preview:-1"},"canonical":"https:\/\/plastimark.com\/fr\/produit\/dogo\/","og_locale":"fr_FR","og_type":"article","og_title":"Panier de supermarch\u00e9 plastique pour enfants Dogo | Plastimark","og_description":"Support avec roues de panier Tyko, Dogo est la solution pour les enfants qui veulent accompagner leur parents dans les magasins","og_url":"https:\/\/plastimark.com\/fr\/produit\/dogo\/","og_site_name":"Plastimark","article_publisher":"https:\/\/www.facebook.com\/Plastimark","article_modified_time":"2026-02-24T13:30:31+00:00","og_image":[{"url":"https:\/\/plastimark.com\/wp-content\/uploads\/2025\/12\/Dogo-side.webp","type":"","width":"","height":""}],"twitter_card":"summary_large_image","twitter_misc":{"Dur\u00e9e de lecture estim\u00e9e":"3 minutes"},"schema":{"@context":"https:\/\/schema.org","@graph":[{"@type":"WebPage","@id":"https:\/\/plastimark.com\/fr\/produit\/dogo\/","url":"https:\/\/plastimark.com\/fr\/produit\/dogo\/","name":"Panier de supermarch\u00e9 plastique pour enfants Dogo | Plastimark","isPartOf":{"@id":"https:\/\/plastimark.com\/fr\/#website"},"primaryImageOfPage":{"@id":"https:\/\/plastimark.com\/fr\/produit\/dogo\/#primaryimage"},"image":{"@id":"https:\/\/plastimark.com\/fr\/produit\/dogo\/#primaryimage"},"thumbnailUrl":"https:\/\/plastimark.com\/wp-content\/uploads\/2025\/12\/Dogo-side.webp","datePublished":"2025-12-04T08:25:16+00:00","dateModified":"2026-02-24T13:30:31+00:00","description":"Support avec roues de panier Tyko, Dogo est la solution pour les enfants qui veulent accompagner leur parents dans les magasins","breadcrumb":{"@id":"https:\/\/plastimark.com\/fr\/produit\/dogo\/#breadcrumb"},"inLanguage":"fr-FR","potentialAction":[{"@type":"ReadAction","target":["https:\/\/plastimark.com\/fr\/produit\/dogo\/"]}]},{"@type":"ImageObject","inLanguage":"fr-FR","@id":"https:\/\/plastimark.com\/fr\/produit\/dogo\/#primaryimage","url":"https:\/\/plastimark.com\/wp-content\/uploads\/2025\/12\/Dogo-side.webp","contentUrl":"https:\/\/plastimark.com\/wp-content\/uploads\/2025\/12\/Dogo-side.webp"},{"@type":"BreadcrumbList","@id":"https:\/\/plastimark.com\/fr\/produit\/dogo\/#breadcrumb","itemListElement":[{"@type":"ListItem","position":1,"name":"Home","item":"https:\/\/plastimark.com\/fr\/"},{"@type":"ListItem","position":2,"name":"Dogo"}]},{"@type":"WebSite","@id":"https:\/\/plastimark.com\/fr\/#website","url":"https:\/\/plastimark.com\/fr\/","name":"Plastimark","description":"Carrelli e cestini per la spesa in plastica","publisher":{"@id":"https:\/\/plastimark.com\/fr\/#organization"},"potentialAction":[{"@type":"SearchAction","target":{"@type":"EntryPoint","urlTemplate":"https:\/\/plastimark.com\/fr\/?s={search_term_string}"},"query-input":{"@type":"PropertyValueSpecification","valueRequired":true,"valueName":"search_term_string"}}],"inLanguage":"fr-FR"},{"@type":"Organization","@id":"https:\/\/plastimark.com\/fr\/#organization","name":"Plastimark","url":"https:\/\/plastimark.com\/fr\/","logo":{"@type":"ImageObject","inLanguage":"fr-FR","@id":"https:\/\/plastimark.com\/fr\/#\/schema\/logo\/image\/","url":"https:\/\/plastimark.com\/wp-content\/uploads\/2025\/11\/logo-plastimark.svg","contentUrl":"https:\/\/plastimark.com\/wp-content\/uploads\/2025\/11\/logo-plastimark.svg","width":313,"height":81,"caption":"Plastimark"},"image":{"@id":"https:\/\/plastimark.com\/fr\/#\/schema\/logo\/image\/"},"sameAs":["https:\/\/www.facebook.com\/Plastimark","https:\/\/www.linkedin.com\/company\/plastimark-spa\/","https:\/\/www.instagram.com\/plastimark\/","https:\/\/www.youtube.com\/@plastimark"]}]}},"_links":{"self":[{"href":"https:\/\/plastimark.com\/fr\/wp-json\/wp\/v2\/product\/262840","targetHints":{"allow":["GET"]}}],"collection":[{"href":"https:\/\/plastimark.com\/fr\/wp-json\/wp\/v2\/product"}],"about":[{"href":"https:\/\/plastimark.com\/fr\/wp-json\/wp\/v2\/types\/product"}],"wp:attachment":[{"href":"https:\/\/plastimark.com\/fr\/wp-json\/wp\/v2\/media?parent=262840"}],"curies":[{"name":"wp","href":"https:\/\/api.w.org\/{rel}","templated":true}]}}