{"id":262806,"date":"2025-12-04T09:26:06","date_gmt":"2025-12-04T08:26:06","guid":{"rendered":"https:\/\/plastimark-new.inode.it\/product\/multi\/"},"modified":"2026-02-24T14:52:15","modified_gmt":"2026-02-24T13:52:15","slug":"multi","status":"publish","type":"product","link":"https:\/\/plastimark.com\/fr\/produit\/multi\/","title":{"rendered":"Multi"},"content":{"rendered":"\n<div class=\"gb-element-3c632dde\">\n<div class=\"gb-element-a02e6a89\">\n<h2 class=\"gb-text gb-text-faa3379e\"><strong>Multi<\/strong><\/h2>\n\n\n\n<div class=\"splide gallery-set-pleasy\" id=\"main-carousel\" aria-label=\"Galleria Immagini\">\n<div class=\"splide__track\">\n<div class=\"splide__list\">\n<div class=\"splide__slide\">\n<img loading=\"lazy\" decoding=\"async\" width=\"1500\" height=\"1500\" class=\"gb-media-c5bfa31d\" alt=\"Multi vue lat\u00e9rale en mouvement\" src=\"https:\/\/plastimark.com\/wp-content\/uploads\/2025\/12\/Multi-side-in-motion.webp\" title=\"Multi side in motion\" srcset=\"https:\/\/plastimark.com\/wp-content\/uploads\/2025\/12\/Multi-side-in-motion.webp 1500w, https:\/\/plastimark.com\/wp-content\/uploads\/2025\/12\/Multi-side-in-motion-300x300.webp 300w, https:\/\/plastimark.com\/wp-content\/uploads\/2025\/12\/Multi-side-in-motion-1024x1024.webp 1024w, https:\/\/plastimark.com\/wp-content\/uploads\/2025\/12\/Multi-side-in-motion-150x150.webp 150w, https:\/\/plastimark.com\/wp-content\/uploads\/2025\/12\/Multi-side-in-motion-768x768.webp 768w\" sizes=\"auto, (max-width: 1500px) 100vw, 1500px\" \/>\n<\/div>\n\n\n\n<div class=\"splide__slide\">\n<img loading=\"lazy\" decoding=\"async\" width=\"1500\" height=\"1500\" class=\"gb-media-83e6db29\" alt=\"Multi vue lat\u00e9rale (MiniTyko + Speesy)\" src=\"https:\/\/plastimark.com\/wp-content\/uploads\/2025\/12\/Multi-side-with-MiniTykoSpeesy.webp\" title=\"Multi side with MiniTyko+Speesy\" srcset=\"https:\/\/plastimark.com\/wp-content\/uploads\/2025\/12\/Multi-side-with-MiniTykoSpeesy.webp 1500w, https:\/\/plastimark.com\/wp-content\/uploads\/2025\/12\/Multi-side-with-MiniTykoSpeesy-300x300.webp 300w, https:\/\/plastimark.com\/wp-content\/uploads\/2025\/12\/Multi-side-with-MiniTykoSpeesy-1024x1024.webp 1024w, https:\/\/plastimark.com\/wp-content\/uploads\/2025\/12\/Multi-side-with-MiniTykoSpeesy-150x150.webp 150w, https:\/\/plastimark.com\/wp-content\/uploads\/2025\/12\/Multi-side-with-MiniTykoSpeesy-768x768.webp 768w\" sizes=\"auto, (max-width: 1500px) 100vw, 1500px\" \/>\n<\/div>\n\n\n\n<div class=\"splide__slide\">\n<img loading=\"lazy\" decoding=\"async\" width=\"1500\" height=\"1500\" class=\"gb-media-a97a6ef2\" alt=\"Multi d\u00e9tail crochets panier  haut\" src=\"https:\/\/plastimark.com\/wp-content\/uploads\/2025\/12\/Multi-handle-detail.webp\" title=\"Multi handle detail\" srcset=\"https:\/\/plastimark.com\/wp-content\/uploads\/2025\/12\/Multi-handle-detail.webp 1500w, https:\/\/plastimark.com\/wp-content\/uploads\/2025\/12\/Multi-handle-detail-300x300.webp 300w, https:\/\/plastimark.com\/wp-content\/uploads\/2025\/12\/Multi-handle-detail-1024x1024.webp 1024w, https:\/\/plastimark.com\/wp-content\/uploads\/2025\/12\/Multi-handle-detail-150x150.webp 150w, https:\/\/plastimark.com\/wp-content\/uploads\/2025\/12\/Multi-handle-detail-768x768.webp 768w\" sizes=\"auto, (max-width: 1500px) 100vw, 1500px\" \/>\n<\/div>\n\n\n\n<div class=\"gb-element-2bb56a6d splide__slide\">\n<img loading=\"lazy\" decoding=\"async\" width=\"1500\" height=\"1500\" class=\"gb-media-08349521\" alt=\"Furbo Hybrid 55 L (MiniTyko 22 L + Tyko 33 L)\" src=\"https:\/\/plastimark.com\/wp-content\/uploads\/2025\/12\/Multi-with-MiniTykoTyko.webp\" title=\"Furbo Hybrid 55 L\" srcset=\"https:\/\/plastimark.com\/wp-content\/uploads\/2025\/12\/Multi-with-MiniTykoTyko.webp 1500w, https:\/\/plastimark.com\/wp-content\/uploads\/2025\/12\/Multi-with-MiniTykoTyko-300x300.webp 300w, https:\/\/plastimark.com\/wp-content\/uploads\/2025\/12\/Multi-with-MiniTykoTyko-1024x1024.webp 1024w, https:\/\/plastimark.com\/wp-content\/uploads\/2025\/12\/Multi-with-MiniTykoTyko-150x150.webp 150w, https:\/\/plastimark.com\/wp-content\/uploads\/2025\/12\/Multi-with-MiniTykoTyko-768x768.webp 768w\" sizes=\"auto, (max-width: 1500px) 100vw, 1500px\" \/>\n<\/div>\n\n\n\n<div class=\"gb-element-22cb8ffb splide__slide\">\n<img loading=\"lazy\" decoding=\"async\" width=\"1500\" height=\"1500\" class=\"gb-media-96e60295\" alt=\"Furbo Hybrid 66 L (Tyko 33 L + Tyko 33 L)\" src=\"https:\/\/plastimark.com\/wp-content\/uploads\/2025\/12\/Multi-with-TykoTyko.webp\" title=\"Furbo Hybrid 66 L\" srcset=\"https:\/\/plastimark.com\/wp-content\/uploads\/2025\/12\/Multi-with-TykoTyko.webp 1500w, https:\/\/plastimark.com\/wp-content\/uploads\/2025\/12\/Multi-with-TykoTyko-300x300.webp 300w, https:\/\/plastimark.com\/wp-content\/uploads\/2025\/12\/Multi-with-TykoTyko-1024x1024.webp 1024w, https:\/\/plastimark.com\/wp-content\/uploads\/2025\/12\/Multi-with-TykoTyko-150x150.webp 150w, https:\/\/plastimark.com\/wp-content\/uploads\/2025\/12\/Multi-with-TykoTyko-768x768.webp 768w\" sizes=\"auto, (max-width: 1500px) 100vw, 1500px\" \/>\n<\/div>\n\n\n\n<div class=\"gb-element-e54a9d9d splide__slide\">\n<img loading=\"lazy\" decoding=\"async\" width=\"1500\" height=\"1500\" class=\"gb-media-7fc605d4\" alt=\"Furbo Hybrid 67 L (MiniTyko 22 L + Speesy 45 L)\" src=\"https:\/\/plastimark.com\/wp-content\/uploads\/2025\/12\/Multi-with-MiniTykoSpeesy.webp\" title=\"Furbo Hybrid 67 L\" srcset=\"https:\/\/plastimark.com\/wp-content\/uploads\/2025\/12\/Multi-with-MiniTykoSpeesy.webp 1500w, https:\/\/plastimark.com\/wp-content\/uploads\/2025\/12\/Multi-with-MiniTykoSpeesy-300x300.webp 300w, https:\/\/plastimark.com\/wp-content\/uploads\/2025\/12\/Multi-with-MiniTykoSpeesy-1024x1024.webp 1024w, https:\/\/plastimark.com\/wp-content\/uploads\/2025\/12\/Multi-with-MiniTykoSpeesy-150x150.webp 150w, https:\/\/plastimark.com\/wp-content\/uploads\/2025\/12\/Multi-with-MiniTykoSpeesy-768x768.webp 768w\" sizes=\"auto, (max-width: 1500px) 100vw, 1500px\" \/>\n<\/div>\n\n\n\n<div class=\"gb-element-c8b35528 splide__slide\">\n<img loading=\"lazy\" decoding=\"async\" width=\"1500\" height=\"1500\" class=\"gb-media-27f526d5\" alt=\"Furbo Hybrid 78 L (Tyko 33 L + Speesy 45 L)\" src=\"https:\/\/plastimark.com\/wp-content\/uploads\/2025\/12\/Multi-with-TykoSpeesy.webp\" title=\"Furbo Hybrid 78 L\" srcset=\"https:\/\/plastimark.com\/wp-content\/uploads\/2025\/12\/Multi-with-TykoSpeesy.webp 1500w, https:\/\/plastimark.com\/wp-content\/uploads\/2025\/12\/Multi-with-TykoSpeesy-300x300.webp 300w, https:\/\/plastimark.com\/wp-content\/uploads\/2025\/12\/Multi-with-TykoSpeesy-1024x1024.webp 1024w, https:\/\/plastimark.com\/wp-content\/uploads\/2025\/12\/Multi-with-TykoSpeesy-150x150.webp 150w, https:\/\/plastimark.com\/wp-content\/uploads\/2025\/12\/Multi-with-TykoSpeesy-768x768.webp 768w\" sizes=\"auto, (max-width: 1500px) 100vw, 1500px\" \/>\n<\/div>\n\n\n\n<div class=\"gb-element-e30e2f5c splide__slide\">\n<img loading=\"lazy\" decoding=\"async\" width=\"1500\" height=\"1500\" class=\"gb-media-55a6040d\" alt=\"Multi emboit\u00e9\" src=\"https:\/\/plastimark.com\/wp-content\/uploads\/2025\/12\/Multi-with-Speesy-Tyko-nested.webp\" title=\"Multi with Speesy + Tyko nested\" srcset=\"https:\/\/plastimark.com\/wp-content\/uploads\/2025\/12\/Multi-with-Speesy-Tyko-nested.webp 1500w, https:\/\/plastimark.com\/wp-content\/uploads\/2025\/12\/Multi-with-Speesy-Tyko-nested-300x300.webp 300w, https:\/\/plastimark.com\/wp-content\/uploads\/2025\/12\/Multi-with-Speesy-Tyko-nested-1024x1024.webp 1024w, https:\/\/plastimark.com\/wp-content\/uploads\/2025\/12\/Multi-with-Speesy-Tyko-nested-150x150.webp 150w, https:\/\/plastimark.com\/wp-content\/uploads\/2025\/12\/Multi-with-Speesy-Tyko-nested-768x768.webp 768w\" sizes=\"auto, (max-width: 1500px) 100vw, 1500px\" \/>\n<\/div>\n\n\n\n<div class=\"gb-element-b9d5db9a splide__slide\">\n<img loading=\"lazy\" decoding=\"async\" width=\"1500\" height=\"1500\" class=\"gb-media-33f4c7dc\" alt=\"Multi personnalisation animaux\" src=\"https:\/\/plastimark.com\/wp-content\/uploads\/2025\/12\/Multi-full-with-TykoTyko.webp\" title=\"Multi full with Tyko+Tyko\" srcset=\"https:\/\/plastimark.com\/wp-content\/uploads\/2025\/12\/Multi-full-with-TykoTyko.webp 1500w, https:\/\/plastimark.com\/wp-content\/uploads\/2025\/12\/Multi-full-with-TykoTyko-300x300.webp 300w, https:\/\/plastimark.com\/wp-content\/uploads\/2025\/12\/Multi-full-with-TykoTyko-1024x1024.webp 1024w, https:\/\/plastimark.com\/wp-content\/uploads\/2025\/12\/Multi-full-with-TykoTyko-150x150.webp 150w, https:\/\/plastimark.com\/wp-content\/uploads\/2025\/12\/Multi-full-with-TykoTyko-768x768.webp 768w\" sizes=\"auto, (max-width: 1500px) 100vw, 1500px\" \/>\n<\/div>\n<\/div>\n<\/div>\n<\/div>\n\n\n\n<div class=\"gb-element-18c90475 splide\" id=\"thumbnail-carousel\" aria-label=\"Navigazione miniature\">\n<div class=\"splide__track\">\n<div class=\"splide__list\"><\/div>\n<\/div>\n<\/div>\n\n\n\n<p class=\"gb-text\">Multi est un support pour paniers en m\u00e9tal ultra-l\u00e9ger avec galvanisation de haute qualit\u00e9, dont la poign\u00e9e ergonomique en polypropyl\u00e8ne peut \u00eatre personnalis\u00e9e avec couleur et logo.<\/p>\n\n\n\n<p class=\"gb-text\">Une solution modulaire ultra-compacte et hautement maniable, sur laquelle MiniTyko, Tyko et Speesy peuvent \u00eatre combin\u00e9s selon diff\u00e9rents besoins volum\u00e9triques.<\/p>\n\n\n\n<p class=\"gb-text\">Associ\u00e9e \u00e0 la gamme de paniers, la structure MULTI constitue le SYST\u00c8ME FURBO HYBRID.<\/p>\n\n\n\n<div class=\"gb-element-bf51cbc7\">\n<div class=\"gb-element-40abc26e\">\n<img loading=\"lazy\" decoding=\"async\" width=\"166\" height=\"150\" class=\"gb-media-615fc17a no-lightbox\" alt=\"\" src=\"https:\/\/plastimark.com\/wp-content\/uploads\/2026\/01\/MODULAR-icon.svg\" title=\"icona-di-design\"\/>\n\n\n\n<p class=\"gb-text gb-text-1b42894b\">MODULAIRE<\/p>\n<\/div>\n\n\n\n<div class=\"gb-element-a5eef159\">\n<img loading=\"lazy\" decoding=\"async\" width=\"166\" height=\"150\" class=\"gb-media-60e9ca0d no-lightbox\" alt=\"\" src=\"https:\/\/plastimark.com\/wp-content\/uploads\/2026\/01\/FUNCTIONAL-icon.svg\" title=\"icona-facile-da-manovrare\"\/>\n\n\n\n<p class=\"gb-text gb-text-764de755\">FONCTIONNEL<\/p>\n<\/div>\n\n\n\n<div class=\"gb-element-87af2384\">\n<img loading=\"lazy\" decoding=\"async\" width=\"166\" height=\"150\" class=\"gb-media-d074e9b7 no-lightbox\" alt=\"\" src=\"https:\/\/plastimark.com\/wp-content\/uploads\/2026\/01\/ROBUST-icon.svg\" title=\"icona-senza-viti\"\/>\n\n\n\n<p class=\"gb-text gb-text-b1b7b931\">ROBUSTE<\/p>\n<\/div>\n<\/div>\n\n\n<\/div>\n\n\n\n<div class=\"gb-element-7433462b\">\n<div class=\"gb-element-048980b0\">\n<\/div>\n\n\n\n<div class=\"wp-block-esab-accordion esab-ekj3qxye nested-accordion\" data-mode=\"individual\" data-close=\"true\"><div class=\"esab__container\">\n<div class=\"wp-block-esab-accordion-child esab__active_accordion\"><div class=\"esab__head\" role=\"button\" aria-expanded=\"true\"><div class=\"esab__heading_txt\"><h5 class=\"esab__heading_tag\">CARACT\u00c9RISTIQUES<\/h5><\/div><div class=\"esab__icon esab__active_icon\"><div class=\"esab__collapse\"> <svg xmlns=\"http:\/\/www.w3.org\/2000\/svg\" width=\"24\" height=\"24\" fill=\"currentColor\" viewBox=\"0 0 16 16\"><path fill-rule=\"evenodd\" d=\"M4.646 1.646a.5.5 0 0 1 .708 0l6 6a.5.5 0 0 1 0 .708l-6 6a.5.5 0 0 1-.708-.708L10.293 8 4.646 2.354a.5.5 0 0 1 0-.708\"><\/path><\/svg> <\/div><div class=\"esab__expand\"> <svg xmlns=\"http:\/\/www.w3.org\/2000\/svg\" width=\"24\" height=\"24\" fill=\"currentColor\" viewBox=\"0 0 16 16\"><path fill-rule=\"evenodd\" d=\"M1.646 4.646a.5.5 0 0 1 .708 0L8 10.293l5.646-5.647a.5.5 0 0 1 .708.708l-6 6a.5.5 0 0 1-.708 0l-6-6a.5.5 0 0 1 0-.708\"><\/path><\/svg> <\/div><\/div><\/div><div class=\"esab__body esab__active\">\n<div class=\"gb-element-32b9c385\">\n<p class=\"gb-text gb-text-e94c202f\">Largeur<\/p>\n\n\n\n<p class=\"gb-text gb-text-4f8cfa2d\">570 mm<\/p>\n<\/div>\n\n\n\n<div class=\"gb-element-071d9e71\">\n<p class=\"gb-text gb-text-17121fea\">Hauteur<\/p>\n\n\n\n<p class=\"gb-text gb-text-950601ef\">1.020 mm<\/p>\n<\/div>\n\n\n\n<div class=\"gb-element-8b96554a\">\n<p class=\"gb-text gb-text-332d4032\">Profondeur<\/p>\n\n\n\n<p class=\"gb-text gb-text-5a867bf5\">580 mm<\/p>\n<\/div>\n\n\n\n<div class=\"gb-element-ac6c666c\">\n<p class=\"gb-text gb-text-624077b3\">Embo\u00eetement<\/p>\n\n\n\n<p class=\"gb-text gb-text-4e806a9b\">90 mm<\/p>\n<\/div>\n\n\n\n<div class=\"gb-element-bde2d163\">\n<p class=\"gb-text gb-text-763a608b\">Poids<\/p>\n\n\n\n<p class=\"gb-text gb-text-c6482640\">4,8 Kg<\/p>\n<\/div>\n<\/div><\/div>\n\n\n\n<div class=\"wp-block-esab-accordion-child\"><div class=\"esab__head\" role=\"button\" aria-expanded=\"false\"><div class=\"esab__heading_txt\"><h5 class=\"esab__heading_tag\">ROUES<\/h5><\/div><div class=\"esab__icon\"><div class=\"esab__collapse\"> <svg xmlns=\"http:\/\/www.w3.org\/2000\/svg\" width=\"24\" height=\"24\" fill=\"currentColor\" viewBox=\"0 0 16 16\"><path fill-rule=\"evenodd\" d=\"M4.646 1.646a.5.5 0 0 1 .708 0l6 6a.5.5 0 0 1 0 .708l-6 6a.5.5 0 0 1-.708-.708L10.293 8 4.646 2.354a.5.5 0 0 1 0-.708\"><\/path><\/svg> <\/div><div class=\"esab__expand\"> <svg xmlns=\"http:\/\/www.w3.org\/2000\/svg\" width=\"24\" height=\"24\" fill=\"currentColor\" viewBox=\"0 0 16 16\"><path fill-rule=\"evenodd\" d=\"M1.646 4.646a.5.5 0 0 1 .708 0L8 10.293l5.646-5.647a.5.5 0 0 1 .708.708l-6 6a.5.5 0 0 1-.708 0l-6-6a.5.5 0 0 1 0-.708\"><\/path><\/svg> <\/div><\/div><\/div><div class=\"esab__body\">\n<div class=\"gb-element-6bae369b\">\n<p class=\"gb-text gb-text-d325209a\">3 Roues pivotantes<br><\/p>\n\n\n\n<p class=\"gb-text\">\u00d8 80 mm<\/p>\n<\/div>\n<\/div><\/div>\n\n\n\n<div class=\"wp-block-esab-accordion-child\"><div class=\"esab__head\" role=\"button\" aria-expanded=\"false\"><div class=\"esab__heading_txt\"><h5 class=\"esab__heading_tag\">COULEURS STANDARD<\/h5><\/div><div class=\"esab__icon\"><div class=\"esab__collapse\"> <svg xmlns=\"http:\/\/www.w3.org\/2000\/svg\" width=\"24\" height=\"24\" fill=\"currentColor\" viewBox=\"0 0 16 16\"><path fill-rule=\"evenodd\" d=\"M4.646 1.646a.5.5 0 0 1 .708 0l6 6a.5.5 0 0 1 0 .708l-6 6a.5.5 0 0 1-.708-.708L10.293 8 4.646 2.354a.5.5 0 0 1 0-.708\"><\/path><\/svg> <\/div><div class=\"esab__expand\"> <svg xmlns=\"http:\/\/www.w3.org\/2000\/svg\" width=\"24\" height=\"24\" fill=\"currentColor\" viewBox=\"0 0 16 16\"><path fill-rule=\"evenodd\" d=\"M1.646 4.646a.5.5 0 0 1 .708 0L8 10.293l5.646-5.647a.5.5 0 0 1 .708.708l-6 6a.5.5 0 0 1-.708 0l-6-6a.5.5 0 0 1 0-.708\"><\/path><\/svg> <\/div><\/div><\/div><div class=\"esab__body\">\n<div class=\"gb-element-0bdf266d\">\n<div>\n<p class=\"gb-text gb-text-7b021073\">Structure<\/p>\n<\/div>\n\n\n\n<div>\n<div class=\"gb-element-90ee72c5\">\n<div class=\"gb-element-bb9dee8a\">\n<div class=\"gb-element-81cd3599\"><\/div>\n\n\n\n<p class=\"gb-text gb-text-482cbaaa\">SILVER<\/p>\n<\/div>\n<\/div>\n<\/div>\n\n\n\n<div>\n<p class=\"gb-text gb-text-d591ab9a\">Poign\u00e9e<\/p>\n<\/div>\n\n\n\n<div>\n<div class=\"gb-element-b29451b9\">\n<div class=\"gb-element-8707d94c\">\n<div class=\"gb-element-e18875b5\"><\/div>\n\n\n\n<p class=\"gb-text gb-text-e18342eb\">RAL 9005<\/p>\n<\/div>\n<\/div>\n<\/div>\n<\/div>\n\n\n\n<p class=\"gb-text gb-text-75687a78\">Poign\u00e9e personnalisable dans n&rsquo;importe quelle couleur \u00e0 la demande du client, avec une quantit\u00e9 minimale de commande.<\/p>\n<\/div><\/div>\n\n\n\n<div class=\"wp-block-esab-accordion-child\"><div class=\"esab__head\" role=\"button\" aria-expanded=\"false\"><div class=\"esab__heading_txt\"><h5 class=\"esab__heading_tag\">CHARGEMENT<\/h5><\/div><div class=\"esab__icon\"><div class=\"esab__collapse\"> <svg xmlns=\"http:\/\/www.w3.org\/2000\/svg\" width=\"24\" height=\"24\" fill=\"currentColor\" viewBox=\"0 0 16 16\"><path fill-rule=\"evenodd\" d=\"M4.646 1.646a.5.5 0 0 1 .708 0l6 6a.5.5 0 0 1 0 .708l-6 6a.5.5 0 0 1-.708-.708L10.293 8 4.646 2.354a.5.5 0 0 1 0-.708\"><\/path><\/svg> <\/div><div class=\"esab__expand\"> <svg xmlns=\"http:\/\/www.w3.org\/2000\/svg\" width=\"24\" height=\"24\" fill=\"currentColor\" viewBox=\"0 0 16 16\"><path fill-rule=\"evenodd\" d=\"M1.646 4.646a.5.5 0 0 1 .708 0L8 10.293l5.646-5.647a.5.5 0 0 1 .708.708l-6 6a.5.5 0 0 1-.708 0l-6-6a.5.5 0 0 1 0-.708\"><\/path><\/svg> <\/div><\/div><\/div><div class=\"esab__body\">\n<div class=\"gb-element-c78f7bf7\">\n<p class=\"gb-text gb-text-71947101\">1 Camion<\/p>\n\n\n\n<p class=\"gb-text gb-text-3af20ddd\">n. 616 pi\u00e8ces<\/p>\n<\/div>\n\n\n\n<div class=\"gb-element-98b47759\">\n<p class=\"gb-text gb-text-7ddd9ddc\">1 x 20\u2019 Conteneur<\/p>\n\n\n\n<p class=\"gb-text gb-text-1cabbd69\">n. 280 pi\u00e8ces<\/p>\n<\/div>\n\n\n\n<div class=\"gb-element-effcbe3b\">\n<p class=\"gb-text gb-text-739398c0\">1 x 40\u2019 Conteneur<\/p>\n\n\n\n<p class=\"gb-text gb-text-9a4d720a\">n. 560 pi\u00e8ces<\/p>\n<\/div>\n<\/div><\/div>\n<\/div><\/div>\n<\/div>\n<\/div>\n","protected":false},"featured_media":0,"template":"","meta":{"_acf_changed":false},"class_list":["post-262806","product","type-product","status-publish","hentry"],"acf":[],"yoast_head":"<!-- This site is optimized with the Yoast SEO plugin v27.2 - https:\/\/yoast.com\/product\/yoast-seo-wordpress\/ -->\n<title>Panier \u00e0 roulettes multiple Multi | Plastimark<\/title>\n<meta name=\"description\" content=\"Structure de support de panier en m\u00e9tal; une solution multi-format adapt\u00e9e \u00e0 toutes les surfaces de vente, modulable, ultra compacte et facile \u00e0 manipuler.\" \/>\n<meta name=\"robots\" content=\"index, follow, max-snippet:-1, max-image-preview:large, max-video-preview:-1\" \/>\n<link rel=\"canonical\" href=\"https:\/\/plastimark.com\/fr\/produit\/multi\/\" \/>\n<meta property=\"og:locale\" content=\"fr_FR\" \/>\n<meta property=\"og:type\" content=\"article\" \/>\n<meta property=\"og:title\" content=\"Panier \u00e0 roulettes multiple Multi | Plastimark\" \/>\n<meta property=\"og:description\" content=\"Structure de support de panier en m\u00e9tal; une solution multi-format adapt\u00e9e \u00e0 toutes les surfaces de vente, modulable, ultra compacte et facile \u00e0 manipuler.\" \/>\n<meta property=\"og:url\" content=\"https:\/\/plastimark.com\/fr\/produit\/multi\/\" \/>\n<meta property=\"og:site_name\" content=\"Plastimark\" \/>\n<meta property=\"article:publisher\" content=\"https:\/\/www.facebook.com\/Plastimark\" \/>\n<meta property=\"article:modified_time\" content=\"2026-02-24T13:52:15+00:00\" \/>\n<meta property=\"og:image\" content=\"https:\/\/plastimark.com\/wp-content\/uploads\/2025\/12\/Multi-side-in-motion.webp\" \/>\n<meta name=\"twitter:card\" content=\"summary_large_image\" \/>\n<meta name=\"twitter:label1\" content=\"Dur\u00e9e de lecture estim\u00e9e\" \/>\n\t<meta name=\"twitter:data1\" content=\"4 minutes\" \/>\n<script type=\"application\/ld+json\" class=\"yoast-schema-graph\">{\"@context\":\"https:\/\/schema.org\",\"@graph\":[{\"@type\":\"WebPage\",\"@id\":\"https:\/\/plastimark.com\/fr\/produit\/multi\/\",\"url\":\"https:\/\/plastimark.com\/fr\/produit\/multi\/\",\"name\":\"Panier \u00e0 roulettes multiple Multi | Plastimark\",\"isPartOf\":{\"@id\":\"https:\/\/plastimark.com\/fr\/#website\"},\"primaryImageOfPage\":{\"@id\":\"https:\/\/plastimark.com\/fr\/produit\/multi\/#primaryimage\"},\"image\":{\"@id\":\"https:\/\/plastimark.com\/fr\/produit\/multi\/#primaryimage\"},\"thumbnailUrl\":\"https:\/\/plastimark.com\/wp-content\/uploads\/2025\/12\/Multi-side-in-motion.webp\",\"datePublished\":\"2025-12-04T08:26:06+00:00\",\"dateModified\":\"2026-02-24T13:52:15+00:00\",\"description\":\"Structure de support de panier en m\u00e9tal; une solution multi-format adapt\u00e9e \u00e0 toutes les surfaces de vente, modulable, ultra compacte et facile \u00e0 manipuler.\",\"breadcrumb\":{\"@id\":\"https:\/\/plastimark.com\/fr\/produit\/multi\/#breadcrumb\"},\"inLanguage\":\"fr-FR\",\"potentialAction\":[{\"@type\":\"ReadAction\",\"target\":[\"https:\/\/plastimark.com\/fr\/produit\/multi\/\"]}]},{\"@type\":\"ImageObject\",\"inLanguage\":\"fr-FR\",\"@id\":\"https:\/\/plastimark.com\/fr\/produit\/multi\/#primaryimage\",\"url\":\"https:\/\/plastimark.com\/wp-content\/uploads\/2025\/12\/Multi-side-in-motion.webp\",\"contentUrl\":\"https:\/\/plastimark.com\/wp-content\/uploads\/2025\/12\/Multi-side-in-motion.webp\"},{\"@type\":\"BreadcrumbList\",\"@id\":\"https:\/\/plastimark.com\/fr\/produit\/multi\/#breadcrumb\",\"itemListElement\":[{\"@type\":\"ListItem\",\"position\":1,\"name\":\"Home\",\"item\":\"https:\/\/plastimark.com\/fr\/\"},{\"@type\":\"ListItem\",\"position\":2,\"name\":\"Multi\"}]},{\"@type\":\"WebSite\",\"@id\":\"https:\/\/plastimark.com\/fr\/#website\",\"url\":\"https:\/\/plastimark.com\/fr\/\",\"name\":\"Plastimark\",\"description\":\"Carrelli e cestini per la spesa in plastica\",\"publisher\":{\"@id\":\"https:\/\/plastimark.com\/fr\/#organization\"},\"potentialAction\":[{\"@type\":\"SearchAction\",\"target\":{\"@type\":\"EntryPoint\",\"urlTemplate\":\"https:\/\/plastimark.com\/fr\/?s={search_term_string}\"},\"query-input\":{\"@type\":\"PropertyValueSpecification\",\"valueRequired\":true,\"valueName\":\"search_term_string\"}}],\"inLanguage\":\"fr-FR\"},{\"@type\":\"Organization\",\"@id\":\"https:\/\/plastimark.com\/fr\/#organization\",\"name\":\"Plastimark\",\"url\":\"https:\/\/plastimark.com\/fr\/\",\"logo\":{\"@type\":\"ImageObject\",\"inLanguage\":\"fr-FR\",\"@id\":\"https:\/\/plastimark.com\/fr\/#\/schema\/logo\/image\/\",\"url\":\"https:\/\/plastimark.com\/wp-content\/uploads\/2025\/11\/logo-plastimark.svg\",\"contentUrl\":\"https:\/\/plastimark.com\/wp-content\/uploads\/2025\/11\/logo-plastimark.svg\",\"width\":313,\"height\":81,\"caption\":\"Plastimark\"},\"image\":{\"@id\":\"https:\/\/plastimark.com\/fr\/#\/schema\/logo\/image\/\"},\"sameAs\":[\"https:\/\/www.facebook.com\/Plastimark\",\"https:\/\/www.linkedin.com\/company\/plastimark-spa\/\",\"https:\/\/www.instagram.com\/plastimark\/\",\"https:\/\/www.youtube.com\/@plastimark\"]}]}<\/script>\n<!-- \/ Yoast SEO plugin. -->","yoast_head_json":{"title":"Panier \u00e0 roulettes multiple Multi | Plastimark","description":"Structure de support de panier en m\u00e9tal; une solution multi-format adapt\u00e9e \u00e0 toutes les surfaces de vente, modulable, ultra compacte et facile \u00e0 manipuler.","robots":{"index":"index","follow":"follow","max-snippet":"max-snippet:-1","max-image-preview":"max-image-preview:large","max-video-preview":"max-video-preview:-1"},"canonical":"https:\/\/plastimark.com\/fr\/produit\/multi\/","og_locale":"fr_FR","og_type":"article","og_title":"Panier \u00e0 roulettes multiple Multi | Plastimark","og_description":"Structure de support de panier en m\u00e9tal; une solution multi-format adapt\u00e9e \u00e0 toutes les surfaces de vente, modulable, ultra compacte et facile \u00e0 manipuler.","og_url":"https:\/\/plastimark.com\/fr\/produit\/multi\/","og_site_name":"Plastimark","article_publisher":"https:\/\/www.facebook.com\/Plastimark","article_modified_time":"2026-02-24T13:52:15+00:00","og_image":[{"url":"https:\/\/plastimark.com\/wp-content\/uploads\/2025\/12\/Multi-side-in-motion.webp","type":"","width":"","height":""}],"twitter_card":"summary_large_image","twitter_misc":{"Dur\u00e9e de lecture estim\u00e9e":"4 minutes"},"schema":{"@context":"https:\/\/schema.org","@graph":[{"@type":"WebPage","@id":"https:\/\/plastimark.com\/fr\/produit\/multi\/","url":"https:\/\/plastimark.com\/fr\/produit\/multi\/","name":"Panier \u00e0 roulettes multiple Multi | Plastimark","isPartOf":{"@id":"https:\/\/plastimark.com\/fr\/#website"},"primaryImageOfPage":{"@id":"https:\/\/plastimark.com\/fr\/produit\/multi\/#primaryimage"},"image":{"@id":"https:\/\/plastimark.com\/fr\/produit\/multi\/#primaryimage"},"thumbnailUrl":"https:\/\/plastimark.com\/wp-content\/uploads\/2025\/12\/Multi-side-in-motion.webp","datePublished":"2025-12-04T08:26:06+00:00","dateModified":"2026-02-24T13:52:15+00:00","description":"Structure de support de panier en m\u00e9tal; une solution multi-format adapt\u00e9e \u00e0 toutes les surfaces de vente, modulable, ultra compacte et facile \u00e0 manipuler.","breadcrumb":{"@id":"https:\/\/plastimark.com\/fr\/produit\/multi\/#breadcrumb"},"inLanguage":"fr-FR","potentialAction":[{"@type":"ReadAction","target":["https:\/\/plastimark.com\/fr\/produit\/multi\/"]}]},{"@type":"ImageObject","inLanguage":"fr-FR","@id":"https:\/\/plastimark.com\/fr\/produit\/multi\/#primaryimage","url":"https:\/\/plastimark.com\/wp-content\/uploads\/2025\/12\/Multi-side-in-motion.webp","contentUrl":"https:\/\/plastimark.com\/wp-content\/uploads\/2025\/12\/Multi-side-in-motion.webp"},{"@type":"BreadcrumbList","@id":"https:\/\/plastimark.com\/fr\/produit\/multi\/#breadcrumb","itemListElement":[{"@type":"ListItem","position":1,"name":"Home","item":"https:\/\/plastimark.com\/fr\/"},{"@type":"ListItem","position":2,"name":"Multi"}]},{"@type":"WebSite","@id":"https:\/\/plastimark.com\/fr\/#website","url":"https:\/\/plastimark.com\/fr\/","name":"Plastimark","description":"Carrelli e cestini per la spesa in plastica","publisher":{"@id":"https:\/\/plastimark.com\/fr\/#organization"},"potentialAction":[{"@type":"SearchAction","target":{"@type":"EntryPoint","urlTemplate":"https:\/\/plastimark.com\/fr\/?s={search_term_string}"},"query-input":{"@type":"PropertyValueSpecification","valueRequired":true,"valueName":"search_term_string"}}],"inLanguage":"fr-FR"},{"@type":"Organization","@id":"https:\/\/plastimark.com\/fr\/#organization","name":"Plastimark","url":"https:\/\/plastimark.com\/fr\/","logo":{"@type":"ImageObject","inLanguage":"fr-FR","@id":"https:\/\/plastimark.com\/fr\/#\/schema\/logo\/image\/","url":"https:\/\/plastimark.com\/wp-content\/uploads\/2025\/11\/logo-plastimark.svg","contentUrl":"https:\/\/plastimark.com\/wp-content\/uploads\/2025\/11\/logo-plastimark.svg","width":313,"height":81,"caption":"Plastimark"},"image":{"@id":"https:\/\/plastimark.com\/fr\/#\/schema\/logo\/image\/"},"sameAs":["https:\/\/www.facebook.com\/Plastimark","https:\/\/www.linkedin.com\/company\/plastimark-spa\/","https:\/\/www.instagram.com\/plastimark\/","https:\/\/www.youtube.com\/@plastimark"]}]}},"_links":{"self":[{"href":"https:\/\/plastimark.com\/fr\/wp-json\/wp\/v2\/product\/262806","targetHints":{"allow":["GET"]}}],"collection":[{"href":"https:\/\/plastimark.com\/fr\/wp-json\/wp\/v2\/product"}],"about":[{"href":"https:\/\/plastimark.com\/fr\/wp-json\/wp\/v2\/types\/product"}],"wp:attachment":[{"href":"https:\/\/plastimark.com\/fr\/wp-json\/wp\/v2\/media?parent=262806"}],"curies":[{"name":"wp","href":"https:\/\/api.w.org\/{rel}","templated":true}]}}