{"id":262786,"date":"2025-12-04T09:26:57","date_gmt":"2025-12-04T08:26:57","guid":{"rendered":"https:\/\/plastimark-new.inode.it\/product\/pallet-light\/"},"modified":"2026-03-16T15:35:00","modified_gmt":"2026-03-16T14:35:00","slug":"pallet-light","status":"publish","type":"product","link":"https:\/\/plastimark.com\/fr\/produit\/pallet-light\/","title":{"rendered":"Pallet Light"},"content":{"rendered":"\n<div class=\"gb-element-3c632dde\">\n<div class=\"gb-element-a02e6a89\">\n<h2 class=\"gb-text gb-text-faa3379e\"><strong><strong>Pallet Light<\/strong><\/strong><\/h2>\n\n\n\n<div class=\"splide gallery-set-pleasy\" id=\"main-carousel\" aria-label=\"Galleria Immagini\">\n<div class=\"splide__track\">\n<div class=\"splide__list\">\n<div class=\"splide__slide\">\n<img loading=\"lazy\" decoding=\"async\" width=\"1500\" height=\"1500\" class=\"gb-media-c5bfa31d\" alt=\"Pallet Light vue lat\u00e9rale \" src=\"https:\/\/plastimark.com\/wp-content\/uploads\/2025\/12\/Pallet-Light-side.webp\" title=\"Pallet Light side\" srcset=\"https:\/\/plastimark.com\/wp-content\/uploads\/2025\/12\/Pallet-Light-side.webp 1500w, https:\/\/plastimark.com\/wp-content\/uploads\/2025\/12\/Pallet-Light-side-300x300.webp 300w, https:\/\/plastimark.com\/wp-content\/uploads\/2025\/12\/Pallet-Light-side-1024x1024.webp 1024w, https:\/\/plastimark.com\/wp-content\/uploads\/2025\/12\/Pallet-Light-side-150x150.webp 150w, https:\/\/plastimark.com\/wp-content\/uploads\/2025\/12\/Pallet-Light-side-768x768.webp 768w\" sizes=\"auto, (max-width: 1500px) 100vw, 1500px\" \/>\n<\/div>\n\n\n\n<div class=\"splide__slide\">\n<img loading=\"lazy\" decoding=\"async\" width=\"1500\" height=\"1500\" class=\"gb-media-83e6db29\" alt=\"Pallet Light vue frontale\" src=\"https:\/\/plastimark.com\/wp-content\/uploads\/2025\/12\/Pallet-Light-front.webp\" title=\"Pallet Light front\" srcset=\"https:\/\/plastimark.com\/wp-content\/uploads\/2025\/12\/Pallet-Light-front.webp 1500w, https:\/\/plastimark.com\/wp-content\/uploads\/2025\/12\/Pallet-Light-front-300x300.webp 300w, https:\/\/plastimark.com\/wp-content\/uploads\/2025\/12\/Pallet-Light-front-1024x1024.webp 1024w, https:\/\/plastimark.com\/wp-content\/uploads\/2025\/12\/Pallet-Light-front-150x150.webp 150w, https:\/\/plastimark.com\/wp-content\/uploads\/2025\/12\/Pallet-Light-front-768x768.webp 768w\" sizes=\"auto, (max-width: 1500px) 100vw, 1500px\" \/>\n<\/div>\n\n\n\n<div class=\"splide__slide\">\n<img loading=\"lazy\" decoding=\"async\" width=\"1500\" height=\"1500\" class=\"gb-media-a97a6ef2\" alt=\"Pallet Light vue du haut \" src=\"https:\/\/plastimark.com\/wp-content\/uploads\/2025\/12\/Pallet-Light-birds-eye-view.webp\" title=\"Pallet Light bird&apos;s-eye view\" srcset=\"https:\/\/plastimark.com\/wp-content\/uploads\/2025\/12\/Pallet-Light-birds-eye-view.webp 1500w, https:\/\/plastimark.com\/wp-content\/uploads\/2025\/12\/Pallet-Light-birds-eye-view-300x300.webp 300w, https:\/\/plastimark.com\/wp-content\/uploads\/2025\/12\/Pallet-Light-birds-eye-view-1024x1024.webp 1024w, https:\/\/plastimark.com\/wp-content\/uploads\/2025\/12\/Pallet-Light-birds-eye-view-150x150.webp 150w, https:\/\/plastimark.com\/wp-content\/uploads\/2025\/12\/Pallet-Light-birds-eye-view-768x768.webp 768w\" sizes=\"auto, (max-width: 1500px) 100vw, 1500px\" \/>\n<\/div>\n\n\n\n<div class=\"gb-element-7723a98e splide__slide\">\n<img loading=\"lazy\" decoding=\"async\" width=\"1500\" height=\"1500\" class=\"gb-media-b89c7112\" alt=\"Pallet Light en exposition\" src=\"https:\/\/plastimark.com\/wp-content\/uploads\/2025\/12\/Pallet-context.webp\" title=\"Pallet in use\" srcset=\"https:\/\/plastimark.com\/wp-content\/uploads\/2025\/12\/Pallet-context.webp 1500w, https:\/\/plastimark.com\/wp-content\/uploads\/2025\/12\/Pallet-context-300x300.webp 300w, https:\/\/plastimark.com\/wp-content\/uploads\/2025\/12\/Pallet-context-1024x1024.webp 1024w, https:\/\/plastimark.com\/wp-content\/uploads\/2025\/12\/Pallet-context-150x150.webp 150w, https:\/\/plastimark.com\/wp-content\/uploads\/2025\/12\/Pallet-context-768x768.webp 768w\" sizes=\"auto, (max-width: 1500px) 100vw, 1500px\" \/>\n<\/div>\n<\/div>\n<\/div>\n<\/div>\n\n\n\n<div class=\"gb-element-18c90475 splide\" id=\"thumbnail-carousel\" aria-label=\"Navigazione miniature\">\n<div class=\"splide__track\">\n<div class=\"splide__list\"><\/div>\n<\/div>\n<\/div>\n\n\n\n<p class=\"gb-text\">Pallet Light repr\u00e9sente une solution l\u00e9g\u00e8re et polyvalente pour le d\u00e9placement des marchandises. Fabriqu\u00e9 en plastique monobloc, capacit\u00e9 de charge statique jusqu&rsquo;\u00e0 1 500 kg. Les barres transversales anti-basculement assurent une plus grande s\u00e9curit\u00e9 lors de l&rsquo;utilisation.<br>Enti\u00e8rement recyclable et adapt\u00e9 au contact alimentaire, il est disponible en diff\u00e9rentes couleurs et peut \u00eatre personnalis\u00e9 avec le logo de l&rsquo;entreprise sur demande.<br>Ces palettes sont en effet appropri\u00e9es comme outils d&rsquo;exposition au sein des points de vente pour les marchandises qui doivent \u00eatre mises en valeur.<br><\/p>\n\n\n\n<div class=\"gb-element-c7292613\">\n<div class=\"gb-element-c59b9e17\">\n<img loading=\"lazy\" decoding=\"async\" width=\"166\" height=\"150\" class=\"gb-media-3c1fe2ef no-lightbox\" alt=\"\" src=\"https:\/\/plastimark.com\/wp-content\/uploads\/2026\/01\/LIGHT-icon.svg\" title=\"icona-di-design\"\/>\n\n\n\n<p class=\"gb-text gb-text-cd1810e2\">L\u00c9GER<\/p>\n<\/div>\n\n\n\n<div class=\"gb-element-6ac60434\">\n<img loading=\"lazy\" decoding=\"async\" width=\"166\" height=\"150\" class=\"gb-media-df2b831f no-lightbox\" alt=\"\" src=\"https:\/\/plastimark.com\/wp-content\/uploads\/2026\/01\/VERSATILE-icon.svg\" title=\"icona-facile-da-manovrare\"\/>\n\n\n\n<p class=\"gb-text gb-text-8fb6e3d2\">POLYVALENT<\/p>\n<\/div>\n\n\n\n<div class=\"gb-element-9b1aa1db\">\n<img loading=\"lazy\" decoding=\"async\" width=\"166\" height=\"150\" class=\"gb-media-d3360792 no-lightbox\" alt=\"\" src=\"https:\/\/plastimark.com\/wp-content\/uploads\/2026\/01\/SUSTAINABLE-icon.svg\" title=\"icona-senza-viti\"\/>\n\n\n\n<p class=\"gb-text gb-text-80b0bd22\">\u00c9COLOGIQUE<\/p>\n<\/div>\n<\/div>\n\n\n\n<div class=\"gb-element-cba058db\">\n<div class=\"gb-element-3bd670fd\">\n<a href=\"https:\/\/plastimark.com\/wp-content\/uploads\/PCF_Pallet-Light-FR.pdf\" target=\"_blank\" rel=\"noopener\"><img loading=\"lazy\" decoding=\"async\" width=\"245\" height=\"179\" class=\"gb-media-4b987b85\" alt=\"\" src=\"https:\/\/plastimark.com\/wp-content\/uploads\/2026\/02\/CO2-Footprint.svg\" title=\"icona-co2\"\/><\/a>\n<\/div>\n\n\n\n\n<\/div>\n<\/div>\n\n\n\n<div class=\"gb-element-7433462b\">\n<div class=\"gb-element-048980b0\">\n<\/div>\n\n\n\n<div class=\"wp-block-esab-accordion esab-ekj3qxye nested-accordion\" data-mode=\"individual\" data-close=\"true\"><div class=\"esab__container\">\n<div class=\"wp-block-esab-accordion-child esab__active_accordion\"><div class=\"esab__head\" role=\"button\" aria-expanded=\"true\"><div class=\"esab__heading_txt\"><h5 class=\"esab__heading_tag\">CARACT\u00c9RISTIQUES<\/h5><\/div><div class=\"esab__icon esab__active_icon\"><div class=\"esab__collapse\"> <svg xmlns=\"http:\/\/www.w3.org\/2000\/svg\" width=\"24\" height=\"24\" fill=\"currentColor\" viewBox=\"0 0 16 16\"><path fill-rule=\"evenodd\" d=\"M4.646 1.646a.5.5 0 0 1 .708 0l6 6a.5.5 0 0 1 0 .708l-6 6a.5.5 0 0 1-.708-.708L10.293 8 4.646 2.354a.5.5 0 0 1 0-.708\"><\/path><\/svg> <\/div><div class=\"esab__expand\"> <svg xmlns=\"http:\/\/www.w3.org\/2000\/svg\" width=\"24\" height=\"24\" fill=\"currentColor\" viewBox=\"0 0 16 16\"><path fill-rule=\"evenodd\" d=\"M1.646 4.646a.5.5 0 0 1 .708 0L8 10.293l5.646-5.647a.5.5 0 0 1 .708.708l-6 6a.5.5 0 0 1-.708 0l-6-6a.5.5 0 0 1 0-.708\"><\/path><\/svg> <\/div><\/div><\/div><div class=\"esab__body esab__active\">\n<div class=\"gb-element-32b9c385\">\n<p class=\"gb-text gb-text-e94c202f\">Longueur<\/p>\n\n\n\n<p class=\"gb-text gb-text-4f8cfa2d\">1.200 mm<\/p>\n<\/div>\n\n\n\n<div class=\"gb-element-77337025\">\n<p class=\"gb-text gb-text-1da34cdb\">Largeur<\/p>\n\n\n\n<p class=\"gb-text gb-text-3c9cb999\">800 mm<\/p>\n<\/div>\n\n\n\n<div class=\"gb-element-7a6e69e1\">\n<p class=\"gb-text gb-text-c24c5b63\">Hauteur<\/p>\n\n\n\n<p class=\"gb-text gb-text-3edfb3cc\">153 mm<\/p>\n<\/div>\n\n\n\n<div class=\"gb-element-cb9d7ca3\">\n<p class=\"gb-text gb-text-aed21a2c\">Poids<\/p>\n\n\n\n<p class=\"gb-text gb-text-d070a21d\">11,3 Kg (+\/-0,2)<\/p>\n<\/div>\n<\/div><\/div>\n\n\n\n<div class=\"wp-block-esab-accordion-child\"><div class=\"esab__head\" role=\"button\" aria-expanded=\"false\"><div class=\"esab__heading_txt\"><h5 class=\"esab__heading_tag\">PORT\u00c9E*<\/h5><\/div><div class=\"esab__icon\"><div class=\"esab__collapse\"> <svg xmlns=\"http:\/\/www.w3.org\/2000\/svg\" width=\"24\" height=\"24\" fill=\"currentColor\" viewBox=\"0 0 16 16\"><path fill-rule=\"evenodd\" d=\"M4.646 1.646a.5.5 0 0 1 .708 0l6 6a.5.5 0 0 1 0 .708l-6 6a.5.5 0 0 1-.708-.708L10.293 8 4.646 2.354a.5.5 0 0 1 0-.708\"><\/path><\/svg> <\/div><div class=\"esab__expand\"> <svg xmlns=\"http:\/\/www.w3.org\/2000\/svg\" width=\"24\" height=\"24\" fill=\"currentColor\" viewBox=\"0 0 16 16\"><path fill-rule=\"evenodd\" d=\"M1.646 4.646a.5.5 0 0 1 .708 0L8 10.293l5.646-5.647a.5.5 0 0 1 .708.708l-6 6a.5.5 0 0 1-.708 0l-6-6a.5.5 0 0 1 0-.708\"><\/path><\/svg> <\/div><\/div><\/div><div class=\"esab__body\">\n<div class=\"gb-element-5e5c8c38\">\n<p class=\"gb-text gb-text-c7d54a02\">Statique<\/p>\n\n\n\n<p class=\"gb-text gb-text-9014eb8b\">3.000 Kg<\/p>\n<\/div>\n\n\n\n<div class=\"gb-element-b459f75e\">\n<p class=\"gb-text gb-text-11a9afa6\">Dynamique<\/p>\n\n\n\n<p class=\"gb-text gb-text-27031409\">1.000 Kg<\/p>\n<\/div>\n\n\n\n<div class=\"gb-element-db11c1f2\">\n<p class=\"gb-text gb-text-394d766c\">Dans les rayonnages<\/p>\n\n\n\n<p class=\"gb-text gb-text-aecaed8e\">350 Kg<\/p>\n<\/div>\n\n\n\n<p class=\"gb-text gb-text-c6c84acb\">* D\u00e9signe la palette en mati\u00e8re vierge<\/p>\n<\/div><\/div>\n\n\n\n<div class=\"wp-block-esab-accordion-child\"><div class=\"esab__head\" role=\"button\" aria-expanded=\"false\"><div class=\"esab__heading_txt\"><h5 class=\"esab__heading_tag\">COULEURS STANDARD<\/h5><\/div><div class=\"esab__icon\"><div class=\"esab__collapse\"> <svg xmlns=\"http:\/\/www.w3.org\/2000\/svg\" width=\"24\" height=\"24\" fill=\"currentColor\" viewBox=\"0 0 16 16\"><path fill-rule=\"evenodd\" d=\"M4.646 1.646a.5.5 0 0 1 .708 0l6 6a.5.5 0 0 1 0 .708l-6 6a.5.5 0 0 1-.708-.708L10.293 8 4.646 2.354a.5.5 0 0 1 0-.708\"><\/path><\/svg> <\/div><div class=\"esab__expand\"> <svg xmlns=\"http:\/\/www.w3.org\/2000\/svg\" width=\"24\" height=\"24\" fill=\"currentColor\" viewBox=\"0 0 16 16\"><path fill-rule=\"evenodd\" d=\"M1.646 4.646a.5.5 0 0 1 .708 0L8 10.293l5.646-5.647a.5.5 0 0 1 .708.708l-6 6a.5.5 0 0 1-.708 0l-6-6a.5.5 0 0 1 0-.708\"><\/path><\/svg> <\/div><\/div><\/div><div class=\"esab__body\">\n<div class=\"gb-element-0bdf266d\">\n<div>\n<p class=\"gb-text gb-text-df08073b\">Palette<\/p>\n\n\n\n<div class=\"gb-element-76fb16e2\">\n<div class=\"gb-element-c4a335d6\">\n<div class=\"gb-element-aa7382d0\"><\/div>\n\n\n\n<p class=\"gb-text gb-text-7c2508d0\">RAL 7023<\/p>\n<\/div>\n\n\n\n<div class=\"gb-element-ac98522b\">\n<div class=\"gb-element-7d62a726\"><\/div>\n\n\n\n<p class=\"gb-text gb-text-4179f47f\">RAL 9003<\/p>\n<\/div>\n\n\n\n<div class=\"gb-element-09f87dce\">\n<div class=\"gb-element-d8981b67\"><\/div>\n\n\n\n<p class=\"gb-text gb-text-65be4471\">RAL 9005<\/p>\n<\/div>\n<\/div>\n\n\n\n<p class=\"gb-text gb-text-75687a78\">Personnalisable dans n&rsquo;importe quelle couleur \u00e0 la demande du client, avec une quantit\u00e9 minimale de commande.<\/p>\n<\/div>\n<\/div>\n<\/div><\/div>\n\n\n\n<div class=\"wp-block-esab-accordion-child\"><div class=\"esab__head\" role=\"button\" aria-expanded=\"false\"><div class=\"esab__heading_txt\"><h5 class=\"esab__heading_tag\">CHARGEMENT<\/h5><\/div><div class=\"esab__icon\"><div class=\"esab__collapse\"> <svg xmlns=\"http:\/\/www.w3.org\/2000\/svg\" width=\"24\" height=\"24\" fill=\"currentColor\" viewBox=\"0 0 16 16\"><path fill-rule=\"evenodd\" d=\"M4.646 1.646a.5.5 0 0 1 .708 0l6 6a.5.5 0 0 1 0 .708l-6 6a.5.5 0 0 1-.708-.708L10.293 8 4.646 2.354a.5.5 0 0 1 0-.708\"><\/path><\/svg> <\/div><div class=\"esab__expand\"> <svg xmlns=\"http:\/\/www.w3.org\/2000\/svg\" width=\"24\" height=\"24\" fill=\"currentColor\" viewBox=\"0 0 16 16\"><path fill-rule=\"evenodd\" d=\"M1.646 4.646a.5.5 0 0 1 .708 0L8 10.293l5.646-5.647a.5.5 0 0 1 .708.708l-6 6a.5.5 0 0 1-.708 0l-6-6a.5.5 0 0 1 0-.708\"><\/path><\/svg> <\/div><\/div><\/div><div class=\"esab__body\">\n<div class=\"gb-element-094e6ba8\">\n<p class=\"gb-text gb-text-c568f2a7\">1 Camion<\/p>\n\n\n\n<p class=\"gb-text gb-text-9467a918\">n. 594 pi\u00e8ces<\/p>\n<\/div>\n\n\n\n<div class=\"gb-element-8af38898\">\n<p class=\"gb-text gb-text-66310cfb\">1 x 20\u2019 Conteneur<\/p>\n\n\n\n<p class=\"gb-text gb-text-cda68ba4\">n. 198 pi\u00e8ces<\/p>\n<\/div>\n\n\n\n<div class=\"gb-element-5af1bede\">\n<p class=\"gb-text gb-text-9816db92\">1 x 40\u2019 Conteneur<\/p>\n\n\n\n<p class=\"gb-text gb-text-20bc7eff\">n. 400 pi\u00e8ces<\/p>\n<\/div>\n<\/div><\/div>\n<\/div><\/div>\n<\/div>\n<\/div>\n","protected":false},"featured_media":0,"template":"","meta":{"_acf_changed":false},"class_list":["post-262786","product","type-product","status-publish","hentry"],"acf":[],"yoast_head":"<!-- This site is optimized with the Yoast SEO plugin v27.2 - https:\/\/yoast.com\/product\/yoast-seo-wordpress\/ -->\n<title>Palette plastique l\u00e9g\u00e8re Light | Plastimark<\/title>\n<meta name=\"description\" content=\"Palette en plastique hygi\u00e9nique, durable et recyclable, EUR, avec pied ouvert, personnalisable avec un logo et dans n\u2019importe quelle couleur RAL\" \/>\n<meta name=\"robots\" content=\"index, follow, max-snippet:-1, max-image-preview:large, max-video-preview:-1\" \/>\n<link rel=\"canonical\" href=\"https:\/\/plastimark.com\/fr\/produit\/pallet-light\/\" \/>\n<meta property=\"og:locale\" content=\"fr_FR\" \/>\n<meta property=\"og:type\" content=\"article\" \/>\n<meta property=\"og:title\" content=\"Palette plastique l\u00e9g\u00e8re Light | Plastimark\" \/>\n<meta property=\"og:description\" content=\"Palette en plastique hygi\u00e9nique, durable et recyclable, EUR, avec pied ouvert, personnalisable avec un logo et dans n\u2019importe quelle couleur RAL\" \/>\n<meta property=\"og:url\" content=\"https:\/\/plastimark.com\/fr\/produit\/pallet-light\/\" \/>\n<meta property=\"og:site_name\" content=\"Plastimark\" \/>\n<meta property=\"article:publisher\" content=\"https:\/\/www.facebook.com\/Plastimark\" \/>\n<meta property=\"article:modified_time\" content=\"2026-03-16T14:35:00+00:00\" \/>\n<meta property=\"og:image\" content=\"https:\/\/plastimark.com\/wp-content\/uploads\/2025\/12\/Pallet-Light-side.webp\" \/>\n<meta name=\"twitter:card\" content=\"summary_large_image\" \/>\n<meta name=\"twitter:label1\" content=\"Dur\u00e9e de lecture estim\u00e9e\" \/>\n\t<meta name=\"twitter:data1\" content=\"3 minutes\" \/>\n<script type=\"application\/ld+json\" class=\"yoast-schema-graph\">{\"@context\":\"https:\/\/schema.org\",\"@graph\":[{\"@type\":\"WebPage\",\"@id\":\"https:\/\/plastimark.com\/fr\/produit\/pallet-light\/\",\"url\":\"https:\/\/plastimark.com\/fr\/produit\/pallet-light\/\",\"name\":\"Palette plastique l\u00e9g\u00e8re Light | Plastimark\",\"isPartOf\":{\"@id\":\"https:\/\/plastimark.com\/fr\/#website\"},\"primaryImageOfPage\":{\"@id\":\"https:\/\/plastimark.com\/fr\/produit\/pallet-light\/#primaryimage\"},\"image\":{\"@id\":\"https:\/\/plastimark.com\/fr\/produit\/pallet-light\/#primaryimage\"},\"thumbnailUrl\":\"https:\/\/plastimark.com\/wp-content\/uploads\/2025\/12\/Pallet-Light-side.webp\",\"datePublished\":\"2025-12-04T08:26:57+00:00\",\"dateModified\":\"2026-03-16T14:35:00+00:00\",\"description\":\"Palette en plastique hygi\u00e9nique, durable et recyclable, EUR, avec pied ouvert, personnalisable avec un logo et dans n\u2019importe quelle couleur RAL\",\"breadcrumb\":{\"@id\":\"https:\/\/plastimark.com\/fr\/produit\/pallet-light\/#breadcrumb\"},\"inLanguage\":\"fr-FR\",\"potentialAction\":[{\"@type\":\"ReadAction\",\"target\":[\"https:\/\/plastimark.com\/fr\/produit\/pallet-light\/\"]}]},{\"@type\":\"ImageObject\",\"inLanguage\":\"fr-FR\",\"@id\":\"https:\/\/plastimark.com\/fr\/produit\/pallet-light\/#primaryimage\",\"url\":\"https:\/\/plastimark.com\/wp-content\/uploads\/2025\/12\/Pallet-Light-side.webp\",\"contentUrl\":\"https:\/\/plastimark.com\/wp-content\/uploads\/2025\/12\/Pallet-Light-side.webp\"},{\"@type\":\"BreadcrumbList\",\"@id\":\"https:\/\/plastimark.com\/fr\/produit\/pallet-light\/#breadcrumb\",\"itemListElement\":[{\"@type\":\"ListItem\",\"position\":1,\"name\":\"Home\",\"item\":\"https:\/\/plastimark.com\/fr\/\"},{\"@type\":\"ListItem\",\"position\":2,\"name\":\"Pallet Light\"}]},{\"@type\":\"WebSite\",\"@id\":\"https:\/\/plastimark.com\/fr\/#website\",\"url\":\"https:\/\/plastimark.com\/fr\/\",\"name\":\"Plastimark\",\"description\":\"Carrelli e cestini per la spesa in plastica\",\"publisher\":{\"@id\":\"https:\/\/plastimark.com\/fr\/#organization\"},\"potentialAction\":[{\"@type\":\"SearchAction\",\"target\":{\"@type\":\"EntryPoint\",\"urlTemplate\":\"https:\/\/plastimark.com\/fr\/?s={search_term_string}\"},\"query-input\":{\"@type\":\"PropertyValueSpecification\",\"valueRequired\":true,\"valueName\":\"search_term_string\"}}],\"inLanguage\":\"fr-FR\"},{\"@type\":\"Organization\",\"@id\":\"https:\/\/plastimark.com\/fr\/#organization\",\"name\":\"Plastimark\",\"url\":\"https:\/\/plastimark.com\/fr\/\",\"logo\":{\"@type\":\"ImageObject\",\"inLanguage\":\"fr-FR\",\"@id\":\"https:\/\/plastimark.com\/fr\/#\/schema\/logo\/image\/\",\"url\":\"https:\/\/plastimark.com\/wp-content\/uploads\/2025\/11\/logo-plastimark.svg\",\"contentUrl\":\"https:\/\/plastimark.com\/wp-content\/uploads\/2025\/11\/logo-plastimark.svg\",\"width\":313,\"height\":81,\"caption\":\"Plastimark\"},\"image\":{\"@id\":\"https:\/\/plastimark.com\/fr\/#\/schema\/logo\/image\/\"},\"sameAs\":[\"https:\/\/www.facebook.com\/Plastimark\",\"https:\/\/www.linkedin.com\/company\/plastimark-spa\/\",\"https:\/\/www.instagram.com\/plastimark\/\",\"https:\/\/www.youtube.com\/@plastimark\"]}]}<\/script>\n<!-- \/ Yoast SEO plugin. -->","yoast_head_json":{"title":"Palette plastique l\u00e9g\u00e8re Light | Plastimark","description":"Palette en plastique hygi\u00e9nique, durable et recyclable, EUR, avec pied ouvert, personnalisable avec un logo et dans n\u2019importe quelle couleur RAL","robots":{"index":"index","follow":"follow","max-snippet":"max-snippet:-1","max-image-preview":"max-image-preview:large","max-video-preview":"max-video-preview:-1"},"canonical":"https:\/\/plastimark.com\/fr\/produit\/pallet-light\/","og_locale":"fr_FR","og_type":"article","og_title":"Palette plastique l\u00e9g\u00e8re Light | Plastimark","og_description":"Palette en plastique hygi\u00e9nique, durable et recyclable, EUR, avec pied ouvert, personnalisable avec un logo et dans n\u2019importe quelle couleur RAL","og_url":"https:\/\/plastimark.com\/fr\/produit\/pallet-light\/","og_site_name":"Plastimark","article_publisher":"https:\/\/www.facebook.com\/Plastimark","article_modified_time":"2026-03-16T14:35:00+00:00","og_image":[{"url":"https:\/\/plastimark.com\/wp-content\/uploads\/2025\/12\/Pallet-Light-side.webp","type":"","width":"","height":""}],"twitter_card":"summary_large_image","twitter_misc":{"Dur\u00e9e de lecture estim\u00e9e":"3 minutes"},"schema":{"@context":"https:\/\/schema.org","@graph":[{"@type":"WebPage","@id":"https:\/\/plastimark.com\/fr\/produit\/pallet-light\/","url":"https:\/\/plastimark.com\/fr\/produit\/pallet-light\/","name":"Palette plastique l\u00e9g\u00e8re Light | Plastimark","isPartOf":{"@id":"https:\/\/plastimark.com\/fr\/#website"},"primaryImageOfPage":{"@id":"https:\/\/plastimark.com\/fr\/produit\/pallet-light\/#primaryimage"},"image":{"@id":"https:\/\/plastimark.com\/fr\/produit\/pallet-light\/#primaryimage"},"thumbnailUrl":"https:\/\/plastimark.com\/wp-content\/uploads\/2025\/12\/Pallet-Light-side.webp","datePublished":"2025-12-04T08:26:57+00:00","dateModified":"2026-03-16T14:35:00+00:00","description":"Palette en plastique hygi\u00e9nique, durable et recyclable, EUR, avec pied ouvert, personnalisable avec un logo et dans n\u2019importe quelle couleur RAL","breadcrumb":{"@id":"https:\/\/plastimark.com\/fr\/produit\/pallet-light\/#breadcrumb"},"inLanguage":"fr-FR","potentialAction":[{"@type":"ReadAction","target":["https:\/\/plastimark.com\/fr\/produit\/pallet-light\/"]}]},{"@type":"ImageObject","inLanguage":"fr-FR","@id":"https:\/\/plastimark.com\/fr\/produit\/pallet-light\/#primaryimage","url":"https:\/\/plastimark.com\/wp-content\/uploads\/2025\/12\/Pallet-Light-side.webp","contentUrl":"https:\/\/plastimark.com\/wp-content\/uploads\/2025\/12\/Pallet-Light-side.webp"},{"@type":"BreadcrumbList","@id":"https:\/\/plastimark.com\/fr\/produit\/pallet-light\/#breadcrumb","itemListElement":[{"@type":"ListItem","position":1,"name":"Home","item":"https:\/\/plastimark.com\/fr\/"},{"@type":"ListItem","position":2,"name":"Pallet Light"}]},{"@type":"WebSite","@id":"https:\/\/plastimark.com\/fr\/#website","url":"https:\/\/plastimark.com\/fr\/","name":"Plastimark","description":"Carrelli e cestini per la spesa in plastica","publisher":{"@id":"https:\/\/plastimark.com\/fr\/#organization"},"potentialAction":[{"@type":"SearchAction","target":{"@type":"EntryPoint","urlTemplate":"https:\/\/plastimark.com\/fr\/?s={search_term_string}"},"query-input":{"@type":"PropertyValueSpecification","valueRequired":true,"valueName":"search_term_string"}}],"inLanguage":"fr-FR"},{"@type":"Organization","@id":"https:\/\/plastimark.com\/fr\/#organization","name":"Plastimark","url":"https:\/\/plastimark.com\/fr\/","logo":{"@type":"ImageObject","inLanguage":"fr-FR","@id":"https:\/\/plastimark.com\/fr\/#\/schema\/logo\/image\/","url":"https:\/\/plastimark.com\/wp-content\/uploads\/2025\/11\/logo-plastimark.svg","contentUrl":"https:\/\/plastimark.com\/wp-content\/uploads\/2025\/11\/logo-plastimark.svg","width":313,"height":81,"caption":"Plastimark"},"image":{"@id":"https:\/\/plastimark.com\/fr\/#\/schema\/logo\/image\/"},"sameAs":["https:\/\/www.facebook.com\/Plastimark","https:\/\/www.linkedin.com\/company\/plastimark-spa\/","https:\/\/www.instagram.com\/plastimark\/","https:\/\/www.youtube.com\/@plastimark"]}]}},"_links":{"self":[{"href":"https:\/\/plastimark.com\/fr\/wp-json\/wp\/v2\/product\/262786","targetHints":{"allow":["GET"]}}],"collection":[{"href":"https:\/\/plastimark.com\/fr\/wp-json\/wp\/v2\/product"}],"about":[{"href":"https:\/\/plastimark.com\/fr\/wp-json\/wp\/v2\/types\/product"}],"wp:attachment":[{"href":"https:\/\/plastimark.com\/fr\/wp-json\/wp\/v2\/media?parent=262786"}],"curies":[{"name":"wp","href":"https:\/\/api.w.org\/{rel}","templated":true}]}}