{"id":262648,"date":"2026-01-29T08:55:21","date_gmt":"2026-01-29T07:55:21","guid":{"rendered":"https:\/\/plastimark-new.inode.it\/rfid\/"},"modified":"2026-03-20T10:54:17","modified_gmt":"2026-03-20T09:54:17","slug":"rfid","status":"publish","type":"page","link":"https:\/\/plastimark.com\/fr\/rfid\/","title":{"rendered":"RFID"},"content":{"rendered":"\n<div class=\"gb-element-e94d6ce3\">\n<h2 class=\"gb-text gb-text-ee146ff8\">Plastimark, la solution optimis\u00e9e pour le syst\u00e8me RFID<\/h2>\n\n\n\n<h4 class=\"gb-text gb-text-9d7e4dac\"><em><strong>Gr\u00e2ce au design de ses chariots en plastique compatibles avec la technologie RFID,<br>Plastimark garantit une vente de d\u00e9tail plus intelligente, rapide et connect\u00e9.<\/strong><\/em><\/h4>\n\n\n\n<div class=\"gb-element-56d8b37a\">\n<p class=\"gb-text gb-text-c2eb7525\">La technologie RFID (Radio Frequency Identification) transforme rapidement le commerce de d\u00e9tail, permettant <strong>l&rsquo;identification sans contact des produits<\/strong>, le <strong>suivi des stocks en temps r\u00e9el<\/strong> et l&rsquo;<strong>automatisation des passages en caisse<\/strong>.<\/p>\n\n\n\n<p class=\"gb-text gb-text-04ca7086\">Un syst\u00e8me <strong>RFID<\/strong> se compose de deux \u00e9l\u00e9ments principaux : l&rsquo;<strong>\u00e9tiquette RFID<\/strong>, qui stocke les donn\u00e9es sur une puce reli\u00e9e \u00e0 une antenne et le <strong>lecteur RFID<\/strong>, qui re\u00e7oit les signaux radio et les convertit en informations num\u00e9riques pour la gestion des stocks, la tra\u00e7abilit\u00e9 et les op\u00e9rations dans les points de vente.<\/p>\n\n\n\n<p class=\"gb-text gb-text-4e354b30\">Pour garantir des performances <strong>RFID<\/strong> optimales, l&rsquo;environnement doit permettre la propagation des ondes radio sans interf\u00e9rence. Le choix du mat\u00e9riau des chariots est donc crucial dans les magasins \u00e9quip\u00e9s de la technologie RFID.<\/p>\n\n\n\n<p class=\"gb-text gb-text-fc72b3ed\">Les <strong>produits Plastimark <\/strong>sont con\u00e7us pour \u00eatre enti\u00e8rement compatibles avec la <strong>technologie RFID<\/strong>, en exploitant les propri\u00e9t\u00e9s naturelles du plastique, qui &lsquo;interf\u00e8re pas avec la lecture des \u00e9tiquettes \u00e9lectroniques, contrairement aux chariots m\u00e9talliques qui cr\u00e9ent un effet de <strong>cage de Faraday<\/strong>.<\/p>\n\n\n\n<p class=\"gb-text gb-text-78a66385\">En \u00e9liminant les interf\u00e9rences \u00e9lectromagn\u00e9tiques, les chariots en plastique Plastimark contribuent activement \u00e0 la digitalisation du commerce de d\u00e9tail, \u00e0 l&rsquo;<strong>automatisation des magasins<\/strong> et aux op\u00e9rations bas\u00e9es sur les donn\u00e9es.<\/p>\n<\/div>\n<\/div>\n\n\n\n<div class=\"gb-element-a7f6558c\" id=\"vision-mission\">\n<div class=\"gb-element-a8a3b17d\">\n<div class=\"gb-element-ac40824a\">\n<img loading=\"lazy\" decoding=\"async\" width=\"150\" height=\"150\" class=\"gb-media-5b563fcb no-lightbox\" alt=\"\" title=\"icona-rfid\" src=\"https:\/\/plastimark-new.inode.it\/wp-content\/uploads\/2025\/11\/icona-rfid.svg\"\/>\n<\/div>\n\n\n\n<div class=\"gb-element-0633ecf6\">\n<h3 class=\"gb-text\">Gr\u00e2ce aux chariots tout plastique de Plastimark,<br>les d\u00e9taillants b\u00e9n\u00e9ficient des avantages suivants:<\/h3>\n\n\n\n<div class=\"gb-element-3379ac53\">\n<p class=\"gb-text-ca7643aa\"><span class=\"gb-shape\"><svg aria-hidden=\"true\" role=\"img\" height=\"1em\" width=\"1em\" viewBox=\"0 0 512 512\" xmlns=\"http:\/\/www.w3.org\/2000\/svg\"><path fill=\"currentColor\" d=\"M173.898 439.404l-166.4-166.4c-9.997-9.997-9.997-26.206 0-36.204l36.203-36.204c9.997-9.998 26.207-9.998 36.204 0L192 312.69 432.095 72.596c9.997-9.997 26.207-9.997 36.204 0l36.203 36.204c9.997 9.997 9.997 26.206 0 36.204l-294.4 294.401c-9.998 9.997-26.207 9.997-36.204-.001z\"><\/path><\/svg><\/span><span class=\"gb-text\">Haute pr\u00e9cision et fiabilit\u00e9 de la lecture RFID<\/span><\/p>\n\n\n\n<p class=\"gb-text-aefd8df2\"><span class=\"gb-shape\"><svg aria-hidden=\"true\" role=\"img\" height=\"1em\" width=\"1em\" viewBox=\"0 0 512 512\" xmlns=\"http:\/\/www.w3.org\/2000\/svg\"><path fill=\"currentColor\" d=\"M173.898 439.404l-166.4-166.4c-9.997-9.997-9.997-26.206 0-36.204l36.203-36.204c9.997-9.998 26.207-9.998 36.204 0L192 312.69 432.095 72.596c9.997-9.997 26.207-9.997 36.204 0l36.203 36.204c9.997 9.997 9.997 26.206 0 36.204l-294.4 294.401c-9.998 9.997-26.207 9.997-36.204-.001z\"><\/path><\/svg><\/span><span class=\"gb-text\">Possibilit\u00e9 de mettre en place des syst\u00e8mes de paiement en libre-service<\/span><\/p>\n\n\n\n<p class=\"gb-text-e1851b6b\"><span class=\"gb-shape\"><svg aria-hidden=\"true\" role=\"img\" height=\"1em\" width=\"1em\" viewBox=\"0 0 512 512\" xmlns=\"http:\/\/www.w3.org\/2000\/svg\"><path fill=\"currentColor\" d=\"M173.898 439.404l-166.4-166.4c-9.997-9.997-9.997-26.206 0-36.204l36.203-36.204c9.997-9.998 26.207-9.998 36.204 0L192 312.69 432.095 72.596c9.997-9.997 26.207-9.997 36.204 0l36.203 36.204c9.997 9.997 9.997 26.206 0 36.204l-294.4 294.401c-9.998 9.997-26.207 9.997-36.204-.001z\"><\/path><\/svg><\/span><span class=\"gb-text\">Absence d&rsquo;interf\u00e9rences lors des op\u00e9rations d&rsquo;inventaire<\/span><\/p>\n\n\n\n<p class=\"gb-text-3e45e34f\"><span class=\"gb-shape\"><svg aria-hidden=\"true\" role=\"img\" height=\"1em\" width=\"1em\" viewBox=\"0 0 512 512\" xmlns=\"http:\/\/www.w3.org\/2000\/svg\"><path fill=\"currentColor\" d=\"M173.898 439.404l-166.4-166.4c-9.997-9.997-9.997-26.206 0-36.204l36.203-36.204c9.997-9.998 26.207-9.998 36.204 0L192 312.69 432.095 72.596c9.997-9.997 26.207-9.997 36.204 0l36.203 36.204c9.997 9.997 9.997 26.206 0 36.204l-294.4 294.401c-9.998 9.997-26.207 9.997-36.204-.001z\"><\/path><\/svg><\/span><span class=\"gb-text\">Am\u00e9lioration de la tra\u00e7abilit\u00e9 des produits, de l\u2019efficacit\u00e9 logistique et de la s\u00e9curit\u00e9<\/span><\/p>\n<\/div>\n<\/div>\n<\/div>\n<\/div>\n\n\n\n<div class=\"gb-element-235880db\">\n<div class=\"gb-element-0b350738\">\n<p class=\"gb-text gb-text-f5b69225\">Au del\u00e0 de leur grande compatibilit\u00e9 avec la technologie RFID, les chariots Plastimark offrent \u00e9galement des avantages op\u00e9rationnels significatifs : <strong>structure l\u00e9g\u00e8re, r\u00e9sistance m\u00e9canique, maniabilit\u00e9 ergonomique et longue dur\u00e9e de vie.<\/strong><\/p>\n\n\n\n<p class=\"gb-text gb-text-03ee508a\">Fabriqu\u00e9s \u00e0 partir de <strong>mat\u00e9riaux durables et recycl\u00e9s<\/strong>, ils offrent des solutions orient\u00e9es vers l\u2019avenir, respectueuses de l&rsquo;environnement et conformes aux principes de l&rsquo;\u00e9conomie circulaire.<\/p>\n<\/div>\n<\/div>\n","protected":false},"excerpt":{"rendered":"<p>Plastimark, la solution optimis\u00e9e pour le syst\u00e8me RFID Gr\u00e2ce au design de ses chariots en plastique compatibles avec la technologie &#8230; <\/p>\n<p class=\"read-more-container\"><a title=\"RFID\" class=\"read-more button\" href=\"https:\/\/plastimark.com\/fr\/rfid\/#more-262648\" aria-label=\"En savoir plus sur RFID\">Lire plus<\/a><\/p>\n","protected":false},"author":1,"featured_media":262647,"parent":0,"menu_order":0,"comment_status":"closed","ping_status":"closed","template":"","meta":{"_acf_changed":false,"footnotes":""},"class_list":["post-262648","page","type-page","status-publish","has-post-thumbnail"],"acf":[],"yoast_head":"<!-- This site is optimized with the Yoast SEO plugin v27.2 - https:\/\/yoast.com\/product\/yoast-seo-wordpress\/ -->\n<title>RFID - Plastimark<\/title>\n<meta name=\"robots\" content=\"index, follow, max-snippet:-1, max-image-preview:large, max-video-preview:-1\" \/>\n<link rel=\"canonical\" href=\"https:\/\/plastimark.com\/fr\/rfid\/\" \/>\n<meta property=\"og:locale\" content=\"fr_FR\" \/>\n<meta property=\"og:type\" content=\"article\" \/>\n<meta property=\"og:title\" content=\"RFID - Plastimark\" \/>\n<meta property=\"og:description\" content=\"Plastimark, la solution optimis\u00e9e pour le syst\u00e8me RFID Gr\u00e2ce au design de ses chariots en plastique compatibles avec la technologie ... Lire plus\" \/>\n<meta property=\"og:url\" content=\"https:\/\/plastimark.com\/fr\/rfid\/\" \/>\n<meta property=\"og:site_name\" content=\"Plastimark\" \/>\n<meta property=\"article:publisher\" content=\"https:\/\/www.facebook.com\/Plastimark\" \/>\n<meta property=\"article:modified_time\" content=\"2026-03-20T09:54:17+00:00\" \/>\n<meta property=\"og:image\" content=\"https:\/\/plastimark.com\/wp-content\/uploads\/2026\/02\/RFID-header.webp\" \/>\n\t<meta property=\"og:image:width\" content=\"2470\" \/>\n\t<meta property=\"og:image:height\" content=\"478\" \/>\n\t<meta property=\"og:image:type\" content=\"image\/webp\" \/>\n<meta name=\"twitter:card\" content=\"summary_large_image\" \/>\n<meta name=\"twitter:label1\" content=\"Dur\u00e9e de lecture estim\u00e9e\" \/>\n\t<meta name=\"twitter:data1\" content=\"1 minute\" \/>\n<script type=\"application\/ld+json\" class=\"yoast-schema-graph\">{\"@context\":\"https:\/\/schema.org\",\"@graph\":[{\"@type\":\"WebPage\",\"@id\":\"https:\/\/plastimark.com\/fr\/rfid\/\",\"url\":\"https:\/\/plastimark.com\/fr\/rfid\/\",\"name\":\"RFID - Plastimark\",\"isPartOf\":{\"@id\":\"https:\/\/plastimark.com\/fr\/#website\"},\"primaryImageOfPage\":{\"@id\":\"https:\/\/plastimark.com\/fr\/rfid\/#primaryimage\"},\"image\":{\"@id\":\"https:\/\/plastimark.com\/fr\/rfid\/#primaryimage\"},\"thumbnailUrl\":\"https:\/\/plastimark.com\/wp-content\/uploads\/2026\/02\/RFID-header.webp\",\"datePublished\":\"2026-01-29T07:55:21+00:00\",\"dateModified\":\"2026-03-20T09:54:17+00:00\",\"breadcrumb\":{\"@id\":\"https:\/\/plastimark.com\/fr\/rfid\/#breadcrumb\"},\"inLanguage\":\"fr-FR\",\"potentialAction\":[{\"@type\":\"ReadAction\",\"target\":[\"https:\/\/plastimark.com\/fr\/rfid\/\"]}]},{\"@type\":\"ImageObject\",\"inLanguage\":\"fr-FR\",\"@id\":\"https:\/\/plastimark.com\/fr\/rfid\/#primaryimage\",\"url\":\"https:\/\/plastimark.com\/wp-content\/uploads\/2026\/02\/RFID-header.webp\",\"contentUrl\":\"https:\/\/plastimark.com\/wp-content\/uploads\/2026\/02\/RFID-header.webp\",\"width\":2470,\"height\":478},{\"@type\":\"BreadcrumbList\",\"@id\":\"https:\/\/plastimark.com\/fr\/rfid\/#breadcrumb\",\"itemListElement\":[{\"@type\":\"ListItem\",\"position\":1,\"name\":\"Home\",\"item\":\"https:\/\/plastimark.com\/fr\/\"},{\"@type\":\"ListItem\",\"position\":2,\"name\":\"RFID\"}]},{\"@type\":\"WebSite\",\"@id\":\"https:\/\/plastimark.com\/fr\/#website\",\"url\":\"https:\/\/plastimark.com\/fr\/\",\"name\":\"Plastimark\",\"description\":\"Carrelli e cestini per la spesa in plastica\",\"publisher\":{\"@id\":\"https:\/\/plastimark.com\/fr\/#organization\"},\"potentialAction\":[{\"@type\":\"SearchAction\",\"target\":{\"@type\":\"EntryPoint\",\"urlTemplate\":\"https:\/\/plastimark.com\/fr\/?s={search_term_string}\"},\"query-input\":{\"@type\":\"PropertyValueSpecification\",\"valueRequired\":true,\"valueName\":\"search_term_string\"}}],\"inLanguage\":\"fr-FR\"},{\"@type\":\"Organization\",\"@id\":\"https:\/\/plastimark.com\/fr\/#organization\",\"name\":\"Plastimark\",\"url\":\"https:\/\/plastimark.com\/fr\/\",\"logo\":{\"@type\":\"ImageObject\",\"inLanguage\":\"fr-FR\",\"@id\":\"https:\/\/plastimark.com\/fr\/#\/schema\/logo\/image\/\",\"url\":\"https:\/\/plastimark.com\/wp-content\/uploads\/2025\/11\/logo-plastimark.svg\",\"contentUrl\":\"https:\/\/plastimark.com\/wp-content\/uploads\/2025\/11\/logo-plastimark.svg\",\"width\":313,\"height\":81,\"caption\":\"Plastimark\"},\"image\":{\"@id\":\"https:\/\/plastimark.com\/fr\/#\/schema\/logo\/image\/\"},\"sameAs\":[\"https:\/\/www.facebook.com\/Plastimark\",\"https:\/\/www.linkedin.com\/company\/plastimark-spa\/\",\"https:\/\/www.instagram.com\/plastimark\/\",\"https:\/\/www.youtube.com\/@plastimark\"]}]}<\/script>\n<!-- \/ Yoast SEO plugin. -->","yoast_head_json":{"title":"RFID - Plastimark","robots":{"index":"index","follow":"follow","max-snippet":"max-snippet:-1","max-image-preview":"max-image-preview:large","max-video-preview":"max-video-preview:-1"},"canonical":"https:\/\/plastimark.com\/fr\/rfid\/","og_locale":"fr_FR","og_type":"article","og_title":"RFID - Plastimark","og_description":"Plastimark, la solution optimis\u00e9e pour le syst\u00e8me RFID Gr\u00e2ce au design de ses chariots en plastique compatibles avec la technologie ... Lire plus","og_url":"https:\/\/plastimark.com\/fr\/rfid\/","og_site_name":"Plastimark","article_publisher":"https:\/\/www.facebook.com\/Plastimark","article_modified_time":"2026-03-20T09:54:17+00:00","og_image":[{"width":2470,"height":478,"url":"https:\/\/plastimark.com\/wp-content\/uploads\/2026\/02\/RFID-header.webp","type":"image\/webp"}],"twitter_card":"summary_large_image","twitter_misc":{"Dur\u00e9e de lecture estim\u00e9e":"1 minute"},"schema":{"@context":"https:\/\/schema.org","@graph":[{"@type":"WebPage","@id":"https:\/\/plastimark.com\/fr\/rfid\/","url":"https:\/\/plastimark.com\/fr\/rfid\/","name":"RFID - Plastimark","isPartOf":{"@id":"https:\/\/plastimark.com\/fr\/#website"},"primaryImageOfPage":{"@id":"https:\/\/plastimark.com\/fr\/rfid\/#primaryimage"},"image":{"@id":"https:\/\/plastimark.com\/fr\/rfid\/#primaryimage"},"thumbnailUrl":"https:\/\/plastimark.com\/wp-content\/uploads\/2026\/02\/RFID-header.webp","datePublished":"2026-01-29T07:55:21+00:00","dateModified":"2026-03-20T09:54:17+00:00","breadcrumb":{"@id":"https:\/\/plastimark.com\/fr\/rfid\/#breadcrumb"},"inLanguage":"fr-FR","potentialAction":[{"@type":"ReadAction","target":["https:\/\/plastimark.com\/fr\/rfid\/"]}]},{"@type":"ImageObject","inLanguage":"fr-FR","@id":"https:\/\/plastimark.com\/fr\/rfid\/#primaryimage","url":"https:\/\/plastimark.com\/wp-content\/uploads\/2026\/02\/RFID-header.webp","contentUrl":"https:\/\/plastimark.com\/wp-content\/uploads\/2026\/02\/RFID-header.webp","width":2470,"height":478},{"@type":"BreadcrumbList","@id":"https:\/\/plastimark.com\/fr\/rfid\/#breadcrumb","itemListElement":[{"@type":"ListItem","position":1,"name":"Home","item":"https:\/\/plastimark.com\/fr\/"},{"@type":"ListItem","position":2,"name":"RFID"}]},{"@type":"WebSite","@id":"https:\/\/plastimark.com\/fr\/#website","url":"https:\/\/plastimark.com\/fr\/","name":"Plastimark","description":"Carrelli e cestini per la spesa in plastica","publisher":{"@id":"https:\/\/plastimark.com\/fr\/#organization"},"potentialAction":[{"@type":"SearchAction","target":{"@type":"EntryPoint","urlTemplate":"https:\/\/plastimark.com\/fr\/?s={search_term_string}"},"query-input":{"@type":"PropertyValueSpecification","valueRequired":true,"valueName":"search_term_string"}}],"inLanguage":"fr-FR"},{"@type":"Organization","@id":"https:\/\/plastimark.com\/fr\/#organization","name":"Plastimark","url":"https:\/\/plastimark.com\/fr\/","logo":{"@type":"ImageObject","inLanguage":"fr-FR","@id":"https:\/\/plastimark.com\/fr\/#\/schema\/logo\/image\/","url":"https:\/\/plastimark.com\/wp-content\/uploads\/2025\/11\/logo-plastimark.svg","contentUrl":"https:\/\/plastimark.com\/wp-content\/uploads\/2025\/11\/logo-plastimark.svg","width":313,"height":81,"caption":"Plastimark"},"image":{"@id":"https:\/\/plastimark.com\/fr\/#\/schema\/logo\/image\/"},"sameAs":["https:\/\/www.facebook.com\/Plastimark","https:\/\/www.linkedin.com\/company\/plastimark-spa\/","https:\/\/www.instagram.com\/plastimark\/","https:\/\/www.youtube.com\/@plastimark"]}]}},"_links":{"self":[{"href":"https:\/\/plastimark.com\/fr\/wp-json\/wp\/v2\/pages\/262648","targetHints":{"allow":["GET"]}}],"collection":[{"href":"https:\/\/plastimark.com\/fr\/wp-json\/wp\/v2\/pages"}],"about":[{"href":"https:\/\/plastimark.com\/fr\/wp-json\/wp\/v2\/types\/page"}],"author":[{"embeddable":true,"href":"https:\/\/plastimark.com\/fr\/wp-json\/wp\/v2\/users\/1"}],"replies":[{"embeddable":true,"href":"https:\/\/plastimark.com\/fr\/wp-json\/wp\/v2\/comments?post=262648"}],"version-history":[{"count":7,"href":"https:\/\/plastimark.com\/fr\/wp-json\/wp\/v2\/pages\/262648\/revisions"}],"predecessor-version":[{"id":271323,"href":"https:\/\/plastimark.com\/fr\/wp-json\/wp\/v2\/pages\/262648\/revisions\/271323"}],"wp:featuredmedia":[{"embeddable":true,"href":"https:\/\/plastimark.com\/fr\/wp-json\/wp\/v2\/media\/262647"}],"wp:attachment":[{"href":"https:\/\/plastimark.com\/fr\/wp-json\/wp\/v2\/media?parent=262648"}],"curies":[{"name":"wp","href":"https:\/\/api.w.org\/{rel}","templated":true}]}}