{"id":262306,"date":"2025-11-23T19:13:41","date_gmt":"2025-11-23T18:13:41","guid":{"rendered":"https:\/\/plastimark-new.inode.it\/filiale-francaise\/"},"modified":"2026-02-18T09:09:34","modified_gmt":"2026-02-18T08:09:34","slug":"filiale_francaise","status":"publish","type":"page","link":"https:\/\/plastimark.com\/fr\/filiale_francaise\/","title":{"rendered":"Filiale fran\u00e7aise"},"content":{"rendered":"\n<div class=\"gb-element-e94d6ce3\">\n<h2 class=\"gb-text gb-text-3dbf9977\">Plastimark\u00ae filiale fran\u00e7aise<\/h2>\n\n\n\n<div class=\"gb-element-56d8b37a\">\n<p class=\"gb-text gb-text-c2eb7525\">Plastimark France est la filiale fran\u00e7aise de Plastimark SpA, dont le si\u00e8ge social est situ\u00e9 pr\u00e8s de Paris. Initialement distributeur historique de la marque, avec laquelle elle entretenait un partenariat solide, elle a \u00e9t\u00e9 progressivement int\u00e9gr\u00e9e jusqu&rsquo;\u00e0 son acquisition compl\u00e8te. Aujourd&rsquo;hui, elle repr\u00e9sente une pr\u00e9sence strat\u00e9gique sur l&rsquo;un des march\u00e9s de la distribution internationaux les plus importants et exigeants. Sa pr\u00e9sence directe en France permet \u00e0 Plastimark d&rsquo;\u00eatre au plus pr\u00e8s de ses clients, de comprendre les sp\u00e9cificit\u00e9s locales et de proposer des solutions sur mesure, tout en garantissant les standards de qualit\u00e9, d&rsquo;innovation et de durabilit\u00e9 du groupe.<\/p>\n<\/div>\n<\/div>\n\n\n\n<div class=\"gb-element-ec9840e6\">\n<div class=\"gb-element-678987f3\">\n<h2 class=\"gb-text gb-text-d5fd7c2f\">CEO<\/h2>\n<\/div>\n\n\n\n<div class=\"gb-element-0b8c541a\">\n<div class=\"gb-element-e3ed6f8e overlay\">\n<div class=\"gb-element-3039530c\">\n<div class=\"gb-element-e5afa175\">\n<h4 class=\"gb-text gb-text-c3c7cd68\">Oscar Giordano<\/h4>\n\n\n\n<p class=\"gb-text gb-text-1927f850\">CEO<\/p>\n<\/div>\n\n\n\n<img loading=\"lazy\" decoding=\"async\" width=\"500\" height=\"500\" class=\"gb-media-ebde80b9\" alt=\"\" src=\"https:\/\/plastimark.com\/wp-content\/uploads\/2026\/02\/Oscar-Giordano.webp\" title=\"Oscar-Giordano\" srcset=\"https:\/\/plastimark.com\/wp-content\/uploads\/2026\/02\/Oscar-Giordano.webp 500w, https:\/\/plastimark.com\/wp-content\/uploads\/2026\/02\/Oscar-Giordano-300x300.webp 300w, https:\/\/plastimark.com\/wp-content\/uploads\/2026\/02\/Oscar-Giordano-150x150.webp 150w\" sizes=\"auto, (max-width: 500px) 100vw, 500px\" \/>\n<\/div>\n\n\n\n<div class=\"gb-element-ce0f6a82 overlay-team\">\n<div class=\"gb-element-890c7dc9\">\n<h4 class=\"gb-text gb-text-e48d3e46\">Oscar Giordano<\/h4>\n\n\n\n<p class=\"gb-text\">CEO<\/p>\n\n\n\n<p class=\"gb-text-3a45908e\"><span class=\"gb-shape\"><svg aria-hidden=\"true\" role=\"img\" height=\"1em\" width=\"1em\" viewBox=\"0 0 512 512\" xmlns=\"http:\/\/www.w3.org\/2000\/svg\"><path fill=\"currentColor\" d=\"M464 64H48C21.49 64 0 85.49 0 112v288c0 26.51 21.49 48 48 48h416c26.51 0 48-21.49 48-48V112c0-26.51-21.49-48-48-48zm0 48v40.805c-22.422 18.259-58.168 46.651-134.587 106.49-16.841 13.247-50.201 45.072-73.413 44.701-23.208.375-56.579-31.459-73.413-44.701C106.18 199.465 70.425 171.067 48 152.805V112h416zM48 400V214.398c22.914 18.251 55.409 43.862 104.938 82.646 21.857 17.205 60.134 55.186 103.062 54.955 42.717.231 80.509-37.199 103.053-54.947 49.528-38.783 82.032-64.401 104.947-82.653V400H48z\"><\/path><\/svg><\/span><span class=\"gb-text\"><a href=\"mailto:oscar@plastimark.com\">oscar@plastimark.com<\/a><\/span><\/p>\n<\/div>\n<\/div>\n<\/div>\n<\/div>\n\n\n\n<div class=\"gb-element-28577a6c\">\n<h2 class=\"gb-text gb-text-5e3d4676\">Equipe fran\u00e7aise<\/h2>\n<\/div>\n\n\n\n<div class=\"gb-element-f9825fa7\">\n<div class=\"gb-element-dd086fb6 overlay\">\n<div class=\"gb-element-c174abfc\">\n<div class=\"gb-element-5791521c\">\n<h4 class=\"gb-text gb-text-18b8a2bb\">Philippe Guerin<\/h4>\n\n\n\n<p class=\"gb-text gb-text-e801ca27\">DIRECTEUR FILIALE FRANCE<\/p>\n<\/div>\n\n\n\n<img loading=\"lazy\" decoding=\"async\" width=\"500\" height=\"500\" class=\"gb-media-ab8b5ed5\" alt=\"\" src=\"https:\/\/plastimark.com\/wp-content\/uploads\/2026\/02\/Philippe-Guerin.webp\" title=\"Philippe-Guerin\" srcset=\"https:\/\/plastimark.com\/wp-content\/uploads\/2026\/02\/Philippe-Guerin.webp 500w, https:\/\/plastimark.com\/wp-content\/uploads\/2026\/02\/Philippe-Guerin-300x300.webp 300w, https:\/\/plastimark.com\/wp-content\/uploads\/2026\/02\/Philippe-Guerin-150x150.webp 150w\" sizes=\"auto, (max-width: 500px) 100vw, 500px\" \/>\n<\/div>\n\n\n\n<div class=\"gb-element-6fbffdc4 overlay-team\">\n<div class=\"gb-element-5b223adf\">\n<h4 class=\"gb-text gb-text-516b4220\">Philippe Guerin<\/h4>\n\n\n\n<p class=\"gb-text\">DIRECTEUR FILIALE FRANCE<\/p>\n\n\n\n\n\n<p class=\"gb-text-8d989e6c\"><span class=\"gb-shape\"><svg aria-hidden=\"true\" role=\"img\" height=\"1em\" width=\"1em\" viewBox=\"0 0 512 512\" xmlns=\"http:\/\/www.w3.org\/2000\/svg\"><path fill=\"currentColor\" d=\"M464 64H48C21.49 64 0 85.49 0 112v288c0 26.51 21.49 48 48 48h416c26.51 0 48-21.49 48-48V112c0-26.51-21.49-48-48-48zm0 48v40.805c-22.422 18.259-58.168 46.651-134.587 106.49-16.841 13.247-50.201 45.072-73.413 44.701-23.208.375-56.579-31.459-73.413-44.701C106.18 199.465 70.425 171.067 48 152.805V112h416zM48 400V214.398c22.914 18.251 55.409 43.862 104.938 82.646 21.857 17.205 60.134 55.186 103.062 54.955 42.717.231 80.509-37.199 103.053-54.947 49.528-38.783 82.032-64.401 104.947-82.653V400H48z\"><\/path><\/svg><\/span><span class=\"gb-text\"><a href=\"mailto:philippe.guerin@plastimark.fr\">philippe.guerin@plastimark.fr<\/a><\/span><\/p>\n<\/div>\n<\/div>\n<\/div>\n\n\n\n<div class=\"gb-element-88115172 overlay\">\n<div class=\"gb-element-9df88ef6\">\n<div class=\"gb-element-2753259f\">\n<h4 class=\"gb-text gb-text-13c97ec4\">Laurent Brulinski<\/h4>\n\n\n\n<p class=\"gb-text gb-text-996d2955\">DIRECTEUR DES VENTES FRANCE<br><\/p>\n<\/div>\n\n\n\n<img loading=\"lazy\" decoding=\"async\" width=\"500\" height=\"500\" class=\"gb-media-25df9673\" alt=\"\" src=\"https:\/\/plastimark.com\/wp-content\/uploads\/2026\/02\/Laurent-Brulinski.webp\" title=\"Laurent-Brulinski\" srcset=\"https:\/\/plastimark.com\/wp-content\/uploads\/2026\/02\/Laurent-Brulinski.webp 500w, https:\/\/plastimark.com\/wp-content\/uploads\/2026\/02\/Laurent-Brulinski-300x300.webp 300w, https:\/\/plastimark.com\/wp-content\/uploads\/2026\/02\/Laurent-Brulinski-150x150.webp 150w\" sizes=\"auto, (max-width: 500px) 100vw, 500px\" \/>\n<\/div>\n\n\n\n<div class=\"gb-element-07019577 overlay-team\">\n<div class=\"gb-element-8bd1ecf7\">\n<h4 class=\"gb-text gb-text-4a02e636\">Laurent Brulinski<\/h4>\n\n\n\n<p class=\"gb-text\">DIRECTEUR DES VENTES FRANCE<\/p>\n\n\n\n\n\n<p class=\"gb-text-4cdb285d\"><span class=\"gb-shape\"><svg aria-hidden=\"true\" role=\"img\" height=\"1em\" width=\"1em\" viewBox=\"0 0 512 512\" xmlns=\"http:\/\/www.w3.org\/2000\/svg\"><path fill=\"currentColor\" d=\"M464 64H48C21.49 64 0 85.49 0 112v288c0 26.51 21.49 48 48 48h416c26.51 0 48-21.49 48-48V112c0-26.51-21.49-48-48-48zm0 48v40.805c-22.422 18.259-58.168 46.651-134.587 106.49-16.841 13.247-50.201 45.072-73.413 44.701-23.208.375-56.579-31.459-73.413-44.701C106.18 199.465 70.425 171.067 48 152.805V112h416zM48 400V214.398c22.914 18.251 55.409 43.862 104.938 82.646 21.857 17.205 60.134 55.186 103.062 54.955 42.717.231 80.509-37.199 103.053-54.947 49.528-38.783 82.032-64.401 104.947-82.653V400H48z\"><\/path><\/svg><\/span><span class=\"gb-text\"><a href=\"mailto:laurent.brulinski@plastimark.fr\">laurent.brulinski@plastimark.fr<\/a><\/span><\/p>\n<\/div>\n<\/div>\n<\/div>\n\n\n\n<div class=\"gb-element-94afaec9 overlay\">\n<div class=\"gb-element-868449c1\">\n<div class=\"gb-element-596fa4be\">\n<h4 class=\"gb-text gb-text-316ec9c4\">Benjamin Duarte<\/h4>\n\n\n\n<p class=\"gb-text gb-text-a12adf50\">RESPONSABLE R\u00c9GIONAL FRANCE<\/p>\n<\/div>\n\n\n\n<img loading=\"lazy\" decoding=\"async\" width=\"500\" height=\"500\" class=\"gb-media-8da5b8df\" alt=\"\" src=\"https:\/\/plastimark.com\/wp-content\/uploads\/2026\/02\/Benjamin-Duarte.webp\" title=\"Fabio-Dalmasso\" srcset=\"https:\/\/plastimark.com\/wp-content\/uploads\/2026\/02\/Benjamin-Duarte.webp 500w, https:\/\/plastimark.com\/wp-content\/uploads\/2026\/02\/Benjamin-Duarte-300x300.webp 300w, https:\/\/plastimark.com\/wp-content\/uploads\/2026\/02\/Benjamin-Duarte-150x150.webp 150w\" sizes=\"auto, (max-width: 500px) 100vw, 500px\" \/>\n<\/div>\n\n\n\n<div class=\"gb-element-fcd5e1bf overlay-team\">\n<div class=\"gb-element-82a22b71\">\n<h4 class=\"gb-text gb-text-4e71124e\">Benjamin Duarte<\/h4>\n\n\n\n<p class=\"gb-text\">RESPONSABLE R\u00c9GIONAL FRANCE<\/p>\n\n\n\n\n\n<p class=\"gb-text-8c52bfab\"><span class=\"gb-shape\"><svg aria-hidden=\"true\" role=\"img\" height=\"1em\" width=\"1em\" viewBox=\"0 0 512 512\" xmlns=\"http:\/\/www.w3.org\/2000\/svg\"><path fill=\"currentColor\" d=\"M464 64H48C21.49 64 0 85.49 0 112v288c0 26.51 21.49 48 48 48h416c26.51 0 48-21.49 48-48V112c0-26.51-21.49-48-48-48zm0 48v40.805c-22.422 18.259-58.168 46.651-134.587 106.49-16.841 13.247-50.201 45.072-73.413 44.701-23.208.375-56.579-31.459-73.413-44.701C106.18 199.465 70.425 171.067 48 152.805V112h416zM48 400V214.398c22.914 18.251 55.409 43.862 104.938 82.646 21.857 17.205 60.134 55.186 103.062 54.955 42.717.231 80.509-37.199 103.053-54.947 49.528-38.783 82.032-64.401 104.947-82.653V400H48z\"><\/path><\/svg><\/span><span class=\"gb-text\"><a href=\"mailto:benjamin.duarte@plastimark.fr\"><\/a><a href=\"mailto:benjamin.duarte@plastimark.fr\">benjamin.duarte@plastimark.fr<\/a><\/span><\/p>\n<\/div>\n<\/div>\n<\/div>\n<\/div>\n<\/div>\n\n\n\n<p><\/p>\n","protected":false},"excerpt":{"rendered":"<p>Plastimark\u00ae filiale fran\u00e7aise Plastimark France est la filiale fran\u00e7aise de Plastimark SpA, dont le si\u00e8ge social est situ\u00e9 pr\u00e8s de &#8230; <\/p>\n<p class=\"read-more-container\"><a title=\"Filiale fran\u00e7aise\" class=\"read-more button\" href=\"https:\/\/plastimark.com\/fr\/filiale_francaise\/#more-262306\" aria-label=\"En savoir plus sur Filiale fran\u00e7aise\">Lire plus<\/a><\/p>\n","protected":false},"author":1,"featured_media":0,"parent":0,"menu_order":0,"comment_status":"closed","ping_status":"closed","template":"","meta":{"_acf_changed":false,"footnotes":""},"class_list":["post-262306","page","type-page","status-publish"],"acf":[],"yoast_head":"<!-- This site is optimized with the Yoast SEO plugin v27.2 - https:\/\/yoast.com\/product\/yoast-seo-wordpress\/ -->\n<title>Filiale fran\u00e7aise - Plastimark<\/title>\n<meta name=\"robots\" content=\"index, follow, max-snippet:-1, max-image-preview:large, max-video-preview:-1\" \/>\n<link rel=\"canonical\" href=\"https:\/\/plastimark.com\/fr\/filiale_francaise\/\" \/>\n<meta property=\"og:locale\" content=\"fr_FR\" \/>\n<meta property=\"og:type\" content=\"article\" \/>\n<meta property=\"og:title\" content=\"Filiale fran\u00e7aise - Plastimark\" \/>\n<meta property=\"og:description\" content=\"Plastimark\u00ae filiale fran\u00e7aise Plastimark France est la filiale fran\u00e7aise de Plastimark SpA, dont le si\u00e8ge social est situ\u00e9 pr\u00e8s de ... Lire plus\" \/>\n<meta property=\"og:url\" content=\"https:\/\/plastimark.com\/fr\/filiale_francaise\/\" \/>\n<meta property=\"og:site_name\" content=\"Plastimark\" \/>\n<meta property=\"article:publisher\" content=\"https:\/\/www.facebook.com\/Plastimark\" \/>\n<meta property=\"article:modified_time\" content=\"2026-02-18T08:09:34+00:00\" \/>\n<meta property=\"og:image\" content=\"https:\/\/plastimark.com\/wp-content\/uploads\/2026\/02\/Oscar-Giordano.webp\" \/>\n<meta name=\"twitter:card\" content=\"summary_large_image\" \/>\n<meta name=\"twitter:label1\" content=\"Dur\u00e9e de lecture estim\u00e9e\" \/>\n\t<meta name=\"twitter:data1\" content=\"2 minutes\" \/>\n<script type=\"application\/ld+json\" class=\"yoast-schema-graph\">{\"@context\":\"https:\/\/schema.org\",\"@graph\":[{\"@type\":\"WebPage\",\"@id\":\"https:\/\/plastimark.com\/fr\/filiale_francaise\/\",\"url\":\"https:\/\/plastimark.com\/fr\/filiale_francaise\/\",\"name\":\"Filiale fran\u00e7aise - Plastimark\",\"isPartOf\":{\"@id\":\"https:\/\/plastimark.com\/fr\/#website\"},\"primaryImageOfPage\":{\"@id\":\"https:\/\/plastimark.com\/fr\/filiale_francaise\/#primaryimage\"},\"image\":{\"@id\":\"https:\/\/plastimark.com\/fr\/filiale_francaise\/#primaryimage\"},\"thumbnailUrl\":\"https:\/\/plastimark.com\/wp-content\/uploads\/2026\/02\/Oscar-Giordano.webp\",\"datePublished\":\"2025-11-23T18:13:41+00:00\",\"dateModified\":\"2026-02-18T08:09:34+00:00\",\"breadcrumb\":{\"@id\":\"https:\/\/plastimark.com\/fr\/filiale_francaise\/#breadcrumb\"},\"inLanguage\":\"fr-FR\",\"potentialAction\":[{\"@type\":\"ReadAction\",\"target\":[\"https:\/\/plastimark.com\/fr\/filiale_francaise\/\"]}]},{\"@type\":\"ImageObject\",\"inLanguage\":\"fr-FR\",\"@id\":\"https:\/\/plastimark.com\/fr\/filiale_francaise\/#primaryimage\",\"url\":\"https:\/\/plastimark.com\/wp-content\/uploads\/2026\/02\/Oscar-Giordano.webp\",\"contentUrl\":\"https:\/\/plastimark.com\/wp-content\/uploads\/2026\/02\/Oscar-Giordano.webp\"},{\"@type\":\"BreadcrumbList\",\"@id\":\"https:\/\/plastimark.com\/fr\/filiale_francaise\/#breadcrumb\",\"itemListElement\":[{\"@type\":\"ListItem\",\"position\":1,\"name\":\"Home\",\"item\":\"https:\/\/plastimark.com\/fr\/\"},{\"@type\":\"ListItem\",\"position\":2,\"name\":\"Filiale fran\u00e7aise\"}]},{\"@type\":\"WebSite\",\"@id\":\"https:\/\/plastimark.com\/fr\/#website\",\"url\":\"https:\/\/plastimark.com\/fr\/\",\"name\":\"Plastimark\",\"description\":\"Carrelli e cestini per la spesa in plastica\",\"publisher\":{\"@id\":\"https:\/\/plastimark.com\/fr\/#organization\"},\"potentialAction\":[{\"@type\":\"SearchAction\",\"target\":{\"@type\":\"EntryPoint\",\"urlTemplate\":\"https:\/\/plastimark.com\/fr\/?s={search_term_string}\"},\"query-input\":{\"@type\":\"PropertyValueSpecification\",\"valueRequired\":true,\"valueName\":\"search_term_string\"}}],\"inLanguage\":\"fr-FR\"},{\"@type\":\"Organization\",\"@id\":\"https:\/\/plastimark.com\/fr\/#organization\",\"name\":\"Plastimark\",\"url\":\"https:\/\/plastimark.com\/fr\/\",\"logo\":{\"@type\":\"ImageObject\",\"inLanguage\":\"fr-FR\",\"@id\":\"https:\/\/plastimark.com\/fr\/#\/schema\/logo\/image\/\",\"url\":\"https:\/\/plastimark.com\/wp-content\/uploads\/2025\/11\/logo-plastimark.svg\",\"contentUrl\":\"https:\/\/plastimark.com\/wp-content\/uploads\/2025\/11\/logo-plastimark.svg\",\"width\":313,\"height\":81,\"caption\":\"Plastimark\"},\"image\":{\"@id\":\"https:\/\/plastimark.com\/fr\/#\/schema\/logo\/image\/\"},\"sameAs\":[\"https:\/\/www.facebook.com\/Plastimark\",\"https:\/\/www.linkedin.com\/company\/plastimark-spa\/\",\"https:\/\/www.instagram.com\/plastimark\/\",\"https:\/\/www.youtube.com\/@plastimark\"]}]}<\/script>\n<!-- \/ Yoast SEO plugin. -->","yoast_head_json":{"title":"Filiale fran\u00e7aise - Plastimark","robots":{"index":"index","follow":"follow","max-snippet":"max-snippet:-1","max-image-preview":"max-image-preview:large","max-video-preview":"max-video-preview:-1"},"canonical":"https:\/\/plastimark.com\/fr\/filiale_francaise\/","og_locale":"fr_FR","og_type":"article","og_title":"Filiale fran\u00e7aise - Plastimark","og_description":"Plastimark\u00ae filiale fran\u00e7aise Plastimark France est la filiale fran\u00e7aise de Plastimark SpA, dont le si\u00e8ge social est situ\u00e9 pr\u00e8s de ... Lire plus","og_url":"https:\/\/plastimark.com\/fr\/filiale_francaise\/","og_site_name":"Plastimark","article_publisher":"https:\/\/www.facebook.com\/Plastimark","article_modified_time":"2026-02-18T08:09:34+00:00","og_image":[{"url":"https:\/\/plastimark.com\/wp-content\/uploads\/2026\/02\/Oscar-Giordano.webp","type":"","width":"","height":""}],"twitter_card":"summary_large_image","twitter_misc":{"Dur\u00e9e de lecture estim\u00e9e":"2 minutes"},"schema":{"@context":"https:\/\/schema.org","@graph":[{"@type":"WebPage","@id":"https:\/\/plastimark.com\/fr\/filiale_francaise\/","url":"https:\/\/plastimark.com\/fr\/filiale_francaise\/","name":"Filiale fran\u00e7aise - Plastimark","isPartOf":{"@id":"https:\/\/plastimark.com\/fr\/#website"},"primaryImageOfPage":{"@id":"https:\/\/plastimark.com\/fr\/filiale_francaise\/#primaryimage"},"image":{"@id":"https:\/\/plastimark.com\/fr\/filiale_francaise\/#primaryimage"},"thumbnailUrl":"https:\/\/plastimark.com\/wp-content\/uploads\/2026\/02\/Oscar-Giordano.webp","datePublished":"2025-11-23T18:13:41+00:00","dateModified":"2026-02-18T08:09:34+00:00","breadcrumb":{"@id":"https:\/\/plastimark.com\/fr\/filiale_francaise\/#breadcrumb"},"inLanguage":"fr-FR","potentialAction":[{"@type":"ReadAction","target":["https:\/\/plastimark.com\/fr\/filiale_francaise\/"]}]},{"@type":"ImageObject","inLanguage":"fr-FR","@id":"https:\/\/plastimark.com\/fr\/filiale_francaise\/#primaryimage","url":"https:\/\/plastimark.com\/wp-content\/uploads\/2026\/02\/Oscar-Giordano.webp","contentUrl":"https:\/\/plastimark.com\/wp-content\/uploads\/2026\/02\/Oscar-Giordano.webp"},{"@type":"BreadcrumbList","@id":"https:\/\/plastimark.com\/fr\/filiale_francaise\/#breadcrumb","itemListElement":[{"@type":"ListItem","position":1,"name":"Home","item":"https:\/\/plastimark.com\/fr\/"},{"@type":"ListItem","position":2,"name":"Filiale fran\u00e7aise"}]},{"@type":"WebSite","@id":"https:\/\/plastimark.com\/fr\/#website","url":"https:\/\/plastimark.com\/fr\/","name":"Plastimark","description":"Carrelli e cestini per la spesa in plastica","publisher":{"@id":"https:\/\/plastimark.com\/fr\/#organization"},"potentialAction":[{"@type":"SearchAction","target":{"@type":"EntryPoint","urlTemplate":"https:\/\/plastimark.com\/fr\/?s={search_term_string}"},"query-input":{"@type":"PropertyValueSpecification","valueRequired":true,"valueName":"search_term_string"}}],"inLanguage":"fr-FR"},{"@type":"Organization","@id":"https:\/\/plastimark.com\/fr\/#organization","name":"Plastimark","url":"https:\/\/plastimark.com\/fr\/","logo":{"@type":"ImageObject","inLanguage":"fr-FR","@id":"https:\/\/plastimark.com\/fr\/#\/schema\/logo\/image\/","url":"https:\/\/plastimark.com\/wp-content\/uploads\/2025\/11\/logo-plastimark.svg","contentUrl":"https:\/\/plastimark.com\/wp-content\/uploads\/2025\/11\/logo-plastimark.svg","width":313,"height":81,"caption":"Plastimark"},"image":{"@id":"https:\/\/plastimark.com\/fr\/#\/schema\/logo\/image\/"},"sameAs":["https:\/\/www.facebook.com\/Plastimark","https:\/\/www.linkedin.com\/company\/plastimark-spa\/","https:\/\/www.instagram.com\/plastimark\/","https:\/\/www.youtube.com\/@plastimark"]}]}},"_links":{"self":[{"href":"https:\/\/plastimark.com\/fr\/wp-json\/wp\/v2\/pages\/262306","targetHints":{"allow":["GET"]}}],"collection":[{"href":"https:\/\/plastimark.com\/fr\/wp-json\/wp\/v2\/pages"}],"about":[{"href":"https:\/\/plastimark.com\/fr\/wp-json\/wp\/v2\/types\/page"}],"author":[{"embeddable":true,"href":"https:\/\/plastimark.com\/fr\/wp-json\/wp\/v2\/users\/1"}],"replies":[{"embeddable":true,"href":"https:\/\/plastimark.com\/fr\/wp-json\/wp\/v2\/comments?post=262306"}],"version-history":[{"count":3,"href":"https:\/\/plastimark.com\/fr\/wp-json\/wp\/v2\/pages\/262306\/revisions"}],"predecessor-version":[{"id":263927,"href":"https:\/\/plastimark.com\/fr\/wp-json\/wp\/v2\/pages\/262306\/revisions\/263927"}],"wp:attachment":[{"href":"https:\/\/plastimark.com\/fr\/wp-json\/wp\/v2\/media?parent=262306"}],"curies":[{"name":"wp","href":"https:\/\/api.w.org\/{rel}","templated":true}]}}