{"id":261879,"date":"2025-11-23T19:54:49","date_gmt":"2025-11-23T18:54:49","guid":{"rendered":"https:\/\/plastimark-new.inode.it\/alunova-compound\/"},"modified":"2026-03-16T15:45:06","modified_gmt":"2026-03-16T14:45:06","slug":"alunova-compound","status":"publish","type":"page","link":"https:\/\/plastimark.com\/fr\/alunova-compound\/","title":{"rendered":"Alunova compound"},"content":{"rendered":"\n<div class=\"gb-element-e94d6ce3\">\n<h2 class=\"gb-text gb-text-3dbf9977\">Plastimark\u00ae AluNova<\/h2>\n\n\n\n<h4 class=\"gb-text gb-text-9d7e4dac\"><em>Recyclage des emballages Tetra Pak\u00ae<\/em><\/h4>\n\n\n\n<div class=\"gb-element-56d8b37a\">\n<p class=\"gb-text gb-text-c2eb7525\">Le recyclage des emballages est un syst\u00e8me vertueux qui permet de r\u00e9cup\u00e9rer des ressources pour de nouveaux mat\u00e9riaux et produits, r\u00e9duisant ainsi l\u2019impact environnemental et favorisant l\u2019\u00e9conomie circulaire.<\/p>\n\n\n\n<p class=\"gb-text gb-text-578f2f30\">Gr\u00e2ce au syst\u00e8me de collecte s\u00e9par\u00e9e des d\u00e9chets, m\u00eame les cartons de boissons et d&rsquo;aliments peuvent \u00eatre recycl\u00e9s gr\u00e2ce \u00e0 des processus industriels qui valorisent \u00e0 la fois le composant cellulosique et la partie plastique et aluminium, appel\u00e9e \u00ab polyAl\u00bb.<\/p>\n\n\n\n<p class=\"gb-text gb-text-36ac26a4\">En particulier, le polyAl peut \u00eatre retrait\u00e9 et transform\u00e9 en granul\u00e9s recycl\u00e9s au sein d\u2019une cha\u00eene d\u2019approvisionnement contr\u00f4l\u00e9e et tra\u00e7able, de sorte qu\u2019il peut \u00eatre utilis\u00e9 comme nouvelle mati\u00e8re premi\u00e8re et r\u00e9int\u00e9grer les cycles de production.<\/p>\n\n\n\n<p class=\"gb-text gb-text-6659b8de\">Plastimark, en collaboration avec Tetra Pak\u00ae, utilise ce mat\u00e9riau pour cr\u00e9er AluNova, un compos\u00e9 plastique haute performance con\u00e7u pour des applications pratiques dans le secteur de la vente au d\u00e9tail.<\/p>\n\n\n\n<p class=\"gb-text gb-text-9248646c\">Choisir des produits fabriqu\u00e9s \u00e0 partir de mat\u00e9riaux recycl\u00e9s issus de cette cha\u00eene d\u2019approvisionnement permet aux d\u00e9taillants de contribuer concr\u00e8tement \u00e0 la r\u00e9duction de l\u2019empreinte environnementale de leurs points de vente, d\u2019am\u00e9liorer le positionnement de leur entreprise et de r\u00e9pondre aux attentes de consommateurs de plus en plus soucieux de l\u2019environnement.<\/p>\n<\/div>\n<\/div>\n\n\n\n<div class=\"gb-element-a7f6558c\" id=\"vision-mission\">\n<div class=\"gb-element-a8a3b17d\">\n<div class=\"gb-element-ac40824a\">\n<img loading=\"lazy\" decoding=\"async\" width=\"232\" height=\"151\" class=\"gb-media-5b563fcb no-lightbox\" alt=\"\" title=\"alunova-compound\" src=\"https:\/\/plastimark.com\/wp-content\/uploads\/2025\/11\/alunova-compound.svg\"\/>\n<\/div>\n\n\n\n<div class=\"gb-element-0633ecf6\">\n<h3 class=\"gb-text\">Plastimark\u00ae AluNova peut:<\/h3>\n\n\n\n<div class=\"gb-element-3379ac53\">\n<p class=\"gb-text-ca7643aa\"><span class=\"gb-shape\"><svg aria-hidden=\"true\" role=\"img\" height=\"1em\" width=\"1em\" viewBox=\"0 0 512 512\" xmlns=\"http:\/\/www.w3.org\/2000\/svg\"><path fill=\"currentColor\" d=\"M173.898 439.404l-166.4-166.4c-9.997-9.997-9.997-26.206 0-36.204l36.203-36.204c9.997-9.998 26.207-9.998 36.204 0L192 312.69 432.095 72.596c9.997-9.997 26.207-9.997 36.204 0l36.203 36.204c9.997 9.997 9.997 26.206 0 36.204l-294.4 294.401c-9.998 9.997-26.207 9.997-36.204-.001z\"><\/path><\/svg><\/span><span class=\"gb-text\">Int\u00e9grer des mat\u00e9riaux issus du recyclage des cartons de boissons et d\u2019aliments<\/span><\/p>\n\n\n\n<p class=\"gb-text-aefd8df2\"><span class=\"gb-shape\"><svg aria-hidden=\"true\" role=\"img\" height=\"1em\" width=\"1em\" viewBox=\"0 0 512 512\" xmlns=\"http:\/\/www.w3.org\/2000\/svg\"><path fill=\"currentColor\" d=\"M173.898 439.404l-166.4-166.4c-9.997-9.997-9.997-26.206 0-36.204l36.203-36.204c9.997-9.998 26.207-9.998 36.204 0L192 312.69 432.095 72.596c9.997-9.997 26.207-9.997 36.204 0l36.203 36.204c9.997 9.997 9.997 26.206 0 36.204l-294.4 294.401c-9.998 9.997-26.207 9.997-36.204-.001z\"><\/path><\/svg><\/span><span class=\"gb-text\">Garantir un contenu de mat\u00e9riau recycl\u00e9 certifi\u00e9 Remade\u00ae<\/span><\/p>\n\n\n\n<p class=\"gb-text-c7b62564\"><span class=\"gb-shape\"><svg aria-hidden=\"true\" role=\"img\" height=\"1em\" width=\"1em\" viewBox=\"0 0 512 512\" xmlns=\"http:\/\/www.w3.org\/2000\/svg\"><path fill=\"currentColor\" d=\"M173.898 439.404l-166.4-166.4c-9.997-9.997-9.997-26.206 0-36.204l36.203-36.204c9.997-9.998 26.207-9.998 36.204 0L192 312.69 432.095 72.596c9.997-9.997 26.207-9.997 36.204 0l36.203 36.204c9.997 9.997 9.997 26.206 0 36.204l-294.4 294.401c-9.998 9.997-26.207 9.997-36.204-.001z\"><\/path><\/svg><\/span><span class=\"gb-text\">Maintenir d&rsquo;excellentes performances techniques et m\u00e9caniques<\/span><\/p>\n\n\n\n<p class=\"gb-text-9190fa3d\"><span class=\"gb-shape\"><svg aria-hidden=\"true\" role=\"img\" height=\"1em\" width=\"1em\" viewBox=\"0 0 512 512\" xmlns=\"http:\/\/www.w3.org\/2000\/svg\"><path fill=\"currentColor\" d=\"M173.898 439.404l-166.4-166.4c-9.997-9.997-9.997-26.206 0-36.204l36.203-36.204c9.997-9.998 26.207-9.998 36.204 0L192 312.69 432.095 72.596c9.997-9.997 26.207-9.997 36.204 0l36.203 36.204c9.997 9.997 9.997 26.206 0 36.204l-294.4 294.401c-9.998 9.997-26.207 9.997-36.204-.001z\"><\/path><\/svg><\/span><span class=\"gb-text\">Soutenir le d\u00e9veloppement de paniers de courses innovants<\/span><\/p>\n\n\n\n<p class=\"gb-text-5101493f\"><span class=\"gb-shape\"><svg aria-hidden=\"true\" role=\"img\" height=\"1em\" width=\"1em\" viewBox=\"0 0 512 512\" xmlns=\"http:\/\/www.w3.org\/2000\/svg\"><path fill=\"currentColor\" d=\"M173.898 439.404l-166.4-166.4c-9.997-9.997-9.997-26.206 0-36.204l36.203-36.204c9.997-9.998 26.207-9.998 36.204 0L192 312.69 432.095 72.596c9.997-9.997 26.207-9.997 36.204 0l36.203 36.204c9.997 9.997 9.997 26.206 0 36.204l-294.4 294.401c-9.998 9.997-26.207 9.997-36.204-.001z\"><\/path><\/svg><\/span><span class=\"gb-text\">Contribuer concr\u00e8tement \u00e0 la r\u00e9duction des d\u00e9chets et au respect de l&rsquo;environnement<\/span><\/p>\n<\/div>\n<\/div>\n<\/div>\n<\/div>\n\n\n\n<div class=\"gb-element-12f33573\">\n<div class=\"gb-element-932f477a\">\n<h3 class=\"gb-text gb-text-03e892f8\">Pourquoi ALUNOVA?<\/h3>\n\n\n\n<p class=\"gb-text gb-text-08d342fd\">Choisir AluNova, c&rsquo;est opter pour une solution innovante, tra\u00e7able et de qualit\u00e9, n\u00e9e de la collaboration entre des leaders du secteur tels que Tetra Pak et Plastimark.<\/p>\n\n\n\n<p class=\"gb-text gb-text-3b254765\">AluNova permet de cr\u00e9er des produits fiables et durables, soutenant l&rsquo;\u00e9conomie circulaire et offrant un avantage concurrentiel \u00e0 ceux qui souhaitent combiner design, fonctionnalit\u00e9 et responsabilit\u00e9 environnementale.<\/p>\n<\/div>\n<\/div>\n\n\n\n<div class=\"gb-element-f0deaf1a\">\n<div class=\"gb-element-dd0e6c36\">\n<div class=\"gb-element-56fb5eaf\">\n<h2 class=\"gb-text gb-text-f0b36632\">AluNova-Compound<\/h2>\n\n\n\n<a class=\"gb-text gb-text-841b274e\" href=\"https:\/\/plastimark.com\/wp-content\/uploads\/ALUNOVA-Compound-FR.pdf\" target=\"_blank\" rel=\"noopener\">T\u00c9L\u00c9CHARGER LE D\u00c9PLIANT<\/a>\n<\/div>\n<\/div>\n<\/div>\n\n\n\n\n\n<div class=\"gb-element-0a5594b6\">\n<h2 class=\"gb-text gb-text-0fab68ff\">Gamme de produits disponibles<\/h2>\n\n\n\n<p class=\"gb-text gb-text-a6dddbbe\">Dans la gamme des paniers, Plastimark\u00ae AluNova est disponible pour le corps* de:<\/p>\n<\/div>\n\n\n\n<div class=\"gb-element-f88c6d6f\">\n<div class=\"gb-element-68343789 splide card-carousel\" aria-label=\"Carosello dei prodotti\">\n<div class=\"splide__track\">\n<div class=\"splide__list\">\n<div class=\"gb-element-ef846f9f splide__slide\">\n<a class=\"gb-element-e98477ec\" href=\"https:\/\/plastimark.com\/fr\/produit\/minityko\/\"><\/a>\n\n\n\n<h3 class=\"gb-text gb-text-9a1fcf5e\"><a href=\"https:\/\/plastimark.com\/fr\/produit\/minityko\/\"><strong>MiniTyko<\/strong> 22 L<\/a><\/h3>\n\n\n\n<a class=\"gb-text gb-text-59106ce6\" href=\"https:\/\/plastimark.com\/fr\/produit\/minityko\/\">D\u00c9COUVRIR<\/a>\n\n\n\n<a href=\"https:\/\/plastimark.com\/wp-content\/uploads\/PCF_MiniTyko-ALUNOVA-FR.pdf\" target=\"_blank\" rel=\"noopener\"><img loading=\"lazy\" decoding=\"async\" width=\"245\" height=\"179\" class=\"gb-media-2b533d7c\" src=\"https:\/\/plastimark.com\/wp-content\/uploads\/2026\/02\/CO2-Footprint.svg\" alt=\"\" title=\"icona-co2\"\/><\/a>\n<\/div>\n\n\n\n<div class=\"gb-element-4438a554 splide__slide\">\n<a class=\"gb-element-6edfe069\" href=\"https:\/\/plastimark.com\/fr\/produit\/onda\/\"><\/a>\n\n\n\n<h3 class=\"gb-text gb-text-9060eec3\"><a href=\"https:\/\/plastimark.com\/fr\/produit\/onda\/\"><strong>Onda<\/strong> 28 L<\/a><\/h3>\n\n\n\n<a class=\"gb-text gb-text-284524b4\" href=\"https:\/\/plastimark.com\/fr\/produit\/onda\/\">D\u00c9COUVRIR<\/a>\n\n\n\n<a href=\"https:\/\/plastimark.com\/wp-content\/uploads\/PCF_Onda-ALUNOVA-FR.pdf\" target=\"_blank\" rel=\"noopener\"><img loading=\"lazy\" decoding=\"async\" width=\"245\" height=\"179\" class=\"gb-media-0f1165de\" src=\"https:\/\/plastimark.com\/wp-content\/uploads\/2026\/02\/CO2-Footprint.svg\" alt=\"\" title=\"icona-co2\"\/><\/a>\n<\/div>\n\n\n\n<div class=\"gb-element-b7dad4e3 splide__slide\">\n<a class=\"gb-element-6968828a\" href=\"https:\/\/plastimark.com\/fr\/produit\/tyko\/\"><\/a>\n\n\n\n<h3 class=\"gb-text gb-text-4ee7bd2a\"><a href=\"https:\/\/plastimark.com\/fr\/produit\/tyko\/\"><strong>Tyko<\/strong> 33 L<\/a><\/h3>\n\n\n\n<a class=\"gb-text gb-text-0b029112\" href=\"https:\/\/plastimark.com\/fr\/produit\/tyko\/\">D\u00c9COUVRIR<\/a>\n\n\n\n<a href=\"https:\/\/plastimark.com\/wp-content\/uploads\/PCF_Tyko-Alunova-FR.pdf\" target=\"_blank\" rel=\"noopener\"><img loading=\"lazy\" decoding=\"async\" width=\"245\" height=\"179\" class=\"gb-media-161fb722\" src=\"https:\/\/plastimark.com\/wp-content\/uploads\/2026\/02\/CO2-Footprint.svg\" alt=\"\" title=\"icona-co2\"\/><\/a>\n<\/div>\n\n\n\n<div class=\"gb-element-21e66a80 splide__slide\">\n<a class=\"gb-element-0434fb7d\" href=\"https:\/\/plastimark.com\/fr\/produit\/speesy\/\"><\/a>\n\n\n\n<h3 class=\"gb-text gb-text-a5d8095c\"><a href=\"https:\/\/plastimark.com\/fr\/produit\/speesy\/\"><strong>Speesy<\/strong> 45 L<\/a><\/h3>\n\n\n\n<a class=\"gb-text gb-text-032c5c42\" href=\"https:\/\/plastimark.com\/fr\/produit\/speesy\/\">D\u00c9COUVRIR<\/a>\n\n\n\n<a href=\"https:\/\/plastimark.com\/wp-content\/uploads\/PCF_Speesy-ALUNOVA-FR.pdf\" target=\"_blank\" rel=\"noopener\"><img loading=\"lazy\" decoding=\"async\" width=\"245\" height=\"179\" class=\"gb-media-bcf95363\" src=\"https:\/\/plastimark.com\/wp-content\/uploads\/2026\/02\/CO2-Footprint.svg\" alt=\"\" title=\"icona-co2\"\/><\/a>\n<\/div>\n\n\n\n<div class=\"gb-element-86c0d98c splide__slide\">\n<a class=\"gb-element-43598f58\" href=\"https:\/\/plastimark.com\/fr\/produit\/slimmer\/\"><\/a>\n\n\n\n<h3 class=\"gb-text gb-text-64eb554d\"><a href=\"https:\/\/plastimark.com\/fr\/produit\/slimmer\/\"><strong>Slimmer<\/strong><\/a> <a href=\"https:\/\/plastimark.com\/fr\/produit\/slimmer\/\">60 L<\/a><\/h3>\n\n\n\n<a class=\"gb-text gb-text-3be981e5\" href=\"https:\/\/plastimark.com\/fr\/produit\/slimmer\/\">D\u00c9COUVRIR<\/a>\n\n\n\n<a href=\"https:\/\/plastimark.com\/wp-content\/uploads\/PCF_Slimmer-ALUNOVA-FR.pdf\" target=\"_blank\" rel=\"noopener\"><img loading=\"lazy\" decoding=\"async\" width=\"245\" height=\"179\" class=\"gb-media-df626134\" src=\"https:\/\/plastimark.com\/wp-content\/uploads\/2026\/02\/CO2-Footprint.svg\" alt=\"\" title=\"icona-co2\"\/><\/a>\n<\/div>\n\n\n\n<div class=\"gb-element-1a6ee626 splide__slide\">\n<a class=\"gb-element-3666881d\" href=\"https:\/\/plastimark.com\/fr\/produit\/maxityko\/\"><\/a>\n\n\n\n<h3 class=\"gb-text gb-text-01e9eb83\"><a href=\"https:\/\/plastimark.com\/fr\/produit\/maxityko\/\"><strong>MaxiTyko<\/strong> 66 L<\/a><\/h3>\n\n\n\n<a class=\"gb-text gb-text-bc8ee56f\" href=\"https:\/\/plastimark.com\/fr\/produit\/maxityko\/\">D\u00c9COUVRIR<\/a>\n\n\n\n<a href=\"https:\/\/plastimark.com\/wp-content\/uploads\/PCF_MaxiTyko-ALUNOVA-FR.pdf\" target=\"_blank\" rel=\"noopener\"><img loading=\"lazy\" decoding=\"async\" width=\"245\" height=\"179\" class=\"gb-media-48530c2d\" src=\"https:\/\/plastimark.com\/wp-content\/uploads\/2026\/02\/CO2-Footprint.svg\" alt=\"\" title=\"icona-co2\"\/><\/a>\n<\/div>\n<\/div>\n<\/div>\n<\/div>\n<\/div>\n\n\n\n<div class=\"gb-element-e4ddf380\">\n<p class=\"gb-text gb-text-a4013ca4\">*Le mat\u00e9riau issu du recyclage des cartons pour boissons et aliments est utilis\u00e9 en pourcentage de 30 % dans la fabrication des corps des paniers.<\/p>\n<\/div>\n","protected":false},"excerpt":{"rendered":"<p>Plastimark\u00ae AluNova Recyclage des emballages Tetra Pak\u00ae Le recyclage des emballages est un syst\u00e8me vertueux qui permet de r\u00e9cup\u00e9rer des &#8230; <\/p>\n<p class=\"read-more-container\"><a title=\"Alunova compound\" class=\"read-more button\" href=\"https:\/\/plastimark.com\/fr\/alunova-compound\/#more-261879\" aria-label=\"En savoir plus sur Alunova compound\">Lire plus<\/a><\/p>\n","protected":false},"author":1,"featured_media":261878,"parent":0,"menu_order":0,"comment_status":"closed","ping_status":"closed","template":"","meta":{"_acf_changed":false,"footnotes":""},"class_list":["post-261879","page","type-page","status-publish","has-post-thumbnail"],"acf":[],"yoast_head":"<!-- This site is optimized with the Yoast SEO plugin v27.2 - https:\/\/yoast.com\/product\/yoast-seo-wordpress\/ -->\n<title>Alunova compound - Plastimark<\/title>\n<meta name=\"robots\" content=\"index, follow, max-snippet:-1, max-image-preview:large, max-video-preview:-1\" \/>\n<link rel=\"canonical\" href=\"https:\/\/plastimark.com\/fr\/alunova-compound\/\" \/>\n<meta property=\"og:locale\" content=\"fr_FR\" \/>\n<meta property=\"og:type\" content=\"article\" \/>\n<meta property=\"og:title\" content=\"Alunova compound - Plastimark\" \/>\n<meta property=\"og:description\" content=\"Plastimark\u00ae AluNova Recyclage des emballages Tetra Pak\u00ae Le recyclage des emballages est un syst\u00e8me vertueux qui permet de r\u00e9cup\u00e9rer des ... Lire plus\" \/>\n<meta property=\"og:url\" content=\"https:\/\/plastimark.com\/fr\/alunova-compound\/\" \/>\n<meta property=\"og:site_name\" content=\"Plastimark\" \/>\n<meta property=\"article:publisher\" content=\"https:\/\/www.facebook.com\/Plastimark\" \/>\n<meta property=\"article:modified_time\" content=\"2026-03-16T14:45:06+00:00\" \/>\n<meta property=\"og:image\" content=\"https:\/\/plastimark.com\/wp-content\/uploads\/2026\/02\/Alunova-Compound-Header-copy-2.webp\" \/>\n\t<meta property=\"og:image:width\" content=\"2500\" \/>\n\t<meta property=\"og:image:height\" content=\"484\" \/>\n\t<meta property=\"og:image:type\" content=\"image\/webp\" \/>\n<meta name=\"twitter:card\" content=\"summary_large_image\" \/>\n<meta name=\"twitter:label1\" content=\"Dur\u00e9e de lecture estim\u00e9e\" \/>\n\t<meta name=\"twitter:data1\" content=\"4 minutes\" \/>\n<script type=\"application\/ld+json\" class=\"yoast-schema-graph\">{\"@context\":\"https:\/\/schema.org\",\"@graph\":[{\"@type\":\"WebPage\",\"@id\":\"https:\/\/plastimark.com\/fr\/alunova-compound\/\",\"url\":\"https:\/\/plastimark.com\/fr\/alunova-compound\/\",\"name\":\"Alunova compound - Plastimark\",\"isPartOf\":{\"@id\":\"https:\/\/plastimark.com\/fr\/#website\"},\"primaryImageOfPage\":{\"@id\":\"https:\/\/plastimark.com\/fr\/alunova-compound\/#primaryimage\"},\"image\":{\"@id\":\"https:\/\/plastimark.com\/fr\/alunova-compound\/#primaryimage\"},\"thumbnailUrl\":\"https:\/\/plastimark.com\/wp-content\/uploads\/2026\/02\/Alunova-Compound-Header-copy-2.webp\",\"datePublished\":\"2025-11-23T18:54:49+00:00\",\"dateModified\":\"2026-03-16T14:45:06+00:00\",\"breadcrumb\":{\"@id\":\"https:\/\/plastimark.com\/fr\/alunova-compound\/#breadcrumb\"},\"inLanguage\":\"fr-FR\",\"potentialAction\":[{\"@type\":\"ReadAction\",\"target\":[\"https:\/\/plastimark.com\/fr\/alunova-compound\/\"]}]},{\"@type\":\"ImageObject\",\"inLanguage\":\"fr-FR\",\"@id\":\"https:\/\/plastimark.com\/fr\/alunova-compound\/#primaryimage\",\"url\":\"https:\/\/plastimark.com\/wp-content\/uploads\/2026\/02\/Alunova-Compound-Header-copy-2.webp\",\"contentUrl\":\"https:\/\/plastimark.com\/wp-content\/uploads\/2026\/02\/Alunova-Compound-Header-copy-2.webp\",\"width\":2500,\"height\":484},{\"@type\":\"BreadcrumbList\",\"@id\":\"https:\/\/plastimark.com\/fr\/alunova-compound\/#breadcrumb\",\"itemListElement\":[{\"@type\":\"ListItem\",\"position\":1,\"name\":\"Home\",\"item\":\"https:\/\/plastimark.com\/fr\/\"},{\"@type\":\"ListItem\",\"position\":2,\"name\":\"Alunova compound\"}]},{\"@type\":\"WebSite\",\"@id\":\"https:\/\/plastimark.com\/fr\/#website\",\"url\":\"https:\/\/plastimark.com\/fr\/\",\"name\":\"Plastimark\",\"description\":\"Carrelli e cestini per la spesa in plastica\",\"publisher\":{\"@id\":\"https:\/\/plastimark.com\/fr\/#organization\"},\"potentialAction\":[{\"@type\":\"SearchAction\",\"target\":{\"@type\":\"EntryPoint\",\"urlTemplate\":\"https:\/\/plastimark.com\/fr\/?s={search_term_string}\"},\"query-input\":{\"@type\":\"PropertyValueSpecification\",\"valueRequired\":true,\"valueName\":\"search_term_string\"}}],\"inLanguage\":\"fr-FR\"},{\"@type\":\"Organization\",\"@id\":\"https:\/\/plastimark.com\/fr\/#organization\",\"name\":\"Plastimark\",\"url\":\"https:\/\/plastimark.com\/fr\/\",\"logo\":{\"@type\":\"ImageObject\",\"inLanguage\":\"fr-FR\",\"@id\":\"https:\/\/plastimark.com\/fr\/#\/schema\/logo\/image\/\",\"url\":\"https:\/\/plastimark.com\/wp-content\/uploads\/2025\/11\/logo-plastimark.svg\",\"contentUrl\":\"https:\/\/plastimark.com\/wp-content\/uploads\/2025\/11\/logo-plastimark.svg\",\"width\":313,\"height\":81,\"caption\":\"Plastimark\"},\"image\":{\"@id\":\"https:\/\/plastimark.com\/fr\/#\/schema\/logo\/image\/\"},\"sameAs\":[\"https:\/\/www.facebook.com\/Plastimark\",\"https:\/\/www.linkedin.com\/company\/plastimark-spa\/\",\"https:\/\/www.instagram.com\/plastimark\/\",\"https:\/\/www.youtube.com\/@plastimark\"]}]}<\/script>\n<!-- \/ Yoast SEO plugin. -->","yoast_head_json":{"title":"Alunova compound - Plastimark","robots":{"index":"index","follow":"follow","max-snippet":"max-snippet:-1","max-image-preview":"max-image-preview:large","max-video-preview":"max-video-preview:-1"},"canonical":"https:\/\/plastimark.com\/fr\/alunova-compound\/","og_locale":"fr_FR","og_type":"article","og_title":"Alunova compound - Plastimark","og_description":"Plastimark\u00ae AluNova Recyclage des emballages Tetra Pak\u00ae Le recyclage des emballages est un syst\u00e8me vertueux qui permet de r\u00e9cup\u00e9rer des ... Lire plus","og_url":"https:\/\/plastimark.com\/fr\/alunova-compound\/","og_site_name":"Plastimark","article_publisher":"https:\/\/www.facebook.com\/Plastimark","article_modified_time":"2026-03-16T14:45:06+00:00","og_image":[{"width":2500,"height":484,"url":"https:\/\/plastimark.com\/wp-content\/uploads\/2026\/02\/Alunova-Compound-Header-copy-2.webp","type":"image\/webp"}],"twitter_card":"summary_large_image","twitter_misc":{"Dur\u00e9e de lecture estim\u00e9e":"4 minutes"},"schema":{"@context":"https:\/\/schema.org","@graph":[{"@type":"WebPage","@id":"https:\/\/plastimark.com\/fr\/alunova-compound\/","url":"https:\/\/plastimark.com\/fr\/alunova-compound\/","name":"Alunova compound - Plastimark","isPartOf":{"@id":"https:\/\/plastimark.com\/fr\/#website"},"primaryImageOfPage":{"@id":"https:\/\/plastimark.com\/fr\/alunova-compound\/#primaryimage"},"image":{"@id":"https:\/\/plastimark.com\/fr\/alunova-compound\/#primaryimage"},"thumbnailUrl":"https:\/\/plastimark.com\/wp-content\/uploads\/2026\/02\/Alunova-Compound-Header-copy-2.webp","datePublished":"2025-11-23T18:54:49+00:00","dateModified":"2026-03-16T14:45:06+00:00","breadcrumb":{"@id":"https:\/\/plastimark.com\/fr\/alunova-compound\/#breadcrumb"},"inLanguage":"fr-FR","potentialAction":[{"@type":"ReadAction","target":["https:\/\/plastimark.com\/fr\/alunova-compound\/"]}]},{"@type":"ImageObject","inLanguage":"fr-FR","@id":"https:\/\/plastimark.com\/fr\/alunova-compound\/#primaryimage","url":"https:\/\/plastimark.com\/wp-content\/uploads\/2026\/02\/Alunova-Compound-Header-copy-2.webp","contentUrl":"https:\/\/plastimark.com\/wp-content\/uploads\/2026\/02\/Alunova-Compound-Header-copy-2.webp","width":2500,"height":484},{"@type":"BreadcrumbList","@id":"https:\/\/plastimark.com\/fr\/alunova-compound\/#breadcrumb","itemListElement":[{"@type":"ListItem","position":1,"name":"Home","item":"https:\/\/plastimark.com\/fr\/"},{"@type":"ListItem","position":2,"name":"Alunova compound"}]},{"@type":"WebSite","@id":"https:\/\/plastimark.com\/fr\/#website","url":"https:\/\/plastimark.com\/fr\/","name":"Plastimark","description":"Carrelli e cestini per la spesa in plastica","publisher":{"@id":"https:\/\/plastimark.com\/fr\/#organization"},"potentialAction":[{"@type":"SearchAction","target":{"@type":"EntryPoint","urlTemplate":"https:\/\/plastimark.com\/fr\/?s={search_term_string}"},"query-input":{"@type":"PropertyValueSpecification","valueRequired":true,"valueName":"search_term_string"}}],"inLanguage":"fr-FR"},{"@type":"Organization","@id":"https:\/\/plastimark.com\/fr\/#organization","name":"Plastimark","url":"https:\/\/plastimark.com\/fr\/","logo":{"@type":"ImageObject","inLanguage":"fr-FR","@id":"https:\/\/plastimark.com\/fr\/#\/schema\/logo\/image\/","url":"https:\/\/plastimark.com\/wp-content\/uploads\/2025\/11\/logo-plastimark.svg","contentUrl":"https:\/\/plastimark.com\/wp-content\/uploads\/2025\/11\/logo-plastimark.svg","width":313,"height":81,"caption":"Plastimark"},"image":{"@id":"https:\/\/plastimark.com\/fr\/#\/schema\/logo\/image\/"},"sameAs":["https:\/\/www.facebook.com\/Plastimark","https:\/\/www.linkedin.com\/company\/plastimark-spa\/","https:\/\/www.instagram.com\/plastimark\/","https:\/\/www.youtube.com\/@plastimark"]}]}},"_links":{"self":[{"href":"https:\/\/plastimark.com\/fr\/wp-json\/wp\/v2\/pages\/261879","targetHints":{"allow":["GET"]}}],"collection":[{"href":"https:\/\/plastimark.com\/fr\/wp-json\/wp\/v2\/pages"}],"about":[{"href":"https:\/\/plastimark.com\/fr\/wp-json\/wp\/v2\/types\/page"}],"author":[{"embeddable":true,"href":"https:\/\/plastimark.com\/fr\/wp-json\/wp\/v2\/users\/1"}],"replies":[{"embeddable":true,"href":"https:\/\/plastimark.com\/fr\/wp-json\/wp\/v2\/comments?post=261879"}],"version-history":[{"count":33,"href":"https:\/\/plastimark.com\/fr\/wp-json\/wp\/v2\/pages\/261879\/revisions"}],"predecessor-version":[{"id":271160,"href":"https:\/\/plastimark.com\/fr\/wp-json\/wp\/v2\/pages\/261879\/revisions\/271160"}],"wp:featuredmedia":[{"embeddable":true,"href":"https:\/\/plastimark.com\/fr\/wp-json\/wp\/v2\/media\/261878"}],"wp:attachment":[{"href":"https:\/\/plastimark.com\/fr\/wp-json\/wp\/v2\/media?parent=261879"}],"curies":[{"name":"wp","href":"https:\/\/api.w.org\/{rel}","templated":true}]}}