{"id":261842,"date":"2025-11-23T19:54:33","date_gmt":"2025-11-23T18:54:33","guid":{"rendered":"https:\/\/plastimark-new.inode.it\/wave-compound\/"},"modified":"2026-03-16T15:51:30","modified_gmt":"2026-03-16T14:51:30","slug":"wave-compound","status":"publish","type":"page","link":"https:\/\/plastimark.com\/fr\/wave-compound\/","title":{"rendered":"Wave compound"},"content":{"rendered":"\n<div class=\"gb-element-e94d6ce3\">\n<h2 class=\"gb-text gb-text-3dbf9977\">Plastimark\u00ae Wave<\/h2>\n\n\n\n<h4 class=\"gb-text gb-text-9d7e4dac\"><em>Plastique marin r\u00e9cup\u00e9r\u00e9 : un choix \u00e9thique pour l&rsquo;avenir<\/em><\/h4>\n\n\n\n<div class=\"gb-element-56d8b37a\">\n<p class=\"gb-text gb-text-c2eb7525\">Le plastique collect\u00e9 dans les oc\u00e9ans peut devenir une ressource pr\u00e9cieuse. Gr\u00e2ce \u00e0 des processus durables et contr\u00f4l\u00e9s, il est transform\u00e9 en nouveaux produits de qualit\u00e9, donnant vie \u00e0 un choix \u00e9thique qui prot\u00e8ge l&rsquo;environnement et favorise une \u00e9conomie plus responsable.<\/p>\n\n\n\n<p class=\"gb-text gb-text-04ca7086\">Chaque ann\u00e9e, au moins 11 millions de tonnes de plastique finissent dans nos mers. On estime que chaque minute, un camion charg\u00e9 de d\u00e9chets plastiques est d\u00e9vers\u00e9 dans les oc\u00e9ans et les plages, avec des cons\u00e9quences dramatiques sur la faune marine, les c\u00f4tes et l\u2019\u00e9quilibre g\u00e9n\u00e9ral des \u00e9cosyst\u00e8mes aquatiques.\nPlastimark s&rsquo;engage dans un processus de recyclage avanc\u00e9, en utilisant des mat\u00e9riaux tra\u00e7ables provenant de partenaires certifi\u00e9s, qui op\u00e8rent dans le respect de normes environnementales rigoureuses et dans le but de r\u00e9duire les \u00e9missions de CO\u2082.<\/p>\n\n\n\n<p class=\"gb-text gb-text-4e354b30\">Choisir des produits fabriqu\u00e9s \u00e0 partir de plastique marin r\u00e9cup\u00e9r\u00e9, c\u2019est participer activement \u00e0 la protection des oc\u00e9ans et des plages et contribuer concr\u00e8tement \u00e0 la lutte contre la pollution marine.<\/p>\n<\/div>\n<\/div>\n\n\n\n<div class=\"gb-element-a7f6558c\" id=\"vision-mission\">\n<div class=\"gb-element-a8a3b17d\">\n<div class=\"gb-element-ac40824a\">\n<img loading=\"lazy\" decoding=\"async\" width=\"232\" height=\"151\" class=\"gb-media-5b563fcb no-lightbox\" alt=\"\" title=\"euterra-compound\" src=\"https:\/\/plastimark.com\/wp-content\/uploads\/2025\/11\/wave-compound.svg\"\/>\n<\/div>\n\n\n\n<div class=\"gb-element-0633ecf6\">\n<h3 class=\"gb-text\">Plastimark\u00ae Wave peut:<\/h3>\n\n\n\n<div class=\"gb-element-3379ac53\">\n<p class=\"gb-text-ca7643aa\"><span class=\"gb-shape\"><svg aria-hidden=\"true\" role=\"img\" height=\"1em\" width=\"1em\" viewBox=\"0 0 512 512\" xmlns=\"http:\/\/www.w3.org\/2000\/svg\"><path fill=\"currentColor\" d=\"M173.898 439.404l-166.4-166.4c-9.997-9.997-9.997-26.206 0-36.204l36.203-36.204c9.997-9.998 26.207-9.998 36.204 0L192 312.69 432.095 72.596c9.997-9.997 26.207-9.997 36.204 0l36.203 36.204c9.997 9.997 9.997 26.206 0 36.204l-294.4 294.401c-9.998 9.997-26.207 9.997-36.204-.001z\"><\/path><\/svg><\/span><span class=\"gb-text\">Contribuer \u00e0 nettoyer l&rsquo;environnement gr\u00e2ce<br>\u00e0 l&rsquo;achat conscient de paniers de courses<\/span><\/p>\n\n\n\n<p class=\"gb-text-aefd8df2\"><span class=\"gb-shape\"><svg aria-hidden=\"true\" role=\"img\" height=\"1em\" width=\"1em\" viewBox=\"0 0 512 512\" xmlns=\"http:\/\/www.w3.org\/2000\/svg\"><path fill=\"currentColor\" d=\"M173.898 439.404l-166.4-166.4c-9.997-9.997-9.997-26.206 0-36.204l36.203-36.204c9.997-9.998 26.207-9.998 36.204 0L192 312.69 432.095 72.596c9.997-9.997 26.207-9.997 36.204 0l36.203 36.204c9.997 9.997 9.997 26.206 0 36.204l-294.4 294.401c-9.998 9.997-26.207 9.997-36.204-.001z\"><\/path><\/svg><\/span><span class=\"gb-text\">Unir fonctionnalit\u00e9 et design avec un engagement fort<br>en faveur de la durabilit\u00e9<\/span><\/p>\n\n\n\n<p class=\"gb-text-c7b62564\"><span class=\"gb-shape\"><svg aria-hidden=\"true\" role=\"img\" height=\"1em\" width=\"1em\" viewBox=\"0 0 512 512\" xmlns=\"http:\/\/www.w3.org\/2000\/svg\"><path fill=\"currentColor\" d=\"M173.898 439.404l-166.4-166.4c-9.997-9.997-9.997-26.206 0-36.204l36.203-36.204c9.997-9.998 26.207-9.998 36.204 0L192 312.69 432.095 72.596c9.997-9.997 26.207-9.997 36.204 0l36.203 36.204c9.997 9.997 9.997 26.206 0 36.204l-294.4 294.401c-9.998 9.997-26.207 9.997-36.204-.001z\"><\/path><\/svg><\/span><span class=\"gb-text\">Offrir une solution concr\u00e8te et technologique contre la pollution marine<\/span><\/p>\n\n\n\n<p class=\"gb-text-e1851b6b\"><span class=\"gb-shape\"><svg aria-hidden=\"true\" role=\"img\" height=\"1em\" width=\"1em\" viewBox=\"0 0 512 512\" xmlns=\"http:\/\/www.w3.org\/2000\/svg\"><path fill=\"currentColor\" d=\"M173.898 439.404l-166.4-166.4c-9.997-9.997-9.997-26.206 0-36.204l36.203-36.204c9.997-9.998 26.207-9.998 36.204 0L192 312.69 432.095 72.596c9.997-9.997 26.207-9.997 36.204 0l36.203 36.204c9.997 9.997 9.997 26.206 0 36.204l-294.4 294.401c-9.998 9.997-26.207 9.997-36.204-.001z\"><\/path><\/svg><\/span><span class=\"gb-text\">Cr\u00e9er de la valeur sociale et \u00e9cologique, en soutenant la conservation des oc\u00e9ans<\/span><\/p>\n\n\n\n<p class=\"gb-text-3e45e34f\"><span class=\"gb-shape\"><svg aria-hidden=\"true\" role=\"img\" height=\"1em\" width=\"1em\" viewBox=\"0 0 512 512\" xmlns=\"http:\/\/www.w3.org\/2000\/svg\"><path fill=\"currentColor\" d=\"M173.898 439.404l-166.4-166.4c-9.997-9.997-9.997-26.206 0-36.204l36.203-36.204c9.997-9.998 26.207-9.998 36.204 0L192 312.69 432.095 72.596c9.997-9.997 26.207-9.997 36.204 0l36.203 36.204c9.997 9.997 9.997 26.206 0 36.204l-294.4 294.401c-9.998 9.997-26.207 9.997-36.204-.001z\"><\/path><\/svg><\/span><span class=\"gb-text\">Renforcer l&rsquo;identit\u00e9 verte du magasin avec un produit certifi\u00e9 et tra\u00e7able<\/span><\/p>\n<\/div>\n<\/div>\n<\/div>\n<\/div>\n\n\n\n<div class=\"gb-element-12f33573\">\n<div class=\"gb-element-932f477a\">\n<h3 class=\"gb-text gb-text-b691116c\">Porquoi WAVE?<\/h3>\n\n\n\n<p class=\"gb-text gb-text-08d342fd\">Plastimark Wave a \u00e9t\u00e9 cr\u00e9\u00e9 dans le but de donner une nouvelle valeur aux d\u00e9chets plastiques, en les transformant en ressources utiles et durables.<\/p>\n\n\n\n<p class=\"gb-text gb-text-3b254765\">Le plastique dans les mers est l\u2019une des menaces environnementales les plus graves de notre \u00e9poque, mettant en danger la survie de plus de 1,4 million d\u2019esp\u00e8ces marines et modifiant profond\u00e9ment l\u2019\u00e9quilibre des \u00e9cosyst\u00e8mes oc\u00e9aniques.<\/p>\n\n\n\n<p class=\"gb-text gb-text-80fea744\">En choisissant les paniers en plastique recycl\u00e9 Wave, les clients de Plastimark contribuent activement \u00e0 la protection des oc\u00e9ans, \u00e0 la r\u00e9duction de leur empreinte carbone et \u00e0 l\u2019\u00e9conomie des ressources fossiles, favorisant ainsi une \u00e9conomie circulaire bas\u00e9e sur des principes \u00e9cologiques et responsables.<\/p>\n\n\n\n<p class=\"gb-text gb-text-24310cc2\">Plastimark s\u00e9lectionne uniquement des fournisseurs capables de garantir des standards de qualit\u00e9 \u00e9lev\u00e9s. Les d\u00e9chets plastiques marins, souvent fragiles et contamin\u00e9s, sont transform\u00e9s en une mati\u00e8re premi\u00e8re secondaire de tr\u00e8s haute qualit\u00e9, avec un haut niveau de puret\u00e9 et sans ajout de plastique vierge.<\/p>\n\n\n\n<p class=\"gb-text gb-text-5a92b593\">Le mat\u00e9riau utilis\u00e9 dans la gamme Wave est une mati\u00e8re premi\u00e8re recycl\u00e9e compos\u00e9e de plastique collect\u00e9 dans des zones marines ou c\u00f4ti\u00e8res \u00e0 risque de pollution. Sa cha\u00eene d\u2019approvisionnement est trac\u00e9e et certifi\u00e9e selon les principaux standards internationaux.<\/p>\n<\/div>\n<\/div>\n\n\n\n<div class=\"gb-element-f0deaf1a\">\n<div class=\"gb-element-dd0e6c36\">\n<div class=\"gb-element-56fb5eaf\">\n<h2 class=\"gb-text\">Wave-Compound<\/h2>\n\n\n\n<a class=\"gb-text gb-text-841b274e\" href=\"https:\/\/plastimark.com\/wp-content\/uploads\/WAVE-Compound-FR.pdf\" target=\"_blank\" rel=\"noopener\">T\u00c9L\u00c9CHARGER LE D\u00c9PLIANT<\/a>\n<\/div>\n<\/div>\n<\/div>\n\n\n\n\n\n<div class=\"gb-element-0a5594b6\">\n<h2 class=\"gb-text gb-text-0fab68ff\">Gamme de produits disponibles<\/h2>\n\n\n\n<p class=\"gb-text gb-text-a6dddbbe\">Dans la gamme de paniers, Plastimark\u00ae Wave est disponible pour le corps de:<\/p>\n<\/div>\n\n\n\n<div class=\"gb-element-f88c6d6f\">\n<div class=\"gb-element-68343789 splide card-carousel\" aria-label=\"Carosello dei prodotti\">\n<div class=\"splide__track\">\n<div class=\"splide__list\">\n<div class=\"gb-element-ef846f9f splide__slide\">\n<a class=\"gb-element-e98477ec\" href=\"https:\/\/plastimark.com\/fr\/produit\/minityko\/\"><\/a>\n\n\n\n<h3 class=\"gb-text gb-text-9a1fcf5e\"><a href=\"https:\/\/plastimark.com\/fr\/produit\/minityko\/\"><strong>MiniTyko<\/strong> 22 L<\/a><\/h3>\n\n\n\n<a class=\"gb-text gb-text-59106ce6\" href=\"https:\/\/plastimark.com\/fr\/produit\/minityko\/\">D\u00c9COUVRIR<\/a>\n<\/div>\n\n\n\n<div class=\"gb-element-4438a554 splide__slide\">\n<a class=\"gb-element-6edfe069\" href=\"https:\/\/plastimark.com\/fr\/produit\/onda\/\"><\/a>\n\n\n\n<h3 class=\"gb-text gb-text-9060eec3\"><a href=\"https:\/\/plastimark.com\/fr\/produit\/onda\/\"><strong>Onda<\/strong> 28 L<\/a><\/h3>\n\n\n\n<a class=\"gb-text gb-text-284524b4\" href=\"https:\/\/plastimark.com\/fr\/produit\/onda\/\">D\u00c9COUVRIR<\/a>\n<\/div>\n\n\n\n<div class=\"gb-element-b7dad4e3 splide__slide\">\n<a class=\"gb-element-6968828a\" href=\"https:\/\/plastimark.com\/fr\/produit\/tyko\/\"><\/a>\n\n\n\n<h3 class=\"gb-text gb-text-4ee7bd2a\"><a href=\"https:\/\/plastimark.com\/fr\/produit\/tyko\/\"><strong>Tyko<\/strong> 33 L<\/a><\/h3>\n\n\n\n<a class=\"gb-text gb-text-0b029112\" href=\"https:\/\/plastimark.com\/fr\/produit\/tyko\/\">D\u00c9COUVRIR<\/a>\n<\/div>\n\n\n\n<div class=\"gb-element-21e66a80 splide__slide\">\n<a class=\"gb-element-0434fb7d\" href=\"https:\/\/plastimark.com\/fr\/produit\/speesy\/\"><\/a>\n\n\n\n<h3 class=\"gb-text gb-text-a5d8095c\"><a href=\"https:\/\/plastimark.com\/fr\/produit\/speesy\/\"><strong>Speesy<\/strong> 45 L<\/a><\/h3>\n\n\n\n<a class=\"gb-text gb-text-032c5c42\" href=\"https:\/\/plastimark.com\/fr\/produit\/speesy\/\">D\u00c9COUVRIR<\/a>\n<\/div>\n\n\n\n<div class=\"gb-element-86c0d98c splide__slide\">\n<a class=\"gb-element-43598f58\" href=\"https:\/\/plastimark.com\/fr\/produit\/slimmer\/\"><\/a>\n\n\n\n<h3 class=\"gb-text gb-text-64eb554d\"><a href=\"https:\/\/plastimark.com\/fr\/produit\/slimmer\/\"><strong>Slimmer<\/strong> 60 L<\/a><\/h3>\n\n\n\n<a class=\"gb-text gb-text-3be981e5\" href=\"https:\/\/plastimark.com\/fr\/produit\/slimmer\/\">D\u00c9COUVRIR<\/a>\n<\/div>\n\n\n\n<div class=\"gb-element-1a6ee626 splide__slide\">\n<a class=\"gb-element-3666881d\" href=\"https:\/\/plastimark.com\/fr\/produit\/maxityko\/\"><\/a>\n\n\n\n<h3 class=\"gb-text gb-text-01e9eb83\"><a href=\"https:\/\/plastimark.com\/fr\/produit\/maxityko\/\"><strong>MaxiTyko<\/strong> 66 L<\/a><\/h3>\n\n\n\n<a class=\"gb-text gb-text-bc8ee56f\" href=\"https:\/\/plastimark.com\/fr\/produit\/maxityko\/\">D\u00c9COUVRIR<\/a>\n<\/div>\n<\/div>\n<\/div>\n<\/div>\n<\/div>\n","protected":false},"excerpt":{"rendered":"<p>Plastimark\u00ae Wave Plastique marin r\u00e9cup\u00e9r\u00e9 : un choix \u00e9thique pour l&rsquo;avenir Le plastique collect\u00e9 dans les oc\u00e9ans peut devenir une &#8230; <\/p>\n<p class=\"read-more-container\"><a title=\"Wave compound\" class=\"read-more button\" href=\"https:\/\/plastimark.com\/fr\/wave-compound\/#more-261842\" aria-label=\"En savoir plus sur Wave compound\">Lire plus<\/a><\/p>\n","protected":false},"author":1,"featured_media":261840,"parent":0,"menu_order":0,"comment_status":"closed","ping_status":"closed","template":"","meta":{"_acf_changed":false,"footnotes":""},"class_list":["post-261842","page","type-page","status-publish","has-post-thumbnail"],"acf":[],"yoast_head":"<!-- This site is optimized with the Yoast SEO plugin v27.2 - https:\/\/yoast.com\/product\/yoast-seo-wordpress\/ -->\n<title>Wave compound - Plastimark<\/title>\n<meta name=\"robots\" content=\"index, follow, max-snippet:-1, max-image-preview:large, max-video-preview:-1\" \/>\n<link rel=\"canonical\" href=\"https:\/\/plastimark.com\/fr\/wave-compound\/\" \/>\n<meta property=\"og:locale\" content=\"fr_FR\" \/>\n<meta property=\"og:type\" content=\"article\" \/>\n<meta property=\"og:title\" content=\"Wave compound - Plastimark\" \/>\n<meta property=\"og:description\" content=\"Plastimark\u00ae Wave Plastique marin r\u00e9cup\u00e9r\u00e9 : un choix \u00e9thique pour l&rsquo;avenir Le plastique collect\u00e9 dans les oc\u00e9ans peut devenir une ... Lire plus\" \/>\n<meta property=\"og:url\" content=\"https:\/\/plastimark.com\/fr\/wave-compound\/\" \/>\n<meta property=\"og:site_name\" content=\"Plastimark\" \/>\n<meta property=\"article:publisher\" content=\"https:\/\/www.facebook.com\/Plastimark\" \/>\n<meta property=\"article:modified_time\" content=\"2026-03-16T14:51:30+00:00\" \/>\n<meta property=\"og:image\" content=\"https:\/\/plastimark.com\/wp-content\/uploads\/2026\/01\/Wave-compound-header.webp\" \/>\n\t<meta property=\"og:image:width\" content=\"2500\" \/>\n\t<meta property=\"og:image:height\" content=\"484\" \/>\n\t<meta property=\"og:image:type\" content=\"image\/webp\" \/>\n<meta name=\"twitter:card\" content=\"summary_large_image\" \/>\n<meta name=\"twitter:label1\" content=\"Dur\u00e9e de lecture estim\u00e9e\" \/>\n\t<meta name=\"twitter:data1\" content=\"3 minutes\" \/>\n<script type=\"application\/ld+json\" class=\"yoast-schema-graph\">{\"@context\":\"https:\/\/schema.org\",\"@graph\":[{\"@type\":\"WebPage\",\"@id\":\"https:\/\/plastimark.com\/fr\/wave-compound\/\",\"url\":\"https:\/\/plastimark.com\/fr\/wave-compound\/\",\"name\":\"Wave compound - Plastimark\",\"isPartOf\":{\"@id\":\"https:\/\/plastimark.com\/fr\/#website\"},\"primaryImageOfPage\":{\"@id\":\"https:\/\/plastimark.com\/fr\/wave-compound\/#primaryimage\"},\"image\":{\"@id\":\"https:\/\/plastimark.com\/fr\/wave-compound\/#primaryimage\"},\"thumbnailUrl\":\"https:\/\/plastimark.com\/wp-content\/uploads\/2026\/01\/Wave-compound-header.webp\",\"datePublished\":\"2025-11-23T18:54:33+00:00\",\"dateModified\":\"2026-03-16T14:51:30+00:00\",\"breadcrumb\":{\"@id\":\"https:\/\/plastimark.com\/fr\/wave-compound\/#breadcrumb\"},\"inLanguage\":\"fr-FR\",\"potentialAction\":[{\"@type\":\"ReadAction\",\"target\":[\"https:\/\/plastimark.com\/fr\/wave-compound\/\"]}]},{\"@type\":\"ImageObject\",\"inLanguage\":\"fr-FR\",\"@id\":\"https:\/\/plastimark.com\/fr\/wave-compound\/#primaryimage\",\"url\":\"https:\/\/plastimark.com\/wp-content\/uploads\/2026\/01\/Wave-compound-header.webp\",\"contentUrl\":\"https:\/\/plastimark.com\/wp-content\/uploads\/2026\/01\/Wave-compound-header.webp\",\"width\":2500,\"height\":484},{\"@type\":\"BreadcrumbList\",\"@id\":\"https:\/\/plastimark.com\/fr\/wave-compound\/#breadcrumb\",\"itemListElement\":[{\"@type\":\"ListItem\",\"position\":1,\"name\":\"Home\",\"item\":\"https:\/\/plastimark.com\/fr\/\"},{\"@type\":\"ListItem\",\"position\":2,\"name\":\"Wave compound\"}]},{\"@type\":\"WebSite\",\"@id\":\"https:\/\/plastimark.com\/fr\/#website\",\"url\":\"https:\/\/plastimark.com\/fr\/\",\"name\":\"Plastimark\",\"description\":\"Carrelli e cestini per la spesa in plastica\",\"publisher\":{\"@id\":\"https:\/\/plastimark.com\/fr\/#organization\"},\"potentialAction\":[{\"@type\":\"SearchAction\",\"target\":{\"@type\":\"EntryPoint\",\"urlTemplate\":\"https:\/\/plastimark.com\/fr\/?s={search_term_string}\"},\"query-input\":{\"@type\":\"PropertyValueSpecification\",\"valueRequired\":true,\"valueName\":\"search_term_string\"}}],\"inLanguage\":\"fr-FR\"},{\"@type\":\"Organization\",\"@id\":\"https:\/\/plastimark.com\/fr\/#organization\",\"name\":\"Plastimark\",\"url\":\"https:\/\/plastimark.com\/fr\/\",\"logo\":{\"@type\":\"ImageObject\",\"inLanguage\":\"fr-FR\",\"@id\":\"https:\/\/plastimark.com\/fr\/#\/schema\/logo\/image\/\",\"url\":\"https:\/\/plastimark.com\/wp-content\/uploads\/2025\/11\/logo-plastimark.svg\",\"contentUrl\":\"https:\/\/plastimark.com\/wp-content\/uploads\/2025\/11\/logo-plastimark.svg\",\"width\":313,\"height\":81,\"caption\":\"Plastimark\"},\"image\":{\"@id\":\"https:\/\/plastimark.com\/fr\/#\/schema\/logo\/image\/\"},\"sameAs\":[\"https:\/\/www.facebook.com\/Plastimark\",\"https:\/\/www.linkedin.com\/company\/plastimark-spa\/\",\"https:\/\/www.instagram.com\/plastimark\/\",\"https:\/\/www.youtube.com\/@plastimark\"]}]}<\/script>\n<!-- \/ Yoast SEO plugin. -->","yoast_head_json":{"title":"Wave compound - Plastimark","robots":{"index":"index","follow":"follow","max-snippet":"max-snippet:-1","max-image-preview":"max-image-preview:large","max-video-preview":"max-video-preview:-1"},"canonical":"https:\/\/plastimark.com\/fr\/wave-compound\/","og_locale":"fr_FR","og_type":"article","og_title":"Wave compound - Plastimark","og_description":"Plastimark\u00ae Wave Plastique marin r\u00e9cup\u00e9r\u00e9 : un choix \u00e9thique pour l&rsquo;avenir Le plastique collect\u00e9 dans les oc\u00e9ans peut devenir une ... Lire plus","og_url":"https:\/\/plastimark.com\/fr\/wave-compound\/","og_site_name":"Plastimark","article_publisher":"https:\/\/www.facebook.com\/Plastimark","article_modified_time":"2026-03-16T14:51:30+00:00","og_image":[{"width":2500,"height":484,"url":"https:\/\/plastimark.com\/wp-content\/uploads\/2026\/01\/Wave-compound-header.webp","type":"image\/webp"}],"twitter_card":"summary_large_image","twitter_misc":{"Dur\u00e9e de lecture estim\u00e9e":"3 minutes"},"schema":{"@context":"https:\/\/schema.org","@graph":[{"@type":"WebPage","@id":"https:\/\/plastimark.com\/fr\/wave-compound\/","url":"https:\/\/plastimark.com\/fr\/wave-compound\/","name":"Wave compound - Plastimark","isPartOf":{"@id":"https:\/\/plastimark.com\/fr\/#website"},"primaryImageOfPage":{"@id":"https:\/\/plastimark.com\/fr\/wave-compound\/#primaryimage"},"image":{"@id":"https:\/\/plastimark.com\/fr\/wave-compound\/#primaryimage"},"thumbnailUrl":"https:\/\/plastimark.com\/wp-content\/uploads\/2026\/01\/Wave-compound-header.webp","datePublished":"2025-11-23T18:54:33+00:00","dateModified":"2026-03-16T14:51:30+00:00","breadcrumb":{"@id":"https:\/\/plastimark.com\/fr\/wave-compound\/#breadcrumb"},"inLanguage":"fr-FR","potentialAction":[{"@type":"ReadAction","target":["https:\/\/plastimark.com\/fr\/wave-compound\/"]}]},{"@type":"ImageObject","inLanguage":"fr-FR","@id":"https:\/\/plastimark.com\/fr\/wave-compound\/#primaryimage","url":"https:\/\/plastimark.com\/wp-content\/uploads\/2026\/01\/Wave-compound-header.webp","contentUrl":"https:\/\/plastimark.com\/wp-content\/uploads\/2026\/01\/Wave-compound-header.webp","width":2500,"height":484},{"@type":"BreadcrumbList","@id":"https:\/\/plastimark.com\/fr\/wave-compound\/#breadcrumb","itemListElement":[{"@type":"ListItem","position":1,"name":"Home","item":"https:\/\/plastimark.com\/fr\/"},{"@type":"ListItem","position":2,"name":"Wave compound"}]},{"@type":"WebSite","@id":"https:\/\/plastimark.com\/fr\/#website","url":"https:\/\/plastimark.com\/fr\/","name":"Plastimark","description":"Carrelli e cestini per la spesa in plastica","publisher":{"@id":"https:\/\/plastimark.com\/fr\/#organization"},"potentialAction":[{"@type":"SearchAction","target":{"@type":"EntryPoint","urlTemplate":"https:\/\/plastimark.com\/fr\/?s={search_term_string}"},"query-input":{"@type":"PropertyValueSpecification","valueRequired":true,"valueName":"search_term_string"}}],"inLanguage":"fr-FR"},{"@type":"Organization","@id":"https:\/\/plastimark.com\/fr\/#organization","name":"Plastimark","url":"https:\/\/plastimark.com\/fr\/","logo":{"@type":"ImageObject","inLanguage":"fr-FR","@id":"https:\/\/plastimark.com\/fr\/#\/schema\/logo\/image\/","url":"https:\/\/plastimark.com\/wp-content\/uploads\/2025\/11\/logo-plastimark.svg","contentUrl":"https:\/\/plastimark.com\/wp-content\/uploads\/2025\/11\/logo-plastimark.svg","width":313,"height":81,"caption":"Plastimark"},"image":{"@id":"https:\/\/plastimark.com\/fr\/#\/schema\/logo\/image\/"},"sameAs":["https:\/\/www.facebook.com\/Plastimark","https:\/\/www.linkedin.com\/company\/plastimark-spa\/","https:\/\/www.instagram.com\/plastimark\/","https:\/\/www.youtube.com\/@plastimark"]}]}},"_links":{"self":[{"href":"https:\/\/plastimark.com\/fr\/wp-json\/wp\/v2\/pages\/261842","targetHints":{"allow":["GET"]}}],"collection":[{"href":"https:\/\/plastimark.com\/fr\/wp-json\/wp\/v2\/pages"}],"about":[{"href":"https:\/\/plastimark.com\/fr\/wp-json\/wp\/v2\/types\/page"}],"author":[{"embeddable":true,"href":"https:\/\/plastimark.com\/fr\/wp-json\/wp\/v2\/users\/1"}],"replies":[{"embeddable":true,"href":"https:\/\/plastimark.com\/fr\/wp-json\/wp\/v2\/comments?post=261842"}],"version-history":[{"count":15,"href":"https:\/\/plastimark.com\/fr\/wp-json\/wp\/v2\/pages\/261842\/revisions"}],"predecessor-version":[{"id":271178,"href":"https:\/\/plastimark.com\/fr\/wp-json\/wp\/v2\/pages\/261842\/revisions\/271178"}],"wp:featuredmedia":[{"embeddable":true,"href":"https:\/\/plastimark.com\/fr\/wp-json\/wp\/v2\/media\/261840"}],"wp:attachment":[{"href":"https:\/\/plastimark.com\/fr\/wp-json\/wp\/v2\/media?parent=261842"}],"curies":[{"name":"wp","href":"https:\/\/api.w.org\/{rel}","templated":true}]}}