{"id":255066,"date":"2025-11-24T09:40:35","date_gmt":"2025-11-24T08:40:35","guid":{"rendered":"https:\/\/plastimark-new.inode.it\/paniers-dachat\/"},"modified":"2026-02-18T14:23:57","modified_gmt":"2026-02-18T13:23:57","slug":"paniers-dachat","status":"publish","type":"page","link":"https:\/\/plastimark.com\/fr\/paniers-dachat\/","title":{"rendered":"Paniers d&rsquo;achat"},"content":{"rendered":"\n<div class=\"gb-element-bf9d505a\">\n<h2 class=\"gb-text\">Paniers d&rsquo;achat<\/h2>\n\n\n\n<p class=\"gb-text gb-text-735eaf17\">Paniers \u00e0 main<\/p>\n<\/div>\n\n\n\n<div class=\"gb-element-d5f473f7\">\n<div class=\"gb-element-66da97b4\">\n<div class=\"gb-element-b2dca8f9\">\n<a class=\"gb-element-ef34bfe3\" href=\"https:\/\/plastimark.com\/fr\/produit\/minityko\/\"><\/a>\n\n\n\n<h3 class=\"gb-text gb-text-cc664fe8\"><a href=\"https:\/\/plastimark.com\/fr\/produit\/minityko\/\"><strong>MiniTyko<\/strong> 22 L<\/a><\/h3>\n\n\n\n<a class=\"gb-text gb-text-764262a9\" href=\"https:\/\/plastimark.com\/fr\/produit\/minityko\/\">D\u00c9couvrir<\/a>\n<\/div>\n\n\n\n<div class=\"gb-element-c0776aa7\">\n<a class=\"gb-element-99c1bd73\" href=\"https:\/\/plastimark.com\/fr\/produit\/tyko\/\"><\/a>\n\n\n\n<h3 class=\"gb-text gb-text-2cb20914\"><a href=\"https:\/\/plastimark.com\/fr\/produit\/tyko\/\"><strong>Tyko<\/strong> 33 L<\/a><\/h3>\n\n\n\n<a class=\"gb-text gb-text-1f2a9f43\" href=\"https:\/\/plastimark.com\/fr\/produit\/tyko\/\">D\u00c9couvrir<\/a>\n<\/div>\n\n\n\n<div class=\"gb-element-ef846f9f\">\n<a class=\"gb-element-e98477ec\" href=\"https:\/\/plastimark.com\/fr\/produit\/onda\/\"><\/a>\n\n\n\n<h3 class=\"gb-text gb-text-9a1fcf5e\"><a href=\"https:\/\/plastimark.com\/fr\/produit\/onda\/\"><strong>Onda<\/strong> 28 L<\/a><\/h3>\n\n\n\n<a class=\"gb-text gb-text-59106ce6\" href=\"https:\/\/plastimark.com\/fr\/produit\/onda\/\">D\u00c9couvrir<\/a>\n<\/div>\n<\/div>\n<\/div>\n\n\n\n<div class=\"gb-element-7e7099be\">\n<p class=\"gb-text gb-text-1d9943d3\">Paniers \u00e0 roulettes<\/p>\n<\/div>\n\n\n\n<div class=\"gb-element-1bce5623\">\n<div class=\"gb-element-883e9ef4\">\n<div class=\"gb-element-6fbb0ab7\">\n<a class=\"gb-element-729b6310\" href=\"https:\/\/plastimark.com\/fr\/produit\/speesy\/\"><\/a>\n\n\n\n<h3 class=\"gb-text gb-text-84b562ea\"><a href=\"https:\/\/plastimark.com\/fr\/produit\/speesy\/\"><strong>Speesy<\/strong> 45 L<\/a><\/h3>\n\n\n\n<a class=\"gb-text gb-text-2f1fd093\" href=\"https:\/\/plastimark.com\/fr\/produit\/speesy\/\">D\u00c9couvrir<\/a>\n<\/div>\n\n\n\n<div class=\"gb-element-dfd21ec6\">\n<a class=\"gb-element-8a3f1801\" href=\"https:\/\/plastimark.com\/fr\/produit\/slimmer\/\"><\/a>\n\n\n\n<h3 class=\"gb-text gb-text-27d20a9e\"><a href=\"https:\/\/plastimark.com\/fr\/produit\/slimmer\/\"><strong>Slimmer<\/strong> 60 L<\/a><\/h3>\n\n\n\n<a class=\"gb-text gb-text-42c2d13e\" href=\"https:\/\/plastimark.com\/fr\/produit\/slimmer\/\">D\u00c9couvrir<\/a>\n<\/div>\n\n\n\n<div class=\"gb-element-dd7045bd\">\n<a class=\"gb-element-a27be677\" href=\"https:\/\/plastimark.com\/fr\/produit\/maxityko\/\"><\/a>\n\n\n\n<h3 class=\"gb-text gb-text-22964121\"><a href=\"https:\/\/plastimark.com\/fr\/produit\/maxityko\/\"><strong>MaxiTyko<\/strong> 66 L<\/a><\/h3>\n\n\n\n<a class=\"gb-text gb-text-6408c1f9\" href=\"https:\/\/plastimark.com\/fr\/produit\/maxityko\/\">D\u00c9couvrir<\/a>\n<\/div>\n<\/div>\n\n\n\n<div class=\"gb-element-a324eb25\">\n<div class=\"wp-block-group is-nowrap is-layout-flex wp-container-core-group-is-layout-ad2f72ca wp-block-group-is-layout-flex\">\n<div class=\"gb-element-498623c0\">\n<a class=\"gb-element-b48a85be\" href=\"https:\/\/plastimark.com\/fr\/produit\/dogo\/\"><\/a>\n\n\n\n<h3 class=\"gb-text gb-text-80269586\"><a href=\"https:\/\/plastimark.com\/fr\/produit\/dogo\/\"><strong>Dogo<\/strong><\/a><\/h3>\n\n\n\n<a class=\"gb-text gb-text-9e0ede1a\" href=\"https:\/\/plastimark.com\/fr\/produit\/dogo\/\">D\u00c9couvrir<\/a>\n<\/div>\n\n\n\n<div class=\"gb-element-043fb857\">\n<a class=\"gb-element-5536372b\" href=\"https:\/\/plastimark.com\/fr\/produit\/base\/\"><\/a>\n\n\n\n<h3 class=\"gb-text gb-text-673e573e\"><a href=\"https:\/\/plastimark.com\/fr\/produit\/base\/\"><strong>Base<\/strong><\/a><\/h3>\n\n\n\n<a class=\"gb-text gb-text-ed4a11b6\" href=\"https:\/\/plastimark.com\/fr\/produit\/base\/\">D\u00c9couvrir<\/a>\n<\/div>\n<\/div>\n<\/div>\n<\/div>\n\n\n\n<div class=\"gb-element-9825b574\">\n<p class=\"gb-text gb-text-6885b6c7\">Systems<\/p>\n<\/div>\n\n\n\n<div class=\"gb-element-d91495f7\">\n<div class=\"gb-element-99fd5054\">\n<div class=\"gb-element-e2b8e177\">\n<a class=\"gb-element-550658c3\" href=\"https:\/\/plastimark.com\/fr\/produit\/kery\/\"><\/a>\n\n\n\n<h3 class=\"gb-text gb-text-7f01242f\"><a href=\"https:\/\/plastimark.com\/fr\/produit\/kery\/\"><strong>Kery<\/strong><\/a><\/h3>\n\n\n\n<a class=\"gb-text gb-text-14d595b5\" href=\"https:\/\/plastimark.com\/fr\/produit\/kery\/\">D\u00c9couvrir<\/a>\n<\/div>\n\n\n\n<div class=\"gb-element-d865f07b\">\n<a class=\"gb-element-e7a9d668\" href=\"https:\/\/plastimark.com\/fr\/produit\/multi\/\"><\/a>\n\n\n\n<h3 class=\"gb-text gb-text-494054f7\"><a href=\"https:\/\/plastimark.com\/fr\/produit\/multi\/\"><strong>Multi<\/strong><\/a><\/h3>\n\n\n\n<a class=\"gb-text gb-text-b2d91799\" href=\"https:\/\/plastimark.com\/fr\/produit\/multi\/\">D\u00c9couvrir<\/a>\n<\/div>\n<\/div>\n<\/div>\n","protected":false},"excerpt":{"rendered":"<p>Paniers d&rsquo;achat Paniers \u00e0 main MiniTyko 22 L D\u00c9couvrir Tyko 33 L D\u00c9couvrir Onda 28 L D\u00c9couvrir Paniers \u00e0 roulettes &#8230; <\/p>\n<p class=\"read-more-container\"><a title=\"Paniers d&rsquo;achat\" class=\"read-more button\" href=\"https:\/\/plastimark.com\/fr\/paniers-dachat\/#more-255066\" aria-label=\"En savoir plus sur Paniers d&rsquo;achat\">Lire plus<\/a><\/p>\n","protected":false},"author":1,"featured_media":257835,"parent":0,"menu_order":0,"comment_status":"closed","ping_status":"closed","template":"","meta":{"_acf_changed":false,"footnotes":""},"class_list":["post-255066","page","type-page","status-publish","has-post-thumbnail"],"acf":[],"yoast_head":"<!-- This site is optimized with the Yoast SEO plugin v27.2 - https:\/\/yoast.com\/product\/yoast-seo-wordpress\/ -->\n<title>Panier en plastique de supermarch\u00e9 | Plastimark<\/title>\n<meta name=\"description\" content=\"Paniers pour les courses en plastique, \u00e9cologiques, pratiques et durables. D\u00e9couvrez notre gamme de produits\" \/>\n<meta name=\"robots\" content=\"index, follow, max-snippet:-1, max-image-preview:large, max-video-preview:-1\" \/>\n<link rel=\"canonical\" href=\"https:\/\/plastimark.com\/fr\/paniers-dachat\/\" \/>\n<meta property=\"og:locale\" content=\"fr_FR\" \/>\n<meta property=\"og:type\" content=\"article\" \/>\n<meta property=\"og:title\" content=\"Panier en plastique de supermarch\u00e9 | Plastimark\" \/>\n<meta property=\"og:description\" content=\"Paniers pour les courses en plastique, \u00e9cologiques, pratiques et durables. D\u00e9couvrez notre gamme de produits\" \/>\n<meta property=\"og:url\" content=\"https:\/\/plastimark.com\/fr\/paniers-dachat\/\" \/>\n<meta property=\"og:site_name\" content=\"Plastimark\" \/>\n<meta property=\"article:publisher\" content=\"https:\/\/www.facebook.com\/Plastimark\" \/>\n<meta property=\"article:modified_time\" content=\"2026-02-18T13:23:57+00:00\" \/>\n<meta property=\"og:image\" content=\"https:\/\/plastimark.com\/wp-content\/uploads\/2026\/01\/Basket-Onda-header.webp\" \/>\n\t<meta property=\"og:image:width\" content=\"2500\" \/>\n\t<meta property=\"og:image:height\" content=\"484\" \/>\n\t<meta property=\"og:image:type\" content=\"image\/webp\" \/>\n<meta name=\"twitter:card\" content=\"summary_large_image\" \/>\n<meta name=\"twitter:label1\" content=\"Dur\u00e9e de lecture estim\u00e9e\" \/>\n\t<meta name=\"twitter:data1\" content=\"1 minute\" \/>\n<script type=\"application\/ld+json\" class=\"yoast-schema-graph\">{\"@context\":\"https:\/\/schema.org\",\"@graph\":[{\"@type\":\"WebPage\",\"@id\":\"https:\/\/plastimark.com\/fr\/paniers-dachat\/\",\"url\":\"https:\/\/plastimark.com\/fr\/paniers-dachat\/\",\"name\":\"Panier en plastique de supermarch\u00e9 | Plastimark\",\"isPartOf\":{\"@id\":\"https:\/\/plastimark.com\/fr\/#website\"},\"primaryImageOfPage\":{\"@id\":\"https:\/\/plastimark.com\/fr\/paniers-dachat\/#primaryimage\"},\"image\":{\"@id\":\"https:\/\/plastimark.com\/fr\/paniers-dachat\/#primaryimage\"},\"thumbnailUrl\":\"https:\/\/plastimark.com\/wp-content\/uploads\/2026\/01\/Basket-Onda-header.webp\",\"datePublished\":\"2025-11-24T08:40:35+00:00\",\"dateModified\":\"2026-02-18T13:23:57+00:00\",\"description\":\"Paniers pour les courses en plastique, \u00e9cologiques, pratiques et durables. D\u00e9couvrez notre gamme de produits\",\"breadcrumb\":{\"@id\":\"https:\/\/plastimark.com\/fr\/paniers-dachat\/#breadcrumb\"},\"inLanguage\":\"fr-FR\",\"potentialAction\":[{\"@type\":\"ReadAction\",\"target\":[\"https:\/\/plastimark.com\/fr\/paniers-dachat\/\"]}]},{\"@type\":\"ImageObject\",\"inLanguage\":\"fr-FR\",\"@id\":\"https:\/\/plastimark.com\/fr\/paniers-dachat\/#primaryimage\",\"url\":\"https:\/\/plastimark.com\/wp-content\/uploads\/2026\/01\/Basket-Onda-header.webp\",\"contentUrl\":\"https:\/\/plastimark.com\/wp-content\/uploads\/2026\/01\/Basket-Onda-header.webp\",\"width\":2500,\"height\":484},{\"@type\":\"BreadcrumbList\",\"@id\":\"https:\/\/plastimark.com\/fr\/paniers-dachat\/#breadcrumb\",\"itemListElement\":[{\"@type\":\"ListItem\",\"position\":1,\"name\":\"Home\",\"item\":\"https:\/\/plastimark.com\/fr\/\"},{\"@type\":\"ListItem\",\"position\":2,\"name\":\"Paniers d&#8217;achat\"}]},{\"@type\":\"WebSite\",\"@id\":\"https:\/\/plastimark.com\/fr\/#website\",\"url\":\"https:\/\/plastimark.com\/fr\/\",\"name\":\"Plastimark\",\"description\":\"Carrelli e cestini per la spesa in plastica\",\"publisher\":{\"@id\":\"https:\/\/plastimark.com\/fr\/#organization\"},\"potentialAction\":[{\"@type\":\"SearchAction\",\"target\":{\"@type\":\"EntryPoint\",\"urlTemplate\":\"https:\/\/plastimark.com\/fr\/?s={search_term_string}\"},\"query-input\":{\"@type\":\"PropertyValueSpecification\",\"valueRequired\":true,\"valueName\":\"search_term_string\"}}],\"inLanguage\":\"fr-FR\"},{\"@type\":\"Organization\",\"@id\":\"https:\/\/plastimark.com\/fr\/#organization\",\"name\":\"Plastimark\",\"url\":\"https:\/\/plastimark.com\/fr\/\",\"logo\":{\"@type\":\"ImageObject\",\"inLanguage\":\"fr-FR\",\"@id\":\"https:\/\/plastimark.com\/fr\/#\/schema\/logo\/image\/\",\"url\":\"https:\/\/plastimark.com\/wp-content\/uploads\/2025\/11\/logo-plastimark.svg\",\"contentUrl\":\"https:\/\/plastimark.com\/wp-content\/uploads\/2025\/11\/logo-plastimark.svg\",\"width\":313,\"height\":81,\"caption\":\"Plastimark\"},\"image\":{\"@id\":\"https:\/\/plastimark.com\/fr\/#\/schema\/logo\/image\/\"},\"sameAs\":[\"https:\/\/www.facebook.com\/Plastimark\",\"https:\/\/www.linkedin.com\/company\/plastimark-spa\/\",\"https:\/\/www.instagram.com\/plastimark\/\",\"https:\/\/www.youtube.com\/@plastimark\"]}]}<\/script>\n<!-- \/ Yoast SEO plugin. -->","yoast_head_json":{"title":"Panier en plastique de supermarch\u00e9 | Plastimark","description":"Paniers pour les courses en plastique, \u00e9cologiques, pratiques et durables. D\u00e9couvrez notre gamme de produits","robots":{"index":"index","follow":"follow","max-snippet":"max-snippet:-1","max-image-preview":"max-image-preview:large","max-video-preview":"max-video-preview:-1"},"canonical":"https:\/\/plastimark.com\/fr\/paniers-dachat\/","og_locale":"fr_FR","og_type":"article","og_title":"Panier en plastique de supermarch\u00e9 | Plastimark","og_description":"Paniers pour les courses en plastique, \u00e9cologiques, pratiques et durables. D\u00e9couvrez notre gamme de produits","og_url":"https:\/\/plastimark.com\/fr\/paniers-dachat\/","og_site_name":"Plastimark","article_publisher":"https:\/\/www.facebook.com\/Plastimark","article_modified_time":"2026-02-18T13:23:57+00:00","og_image":[{"width":2500,"height":484,"url":"https:\/\/plastimark.com\/wp-content\/uploads\/2026\/01\/Basket-Onda-header.webp","type":"image\/webp"}],"twitter_card":"summary_large_image","twitter_misc":{"Dur\u00e9e de lecture estim\u00e9e":"1 minute"},"schema":{"@context":"https:\/\/schema.org","@graph":[{"@type":"WebPage","@id":"https:\/\/plastimark.com\/fr\/paniers-dachat\/","url":"https:\/\/plastimark.com\/fr\/paniers-dachat\/","name":"Panier en plastique de supermarch\u00e9 | Plastimark","isPartOf":{"@id":"https:\/\/plastimark.com\/fr\/#website"},"primaryImageOfPage":{"@id":"https:\/\/plastimark.com\/fr\/paniers-dachat\/#primaryimage"},"image":{"@id":"https:\/\/plastimark.com\/fr\/paniers-dachat\/#primaryimage"},"thumbnailUrl":"https:\/\/plastimark.com\/wp-content\/uploads\/2026\/01\/Basket-Onda-header.webp","datePublished":"2025-11-24T08:40:35+00:00","dateModified":"2026-02-18T13:23:57+00:00","description":"Paniers pour les courses en plastique, \u00e9cologiques, pratiques et durables. D\u00e9couvrez notre gamme de produits","breadcrumb":{"@id":"https:\/\/plastimark.com\/fr\/paniers-dachat\/#breadcrumb"},"inLanguage":"fr-FR","potentialAction":[{"@type":"ReadAction","target":["https:\/\/plastimark.com\/fr\/paniers-dachat\/"]}]},{"@type":"ImageObject","inLanguage":"fr-FR","@id":"https:\/\/plastimark.com\/fr\/paniers-dachat\/#primaryimage","url":"https:\/\/plastimark.com\/wp-content\/uploads\/2026\/01\/Basket-Onda-header.webp","contentUrl":"https:\/\/plastimark.com\/wp-content\/uploads\/2026\/01\/Basket-Onda-header.webp","width":2500,"height":484},{"@type":"BreadcrumbList","@id":"https:\/\/plastimark.com\/fr\/paniers-dachat\/#breadcrumb","itemListElement":[{"@type":"ListItem","position":1,"name":"Home","item":"https:\/\/plastimark.com\/fr\/"},{"@type":"ListItem","position":2,"name":"Paniers d&#8217;achat"}]},{"@type":"WebSite","@id":"https:\/\/plastimark.com\/fr\/#website","url":"https:\/\/plastimark.com\/fr\/","name":"Plastimark","description":"Carrelli e cestini per la spesa in plastica","publisher":{"@id":"https:\/\/plastimark.com\/fr\/#organization"},"potentialAction":[{"@type":"SearchAction","target":{"@type":"EntryPoint","urlTemplate":"https:\/\/plastimark.com\/fr\/?s={search_term_string}"},"query-input":{"@type":"PropertyValueSpecification","valueRequired":true,"valueName":"search_term_string"}}],"inLanguage":"fr-FR"},{"@type":"Organization","@id":"https:\/\/plastimark.com\/fr\/#organization","name":"Plastimark","url":"https:\/\/plastimark.com\/fr\/","logo":{"@type":"ImageObject","inLanguage":"fr-FR","@id":"https:\/\/plastimark.com\/fr\/#\/schema\/logo\/image\/","url":"https:\/\/plastimark.com\/wp-content\/uploads\/2025\/11\/logo-plastimark.svg","contentUrl":"https:\/\/plastimark.com\/wp-content\/uploads\/2025\/11\/logo-plastimark.svg","width":313,"height":81,"caption":"Plastimark"},"image":{"@id":"https:\/\/plastimark.com\/fr\/#\/schema\/logo\/image\/"},"sameAs":["https:\/\/www.facebook.com\/Plastimark","https:\/\/www.linkedin.com\/company\/plastimark-spa\/","https:\/\/www.instagram.com\/plastimark\/","https:\/\/www.youtube.com\/@plastimark"]}]}},"_links":{"self":[{"href":"https:\/\/plastimark.com\/fr\/wp-json\/wp\/v2\/pages\/255066","targetHints":{"allow":["GET"]}}],"collection":[{"href":"https:\/\/plastimark.com\/fr\/wp-json\/wp\/v2\/pages"}],"about":[{"href":"https:\/\/plastimark.com\/fr\/wp-json\/wp\/v2\/types\/page"}],"author":[{"embeddable":true,"href":"https:\/\/plastimark.com\/fr\/wp-json\/wp\/v2\/users\/1"}],"replies":[{"embeddable":true,"href":"https:\/\/plastimark.com\/fr\/wp-json\/wp\/v2\/comments?post=255066"}],"version-history":[{"count":8,"href":"https:\/\/plastimark.com\/fr\/wp-json\/wp\/v2\/pages\/255066\/revisions"}],"predecessor-version":[{"id":263389,"href":"https:\/\/plastimark.com\/fr\/wp-json\/wp\/v2\/pages\/255066\/revisions\/263389"}],"wp:featuredmedia":[{"embeddable":true,"href":"https:\/\/plastimark.com\/fr\/wp-json\/wp\/v2\/media\/257835"}],"wp:attachment":[{"href":"https:\/\/plastimark.com\/fr\/wp-json\/wp\/v2\/media?parent=255066"}],"curies":[{"name":"wp","href":"https:\/\/api.w.org\/{rel}","templated":true}]}}