{"id":255064,"date":"2025-11-24T09:43:06","date_gmt":"2025-11-24T08:43:06","guid":{"rendered":"https:\/\/plastimark-new.inode.it\/chariots-de-supermarche\/"},"modified":"2026-02-18T14:18:29","modified_gmt":"2026-02-18T13:18:29","slug":"chariots-de-supermarche","status":"publish","type":"page","link":"https:\/\/plastimark.com\/fr\/chariots-de-supermarche\/","title":{"rendered":"Chariots de supermarch\u00e9"},"content":{"rendered":"\n<div class=\"gb-element-e94d6ce3\">\n<h2 class=\"gb-text\">Chariots de supermarch\u00e9<\/h2>\n\n\n\n<p class=\"gb-text gb-text-c2eb7525\">Full Plastic<\/p>\n<\/div>\n\n\n\n<div class=\"gb-element-e75275c9\">\n<div class=\"gb-element-f2e9926e\">\n<div class=\"gb-element-0ea22dda\">\n<a class=\"gb-element-f2f29290\" href=\"https:\/\/plastimark.com\/fr\/produit\/pleasy\/\"><\/a>\n\n\n\n<h3 class=\"gb-text gb-text-eaa622c5\"><a href=\"https:\/\/plastimark.com\/fr\/produit\/pleasy\/\"><strong>Pleasy<\/strong> 100 L<\/a><\/h3>\n\n\n\n<p class=\"gb-text\"><em>Monobloc<\/em><\/p>\n\n\n\n<a class=\"gb-text gb-text-841b274e\" href=\"https:\/\/plastimark.com\/fr\/produit\/pleasy\/\">D\u00c9couvrir<\/a>\n<\/div>\n\n\n\n<div class=\"gb-element-f4d6f647\">\n<a class=\"gb-element-b9e86a13\" href=\"https:\/\/plastimark.com\/fr\/produit\/roomy\/\"><\/a>\n\n\n\n<h3 class=\"gb-text gb-text-3bf16aa5\"><a href=\"https:\/\/plastimark.com\/fr\/produit\/roomy\/\"><strong>Roomy<\/strong> 160 L<\/a><\/h3>\n\n\n\n<p class=\"gb-text\"><em>Monobloc<\/em><\/p>\n\n\n\n<a class=\"gb-text gb-text-4ebab682\" href=\"https:\/\/plastimark.com\/fr\/produit\/roomy\/\">D\u00c9couvrir<\/a>\n<\/div>\n<\/div>\n\n\n\n<div class=\"gb-element-22e653f3\">\n<div class=\"gb-element-343803ac\">\n<a class=\"gb-element-6eca348c\" href=\"https:\/\/plastimark.com\/fr\/produit\/keita\/\"><\/a>\n\n\n\n<h3 class=\"gb-text gb-text-65628aa0\"><a href=\"https:\/\/plastimark.com\/fr\/produit\/keita\/\"><strong>Keita<\/strong> 90 L<\/a><\/h3>\n\n\n\n<p class=\"gb-text\"><em><em>Modulaire<\/em><\/em><\/p>\n\n\n\n<a class=\"gb-text gb-text-ebd878f5\" href=\"https:\/\/plastimark.com\/fr\/produit\/keita\/\">D\u00c9couvrir<\/a>\n<\/div>\n\n\n\n<div class=\"gb-element-3452f619\">\n<a class=\"gb-element-c5247df5\" href=\"https:\/\/plastimark.com\/fr\/produit\/city\/\"><\/a>\n\n\n\n<h3 class=\"gb-text gb-text-75f9f3d2\"><a href=\"https:\/\/plastimark.com\/fr\/produit\/city\/\"><strong>City<\/strong> 110 L<\/a><\/h3>\n\n\n\n<p class=\"gb-text\"><em>Modulaire<\/em><\/p>\n\n\n\n<a class=\"gb-text gb-text-c9c43647\" href=\"https:\/\/plastimark.com\/fr\/produit\/city\/\">D\u00c9couvrir<\/a>\n<\/div>\n\n\n\n<div class=\"gb-element-05222d2c\">\n<a class=\"gb-element-f78969eb\" href=\"https:\/\/plastimark.com\/fr\/produit\/luma\/\"><\/a>\n\n\n\n<h3 class=\"gb-text gb-text-c54cda1e\"><a href=\"https:\/\/plastimark.com\/fr\/produit\/luma\/\"><strong>Luma<\/strong> 130 L<\/a><\/h3>\n\n\n\n<p class=\"gb-text\"><em><em>Modulaire<\/em><\/em><\/p>\n\n\n\n<a class=\"gb-text gb-text-5d33428b\" href=\"https:\/\/plastimark.com\/fr\/produit\/luma\/\">D\u00c9couvrir<\/a>\n<\/div>\n<\/div>\n\n\n\n<div class=\"gb-element-a3f1c88c\">\n<div class=\"gb-element-c9fd58ff\">\n<a class=\"gb-element-bcc112b4\" href=\"https:\/\/plastimark.com\/fr\/produit\/twiga\/\"><\/a>\n\n\n\n<h3 class=\"gb-text gb-text-d578be49\"><a href=\"https:\/\/plastimark.com\/fr\/produit\/twiga\/\"><strong>Twiga<\/strong> 150 L<\/a><\/h3>\n\n\n\n<p class=\"gb-text\"><em><em>Modulaire<\/em><\/em><\/p>\n\n\n\n<a class=\"gb-text gb-text-5a22f337\" href=\"https:\/\/plastimark.com\/fr\/produit\/twiga\/\">D\u00c9couvrir<\/a>\n<\/div>\n\n\n\n<div class=\"gb-element-a745342e\">\n<a class=\"gb-element-3cf8db14\" href=\"https:\/\/plastimark.com\/fr\/produit\/duka\/\"><\/a>\n\n\n\n<h3 class=\"gb-text gb-text-7e272d5e\"><a href=\"https:\/\/plastimark.com\/fr\/produit\/duka\/\"><strong>Duka<\/strong> 210 L<\/a><\/h3>\n\n\n\n<p class=\"gb-text\"><em><em>Modulaire<\/em><\/em><\/p>\n\n\n\n<a class=\"gb-text gb-text-bdb668b0\" href=\"https:\/\/plastimark.com\/fr\/produit\/duka\/\">D\u00c9couvrir<\/a>\n<\/div>\n<\/div>\n<\/div>\n\n\n\n<div class=\"gb-element-05c71426\">\n<p class=\"gb-text gb-text-f5e4bf48\">Hybrid<\/p>\n<\/div>\n\n\n\n<div class=\"gb-element-ad16de1f\">\n<div class=\"gb-element-54469611\">\n<div class=\"gb-element-a19d4c49\">\n<a class=\"gb-element-7945dd6b\" href=\"https:\/\/plastimark.com\/fr\/produit\/hybrid-super\/\"><\/a>\n\n\n\n<h3 class=\"gb-text gb-text-4017a553\"><a href=\"https:\/\/plastimark.com\/fr\/produit\/hybrid-super\/\"><strong>Super<\/strong> 180 L<\/a><\/h3>\n\n\n\n<p class=\"gb-text\"><em><em>Hybrid<\/em><\/em><\/p>\n\n\n\n<a class=\"gb-text gb-text-4425de92\" href=\"https:\/\/plastimark.com\/fr\/produit\/hybrid-super\/\">D\u00c9couvrir<\/a>\n<\/div>\n\n\n\n<div class=\"gb-element-a4b253e7\">\n<a class=\"gb-element-104a0a41\" href=\"https:\/\/plastimark.com\/fr\/produit\/hybrid-maxi\/\"><\/a>\n\n\n\n<h3 class=\"gb-text gb-text-33603830\"><a href=\"https:\/\/plastimark.com\/fr\/produit\/hybrid-maxi\/\"><strong>Maxi<\/strong> 220 L<\/a><\/h3>\n\n\n\n<p class=\"gb-text\"><em><em>Hybrid<\/em><\/em><\/p>\n\n\n\n<a class=\"gb-text gb-text-1dbeb108\" href=\"https:\/\/plastimark.com\/fr\/produit\/hybrid-maxi\/\">D\u00c9couvrir<\/a>\n<\/div>\n\n\n\n<div class=\"gb-element-71fc97e6\">\n<a class=\"gb-element-9ed98da7\" href=\"https:\/\/plastimark.com\/fr\/produit\/hybrid-iper\/\"><\/a>\n\n\n\n<h3 class=\"gb-text gb-text-e94ee226\"><a href=\"https:\/\/plastimark.com\/fr\/produit\/hybrid-iper\/\"><strong>Iper<\/strong> 240 L<\/a><\/h3>\n\n\n\n<p class=\"gb-text\"><em><em>Hybrid<\/em><\/em><\/p>\n\n\n\n<a class=\"gb-text gb-text-20a80f36\" href=\"https:\/\/plastimark.com\/fr\/produit\/hybrid-iper\/\">D\u00c9couvrir<\/a>\n<\/div>\n\n\n\n<div class=\"gb-element-13bb5b9f\">\n<a class=\"gb-element-a7021783\" href=\"https:\/\/plastimark.com\/fr\/produit\/baby-trolley\/\"><\/a>\n\n\n\n<h3 class=\"gb-text gb-text-12ed17b9\"><a href=\"https:\/\/plastimark.com\/fr\/produit\/baby-trolley\/\"><strong>Baby Trolley<\/strong><\/a><\/h3>\n\n\n\n<p class=\"gb-text\"><\/p>\n\n\n\n<a class=\"gb-text gb-text-99b729d6\" href=\"https:\/\/plastimark.com\/fr\/produit\/baby-trolley\/\">D\u00c9couvrir<\/a>\n<\/div>\n<\/div>\n<\/div>\n","protected":false},"excerpt":{"rendered":"<p>Chariots de supermarch\u00e9 Full Plastic Pleasy 100 L Monobloc D\u00c9couvrir Roomy 160 L Monobloc D\u00c9couvrir Keita 90 L Modulaire D\u00c9couvrir &#8230; <\/p>\n<p class=\"read-more-container\"><a title=\"Chariots de supermarch\u00e9\" class=\"read-more button\" href=\"https:\/\/plastimark.com\/fr\/chariots-de-supermarche\/#more-255064\" aria-label=\"En savoir plus sur Chariots de supermarch\u00e9\">Lire plus<\/a><\/p>\n","protected":false},"author":1,"featured_media":257839,"parent":0,"menu_order":0,"comment_status":"closed","ping_status":"closed","template":"","meta":{"_acf_changed":false,"footnotes":""},"class_list":["post-255064","page","type-page","status-publish","has-post-thumbnail"],"acf":[],"yoast_head":"<!-- This site is optimized with the Yoast SEO plugin v27.2 - https:\/\/yoast.com\/product\/yoast-seo-wordpress\/ -->\n<title>Chariots de supermarch\u00e9 en plastique | Plastimark<\/title>\n<meta name=\"description\" content=\"Chariots pour les courses en plastique, \u00e9cologiques, pratiques et durables. D\u00e9couvrez notre gamme de produits\" \/>\n<meta name=\"robots\" content=\"index, follow, max-snippet:-1, max-image-preview:large, max-video-preview:-1\" \/>\n<link rel=\"canonical\" href=\"https:\/\/plastimark.com\/fr\/chariots-de-supermarche\/\" \/>\n<meta property=\"og:locale\" content=\"fr_FR\" \/>\n<meta property=\"og:type\" content=\"article\" \/>\n<meta property=\"og:title\" content=\"Chariots de supermarch\u00e9 en plastique | Plastimark\" \/>\n<meta property=\"og:description\" content=\"Chariots pour les courses en plastique, \u00e9cologiques, pratiques et durables. D\u00e9couvrez notre gamme de produits\" \/>\n<meta property=\"og:url\" content=\"https:\/\/plastimark.com\/fr\/chariots-de-supermarche\/\" \/>\n<meta property=\"og:site_name\" content=\"Plastimark\" \/>\n<meta property=\"article:publisher\" content=\"https:\/\/www.facebook.com\/Plastimark\" \/>\n<meta property=\"article:modified_time\" content=\"2026-02-18T13:18:29+00:00\" \/>\n<meta property=\"og:image\" content=\"https:\/\/plastimark.com\/wp-content\/uploads\/2026\/01\/Shopping-trolley-header.webp\" \/>\n\t<meta property=\"og:image:width\" content=\"2500\" \/>\n\t<meta property=\"og:image:height\" content=\"484\" \/>\n\t<meta property=\"og:image:type\" content=\"image\/webp\" \/>\n<meta name=\"twitter:card\" content=\"summary_large_image\" \/>\n<meta name=\"twitter:label1\" content=\"Dur\u00e9e de lecture estim\u00e9e\" \/>\n\t<meta name=\"twitter:data1\" content=\"1 minute\" \/>\n<script type=\"application\/ld+json\" class=\"yoast-schema-graph\">{\"@context\":\"https:\/\/schema.org\",\"@graph\":[{\"@type\":\"WebPage\",\"@id\":\"https:\/\/plastimark.com\/fr\/chariots-de-supermarche\/\",\"url\":\"https:\/\/plastimark.com\/fr\/chariots-de-supermarche\/\",\"name\":\"Chariots de supermarch\u00e9 en plastique | Plastimark\",\"isPartOf\":{\"@id\":\"https:\/\/plastimark.com\/fr\/#website\"},\"primaryImageOfPage\":{\"@id\":\"https:\/\/plastimark.com\/fr\/chariots-de-supermarche\/#primaryimage\"},\"image\":{\"@id\":\"https:\/\/plastimark.com\/fr\/chariots-de-supermarche\/#primaryimage\"},\"thumbnailUrl\":\"https:\/\/plastimark.com\/wp-content\/uploads\/2026\/01\/Shopping-trolley-header.webp\",\"datePublished\":\"2025-11-24T08:43:06+00:00\",\"dateModified\":\"2026-02-18T13:18:29+00:00\",\"description\":\"Chariots pour les courses en plastique, \u00e9cologiques, pratiques et durables. D\u00e9couvrez notre gamme de produits\",\"breadcrumb\":{\"@id\":\"https:\/\/plastimark.com\/fr\/chariots-de-supermarche\/#breadcrumb\"},\"inLanguage\":\"fr-FR\",\"potentialAction\":[{\"@type\":\"ReadAction\",\"target\":[\"https:\/\/plastimark.com\/fr\/chariots-de-supermarche\/\"]}]},{\"@type\":\"ImageObject\",\"inLanguage\":\"fr-FR\",\"@id\":\"https:\/\/plastimark.com\/fr\/chariots-de-supermarche\/#primaryimage\",\"url\":\"https:\/\/plastimark.com\/wp-content\/uploads\/2026\/01\/Shopping-trolley-header.webp\",\"contentUrl\":\"https:\/\/plastimark.com\/wp-content\/uploads\/2026\/01\/Shopping-trolley-header.webp\",\"width\":2500,\"height\":484},{\"@type\":\"BreadcrumbList\",\"@id\":\"https:\/\/plastimark.com\/fr\/chariots-de-supermarche\/#breadcrumb\",\"itemListElement\":[{\"@type\":\"ListItem\",\"position\":1,\"name\":\"Home\",\"item\":\"https:\/\/plastimark.com\/fr\/\"},{\"@type\":\"ListItem\",\"position\":2,\"name\":\"Chariots de supermarch\u00e9\"}]},{\"@type\":\"WebSite\",\"@id\":\"https:\/\/plastimark.com\/fr\/#website\",\"url\":\"https:\/\/plastimark.com\/fr\/\",\"name\":\"Plastimark\",\"description\":\"Carrelli e cestini per la spesa in plastica\",\"publisher\":{\"@id\":\"https:\/\/plastimark.com\/fr\/#organization\"},\"potentialAction\":[{\"@type\":\"SearchAction\",\"target\":{\"@type\":\"EntryPoint\",\"urlTemplate\":\"https:\/\/plastimark.com\/fr\/?s={search_term_string}\"},\"query-input\":{\"@type\":\"PropertyValueSpecification\",\"valueRequired\":true,\"valueName\":\"search_term_string\"}}],\"inLanguage\":\"fr-FR\"},{\"@type\":\"Organization\",\"@id\":\"https:\/\/plastimark.com\/fr\/#organization\",\"name\":\"Plastimark\",\"url\":\"https:\/\/plastimark.com\/fr\/\",\"logo\":{\"@type\":\"ImageObject\",\"inLanguage\":\"fr-FR\",\"@id\":\"https:\/\/plastimark.com\/fr\/#\/schema\/logo\/image\/\",\"url\":\"https:\/\/plastimark.com\/wp-content\/uploads\/2025\/11\/logo-plastimark.svg\",\"contentUrl\":\"https:\/\/plastimark.com\/wp-content\/uploads\/2025\/11\/logo-plastimark.svg\",\"width\":313,\"height\":81,\"caption\":\"Plastimark\"},\"image\":{\"@id\":\"https:\/\/plastimark.com\/fr\/#\/schema\/logo\/image\/\"},\"sameAs\":[\"https:\/\/www.facebook.com\/Plastimark\",\"https:\/\/www.linkedin.com\/company\/plastimark-spa\/\",\"https:\/\/www.instagram.com\/plastimark\/\",\"https:\/\/www.youtube.com\/@plastimark\"]}]}<\/script>\n<!-- \/ Yoast SEO plugin. -->","yoast_head_json":{"title":"Chariots de supermarch\u00e9 en plastique | Plastimark","description":"Chariots pour les courses en plastique, \u00e9cologiques, pratiques et durables. D\u00e9couvrez notre gamme de produits","robots":{"index":"index","follow":"follow","max-snippet":"max-snippet:-1","max-image-preview":"max-image-preview:large","max-video-preview":"max-video-preview:-1"},"canonical":"https:\/\/plastimark.com\/fr\/chariots-de-supermarche\/","og_locale":"fr_FR","og_type":"article","og_title":"Chariots de supermarch\u00e9 en plastique | Plastimark","og_description":"Chariots pour les courses en plastique, \u00e9cologiques, pratiques et durables. D\u00e9couvrez notre gamme de produits","og_url":"https:\/\/plastimark.com\/fr\/chariots-de-supermarche\/","og_site_name":"Plastimark","article_publisher":"https:\/\/www.facebook.com\/Plastimark","article_modified_time":"2026-02-18T13:18:29+00:00","og_image":[{"width":2500,"height":484,"url":"https:\/\/plastimark.com\/wp-content\/uploads\/2026\/01\/Shopping-trolley-header.webp","type":"image\/webp"}],"twitter_card":"summary_large_image","twitter_misc":{"Dur\u00e9e de lecture estim\u00e9e":"1 minute"},"schema":{"@context":"https:\/\/schema.org","@graph":[{"@type":"WebPage","@id":"https:\/\/plastimark.com\/fr\/chariots-de-supermarche\/","url":"https:\/\/plastimark.com\/fr\/chariots-de-supermarche\/","name":"Chariots de supermarch\u00e9 en plastique | Plastimark","isPartOf":{"@id":"https:\/\/plastimark.com\/fr\/#website"},"primaryImageOfPage":{"@id":"https:\/\/plastimark.com\/fr\/chariots-de-supermarche\/#primaryimage"},"image":{"@id":"https:\/\/plastimark.com\/fr\/chariots-de-supermarche\/#primaryimage"},"thumbnailUrl":"https:\/\/plastimark.com\/wp-content\/uploads\/2026\/01\/Shopping-trolley-header.webp","datePublished":"2025-11-24T08:43:06+00:00","dateModified":"2026-02-18T13:18:29+00:00","description":"Chariots pour les courses en plastique, \u00e9cologiques, pratiques et durables. D\u00e9couvrez notre gamme de produits","breadcrumb":{"@id":"https:\/\/plastimark.com\/fr\/chariots-de-supermarche\/#breadcrumb"},"inLanguage":"fr-FR","potentialAction":[{"@type":"ReadAction","target":["https:\/\/plastimark.com\/fr\/chariots-de-supermarche\/"]}]},{"@type":"ImageObject","inLanguage":"fr-FR","@id":"https:\/\/plastimark.com\/fr\/chariots-de-supermarche\/#primaryimage","url":"https:\/\/plastimark.com\/wp-content\/uploads\/2026\/01\/Shopping-trolley-header.webp","contentUrl":"https:\/\/plastimark.com\/wp-content\/uploads\/2026\/01\/Shopping-trolley-header.webp","width":2500,"height":484},{"@type":"BreadcrumbList","@id":"https:\/\/plastimark.com\/fr\/chariots-de-supermarche\/#breadcrumb","itemListElement":[{"@type":"ListItem","position":1,"name":"Home","item":"https:\/\/plastimark.com\/fr\/"},{"@type":"ListItem","position":2,"name":"Chariots de supermarch\u00e9"}]},{"@type":"WebSite","@id":"https:\/\/plastimark.com\/fr\/#website","url":"https:\/\/plastimark.com\/fr\/","name":"Plastimark","description":"Carrelli e cestini per la spesa in plastica","publisher":{"@id":"https:\/\/plastimark.com\/fr\/#organization"},"potentialAction":[{"@type":"SearchAction","target":{"@type":"EntryPoint","urlTemplate":"https:\/\/plastimark.com\/fr\/?s={search_term_string}"},"query-input":{"@type":"PropertyValueSpecification","valueRequired":true,"valueName":"search_term_string"}}],"inLanguage":"fr-FR"},{"@type":"Organization","@id":"https:\/\/plastimark.com\/fr\/#organization","name":"Plastimark","url":"https:\/\/plastimark.com\/fr\/","logo":{"@type":"ImageObject","inLanguage":"fr-FR","@id":"https:\/\/plastimark.com\/fr\/#\/schema\/logo\/image\/","url":"https:\/\/plastimark.com\/wp-content\/uploads\/2025\/11\/logo-plastimark.svg","contentUrl":"https:\/\/plastimark.com\/wp-content\/uploads\/2025\/11\/logo-plastimark.svg","width":313,"height":81,"caption":"Plastimark"},"image":{"@id":"https:\/\/plastimark.com\/fr\/#\/schema\/logo\/image\/"},"sameAs":["https:\/\/www.facebook.com\/Plastimark","https:\/\/www.linkedin.com\/company\/plastimark-spa\/","https:\/\/www.instagram.com\/plastimark\/","https:\/\/www.youtube.com\/@plastimark"]}]}},"_links":{"self":[{"href":"https:\/\/plastimark.com\/fr\/wp-json\/wp\/v2\/pages\/255064","targetHints":{"allow":["GET"]}}],"collection":[{"href":"https:\/\/plastimark.com\/fr\/wp-json\/wp\/v2\/pages"}],"about":[{"href":"https:\/\/plastimark.com\/fr\/wp-json\/wp\/v2\/types\/page"}],"author":[{"embeddable":true,"href":"https:\/\/plastimark.com\/fr\/wp-json\/wp\/v2\/users\/1"}],"replies":[{"embeddable":true,"href":"https:\/\/plastimark.com\/fr\/wp-json\/wp\/v2\/comments?post=255064"}],"version-history":[{"count":10,"href":"https:\/\/plastimark.com\/fr\/wp-json\/wp\/v2\/pages\/255064\/revisions"}],"predecessor-version":[{"id":263379,"href":"https:\/\/plastimark.com\/fr\/wp-json\/wp\/v2\/pages\/255064\/revisions\/263379"}],"wp:featuredmedia":[{"embeddable":true,"href":"https:\/\/plastimark.com\/fr\/wp-json\/wp\/v2\/media\/257839"}],"wp:attachment":[{"href":"https:\/\/plastimark.com\/fr\/wp-json\/wp\/v2\/media?parent=255064"}],"curies":[{"name":"wp","href":"https:\/\/api.w.org\/{rel}","templated":true}]}}