{"id":255056,"date":"2025-11-24T09:40:53","date_gmt":"2025-11-24T08:40:53","guid":{"rendered":"https:\/\/plastimark-new.inode.it\/palettes\/"},"modified":"2026-02-18T14:26:35","modified_gmt":"2026-02-18T13:26:35","slug":"palettes","status":"publish","type":"page","link":"https:\/\/plastimark.com\/fr\/palettes\/","title":{"rendered":"Palettes"},"content":{"rendered":"\n<div class=\"gb-element-2443cfc9\">\n<h2 class=\"gb-text gb-text-df602360\">Palettes<\/h2>\n<\/div>\n\n\n\n<div class=\"gb-element-073fca7c\">\n<div class=\"gb-element-137e71fe\">\n<div class=\"gb-element-85c927f0\">\n<a class=\"gb-element-4ddb3de6\" href=\"https:\/\/plastimark.com\/fr\/produit\/pallet-cargo\/\"><\/a>\n\n\n\n<h3 class=\"gb-text gb-text-77bb4c8f\"><a href=\"https:\/\/plastimark.com\/fr\/produit\/pallet-cargo\/\"><strong>Pallet Cargo<\/strong><\/a><\/h3>\n\n\n\n<a class=\"gb-text gb-text-21b7a37d\" href=\"https:\/\/plastimark.com\/fr\/produit\/pallet-cargo\/\">D\u00c9couvrir<\/a>\n<\/div>\n\n\n\n<div class=\"gb-element-0d95d2ab\">\n<a class=\"gb-element-45f0fec3\" href=\"https:\/\/plastimark.com\/fr\/produit\/pallet-cargo\/\"><\/a>\n\n\n\n<h3 class=\"gb-text gb-text-da0e3007\"><a href=\"https:\/\/plastimark.com\/fr\/produit\/pallet-light\/\"><strong>Pallet Light<\/strong><\/a><\/h3>\n\n\n\n<a class=\"gb-text gb-text-39ff7c93\" href=\"https:\/\/plastimark.com\/fr\/produit\/pallet-light\/\">D\u00c9couvrir<\/a>\n<\/div>\n<\/div>\n<\/div>\n\n\n\n<p><\/p>\n","protected":false},"excerpt":{"rendered":"<p>Palettes Pallet Cargo D\u00c9couvrir Pallet Light D\u00c9couvrir<\/p>\n","protected":false},"author":1,"featured_media":262588,"parent":0,"menu_order":0,"comment_status":"closed","ping_status":"closed","template":"","meta":{"_acf_changed":false,"footnotes":""},"class_list":["post-255056","page","type-page","status-publish","has-post-thumbnail"],"acf":[],"yoast_head":"<!-- This site is optimized with the Yoast SEO plugin v27.2 - https:\/\/yoast.com\/product\/yoast-seo-wordpress\/ -->\n<title>Palettes en plastique - Robustes, hygi\u00e9niques et \u00e9cologiques<\/title>\n<meta name=\"description\" content=\"Les palettes en plastique sont une alternative beaucoup plus robuste, hygi\u00e9nique et \u00e9cologique \u00e0 la palette classique. D\u00e9couvrez notre gamme de produits\" \/>\n<meta name=\"robots\" content=\"index, follow, max-snippet:-1, max-image-preview:large, max-video-preview:-1\" \/>\n<link rel=\"canonical\" href=\"https:\/\/plastimark.com\/fr\/palettes\/\" \/>\n<meta property=\"og:locale\" content=\"fr_FR\" \/>\n<meta property=\"og:type\" content=\"article\" \/>\n<meta property=\"og:title\" content=\"Palettes en plastique - Robustes, hygi\u00e9niques et \u00e9cologiques\" \/>\n<meta property=\"og:description\" content=\"Les palettes en plastique sont une alternative beaucoup plus robuste, hygi\u00e9nique et \u00e9cologique \u00e0 la palette classique. D\u00e9couvrez notre gamme de produits\" \/>\n<meta property=\"og:url\" content=\"https:\/\/plastimark.com\/fr\/palettes\/\" \/>\n<meta property=\"og:site_name\" content=\"Plastimark\" \/>\n<meta property=\"article:publisher\" content=\"https:\/\/www.facebook.com\/Plastimark\" \/>\n<meta property=\"article:modified_time\" content=\"2026-02-18T13:26:35+00:00\" \/>\n<meta property=\"og:image\" content=\"https:\/\/plastimark.com\/wp-content\/uploads\/2026\/02\/Pallet-Expo-header.webp\" \/>\n\t<meta property=\"og:image:width\" content=\"2500\" \/>\n\t<meta property=\"og:image:height\" content=\"484\" \/>\n\t<meta property=\"og:image:type\" content=\"image\/webp\" \/>\n<meta name=\"twitter:card\" content=\"summary_large_image\" \/>\n<meta name=\"twitter:label1\" content=\"Dur\u00e9e de lecture estim\u00e9e\" \/>\n\t<meta name=\"twitter:data1\" content=\"1 minute\" \/>\n<script type=\"application\/ld+json\" class=\"yoast-schema-graph\">{\"@context\":\"https:\/\/schema.org\",\"@graph\":[{\"@type\":\"WebPage\",\"@id\":\"https:\/\/plastimark.com\/fr\/palettes\/\",\"url\":\"https:\/\/plastimark.com\/fr\/palettes\/\",\"name\":\"Palettes en plastique - Robustes, hygi\u00e9niques et \u00e9cologiques\",\"isPartOf\":{\"@id\":\"https:\/\/plastimark.com\/fr\/#website\"},\"primaryImageOfPage\":{\"@id\":\"https:\/\/plastimark.com\/fr\/palettes\/#primaryimage\"},\"image\":{\"@id\":\"https:\/\/plastimark.com\/fr\/palettes\/#primaryimage\"},\"thumbnailUrl\":\"https:\/\/plastimark.com\/wp-content\/uploads\/2026\/02\/Pallet-Expo-header.webp\",\"datePublished\":\"2025-11-24T08:40:53+00:00\",\"dateModified\":\"2026-02-18T13:26:35+00:00\",\"description\":\"Les palettes en plastique sont une alternative beaucoup plus robuste, hygi\u00e9nique et \u00e9cologique \u00e0 la palette classique. D\u00e9couvrez notre gamme de produits\",\"breadcrumb\":{\"@id\":\"https:\/\/plastimark.com\/fr\/palettes\/#breadcrumb\"},\"inLanguage\":\"fr-FR\",\"potentialAction\":[{\"@type\":\"ReadAction\",\"target\":[\"https:\/\/plastimark.com\/fr\/palettes\/\"]}]},{\"@type\":\"ImageObject\",\"inLanguage\":\"fr-FR\",\"@id\":\"https:\/\/plastimark.com\/fr\/palettes\/#primaryimage\",\"url\":\"https:\/\/plastimark.com\/wp-content\/uploads\/2026\/02\/Pallet-Expo-header.webp\",\"contentUrl\":\"https:\/\/plastimark.com\/wp-content\/uploads\/2026\/02\/Pallet-Expo-header.webp\",\"width\":2500,\"height\":484},{\"@type\":\"BreadcrumbList\",\"@id\":\"https:\/\/plastimark.com\/fr\/palettes\/#breadcrumb\",\"itemListElement\":[{\"@type\":\"ListItem\",\"position\":1,\"name\":\"Home\",\"item\":\"https:\/\/plastimark.com\/fr\/\"},{\"@type\":\"ListItem\",\"position\":2,\"name\":\"Palettes\"}]},{\"@type\":\"WebSite\",\"@id\":\"https:\/\/plastimark.com\/fr\/#website\",\"url\":\"https:\/\/plastimark.com\/fr\/\",\"name\":\"Plastimark\",\"description\":\"Carrelli e cestini per la spesa in plastica\",\"publisher\":{\"@id\":\"https:\/\/plastimark.com\/fr\/#organization\"},\"potentialAction\":[{\"@type\":\"SearchAction\",\"target\":{\"@type\":\"EntryPoint\",\"urlTemplate\":\"https:\/\/plastimark.com\/fr\/?s={search_term_string}\"},\"query-input\":{\"@type\":\"PropertyValueSpecification\",\"valueRequired\":true,\"valueName\":\"search_term_string\"}}],\"inLanguage\":\"fr-FR\"},{\"@type\":\"Organization\",\"@id\":\"https:\/\/plastimark.com\/fr\/#organization\",\"name\":\"Plastimark\",\"url\":\"https:\/\/plastimark.com\/fr\/\",\"logo\":{\"@type\":\"ImageObject\",\"inLanguage\":\"fr-FR\",\"@id\":\"https:\/\/plastimark.com\/fr\/#\/schema\/logo\/image\/\",\"url\":\"https:\/\/plastimark.com\/wp-content\/uploads\/2025\/11\/logo-plastimark.svg\",\"contentUrl\":\"https:\/\/plastimark.com\/wp-content\/uploads\/2025\/11\/logo-plastimark.svg\",\"width\":313,\"height\":81,\"caption\":\"Plastimark\"},\"image\":{\"@id\":\"https:\/\/plastimark.com\/fr\/#\/schema\/logo\/image\/\"},\"sameAs\":[\"https:\/\/www.facebook.com\/Plastimark\",\"https:\/\/www.linkedin.com\/company\/plastimark-spa\/\",\"https:\/\/www.instagram.com\/plastimark\/\",\"https:\/\/www.youtube.com\/@plastimark\"]}]}<\/script>\n<!-- \/ Yoast SEO plugin. -->","yoast_head_json":{"title":"Palettes en plastique - Robustes, hygi\u00e9niques et \u00e9cologiques","description":"Les palettes en plastique sont une alternative beaucoup plus robuste, hygi\u00e9nique et \u00e9cologique \u00e0 la palette classique. D\u00e9couvrez notre gamme de produits","robots":{"index":"index","follow":"follow","max-snippet":"max-snippet:-1","max-image-preview":"max-image-preview:large","max-video-preview":"max-video-preview:-1"},"canonical":"https:\/\/plastimark.com\/fr\/palettes\/","og_locale":"fr_FR","og_type":"article","og_title":"Palettes en plastique - Robustes, hygi\u00e9niques et \u00e9cologiques","og_description":"Les palettes en plastique sont une alternative beaucoup plus robuste, hygi\u00e9nique et \u00e9cologique \u00e0 la palette classique. D\u00e9couvrez notre gamme de produits","og_url":"https:\/\/plastimark.com\/fr\/palettes\/","og_site_name":"Plastimark","article_publisher":"https:\/\/www.facebook.com\/Plastimark","article_modified_time":"2026-02-18T13:26:35+00:00","og_image":[{"width":2500,"height":484,"url":"https:\/\/plastimark.com\/wp-content\/uploads\/2026\/02\/Pallet-Expo-header.webp","type":"image\/webp"}],"twitter_card":"summary_large_image","twitter_misc":{"Dur\u00e9e de lecture estim\u00e9e":"1 minute"},"schema":{"@context":"https:\/\/schema.org","@graph":[{"@type":"WebPage","@id":"https:\/\/plastimark.com\/fr\/palettes\/","url":"https:\/\/plastimark.com\/fr\/palettes\/","name":"Palettes en plastique - Robustes, hygi\u00e9niques et \u00e9cologiques","isPartOf":{"@id":"https:\/\/plastimark.com\/fr\/#website"},"primaryImageOfPage":{"@id":"https:\/\/plastimark.com\/fr\/palettes\/#primaryimage"},"image":{"@id":"https:\/\/plastimark.com\/fr\/palettes\/#primaryimage"},"thumbnailUrl":"https:\/\/plastimark.com\/wp-content\/uploads\/2026\/02\/Pallet-Expo-header.webp","datePublished":"2025-11-24T08:40:53+00:00","dateModified":"2026-02-18T13:26:35+00:00","description":"Les palettes en plastique sont une alternative beaucoup plus robuste, hygi\u00e9nique et \u00e9cologique \u00e0 la palette classique. D\u00e9couvrez notre gamme de produits","breadcrumb":{"@id":"https:\/\/plastimark.com\/fr\/palettes\/#breadcrumb"},"inLanguage":"fr-FR","potentialAction":[{"@type":"ReadAction","target":["https:\/\/plastimark.com\/fr\/palettes\/"]}]},{"@type":"ImageObject","inLanguage":"fr-FR","@id":"https:\/\/plastimark.com\/fr\/palettes\/#primaryimage","url":"https:\/\/plastimark.com\/wp-content\/uploads\/2026\/02\/Pallet-Expo-header.webp","contentUrl":"https:\/\/plastimark.com\/wp-content\/uploads\/2026\/02\/Pallet-Expo-header.webp","width":2500,"height":484},{"@type":"BreadcrumbList","@id":"https:\/\/plastimark.com\/fr\/palettes\/#breadcrumb","itemListElement":[{"@type":"ListItem","position":1,"name":"Home","item":"https:\/\/plastimark.com\/fr\/"},{"@type":"ListItem","position":2,"name":"Palettes"}]},{"@type":"WebSite","@id":"https:\/\/plastimark.com\/fr\/#website","url":"https:\/\/plastimark.com\/fr\/","name":"Plastimark","description":"Carrelli e cestini per la spesa in plastica","publisher":{"@id":"https:\/\/plastimark.com\/fr\/#organization"},"potentialAction":[{"@type":"SearchAction","target":{"@type":"EntryPoint","urlTemplate":"https:\/\/plastimark.com\/fr\/?s={search_term_string}"},"query-input":{"@type":"PropertyValueSpecification","valueRequired":true,"valueName":"search_term_string"}}],"inLanguage":"fr-FR"},{"@type":"Organization","@id":"https:\/\/plastimark.com\/fr\/#organization","name":"Plastimark","url":"https:\/\/plastimark.com\/fr\/","logo":{"@type":"ImageObject","inLanguage":"fr-FR","@id":"https:\/\/plastimark.com\/fr\/#\/schema\/logo\/image\/","url":"https:\/\/plastimark.com\/wp-content\/uploads\/2025\/11\/logo-plastimark.svg","contentUrl":"https:\/\/plastimark.com\/wp-content\/uploads\/2025\/11\/logo-plastimark.svg","width":313,"height":81,"caption":"Plastimark"},"image":{"@id":"https:\/\/plastimark.com\/fr\/#\/schema\/logo\/image\/"},"sameAs":["https:\/\/www.facebook.com\/Plastimark","https:\/\/www.linkedin.com\/company\/plastimark-spa\/","https:\/\/www.instagram.com\/plastimark\/","https:\/\/www.youtube.com\/@plastimark"]}]}},"_links":{"self":[{"href":"https:\/\/plastimark.com\/fr\/wp-json\/wp\/v2\/pages\/255056","targetHints":{"allow":["GET"]}}],"collection":[{"href":"https:\/\/plastimark.com\/fr\/wp-json\/wp\/v2\/pages"}],"about":[{"href":"https:\/\/plastimark.com\/fr\/wp-json\/wp\/v2\/types\/page"}],"author":[{"embeddable":true,"href":"https:\/\/plastimark.com\/fr\/wp-json\/wp\/v2\/users\/1"}],"replies":[{"embeddable":true,"href":"https:\/\/plastimark.com\/fr\/wp-json\/wp\/v2\/comments?post=255056"}],"version-history":[{"count":18,"href":"https:\/\/plastimark.com\/fr\/wp-json\/wp\/v2\/pages\/255056\/revisions"}],"predecessor-version":[{"id":263381,"href":"https:\/\/plastimark.com\/fr\/wp-json\/wp\/v2\/pages\/255056\/revisions\/263381"}],"wp:featuredmedia":[{"embeddable":true,"href":"https:\/\/plastimark.com\/fr\/wp-json\/wp\/v2\/media\/262588"}],"wp:attachment":[{"href":"https:\/\/plastimark.com\/fr\/wp-json\/wp\/v2\/media?parent=255056"}],"curies":[{"name":"wp","href":"https:\/\/api.w.org\/{rel}","templated":true}]}}