{"id":255053,"date":"2025-11-23T19:53:58","date_gmt":"2025-11-23T18:53:58","guid":{"rendered":"https:\/\/plastimark-new.inode.it\/black-compound\/"},"modified":"2026-03-16T15:52:18","modified_gmt":"2026-03-16T14:52:18","slug":"black-compound","status":"publish","type":"page","link":"https:\/\/plastimark.com\/fr\/black-compound\/","title":{"rendered":"Black compound"},"content":{"rendered":"\n<div class=\"gb-element-e94d6ce3\">\n<h2 class=\"gb-text gb-text-3dbf9977\">Plastimark\u00ae Black<\/h2>\n\n\n\n<h4 class=\"gb-text gb-text-9d7e4dac\"><em>Pas seulement noir : la couleur de la durabilit\u00e9<\/em><\/h4>\n\n\n\n<div class=\"gb-element-56d8b37a\">\n<p class=\"gb-text gb-text-c2eb7525\">La ligne Plastimark\u00ae Black repr\u00e9sente une combinaison parfaite de durabilit\u00e9 et de performance. Les chariots, paniers et palettes sont fabriqu\u00e9s \u00e0 partir de plastique recycl\u00e9, r\u00e9duisant consid\u00e9rablement l&rsquo;impact environnemental sans compromettre la qualit\u00e9, la r\u00e9sistance ou la fonctionnalit\u00e9 du produit.<\/p>\n\n\n\n<p class=\"gb-text gb-text-9caa6e43\">Utiliser du plastique recycl\u00e9, c\u2019est donner une nouvelle vie \u00e0 un mat\u00e9riau d\u00e9j\u00e0 existant, \u00e9viter sa dispersion dans l\u2019environnement et contribuer activement \u00e0 la r\u00e9duction des d\u00e9chets. Une approche circulaire qui valorise les ressources et r\u00e9duit la d\u00e9pendance aux mati\u00e8res premi\u00e8res vierges.<\/p>\n\n\n\n<p class=\"gb-text gb-text-8906982e\">L&rsquo;avantage est double : d&rsquo;une part, on obtient un produit hautement fonctionnel et durable ; d&rsquo;autre part, on fait un choix \u00e9thique conscient, capable de surpasser m\u00eame les alternatives traditionnellement consid\u00e9r\u00e9es comme \u00ab vertes \u00bb en termes de durabilit\u00e9.<\/p>\n\n\n\n<p class=\"gb-text gb-text-65516217\">Avec Plastimark\u00ae Black, la durabilit\u00e9 n\u2019est pas seulement une valeur ajout\u00e9e, mais une caract\u00e9ristique structurelle du produit lui-m\u00eame.<\/p>\n<\/div>\n<\/div>\n\n\n\n<div class=\"gb-element-a7f6558c\" id=\"vision-mission\">\n<div class=\"gb-element-a8a3b17d\">\n<div class=\"gb-element-ac40824a\">\n<img loading=\"lazy\" decoding=\"async\" width=\"232\" height=\"151\" class=\"gb-media-5b563fcb no-lightbox\" alt=\"\" title=\"euterra-compound\" src=\"https:\/\/plastimark.com\/wp-content\/uploads\/2025\/11\/black-compound.svg\"\/>\n<\/div>\n\n\n\n<div class=\"gb-element-0633ecf6\">\n<h3 class=\"gb-text\">Plastimark\u00ae Black peut:<\/h3>\n\n\n\n<div class=\"gb-element-3379ac53\">\n<p class=\"gb-text-ca7643aa\"><span class=\"gb-shape\"><svg aria-hidden=\"true\" role=\"img\" height=\"1em\" width=\"1em\" viewBox=\"0 0 512 512\" xmlns=\"http:\/\/www.w3.org\/2000\/svg\"><path fill=\"currentColor\" d=\"M173.898 439.404l-166.4-166.4c-9.997-9.997-9.997-26.206 0-36.204l36.203-36.204c9.997-9.998 26.207-9.998 36.204 0L192 312.69 432.095 72.596c9.997-9.997 26.207-9.997 36.204 0l36.203 36.204c9.997 9.997 9.997 26.206 0 36.204l-294.4 294.401c-9.998 9.997-26.207 9.997-36.204-.001z\"><\/path><\/svg><\/span><span class=\"gb-text\">Donner une nouvelle vie \u00e0 un produit en fin de cycle<\/span><\/p>\n\n\n\n<p class=\"gb-text-aefd8df2\"><span class=\"gb-shape\"><svg aria-hidden=\"true\" role=\"img\" height=\"1em\" width=\"1em\" viewBox=\"0 0 512 512\" xmlns=\"http:\/\/www.w3.org\/2000\/svg\"><path fill=\"currentColor\" d=\"M173.898 439.404l-166.4-166.4c-9.997-9.997-9.997-26.206 0-36.204l36.203-36.204c9.997-9.998 26.207-9.998 36.204 0L192 312.69 432.095 72.596c9.997-9.997 26.207-9.997 36.204 0l36.203 36.204c9.997 9.997 9.997 26.206 0 36.204l-294.4 294.401c-9.998 9.997-26.207 9.997-36.204-.001z\"><\/path><\/svg><\/span><span class=\"gb-text\">Raconter une histoire authentique de durabilit\u00e9<\/span><\/p>\n\n\n\n<p class=\"gb-text-c7b62564\"><span class=\"gb-shape\"><svg aria-hidden=\"true\" role=\"img\" height=\"1em\" width=\"1em\" viewBox=\"0 0 512 512\" xmlns=\"http:\/\/www.w3.org\/2000\/svg\"><path fill=\"currentColor\" d=\"M173.898 439.404l-166.4-166.4c-9.997-9.997-9.997-26.206 0-36.204l36.203-36.204c9.997-9.998 26.207-9.998 36.204 0L192 312.69 432.095 72.596c9.997-9.997 26.207-9.997 36.204 0l36.203 36.204c9.997 9.997 9.997 26.206 0 36.204l-294.4 294.401c-9.998 9.997-26.207 9.997-36.204-.001z\"><\/path><\/svg><\/span><span class=\"gb-text\">Offrir une solution concr\u00e8te et \u00e9cologique<\/span><\/p>\n\n\n\n<p class=\"gb-text-9190fa3d\"><span class=\"gb-shape\"><svg aria-hidden=\"true\" role=\"img\" height=\"1em\" width=\"1em\" viewBox=\"0 0 512 512\" xmlns=\"http:\/\/www.w3.org\/2000\/svg\"><path fill=\"currentColor\" d=\"M173.898 439.404l-166.4-166.4c-9.997-9.997-9.997-26.206 0-36.204l36.203-36.204c9.997-9.998 26.207-9.998 36.204 0L192 312.69 432.095 72.596c9.997-9.997 26.207-9.997 36.204 0l36.203 36.204c9.997 9.997 9.997 26.206 0 36.204l-294.4 294.401c-9.998 9.997-26.207 9.997-36.204-.001z\"><\/path><\/svg><\/span><span class=\"gb-text\">R\u00e9duire l&rsquo;utilisation de mati\u00e8res premi\u00e8res vierges<\/span><\/p>\n\n\n\n<p class=\"gb-text-5101493f\"><span class=\"gb-shape\"><svg aria-hidden=\"true\" role=\"img\" height=\"1em\" width=\"1em\" viewBox=\"0 0 512 512\" xmlns=\"http:\/\/www.w3.org\/2000\/svg\"><path fill=\"currentColor\" d=\"M173.898 439.404l-166.4-166.4c-9.997-9.997-9.997-26.206 0-36.204l36.203-36.204c9.997-9.998 26.207-9.998 36.204 0L192 312.69 432.095 72.596c9.997-9.997 26.207-9.997 36.204 0l36.203 36.204c9.997 9.997 9.997 26.206 0 36.204l-294.4 294.401c-9.998 9.997-26.207 9.997-36.204-.001z\"><\/path><\/svg><\/span><span class=\"gb-text\">Transformer chaque achat en un choix conscient<\/span><\/p>\n<\/div>\n<\/div>\n<\/div>\n<\/div>\n\n\n\n<div class=\"gb-element-12f33573\">\n<div class=\"gb-element-932f477a\">\n<h3 class=\"gb-text gb-text-03e892f8\">Pourquoi BLACK?<\/h3>\n\n\n\n<p class=\"gb-text gb-text-08d342fd\">Le plastique est une ressource polyvalente et pr\u00e9cieuse, dont la valeur ne peut \u00eatre pleinement r\u00e9alis\u00e9e que par une utilisation consciente et responsable. Pour \u00eatre durable, chaque mat\u00e9riau que nous utilisons doit \u00eatre g\u00e9r\u00e9 dans le respect de l\u2019environnement et des g\u00e9n\u00e9rations futures, en suivant une approche qui maximise la r\u00e9utilisation et r\u00e9duit les d\u00e9chets.<\/p>\n\n\n\n<p class=\"gb-text gb-text-3b254765\">Dans cette optique, Plastimark\u00ae a d\u00e9fini une ligne directrice \u00e9thique claire et concr\u00e8te gr\u00e2ce \u00e0 l\u2019utilisation du Black compound : utiliser des mat\u00e9riaux issus de d\u00e9chets post-industriels et promouvoir une culture d\u2019\u00e9conomie circulaire o\u00f9 le cycle de vie de chaque produit s\u2019\u00e9tend bien au-del\u00e0 de son utilisation initiale.<\/p>\n\n\n\n<p class=\"gb-text gb-text-80fea744\">Gr\u00e2ce \u00e0 cet engagement, de la valeur est cr\u00e9\u00e9e non seulement pour l\u2019entreprise et les clients, mais surtout pour la plan\u00e8te, assurant un avenir plus durable et responsable.<\/p>\n<\/div>\n<\/div>\n\n\n\n<div class=\"gb-element-f0deaf1a\">\n<div class=\"gb-element-dd0e6c36\">\n<div class=\"gb-element-56fb5eaf\">\n<h2 class=\"gb-text gb-text-f0b36632\">Black-Compound<\/h2>\n\n\n\n<a class=\"gb-text gb-text-841b274e\" href=\"https:\/\/plastimark.com\/wp-content\/uploads\/BLACK-Compound-FR.pdf\" target=\"_blank\" rel=\"noopener\">T\u00c9L\u00c9CHARGER LE D\u00c9PLIANT<\/a>\n<\/div>\n<\/div>\n<\/div>\n\n\n\n\n\n<div class=\"gb-element-0a5594b6\">\n<h2 class=\"gb-text gb-text-0fab68ff\">Gamme de produits disponibles<\/h2>\n\n\n\n<p class=\"gb-text gb-text-a6dddbbe\">Dans la gamme de paniers, Plastimark\u00ae Black est disponible pour le corps de:<\/p>\n<\/div>\n\n\n\n<div class=\"gb-element-e9b7a2c2\">\n<div class=\"gb-element-226b5091 splide card-carousel\" aria-label=\"Carosello dei prodotti\">\n<div class=\"splide__track\">\n<div class=\"splide__list\">\n<div class=\"gb-element-f1be149f splide__slide\">\n<a class=\"gb-element-420d3f2c\" href=\"https:\/\/plastimark.com\/fr\/produit\/minityko\/\"><\/a>\n\n\n\n<h3 class=\"gb-text gb-text-b9910674\"><a href=\"https:\/\/plastimark.com\/fr\/produit\/minityko\/\"><strong>MiniTyko<\/strong> 22 L<\/a><\/h3>\n\n\n\n<a class=\"gb-text gb-text-6fd55dfb\" href=\"https:\/\/plastimark.com\/fr\/produit\/minityko\/\">D\u00c9COUVRIR<\/a>\n<\/div>\n\n\n\n<div class=\"gb-element-9b4c58e1 splide__slide\">\n<a class=\"gb-element-cb2e41aa\" href=\"https:\/\/plastimark.com\/fr\/produit\/onda\/\"><\/a>\n\n\n\n<h3 class=\"gb-text gb-text-797159e5\"><a href=\"https:\/\/plastimark.com\/fr\/produit\/onda\/\"><strong>Onda<\/strong> 28 L<\/a><\/h3>\n\n\n\n<a class=\"gb-text gb-text-900e2731\" href=\"https:\/\/plastimark.com\/fr\/produit\/onda\/\">D\u00c9COUVRIR<\/a>\n<\/div>\n\n\n\n<div class=\"gb-element-37f66207 splide__slide\">\n<a class=\"gb-element-7f4da747\" href=\"https:\/\/plastimark.com\/fr\/produit\/tyko\/\"><\/a>\n\n\n\n<h3 class=\"gb-text gb-text-40d8fbbf\"><a href=\"https:\/\/plastimark.com\/fr\/produit\/tyko\/\"><strong>Tyko<\/strong> 33 L<\/a><\/h3>\n\n\n\n<a class=\"gb-text gb-text-65f1a7eb\" href=\"https:\/\/plastimark.com\/fr\/produit\/tyko\/\">D\u00c9COUVRIR<\/a>\n<\/div>\n\n\n\n<div class=\"gb-element-d8b80253 splide__slide\">\n<a class=\"gb-element-5454455e\" href=\"https:\/\/plastimark.com\/fr\/produit\/speesy\/\"><\/a>\n\n\n\n<h3 class=\"gb-text gb-text-554525ba\"><a href=\"https:\/\/plastimark.com\/fr\/produit\/speesy\/\"><strong>Speesy<\/strong> 45 L<\/a><\/h3>\n\n\n\n<a class=\"gb-text gb-text-cce7e8e1\" href=\"https:\/\/plastimark.com\/fr\/produit\/speesy\/\">D\u00c9COUVRIR<\/a>\n<\/div>\n\n\n\n<div class=\"gb-element-0c607d9a splide__slide\">\n<a class=\"gb-element-9da5bc07\" href=\"https:\/\/plastimark.com\/fr\/produit\/slimmer\/\"><\/a>\n\n\n\n<h3 class=\"gb-text gb-text-ae3250d6\"><a href=\"https:\/\/plastimark.com\/fr\/produit\/slimmer\/\"><strong>Slimmer<\/strong> 60 L<\/a><\/h3>\n\n\n\n<a class=\"gb-text gb-text-eaac5d3b\" href=\"https:\/\/plastimark.com\/fr\/produit\/slimmer\/\">D\u00c9COUVRIR<\/a>\n<\/div>\n\n\n\n<div class=\"gb-element-c141e7c7 splide__slide\">\n<a class=\"gb-element-c40f263f\" href=\"https:\/\/plastimark.com\/fr\/produit\/maxityko\/\"><\/a>\n\n\n\n<h3 class=\"gb-text gb-text-42a8b744\"><a href=\"https:\/\/plastimark.com\/fr\/produit\/maxityko\/\"><strong>MaxiTyko<\/strong> 66 L<\/a><\/h3>\n\n\n\n<a class=\"gb-text gb-text-5741e9d2\" href=\"https:\/\/plastimark.com\/fr\/produit\/maxityko\/\">D\u00c9COUVRIR<\/a>\n<\/div>\n<\/div>\n<\/div>\n<\/div>\n<\/div>\n\n\n\n<div class=\"gb-element-c6299e55\">\n<p class=\"gb-text gb-text-7d9f077e\">Dans la gamme de chariots Full-Plastic, Plastimark\u00ae Black est disponible pour:<\/p>\n<\/div>\n\n\n\n<div class=\"gb-element-29a8534b\">\n<div class=\"gb-element-49e9b919 splide card-carousel\" aria-label=\"Carosello dei prodotti\">\n<div class=\"splide__track\">\n<div class=\"splide__list\">\n<div class=\"gb-element-baef83be splide__slide\">\n<a class=\"gb-element-b9d6c08f\" href=\"https:\/\/plastimark.com\/fr\/produit\/pleasy\/\"><\/a>\n\n\n\n<h3 class=\"gb-text gb-text-310a0944\"><a href=\"https:\/\/plastimark.com\/fr\/produit\/pleasy\/\"><strong>Pleasy<\/strong> 100 L<\/a><\/h3>\n\n\n\n<a class=\"gb-text gb-text-5aa65a3c\" href=\"https:\/\/plastimark.com\/fr\/produit\/pleasy\/\">D\u00c9COUVRIR<\/a>\n<\/div>\n\n\n\n<div class=\"gb-element-b0668e07 splide__slide\">\n<a class=\"gb-element-f524efa6\" href=\"https:\/\/plastimark.com\/fr\/produit\/roomy\/\"><\/a>\n\n\n\n<h3 class=\"gb-text gb-text-ffd610dc\"><a href=\"https:\/\/plastimark.com\/fr\/produit\/roomy\/\"><strong>Roomy<\/strong> 160 L<\/a><\/h3>\n\n\n\n<a class=\"gb-text gb-text-7c3c1b9a\" href=\"https:\/\/plastimark.com\/fr\/produit\/roomy\/\">D\u00c9COUVRIR<\/a>\n<\/div>\n\n\n\n<div class=\"gb-element-72724e05 splide__slide\">\n<a class=\"gb-element-bf7a75ad\" href=\"https:\/\/plastimark.com\/fr\/produit\/keita\/\"><\/a>\n\n\n\n<h3 class=\"gb-text gb-text-e9f2ce2d\"><a href=\"https:\/\/plastimark.com\/fr\/produit\/keita\/\"><strong>Keita<\/strong> 90 L<\/a><\/h3>\n\n\n\n<a class=\"gb-text gb-text-43b1418e\" href=\"https:\/\/plastimark.com\/fr\/produit\/keita\/\">D\u00c9COUVRIR<\/a>\n<\/div>\n\n\n\n<div class=\"gb-element-63f9aeab splide__slide\">\n<a class=\"gb-element-b71b4be3\" href=\"https:\/\/plastimark.com\/fr\/produit\/city\/\"><\/a>\n\n\n\n<h3 class=\"gb-text gb-text-6375c20c\"><a href=\"https:\/\/plastimark.com\/fr\/produit\/city\/\"><strong>City<\/strong> 100 L<\/a><\/h3>\n\n\n\n<a class=\"gb-text gb-text-d16561ea\" href=\"https:\/\/plastimark.com\/fr\/produit\/city\/\">D\u00c9COUVRIR<\/a>\n<\/div>\n\n\n\n<div class=\"gb-element-29f67908 splide__slide\">\n<a class=\"gb-element-bb66775a\" href=\"https:\/\/plastimark.com\/fr\/produit\/luma\/\"><\/a>\n\n\n\n<h3 class=\"gb-text gb-text-595a9606\"><a href=\"https:\/\/plastimark.com\/fr\/produit\/luma\/\"><strong>Luma<\/strong> 130 L<\/a><\/h3>\n\n\n\n<a class=\"gb-text gb-text-178ff2b5\" href=\"https:\/\/plastimark.com\/fr\/produit\/luma\/\">D\u00c9COUVRIR<\/a>\n<\/div>\n\n\n\n<div class=\"gb-element-7fec990c splide__slide\">\n<a class=\"gb-element-170dc431\" href=\"https:\/\/plastimark.com\/fr\/produit\/twiga\/\"><\/a>\n\n\n\n<h3 class=\"gb-text gb-text-64ffac96\"><a href=\"https:\/\/plastimark.com\/fr\/produit\/twiga\/\"><strong>Twiga<\/strong> 150 L<\/a><\/h3>\n\n\n\n<a class=\"gb-text gb-text-47cf78a8\" href=\"https:\/\/plastimark.com\/fr\/produit\/twiga\/\">D\u00c9COUVRIR<\/a>\n<\/div>\n\n\n\n<div class=\"gb-element-8767203e splide__slide\">\n<a class=\"gb-element-ce6d0f95\" href=\"https:\/\/plastimark.com\/fr\/produit\/duka\/\"><\/a>\n\n\n\n<h3 class=\"gb-text gb-text-678f7fef\"><a href=\"https:\/\/plastimark.com\/fr\/produit\/duka\/\"><strong>Duka<\/strong> 210 L<\/a><\/h3>\n\n\n\n<a class=\"gb-text gb-text-b0d27e90\" href=\"https:\/\/plastimark.com\/fr\/produit\/duka\/\">D\u00c9COUVRIR<\/a>\n<\/div>\n<\/div>\n<\/div>\n<\/div>\n<\/div>\n\n\n\n<div class=\"gb-element-83a91b7a\">\n<p class=\"gb-text gb-text-23f26f37\">Dans la gamme de chariots Hybrid, Plastimark\u00ae Black est disponible pour les composants en plastique\ndes:<\/p>\n<\/div>\n\n\n\n<div class=\"gb-element-11529b43\">\n<div class=\"gb-element-d2e07078 splide card-carousel\" aria-label=\"Carosello dei prodotti\">\n<div class=\"splide__track\">\n<div class=\"splide__list\">\n<div class=\"gb-element-c865854a splide__slide\">\n<a class=\"gb-element-731b8436\" href=\"https:\/\/plastimark.com\/fr\/produit\/super\/\"><\/a>\n\n\n\n<h3 class=\"gb-text gb-text-b6be66b8\"><a href=\"https:\/\/plastimark.com\/fr\/produit\/super\/\"><strong>Super<\/strong> 180 L<\/a><\/h3>\n\n\n\n<a class=\"gb-text gb-text-71cffba4\" href=\"https:\/\/plastimark.com\/fr\/produit\/super\/\">D\u00c9COUVRIR<\/a>\n<\/div>\n\n\n\n<div class=\"gb-element-4347d8dd splide__slide\">\n<a class=\"gb-element-0f8ce0b3\" href=\"https:\/\/plastimark.com\/fr\/produit\/maxi\/\"><\/a>\n\n\n\n<h3 class=\"gb-text gb-text-74004913\"><a href=\"https:\/\/plastimark.com\/fr\/produit\/maxi\/\"><strong>Maxi<\/strong> 220 L<\/a><\/h3>\n\n\n\n<a class=\"gb-text gb-text-a089e14d\" href=\"https:\/\/plastimark.com\/fr\/produit\/maxi\/\">D\u00c9COUVRIR<\/a>\n<\/div>\n\n\n\n<div class=\"gb-element-0b57b3c1 splide__slide\">\n<a class=\"gb-element-7311e02a\" href=\"https:\/\/plastimark.com\/fr\/produit\/iper\/\"><\/a>\n\n\n\n<h3 class=\"gb-text gb-text-3ca296dd\"><a href=\"https:\/\/plastimark.com\/fr\/produit\/iper\/\"><strong>Iper<\/strong> 240 L<\/a><\/h3>\n\n\n\n<a class=\"gb-text gb-text-5360a56e\" href=\"https:\/\/plastimark.com\/fr\/produit\/iper\/\">D\u00c9COUVRIR<\/a>\n<\/div>\n<\/div>\n<\/div>\n<\/div>\n<\/div>\n\n\n\n<div class=\"gb-element-af23771f\">\n<p class=\"gb-text gb-text-af95b544\">Dans la gamme de Palettes, Plastimark\u00ae Black est disponible pour:<\/p>\n<\/div>\n\n\n\n<div class=\"gb-element-b61d82c2\">\n<div class=\"gb-element-7074b7b7 splide card-carousel\" aria-label=\"Carosello dei prodotti\">\n<div class=\"splide__track\">\n<div class=\"splide__list\">\n<div class=\"gb-element-83722e0b splide__slide\">\n<a class=\"gb-element-2d6d4579\" href=\"https:\/\/plastimark.com\/fr\/produit\/pallet-light\/\"><\/a>\n\n\n\n<h3 class=\"gb-text gb-text-5dee7f3d\"><a href=\"https:\/\/plastimark.com\/fr\/produit\/pallet-light\/\"><strong>Pallet Light<\/strong><\/a><\/h3>\n\n\n\n<a class=\"gb-text gb-text-d59faca9\" href=\"https:\/\/plastimark.com\/fr\/produit\/pallet-light\/\">D\u00c9COUVRIR<\/a>\n<\/div>\n\n\n\n<div class=\"gb-element-3931705d splide__slide\">\n<a class=\"gb-element-6abc8470\" href=\"https:\/\/plastimark.com\/fr\/produit\/pallet-cargo\/\"><\/a>\n\n\n\n<h3 class=\"gb-text gb-text-34dcd3ef\"><a href=\"https:\/\/plastimark.com\/fr\/produit\/pallet-cargo\/\"><strong>Pallet Cargo<\/strong><\/a><\/h3>\n\n\n\n<a class=\"gb-text gb-text-bd198c4c\" href=\"https:\/\/plastimark.com\/fr\/produit\/pallet-cargo\/\">D\u00c9COUVRIR<\/a>\n<\/div>\n<\/div>\n<\/div>\n<\/div>\n<\/div>\n","protected":false},"excerpt":{"rendered":"<p>Plastimark\u00ae Black Pas seulement noir : la couleur de la durabilit\u00e9 La ligne Plastimark\u00ae Black repr\u00e9sente une combinaison parfaite de &#8230; <\/p>\n<p class=\"read-more-container\"><a title=\"Black compound\" class=\"read-more button\" href=\"https:\/\/plastimark.com\/fr\/black-compound\/#more-255053\" aria-label=\"En savoir plus sur Black compound\">Lire plus<\/a><\/p>\n","protected":false},"author":1,"featured_media":256234,"parent":0,"menu_order":0,"comment_status":"closed","ping_status":"closed","template":"","meta":{"_acf_changed":false,"footnotes":""},"class_list":["post-255053","page","type-page","status-publish","has-post-thumbnail"],"acf":[],"yoast_head":"<!-- This site is optimized with the Yoast SEO plugin v27.2 - https:\/\/yoast.com\/product\/yoast-seo-wordpress\/ -->\n<title>Black compound - Plastimark<\/title>\n<meta name=\"robots\" content=\"index, follow, max-snippet:-1, max-image-preview:large, max-video-preview:-1\" \/>\n<link rel=\"canonical\" href=\"https:\/\/plastimark.com\/fr\/black-compound\/\" \/>\n<meta property=\"og:locale\" content=\"fr_FR\" \/>\n<meta property=\"og:type\" content=\"article\" \/>\n<meta property=\"og:title\" content=\"Black compound - Plastimark\" \/>\n<meta property=\"og:description\" content=\"Plastimark\u00ae Black Pas seulement noir : la couleur de la durabilit\u00e9 La ligne Plastimark\u00ae Black repr\u00e9sente une combinaison parfaite de ... Lire plus\" \/>\n<meta property=\"og:url\" content=\"https:\/\/plastimark.com\/fr\/black-compound\/\" \/>\n<meta property=\"og:site_name\" content=\"Plastimark\" \/>\n<meta property=\"article:publisher\" content=\"https:\/\/www.facebook.com\/Plastimark\" \/>\n<meta property=\"article:modified_time\" content=\"2026-03-16T14:52:18+00:00\" \/>\n<meta property=\"og:image\" content=\"https:\/\/plastimark.com\/wp-content\/uploads\/2026\/01\/Black-Compound-Header.webp\" \/>\n\t<meta property=\"og:image:width\" content=\"1910\" \/>\n\t<meta property=\"og:image:height\" content=\"370\" \/>\n\t<meta property=\"og:image:type\" content=\"image\/webp\" \/>\n<meta name=\"twitter:card\" content=\"summary_large_image\" \/>\n<meta name=\"twitter:label1\" content=\"Dur\u00e9e de lecture estim\u00e9e\" \/>\n\t<meta name=\"twitter:data1\" content=\"3 minutes\" \/>\n<script type=\"application\/ld+json\" class=\"yoast-schema-graph\">{\"@context\":\"https:\/\/schema.org\",\"@graph\":[{\"@type\":\"WebPage\",\"@id\":\"https:\/\/plastimark.com\/fr\/black-compound\/\",\"url\":\"https:\/\/plastimark.com\/fr\/black-compound\/\",\"name\":\"Black compound - Plastimark\",\"isPartOf\":{\"@id\":\"https:\/\/plastimark.com\/fr\/#website\"},\"primaryImageOfPage\":{\"@id\":\"https:\/\/plastimark.com\/fr\/black-compound\/#primaryimage\"},\"image\":{\"@id\":\"https:\/\/plastimark.com\/fr\/black-compound\/#primaryimage\"},\"thumbnailUrl\":\"https:\/\/plastimark.com\/wp-content\/uploads\/2026\/01\/Black-Compound-Header.webp\",\"datePublished\":\"2025-11-23T18:53:58+00:00\",\"dateModified\":\"2026-03-16T14:52:18+00:00\",\"breadcrumb\":{\"@id\":\"https:\/\/plastimark.com\/fr\/black-compound\/#breadcrumb\"},\"inLanguage\":\"fr-FR\",\"potentialAction\":[{\"@type\":\"ReadAction\",\"target\":[\"https:\/\/plastimark.com\/fr\/black-compound\/\"]}]},{\"@type\":\"ImageObject\",\"inLanguage\":\"fr-FR\",\"@id\":\"https:\/\/plastimark.com\/fr\/black-compound\/#primaryimage\",\"url\":\"https:\/\/plastimark.com\/wp-content\/uploads\/2026\/01\/Black-Compound-Header.webp\",\"contentUrl\":\"https:\/\/plastimark.com\/wp-content\/uploads\/2026\/01\/Black-Compound-Header.webp\",\"width\":1910,\"height\":370},{\"@type\":\"BreadcrumbList\",\"@id\":\"https:\/\/plastimark.com\/fr\/black-compound\/#breadcrumb\",\"itemListElement\":[{\"@type\":\"ListItem\",\"position\":1,\"name\":\"Home\",\"item\":\"https:\/\/plastimark.com\/fr\/\"},{\"@type\":\"ListItem\",\"position\":2,\"name\":\"Black compound\"}]},{\"@type\":\"WebSite\",\"@id\":\"https:\/\/plastimark.com\/fr\/#website\",\"url\":\"https:\/\/plastimark.com\/fr\/\",\"name\":\"Plastimark\",\"description\":\"Carrelli e cestini per la spesa in plastica\",\"publisher\":{\"@id\":\"https:\/\/plastimark.com\/fr\/#organization\"},\"potentialAction\":[{\"@type\":\"SearchAction\",\"target\":{\"@type\":\"EntryPoint\",\"urlTemplate\":\"https:\/\/plastimark.com\/fr\/?s={search_term_string}\"},\"query-input\":{\"@type\":\"PropertyValueSpecification\",\"valueRequired\":true,\"valueName\":\"search_term_string\"}}],\"inLanguage\":\"fr-FR\"},{\"@type\":\"Organization\",\"@id\":\"https:\/\/plastimark.com\/fr\/#organization\",\"name\":\"Plastimark\",\"url\":\"https:\/\/plastimark.com\/fr\/\",\"logo\":{\"@type\":\"ImageObject\",\"inLanguage\":\"fr-FR\",\"@id\":\"https:\/\/plastimark.com\/fr\/#\/schema\/logo\/image\/\",\"url\":\"https:\/\/plastimark.com\/wp-content\/uploads\/2025\/11\/logo-plastimark.svg\",\"contentUrl\":\"https:\/\/plastimark.com\/wp-content\/uploads\/2025\/11\/logo-plastimark.svg\",\"width\":313,\"height\":81,\"caption\":\"Plastimark\"},\"image\":{\"@id\":\"https:\/\/plastimark.com\/fr\/#\/schema\/logo\/image\/\"},\"sameAs\":[\"https:\/\/www.facebook.com\/Plastimark\",\"https:\/\/www.linkedin.com\/company\/plastimark-spa\/\",\"https:\/\/www.instagram.com\/plastimark\/\",\"https:\/\/www.youtube.com\/@plastimark\"]}]}<\/script>\n<!-- \/ Yoast SEO plugin. -->","yoast_head_json":{"title":"Black compound - Plastimark","robots":{"index":"index","follow":"follow","max-snippet":"max-snippet:-1","max-image-preview":"max-image-preview:large","max-video-preview":"max-video-preview:-1"},"canonical":"https:\/\/plastimark.com\/fr\/black-compound\/","og_locale":"fr_FR","og_type":"article","og_title":"Black compound - Plastimark","og_description":"Plastimark\u00ae Black Pas seulement noir : la couleur de la durabilit\u00e9 La ligne Plastimark\u00ae Black repr\u00e9sente une combinaison parfaite de ... Lire plus","og_url":"https:\/\/plastimark.com\/fr\/black-compound\/","og_site_name":"Plastimark","article_publisher":"https:\/\/www.facebook.com\/Plastimark","article_modified_time":"2026-03-16T14:52:18+00:00","og_image":[{"width":1910,"height":370,"url":"https:\/\/plastimark.com\/wp-content\/uploads\/2026\/01\/Black-Compound-Header.webp","type":"image\/webp"}],"twitter_card":"summary_large_image","twitter_misc":{"Dur\u00e9e de lecture estim\u00e9e":"3 minutes"},"schema":{"@context":"https:\/\/schema.org","@graph":[{"@type":"WebPage","@id":"https:\/\/plastimark.com\/fr\/black-compound\/","url":"https:\/\/plastimark.com\/fr\/black-compound\/","name":"Black compound - Plastimark","isPartOf":{"@id":"https:\/\/plastimark.com\/fr\/#website"},"primaryImageOfPage":{"@id":"https:\/\/plastimark.com\/fr\/black-compound\/#primaryimage"},"image":{"@id":"https:\/\/plastimark.com\/fr\/black-compound\/#primaryimage"},"thumbnailUrl":"https:\/\/plastimark.com\/wp-content\/uploads\/2026\/01\/Black-Compound-Header.webp","datePublished":"2025-11-23T18:53:58+00:00","dateModified":"2026-03-16T14:52:18+00:00","breadcrumb":{"@id":"https:\/\/plastimark.com\/fr\/black-compound\/#breadcrumb"},"inLanguage":"fr-FR","potentialAction":[{"@type":"ReadAction","target":["https:\/\/plastimark.com\/fr\/black-compound\/"]}]},{"@type":"ImageObject","inLanguage":"fr-FR","@id":"https:\/\/plastimark.com\/fr\/black-compound\/#primaryimage","url":"https:\/\/plastimark.com\/wp-content\/uploads\/2026\/01\/Black-Compound-Header.webp","contentUrl":"https:\/\/plastimark.com\/wp-content\/uploads\/2026\/01\/Black-Compound-Header.webp","width":1910,"height":370},{"@type":"BreadcrumbList","@id":"https:\/\/plastimark.com\/fr\/black-compound\/#breadcrumb","itemListElement":[{"@type":"ListItem","position":1,"name":"Home","item":"https:\/\/plastimark.com\/fr\/"},{"@type":"ListItem","position":2,"name":"Black compound"}]},{"@type":"WebSite","@id":"https:\/\/plastimark.com\/fr\/#website","url":"https:\/\/plastimark.com\/fr\/","name":"Plastimark","description":"Carrelli e cestini per la spesa in plastica","publisher":{"@id":"https:\/\/plastimark.com\/fr\/#organization"},"potentialAction":[{"@type":"SearchAction","target":{"@type":"EntryPoint","urlTemplate":"https:\/\/plastimark.com\/fr\/?s={search_term_string}"},"query-input":{"@type":"PropertyValueSpecification","valueRequired":true,"valueName":"search_term_string"}}],"inLanguage":"fr-FR"},{"@type":"Organization","@id":"https:\/\/plastimark.com\/fr\/#organization","name":"Plastimark","url":"https:\/\/plastimark.com\/fr\/","logo":{"@type":"ImageObject","inLanguage":"fr-FR","@id":"https:\/\/plastimark.com\/fr\/#\/schema\/logo\/image\/","url":"https:\/\/plastimark.com\/wp-content\/uploads\/2025\/11\/logo-plastimark.svg","contentUrl":"https:\/\/plastimark.com\/wp-content\/uploads\/2025\/11\/logo-plastimark.svg","width":313,"height":81,"caption":"Plastimark"},"image":{"@id":"https:\/\/plastimark.com\/fr\/#\/schema\/logo\/image\/"},"sameAs":["https:\/\/www.facebook.com\/Plastimark","https:\/\/www.linkedin.com\/company\/plastimark-spa\/","https:\/\/www.instagram.com\/plastimark\/","https:\/\/www.youtube.com\/@plastimark"]}]}},"_links":{"self":[{"href":"https:\/\/plastimark.com\/fr\/wp-json\/wp\/v2\/pages\/255053","targetHints":{"allow":["GET"]}}],"collection":[{"href":"https:\/\/plastimark.com\/fr\/wp-json\/wp\/v2\/pages"}],"about":[{"href":"https:\/\/plastimark.com\/fr\/wp-json\/wp\/v2\/types\/page"}],"author":[{"embeddable":true,"href":"https:\/\/plastimark.com\/fr\/wp-json\/wp\/v2\/users\/1"}],"replies":[{"embeddable":true,"href":"https:\/\/plastimark.com\/fr\/wp-json\/wp\/v2\/comments?post=255053"}],"version-history":[{"count":13,"href":"https:\/\/plastimark.com\/fr\/wp-json\/wp\/v2\/pages\/255053\/revisions"}],"predecessor-version":[{"id":271184,"href":"https:\/\/plastimark.com\/fr\/wp-json\/wp\/v2\/pages\/255053\/revisions\/271184"}],"wp:featuredmedia":[{"embeddable":true,"href":"https:\/\/plastimark.com\/fr\/wp-json\/wp\/v2\/media\/256234"}],"wp:attachment":[{"href":"https:\/\/plastimark.com\/fr\/wp-json\/wp\/v2\/media?parent=255053"}],"curies":[{"name":"wp","href":"https:\/\/api.w.org\/{rel}","templated":true}]}}