{"id":253945,"date":"2025-11-20T11:08:56","date_gmt":"2025-11-20T10:08:56","guid":{"rendered":"https:\/\/plastimark-new.inode.it\/enterprise\/"},"modified":"2026-02-23T16:13:13","modified_gmt":"2026-02-23T15:13:13","slug":"enterprise","status":"publish","type":"page","link":"https:\/\/plastimark.com\/fr\/enterprise\/","title":{"rendered":"Enterprise"},"content":{"rendered":"\n<div class=\"gb-element-e94d6ce3\">\n<h2 class=\"gb-text gb-text-3dbf9977\">Plastimark\u00ae : identit\u00e9 et valeurs<\/h2>\n\n\n\n<div class=\"gb-element-56d8b37a\">\n<p class=\"gb-text gb-text-c2eb7525\">Plastimark SpA est une entreprise italienne leader dans la production de chariots et paniers de courses en plastique 100% recyclables, con\u00e7us pour le secteur de la vente au d\u00e9tail. Elle propose des solutions fonctionnelles, durables et personnalisables, associ\u00e9es au design et \u00e0 la qualit\u00e9 Made in Italy. Faisant partie de Giordano Holding, un groupe avec plus de 60 ans d&rsquo;exp\u00e9rience dans le moulage par injection, Plastimark partage ses comp\u00e9tences et ses technologies pour innover dans les \u00e9quipements destin\u00e9s aux points de vente, en mettant l&rsquo;accent sur l&rsquo;efficacit\u00e9 et le respect de l&rsquo;environnement.<\/p>\n<\/div>\n<\/div>\n\n\n\n<div class=\"gb-element-a7f6558c\" id=\"vision-mission\">\n<h2 class=\"gb-text gb-text-f2777085\">Vision et mission<\/h2>\n\n\n\n<div class=\"gb-element-a8a3b17d\">\n<div class=\"gb-element-ac40824a\">\n<h3 class=\"gb-text\">Vision<\/h3>\n\n\n\n<p class=\"gb-text\">Innover la fa\u00e7on de faire les courses, proposant des solutions durables et de design am\u00e9liorant l\u2019exp\u00e9rience d\u2019achat. Repenser les chariots et les paniers comme \u00e9l\u00e9ments centraux de la vente au d\u00e9tail moderne, fonctionnels, ergonomiques et orient\u00e9s vers un avenir responsable.<\/p>\n<\/div>\n\n\n\n<div class=\"gb-element-0633ecf6\">\n<h3 class=\"gb-text\">Mission<\/h3>\n\n\n\n<p class=\"gb-text\">Construire des relations clients personnalis\u00e9es, proposer des solutions sur mesure, innover avec des mat\u00e9riaux durables et des technologies avanc\u00e9es, surmonter les limites traditionnelles du m\u00e9tal et promouvoir une production circulaire efficace tout en respectant l&rsquo;environnement et les normes de qualit\u00e9.<\/p>\n<\/div>\n<\/div>\n<\/div>\n\n\n\n<div class=\"gb-element-56404450\" id=\"sustainability\">\n<div class=\"gb-element-f69b1f62\">\n<div class=\"gb-element-aaf2027e\">\n<h2 class=\"gb-text gb-text-0b25a6b8\" id=\"sustainability\">L\u2019attention \u00e0 l&rsquo;environnement<\/h2>\n\n\n\n<p class=\"gb-text gb-text-ddb53a96\">Plastimark\u00ae se distingue par ses comp\u00e9tences avanc\u00e9es en mati\u00e8re de traitement du plastique, cr\u00e9ant des chariots et des paniers fonctionnels, durables et respectueux de l&rsquo;environnement. L&rsquo;entreprise produit exclusivement avec des mat\u00e9riaux 100% recyclables, garantissant des solutions durables pour le secteur de la vente au d\u00e9tail.<\/p>\n\n\n\n<p class=\"gb-text gb-text-942ae678\">Gr\u00e2ce \u00e0 une centrale \u00e9lectrique innovante aliment\u00e9e par des combustibles non fossiles, Plastimark\u00ae autoproduit l\u2019\u00e9nergie n\u00e9cessaire \u00e0 son \u00e9tablissement, r\u00e9duisant ainsi consid\u00e9rablement son impact environnemental.<\/p>\n\n\n\n<p class=\"gb-text gb-text-afa4f399\">Pour Plastimark\u00ae, l\u2019innovation signifie combiner qualit\u00e9 et durabilit\u00e9, en proposant des produits \u00e9cologiques con\u00e7us pour l\u2019avenir du commerce de d\u00e9tail.<\/p>\n<\/div>\n\n\n\n<div class=\"gb-element-97b7c760\"><\/div>\n<\/div>\n<\/div>\n\n\n\n<div class=\"gb-element-37965715\" id=\"vision-mission\">\n<h2 class=\"gb-text gb-text-6a2b84c1\">Certifications &amp; ESG Performance<\/h2>\n\n\n\n<div class=\"gb-element-06cb847c\">\n<div class=\"gb-element-fdbee946\">\n<div class=\"wp-block-media-text alignwide is-stacked-on-mobile is-vertically-aligned-center is-style-default\" style=\"grid-template-columns:32% auto\"><figure class=\"wp-block-media-text__media\"><img loading=\"lazy\" decoding=\"async\" width=\"1024\" height=\"1024\" src=\"https:\/\/plastimark.com\/wp-content\/uploads\/2026\/02\/PLASTIMARK-SPA_EV_Recognition-1024x1024.png\" alt=\"\" class=\"wp-image-266065 size-full\" srcset=\"https:\/\/plastimark.com\/wp-content\/uploads\/2026\/02\/PLASTIMARK-SPA_EV_Recognition-1024x1024.png 1024w, https:\/\/plastimark.com\/wp-content\/uploads\/2026\/02\/PLASTIMARK-SPA_EV_Recognition-300x300.png 300w, https:\/\/plastimark.com\/wp-content\/uploads\/2026\/02\/PLASTIMARK-SPA_EV_Recognition-150x150.png 150w, https:\/\/plastimark.com\/wp-content\/uploads\/2026\/02\/PLASTIMARK-SPA_EV_Recognition-768x768.png 768w, https:\/\/plastimark.com\/wp-content\/uploads\/2026\/02\/PLASTIMARK-SPA_EV_Recognition-1536x1536.png 1536w, https:\/\/plastimark.com\/wp-content\/uploads\/2026\/02\/PLASTIMARK-SPA_EV_Recognition.png 1667w\" sizes=\"auto, (max-width: 1024px) 100vw, 1024px\" \/><\/figure><div class=\"wp-block-media-text__content\">\n<p><\/p>\n\n\n\n<p>EcoVadis est une plateforme mondiale d\u2019\u00e9valuation de la durabilit\u00e9 qui analyse la performance ESG des entreprises selon des crit\u00e8res environnementaux, sociaux et \u00e9thiques tout au long de la cha\u00eene de valeur.<\/p>\n<\/div><\/div>\n\n\n\n<div class=\"gb-element-19352810\">\n<a class=\"gb-text gb-text-951e8abf\" href=\"https:\/\/ecovadis.com\/fr\/\" target=\"_blank\" rel=\"noopener\">D\u00c9COUVRIR<\/a>\n<\/div>\n<\/div>\n\n\n\n<div class=\"gb-element-b97157ee\">\n<div class=\"wp-block-media-text is-stacked-on-mobile is-vertically-aligned-center is-style-default\" style=\"grid-template-columns:31% auto\"><figure class=\"wp-block-media-text__media\"><img loading=\"lazy\" decoding=\"async\" width=\"459\" height=\"460\" src=\"https:\/\/plastimark.com\/wp-content\/uploads\/2026\/02\/DIAG.png\" alt=\"\" class=\"wp-image-266184 size-full\" srcset=\"https:\/\/plastimark.com\/wp-content\/uploads\/2026\/02\/DIAG.png 459w, https:\/\/plastimark.com\/wp-content\/uploads\/2026\/02\/DIAG-300x300.png 300w, https:\/\/plastimark.com\/wp-content\/uploads\/2026\/02\/DIAG-150x150.png 150w\" sizes=\"auto, (max-width: 459px) 100vw, 459px\" \/><\/figure><div class=\"wp-block-media-text__content\">\n<p><\/p>\n\n\n\n<p>Synth\u00e8se du parcours de d\u00e9carbonation de Plastimark, <br>r\u00e9alis\u00e9 dans le cadre du programme Diag D\u00e9carbon\u2019Action promu par Bpifrance en collaboration avec l\u2019ADEME et l\u2019ABC.<\/p>\n<\/div><\/div>\n\n\n\n<div>\n<a class=\"gb-text gb-text-7934a8d7\" href=\"https:\/\/plastimark.com\/wp-content\/uploads\/2026\/02\/6-TB-Synthese-communicante-PLASTIMARK-FR.pdf\" target=\"_blank\" rel=\"noopener\">T\u00c9L\u00c9CHARGER LE D\u00c9PLIANT<\/a>\n<\/div>\n<\/div>\n<\/div>\n<\/div>\n\n\n\n<div class=\"gb-element-b1645e09\" id=\"eco-compounds\">\n<h2 class=\"gb-text gb-text-858477a9\">Eco &#8211; Compound<\/h2>\n\n\n\n<div class=\"gb-element-387e9d9c\">\n<p class=\"gb-text gb-text-60a3daa9\">Plastimark\u00ae utilise des compound plastiques soigneusement s\u00e9lectionn\u00e9s pour garantir des chariots et des paniers durables, fonctionnels et au design attrayant. Les m\u00e9langes utilis\u00e9s par l&rsquo;entreprise comprennent des mat\u00e9riaux recycl\u00e9s, des fibres naturelles et des plastiques innovants, con\u00e7us pour r\u00e9pondre aux besoins du commerce de d\u00e9tail moderne avec une attention particuli\u00e8re \u00e0 l&rsquo;environnement. En optant pour des produits fabriqu\u00e9s \u00e0 partir de mat\u00e9riaux recycl\u00e9s, les entreprises et les points de vente contribuent activement \u00e0 r\u00e9duire leur empreinte carbone, favorisant ainsi un avenir plus durable. <\/p>\n<\/div>\n<\/div>\n\n\n\n<div class=\"gb-element-01ef10c1\">\n<div class=\"gb-element-a857467f\">\n<a class=\"gb-element-8abc7fc3\" href=\"https:\/\/plastimark.com\/fr\/wood-compound\/\">\n<img loading=\"lazy\" decoding=\"async\" width=\"232\" height=\"151\" class=\"gb-media-92c3b190\" alt=\"\" src=\"https:\/\/plastimark.com\/wp-content\/uploads\/2025\/11\/wood-compound.svg\" title=\"wood-compound\"\/>\n<\/a>\n\n\n\n<a class=\"gb-element-912d5e0a\" href=\"https:\/\/plastimark.com\/fr\/black-compound\/\">\n<img loading=\"lazy\" decoding=\"async\" width=\"232\" height=\"151\" class=\"gb-media-93003a28\" alt=\"\" src=\"https:\/\/plastimark.com\/wp-content\/uploads\/2025\/11\/black-compound.svg\" title=\"black-compound\"\/>\n<\/a>\n\n\n\n<a class=\"gb-element-47fd3843\" href=\"https:\/\/plastimark.com\/fr\/euterra-compound\/\">\n<img loading=\"lazy\" decoding=\"async\" width=\"232\" height=\"151\" class=\"gb-media-e115b1a2\" alt=\"\" src=\"https:\/\/plastimark.com\/wp-content\/uploads\/2025\/11\/euterra-compound.svg\" title=\"euterra-compound\"\/>\n<\/a>\n\n\n\n<a class=\"gb-element-50488460\" href=\"https:\/\/plastimark.com\/fr\/wave-compound\/\">\n<img loading=\"lazy\" decoding=\"async\" width=\"232\" height=\"151\" class=\"gb-media-591f324b\" alt=\"\" src=\"https:\/\/plastimark.com\/wp-content\/uploads\/2025\/11\/wave-compound.svg\" title=\"wave-compound\"\/>\n<\/a>\n\n\n\n<a class=\"gb-element-35c469e9\" href=\"https:\/\/plastimark.com\/fr\/alunova-compound\/\">\n<img loading=\"lazy\" decoding=\"async\" width=\"232\" height=\"151\" class=\"gb-media-cdecd4dc\" alt=\"\" src=\"https:\/\/plastimark.com\/wp-content\/uploads\/2025\/11\/alunova-compound.svg\" title=\"alunova-compound\"\/>\n<\/a>\n<\/div>\n<\/div>\n\n\n\n<div class=\"gb-element-130e9c82\" id=\"safety-and-technology\">\n<div class=\"gb-element-317f2a80\">\n<div class=\"gb-element-625e15b3\"><\/div>\n\n\n\n<div class=\"gb-element-e0955473\">\n<h2 class=\"gb-text\">S\u00e9curit\u00e9 et technologie<\/h2>\n\n\n\n<p class=\"gb-text\">Plastimark\u00ae propose des chariots et paniers de courses en plastique et hybrides certifi\u00e9s T\u00dcV Rheinland\u2193: une garantie internationale de s\u00e9curit\u00e9, de qualit\u00e9 et de durabilit\u00e9.<\/p>\n\n\n\n<p class=\"gb-text\">Cette certification atteste du respect de normes techniques rigoureuses, offrant aux supermarch\u00e9s des solutions fiables et s\u00fbres avec des co\u00fbts de maintenance r\u00e9duits.<\/p>\n\n\n\n<p class=\"gb-text\">Chaque produit est d\u00e9velopp\u00e9 \u00e0 la suite d\u2019une analyse de risque minutieuse et soutenu par des proc\u00e9dures de production contr\u00f4l\u00e9es. Les chariots Plastimark\u00ae peuvent int\u00e9grer des supports pour dispositifs num\u00e9riques et des syst\u00e8mes d&rsquo;auto-scanning compatibles avec les environnements blind\u00e9s, tels que les portiques antivol (similaires aux cages de Faraday), garantissant la continuit\u00e9 du signal et une utilisation efficace des technologies en magasin.<\/p>\n<\/div>\n<\/div>\n<\/div>\n","protected":false},"excerpt":{"rendered":"<p>Plastimark\u00ae : identit\u00e9 et valeurs Plastimark SpA est une entreprise italienne leader dans la production de chariots et paniers de &#8230; <\/p>\n<p class=\"read-more-container\"><a title=\"Enterprise\" class=\"read-more button\" href=\"https:\/\/plastimark.com\/fr\/enterprise\/#more-253945\" aria-label=\"En savoir plus sur Enterprise\">Lire plus<\/a><\/p>\n","protected":false},"author":1,"featured_media":260546,"parent":0,"menu_order":0,"comment_status":"closed","ping_status":"closed","template":"","meta":{"_acf_changed":false,"footnotes":""},"class_list":["post-253945","page","type-page","status-publish","has-post-thumbnail"],"acf":[],"yoast_head":"<!-- This site is optimized with the Yoast SEO plugin v27.2 - https:\/\/yoast.com\/product\/yoast-seo-wordpress\/ -->\n<title>Production et vente de chariots et paniers en plastique<\/title>\n<meta name=\"description\" content=\"Les chariots et paniers en plastique Plastimark\u00ae sont 100% s\u00fbrs et totalement fiables, test\u00e9s une fois par an par T\u00dcV Rheinland.\" \/>\n<meta name=\"robots\" content=\"index, follow, max-snippet:-1, max-image-preview:large, max-video-preview:-1\" \/>\n<link rel=\"canonical\" href=\"https:\/\/plastimark.com\/fr\/enterprise\/\" \/>\n<meta property=\"og:locale\" content=\"fr_FR\" \/>\n<meta property=\"og:type\" content=\"article\" \/>\n<meta property=\"og:title\" content=\"Production et vente de chariots et paniers en plastique\" \/>\n<meta property=\"og:description\" content=\"Les chariots et paniers en plastique Plastimark\u00ae sont 100% s\u00fbrs et totalement fiables, test\u00e9s une fois par an par T\u00dcV Rheinland.\" \/>\n<meta property=\"og:url\" content=\"https:\/\/plastimark.com\/fr\/enterprise\/\" \/>\n<meta property=\"og:site_name\" content=\"Plastimark\" \/>\n<meta property=\"article:publisher\" content=\"https:\/\/www.facebook.com\/Plastimark\" \/>\n<meta property=\"article:modified_time\" content=\"2026-02-23T15:13:13+00:00\" \/>\n<meta property=\"og:image\" content=\"https:\/\/plastimark.com\/wp-content\/uploads\/2026\/01\/Company-Plastimark-Header-scaled.webp\" \/>\n\t<meta property=\"og:image:width\" content=\"2560\" \/>\n\t<meta property=\"og:image:height\" content=\"533\" \/>\n\t<meta property=\"og:image:type\" content=\"image\/webp\" \/>\n<meta name=\"twitter:card\" content=\"summary_large_image\" \/>\n<meta name=\"twitter:label1\" content=\"Dur\u00e9e de lecture estim\u00e9e\" \/>\n\t<meta name=\"twitter:data1\" content=\"4 minutes\" \/>\n<script type=\"application\/ld+json\" class=\"yoast-schema-graph\">{\"@context\":\"https:\/\/schema.org\",\"@graph\":[{\"@type\":\"WebPage\",\"@id\":\"https:\/\/plastimark.com\/fr\/enterprise\/\",\"url\":\"https:\/\/plastimark.com\/fr\/enterprise\/\",\"name\":\"Production et vente de chariots et paniers en plastique\",\"isPartOf\":{\"@id\":\"https:\/\/plastimark.com\/fr\/#website\"},\"primaryImageOfPage\":{\"@id\":\"https:\/\/plastimark.com\/fr\/enterprise\/#primaryimage\"},\"image\":{\"@id\":\"https:\/\/plastimark.com\/fr\/enterprise\/#primaryimage\"},\"thumbnailUrl\":\"https:\/\/plastimark.com\/wp-content\/uploads\/2026\/01\/Company-Plastimark-Header-scaled.webp\",\"datePublished\":\"2025-11-20T10:08:56+00:00\",\"dateModified\":\"2026-02-23T15:13:13+00:00\",\"description\":\"Les chariots et paniers en plastique Plastimark\u00ae sont 100% s\u00fbrs et totalement fiables, test\u00e9s une fois par an par T\u00dcV Rheinland.\",\"breadcrumb\":{\"@id\":\"https:\/\/plastimark.com\/fr\/enterprise\/#breadcrumb\"},\"inLanguage\":\"fr-FR\",\"potentialAction\":[{\"@type\":\"ReadAction\",\"target\":[\"https:\/\/plastimark.com\/fr\/enterprise\/\"]}]},{\"@type\":\"ImageObject\",\"inLanguage\":\"fr-FR\",\"@id\":\"https:\/\/plastimark.com\/fr\/enterprise\/#primaryimage\",\"url\":\"https:\/\/plastimark.com\/wp-content\/uploads\/2026\/01\/Company-Plastimark-Header-scaled.webp\",\"contentUrl\":\"https:\/\/plastimark.com\/wp-content\/uploads\/2026\/01\/Company-Plastimark-Header-scaled.webp\",\"width\":2560,\"height\":533},{\"@type\":\"BreadcrumbList\",\"@id\":\"https:\/\/plastimark.com\/fr\/enterprise\/#breadcrumb\",\"itemListElement\":[{\"@type\":\"ListItem\",\"position\":1,\"name\":\"Home\",\"item\":\"https:\/\/plastimark.com\/fr\/\"},{\"@type\":\"ListItem\",\"position\":2,\"name\":\"Enterprise\"}]},{\"@type\":\"WebSite\",\"@id\":\"https:\/\/plastimark.com\/fr\/#website\",\"url\":\"https:\/\/plastimark.com\/fr\/\",\"name\":\"Plastimark\",\"description\":\"Carrelli e cestini per la spesa in plastica\",\"publisher\":{\"@id\":\"https:\/\/plastimark.com\/fr\/#organization\"},\"potentialAction\":[{\"@type\":\"SearchAction\",\"target\":{\"@type\":\"EntryPoint\",\"urlTemplate\":\"https:\/\/plastimark.com\/fr\/?s={search_term_string}\"},\"query-input\":{\"@type\":\"PropertyValueSpecification\",\"valueRequired\":true,\"valueName\":\"search_term_string\"}}],\"inLanguage\":\"fr-FR\"},{\"@type\":\"Organization\",\"@id\":\"https:\/\/plastimark.com\/fr\/#organization\",\"name\":\"Plastimark\",\"url\":\"https:\/\/plastimark.com\/fr\/\",\"logo\":{\"@type\":\"ImageObject\",\"inLanguage\":\"fr-FR\",\"@id\":\"https:\/\/plastimark.com\/fr\/#\/schema\/logo\/image\/\",\"url\":\"https:\/\/plastimark.com\/wp-content\/uploads\/2025\/11\/logo-plastimark.svg\",\"contentUrl\":\"https:\/\/plastimark.com\/wp-content\/uploads\/2025\/11\/logo-plastimark.svg\",\"width\":313,\"height\":81,\"caption\":\"Plastimark\"},\"image\":{\"@id\":\"https:\/\/plastimark.com\/fr\/#\/schema\/logo\/image\/\"},\"sameAs\":[\"https:\/\/www.facebook.com\/Plastimark\",\"https:\/\/www.linkedin.com\/company\/plastimark-spa\/\",\"https:\/\/www.instagram.com\/plastimark\/\",\"https:\/\/www.youtube.com\/@plastimark\"]}]}<\/script>\n<!-- \/ Yoast SEO plugin. -->","yoast_head_json":{"title":"Production et vente de chariots et paniers en plastique","description":"Les chariots et paniers en plastique Plastimark\u00ae sont 100% s\u00fbrs et totalement fiables, test\u00e9s une fois par an par T\u00dcV Rheinland.","robots":{"index":"index","follow":"follow","max-snippet":"max-snippet:-1","max-image-preview":"max-image-preview:large","max-video-preview":"max-video-preview:-1"},"canonical":"https:\/\/plastimark.com\/fr\/enterprise\/","og_locale":"fr_FR","og_type":"article","og_title":"Production et vente de chariots et paniers en plastique","og_description":"Les chariots et paniers en plastique Plastimark\u00ae sont 100% s\u00fbrs et totalement fiables, test\u00e9s une fois par an par T\u00dcV Rheinland.","og_url":"https:\/\/plastimark.com\/fr\/enterprise\/","og_site_name":"Plastimark","article_publisher":"https:\/\/www.facebook.com\/Plastimark","article_modified_time":"2026-02-23T15:13:13+00:00","og_image":[{"width":2560,"height":533,"url":"https:\/\/plastimark.com\/wp-content\/uploads\/2026\/01\/Company-Plastimark-Header-scaled.webp","type":"image\/webp"}],"twitter_card":"summary_large_image","twitter_misc":{"Dur\u00e9e de lecture estim\u00e9e":"4 minutes"},"schema":{"@context":"https:\/\/schema.org","@graph":[{"@type":"WebPage","@id":"https:\/\/plastimark.com\/fr\/enterprise\/","url":"https:\/\/plastimark.com\/fr\/enterprise\/","name":"Production et vente de chariots et paniers en plastique","isPartOf":{"@id":"https:\/\/plastimark.com\/fr\/#website"},"primaryImageOfPage":{"@id":"https:\/\/plastimark.com\/fr\/enterprise\/#primaryimage"},"image":{"@id":"https:\/\/plastimark.com\/fr\/enterprise\/#primaryimage"},"thumbnailUrl":"https:\/\/plastimark.com\/wp-content\/uploads\/2026\/01\/Company-Plastimark-Header-scaled.webp","datePublished":"2025-11-20T10:08:56+00:00","dateModified":"2026-02-23T15:13:13+00:00","description":"Les chariots et paniers en plastique Plastimark\u00ae sont 100% s\u00fbrs et totalement fiables, test\u00e9s une fois par an par T\u00dcV Rheinland.","breadcrumb":{"@id":"https:\/\/plastimark.com\/fr\/enterprise\/#breadcrumb"},"inLanguage":"fr-FR","potentialAction":[{"@type":"ReadAction","target":["https:\/\/plastimark.com\/fr\/enterprise\/"]}]},{"@type":"ImageObject","inLanguage":"fr-FR","@id":"https:\/\/plastimark.com\/fr\/enterprise\/#primaryimage","url":"https:\/\/plastimark.com\/wp-content\/uploads\/2026\/01\/Company-Plastimark-Header-scaled.webp","contentUrl":"https:\/\/plastimark.com\/wp-content\/uploads\/2026\/01\/Company-Plastimark-Header-scaled.webp","width":2560,"height":533},{"@type":"BreadcrumbList","@id":"https:\/\/plastimark.com\/fr\/enterprise\/#breadcrumb","itemListElement":[{"@type":"ListItem","position":1,"name":"Home","item":"https:\/\/plastimark.com\/fr\/"},{"@type":"ListItem","position":2,"name":"Enterprise"}]},{"@type":"WebSite","@id":"https:\/\/plastimark.com\/fr\/#website","url":"https:\/\/plastimark.com\/fr\/","name":"Plastimark","description":"Carrelli e cestini per la spesa in plastica","publisher":{"@id":"https:\/\/plastimark.com\/fr\/#organization"},"potentialAction":[{"@type":"SearchAction","target":{"@type":"EntryPoint","urlTemplate":"https:\/\/plastimark.com\/fr\/?s={search_term_string}"},"query-input":{"@type":"PropertyValueSpecification","valueRequired":true,"valueName":"search_term_string"}}],"inLanguage":"fr-FR"},{"@type":"Organization","@id":"https:\/\/plastimark.com\/fr\/#organization","name":"Plastimark","url":"https:\/\/plastimark.com\/fr\/","logo":{"@type":"ImageObject","inLanguage":"fr-FR","@id":"https:\/\/plastimark.com\/fr\/#\/schema\/logo\/image\/","url":"https:\/\/plastimark.com\/wp-content\/uploads\/2025\/11\/logo-plastimark.svg","contentUrl":"https:\/\/plastimark.com\/wp-content\/uploads\/2025\/11\/logo-plastimark.svg","width":313,"height":81,"caption":"Plastimark"},"image":{"@id":"https:\/\/plastimark.com\/fr\/#\/schema\/logo\/image\/"},"sameAs":["https:\/\/www.facebook.com\/Plastimark","https:\/\/www.linkedin.com\/company\/plastimark-spa\/","https:\/\/www.instagram.com\/plastimark\/","https:\/\/www.youtube.com\/@plastimark"]}]}},"_links":{"self":[{"href":"https:\/\/plastimark.com\/fr\/wp-json\/wp\/v2\/pages\/253945","targetHints":{"allow":["GET"]}}],"collection":[{"href":"https:\/\/plastimark.com\/fr\/wp-json\/wp\/v2\/pages"}],"about":[{"href":"https:\/\/plastimark.com\/fr\/wp-json\/wp\/v2\/types\/page"}],"author":[{"embeddable":true,"href":"https:\/\/plastimark.com\/fr\/wp-json\/wp\/v2\/users\/1"}],"replies":[{"embeddable":true,"href":"https:\/\/plastimark.com\/fr\/wp-json\/wp\/v2\/comments?post=253945"}],"version-history":[{"count":26,"href":"https:\/\/plastimark.com\/fr\/wp-json\/wp\/v2\/pages\/253945\/revisions"}],"predecessor-version":[{"id":266780,"href":"https:\/\/plastimark.com\/fr\/wp-json\/wp\/v2\/pages\/253945\/revisions\/266780"}],"wp:featuredmedia":[{"embeddable":true,"href":"https:\/\/plastimark.com\/fr\/wp-json\/wp\/v2\/media\/260546"}],"wp:attachment":[{"href":"https:\/\/plastimark.com\/fr\/wp-json\/wp\/v2\/media?parent=253945"}],"curies":[{"name":"wp","href":"https:\/\/api.w.org\/{rel}","templated":true}]}}