{"id":263741,"date":"2025-12-04T16:36:30","date_gmt":"2025-12-04T15:36:30","guid":{"rendered":"https:\/\/plastimark-new.inode.it\/product\/minityko\/"},"modified":"2026-03-16T14:28:57","modified_gmt":"2026-03-16T13:28:57","slug":"minityko","status":"publish","type":"product","link":"https:\/\/plastimark.com\/es\/producto\/minityko\/","title":{"rendered":"MiniTyko"},"content":{"rendered":"\n<div class=\"gb-element-3c632dde\">\n<div class=\"gb-element-a02e6a89\">\n<h2 class=\"gb-text gb-text-faa3379e\"><strong>MiniTyko <\/strong> 22 L<\/h2>\n\n\n\n<div class=\"splide gallery-set-pleasy\" id=\"main-carousel\" aria-label=\"Galleria Immagini\">\n<div class=\"splide__track\">\n<div class=\"splide__list\">\n<div class=\"splide__slide\">\n<img loading=\"lazy\" decoding=\"async\" width=\"1500\" height=\"1500\" class=\"gb-media-c5bfa31d\" alt=\"MiniTyko vista lateral en movimiento\" src=\"https:\/\/plastimark.com\/wp-content\/uploads\/2025\/12\/MiniTyko-side-in-motion-1.webp\" title=\"MiniTyko side in motion\" srcset=\"https:\/\/plastimark.com\/wp-content\/uploads\/2025\/12\/MiniTyko-side-in-motion-1.webp 1500w, https:\/\/plastimark.com\/wp-content\/uploads\/2025\/12\/MiniTyko-side-in-motion-1-300x300.webp 300w, https:\/\/plastimark.com\/wp-content\/uploads\/2025\/12\/MiniTyko-side-in-motion-1-1024x1024.webp 1024w, https:\/\/plastimark.com\/wp-content\/uploads\/2025\/12\/MiniTyko-side-in-motion-1-150x150.webp 150w, https:\/\/plastimark.com\/wp-content\/uploads\/2025\/12\/MiniTyko-side-in-motion-1-768x768.webp 768w\" sizes=\"auto, (max-width: 1500px) 100vw, 1500px\" \/>\n<\/div>\n\n\n\n<div class=\"splide__slide\">\n<img loading=\"lazy\" decoding=\"async\" width=\"1500\" height=\"1500\" class=\"gb-media-83e6db29\" alt=\"MiniTyko vista lateral\" src=\"https:\/\/plastimark.com\/wp-content\/uploads\/2025\/12\/MiniTyko-side.webp\" title=\"MiniTyko side\" srcset=\"https:\/\/plastimark.com\/wp-content\/uploads\/2025\/12\/MiniTyko-side.webp 1500w, https:\/\/plastimark.com\/wp-content\/uploads\/2025\/12\/MiniTyko-side-300x300.webp 300w, https:\/\/plastimark.com\/wp-content\/uploads\/2025\/12\/MiniTyko-side-1024x1024.webp 1024w, https:\/\/plastimark.com\/wp-content\/uploads\/2025\/12\/MiniTyko-side-150x150.webp 150w, https:\/\/plastimark.com\/wp-content\/uploads\/2025\/12\/MiniTyko-side-768x768.webp 768w\" sizes=\"auto, (max-width: 1500px) 100vw, 1500px\" \/>\n<\/div>\n\n\n\n<div class=\"splide__slide\">\n<img loading=\"lazy\" decoding=\"async\" width=\"1500\" height=\"1500\" class=\"gb-media-a97a6ef2\" alt=\"MiniTyko con compra\" src=\"https:\/\/plastimark.com\/wp-content\/uploads\/2025\/12\/MiniTyko-full.webp\" title=\"MiniTyko full\" srcset=\"https:\/\/plastimark.com\/wp-content\/uploads\/2025\/12\/MiniTyko-full.webp 1500w, https:\/\/plastimark.com\/wp-content\/uploads\/2025\/12\/MiniTyko-full-300x300.webp 300w, https:\/\/plastimark.com\/wp-content\/uploads\/2025\/12\/MiniTyko-full-1024x1024.webp 1024w, https:\/\/plastimark.com\/wp-content\/uploads\/2025\/12\/MiniTyko-full-150x150.webp 150w, https:\/\/plastimark.com\/wp-content\/uploads\/2025\/12\/MiniTyko-full-768x768.webp 768w\" sizes=\"auto, (max-width: 1500px) 100vw, 1500px\" \/>\n<\/div>\n\n\n\n<div class=\"gb-element-7723a98e splide__slide\">\n<img loading=\"lazy\" decoding=\"async\" width=\"1500\" height=\"1500\" class=\"gb-media-b89c7112\" alt=\"MiniTyko vista superior\" src=\"https:\/\/plastimark.com\/wp-content\/uploads\/2025\/12\/MiniTyko-birds-eye-view.webp\" title=\"MiniTyko bird&apos;s-eye view\" srcset=\"https:\/\/plastimark.com\/wp-content\/uploads\/2025\/12\/MiniTyko-birds-eye-view.webp 1500w, https:\/\/plastimark.com\/wp-content\/uploads\/2025\/12\/MiniTyko-birds-eye-view-300x300.webp 300w, https:\/\/plastimark.com\/wp-content\/uploads\/2025\/12\/MiniTyko-birds-eye-view-1024x1024.webp 1024w, https:\/\/plastimark.com\/wp-content\/uploads\/2025\/12\/MiniTyko-birds-eye-view-150x150.webp 150w, https:\/\/plastimark.com\/wp-content\/uploads\/2025\/12\/MiniTyko-birds-eye-view-768x768.webp 768w\" sizes=\"auto, (max-width: 1500px) 100vw, 1500px\" \/>\n<\/div>\n\n\n\n<div class=\"gb-element-2bb56a6d splide__slide\">\n<img loading=\"lazy\" decoding=\"async\" width=\"1500\" height=\"1500\" class=\"gb-media-08349521\" alt=\"MiniTyko apilada\" src=\"https:\/\/plastimark.com\/wp-content\/uploads\/2025\/12\/MiniTyko-nested.webp\" title=\"MiniTyko nested\" srcset=\"https:\/\/plastimark.com\/wp-content\/uploads\/2025\/12\/MiniTyko-nested.webp 1500w, https:\/\/plastimark.com\/wp-content\/uploads\/2025\/12\/MiniTyko-nested-300x300.webp 300w, https:\/\/plastimark.com\/wp-content\/uploads\/2025\/12\/MiniTyko-nested-1024x1024.webp 1024w, https:\/\/plastimark.com\/wp-content\/uploads\/2025\/12\/MiniTyko-nested-150x150.webp 150w, https:\/\/plastimark.com\/wp-content\/uploads\/2025\/12\/MiniTyko-nested-768x768.webp 768w\" sizes=\"auto, (max-width: 1500px) 100vw, 1500px\" \/>\n<\/div>\n<\/div>\n<\/div>\n<\/div>\n\n\n\n<div class=\"gb-element-18c90475 splide\" id=\"thumbnail-carousel\" aria-label=\"Navigazione miniature\">\n<div class=\"splide__track\">\n<div class=\"splide__list\"><\/div>\n<\/div>\n<\/div>\n\n\n\n<p class=\"gb-text\">MiniTyko es la soluci\u00f3n ideal para tiendas que requieren la m\u00e1xima eficiencia en un espacio reducido.<\/p>\n\n\n\n<p class=\"gb-text\">Con una capacidad de 22 litros, est\u00e1 dise\u00f1ado para facilitar la compra r\u00e1pida y optimizar espacios m\u00e1s peque\u00f1os, como minimercados, farmacias, tiendas especializadas y \u00e1reas promocionales.<\/p>\n\n\n\n<p class=\"gb-text\">Extremadamente manejable y ergon\u00f3mico, MiniTyko destaca por su dise\u00f1o moderno y compacto.<\/p>\n\n\n\n<div class=\"gb-element-93143054\">\n<div class=\"gb-element-2a14e80f\">\n<img loading=\"lazy\" decoding=\"async\" width=\"166\" height=\"150\" class=\"gb-media-c622b0a7 no-lightbox\" alt=\"\" src=\"https:\/\/plastimark.com\/wp-content\/uploads\/2026\/01\/FUNCTIONAL-icon.svg\" title=\"icona-di-design\"\/>\n\n\n\n<p class=\"gb-text gb-text-c77b8bb6\">FUNCIONAL<\/p>\n<\/div>\n\n\n\n<div class=\"gb-element-49b91c78\">\n<img loading=\"lazy\" decoding=\"async\" width=\"166\" height=\"150\" class=\"gb-media-0a9dccfc no-lightbox\" alt=\"\" src=\"https:\/\/plastimark.com\/wp-content\/uploads\/2026\/01\/LIGHT-icon.svg\" title=\"icona-facile-da-manovrare\"\/>\n\n\n\n<p class=\"gb-text gb-text-d20304d2\">LIGERO<\/p>\n<\/div>\n\n\n\n<div class=\"gb-element-fe571386\">\n<img loading=\"lazy\" decoding=\"async\" width=\"166\" height=\"150\" class=\"gb-media-f0ed4ac0 no-lightbox\" alt=\"\" src=\"https:\/\/plastimark.com\/wp-content\/uploads\/2026\/01\/ERGONOMIC-icon.svg\" title=\"icona-senza-viti\"\/>\n\n\n\n<p class=\"gb-text gb-text-8ec9f647\">ERGON\u00d3MICO<\/p>\n<\/div>\n<\/div>\n\n\n\n<div class=\"gb-element-7a242501\">\n<div class=\"gb-element-3872efbc\">\n<a href=\"https:\/\/plastimark.com\/wp-content\/uploads\/PCF_Minityko-EN.pdf\" target=\"_blank\" rel=\"noopener\"><img loading=\"lazy\" decoding=\"async\" width=\"245\" height=\"179\" class=\"gb-media-c38629df no-lightbox\" alt=\"\" src=\"https:\/\/plastimark.com\/wp-content\/uploads\/2026\/02\/CO2-Footprint.svg\" title=\"icona-co2\"\/><\/a>\n<\/div>\n\n\n\n<div class=\"gb-element-b5ca6ddf\">\n<a href=\"https:\/\/plastimark.com\/es\/rfid\/\" target=\"_blank\" rel=\"noopener\"><img loading=\"lazy\" decoding=\"async\" width=\"245\" height=\"179\" class=\"gb-media-e317ba2e no-lightbox\" alt=\"\" src=\"https:\/\/plastimark.com\/wp-content\/uploads\/2026\/02\/RFID-Technology.svg\" title=\"icona-rfid\"\/><\/a>\n<\/div>\n\n\n\n<div class=\"gb-element-ce168153\">\n<a href=\"https:\/\/plastimark.com\/es\/tuv-rheinland\/\" target=\"_blank\" rel=\"noopener\"><img loading=\"lazy\" decoding=\"async\" width=\"1721\" height=\"871\" class=\"gb-media-08b27ac2 no-lightbox\" alt=\"\" title=\"TUV-111299205-Tyko Onda Minityko\" src=\"https:\/\/plastimark.com\/wp-content\/uploads\/2025\/12\/TUV-111299205-Tyko-Onda-Minityko.webp\" srcset=\"https:\/\/plastimark.com\/wp-content\/uploads\/2025\/12\/TUV-111299205-Tyko-Onda-Minityko.webp 1721w, https:\/\/plastimark.com\/wp-content\/uploads\/2025\/12\/TUV-111299205-Tyko-Onda-Minityko-300x152.webp 300w, https:\/\/plastimark.com\/wp-content\/uploads\/2025\/12\/TUV-111299205-Tyko-Onda-Minityko-1024x518.webp 1024w, https:\/\/plastimark.com\/wp-content\/uploads\/2025\/12\/TUV-111299205-Tyko-Onda-Minityko-768x389.webp 768w, https:\/\/plastimark.com\/wp-content\/uploads\/2025\/12\/TUV-111299205-Tyko-Onda-Minityko-1536x777.webp 1536w\" sizes=\"auto, (max-width: 1721px) 100vw, 1721px\" \/><\/a>\n<\/div>\n<\/div>\n<\/div>\n\n\n\n<div class=\"gb-element-7433462b\">\n<div class=\"gb-element-048980b0\">\n<\/div>\n\n\n\n<div class=\"wp-block-esab-accordion esab-ekj3qxye nested-accordion\" data-mode=\"individual\" data-close=\"true\"><div class=\"esab__container\">\n<div class=\"wp-block-esab-accordion-child esab__active_accordion\"><div class=\"esab__head\" role=\"button\" aria-expanded=\"true\"><div class=\"esab__heading_txt\"><h5 class=\"esab__heading_tag\">Caracter\u00edsticas<\/h5><\/div><div class=\"esab__icon esab__active_icon\"><div class=\"esab__collapse\"> <svg xmlns=\"http:\/\/www.w3.org\/2000\/svg\" width=\"24\" height=\"24\" fill=\"currentColor\" viewBox=\"0 0 16 16\"><path fill-rule=\"evenodd\" d=\"M4.646 1.646a.5.5 0 0 1 .708 0l6 6a.5.5 0 0 1 0 .708l-6 6a.5.5 0 0 1-.708-.708L10.293 8 4.646 2.354a.5.5 0 0 1 0-.708\"><\/path><\/svg> <\/div><div class=\"esab__expand\"> <svg xmlns=\"http:\/\/www.w3.org\/2000\/svg\" width=\"24\" height=\"24\" fill=\"currentColor\" viewBox=\"0 0 16 16\"><path fill-rule=\"evenodd\" d=\"M1.646 4.646a.5.5 0 0 1 .708 0L8 10.293l5.646-5.647a.5.5 0 0 1 .708.708l-6 6a.5.5 0 0 1-.708 0l-6-6a.5.5 0 0 1 0-.708\"><\/path><\/svg> <\/div><\/div><\/div><div class=\"esab__body esab__active\">\n<div class=\"gb-element-bde2d163\">\n<p class=\"gb-text gb-text-763a608b\">Capacidad<\/p>\n\n\n\n<p class=\"gb-text gb-text-c6482640\">22 L<\/p>\n<\/div>\n\n\n\n<div class=\"gb-element-32b9c385\">\n<p class=\"gb-text gb-text-e94c202f\">Anchura<\/p>\n\n\n\n<p class=\"gb-text gb-text-4f8cfa2d\">465 mm<\/p>\n<\/div>\n\n\n\n<div class=\"gb-element-071d9e71\">\n<p class=\"gb-text gb-text-17121fea\">Altura<\/p>\n\n\n\n<p class=\"gb-text gb-text-950601ef\">240 mm<\/p>\n<\/div>\n\n\n\n<div class=\"gb-element-8b96554a\">\n<p class=\"gb-text gb-text-332d4032\">Profundidad<\/p>\n\n\n\n<p class=\"gb-text gb-text-5a867bf5\">325 mm<\/p>\n<\/div>\n\n\n\n<div class=\"gb-element-ac6c666c\">\n<p class=\"gb-text gb-text-624077b3\">Apilabilidad<\/p>\n\n\n\n<p class=\"gb-text gb-text-4e806a9b\">21 mm<\/p>\n<\/div>\n\n\n\n<div class=\"gb-element-9187c8e4\">\n<p class=\"gb-text gb-text-5877cd6a\">Peso<\/p>\n\n\n\n<p class=\"gb-text gb-text-41461ed5\">635 gr<\/p>\n<\/div>\n<\/div><\/div>\n\n\n\n<div class=\"wp-block-esab-accordion-child\"><div class=\"esab__head\" role=\"button\" aria-expanded=\"false\"><div class=\"esab__heading_txt\"><h5 class=\"esab__heading_tag\">COLORES EST\u00c1NDAR<\/h5><\/div><div class=\"esab__icon\"><div class=\"esab__collapse\"> <svg xmlns=\"http:\/\/www.w3.org\/2000\/svg\" width=\"24\" height=\"24\" fill=\"currentColor\" viewBox=\"0 0 16 16\"><path fill-rule=\"evenodd\" d=\"M4.646 1.646a.5.5 0 0 1 .708 0l6 6a.5.5 0 0 1 0 .708l-6 6a.5.5 0 0 1-.708-.708L10.293 8 4.646 2.354a.5.5 0 0 1 0-.708\"><\/path><\/svg> <\/div><div class=\"esab__expand\"> <svg xmlns=\"http:\/\/www.w3.org\/2000\/svg\" width=\"24\" height=\"24\" fill=\"currentColor\" viewBox=\"0 0 16 16\"><path fill-rule=\"evenodd\" d=\"M1.646 4.646a.5.5 0 0 1 .708 0L8 10.293l5.646-5.647a.5.5 0 0 1 .708.708l-6 6a.5.5 0 0 1-.708 0l-6-6a.5.5 0 0 1 0-.708\"><\/path><\/svg> <\/div><\/div><\/div><div class=\"esab__body\">\n<div class=\"gb-element-0bdf266d\">\n<div>\n<div>\n<p class=\"gb-text gb-text-7b021073\">Cesta<\/p>\n<\/div>\n\n\n\n<div class=\"gb-element-90ee72c5\">\n<div class=\"gb-element-829323be\">\n<div class=\"gb-element-27f8f28a\"><\/div>\n\n\n\n<p class=\"gb-text gb-text-9d9fff38\">RAL 2008<\/p>\n<\/div>\n\n\n\n<div class=\"gb-element-33377bcc\">\n<div class=\"gb-element-7dddd618\"><\/div>\n\n\n\n<p class=\"gb-text gb-text-81f13b74\">RAL 3020<\/p>\n<\/div>\n\n\n\n<div class=\"gb-element-770d1f30\">\n<div class=\"gb-element-ce9543de\"><\/div>\n\n\n\n<p class=\"gb-text gb-text-49388635\">RAL 5015<\/p>\n<\/div>\n\n\n\n<div class=\"gb-element-18808e48\">\n<div class=\"gb-element-7c7305d8\"><\/div>\n\n\n\n<p class=\"gb-text gb-text-a2264730\">RAL 6005<\/p>\n<\/div>\n\n\n\n<div class=\"gb-element-86fc4df2\">\n<div class=\"gb-element-c7670a13\"><\/div>\n\n\n\n<p class=\"gb-text gb-text-18674bf5\">RAL 6018<\/p>\n<\/div>\n\n\n\n<div class=\"gb-element-bb9dee8a\">\n<div class=\"gb-element-81cd3599\"><\/div>\n\n\n\n<p class=\"gb-text gb-text-482cbaaa\">RAL 7043<\/p>\n<\/div>\n\n\n\n<div class=\"gb-element-0004bcbc\">\n<div class=\"gb-element-5dcbbf21\"><\/div>\n\n\n\n<p class=\"gb-text gb-text-f546a34f\">RAL 9005<\/p>\n<\/div>\n<\/div>\n\n\n\n<div>\n<p class=\"gb-text gb-text-ff90bd78\">Asa<\/p>\n<\/div>\n\n\n\n<div class=\"gb-element-bfdb87b1\">\n<div class=\"gb-element-d853fc82\">\n<div class=\"gb-element-2c0a4efa\"><\/div>\n\n\n\n<p class=\"gb-text gb-text-02f1c19e\">RAL 9005<\/p>\n<\/div>\n<\/div>\n\n\n\n<p class=\"gb-text gb-text-75687a78\">Disponible en cualquier color a petici\u00f3n del cliente, con pedido m\u00ednimo requerido.<\/p>\n<\/div>\n<\/div>\n<\/div><\/div>\n\n\n\n<div class=\"wp-block-esab-accordion-child\"><div class=\"esab__head\" role=\"button\" aria-expanded=\"false\"><div class=\"esab__heading_txt\"><h5 class=\"esab__heading_tag\">CARGA<\/h5><\/div><div class=\"esab__icon\"><div class=\"esab__collapse\"> <svg xmlns=\"http:\/\/www.w3.org\/2000\/svg\" width=\"24\" height=\"24\" fill=\"currentColor\" viewBox=\"0 0 16 16\"><path fill-rule=\"evenodd\" d=\"M4.646 1.646a.5.5 0 0 1 .708 0l6 6a.5.5 0 0 1 0 .708l-6 6a.5.5 0 0 1-.708-.708L10.293 8 4.646 2.354a.5.5 0 0 1 0-.708\"><\/path><\/svg> <\/div><div class=\"esab__expand\"> <svg xmlns=\"http:\/\/www.w3.org\/2000\/svg\" width=\"24\" height=\"24\" fill=\"currentColor\" viewBox=\"0 0 16 16\"><path fill-rule=\"evenodd\" d=\"M1.646 4.646a.5.5 0 0 1 .708 0L8 10.293l5.646-5.647a.5.5 0 0 1 .708.708l-6 6a.5.5 0 0 1-.708 0l-6-6a.5.5 0 0 1 0-.708\"><\/path><\/svg> <\/div><\/div><\/div><div class=\"esab__body\">\n<div class=\"gb-element-094e6ba8\">\n<p class=\"gb-text gb-text-c568f2a7\">Pal\u00e9 (100x80xh. 227 cm)<\/p>\n\n\n\n<p class=\"gb-text gb-text-9467a918\">n. 450 uds.<\/p>\n<\/div>\n\n\n\n<div class=\"gb-element-c78f7bf7\">\n<p class=\"gb-text gb-text-71947101\">1 Cami\u00f3n<\/p>\n\n\n\n<p class=\"gb-text gb-text-3af20ddd\">n. 17.550 uds.<\/p>\n<\/div>\n\n\n\n<div class=\"gb-element-98b47759\">\n<p class=\"gb-text gb-text-7ddd9ddc\">1 x 20\u2019 Contenedor<\/p>\n\n\n\n<p class=\"gb-text gb-text-1cabbd69\">n. 6.300 uds.<\/p>\n<\/div>\n\n\n\n<div class=\"gb-element-effcbe3b\">\n<p class=\"gb-text gb-text-739398c0\">1 x 40\u2019 Contenedor<\/p>\n\n\n\n<p class=\"gb-text gb-text-9a4d720a\">n. 13.500 uds.<\/p>\n<\/div>\n<\/div><\/div>\n<\/div><\/div>\n<\/div>\n<\/div>\n","protected":false},"featured_media":0,"template":"","meta":{"_acf_changed":false},"class_list":["post-263741","product","type-product","status-publish","hentry"],"acf":[],"yoast_head":"<!-- This site is optimized with the Yoast SEO plugin v27.2 - https:\/\/yoast.com\/product\/yoast-seo-wordpress\/ -->\n<title>Plastimark | Minityko: canastos de pl\u00e1stico para supermercado<\/title>\n<meta name=\"description\" content=\"Descubre nuestros canastos de pl\u00e1stico para supermercado Minityko: 22\u202fL, ergon\u00f3micos, de pl\u00e1stico reciclable y personalizables.\" \/>\n<meta name=\"robots\" content=\"index, follow, max-snippet:-1, max-image-preview:large, max-video-preview:-1\" \/>\n<link rel=\"canonical\" href=\"https:\/\/plastimark.com\/es\/producto\/minityko\/\" \/>\n<meta property=\"og:locale\" content=\"es_ES\" \/>\n<meta property=\"og:type\" content=\"article\" \/>\n<meta property=\"og:title\" content=\"Plastimark | Minityko: canastos de pl\u00e1stico para supermercado\" \/>\n<meta property=\"og:description\" content=\"Descubre nuestros canastos de pl\u00e1stico para supermercado Minityko: 22\u202fL, ergon\u00f3micos, de pl\u00e1stico reciclable y personalizables.\" \/>\n<meta property=\"og:url\" content=\"https:\/\/plastimark.com\/es\/producto\/minityko\/\" \/>\n<meta property=\"og:site_name\" content=\"Plastimark\" \/>\n<meta property=\"article:publisher\" content=\"https:\/\/www.facebook.com\/Plastimark\" \/>\n<meta property=\"article:modified_time\" content=\"2026-03-16T13:28:57+00:00\" \/>\n<meta property=\"og:image\" content=\"https:\/\/plastimark.com\/wp-content\/uploads\/2025\/12\/MiniTyko-side-in-motion-1.webp\" \/>\n<meta name=\"twitter:card\" content=\"summary_large_image\" \/>\n<meta name=\"twitter:label1\" content=\"Tiempo de lectura\" \/>\n\t<meta name=\"twitter:data1\" content=\"3 minutos\" \/>\n<script type=\"application\/ld+json\" class=\"yoast-schema-graph\">{\"@context\":\"https:\/\/schema.org\",\"@graph\":[{\"@type\":\"WebPage\",\"@id\":\"https:\/\/plastimark.com\/es\/producto\/minityko\/\",\"url\":\"https:\/\/plastimark.com\/es\/producto\/minityko\/\",\"name\":\"Plastimark | Minityko: canastos de pl\u00e1stico para supermercado\",\"isPartOf\":{\"@id\":\"https:\/\/plastimark.com\/es\/#website\"},\"primaryImageOfPage\":{\"@id\":\"https:\/\/plastimark.com\/es\/producto\/minityko\/#primaryimage\"},\"image\":{\"@id\":\"https:\/\/plastimark.com\/es\/producto\/minityko\/#primaryimage\"},\"thumbnailUrl\":\"https:\/\/plastimark.com\/wp-content\/uploads\/2025\/12\/MiniTyko-side-in-motion-1.webp\",\"datePublished\":\"2025-12-04T15:36:30+00:00\",\"dateModified\":\"2026-03-16T13:28:57+00:00\",\"description\":\"Descubre nuestros canastos de pl\u00e1stico para supermercado Minityko: 22\u202fL, ergon\u00f3micos, de pl\u00e1stico reciclable y personalizables.\",\"breadcrumb\":{\"@id\":\"https:\/\/plastimark.com\/es\/producto\/minityko\/#breadcrumb\"},\"inLanguage\":\"es\",\"potentialAction\":[{\"@type\":\"ReadAction\",\"target\":[\"https:\/\/plastimark.com\/es\/producto\/minityko\/\"]}]},{\"@type\":\"ImageObject\",\"inLanguage\":\"es\",\"@id\":\"https:\/\/plastimark.com\/es\/producto\/minityko\/#primaryimage\",\"url\":\"https:\/\/plastimark.com\/wp-content\/uploads\/2025\/12\/MiniTyko-side-in-motion-1.webp\",\"contentUrl\":\"https:\/\/plastimark.com\/wp-content\/uploads\/2025\/12\/MiniTyko-side-in-motion-1.webp\"},{\"@type\":\"BreadcrumbList\",\"@id\":\"https:\/\/plastimark.com\/es\/producto\/minityko\/#breadcrumb\",\"itemListElement\":[{\"@type\":\"ListItem\",\"position\":1,\"name\":\"Home\",\"item\":\"https:\/\/plastimark.com\/es\/\"},{\"@type\":\"ListItem\",\"position\":2,\"name\":\"MiniTyko\"}]},{\"@type\":\"WebSite\",\"@id\":\"https:\/\/plastimark.com\/es\/#website\",\"url\":\"https:\/\/plastimark.com\/es\/\",\"name\":\"Plastimark\",\"description\":\"Carrelli e cestini per la spesa in plastica\",\"publisher\":{\"@id\":\"https:\/\/plastimark.com\/es\/#organization\"},\"potentialAction\":[{\"@type\":\"SearchAction\",\"target\":{\"@type\":\"EntryPoint\",\"urlTemplate\":\"https:\/\/plastimark.com\/es\/?s={search_term_string}\"},\"query-input\":{\"@type\":\"PropertyValueSpecification\",\"valueRequired\":true,\"valueName\":\"search_term_string\"}}],\"inLanguage\":\"es\"},{\"@type\":\"Organization\",\"@id\":\"https:\/\/plastimark.com\/es\/#organization\",\"name\":\"Plastimark\",\"url\":\"https:\/\/plastimark.com\/es\/\",\"logo\":{\"@type\":\"ImageObject\",\"inLanguage\":\"es\",\"@id\":\"https:\/\/plastimark.com\/es\/#\/schema\/logo\/image\/\",\"url\":\"https:\/\/plastimark.com\/wp-content\/uploads\/2025\/11\/logo-plastimark.svg\",\"contentUrl\":\"https:\/\/plastimark.com\/wp-content\/uploads\/2025\/11\/logo-plastimark.svg\",\"width\":313,\"height\":81,\"caption\":\"Plastimark\"},\"image\":{\"@id\":\"https:\/\/plastimark.com\/es\/#\/schema\/logo\/image\/\"},\"sameAs\":[\"https:\/\/www.facebook.com\/Plastimark\",\"https:\/\/www.linkedin.com\/company\/plastimark-spa\/\",\"https:\/\/www.instagram.com\/plastimark\/\",\"https:\/\/www.youtube.com\/@plastimark\"]}]}<\/script>\n<!-- \/ Yoast SEO plugin. -->","yoast_head_json":{"title":"Plastimark | Minityko: canastos de pl\u00e1stico para supermercado","description":"Descubre nuestros canastos de pl\u00e1stico para supermercado Minityko: 22\u202fL, ergon\u00f3micos, de pl\u00e1stico reciclable y personalizables.","robots":{"index":"index","follow":"follow","max-snippet":"max-snippet:-1","max-image-preview":"max-image-preview:large","max-video-preview":"max-video-preview:-1"},"canonical":"https:\/\/plastimark.com\/es\/producto\/minityko\/","og_locale":"es_ES","og_type":"article","og_title":"Plastimark | Minityko: canastos de pl\u00e1stico para supermercado","og_description":"Descubre nuestros canastos de pl\u00e1stico para supermercado Minityko: 22\u202fL, ergon\u00f3micos, de pl\u00e1stico reciclable y personalizables.","og_url":"https:\/\/plastimark.com\/es\/producto\/minityko\/","og_site_name":"Plastimark","article_publisher":"https:\/\/www.facebook.com\/Plastimark","article_modified_time":"2026-03-16T13:28:57+00:00","og_image":[{"url":"https:\/\/plastimark.com\/wp-content\/uploads\/2025\/12\/MiniTyko-side-in-motion-1.webp","type":"","width":"","height":""}],"twitter_card":"summary_large_image","twitter_misc":{"Tiempo de lectura":"3 minutos"},"schema":{"@context":"https:\/\/schema.org","@graph":[{"@type":"WebPage","@id":"https:\/\/plastimark.com\/es\/producto\/minityko\/","url":"https:\/\/plastimark.com\/es\/producto\/minityko\/","name":"Plastimark | Minityko: canastos de pl\u00e1stico para supermercado","isPartOf":{"@id":"https:\/\/plastimark.com\/es\/#website"},"primaryImageOfPage":{"@id":"https:\/\/plastimark.com\/es\/producto\/minityko\/#primaryimage"},"image":{"@id":"https:\/\/plastimark.com\/es\/producto\/minityko\/#primaryimage"},"thumbnailUrl":"https:\/\/plastimark.com\/wp-content\/uploads\/2025\/12\/MiniTyko-side-in-motion-1.webp","datePublished":"2025-12-04T15:36:30+00:00","dateModified":"2026-03-16T13:28:57+00:00","description":"Descubre nuestros canastos de pl\u00e1stico para supermercado Minityko: 22\u202fL, ergon\u00f3micos, de pl\u00e1stico reciclable y personalizables.","breadcrumb":{"@id":"https:\/\/plastimark.com\/es\/producto\/minityko\/#breadcrumb"},"inLanguage":"es","potentialAction":[{"@type":"ReadAction","target":["https:\/\/plastimark.com\/es\/producto\/minityko\/"]}]},{"@type":"ImageObject","inLanguage":"es","@id":"https:\/\/plastimark.com\/es\/producto\/minityko\/#primaryimage","url":"https:\/\/plastimark.com\/wp-content\/uploads\/2025\/12\/MiniTyko-side-in-motion-1.webp","contentUrl":"https:\/\/plastimark.com\/wp-content\/uploads\/2025\/12\/MiniTyko-side-in-motion-1.webp"},{"@type":"BreadcrumbList","@id":"https:\/\/plastimark.com\/es\/producto\/minityko\/#breadcrumb","itemListElement":[{"@type":"ListItem","position":1,"name":"Home","item":"https:\/\/plastimark.com\/es\/"},{"@type":"ListItem","position":2,"name":"MiniTyko"}]},{"@type":"WebSite","@id":"https:\/\/plastimark.com\/es\/#website","url":"https:\/\/plastimark.com\/es\/","name":"Plastimark","description":"Carrelli e cestini per la spesa in plastica","publisher":{"@id":"https:\/\/plastimark.com\/es\/#organization"},"potentialAction":[{"@type":"SearchAction","target":{"@type":"EntryPoint","urlTemplate":"https:\/\/plastimark.com\/es\/?s={search_term_string}"},"query-input":{"@type":"PropertyValueSpecification","valueRequired":true,"valueName":"search_term_string"}}],"inLanguage":"es"},{"@type":"Organization","@id":"https:\/\/plastimark.com\/es\/#organization","name":"Plastimark","url":"https:\/\/plastimark.com\/es\/","logo":{"@type":"ImageObject","inLanguage":"es","@id":"https:\/\/plastimark.com\/es\/#\/schema\/logo\/image\/","url":"https:\/\/plastimark.com\/wp-content\/uploads\/2025\/11\/logo-plastimark.svg","contentUrl":"https:\/\/plastimark.com\/wp-content\/uploads\/2025\/11\/logo-plastimark.svg","width":313,"height":81,"caption":"Plastimark"},"image":{"@id":"https:\/\/plastimark.com\/es\/#\/schema\/logo\/image\/"},"sameAs":["https:\/\/www.facebook.com\/Plastimark","https:\/\/www.linkedin.com\/company\/plastimark-spa\/","https:\/\/www.instagram.com\/plastimark\/","https:\/\/www.youtube.com\/@plastimark"]}]}},"_links":{"self":[{"href":"https:\/\/plastimark.com\/es\/wp-json\/wp\/v2\/product\/263741","targetHints":{"allow":["GET"]}}],"collection":[{"href":"https:\/\/plastimark.com\/es\/wp-json\/wp\/v2\/product"}],"about":[{"href":"https:\/\/plastimark.com\/es\/wp-json\/wp\/v2\/types\/product"}],"wp:attachment":[{"href":"https:\/\/plastimark.com\/es\/wp-json\/wp\/v2\/media?parent=263741"}],"curies":[{"name":"wp","href":"https:\/\/api.w.org\/{rel}","templated":true}]}}