{"id":263735,"date":"2025-12-04T09:26:57","date_gmt":"2025-12-04T08:26:57","guid":{"rendered":"https:\/\/plastimark-new.inode.it\/product\/pallet-light\/"},"modified":"2026-03-16T14:28:30","modified_gmt":"2026-03-16T13:28:30","slug":"pallet-light","status":"publish","type":"product","link":"https:\/\/plastimark.com\/es\/producto\/pallet-light\/","title":{"rendered":"Pallet Light"},"content":{"rendered":"\n<div class=\"gb-element-3c632dde\">\n<div class=\"gb-element-a02e6a89\">\n<h2 class=\"gb-text gb-text-faa3379e\"><strong><strong>Pallet Light<\/strong><\/strong><\/h2>\n\n\n\n<div class=\"splide gallery-set-pleasy\" id=\"main-carousel\" aria-label=\"Galleria Immagini\">\n<div class=\"splide__track\">\n<div class=\"splide__list\">\n<div class=\"splide__slide\">\n<img loading=\"lazy\" decoding=\"async\" width=\"1500\" height=\"1500\" class=\"gb-media-c5bfa31d\" alt=\"Pallet Light vista lateral\" src=\"https:\/\/plastimark.com\/wp-content\/uploads\/2025\/12\/Pallet-Light-side.webp\" title=\"Pallet Light side\" srcset=\"https:\/\/plastimark.com\/wp-content\/uploads\/2025\/12\/Pallet-Light-side.webp 1500w, https:\/\/plastimark.com\/wp-content\/uploads\/2025\/12\/Pallet-Light-side-300x300.webp 300w, https:\/\/plastimark.com\/wp-content\/uploads\/2025\/12\/Pallet-Light-side-1024x1024.webp 1024w, https:\/\/plastimark.com\/wp-content\/uploads\/2025\/12\/Pallet-Light-side-150x150.webp 150w, https:\/\/plastimark.com\/wp-content\/uploads\/2025\/12\/Pallet-Light-side-768x768.webp 768w\" sizes=\"auto, (max-width: 1500px) 100vw, 1500px\" \/>\n<\/div>\n\n\n\n<div class=\"splide__slide\">\n<img loading=\"lazy\" decoding=\"async\" width=\"1500\" height=\"1500\" class=\"gb-media-83e6db29\" alt=\"Pallet Light vista frontal\" src=\"https:\/\/plastimark.com\/wp-content\/uploads\/2025\/12\/Pallet-Light-front.webp\" title=\"Pallet Light front\" srcset=\"https:\/\/plastimark.com\/wp-content\/uploads\/2025\/12\/Pallet-Light-front.webp 1500w, https:\/\/plastimark.com\/wp-content\/uploads\/2025\/12\/Pallet-Light-front-300x300.webp 300w, https:\/\/plastimark.com\/wp-content\/uploads\/2025\/12\/Pallet-Light-front-1024x1024.webp 1024w, https:\/\/plastimark.com\/wp-content\/uploads\/2025\/12\/Pallet-Light-front-150x150.webp 150w, https:\/\/plastimark.com\/wp-content\/uploads\/2025\/12\/Pallet-Light-front-768x768.webp 768w\" sizes=\"auto, (max-width: 1500px) 100vw, 1500px\" \/>\n<\/div>\n\n\n\n<div class=\"splide__slide\">\n<img loading=\"lazy\" decoding=\"async\" width=\"1500\" height=\"1500\" class=\"gb-media-a97a6ef2\" alt=\"Pallet Light vista superior\" src=\"https:\/\/plastimark.com\/wp-content\/uploads\/2025\/12\/Pallet-Light-birds-eye-view.webp\" title=\"Pallet Light bird&apos;s-eye view\" srcset=\"https:\/\/plastimark.com\/wp-content\/uploads\/2025\/12\/Pallet-Light-birds-eye-view.webp 1500w, https:\/\/plastimark.com\/wp-content\/uploads\/2025\/12\/Pallet-Light-birds-eye-view-300x300.webp 300w, https:\/\/plastimark.com\/wp-content\/uploads\/2025\/12\/Pallet-Light-birds-eye-view-1024x1024.webp 1024w, https:\/\/plastimark.com\/wp-content\/uploads\/2025\/12\/Pallet-Light-birds-eye-view-150x150.webp 150w, https:\/\/plastimark.com\/wp-content\/uploads\/2025\/12\/Pallet-Light-birds-eye-view-768x768.webp 768w\" sizes=\"auto, (max-width: 1500px) 100vw, 1500px\" \/>\n<\/div>\n\n\n\n<div class=\"gb-element-7723a98e splide__slide\">\n<img loading=\"lazy\" decoding=\"async\" width=\"1500\" height=\"1500\" class=\"gb-media-b89c7112\" alt=\"Pallet Light de exposici\u00f3n\" src=\"https:\/\/plastimark.com\/wp-content\/uploads\/2025\/12\/Pallet-context.webp\" title=\"Pallet in use\" srcset=\"https:\/\/plastimark.com\/wp-content\/uploads\/2025\/12\/Pallet-context.webp 1500w, https:\/\/plastimark.com\/wp-content\/uploads\/2025\/12\/Pallet-context-300x300.webp 300w, https:\/\/plastimark.com\/wp-content\/uploads\/2025\/12\/Pallet-context-1024x1024.webp 1024w, https:\/\/plastimark.com\/wp-content\/uploads\/2025\/12\/Pallet-context-150x150.webp 150w, https:\/\/plastimark.com\/wp-content\/uploads\/2025\/12\/Pallet-context-768x768.webp 768w\" sizes=\"auto, (max-width: 1500px) 100vw, 1500px\" \/>\n<\/div>\n<\/div>\n<\/div>\n<\/div>\n\n\n\n<div class=\"gb-element-18c90475 splide\" id=\"thumbnail-carousel\" aria-label=\"Navigazione miniature\">\n<div class=\"splide__track\">\n<div class=\"splide__list\"><\/div>\n<\/div>\n<\/div>\n\n\n\n<p class=\"gb-text\">El Pall\u00e9 Light representa una soluci\u00f3n ligera y vers\u00e1til para el movimiento de mercanc\u00edas. Fabricado en pl\u00e1stico de una sola pieza, ofrece una capacidad de carga est\u00e1tica de hasta 4.500 kg. Los travesa\u00f1os antivuelco garantizan una mayor seguridad durante su uso. Totalmente reciclable y apto para el contacto con alimentos, y disponible en diferentes colores y se puede personalizar con el logotipo de la empresa a pedido. De hecho, estos pal\u00e9s son adecuados para su uso como herramientas de exposici\u00f3n en puntos de venta para posicionar mercanc\u00edas que desean destacarse.<\/p>\n\n\n\n<div class=\"gb-element-c7292613\">\n<div class=\"gb-element-c59b9e17\">\n<img loading=\"lazy\" decoding=\"async\" width=\"166\" height=\"150\" class=\"gb-media-3c1fe2ef no-lightbox\" alt=\"\" src=\"https:\/\/plastimark.com\/wp-content\/uploads\/2026\/01\/LIGHT-icon.svg\" title=\"icona-di-design\"\/>\n\n\n\n<p class=\"gb-text gb-text-cd1810e2\">LIGERO<\/p>\n<\/div>\n\n\n\n<div class=\"gb-element-6ac60434\">\n<img loading=\"lazy\" decoding=\"async\" width=\"166\" height=\"150\" class=\"gb-media-df2b831f no-lightbox\" alt=\"\" src=\"https:\/\/plastimark.com\/wp-content\/uploads\/2026\/01\/VERSATILE-icon.svg\" title=\"icona-facile-da-manovrare\"\/>\n\n\n\n<p class=\"gb-text gb-text-8fb6e3d2\">VERS\u00c1TIL<\/p>\n<\/div>\n\n\n\n<div class=\"gb-element-9b1aa1db\">\n<img loading=\"lazy\" decoding=\"async\" width=\"166\" height=\"150\" class=\"gb-media-d3360792 no-lightbox\" alt=\"\" src=\"https:\/\/plastimark.com\/wp-content\/uploads\/2026\/01\/SUSTAINABLE-icon.svg\" title=\"icona-senza-viti\"\/>\n\n\n\n<p class=\"gb-text gb-text-80b0bd22\">ECOL\u00d3GICO<\/p>\n<\/div>\n<\/div>\n\n\n\n<div class=\"gb-element-cba058db\">\n<div class=\"gb-element-3bd670fd\">\n<a href=\"https:\/\/plastimark.com\/wp-content\/uploads\/PCF_Pallet-Light-EN.pdf\" target=\"_blank\" rel=\"noopener\"><img loading=\"lazy\" decoding=\"async\" width=\"245\" height=\"179\" class=\"gb-media-4b987b85 no-lightbox\" alt=\"\" src=\"https:\/\/plastimark.com\/wp-content\/uploads\/2026\/02\/CO2-Footprint.svg\" title=\"icona-co2\"\/><\/a>\n<\/div>\n\n\n\n\n<\/div>\n<\/div>\n\n\n\n<div class=\"gb-element-7433462b\">\n<div class=\"gb-element-048980b0\">\n<\/div>\n\n\n\n<div class=\"wp-block-esab-accordion esab-ekj3qxye nested-accordion\" data-mode=\"individual\" data-close=\"true\"><div class=\"esab__container\">\n<div class=\"wp-block-esab-accordion-child esab__active_accordion\"><div class=\"esab__head\" role=\"button\" aria-expanded=\"true\"><div class=\"esab__heading_txt\"><h5 class=\"esab__heading_tag\">Caracter\u00edsticas<\/h5><\/div><div class=\"esab__icon esab__active_icon\"><div class=\"esab__collapse\"> <svg xmlns=\"http:\/\/www.w3.org\/2000\/svg\" width=\"24\" height=\"24\" fill=\"currentColor\" viewBox=\"0 0 16 16\"><path fill-rule=\"evenodd\" d=\"M4.646 1.646a.5.5 0 0 1 .708 0l6 6a.5.5 0 0 1 0 .708l-6 6a.5.5 0 0 1-.708-.708L10.293 8 4.646 2.354a.5.5 0 0 1 0-.708\"><\/path><\/svg> <\/div><div class=\"esab__expand\"> <svg xmlns=\"http:\/\/www.w3.org\/2000\/svg\" width=\"24\" height=\"24\" fill=\"currentColor\" viewBox=\"0 0 16 16\"><path fill-rule=\"evenodd\" d=\"M1.646 4.646a.5.5 0 0 1 .708 0L8 10.293l5.646-5.647a.5.5 0 0 1 .708.708l-6 6a.5.5 0 0 1-.708 0l-6-6a.5.5 0 0 1 0-.708\"><\/path><\/svg> <\/div><\/div><\/div><div class=\"esab__body esab__active\">\n<div class=\"gb-element-32b9c385\">\n<p class=\"gb-text gb-text-e94c202f\">Longitud<\/p>\n\n\n\n<p class=\"gb-text gb-text-4f8cfa2d\">1.200 mm<\/p>\n<\/div>\n\n\n\n<div class=\"gb-element-77337025\">\n<p class=\"gb-text gb-text-1da34cdb\">Anchura<\/p>\n\n\n\n<p class=\"gb-text gb-text-3c9cb999\">800 mm<\/p>\n<\/div>\n\n\n\n<div class=\"gb-element-7a6e69e1\">\n<p class=\"gb-text gb-text-c24c5b63\">Altura<\/p>\n\n\n\n<p class=\"gb-text gb-text-3edfb3cc\">153 mm<\/p>\n<\/div>\n\n\n\n<div class=\"gb-element-cb9d7ca3\">\n<p class=\"gb-text gb-text-aed21a2c\">Peso<\/p>\n\n\n\n<p class=\"gb-text gb-text-d070a21d\">11,3 Kg (+\/-0,2)<\/p>\n<\/div>\n<\/div><\/div>\n\n\n\n<div class=\"wp-block-esab-accordion-child\"><div class=\"esab__head\" role=\"button\" aria-expanded=\"false\"><div class=\"esab__heading_txt\"><h5 class=\"esab__heading_tag\">CAPACIDAD*<\/h5><\/div><div class=\"esab__icon\"><div class=\"esab__collapse\"> <svg xmlns=\"http:\/\/www.w3.org\/2000\/svg\" width=\"24\" height=\"24\" fill=\"currentColor\" viewBox=\"0 0 16 16\"><path fill-rule=\"evenodd\" d=\"M4.646 1.646a.5.5 0 0 1 .708 0l6 6a.5.5 0 0 1 0 .708l-6 6a.5.5 0 0 1-.708-.708L10.293 8 4.646 2.354a.5.5 0 0 1 0-.708\"><\/path><\/svg> <\/div><div class=\"esab__expand\"> <svg xmlns=\"http:\/\/www.w3.org\/2000\/svg\" width=\"24\" height=\"24\" fill=\"currentColor\" viewBox=\"0 0 16 16\"><path fill-rule=\"evenodd\" d=\"M1.646 4.646a.5.5 0 0 1 .708 0L8 10.293l5.646-5.647a.5.5 0 0 1 .708.708l-6 6a.5.5 0 0 1-.708 0l-6-6a.5.5 0 0 1 0-.708\"><\/path><\/svg> <\/div><\/div><\/div><div class=\"esab__body\">\n<div class=\"gb-element-5e5c8c38\">\n<p class=\"gb-text gb-text-c7d54a02\">Est\u00e1tica<\/p>\n\n\n\n<p class=\"gb-text gb-text-9014eb8b\">3.000 Kg<\/p>\n<\/div>\n\n\n\n<div class=\"gb-element-b459f75e\">\n<p class=\"gb-text gb-text-11a9afa6\">Din\u00e1mica<\/p>\n\n\n\n<p class=\"gb-text gb-text-27031409\">1.000 Kg<\/p>\n<\/div>\n\n\n\n<div class=\"gb-element-db11c1f2\">\n<p class=\"gb-text gb-text-394d766c\">En gradilla<\/p>\n\n\n\n<p class=\"gb-text gb-text-aecaed8e\">350 Kg<\/p>\n<\/div>\n\n\n\n<p class=\"gb-text gb-text-c6c84acb\">* Se refiere al pal\u00e9 hecho de material virgen<\/p>\n<\/div><\/div>\n\n\n\n<div class=\"wp-block-esab-accordion-child\"><div class=\"esab__head\" role=\"button\" aria-expanded=\"false\"><div class=\"esab__heading_txt\"><h5 class=\"esab__heading_tag\">COLORES EST\u00c1NDAR<\/h5><\/div><div class=\"esab__icon\"><div class=\"esab__collapse\"> <svg xmlns=\"http:\/\/www.w3.org\/2000\/svg\" width=\"24\" height=\"24\" fill=\"currentColor\" viewBox=\"0 0 16 16\"><path fill-rule=\"evenodd\" d=\"M4.646 1.646a.5.5 0 0 1 .708 0l6 6a.5.5 0 0 1 0 .708l-6 6a.5.5 0 0 1-.708-.708L10.293 8 4.646 2.354a.5.5 0 0 1 0-.708\"><\/path><\/svg> <\/div><div class=\"esab__expand\"> <svg xmlns=\"http:\/\/www.w3.org\/2000\/svg\" width=\"24\" height=\"24\" fill=\"currentColor\" viewBox=\"0 0 16 16\"><path fill-rule=\"evenodd\" d=\"M1.646 4.646a.5.5 0 0 1 .708 0L8 10.293l5.646-5.647a.5.5 0 0 1 .708.708l-6 6a.5.5 0 0 1-.708 0l-6-6a.5.5 0 0 1 0-.708\"><\/path><\/svg> <\/div><\/div><\/div><div class=\"esab__body\">\n<div class=\"gb-element-0bdf266d\">\n<div>\n<p class=\"gb-text gb-text-df08073b\">Pal\u00e9<\/p>\n\n\n\n<div class=\"gb-element-76fb16e2\">\n<div class=\"gb-element-c4a335d6\">\n<div class=\"gb-element-aa7382d0\"><\/div>\n\n\n\n<p class=\"gb-text gb-text-7c2508d0\">RAL 7023<\/p>\n<\/div>\n\n\n\n<div class=\"gb-element-ac98522b\">\n<div class=\"gb-element-7d62a726\"><\/div>\n\n\n\n<p class=\"gb-text gb-text-4179f47f\">RAL 9003<\/p>\n<\/div>\n\n\n\n<div class=\"gb-element-09f87dce\">\n<div class=\"gb-element-d8981b67\"><\/div>\n\n\n\n<p class=\"gb-text gb-text-65be4471\">RAL 9005<\/p>\n<\/div>\n<\/div>\n\n\n\n<p class=\"gb-text gb-text-75687a78\">Disponible en cualquier color a petici\u00f3n del cliente, con pedido m\u00ednimo requerido.<\/p>\n<\/div>\n<\/div>\n<\/div><\/div>\n\n\n\n<div class=\"wp-block-esab-accordion-child\"><div class=\"esab__head\" role=\"button\" aria-expanded=\"false\"><div class=\"esab__heading_txt\"><h5 class=\"esab__heading_tag\">CARGA<\/h5><\/div><div class=\"esab__icon\"><div class=\"esab__collapse\"> <svg xmlns=\"http:\/\/www.w3.org\/2000\/svg\" width=\"24\" height=\"24\" fill=\"currentColor\" viewBox=\"0 0 16 16\"><path fill-rule=\"evenodd\" d=\"M4.646 1.646a.5.5 0 0 1 .708 0l6 6a.5.5 0 0 1 0 .708l-6 6a.5.5 0 0 1-.708-.708L10.293 8 4.646 2.354a.5.5 0 0 1 0-.708\"><\/path><\/svg> <\/div><div class=\"esab__expand\"> <svg xmlns=\"http:\/\/www.w3.org\/2000\/svg\" width=\"24\" height=\"24\" fill=\"currentColor\" viewBox=\"0 0 16 16\"><path fill-rule=\"evenodd\" d=\"M1.646 4.646a.5.5 0 0 1 .708 0L8 10.293l5.646-5.647a.5.5 0 0 1 .708.708l-6 6a.5.5 0 0 1-.708 0l-6-6a.5.5 0 0 1 0-.708\"><\/path><\/svg> <\/div><\/div><\/div><div class=\"esab__body\">\n<div class=\"gb-element-094e6ba8\">\n<p class=\"gb-text gb-text-c568f2a7\">1 Cami\u00f3n<\/p>\n\n\n\n<p class=\"gb-text gb-text-9467a918\">n. 594 uds.<\/p>\n<\/div>\n\n\n\n<div class=\"gb-element-8af38898\">\n<p class=\"gb-text gb-text-66310cfb\">1 x 20\u2019 Contenedor<\/p>\n\n\n\n<p class=\"gb-text gb-text-cda68ba4\">n. 198 uds.<\/p>\n<\/div>\n\n\n\n<div class=\"gb-element-5af1bede\">\n<p class=\"gb-text gb-text-9816db92\">1 x 40\u2019 Contenedor<\/p>\n\n\n\n<p class=\"gb-text gb-text-20bc7eff\">n. 400 uds.<\/p>\n<\/div>\n<\/div><\/div>\n<\/div><\/div>\n<\/div>\n<\/div>\n","protected":false},"featured_media":0,"template":"","meta":{"_acf_changed":false},"class_list":["post-263735","product","type-product","status-publish","hentry"],"acf":[],"yoast_head":"<!-- This site is optimized with the Yoast SEO plugin v27.2 - https:\/\/yoast.com\/product\/yoast-seo-wordpress\/ -->\n<title>Plastimark | Venta de palets de pl\u00e1stico | Para GDO y tiendas<\/title>\n<meta name=\"description\" content=\"Venta de palets de pl\u00e1stico para GDO y tiendas: para alimentos, capacidad hasta 1.500 kg, travesa\u00f1os antivuelco, ecol\u00f3gicos y personalizables.\" \/>\n<meta name=\"robots\" content=\"index, follow, max-snippet:-1, max-image-preview:large, max-video-preview:-1\" \/>\n<link rel=\"canonical\" href=\"https:\/\/plastimark.com\/es\/producto\/pallet-light\/\" \/>\n<meta property=\"og:locale\" content=\"es_ES\" \/>\n<meta property=\"og:type\" content=\"article\" \/>\n<meta property=\"og:title\" content=\"Plastimark | Venta de palets de pl\u00e1stico | Para GDO y tiendas\" \/>\n<meta property=\"og:description\" content=\"Venta de palets de pl\u00e1stico para GDO y tiendas: para alimentos, capacidad hasta 1.500 kg, travesa\u00f1os antivuelco, ecol\u00f3gicos y personalizables.\" \/>\n<meta property=\"og:url\" content=\"https:\/\/plastimark.com\/es\/producto\/pallet-light\/\" \/>\n<meta property=\"og:site_name\" content=\"Plastimark\" \/>\n<meta property=\"article:publisher\" content=\"https:\/\/www.facebook.com\/Plastimark\" \/>\n<meta property=\"article:modified_time\" content=\"2026-03-16T13:28:30+00:00\" \/>\n<meta property=\"og:image\" content=\"https:\/\/plastimark.com\/wp-content\/uploads\/2025\/12\/Pallet-Light-side.webp\" \/>\n<meta name=\"twitter:card\" content=\"summary_large_image\" \/>\n<meta name=\"twitter:label1\" content=\"Tiempo de lectura\" \/>\n\t<meta name=\"twitter:data1\" content=\"3 minutos\" \/>\n<script type=\"application\/ld+json\" class=\"yoast-schema-graph\">{\"@context\":\"https:\/\/schema.org\",\"@graph\":[{\"@type\":\"WebPage\",\"@id\":\"https:\/\/plastimark.com\/es\/producto\/pallet-light\/\",\"url\":\"https:\/\/plastimark.com\/es\/producto\/pallet-light\/\",\"name\":\"Plastimark | Venta de palets de pl\u00e1stico | Para GDO y tiendas\",\"isPartOf\":{\"@id\":\"https:\/\/plastimark.com\/es\/#website\"},\"primaryImageOfPage\":{\"@id\":\"https:\/\/plastimark.com\/es\/producto\/pallet-light\/#primaryimage\"},\"image\":{\"@id\":\"https:\/\/plastimark.com\/es\/producto\/pallet-light\/#primaryimage\"},\"thumbnailUrl\":\"https:\/\/plastimark.com\/wp-content\/uploads\/2025\/12\/Pallet-Light-side.webp\",\"datePublished\":\"2025-12-04T08:26:57+00:00\",\"dateModified\":\"2026-03-16T13:28:30+00:00\",\"description\":\"Venta de palets de pl\u00e1stico para GDO y tiendas: para alimentos, capacidad hasta 1.500 kg, travesa\u00f1os antivuelco, ecol\u00f3gicos y personalizables.\",\"breadcrumb\":{\"@id\":\"https:\/\/plastimark.com\/es\/producto\/pallet-light\/#breadcrumb\"},\"inLanguage\":\"es\",\"potentialAction\":[{\"@type\":\"ReadAction\",\"target\":[\"https:\/\/plastimark.com\/es\/producto\/pallet-light\/\"]}]},{\"@type\":\"ImageObject\",\"inLanguage\":\"es\",\"@id\":\"https:\/\/plastimark.com\/es\/producto\/pallet-light\/#primaryimage\",\"url\":\"https:\/\/plastimark.com\/wp-content\/uploads\/2025\/12\/Pallet-Light-side.webp\",\"contentUrl\":\"https:\/\/plastimark.com\/wp-content\/uploads\/2025\/12\/Pallet-Light-side.webp\"},{\"@type\":\"BreadcrumbList\",\"@id\":\"https:\/\/plastimark.com\/es\/producto\/pallet-light\/#breadcrumb\",\"itemListElement\":[{\"@type\":\"ListItem\",\"position\":1,\"name\":\"Home\",\"item\":\"https:\/\/plastimark.com\/es\/\"},{\"@type\":\"ListItem\",\"position\":2,\"name\":\"Pallet Light\"}]},{\"@type\":\"WebSite\",\"@id\":\"https:\/\/plastimark.com\/es\/#website\",\"url\":\"https:\/\/plastimark.com\/es\/\",\"name\":\"Plastimark\",\"description\":\"Carrelli e cestini per la spesa in plastica\",\"publisher\":{\"@id\":\"https:\/\/plastimark.com\/es\/#organization\"},\"potentialAction\":[{\"@type\":\"SearchAction\",\"target\":{\"@type\":\"EntryPoint\",\"urlTemplate\":\"https:\/\/plastimark.com\/es\/?s={search_term_string}\"},\"query-input\":{\"@type\":\"PropertyValueSpecification\",\"valueRequired\":true,\"valueName\":\"search_term_string\"}}],\"inLanguage\":\"es\"},{\"@type\":\"Organization\",\"@id\":\"https:\/\/plastimark.com\/es\/#organization\",\"name\":\"Plastimark\",\"url\":\"https:\/\/plastimark.com\/es\/\",\"logo\":{\"@type\":\"ImageObject\",\"inLanguage\":\"es\",\"@id\":\"https:\/\/plastimark.com\/es\/#\/schema\/logo\/image\/\",\"url\":\"https:\/\/plastimark.com\/wp-content\/uploads\/2025\/11\/logo-plastimark.svg\",\"contentUrl\":\"https:\/\/plastimark.com\/wp-content\/uploads\/2025\/11\/logo-plastimark.svg\",\"width\":313,\"height\":81,\"caption\":\"Plastimark\"},\"image\":{\"@id\":\"https:\/\/plastimark.com\/es\/#\/schema\/logo\/image\/\"},\"sameAs\":[\"https:\/\/www.facebook.com\/Plastimark\",\"https:\/\/www.linkedin.com\/company\/plastimark-spa\/\",\"https:\/\/www.instagram.com\/plastimark\/\",\"https:\/\/www.youtube.com\/@plastimark\"]}]}<\/script>\n<!-- \/ Yoast SEO plugin. -->","yoast_head_json":{"title":"Plastimark | Venta de palets de pl\u00e1stico | Para GDO y tiendas","description":"Venta de palets de pl\u00e1stico para GDO y tiendas: para alimentos, capacidad hasta 1.500 kg, travesa\u00f1os antivuelco, ecol\u00f3gicos y personalizables.","robots":{"index":"index","follow":"follow","max-snippet":"max-snippet:-1","max-image-preview":"max-image-preview:large","max-video-preview":"max-video-preview:-1"},"canonical":"https:\/\/plastimark.com\/es\/producto\/pallet-light\/","og_locale":"es_ES","og_type":"article","og_title":"Plastimark | Venta de palets de pl\u00e1stico | Para GDO y tiendas","og_description":"Venta de palets de pl\u00e1stico para GDO y tiendas: para alimentos, capacidad hasta 1.500 kg, travesa\u00f1os antivuelco, ecol\u00f3gicos y personalizables.","og_url":"https:\/\/plastimark.com\/es\/producto\/pallet-light\/","og_site_name":"Plastimark","article_publisher":"https:\/\/www.facebook.com\/Plastimark","article_modified_time":"2026-03-16T13:28:30+00:00","og_image":[{"url":"https:\/\/plastimark.com\/wp-content\/uploads\/2025\/12\/Pallet-Light-side.webp","type":"","width":"","height":""}],"twitter_card":"summary_large_image","twitter_misc":{"Tiempo de lectura":"3 minutos"},"schema":{"@context":"https:\/\/schema.org","@graph":[{"@type":"WebPage","@id":"https:\/\/plastimark.com\/es\/producto\/pallet-light\/","url":"https:\/\/plastimark.com\/es\/producto\/pallet-light\/","name":"Plastimark | Venta de palets de pl\u00e1stico | Para GDO y tiendas","isPartOf":{"@id":"https:\/\/plastimark.com\/es\/#website"},"primaryImageOfPage":{"@id":"https:\/\/plastimark.com\/es\/producto\/pallet-light\/#primaryimage"},"image":{"@id":"https:\/\/plastimark.com\/es\/producto\/pallet-light\/#primaryimage"},"thumbnailUrl":"https:\/\/plastimark.com\/wp-content\/uploads\/2025\/12\/Pallet-Light-side.webp","datePublished":"2025-12-04T08:26:57+00:00","dateModified":"2026-03-16T13:28:30+00:00","description":"Venta de palets de pl\u00e1stico para GDO y tiendas: para alimentos, capacidad hasta 1.500 kg, travesa\u00f1os antivuelco, ecol\u00f3gicos y personalizables.","breadcrumb":{"@id":"https:\/\/plastimark.com\/es\/producto\/pallet-light\/#breadcrumb"},"inLanguage":"es","potentialAction":[{"@type":"ReadAction","target":["https:\/\/plastimark.com\/es\/producto\/pallet-light\/"]}]},{"@type":"ImageObject","inLanguage":"es","@id":"https:\/\/plastimark.com\/es\/producto\/pallet-light\/#primaryimage","url":"https:\/\/plastimark.com\/wp-content\/uploads\/2025\/12\/Pallet-Light-side.webp","contentUrl":"https:\/\/plastimark.com\/wp-content\/uploads\/2025\/12\/Pallet-Light-side.webp"},{"@type":"BreadcrumbList","@id":"https:\/\/plastimark.com\/es\/producto\/pallet-light\/#breadcrumb","itemListElement":[{"@type":"ListItem","position":1,"name":"Home","item":"https:\/\/plastimark.com\/es\/"},{"@type":"ListItem","position":2,"name":"Pallet Light"}]},{"@type":"WebSite","@id":"https:\/\/plastimark.com\/es\/#website","url":"https:\/\/plastimark.com\/es\/","name":"Plastimark","description":"Carrelli e cestini per la spesa in plastica","publisher":{"@id":"https:\/\/plastimark.com\/es\/#organization"},"potentialAction":[{"@type":"SearchAction","target":{"@type":"EntryPoint","urlTemplate":"https:\/\/plastimark.com\/es\/?s={search_term_string}"},"query-input":{"@type":"PropertyValueSpecification","valueRequired":true,"valueName":"search_term_string"}}],"inLanguage":"es"},{"@type":"Organization","@id":"https:\/\/plastimark.com\/es\/#organization","name":"Plastimark","url":"https:\/\/plastimark.com\/es\/","logo":{"@type":"ImageObject","inLanguage":"es","@id":"https:\/\/plastimark.com\/es\/#\/schema\/logo\/image\/","url":"https:\/\/plastimark.com\/wp-content\/uploads\/2025\/11\/logo-plastimark.svg","contentUrl":"https:\/\/plastimark.com\/wp-content\/uploads\/2025\/11\/logo-plastimark.svg","width":313,"height":81,"caption":"Plastimark"},"image":{"@id":"https:\/\/plastimark.com\/es\/#\/schema\/logo\/image\/"},"sameAs":["https:\/\/www.facebook.com\/Plastimark","https:\/\/www.linkedin.com\/company\/plastimark-spa\/","https:\/\/www.instagram.com\/plastimark\/","https:\/\/www.youtube.com\/@plastimark"]}]}},"_links":{"self":[{"href":"https:\/\/plastimark.com\/es\/wp-json\/wp\/v2\/product\/263735","targetHints":{"allow":["GET"]}}],"collection":[{"href":"https:\/\/plastimark.com\/es\/wp-json\/wp\/v2\/product"}],"about":[{"href":"https:\/\/plastimark.com\/es\/wp-json\/wp\/v2\/types\/product"}],"wp:attachment":[{"href":"https:\/\/plastimark.com\/es\/wp-json\/wp\/v2\/media?parent=263735"}],"curies":[{"name":"wp","href":"https:\/\/api.w.org\/{rel}","templated":true}]}}