{"id":263731,"date":"2025-12-04T09:26:40","date_gmt":"2025-12-04T08:26:40","guid":{"rendered":"https:\/\/plastimark-new.inode.it\/product\/pallet-cargo\/"},"modified":"2026-03-10T15:44:16","modified_gmt":"2026-03-10T14:44:16","slug":"pallet-cargo","status":"publish","type":"product","link":"https:\/\/plastimark.com\/es\/producto\/pallet-cargo\/","title":{"rendered":"Pallet Cargo"},"content":{"rendered":"\n<div class=\"gb-element-3c632dde\">\n<div class=\"gb-element-a02e6a89\">\n<h2 class=\"gb-text gb-text-faa3379e\"><strong><strong>Pallet Cargo<\/strong><\/strong><\/h2>\n\n\n\n<div class=\"splide gallery-set-pleasy\" id=\"main-carousel\" aria-label=\"Galleria Immagini\">\n<div class=\"splide__track\">\n<div class=\"splide__list\">\n<div class=\"splide__slide\">\n<img loading=\"lazy\" decoding=\"async\" width=\"1500\" height=\"1500\" class=\"gb-media-c5bfa31d\" alt=\"Pallet Cargo vista lateral\" src=\"https:\/\/plastimark.com\/wp-content\/uploads\/2025\/12\/Pallet-Cargo-side.webp\" title=\"Pallet Cargo side\" srcset=\"https:\/\/plastimark.com\/wp-content\/uploads\/2025\/12\/Pallet-Cargo-side.webp 1500w, https:\/\/plastimark.com\/wp-content\/uploads\/2025\/12\/Pallet-Cargo-side-300x300.webp 300w, https:\/\/plastimark.com\/wp-content\/uploads\/2025\/12\/Pallet-Cargo-side-1024x1024.webp 1024w, https:\/\/plastimark.com\/wp-content\/uploads\/2025\/12\/Pallet-Cargo-side-150x150.webp 150w, https:\/\/plastimark.com\/wp-content\/uploads\/2025\/12\/Pallet-Cargo-side-768x768.webp 768w\" sizes=\"auto, (max-width: 1500px) 100vw, 1500px\" \/>\n<\/div>\n\n\n\n<div class=\"splide__slide\">\n<img loading=\"lazy\" decoding=\"async\" width=\"1500\" height=\"1500\" class=\"gb-media-83e6db29\" alt=\"Pallet Cargo vista frontal\" src=\"https:\/\/plastimark.com\/wp-content\/uploads\/2025\/12\/Pallet-Cargo-front.webp\" title=\"Pallet Cargo front\" srcset=\"https:\/\/plastimark.com\/wp-content\/uploads\/2025\/12\/Pallet-Cargo-front.webp 1500w, https:\/\/plastimark.com\/wp-content\/uploads\/2025\/12\/Pallet-Cargo-front-300x300.webp 300w, https:\/\/plastimark.com\/wp-content\/uploads\/2025\/12\/Pallet-Cargo-front-1024x1024.webp 1024w, https:\/\/plastimark.com\/wp-content\/uploads\/2025\/12\/Pallet-Cargo-front-150x150.webp 150w, https:\/\/plastimark.com\/wp-content\/uploads\/2025\/12\/Pallet-Cargo-front-768x768.webp 768w\" sizes=\"auto, (max-width: 1500px) 100vw, 1500px\" \/>\n<\/div>\n\n\n\n<div class=\"splide__slide\">\n<img loading=\"lazy\" decoding=\"async\" width=\"1500\" height=\"1500\" class=\"gb-media-a97a6ef2\" alt=\"Pallet Cargo vista superior \" src=\"https:\/\/plastimark.com\/wp-content\/uploads\/2025\/12\/Pallet-Cargo-birds-eye-view.webp\" title=\"Pallet Cargo bird&apos;s-eye view\" srcset=\"https:\/\/plastimark.com\/wp-content\/uploads\/2025\/12\/Pallet-Cargo-birds-eye-view.webp 1500w, https:\/\/plastimark.com\/wp-content\/uploads\/2025\/12\/Pallet-Cargo-birds-eye-view-300x300.webp 300w, https:\/\/plastimark.com\/wp-content\/uploads\/2025\/12\/Pallet-Cargo-birds-eye-view-1024x1024.webp 1024w, https:\/\/plastimark.com\/wp-content\/uploads\/2025\/12\/Pallet-Cargo-birds-eye-view-150x150.webp 150w, https:\/\/plastimark.com\/wp-content\/uploads\/2025\/12\/Pallet-Cargo-birds-eye-view-768x768.webp 768w\" sizes=\"auto, (max-width: 1500px) 100vw, 1500px\" \/>\n<\/div>\n\n\n\n<div class=\"gb-element-7723a98e splide__slide\">\n<img loading=\"lazy\" decoding=\"async\" width=\"1500\" height=\"1500\" class=\"gb-media-b89c7112\" alt=\"Pallet Cargo apilado\" src=\"https:\/\/plastimark.com\/wp-content\/uploads\/2025\/12\/Pallet-Cargo-nested.webp\" title=\"Pallet Cargo nested\" srcset=\"https:\/\/plastimark.com\/wp-content\/uploads\/2025\/12\/Pallet-Cargo-nested.webp 1500w, https:\/\/plastimark.com\/wp-content\/uploads\/2025\/12\/Pallet-Cargo-nested-300x300.webp 300w, https:\/\/plastimark.com\/wp-content\/uploads\/2025\/12\/Pallet-Cargo-nested-1024x1024.webp 1024w, https:\/\/plastimark.com\/wp-content\/uploads\/2025\/12\/Pallet-Cargo-nested-150x150.webp 150w, https:\/\/plastimark.com\/wp-content\/uploads\/2025\/12\/Pallet-Cargo-nested-768x768.webp 768w\" sizes=\"auto, (max-width: 1500px) 100vw, 1500px\" \/>\n<\/div>\n\n\n\n<div class=\"gb-element-60a49a18 splide__slide\">\n<img loading=\"lazy\" decoding=\"async\" width=\"1500\" height=\"1500\" class=\"gb-media-ce7c2dca\" alt=\"Pallet Cargo de exposici\u00f3n\" src=\"https:\/\/plastimark.com\/wp-content\/uploads\/2025\/12\/Pallet-context.webp\" title=\"Pallet in use\" srcset=\"https:\/\/plastimark.com\/wp-content\/uploads\/2025\/12\/Pallet-context.webp 1500w, https:\/\/plastimark.com\/wp-content\/uploads\/2025\/12\/Pallet-context-300x300.webp 300w, https:\/\/plastimark.com\/wp-content\/uploads\/2025\/12\/Pallet-context-1024x1024.webp 1024w, https:\/\/plastimark.com\/wp-content\/uploads\/2025\/12\/Pallet-context-150x150.webp 150w, https:\/\/plastimark.com\/wp-content\/uploads\/2025\/12\/Pallet-context-768x768.webp 768w\" sizes=\"auto, (max-width: 1500px) 100vw, 1500px\" \/>\n<\/div>\n<\/div>\n<\/div>\n<\/div>\n\n\n\n<div class=\"gb-element-18c90475 splide\" id=\"thumbnail-carousel\" aria-label=\"Navigazione miniature\">\n<div class=\"splide__track\">\n<div class=\"splide__list\"><\/div>\n<\/div>\n<\/div>\n\n\n\n<p class=\"gb-text\">El Pal\u00e9 Heavy es la soluci\u00f3n ideal para quienes buscan robustez y confiabilidad en entornos operativos de alta intensidad. Fabricado en pl\u00e1stico de una sola pieza, ofrece una capacidad de carga est\u00e1tica de hasta 4.500 kg. Equipado con travesa\u00f1os antivuelco, es totalmente reciclable y apto para el contacto con alimentos. Disponible en varios colores, puede personalizarse con el logotipo de la empresa para satisfacer las necesidades espec\u00edficas del cliente. De hecho, estos pal\u00e9s son adecuados para su uso como herramientas de exposici\u00f3n en puntos de venta para posicionar mercanc\u00edas que se desean resaltar.<\/p>\n\n\n\n<div class=\"gb-element-bf0c1503\">\n<div class=\"gb-element-cc33d9c4\">\n<img loading=\"lazy\" decoding=\"async\" width=\"166\" height=\"150\" class=\"gb-media-2c345c35 no-lightbox\" alt=\"\" src=\"https:\/\/plastimark.com\/wp-content\/uploads\/2026\/01\/ROBUST-icon.svg\" title=\"icona-di-design\"\/>\n\n\n\n<p class=\"gb-text gb-text-e33a807c\">ROBUSTO<\/p>\n<\/div>\n\n\n\n<div class=\"gb-element-7f0c911c\">\n<img loading=\"lazy\" decoding=\"async\" width=\"166\" height=\"150\" class=\"gb-media-e1002b38 no-lightbox\" alt=\"\" src=\"https:\/\/plastimark.com\/wp-content\/uploads\/2026\/01\/HYGIENIC-icon.svg\" title=\"icona-facile-da-manovrare\"\/>\n\n\n\n<p class=\"gb-text gb-text-2c5e3a29\">HIGI\u00c9NICO<\/p>\n<\/div>\n\n\n\n<div class=\"gb-element-8466cfa2\">\n<img loading=\"lazy\" decoding=\"async\" width=\"166\" height=\"150\" class=\"gb-media-45238e18 no-lightbox\" alt=\"\" src=\"https:\/\/plastimark.com\/wp-content\/uploads\/2026\/01\/CUSTOMISABLE-icon.svg\" title=\"icona-senza-viti\"\/>\n\n\n\n<p class=\"gb-text gb-text-89336bb5\">PERSONALIZABLE<\/p>\n<\/div>\n<\/div>\n\n\n<\/div>\n\n\n\n<div class=\"gb-element-7433462b\">\n<div class=\"gb-element-048980b0\">\n<\/div>\n\n\n\n<div class=\"wp-block-esab-accordion esab-ekj3qxye nested-accordion\" data-mode=\"individual\" data-close=\"true\"><div class=\"esab__container\">\n<div class=\"wp-block-esab-accordion-child esab__active_accordion\"><div class=\"esab__head\" role=\"button\" aria-expanded=\"true\"><div class=\"esab__heading_txt\"><h5 class=\"esab__heading_tag\">Caracter\u00edsticas<\/h5><\/div><div class=\"esab__icon esab__active_icon\"><div class=\"esab__collapse\"> <svg xmlns=\"http:\/\/www.w3.org\/2000\/svg\" width=\"24\" height=\"24\" fill=\"currentColor\" viewBox=\"0 0 16 16\"><path fill-rule=\"evenodd\" d=\"M4.646 1.646a.5.5 0 0 1 .708 0l6 6a.5.5 0 0 1 0 .708l-6 6a.5.5 0 0 1-.708-.708L10.293 8 4.646 2.354a.5.5 0 0 1 0-.708\"><\/path><\/svg> <\/div><div class=\"esab__expand\"> <svg xmlns=\"http:\/\/www.w3.org\/2000\/svg\" width=\"24\" height=\"24\" fill=\"currentColor\" viewBox=\"0 0 16 16\"><path fill-rule=\"evenodd\" d=\"M1.646 4.646a.5.5 0 0 1 .708 0L8 10.293l5.646-5.647a.5.5 0 0 1 .708.708l-6 6a.5.5 0 0 1-.708 0l-6-6a.5.5 0 0 1 0-.708\"><\/path><\/svg> <\/div><\/div><\/div><div class=\"esab__body esab__active\">\n<div class=\"gb-element-32b9c385\">\n<p class=\"gb-text gb-text-e94c202f\">Longitud<\/p>\n\n\n\n<p class=\"gb-text gb-text-4f8cfa2d\">1.200 mm<\/p>\n<\/div>\n\n\n\n<div class=\"gb-element-77337025\">\n<p class=\"gb-text gb-text-1da34cdb\">Anchura<\/p>\n\n\n\n<p class=\"gb-text gb-text-3c9cb999\">800 mm<\/p>\n<\/div>\n\n\n\n<div class=\"gb-element-c6d463ad\">\n<p class=\"gb-text gb-text-608aa953\">Altura sin placa<\/p>\n\n\n\n<p class=\"gb-text gb-text-cd275966\">153 mm<\/p>\n<\/div>\n\n\n\n<div class=\"gb-element-ac6c666c\">\n<p class=\"gb-text gb-text-624077b3\">Altura con placa<\/p>\n\n\n\n<p class=\"gb-text gb-text-4e806a9b\">160 mm<\/p>\n<\/div>\n\n\n\n<div class=\"gb-element-08c40db4\">\n<p class=\"gb-text gb-text-cd133c0e\">Peso sin placa<\/p>\n\n\n\n<p class=\"gb-text gb-text-cac98088\">14,5 Kg<\/p>\n<\/div>\n\n\n\n<div class=\"gb-element-cb9d7ca3\">\n<p class=\"gb-text gb-text-aed21a2c\">Peso con placa<\/p>\n\n\n\n<p class=\"gb-text gb-text-d070a21d\">16,3 Kg<\/p>\n<\/div>\n\n\n\n<div class=\"gb-element-a12c6844\">\n<p class=\"gb-text gb-text-036a8408\">Peso con placa de refuerzo<\/p>\n\n\n\n<p class=\"gb-text gb-text-651cd7bd\">22 Kg<\/p>\n<\/div>\n<\/div><\/div>\n\n\n\n<div class=\"wp-block-esab-accordion-child\"><div class=\"esab__head\" role=\"button\" aria-expanded=\"false\"><div class=\"esab__heading_txt\"><h5 class=\"esab__heading_tag\">CAPACIDAD*<\/h5><\/div><div class=\"esab__icon\"><div class=\"esab__collapse\"> <svg xmlns=\"http:\/\/www.w3.org\/2000\/svg\" width=\"24\" height=\"24\" fill=\"currentColor\" viewBox=\"0 0 16 16\"><path fill-rule=\"evenodd\" d=\"M4.646 1.646a.5.5 0 0 1 .708 0l6 6a.5.5 0 0 1 0 .708l-6 6a.5.5 0 0 1-.708-.708L10.293 8 4.646 2.354a.5.5 0 0 1 0-.708\"><\/path><\/svg> <\/div><div class=\"esab__expand\"> <svg xmlns=\"http:\/\/www.w3.org\/2000\/svg\" width=\"24\" height=\"24\" fill=\"currentColor\" viewBox=\"0 0 16 16\"><path fill-rule=\"evenodd\" d=\"M1.646 4.646a.5.5 0 0 1 .708 0L8 10.293l5.646-5.647a.5.5 0 0 1 .708.708l-6 6a.5.5 0 0 1-.708 0l-6-6a.5.5 0 0 1 0-.708\"><\/path><\/svg> <\/div><\/div><\/div><div class=\"esab__body\">\n<div class=\"gb-element-5e5c8c38\">\n<p class=\"gb-text gb-text-c7d54a02\">Est\u00e1tica<\/p>\n\n\n\n<p class=\"gb-text gb-text-9014eb8b\">4.500 Kg<\/p>\n<\/div>\n\n\n\n<div class=\"gb-element-b459f75e\">\n<p class=\"gb-text gb-text-11a9afa6\">Din\u00e1mica<\/p>\n\n\n\n<p class=\"gb-text gb-text-27031409\">1.100 Kg<\/p>\n<\/div>\n\n\n\n<div class=\"gb-element-db11c1f2\">\n<p class=\"gb-text gb-text-394d766c\">En gradilla<\/p>\n\n\n\n<p class=\"gb-text gb-text-aecaed8e\">750 Kg<\/p>\n<\/div>\n\n\n\n<p class=\"gb-text gb-text-c6c84acb\"><\/p>\n\n\n\n<p>* Se refiere al pal\u00e9 hecho de material virgen con<br>placa de refuerzo<\/p>\n<\/div><\/div>\n\n\n\n<div class=\"wp-block-esab-accordion-child\"><div class=\"esab__head\" role=\"button\" aria-expanded=\"false\"><div class=\"esab__heading_txt\"><h5 class=\"esab__heading_tag\">COLORES EST\u00c1NDAR<\/h5><\/div><div class=\"esab__icon\"><div class=\"esab__collapse\"> <svg xmlns=\"http:\/\/www.w3.org\/2000\/svg\" width=\"24\" height=\"24\" fill=\"currentColor\" viewBox=\"0 0 16 16\"><path fill-rule=\"evenodd\" d=\"M4.646 1.646a.5.5 0 0 1 .708 0l6 6a.5.5 0 0 1 0 .708l-6 6a.5.5 0 0 1-.708-.708L10.293 8 4.646 2.354a.5.5 0 0 1 0-.708\"><\/path><\/svg> <\/div><div class=\"esab__expand\"> <svg xmlns=\"http:\/\/www.w3.org\/2000\/svg\" width=\"24\" height=\"24\" fill=\"currentColor\" viewBox=\"0 0 16 16\"><path fill-rule=\"evenodd\" d=\"M1.646 4.646a.5.5 0 0 1 .708 0L8 10.293l5.646-5.647a.5.5 0 0 1 .708.708l-6 6a.5.5 0 0 1-.708 0l-6-6a.5.5 0 0 1 0-.708\"><\/path><\/svg> <\/div><\/div><\/div><div class=\"esab__body\">\n<div class=\"gb-element-0bdf266d\">\n<div>\n<p class=\"gb-text gb-text-df08073b\">Pal\u00e9<\/p>\n\n\n\n<div class=\"gb-element-76fb16e2\">\n<div class=\"gb-element-c4a335d6\">\n<div class=\"gb-element-aa7382d0\"><\/div>\n\n\n\n<p class=\"gb-text gb-text-7c2508d0\">RAL 7023<\/p>\n<\/div>\n\n\n\n<div class=\"gb-element-ac98522b\">\n<div class=\"gb-element-7d62a726\"><\/div>\n\n\n\n<p class=\"gb-text gb-text-4179f47f\">RAL 9005<\/p>\n<\/div>\n<\/div>\n\n\n\n<p class=\"gb-text gb-text-75687a78\">Disponible en cualquier color a petici\u00f3n del cliente, con pedido m\u00ednimo requerido.<\/p>\n<\/div>\n<\/div>\n<\/div><\/div>\n\n\n\n<div class=\"wp-block-esab-accordion-child\"><div class=\"esab__head\" role=\"button\" aria-expanded=\"false\"><div class=\"esab__heading_txt\"><h5 class=\"esab__heading_tag\">CARGA<\/h5><\/div><div class=\"esab__icon\"><div class=\"esab__collapse\"> <svg xmlns=\"http:\/\/www.w3.org\/2000\/svg\" width=\"24\" height=\"24\" fill=\"currentColor\" viewBox=\"0 0 16 16\"><path fill-rule=\"evenodd\" d=\"M4.646 1.646a.5.5 0 0 1 .708 0l6 6a.5.5 0 0 1 0 .708l-6 6a.5.5 0 0 1-.708-.708L10.293 8 4.646 2.354a.5.5 0 0 1 0-.708\"><\/path><\/svg> <\/div><div class=\"esab__expand\"> <svg xmlns=\"http:\/\/www.w3.org\/2000\/svg\" width=\"24\" height=\"24\" fill=\"currentColor\" viewBox=\"0 0 16 16\"><path fill-rule=\"evenodd\" d=\"M1.646 4.646a.5.5 0 0 1 .708 0L8 10.293l5.646-5.647a.5.5 0 0 1 .708.708l-6 6a.5.5 0 0 1-.708 0l-6-6a.5.5 0 0 1 0-.708\"><\/path><\/svg> <\/div><\/div><\/div><div class=\"esab__body\">\n<div class=\"gb-element-094e6ba8\">\n<p class=\"gb-text gb-text-c568f2a7\">1 Cami\u00f3n<\/p>\n\n\n\n<p class=\"gb-text gb-text-9467a918\">n. 594 uds.<\/p>\n<\/div>\n\n\n\n<div class=\"gb-element-8af38898\">\n<p class=\"gb-text gb-text-66310cfb\">1 x 20\u2019 Contenedor<\/p>\n\n\n\n<p class=\"gb-text gb-text-cda68ba4\">n. 198 uds.<\/p>\n<\/div>\n\n\n\n<div class=\"gb-element-5af1bede\">\n<p class=\"gb-text gb-text-9816db92\">1 x 40\u2019 Contenedor<\/p>\n\n\n\n<p class=\"gb-text gb-text-20bc7eff\">n. 400 uds.<\/p>\n<\/div>\n<\/div><\/div>\n<\/div><\/div>\n<\/div>\n<\/div>\n","protected":false},"featured_media":0,"template":"","meta":{"_acf_changed":false},"class_list":["post-263731","product","type-product","status-publish","hentry"],"acf":[],"yoast_head":"<!-- This site is optimized with the Yoast SEO plugin v27.2 - https:\/\/yoast.com\/product\/yoast-seo-wordpress\/ -->\n<title>Plastimark | Palets apilables 80x120 de pl\u00e1stico para comercios<\/title>\n<meta name=\"description\" content=\"Descubre nuestros palets apilables 80x120 de pl\u00e1stico Cargo: robustos, con travesa\u00f1os antivuelco, capacidad hasta 4.500 kg y personalizables.\" \/>\n<meta name=\"robots\" content=\"index, follow, max-snippet:-1, max-image-preview:large, max-video-preview:-1\" \/>\n<link rel=\"canonical\" href=\"https:\/\/plastimark.com\/es\/producto\/pallet-cargo\/\" \/>\n<meta property=\"og:locale\" content=\"es_ES\" \/>\n<meta property=\"og:type\" content=\"article\" \/>\n<meta property=\"og:title\" content=\"Plastimark | Palets apilables 80x120 de pl\u00e1stico para comercios\" \/>\n<meta property=\"og:description\" content=\"Descubre nuestros palets apilables 80x120 de pl\u00e1stico Cargo: robustos, con travesa\u00f1os antivuelco, capacidad hasta 4.500 kg y personalizables.\" \/>\n<meta property=\"og:url\" content=\"https:\/\/plastimark.com\/es\/producto\/pallet-cargo\/\" \/>\n<meta property=\"og:site_name\" content=\"Plastimark\" \/>\n<meta property=\"article:publisher\" content=\"https:\/\/www.facebook.com\/Plastimark\" \/>\n<meta property=\"article:modified_time\" content=\"2026-03-10T14:44:16+00:00\" \/>\n<meta property=\"og:image\" content=\"https:\/\/plastimark.com\/wp-content\/uploads\/2025\/12\/Pallet-Cargo-side.webp\" \/>\n<meta name=\"twitter:card\" content=\"summary_large_image\" \/>\n<meta name=\"twitter:label1\" content=\"Tiempo de lectura\" \/>\n\t<meta name=\"twitter:data1\" content=\"3 minutos\" \/>\n<script type=\"application\/ld+json\" class=\"yoast-schema-graph\">{\"@context\":\"https:\/\/schema.org\",\"@graph\":[{\"@type\":\"WebPage\",\"@id\":\"https:\/\/plastimark.com\/es\/producto\/pallet-cargo\/\",\"url\":\"https:\/\/plastimark.com\/es\/producto\/pallet-cargo\/\",\"name\":\"Plastimark | Palets apilables 80x120 de pl\u00e1stico para comercios\",\"isPartOf\":{\"@id\":\"https:\/\/plastimark.com\/es\/#website\"},\"primaryImageOfPage\":{\"@id\":\"https:\/\/plastimark.com\/es\/producto\/pallet-cargo\/#primaryimage\"},\"image\":{\"@id\":\"https:\/\/plastimark.com\/es\/producto\/pallet-cargo\/#primaryimage\"},\"thumbnailUrl\":\"https:\/\/plastimark.com\/wp-content\/uploads\/2025\/12\/Pallet-Cargo-side.webp\",\"datePublished\":\"2025-12-04T08:26:40+00:00\",\"dateModified\":\"2026-03-10T14:44:16+00:00\",\"description\":\"Descubre nuestros palets apilables 80x120 de pl\u00e1stico Cargo: robustos, con travesa\u00f1os antivuelco, capacidad hasta 4.500 kg y personalizables.\",\"breadcrumb\":{\"@id\":\"https:\/\/plastimark.com\/es\/producto\/pallet-cargo\/#breadcrumb\"},\"inLanguage\":\"es\",\"potentialAction\":[{\"@type\":\"ReadAction\",\"target\":[\"https:\/\/plastimark.com\/es\/producto\/pallet-cargo\/\"]}]},{\"@type\":\"ImageObject\",\"inLanguage\":\"es\",\"@id\":\"https:\/\/plastimark.com\/es\/producto\/pallet-cargo\/#primaryimage\",\"url\":\"https:\/\/plastimark.com\/wp-content\/uploads\/2025\/12\/Pallet-Cargo-side.webp\",\"contentUrl\":\"https:\/\/plastimark.com\/wp-content\/uploads\/2025\/12\/Pallet-Cargo-side.webp\"},{\"@type\":\"BreadcrumbList\",\"@id\":\"https:\/\/plastimark.com\/es\/producto\/pallet-cargo\/#breadcrumb\",\"itemListElement\":[{\"@type\":\"ListItem\",\"position\":1,\"name\":\"Home\",\"item\":\"https:\/\/plastimark.com\/es\/\"},{\"@type\":\"ListItem\",\"position\":2,\"name\":\"Pallet Cargo\"}]},{\"@type\":\"WebSite\",\"@id\":\"https:\/\/plastimark.com\/es\/#website\",\"url\":\"https:\/\/plastimark.com\/es\/\",\"name\":\"Plastimark\",\"description\":\"Carrelli e cestini per la spesa in plastica\",\"publisher\":{\"@id\":\"https:\/\/plastimark.com\/es\/#organization\"},\"potentialAction\":[{\"@type\":\"SearchAction\",\"target\":{\"@type\":\"EntryPoint\",\"urlTemplate\":\"https:\/\/plastimark.com\/es\/?s={search_term_string}\"},\"query-input\":{\"@type\":\"PropertyValueSpecification\",\"valueRequired\":true,\"valueName\":\"search_term_string\"}}],\"inLanguage\":\"es\"},{\"@type\":\"Organization\",\"@id\":\"https:\/\/plastimark.com\/es\/#organization\",\"name\":\"Plastimark\",\"url\":\"https:\/\/plastimark.com\/es\/\",\"logo\":{\"@type\":\"ImageObject\",\"inLanguage\":\"es\",\"@id\":\"https:\/\/plastimark.com\/es\/#\/schema\/logo\/image\/\",\"url\":\"https:\/\/plastimark.com\/wp-content\/uploads\/2025\/11\/logo-plastimark.svg\",\"contentUrl\":\"https:\/\/plastimark.com\/wp-content\/uploads\/2025\/11\/logo-plastimark.svg\",\"width\":313,\"height\":81,\"caption\":\"Plastimark\"},\"image\":{\"@id\":\"https:\/\/plastimark.com\/es\/#\/schema\/logo\/image\/\"},\"sameAs\":[\"https:\/\/www.facebook.com\/Plastimark\",\"https:\/\/www.linkedin.com\/company\/plastimark-spa\/\",\"https:\/\/www.instagram.com\/plastimark\/\",\"https:\/\/www.youtube.com\/@plastimark\"]}]}<\/script>\n<!-- \/ Yoast SEO plugin. -->","yoast_head_json":{"title":"Plastimark | Palets apilables 80x120 de pl\u00e1stico para comercios","description":"Descubre nuestros palets apilables 80x120 de pl\u00e1stico Cargo: robustos, con travesa\u00f1os antivuelco, capacidad hasta 4.500 kg y personalizables.","robots":{"index":"index","follow":"follow","max-snippet":"max-snippet:-1","max-image-preview":"max-image-preview:large","max-video-preview":"max-video-preview:-1"},"canonical":"https:\/\/plastimark.com\/es\/producto\/pallet-cargo\/","og_locale":"es_ES","og_type":"article","og_title":"Plastimark | Palets apilables 80x120 de pl\u00e1stico para comercios","og_description":"Descubre nuestros palets apilables 80x120 de pl\u00e1stico Cargo: robustos, con travesa\u00f1os antivuelco, capacidad hasta 4.500 kg y personalizables.","og_url":"https:\/\/plastimark.com\/es\/producto\/pallet-cargo\/","og_site_name":"Plastimark","article_publisher":"https:\/\/www.facebook.com\/Plastimark","article_modified_time":"2026-03-10T14:44:16+00:00","og_image":[{"url":"https:\/\/plastimark.com\/wp-content\/uploads\/2025\/12\/Pallet-Cargo-side.webp","type":"","width":"","height":""}],"twitter_card":"summary_large_image","twitter_misc":{"Tiempo de lectura":"3 minutos"},"schema":{"@context":"https:\/\/schema.org","@graph":[{"@type":"WebPage","@id":"https:\/\/plastimark.com\/es\/producto\/pallet-cargo\/","url":"https:\/\/plastimark.com\/es\/producto\/pallet-cargo\/","name":"Plastimark | Palets apilables 80x120 de pl\u00e1stico para comercios","isPartOf":{"@id":"https:\/\/plastimark.com\/es\/#website"},"primaryImageOfPage":{"@id":"https:\/\/plastimark.com\/es\/producto\/pallet-cargo\/#primaryimage"},"image":{"@id":"https:\/\/plastimark.com\/es\/producto\/pallet-cargo\/#primaryimage"},"thumbnailUrl":"https:\/\/plastimark.com\/wp-content\/uploads\/2025\/12\/Pallet-Cargo-side.webp","datePublished":"2025-12-04T08:26:40+00:00","dateModified":"2026-03-10T14:44:16+00:00","description":"Descubre nuestros palets apilables 80x120 de pl\u00e1stico Cargo: robustos, con travesa\u00f1os antivuelco, capacidad hasta 4.500 kg y personalizables.","breadcrumb":{"@id":"https:\/\/plastimark.com\/es\/producto\/pallet-cargo\/#breadcrumb"},"inLanguage":"es","potentialAction":[{"@type":"ReadAction","target":["https:\/\/plastimark.com\/es\/producto\/pallet-cargo\/"]}]},{"@type":"ImageObject","inLanguage":"es","@id":"https:\/\/plastimark.com\/es\/producto\/pallet-cargo\/#primaryimage","url":"https:\/\/plastimark.com\/wp-content\/uploads\/2025\/12\/Pallet-Cargo-side.webp","contentUrl":"https:\/\/plastimark.com\/wp-content\/uploads\/2025\/12\/Pallet-Cargo-side.webp"},{"@type":"BreadcrumbList","@id":"https:\/\/plastimark.com\/es\/producto\/pallet-cargo\/#breadcrumb","itemListElement":[{"@type":"ListItem","position":1,"name":"Home","item":"https:\/\/plastimark.com\/es\/"},{"@type":"ListItem","position":2,"name":"Pallet Cargo"}]},{"@type":"WebSite","@id":"https:\/\/plastimark.com\/es\/#website","url":"https:\/\/plastimark.com\/es\/","name":"Plastimark","description":"Carrelli e cestini per la spesa in plastica","publisher":{"@id":"https:\/\/plastimark.com\/es\/#organization"},"potentialAction":[{"@type":"SearchAction","target":{"@type":"EntryPoint","urlTemplate":"https:\/\/plastimark.com\/es\/?s={search_term_string}"},"query-input":{"@type":"PropertyValueSpecification","valueRequired":true,"valueName":"search_term_string"}}],"inLanguage":"es"},{"@type":"Organization","@id":"https:\/\/plastimark.com\/es\/#organization","name":"Plastimark","url":"https:\/\/plastimark.com\/es\/","logo":{"@type":"ImageObject","inLanguage":"es","@id":"https:\/\/plastimark.com\/es\/#\/schema\/logo\/image\/","url":"https:\/\/plastimark.com\/wp-content\/uploads\/2025\/11\/logo-plastimark.svg","contentUrl":"https:\/\/plastimark.com\/wp-content\/uploads\/2025\/11\/logo-plastimark.svg","width":313,"height":81,"caption":"Plastimark"},"image":{"@id":"https:\/\/plastimark.com\/es\/#\/schema\/logo\/image\/"},"sameAs":["https:\/\/www.facebook.com\/Plastimark","https:\/\/www.linkedin.com\/company\/plastimark-spa\/","https:\/\/www.instagram.com\/plastimark\/","https:\/\/www.youtube.com\/@plastimark"]}]}},"_links":{"self":[{"href":"https:\/\/plastimark.com\/es\/wp-json\/wp\/v2\/product\/263731","targetHints":{"allow":["GET"]}}],"collection":[{"href":"https:\/\/plastimark.com\/es\/wp-json\/wp\/v2\/product"}],"about":[{"href":"https:\/\/plastimark.com\/es\/wp-json\/wp\/v2\/types\/product"}],"wp:attachment":[{"href":"https:\/\/plastimark.com\/es\/wp-json\/wp\/v2\/media?parent=263731"}],"curies":[{"name":"wp","href":"https:\/\/api.w.org\/{rel}","templated":true}]}}