{"id":263639,"date":"2025-12-04T09:22:59","date_gmt":"2025-12-04T08:22:59","guid":{"rendered":"https:\/\/plastimark-new.inode.it\/product\/tyko\/"},"modified":"2026-03-16T14:32:20","modified_gmt":"2026-03-16T13:32:20","slug":"tyko","status":"publish","type":"product","link":"https:\/\/plastimark.com\/es\/producto\/tyko\/","title":{"rendered":"Tyko"},"content":{"rendered":"\n<div class=\"gb-element-3c632dde\">\n<div class=\"gb-element-a02e6a89\">\n<h2 class=\"gb-text gb-text-faa3379e\"><strong>Tyko <\/strong> 33 L<\/h2>\n\n\n\n<div class=\"splide gallery-set-pleasy\" id=\"main-carousel\" aria-label=\"Galleria Immagini\">\n<div class=\"splide__track\">\n<div class=\"splide__list\">\n<div class=\"splide__slide\">\n<img loading=\"lazy\" decoding=\"async\" width=\"1500\" height=\"1500\" class=\"gb-media-c5bfa31d\" alt=\"Tyko vista lateral en movimiento\" src=\"https:\/\/plastimark.com\/wp-content\/uploads\/2025\/12\/Tyko-side-in-motion.webp\" title=\"Tyko side in motion\" srcset=\"https:\/\/plastimark.com\/wp-content\/uploads\/2025\/12\/Tyko-side-in-motion.webp 1500w, https:\/\/plastimark.com\/wp-content\/uploads\/2025\/12\/Tyko-side-in-motion-300x300.webp 300w, https:\/\/plastimark.com\/wp-content\/uploads\/2025\/12\/Tyko-side-in-motion-1024x1024.webp 1024w, https:\/\/plastimark.com\/wp-content\/uploads\/2025\/12\/Tyko-side-in-motion-150x150.webp 150w, https:\/\/plastimark.com\/wp-content\/uploads\/2025\/12\/Tyko-side-in-motion-768x768.webp 768w\" sizes=\"auto, (max-width: 1500px) 100vw, 1500px\" \/>\n<\/div>\n\n\n\n<div class=\"splide__slide\">\n<img loading=\"lazy\" decoding=\"async\" width=\"1500\" height=\"1500\" class=\"gb-media-83e6db29\" alt=\"Tyko vista lateral\" src=\"https:\/\/plastimark.com\/wp-content\/uploads\/2025\/12\/Tyko-side.webp\" title=\"Tyko side\" srcset=\"https:\/\/plastimark.com\/wp-content\/uploads\/2025\/12\/Tyko-side.webp 1500w, https:\/\/plastimark.com\/wp-content\/uploads\/2025\/12\/Tyko-side-300x300.webp 300w, https:\/\/plastimark.com\/wp-content\/uploads\/2025\/12\/Tyko-side-1024x1024.webp 1024w, https:\/\/plastimark.com\/wp-content\/uploads\/2025\/12\/Tyko-side-150x150.webp 150w, https:\/\/plastimark.com\/wp-content\/uploads\/2025\/12\/Tyko-side-768x768.webp 768w\" sizes=\"auto, (max-width: 1500px) 100vw, 1500px\" \/>\n<\/div>\n\n\n\n<div class=\"splide__slide\">\n<img loading=\"lazy\" decoding=\"async\" width=\"1500\" height=\"1500\" class=\"gb-media-a97a6ef2\" alt=\"Tyko con compra\" src=\"https:\/\/plastimark.com\/wp-content\/uploads\/2025\/12\/Tyko-full.webp\" title=\"Tyko full\" srcset=\"https:\/\/plastimark.com\/wp-content\/uploads\/2025\/12\/Tyko-full.webp 1500w, https:\/\/plastimark.com\/wp-content\/uploads\/2025\/12\/Tyko-full-300x300.webp 300w, https:\/\/plastimark.com\/wp-content\/uploads\/2025\/12\/Tyko-full-1024x1024.webp 1024w, https:\/\/plastimark.com\/wp-content\/uploads\/2025\/12\/Tyko-full-150x150.webp 150w, https:\/\/plastimark.com\/wp-content\/uploads\/2025\/12\/Tyko-full-768x768.webp 768w\" sizes=\"auto, (max-width: 1500px) 100vw, 1500px\" \/>\n<\/div>\n\n\n\n<div class=\"gb-element-7723a98e splide__slide\">\n<img loading=\"lazy\" decoding=\"async\" width=\"1500\" height=\"1500\" class=\"gb-media-b89c7112\" alt=\"Tyko vista superior\" src=\"https:\/\/plastimark.com\/wp-content\/uploads\/2025\/12\/Tyko-birds-eye-view.webp\" title=\"Tyko bird&apos;s-eye view\" srcset=\"https:\/\/plastimark.com\/wp-content\/uploads\/2025\/12\/Tyko-birds-eye-view.webp 1500w, https:\/\/plastimark.com\/wp-content\/uploads\/2025\/12\/Tyko-birds-eye-view-300x300.webp 300w, https:\/\/plastimark.com\/wp-content\/uploads\/2025\/12\/Tyko-birds-eye-view-1024x1024.webp 1024w, https:\/\/plastimark.com\/wp-content\/uploads\/2025\/12\/Tyko-birds-eye-view-150x150.webp 150w, https:\/\/plastimark.com\/wp-content\/uploads\/2025\/12\/Tyko-birds-eye-view-768x768.webp 768w\" sizes=\"auto, (max-width: 1500px) 100vw, 1500px\" \/>\n<\/div>\n\n\n\n<div class=\"gb-element-2bb56a6d splide__slide\">\n<img loading=\"lazy\" decoding=\"async\" width=\"1500\" height=\"1500\" class=\"gb-media-08349521\" alt=\"Tyko apilada\" src=\"https:\/\/plastimark.com\/wp-content\/uploads\/2025\/12\/Tyko-nested.webp\" title=\"Tyko nested\" srcset=\"https:\/\/plastimark.com\/wp-content\/uploads\/2025\/12\/Tyko-nested.webp 1500w, https:\/\/plastimark.com\/wp-content\/uploads\/2025\/12\/Tyko-nested-300x300.webp 300w, https:\/\/plastimark.com\/wp-content\/uploads\/2025\/12\/Tyko-nested-1024x1024.webp 1024w, https:\/\/plastimark.com\/wp-content\/uploads\/2025\/12\/Tyko-nested-150x150.webp 150w, https:\/\/plastimark.com\/wp-content\/uploads\/2025\/12\/Tyko-nested-768x768.webp 768w\" sizes=\"auto, (max-width: 1500px) 100vw, 1500px\" \/>\n<\/div>\n<\/div>\n<\/div>\n<\/div>\n\n\n\n<div class=\"gb-element-18c90475 splide\" id=\"thumbnail-carousel\" aria-label=\"Navigazione miniature\">\n<div class=\"splide__track\">\n<div class=\"splide__list\"><\/div>\n<\/div>\n<\/div>\n\n\n\n<p class=\"gb-text\">Tyko es la cesta de compra perfecta para satisfacer las necesidades de eficiencia y practicidad en las tiendas modernas.<\/p>\n\n\n\n<p class=\"gb-text\">Con capacidad para 33\u202flitros y dimensiones, Tyko destaca por su robustez y ergonom\u00eda. La estructura de pl\u00e1stico, f\u00e1cilmente apilable, es resistente, higi\u00e9nica y totalmente personalizable en una amplia gama de colores.<\/p>\n\n\n\n<p class=\"gb-text\">Tyko ofrece un equilibrio ideal entre manejabilidad, durabilidad y dise\u00f1o, representando la elecci\u00f3n perfecta para entornos minoristas atentos a la funcionalidad y la est\u00e9tica.<\/p>\n\n\n\n<div class=\"gb-element-a2bbc957\">\n<div class=\"gb-element-c7572b58\">\n<img loading=\"lazy\" decoding=\"async\" width=\"166\" height=\"150\" class=\"gb-media-b72f7cb1 no-lightbox\" alt=\"\" src=\"https:\/\/plastimark.com\/wp-content\/uploads\/2026\/01\/ELEGANT-icon.svg\" title=\"icona-di-design\"\/>\n\n\n\n<p class=\"gb-text gb-text-fc5ac263\">ELEGANTE<\/p>\n<\/div>\n\n\n\n<div class=\"gb-element-c03d67e1\">\n<img loading=\"lazy\" decoding=\"async\" width=\"166\" height=\"150\" class=\"gb-media-1e5e5718 no-lightbox\" alt=\"\" src=\"https:\/\/plastimark.com\/wp-content\/uploads\/2026\/01\/LIGHT-icon.svg\" title=\"icona-facile-da-manovrare\"\/>\n\n\n\n<p class=\"gb-text gb-text-1e09ad74\">LIGERA<\/p>\n<\/div>\n\n\n\n<div class=\"gb-element-3d93d521\">\n<img loading=\"lazy\" decoding=\"async\" width=\"166\" height=\"150\" class=\"gb-media-d48e31e1 no-lightbox\" alt=\"\" src=\"https:\/\/plastimark.com\/wp-content\/uploads\/2026\/01\/ERGONOMIC-icon.svg\" title=\"icona-senza-viti\"\/>\n\n\n\n<p class=\"gb-text gb-text-601688c2\">ERGON\u00d3MICA<\/p>\n<\/div>\n<\/div>\n\n\n\n<div class=\"gb-element-54e0c14c\">\n<div class=\"gb-element-95d1e4c7\">\n<a href=\"https:\/\/plastimark.com\/wp-content\/uploads\/PCF_Tyko-EN.pdf\" target=\"_blank\" rel=\"noopener\"><img loading=\"lazy\" decoding=\"async\" width=\"245\" height=\"179\" class=\"gb-media-dad66179 no-lightbox\" alt=\"\" src=\"https:\/\/plastimark.com\/wp-content\/uploads\/2026\/02\/CO2-Footprint.svg\" title=\"icona-co2\"\/><\/a>\n<\/div>\n\n\n\n<div class=\"gb-element-352a7f5d\">\n<a href=\"https:\/\/plastimark.com\/es\/rfid\/\" target=\"_blank\" rel=\"noopener\"><img loading=\"lazy\" decoding=\"async\" width=\"245\" height=\"179\" class=\"gb-media-413f356b no-lightbox\" alt=\"\" src=\"https:\/\/plastimark.com\/wp-content\/uploads\/2026\/02\/RFID-Technology.svg\" title=\"icona-rfid\"\/><\/a>\n<\/div>\n\n\n\n<div class=\"gb-element-909ae82f\">\n<a href=\"https:\/\/plastimark.com\/es\/tuv-rheinland\/\" target=\"_blank\" rel=\"noopener\"><img loading=\"lazy\" decoding=\"async\" width=\"1721\" height=\"871\" class=\"gb-media-e8eda016 no-lightbox\" alt=\"\" title=\"TUV-111299205-Tyko Onda Minityko\" src=\"https:\/\/plastimark.com\/wp-content\/uploads\/2025\/12\/TUV-111299205-Tyko-Onda-Minityko.webp\" srcset=\"https:\/\/plastimark.com\/wp-content\/uploads\/2025\/12\/TUV-111299205-Tyko-Onda-Minityko.webp 1721w, https:\/\/plastimark.com\/wp-content\/uploads\/2025\/12\/TUV-111299205-Tyko-Onda-Minityko-300x152.webp 300w, https:\/\/plastimark.com\/wp-content\/uploads\/2025\/12\/TUV-111299205-Tyko-Onda-Minityko-1024x518.webp 1024w, https:\/\/plastimark.com\/wp-content\/uploads\/2025\/12\/TUV-111299205-Tyko-Onda-Minityko-768x389.webp 768w, https:\/\/plastimark.com\/wp-content\/uploads\/2025\/12\/TUV-111299205-Tyko-Onda-Minityko-1536x777.webp 1536w\" sizes=\"auto, (max-width: 1721px) 100vw, 1721px\" \/><\/a>\n<\/div>\n<\/div>\n<\/div>\n\n\n\n<div class=\"gb-element-7433462b\">\n<div class=\"gb-element-048980b0\">\n<\/div>\n\n\n\n<div class=\"wp-block-esab-accordion esab-ekj3qxye nested-accordion\" data-mode=\"individual\" data-close=\"true\"><div class=\"esab__container\">\n<div class=\"wp-block-esab-accordion-child esab__active_accordion\"><div class=\"esab__head\" role=\"button\" aria-expanded=\"true\"><div class=\"esab__heading_txt\"><h5 class=\"esab__heading_tag\">Caracter\u00edsticas<\/h5><\/div><div class=\"esab__icon esab__active_icon\"><div class=\"esab__collapse\"> <svg xmlns=\"http:\/\/www.w3.org\/2000\/svg\" width=\"24\" height=\"24\" fill=\"currentColor\" viewBox=\"0 0 16 16\"><path fill-rule=\"evenodd\" d=\"M4.646 1.646a.5.5 0 0 1 .708 0l6 6a.5.5 0 0 1 0 .708l-6 6a.5.5 0 0 1-.708-.708L10.293 8 4.646 2.354a.5.5 0 0 1 0-.708\"><\/path><\/svg> <\/div><div class=\"esab__expand\"> <svg xmlns=\"http:\/\/www.w3.org\/2000\/svg\" width=\"24\" height=\"24\" fill=\"currentColor\" viewBox=\"0 0 16 16\"><path fill-rule=\"evenodd\" d=\"M1.646 4.646a.5.5 0 0 1 .708 0L8 10.293l5.646-5.647a.5.5 0 0 1 .708.708l-6 6a.5.5 0 0 1-.708 0l-6-6a.5.5 0 0 1 0-.708\"><\/path><\/svg> <\/div><\/div><\/div><div class=\"esab__body esab__active\">\n<div class=\"gb-element-bde2d163\">\n<p class=\"gb-text gb-text-763a608b\">Capacidad<\/p>\n\n\n\n<p class=\"gb-text gb-text-c6482640\">33 L<\/p>\n<\/div>\n\n\n\n<div class=\"gb-element-32b9c385\">\n<p class=\"gb-text gb-text-e94c202f\">Anchura<\/p>\n\n\n\n<p class=\"gb-text gb-text-4f8cfa2d\">530 mm<\/p>\n<\/div>\n\n\n\n<div class=\"gb-element-071d9e71\">\n<p class=\"gb-text gb-text-17121fea\">Altura<\/p>\n\n\n\n<p class=\"gb-text gb-text-950601ef\">275 mm<\/p>\n<\/div>\n\n\n\n<div class=\"gb-element-8b96554a\">\n<p class=\"gb-text gb-text-332d4032\">Profundidad<\/p>\n\n\n\n<p class=\"gb-text gb-text-5a867bf5\">370 mm<\/p>\n<\/div>\n\n\n\n<div class=\"gb-element-ac6c666c\">\n<p class=\"gb-text gb-text-624077b3\">Apilabilidad<\/p>\n\n\n\n<p class=\"gb-text gb-text-4e806a9b\">24 mm<\/p>\n<\/div>\n\n\n\n<div class=\"gb-element-9187c8e4\">\n<p class=\"gb-text gb-text-5877cd6a\">Peso<\/p>\n\n\n\n<p class=\"gb-text gb-text-41461ed5\">1 Kg<\/p>\n<\/div>\n<\/div><\/div>\n\n\n\n<div class=\"wp-block-esab-accordion-child\"><div class=\"esab__head\" role=\"button\" aria-expanded=\"false\"><div class=\"esab__heading_txt\"><h5 class=\"esab__heading_tag\">COLORES EST\u00c1NDAR<\/h5><\/div><div class=\"esab__icon\"><div class=\"esab__collapse\"> <svg xmlns=\"http:\/\/www.w3.org\/2000\/svg\" width=\"24\" height=\"24\" fill=\"currentColor\" viewBox=\"0 0 16 16\"><path fill-rule=\"evenodd\" d=\"M4.646 1.646a.5.5 0 0 1 .708 0l6 6a.5.5 0 0 1 0 .708l-6 6a.5.5 0 0 1-.708-.708L10.293 8 4.646 2.354a.5.5 0 0 1 0-.708\"><\/path><\/svg> <\/div><div class=\"esab__expand\"> <svg xmlns=\"http:\/\/www.w3.org\/2000\/svg\" width=\"24\" height=\"24\" fill=\"currentColor\" viewBox=\"0 0 16 16\"><path fill-rule=\"evenodd\" d=\"M1.646 4.646a.5.5 0 0 1 .708 0L8 10.293l5.646-5.647a.5.5 0 0 1 .708.708l-6 6a.5.5 0 0 1-.708 0l-6-6a.5.5 0 0 1 0-.708\"><\/path><\/svg> <\/div><\/div><\/div><div class=\"esab__body\">\n<div class=\"gb-element-0bdf266d\">\n<div>\n<p class=\"gb-text gb-text-7b021073\">Cesta<\/p>\n<\/div>\n\n\n\n<div>\n<div class=\"gb-element-90ee72c5\">\n<div class=\"gb-element-829323be\">\n<div class=\"gb-element-27f8f28a\"><\/div>\n\n\n\n<p class=\"gb-text gb-text-9d9fff38\">RAL 2008<\/p>\n<\/div>\n\n\n\n<div class=\"gb-element-33377bcc\">\n<div class=\"gb-element-7dddd618\"><\/div>\n\n\n\n<p class=\"gb-text gb-text-81f13b74\">RAL 3020<\/p>\n<\/div>\n\n\n\n<div class=\"gb-element-770d1f30\">\n<div class=\"gb-element-ce9543de\"><\/div>\n\n\n\n<p class=\"gb-text gb-text-49388635\">RAL 5015<\/p>\n<\/div>\n\n\n\n<div class=\"gb-element-18808e48\">\n<div class=\"gb-element-7c7305d8\"><\/div>\n\n\n\n<p class=\"gb-text gb-text-a2264730\">RAL 6005<\/p>\n<\/div>\n\n\n\n<div class=\"gb-element-86fc4df2\">\n<div class=\"gb-element-c7670a13\"><\/div>\n\n\n\n<p class=\"gb-text gb-text-18674bf5\">RAL 6018<\/p>\n<\/div>\n\n\n\n<div class=\"gb-element-bb9dee8a\">\n<div class=\"gb-element-81cd3599\"><\/div>\n\n\n\n<p class=\"gb-text gb-text-482cbaaa\">RAL 7043<\/p>\n<\/div>\n\n\n\n<div class=\"gb-element-0004bcbc\">\n<div class=\"gb-element-5dcbbf21\"><\/div>\n\n\n\n<p class=\"gb-text gb-text-f546a34f\">RAL 9005<\/p>\n<\/div>\n<\/div>\n\n\n\n<div>\n<p class=\"gb-text gb-text-88de339b\">Asa<\/p>\n<\/div>\n\n\n\n<div class=\"gb-element-3630184f\">\n<div class=\"gb-element-443c30aa\">\n<div class=\"gb-element-af3e5fa5\"><\/div>\n\n\n\n<p class=\"gb-text gb-text-20a44252\">RAL 9005<\/p>\n<\/div>\n<\/div>\n\n\n\n<p class=\"gb-text gb-text-75687a78\">Disponible en cualquier color a petici\u00f3n del cliente, con pedido m\u00ednimo requerido.<\/p>\n<\/div>\n<\/div>\n<\/div><\/div>\n\n\n\n<div class=\"wp-block-esab-accordion-child\"><div class=\"esab__head\" role=\"button\" aria-expanded=\"false\"><div class=\"esab__heading_txt\"><h5 class=\"esab__heading_tag\">CARGA<\/h5><\/div><div class=\"esab__icon\"><div class=\"esab__collapse\"> <svg xmlns=\"http:\/\/www.w3.org\/2000\/svg\" width=\"24\" height=\"24\" fill=\"currentColor\" viewBox=\"0 0 16 16\"><path fill-rule=\"evenodd\" d=\"M4.646 1.646a.5.5 0 0 1 .708 0l6 6a.5.5 0 0 1 0 .708l-6 6a.5.5 0 0 1-.708-.708L10.293 8 4.646 2.354a.5.5 0 0 1 0-.708\"><\/path><\/svg> <\/div><div class=\"esab__expand\"> <svg xmlns=\"http:\/\/www.w3.org\/2000\/svg\" width=\"24\" height=\"24\" fill=\"currentColor\" viewBox=\"0 0 16 16\"><path fill-rule=\"evenodd\" d=\"M1.646 4.646a.5.5 0 0 1 .708 0L8 10.293l5.646-5.647a.5.5 0 0 1 .708.708l-6 6a.5.5 0 0 1-.708 0l-6-6a.5.5 0 0 1 0-.708\"><\/path><\/svg> <\/div><\/div><\/div><div class=\"esab__body\">\n<div class=\"gb-element-094e6ba8\">\n<p class=\"gb-text gb-text-c568f2a7\">Pal\u00e9 (120x80xh. 220 cm)<\/p>\n\n\n\n<p class=\"gb-text gb-text-9467a918\">n. 300 uds.<\/p>\n<\/div>\n\n\n\n<div class=\"gb-element-c78f7bf7\">\n<p class=\"gb-text gb-text-71947101\">1 Cami\u00f3n<\/p>\n\n\n\n<p class=\"gb-text gb-text-3af20ddd\">n. 9.900 uds.<\/p>\n<\/div>\n\n\n\n<div class=\"gb-element-98b47759\">\n<p class=\"gb-text gb-text-7ddd9ddc\">1 x 20\u2019 Contenedor<\/p>\n\n\n\n<p class=\"gb-text gb-text-1cabbd69\">n. 4.200 uds.<\/p>\n<\/div>\n\n\n\n<div class=\"gb-element-effcbe3b\">\n<p class=\"gb-text gb-text-739398c0\">1 x 40\u2019 Contenedor<\/p>\n\n\n\n<p class=\"gb-text gb-text-9a4d720a\">n. 9.000 uds.<\/p>\n<\/div>\n<\/div><\/div>\n<\/div><\/div>\n<\/div>\n<\/div>\n","protected":false},"featured_media":0,"template":"","meta":{"_acf_changed":false},"class_list":["post-263639","product","type-product","status-publish","hentry"],"acf":[],"yoast_head":"<!-- This site is optimized with the Yoast SEO plugin v27.2 - https:\/\/yoast.com\/product\/yoast-seo-wordpress\/ -->\n<title>Plastimark | Modelo Tyko: canasta de mano para supermercado<\/title>\n<meta name=\"description\" content=\"Descubre nuestra canasta de mano Tyko: robusta, ergon\u00f3mica, de pl\u00e1stico reciclable y personalizable en una amplia gama de colores.\" \/>\n<meta name=\"robots\" content=\"index, follow, max-snippet:-1, max-image-preview:large, max-video-preview:-1\" \/>\n<link rel=\"canonical\" href=\"https:\/\/plastimark.com\/es\/producto\/tyko\/\" \/>\n<meta property=\"og:locale\" content=\"es_ES\" \/>\n<meta property=\"og:type\" content=\"article\" \/>\n<meta property=\"og:title\" content=\"Plastimark | Modelo Tyko: canasta de mano para supermercado\" \/>\n<meta property=\"og:description\" content=\"Descubre nuestra canasta de mano Tyko: robusta, ergon\u00f3mica, de pl\u00e1stico reciclable y personalizable en una amplia gama de colores.\" \/>\n<meta property=\"og:url\" content=\"https:\/\/plastimark.com\/es\/producto\/tyko\/\" \/>\n<meta property=\"og:site_name\" content=\"Plastimark\" \/>\n<meta property=\"article:publisher\" content=\"https:\/\/www.facebook.com\/Plastimark\" \/>\n<meta property=\"article:modified_time\" content=\"2026-03-16T13:32:20+00:00\" \/>\n<meta property=\"og:image\" content=\"https:\/\/plastimark.com\/wp-content\/uploads\/2025\/12\/Tyko-side-in-motion.webp\" \/>\n<meta name=\"twitter:card\" content=\"summary_large_image\" \/>\n<meta name=\"twitter:label1\" content=\"Tiempo de lectura\" \/>\n\t<meta name=\"twitter:data1\" content=\"3 minutos\" \/>\n<script type=\"application\/ld+json\" class=\"yoast-schema-graph\">{\"@context\":\"https:\/\/schema.org\",\"@graph\":[{\"@type\":\"WebPage\",\"@id\":\"https:\/\/plastimark.com\/es\/producto\/tyko\/\",\"url\":\"https:\/\/plastimark.com\/es\/producto\/tyko\/\",\"name\":\"Plastimark | Modelo Tyko: canasta de mano para supermercado\",\"isPartOf\":{\"@id\":\"https:\/\/plastimark.com\/es\/#website\"},\"primaryImageOfPage\":{\"@id\":\"https:\/\/plastimark.com\/es\/producto\/tyko\/#primaryimage\"},\"image\":{\"@id\":\"https:\/\/plastimark.com\/es\/producto\/tyko\/#primaryimage\"},\"thumbnailUrl\":\"https:\/\/plastimark.com\/wp-content\/uploads\/2025\/12\/Tyko-side-in-motion.webp\",\"datePublished\":\"2025-12-04T08:22:59+00:00\",\"dateModified\":\"2026-03-16T13:32:20+00:00\",\"description\":\"Descubre nuestra canasta de mano Tyko: robusta, ergon\u00f3mica, de pl\u00e1stico reciclable y personalizable en una amplia gama de colores.\",\"breadcrumb\":{\"@id\":\"https:\/\/plastimark.com\/es\/producto\/tyko\/#breadcrumb\"},\"inLanguage\":\"es\",\"potentialAction\":[{\"@type\":\"ReadAction\",\"target\":[\"https:\/\/plastimark.com\/es\/producto\/tyko\/\"]}]},{\"@type\":\"ImageObject\",\"inLanguage\":\"es\",\"@id\":\"https:\/\/plastimark.com\/es\/producto\/tyko\/#primaryimage\",\"url\":\"https:\/\/plastimark.com\/wp-content\/uploads\/2025\/12\/Tyko-side-in-motion.webp\",\"contentUrl\":\"https:\/\/plastimark.com\/wp-content\/uploads\/2025\/12\/Tyko-side-in-motion.webp\"},{\"@type\":\"BreadcrumbList\",\"@id\":\"https:\/\/plastimark.com\/es\/producto\/tyko\/#breadcrumb\",\"itemListElement\":[{\"@type\":\"ListItem\",\"position\":1,\"name\":\"Home\",\"item\":\"https:\/\/plastimark.com\/es\/\"},{\"@type\":\"ListItem\",\"position\":2,\"name\":\"Tyko\"}]},{\"@type\":\"WebSite\",\"@id\":\"https:\/\/plastimark.com\/es\/#website\",\"url\":\"https:\/\/plastimark.com\/es\/\",\"name\":\"Plastimark\",\"description\":\"Carrelli e cestini per la spesa in plastica\",\"publisher\":{\"@id\":\"https:\/\/plastimark.com\/es\/#organization\"},\"potentialAction\":[{\"@type\":\"SearchAction\",\"target\":{\"@type\":\"EntryPoint\",\"urlTemplate\":\"https:\/\/plastimark.com\/es\/?s={search_term_string}\"},\"query-input\":{\"@type\":\"PropertyValueSpecification\",\"valueRequired\":true,\"valueName\":\"search_term_string\"}}],\"inLanguage\":\"es\"},{\"@type\":\"Organization\",\"@id\":\"https:\/\/plastimark.com\/es\/#organization\",\"name\":\"Plastimark\",\"url\":\"https:\/\/plastimark.com\/es\/\",\"logo\":{\"@type\":\"ImageObject\",\"inLanguage\":\"es\",\"@id\":\"https:\/\/plastimark.com\/es\/#\/schema\/logo\/image\/\",\"url\":\"https:\/\/plastimark.com\/wp-content\/uploads\/2025\/11\/logo-plastimark.svg\",\"contentUrl\":\"https:\/\/plastimark.com\/wp-content\/uploads\/2025\/11\/logo-plastimark.svg\",\"width\":313,\"height\":81,\"caption\":\"Plastimark\"},\"image\":{\"@id\":\"https:\/\/plastimark.com\/es\/#\/schema\/logo\/image\/\"},\"sameAs\":[\"https:\/\/www.facebook.com\/Plastimark\",\"https:\/\/www.linkedin.com\/company\/plastimark-spa\/\",\"https:\/\/www.instagram.com\/plastimark\/\",\"https:\/\/www.youtube.com\/@plastimark\"]}]}<\/script>\n<!-- \/ Yoast SEO plugin. -->","yoast_head_json":{"title":"Plastimark | Modelo Tyko: canasta de mano para supermercado","description":"Descubre nuestra canasta de mano Tyko: robusta, ergon\u00f3mica, de pl\u00e1stico reciclable y personalizable en una amplia gama de colores.","robots":{"index":"index","follow":"follow","max-snippet":"max-snippet:-1","max-image-preview":"max-image-preview:large","max-video-preview":"max-video-preview:-1"},"canonical":"https:\/\/plastimark.com\/es\/producto\/tyko\/","og_locale":"es_ES","og_type":"article","og_title":"Plastimark | Modelo Tyko: canasta de mano para supermercado","og_description":"Descubre nuestra canasta de mano Tyko: robusta, ergon\u00f3mica, de pl\u00e1stico reciclable y personalizable en una amplia gama de colores.","og_url":"https:\/\/plastimark.com\/es\/producto\/tyko\/","og_site_name":"Plastimark","article_publisher":"https:\/\/www.facebook.com\/Plastimark","article_modified_time":"2026-03-16T13:32:20+00:00","og_image":[{"url":"https:\/\/plastimark.com\/wp-content\/uploads\/2025\/12\/Tyko-side-in-motion.webp","type":"","width":"","height":""}],"twitter_card":"summary_large_image","twitter_misc":{"Tiempo de lectura":"3 minutos"},"schema":{"@context":"https:\/\/schema.org","@graph":[{"@type":"WebPage","@id":"https:\/\/plastimark.com\/es\/producto\/tyko\/","url":"https:\/\/plastimark.com\/es\/producto\/tyko\/","name":"Plastimark | Modelo Tyko: canasta de mano para supermercado","isPartOf":{"@id":"https:\/\/plastimark.com\/es\/#website"},"primaryImageOfPage":{"@id":"https:\/\/plastimark.com\/es\/producto\/tyko\/#primaryimage"},"image":{"@id":"https:\/\/plastimark.com\/es\/producto\/tyko\/#primaryimage"},"thumbnailUrl":"https:\/\/plastimark.com\/wp-content\/uploads\/2025\/12\/Tyko-side-in-motion.webp","datePublished":"2025-12-04T08:22:59+00:00","dateModified":"2026-03-16T13:32:20+00:00","description":"Descubre nuestra canasta de mano Tyko: robusta, ergon\u00f3mica, de pl\u00e1stico reciclable y personalizable en una amplia gama de colores.","breadcrumb":{"@id":"https:\/\/plastimark.com\/es\/producto\/tyko\/#breadcrumb"},"inLanguage":"es","potentialAction":[{"@type":"ReadAction","target":["https:\/\/plastimark.com\/es\/producto\/tyko\/"]}]},{"@type":"ImageObject","inLanguage":"es","@id":"https:\/\/plastimark.com\/es\/producto\/tyko\/#primaryimage","url":"https:\/\/plastimark.com\/wp-content\/uploads\/2025\/12\/Tyko-side-in-motion.webp","contentUrl":"https:\/\/plastimark.com\/wp-content\/uploads\/2025\/12\/Tyko-side-in-motion.webp"},{"@type":"BreadcrumbList","@id":"https:\/\/plastimark.com\/es\/producto\/tyko\/#breadcrumb","itemListElement":[{"@type":"ListItem","position":1,"name":"Home","item":"https:\/\/plastimark.com\/es\/"},{"@type":"ListItem","position":2,"name":"Tyko"}]},{"@type":"WebSite","@id":"https:\/\/plastimark.com\/es\/#website","url":"https:\/\/plastimark.com\/es\/","name":"Plastimark","description":"Carrelli e cestini per la spesa in plastica","publisher":{"@id":"https:\/\/plastimark.com\/es\/#organization"},"potentialAction":[{"@type":"SearchAction","target":{"@type":"EntryPoint","urlTemplate":"https:\/\/plastimark.com\/es\/?s={search_term_string}"},"query-input":{"@type":"PropertyValueSpecification","valueRequired":true,"valueName":"search_term_string"}}],"inLanguage":"es"},{"@type":"Organization","@id":"https:\/\/plastimark.com\/es\/#organization","name":"Plastimark","url":"https:\/\/plastimark.com\/es\/","logo":{"@type":"ImageObject","inLanguage":"es","@id":"https:\/\/plastimark.com\/es\/#\/schema\/logo\/image\/","url":"https:\/\/plastimark.com\/wp-content\/uploads\/2025\/11\/logo-plastimark.svg","contentUrl":"https:\/\/plastimark.com\/wp-content\/uploads\/2025\/11\/logo-plastimark.svg","width":313,"height":81,"caption":"Plastimark"},"image":{"@id":"https:\/\/plastimark.com\/es\/#\/schema\/logo\/image\/"},"sameAs":["https:\/\/www.facebook.com\/Plastimark","https:\/\/www.linkedin.com\/company\/plastimark-spa\/","https:\/\/www.instagram.com\/plastimark\/","https:\/\/www.youtube.com\/@plastimark"]}]}},"_links":{"self":[{"href":"https:\/\/plastimark.com\/es\/wp-json\/wp\/v2\/product\/263639","targetHints":{"allow":["GET"]}}],"collection":[{"href":"https:\/\/plastimark.com\/es\/wp-json\/wp\/v2\/product"}],"about":[{"href":"https:\/\/plastimark.com\/es\/wp-json\/wp\/v2\/types\/product"}],"wp:attachment":[{"href":"https:\/\/plastimark.com\/es\/wp-json\/wp\/v2\/media?parent=263639"}],"curies":[{"name":"wp","href":"https:\/\/api.w.org\/{rel}","templated":true}]}}