{"id":265269,"date":"2026-01-29T08:55:21","date_gmt":"2026-01-29T07:55:21","guid":{"rendered":"https:\/\/plastimark.com\/rfid\/"},"modified":"2026-02-18T15:53:44","modified_gmt":"2026-02-18T14:53:44","slug":"rfid","status":"publish","type":"page","link":"https:\/\/plastimark.com\/es\/rfid\/","title":{"rendered":"RFID"},"content":{"rendered":"\n<div class=\"gb-element-e94d6ce3\">\n<h2 class=\"gb-text gb-text-ee146ff8\">Plastimark, la soluci\u00f3n optimizada para RFID<\/h2>\n\n\n\n<h4 class=\"gb-text gb-text-9d7e4dac\"><em><strong>Plastimark permite un comercio minorista m\u00e1s inteligente, r\u00e1pido y conectado gracias al dise\u00f1o<br>de los carros de pl\u00e1stico preparados para la tecnolog\u00eda RFID.<\/strong><\/em><\/h4>\n\n\n\n<div class=\"gb-element-56d8b37a\">\n<p class=\"gb-text gb-text-c2eb7525\">La tecnolog\u00eda RFID (Identificaci\u00f3n por Radiofrecuencia) est\u00e1 transformando r\u00e1pidamente el comercio minorista moderno, permitiendo la <strong>identificaci\u00f3n de productos sin contacto<\/strong>, el <strong>seguimiento del inventario<\/strong> en tiempo real y <strong>procesos de pago automatizados<\/strong>.<\/p>\n\n\n\n<p class=\"gb-text gb-text-04ca7086\">Un <strong>sistema RFID<\/strong> consta de dos componentes principales: la <strong>etiqueta<\/strong> <strong>RFID<\/strong>, que almacena datos en un microchip conectado a una antena, y el <strong>lector RFID<\/strong>, que recibe las se\u00f1ales de radio y las convierte en informaci\u00f3n digital para la gesti\u00f3n de existencias, la trazabilidad y las operaciones en el punto de venta.<\/p>\n\n\n\n<p class=\"gb-text gb-text-4e354b30\">Para garantizar un <strong>rendimiento \u00f3ptimo de RFID<\/strong>, el entorno debe permitir que las ondas de radio se propaguen sin interferencias. Esto hace que la elecci\u00f3n del material de los carros de la compra sea un factor cr\u00edtico en las tiendas equipadas con tecnolog\u00eda RFID.<\/p>\n\n\n\n<h3 class=\"gb-text gb-text-3dbf9977\"><strong><strong>Plastimark plastic trolleys are the smart choice for RFID-enabled retail stores<\/strong><\/strong><\/h3>\n\n\n\n<p class=\"gb-text gb-text-fc72b3ed\">Los <strong>productos Plastimark\u00ae<\/strong> est\u00e1n dise\u00f1ados para ser completamente compatibles con la <strong>tecnolog\u00eda RFID<\/strong>, aprovechando la ventaja natural del pl\u00e1stico, que no interfiere con la lectura de las etiquetas electr\u00f3nicas, a diferencia de los carros de metal, que bloquean la se\u00f1al debido al efecto<strong> jaula de Faraday<\/strong>. Al eliminar las interferencias electromagn\u00e9ticas, los carros de pl\u00e1stico Plastimark\u00ae respaldan activamente la digitalizaci\u00f3n del comercio minorista, la<strong> automatizaci\u00f3n de tiendas<\/strong> y las operaciones basadas en datos.<\/p>\n<\/div>\n<\/div>\n\n\n\n<div class=\"gb-element-a7f6558c\" id=\"vision-mission\">\n<div class=\"gb-element-a8a3b17d\">\n<div class=\"gb-element-ac40824a\">\n<img loading=\"lazy\" decoding=\"async\" width=\"150\" height=\"150\" class=\"gb-media-5b563fcb no-lightbox\" alt=\"\" title=\"icona-rfid\" src=\"https:\/\/plastimark.com\/wp-content\/uploads\/2025\/11\/icona-rfid.svg\"\/>\n<\/div>\n\n\n\n<div class=\"gb-element-0633ecf6\">\n<h3 class=\"gb-text\">Con los carros de compra totalmente de pl\u00e1stico<br>Plastimark\u00ae, los minoristas obtienen<br>los siguientes beneficios:<\/h3>\n\n\n\n<div class=\"gb-element-3379ac53\">\n<p class=\"gb-text-ca7643aa\"><span class=\"gb-shape\"><svg aria-hidden=\"true\" role=\"img\" height=\"1em\" width=\"1em\" viewBox=\"0 0 512 512\" xmlns=\"http:\/\/www.w3.org\/2000\/svg\"><path fill=\"currentColor\" d=\"M173.898 439.404l-166.4-166.4c-9.997-9.997-9.997-26.206 0-36.204l36.203-36.204c9.997-9.998 26.207-9.998 36.204 0L192 312.69 432.095 72.596c9.997-9.997 26.207-9.997 36.204 0l36.203 36.204c9.997 9.997 9.997 26.206 0 36.204l-294.4 294.401c-9.998 9.997-26.207 9.997-36.204-.001z\"><\/path><\/svg><\/span><span class=\"gb-text\">Alta precisi\u00f3n y fiabilidad en la lectura RFID<\/span><\/p>\n\n\n\n<p class=\"gb-text-aefd8df2\"><span class=\"gb-shape\"><svg aria-hidden=\"true\" role=\"img\" height=\"1em\" width=\"1em\" viewBox=\"0 0 512 512\" xmlns=\"http:\/\/www.w3.org\/2000\/svg\"><path fill=\"currentColor\" d=\"M173.898 439.404l-166.4-166.4c-9.997-9.997-9.997-26.206 0-36.204l36.203-36.204c9.997-9.998 26.207-9.998 36.204 0L192 312.69 432.095 72.596c9.997-9.997 26.207-9.997 36.204 0l36.203 36.204c9.997 9.997 9.997 26.206 0 36.204l-294.4 294.401c-9.998 9.997-26.207 9.997-36.204-.001z\"><\/path><\/svg><\/span><span class=\"gb-text\">Posibilidad de implementar m\u00e9todos de pago self-checkout<\/span><\/p>\n\n\n\n<p class=\"gb-text-e1851b6b\"><span class=\"gb-shape\"><svg aria-hidden=\"true\" role=\"img\" height=\"1em\" width=\"1em\" viewBox=\"0 0 512 512\" xmlns=\"http:\/\/www.w3.org\/2000\/svg\"><path fill=\"currentColor\" d=\"M173.898 439.404l-166.4-166.4c-9.997-9.997-9.997-26.206 0-36.204l36.203-36.204c9.997-9.998 26.207-9.998 36.204 0L192 312.69 432.095 72.596c9.997-9.997 26.207-9.997 36.204 0l36.203 36.204c9.997 9.997 9.997 26.206 0 36.204l-294.4 294.401c-9.998 9.997-26.207 9.997-36.204-.001z\"><\/path><\/svg><\/span><span class=\"gb-text\">Ausencia de interferencias durante las operaciones de control de inventario<\/span><\/p>\n\n\n\n<p class=\"gb-text-3e45e34f\"><span class=\"gb-shape\"><svg aria-hidden=\"true\" role=\"img\" height=\"1em\" width=\"1em\" viewBox=\"0 0 512 512\" xmlns=\"http:\/\/www.w3.org\/2000\/svg\"><path fill=\"currentColor\" d=\"M173.898 439.404l-166.4-166.4c-9.997-9.997-9.997-26.206 0-36.204l36.203-36.204c9.997-9.998 26.207-9.998 36.204 0L192 312.69 432.095 72.596c9.997-9.997 26.207-9.997 36.204 0l36.203 36.204c9.997 9.997 9.997 26.206 0 36.204l-294.4 294.401c-9.998 9.997-26.207 9.997-36.204-.001z\"><\/path><\/svg><\/span><span class=\"gb-text\">Mejora de la trazabilidad de productos, eficiencia log\u00edstica y seguridad<\/span><\/p>\n<\/div>\n<\/div>\n<\/div>\n<\/div>\n\n\n\n<div class=\"gb-element-235880db\">\n<div class=\"gb-element-0b350738\">\n<p class=\"gb-text gb-text-f5b69225\">Adem\u00e1s de su elevada compatibilidad con la tecnolog\u00eda RFID, los carros Plastimark\u00ae ofrecen importantes ventajas operativas, como <strong>estructura ligera, alta resistencia mec\u00e1nica, ergonom\u00eda y larga durabilidad<\/strong>. Combinados con el uso de <strong>materiales sostenibles y reciclados<\/strong>, ofrecen soluciones orientadas al futuro, alineadas con la responsabilidad ambiental y los principios de la econom\u00eda circular.<\/p>\n<\/div>\n<\/div>\n","protected":false},"excerpt":{"rendered":"<p>Plastimark, la soluci\u00f3n optimizada para RFID Plastimark permite un comercio minorista m\u00e1s inteligente, r\u00e1pido y conectado gracias al dise\u00f1ode los &#8230; <\/p>\n<p class=\"read-more-container\"><a title=\"RFID\" class=\"read-more button\" href=\"https:\/\/plastimark.com\/es\/rfid\/#more-265269\" aria-label=\"Leer m\u00e1s sobre RFID\">Leer m\u00e1s<\/a><\/p>\n","protected":false},"author":1,"featured_media":265268,"parent":0,"menu_order":0,"comment_status":"closed","ping_status":"closed","template":"","meta":{"_acf_changed":false,"footnotes":""},"class_list":["post-265269","page","type-page","status-publish","has-post-thumbnail"],"acf":[],"yoast_head":"<!-- This site is optimized with the Yoast SEO plugin v27.2 - https:\/\/yoast.com\/product\/yoast-seo-wordpress\/ -->\n<title>RFID - Plastimark<\/title>\n<meta name=\"robots\" content=\"index, follow, max-snippet:-1, max-image-preview:large, max-video-preview:-1\" \/>\n<link rel=\"canonical\" href=\"https:\/\/plastimark.com\/es\/rfid\/\" \/>\n<meta property=\"og:locale\" content=\"es_ES\" \/>\n<meta property=\"og:type\" content=\"article\" \/>\n<meta property=\"og:title\" content=\"RFID - Plastimark\" \/>\n<meta property=\"og:description\" content=\"Plastimark, la soluci\u00f3n optimizada para RFID Plastimark permite un comercio minorista m\u00e1s inteligente, r\u00e1pido y conectado gracias al dise\u00f1ode los ... Leer m\u00e1s\" \/>\n<meta property=\"og:url\" content=\"https:\/\/plastimark.com\/es\/rfid\/\" \/>\n<meta property=\"og:site_name\" content=\"Plastimark\" \/>\n<meta property=\"article:publisher\" content=\"https:\/\/www.facebook.com\/Plastimark\" \/>\n<meta property=\"article:modified_time\" content=\"2026-02-18T14:53:44+00:00\" \/>\n<meta property=\"og:image\" content=\"https:\/\/plastimark.com\/wp-content\/uploads\/2026\/02\/RFID-header.webp\" \/>\n\t<meta property=\"og:image:width\" content=\"2470\" \/>\n\t<meta property=\"og:image:height\" content=\"478\" \/>\n\t<meta property=\"og:image:type\" content=\"image\/webp\" \/>\n<meta name=\"twitter:card\" content=\"summary_large_image\" \/>\n<meta name=\"twitter:label1\" content=\"Tiempo de lectura\" \/>\n\t<meta name=\"twitter:data1\" content=\"2 minutos\" \/>\n<script type=\"application\/ld+json\" class=\"yoast-schema-graph\">{\"@context\":\"https:\/\/schema.org\",\"@graph\":[{\"@type\":\"WebPage\",\"@id\":\"https:\/\/plastimark.com\/es\/rfid\/\",\"url\":\"https:\/\/plastimark.com\/es\/rfid\/\",\"name\":\"RFID - Plastimark\",\"isPartOf\":{\"@id\":\"https:\/\/plastimark.com\/es\/#website\"},\"primaryImageOfPage\":{\"@id\":\"https:\/\/plastimark.com\/es\/rfid\/#primaryimage\"},\"image\":{\"@id\":\"https:\/\/plastimark.com\/es\/rfid\/#primaryimage\"},\"thumbnailUrl\":\"https:\/\/plastimark.com\/wp-content\/uploads\/2026\/02\/RFID-header.webp\",\"datePublished\":\"2026-01-29T07:55:21+00:00\",\"dateModified\":\"2026-02-18T14:53:44+00:00\",\"breadcrumb\":{\"@id\":\"https:\/\/plastimark.com\/es\/rfid\/#breadcrumb\"},\"inLanguage\":\"es\",\"potentialAction\":[{\"@type\":\"ReadAction\",\"target\":[\"https:\/\/plastimark.com\/es\/rfid\/\"]}]},{\"@type\":\"ImageObject\",\"inLanguage\":\"es\",\"@id\":\"https:\/\/plastimark.com\/es\/rfid\/#primaryimage\",\"url\":\"https:\/\/plastimark.com\/wp-content\/uploads\/2026\/02\/RFID-header.webp\",\"contentUrl\":\"https:\/\/plastimark.com\/wp-content\/uploads\/2026\/02\/RFID-header.webp\",\"width\":2470,\"height\":478},{\"@type\":\"BreadcrumbList\",\"@id\":\"https:\/\/plastimark.com\/es\/rfid\/#breadcrumb\",\"itemListElement\":[{\"@type\":\"ListItem\",\"position\":1,\"name\":\"Home\",\"item\":\"https:\/\/plastimark.com\/es\/\"},{\"@type\":\"ListItem\",\"position\":2,\"name\":\"RFID\"}]},{\"@type\":\"WebSite\",\"@id\":\"https:\/\/plastimark.com\/es\/#website\",\"url\":\"https:\/\/plastimark.com\/es\/\",\"name\":\"Plastimark\",\"description\":\"Carrelli e cestini per la spesa in plastica\",\"publisher\":{\"@id\":\"https:\/\/plastimark.com\/es\/#organization\"},\"potentialAction\":[{\"@type\":\"SearchAction\",\"target\":{\"@type\":\"EntryPoint\",\"urlTemplate\":\"https:\/\/plastimark.com\/es\/?s={search_term_string}\"},\"query-input\":{\"@type\":\"PropertyValueSpecification\",\"valueRequired\":true,\"valueName\":\"search_term_string\"}}],\"inLanguage\":\"es\"},{\"@type\":\"Organization\",\"@id\":\"https:\/\/plastimark.com\/es\/#organization\",\"name\":\"Plastimark\",\"url\":\"https:\/\/plastimark.com\/es\/\",\"logo\":{\"@type\":\"ImageObject\",\"inLanguage\":\"es\",\"@id\":\"https:\/\/plastimark.com\/es\/#\/schema\/logo\/image\/\",\"url\":\"https:\/\/plastimark.com\/wp-content\/uploads\/2025\/11\/logo-plastimark.svg\",\"contentUrl\":\"https:\/\/plastimark.com\/wp-content\/uploads\/2025\/11\/logo-plastimark.svg\",\"width\":313,\"height\":81,\"caption\":\"Plastimark\"},\"image\":{\"@id\":\"https:\/\/plastimark.com\/es\/#\/schema\/logo\/image\/\"},\"sameAs\":[\"https:\/\/www.facebook.com\/Plastimark\",\"https:\/\/www.linkedin.com\/company\/plastimark-spa\/\",\"https:\/\/www.instagram.com\/plastimark\/\",\"https:\/\/www.youtube.com\/@plastimark\"]}]}<\/script>\n<!-- \/ Yoast SEO plugin. -->","yoast_head_json":{"title":"RFID - Plastimark","robots":{"index":"index","follow":"follow","max-snippet":"max-snippet:-1","max-image-preview":"max-image-preview:large","max-video-preview":"max-video-preview:-1"},"canonical":"https:\/\/plastimark.com\/es\/rfid\/","og_locale":"es_ES","og_type":"article","og_title":"RFID - Plastimark","og_description":"Plastimark, la soluci\u00f3n optimizada para RFID Plastimark permite un comercio minorista m\u00e1s inteligente, r\u00e1pido y conectado gracias al dise\u00f1ode los ... Leer m\u00e1s","og_url":"https:\/\/plastimark.com\/es\/rfid\/","og_site_name":"Plastimark","article_publisher":"https:\/\/www.facebook.com\/Plastimark","article_modified_time":"2026-02-18T14:53:44+00:00","og_image":[{"width":2470,"height":478,"url":"https:\/\/plastimark.com\/wp-content\/uploads\/2026\/02\/RFID-header.webp","type":"image\/webp"}],"twitter_card":"summary_large_image","twitter_misc":{"Tiempo de lectura":"2 minutos"},"schema":{"@context":"https:\/\/schema.org","@graph":[{"@type":"WebPage","@id":"https:\/\/plastimark.com\/es\/rfid\/","url":"https:\/\/plastimark.com\/es\/rfid\/","name":"RFID - Plastimark","isPartOf":{"@id":"https:\/\/plastimark.com\/es\/#website"},"primaryImageOfPage":{"@id":"https:\/\/plastimark.com\/es\/rfid\/#primaryimage"},"image":{"@id":"https:\/\/plastimark.com\/es\/rfid\/#primaryimage"},"thumbnailUrl":"https:\/\/plastimark.com\/wp-content\/uploads\/2026\/02\/RFID-header.webp","datePublished":"2026-01-29T07:55:21+00:00","dateModified":"2026-02-18T14:53:44+00:00","breadcrumb":{"@id":"https:\/\/plastimark.com\/es\/rfid\/#breadcrumb"},"inLanguage":"es","potentialAction":[{"@type":"ReadAction","target":["https:\/\/plastimark.com\/es\/rfid\/"]}]},{"@type":"ImageObject","inLanguage":"es","@id":"https:\/\/plastimark.com\/es\/rfid\/#primaryimage","url":"https:\/\/plastimark.com\/wp-content\/uploads\/2026\/02\/RFID-header.webp","contentUrl":"https:\/\/plastimark.com\/wp-content\/uploads\/2026\/02\/RFID-header.webp","width":2470,"height":478},{"@type":"BreadcrumbList","@id":"https:\/\/plastimark.com\/es\/rfid\/#breadcrumb","itemListElement":[{"@type":"ListItem","position":1,"name":"Home","item":"https:\/\/plastimark.com\/es\/"},{"@type":"ListItem","position":2,"name":"RFID"}]},{"@type":"WebSite","@id":"https:\/\/plastimark.com\/es\/#website","url":"https:\/\/plastimark.com\/es\/","name":"Plastimark","description":"Carrelli e cestini per la spesa in plastica","publisher":{"@id":"https:\/\/plastimark.com\/es\/#organization"},"potentialAction":[{"@type":"SearchAction","target":{"@type":"EntryPoint","urlTemplate":"https:\/\/plastimark.com\/es\/?s={search_term_string}"},"query-input":{"@type":"PropertyValueSpecification","valueRequired":true,"valueName":"search_term_string"}}],"inLanguage":"es"},{"@type":"Organization","@id":"https:\/\/plastimark.com\/es\/#organization","name":"Plastimark","url":"https:\/\/plastimark.com\/es\/","logo":{"@type":"ImageObject","inLanguage":"es","@id":"https:\/\/plastimark.com\/es\/#\/schema\/logo\/image\/","url":"https:\/\/plastimark.com\/wp-content\/uploads\/2025\/11\/logo-plastimark.svg","contentUrl":"https:\/\/plastimark.com\/wp-content\/uploads\/2025\/11\/logo-plastimark.svg","width":313,"height":81,"caption":"Plastimark"},"image":{"@id":"https:\/\/plastimark.com\/es\/#\/schema\/logo\/image\/"},"sameAs":["https:\/\/www.facebook.com\/Plastimark","https:\/\/www.linkedin.com\/company\/plastimark-spa\/","https:\/\/www.instagram.com\/plastimark\/","https:\/\/www.youtube.com\/@plastimark"]}]}},"_links":{"self":[{"href":"https:\/\/plastimark.com\/es\/wp-json\/wp\/v2\/pages\/265269","targetHints":{"allow":["GET"]}}],"collection":[{"href":"https:\/\/plastimark.com\/es\/wp-json\/wp\/v2\/pages"}],"about":[{"href":"https:\/\/plastimark.com\/es\/wp-json\/wp\/v2\/types\/page"}],"author":[{"embeddable":true,"href":"https:\/\/plastimark.com\/es\/wp-json\/wp\/v2\/users\/1"}],"replies":[{"embeddable":true,"href":"https:\/\/plastimark.com\/es\/wp-json\/wp\/v2\/comments?post=265269"}],"version-history":[{"count":2,"href":"https:\/\/plastimark.com\/es\/wp-json\/wp\/v2\/pages\/265269\/revisions"}],"predecessor-version":[{"id":265511,"href":"https:\/\/plastimark.com\/es\/wp-json\/wp\/v2\/pages\/265269\/revisions\/265511"}],"wp:featuredmedia":[{"embeddable":true,"href":"https:\/\/plastimark.com\/es\/wp-json\/wp\/v2\/media\/265268"}],"wp:attachment":[{"href":"https:\/\/plastimark.com\/es\/wp-json\/wp\/v2\/media?parent=265269"}],"curies":[{"name":"wp","href":"https:\/\/api.w.org\/{rel}","templated":true}]}}