{"id":262352,"date":"2025-11-23T19:13:41","date_gmt":"2025-11-23T18:13:41","guid":{"rendered":"https:\/\/plastimark-new.inode.it\/filiale-francese\/"},"modified":"2026-03-10T15:30:28","modified_gmt":"2026-03-10T14:30:28","slug":"filiale_francese","status":"publish","type":"page","link":"https:\/\/plastimark.com\/es\/filiale_francese\/","title":{"rendered":"Filial francesa"},"content":{"rendered":"\n<div class=\"gb-element-e94d6ce3\">\n<h2 class=\"gb-text gb-text-3dbf9977\">Plastimark\u00ae filial francesa<\/h2>\n\n\n\n<div class=\"gb-element-56d8b37a\">\n<p class=\"gb-text gb-text-c2eb7525\">Plastimark France es la filial francesa de Plastimark SpA, con sede en las afueras de Par\u00eds. Nacida como distribuidor hist\u00f3rico de la marca, con la que exist\u00eda una colaboraci\u00f3n consolidada, fue progresivamente integrada hasta su completa adquisici\u00f3n. Hoy representa una presencia estrat\u00e9gica en uno de los mercados de la gran distribuci\u00f3n m\u00e1s importantes y exigentes a nivel internacional. La presencia directa en Francia permite a Plastimark estar m\u00e1s cerca de sus clientes, comprender las especificidades locales y ofrecer soluciones personalizadas, garantizando al mismo tiempo los est\u00e1ndares de calidad, innovaci\u00f3n y sostenibilidad del grupo.<\/p>\n<\/div>\n<\/div>\n\n\n\n<div class=\"gb-element-ec9840e6\">\n<div class=\"gb-element-678987f3\">\n<h2 class=\"gb-text gb-text-d5fd7c2f\">CEO<\/h2>\n<\/div>\n\n\n\n<div class=\"gb-element-0b8c541a\">\n<div class=\"gb-element-e3ed6f8e overlay\">\n<div class=\"gb-element-3039530c\">\n<div class=\"gb-element-e5afa175\">\n<h4 class=\"gb-text gb-text-c3c7cd68\">Oscar Giordano<\/h4>\n\n\n\n<p class=\"gb-text gb-text-1927f850\">CEO<\/p>\n<\/div>\n\n\n\n<img loading=\"lazy\" decoding=\"async\" width=\"500\" height=\"500\" class=\"gb-media-ebde80b9\" alt=\"\" src=\"https:\/\/plastimark.com\/wp-content\/uploads\/2026\/02\/Oscar-Giordano.webp\" title=\"Oscar-Giordano\" srcset=\"https:\/\/plastimark.com\/wp-content\/uploads\/2026\/02\/Oscar-Giordano.webp 500w, https:\/\/plastimark.com\/wp-content\/uploads\/2026\/02\/Oscar-Giordano-300x300.webp 300w, https:\/\/plastimark.com\/wp-content\/uploads\/2026\/02\/Oscar-Giordano-150x150.webp 150w\" sizes=\"auto, (max-width: 500px) 100vw, 500px\" \/>\n<\/div>\n\n\n\n<div class=\"gb-element-ce0f6a82 overlay-team\">\n<div class=\"gb-element-890c7dc9\">\n<h4 class=\"gb-text gb-text-e48d3e46\">Oscar Giordano<\/h4>\n\n\n\n<p class=\"gb-text\">CEO<\/p>\n\n\n\n<p class=\"gb-text-3a45908e\"><span class=\"gb-shape\"><svg aria-hidden=\"true\" role=\"img\" height=\"1em\" width=\"1em\" viewBox=\"0 0 512 512\" xmlns=\"http:\/\/www.w3.org\/2000\/svg\"><path fill=\"currentColor\" d=\"M464 64H48C21.49 64 0 85.49 0 112v288c0 26.51 21.49 48 48 48h416c26.51 0 48-21.49 48-48V112c0-26.51-21.49-48-48-48zm0 48v40.805c-22.422 18.259-58.168 46.651-134.587 106.49-16.841 13.247-50.201 45.072-73.413 44.701-23.208.375-56.579-31.459-73.413-44.701C106.18 199.465 70.425 171.067 48 152.805V112h416zM48 400V214.398c22.914 18.251 55.409 43.862 104.938 82.646 21.857 17.205 60.134 55.186 103.062 54.955 42.717.231 80.509-37.199 103.053-54.947 49.528-38.783 82.032-64.401 104.947-82.653V400H48z\"><\/path><\/svg><\/span><span class=\"gb-text\"><a href=\"mailto:oscar@plastimark.com\">oscar@plastimark.com<\/a><\/span><\/p>\n<\/div>\n<\/div>\n<\/div>\n<\/div>\n\n\n\n<div class=\"gb-element-28577a6c\">\n<h2 class=\"gb-text gb-text-5e3d4676\">Equipo franc\u00e9s<\/h2>\n<\/div>\n\n\n\n<div class=\"gb-element-f9825fa7\">\n<div class=\"gb-element-dd086fb6 overlay\">\n<div class=\"gb-element-c174abfc\">\n<div class=\"gb-element-5791521c\">\n<h4 class=\"gb-text gb-text-18b8a2bb\">Philippe Guerin<\/h4>\n\n\n\n<p class=\"gb-text gb-text-e801ca27\">DIRECTEUR FILIALE FRANCE<\/p>\n<\/div>\n\n\n\n<img loading=\"lazy\" decoding=\"async\" width=\"500\" height=\"500\" class=\"gb-media-ab8b5ed5\" alt=\"\" src=\"https:\/\/plastimark.com\/wp-content\/uploads\/2026\/02\/Philippe-Guerin.webp\" title=\"Philippe-Guerin\" srcset=\"https:\/\/plastimark.com\/wp-content\/uploads\/2026\/02\/Philippe-Guerin.webp 500w, https:\/\/plastimark.com\/wp-content\/uploads\/2026\/02\/Philippe-Guerin-300x300.webp 300w, https:\/\/plastimark.com\/wp-content\/uploads\/2026\/02\/Philippe-Guerin-150x150.webp 150w\" sizes=\"auto, (max-width: 500px) 100vw, 500px\" \/>\n<\/div>\n\n\n\n<div class=\"gb-element-6fbffdc4 overlay-team\">\n<div class=\"gb-element-5b223adf\">\n<h4 class=\"gb-text gb-text-516b4220\">Philippe Guerin<\/h4>\n\n\n\n<p class=\"gb-text\">DIRECTEUR FILIALE FRANCE<\/p>\n\n\n\n\n\n<p class=\"gb-text-8d989e6c\"><span class=\"gb-shape\"><svg aria-hidden=\"true\" role=\"img\" height=\"1em\" width=\"1em\" viewBox=\"0 0 512 512\" xmlns=\"http:\/\/www.w3.org\/2000\/svg\"><path fill=\"currentColor\" d=\"M464 64H48C21.49 64 0 85.49 0 112v288c0 26.51 21.49 48 48 48h416c26.51 0 48-21.49 48-48V112c0-26.51-21.49-48-48-48zm0 48v40.805c-22.422 18.259-58.168 46.651-134.587 106.49-16.841 13.247-50.201 45.072-73.413 44.701-23.208.375-56.579-31.459-73.413-44.701C106.18 199.465 70.425 171.067 48 152.805V112h416zM48 400V214.398c22.914 18.251 55.409 43.862 104.938 82.646 21.857 17.205 60.134 55.186 103.062 54.955 42.717.231 80.509-37.199 103.053-54.947 49.528-38.783 82.032-64.401 104.947-82.653V400H48z\"><\/path><\/svg><\/span><span class=\"gb-text\"><a href=\"mailto:philippe.guerin@plastimark.fr\">philippe.guerin@plastimark.fr<\/a><\/span><\/p>\n<\/div>\n<\/div>\n<\/div>\n\n\n\n<div class=\"gb-element-88115172 overlay\">\n<div class=\"gb-element-9df88ef6\">\n<div class=\"gb-element-2753259f\">\n<h4 class=\"gb-text gb-text-13c97ec4\">Laurent Brulinski<\/h4>\n\n\n\n<p class=\"gb-text gb-text-996d2955\">DIRECTEUR DES VENTES FRANCE<br><\/p>\n<\/div>\n\n\n\n<img loading=\"lazy\" decoding=\"async\" width=\"500\" height=\"500\" class=\"gb-media-25df9673\" alt=\"\" src=\"https:\/\/plastimark.com\/wp-content\/uploads\/2026\/02\/Laurent-Brulinski.webp\" title=\"Laurent-Brulinski\" srcset=\"https:\/\/plastimark.com\/wp-content\/uploads\/2026\/02\/Laurent-Brulinski.webp 500w, https:\/\/plastimark.com\/wp-content\/uploads\/2026\/02\/Laurent-Brulinski-300x300.webp 300w, https:\/\/plastimark.com\/wp-content\/uploads\/2026\/02\/Laurent-Brulinski-150x150.webp 150w\" sizes=\"auto, (max-width: 500px) 100vw, 500px\" \/>\n<\/div>\n\n\n\n<div class=\"gb-element-07019577 overlay-team\">\n<div class=\"gb-element-8bd1ecf7\">\n<h4 class=\"gb-text gb-text-4a02e636\">Laurent Brulinski<\/h4>\n\n\n\n<p class=\"gb-text\">DIRECTEUR DES VENTES FRANCE<\/p>\n\n\n\n\n\n<p class=\"gb-text-4cdb285d\"><span class=\"gb-shape\"><svg aria-hidden=\"true\" role=\"img\" height=\"1em\" width=\"1em\" viewBox=\"0 0 512 512\" xmlns=\"http:\/\/www.w3.org\/2000\/svg\"><path fill=\"currentColor\" d=\"M464 64H48C21.49 64 0 85.49 0 112v288c0 26.51 21.49 48 48 48h416c26.51 0 48-21.49 48-48V112c0-26.51-21.49-48-48-48zm0 48v40.805c-22.422 18.259-58.168 46.651-134.587 106.49-16.841 13.247-50.201 45.072-73.413 44.701-23.208.375-56.579-31.459-73.413-44.701C106.18 199.465 70.425 171.067 48 152.805V112h416zM48 400V214.398c22.914 18.251 55.409 43.862 104.938 82.646 21.857 17.205 60.134 55.186 103.062 54.955 42.717.231 80.509-37.199 103.053-54.947 49.528-38.783 82.032-64.401 104.947-82.653V400H48z\"><\/path><\/svg><\/span><span class=\"gb-text\"><a href=\"mailto:laurent.brulinski@plastimark.fr\">laurent.brulinski@plastimark.fr<\/a><\/span><\/p>\n<\/div>\n<\/div>\n<\/div>\n\n\n\n<div class=\"gb-element-94afaec9 overlay\">\n<div class=\"gb-element-868449c1\">\n<div class=\"gb-element-596fa4be\">\n<h4 class=\"gb-text gb-text-316ec9c4\">Benjamin Duarte<\/h4>\n\n\n\n<p class=\"gb-text gb-text-a12adf50\">RESPONSABLE R\u00c9GIONAL FRANCE<\/p>\n<\/div>\n\n\n\n<img loading=\"lazy\" decoding=\"async\" width=\"500\" height=\"500\" class=\"gb-media-8da5b8df\" alt=\"\" src=\"https:\/\/plastimark.com\/wp-content\/uploads\/2026\/02\/Benjamin-Duarte.webp\" title=\"Fabio-Dalmasso\" srcset=\"https:\/\/plastimark.com\/wp-content\/uploads\/2026\/02\/Benjamin-Duarte.webp 500w, https:\/\/plastimark.com\/wp-content\/uploads\/2026\/02\/Benjamin-Duarte-300x300.webp 300w, https:\/\/plastimark.com\/wp-content\/uploads\/2026\/02\/Benjamin-Duarte-150x150.webp 150w\" sizes=\"auto, (max-width: 500px) 100vw, 500px\" \/>\n<\/div>\n\n\n\n<div class=\"gb-element-fcd5e1bf overlay-team\">\n<div class=\"gb-element-82a22b71\">\n<h4 class=\"gb-text gb-text-4e71124e\">Benjamin Duarte<\/h4>\n\n\n\n<p class=\"gb-text\">RESPONSABLE R\u00c9GIONAL FRANCE<\/p>\n\n\n\n\n\n<p class=\"gb-text-8c52bfab\"><span class=\"gb-shape\"><svg aria-hidden=\"true\" role=\"img\" height=\"1em\" width=\"1em\" viewBox=\"0 0 512 512\" xmlns=\"http:\/\/www.w3.org\/2000\/svg\"><path fill=\"currentColor\" d=\"M464 64H48C21.49 64 0 85.49 0 112v288c0 26.51 21.49 48 48 48h416c26.51 0 48-21.49 48-48V112c0-26.51-21.49-48-48-48zm0 48v40.805c-22.422 18.259-58.168 46.651-134.587 106.49-16.841 13.247-50.201 45.072-73.413 44.701-23.208.375-56.579-31.459-73.413-44.701C106.18 199.465 70.425 171.067 48 152.805V112h416zM48 400V214.398c22.914 18.251 55.409 43.862 104.938 82.646 21.857 17.205 60.134 55.186 103.062 54.955 42.717.231 80.509-37.199 103.053-54.947 49.528-38.783 82.032-64.401 104.947-82.653V400H48z\"><\/path><\/svg><\/span><span class=\"gb-text\"><a href=\"mailto:benjamin.duarte@plastimark.fr\"><\/a><a href=\"mailto:benjamin.duarte@plastimark.fr\">benjamin.duarte@plastimark.fr<\/a><\/span><\/p>\n<\/div>\n<\/div>\n<\/div>\n<\/div>\n<\/div>\n\n\n\n<p><\/p>\n","protected":false},"excerpt":{"rendered":"<p>Plastimark\u00ae filial francesa Plastimark France es la filial francesa de Plastimark SpA, con sede en las afueras de Par\u00eds. Nacida &#8230; <\/p>\n<p class=\"read-more-container\"><a title=\"Filial francesa\" class=\"read-more button\" href=\"https:\/\/plastimark.com\/es\/filiale_francese\/#more-262352\" aria-label=\"Leer m\u00e1s sobre Filial francesa\">Leer m\u00e1s<\/a><\/p>\n","protected":false},"author":1,"featured_media":0,"parent":0,"menu_order":0,"comment_status":"closed","ping_status":"closed","template":"","meta":{"_acf_changed":false,"footnotes":""},"class_list":["post-262352","page","type-page","status-publish"],"acf":[],"yoast_head":"<!-- This site is optimized with the Yoast SEO plugin v27.2 - https:\/\/yoast.com\/product\/yoast-seo-wordpress\/ -->\n<title>Plastimark France | Cestas y carros supermercado en Francia<\/title>\n<meta name=\"description\" content=\"Ofrecemos cestas y carros para supermercados en Francia: soluciones personalizadas y de pl\u00e1stico. Descubre la sede cerca de Par\u00eds\" \/>\n<meta name=\"robots\" content=\"index, follow, max-snippet:-1, max-image-preview:large, max-video-preview:-1\" \/>\n<link rel=\"canonical\" href=\"https:\/\/plastimark.com\/es\/filiale_francese\/\" \/>\n<meta property=\"og:locale\" content=\"es_ES\" \/>\n<meta property=\"og:type\" content=\"article\" \/>\n<meta property=\"og:title\" content=\"Plastimark France | Cestas y carros supermercado en Francia\" \/>\n<meta property=\"og:description\" content=\"Ofrecemos cestas y carros para supermercados en Francia: soluciones personalizadas y de pl\u00e1stico. Descubre la sede cerca de Par\u00eds\" \/>\n<meta property=\"og:url\" content=\"https:\/\/plastimark.com\/es\/filiale_francese\/\" \/>\n<meta property=\"og:site_name\" content=\"Plastimark\" \/>\n<meta property=\"article:publisher\" content=\"https:\/\/www.facebook.com\/Plastimark\" \/>\n<meta property=\"article:modified_time\" content=\"2026-03-10T14:30:28+00:00\" \/>\n<meta property=\"og:image\" content=\"https:\/\/plastimark.com\/wp-content\/uploads\/2026\/02\/Oscar-Giordano.webp\" \/>\n<meta name=\"twitter:card\" content=\"summary_large_image\" \/>\n<meta name=\"twitter:label1\" content=\"Tiempo de lectura\" \/>\n\t<meta name=\"twitter:data1\" content=\"2 minutos\" \/>\n<script type=\"application\/ld+json\" class=\"yoast-schema-graph\">{\"@context\":\"https:\/\/schema.org\",\"@graph\":[{\"@type\":\"WebPage\",\"@id\":\"https:\/\/plastimark.com\/es\/filiale_francese\/\",\"url\":\"https:\/\/plastimark.com\/es\/filiale_francese\/\",\"name\":\"Plastimark France | Cestas y carros supermercado en Francia\",\"isPartOf\":{\"@id\":\"https:\/\/plastimark.com\/es\/#website\"},\"primaryImageOfPage\":{\"@id\":\"https:\/\/plastimark.com\/es\/filiale_francese\/#primaryimage\"},\"image\":{\"@id\":\"https:\/\/plastimark.com\/es\/filiale_francese\/#primaryimage\"},\"thumbnailUrl\":\"https:\/\/plastimark.com\/wp-content\/uploads\/2026\/02\/Oscar-Giordano.webp\",\"datePublished\":\"2025-11-23T18:13:41+00:00\",\"dateModified\":\"2026-03-10T14:30:28+00:00\",\"description\":\"Ofrecemos cestas y carros para supermercados en Francia: soluciones personalizadas y de pl\u00e1stico. Descubre la sede cerca de Par\u00eds\",\"breadcrumb\":{\"@id\":\"https:\/\/plastimark.com\/es\/filiale_francese\/#breadcrumb\"},\"inLanguage\":\"es\",\"potentialAction\":[{\"@type\":\"ReadAction\",\"target\":[\"https:\/\/plastimark.com\/es\/filiale_francese\/\"]}]},{\"@type\":\"ImageObject\",\"inLanguage\":\"es\",\"@id\":\"https:\/\/plastimark.com\/es\/filiale_francese\/#primaryimage\",\"url\":\"https:\/\/plastimark.com\/wp-content\/uploads\/2026\/02\/Oscar-Giordano.webp\",\"contentUrl\":\"https:\/\/plastimark.com\/wp-content\/uploads\/2026\/02\/Oscar-Giordano.webp\"},{\"@type\":\"BreadcrumbList\",\"@id\":\"https:\/\/plastimark.com\/es\/filiale_francese\/#breadcrumb\",\"itemListElement\":[{\"@type\":\"ListItem\",\"position\":1,\"name\":\"Home\",\"item\":\"https:\/\/plastimark.com\/es\/\"},{\"@type\":\"ListItem\",\"position\":2,\"name\":\"Filial francesa\"}]},{\"@type\":\"WebSite\",\"@id\":\"https:\/\/plastimark.com\/es\/#website\",\"url\":\"https:\/\/plastimark.com\/es\/\",\"name\":\"Plastimark\",\"description\":\"Carrelli e cestini per la spesa in plastica\",\"publisher\":{\"@id\":\"https:\/\/plastimark.com\/es\/#organization\"},\"potentialAction\":[{\"@type\":\"SearchAction\",\"target\":{\"@type\":\"EntryPoint\",\"urlTemplate\":\"https:\/\/plastimark.com\/es\/?s={search_term_string}\"},\"query-input\":{\"@type\":\"PropertyValueSpecification\",\"valueRequired\":true,\"valueName\":\"search_term_string\"}}],\"inLanguage\":\"es\"},{\"@type\":\"Organization\",\"@id\":\"https:\/\/plastimark.com\/es\/#organization\",\"name\":\"Plastimark\",\"url\":\"https:\/\/plastimark.com\/es\/\",\"logo\":{\"@type\":\"ImageObject\",\"inLanguage\":\"es\",\"@id\":\"https:\/\/plastimark.com\/es\/#\/schema\/logo\/image\/\",\"url\":\"https:\/\/plastimark.com\/wp-content\/uploads\/2025\/11\/logo-plastimark.svg\",\"contentUrl\":\"https:\/\/plastimark.com\/wp-content\/uploads\/2025\/11\/logo-plastimark.svg\",\"width\":313,\"height\":81,\"caption\":\"Plastimark\"},\"image\":{\"@id\":\"https:\/\/plastimark.com\/es\/#\/schema\/logo\/image\/\"},\"sameAs\":[\"https:\/\/www.facebook.com\/Plastimark\",\"https:\/\/www.linkedin.com\/company\/plastimark-spa\/\",\"https:\/\/www.instagram.com\/plastimark\/\",\"https:\/\/www.youtube.com\/@plastimark\"]}]}<\/script>\n<!-- \/ Yoast SEO plugin. -->","yoast_head_json":{"title":"Plastimark France | Cestas y carros supermercado en Francia","description":"Ofrecemos cestas y carros para supermercados en Francia: soluciones personalizadas y de pl\u00e1stico. Descubre la sede cerca de Par\u00eds","robots":{"index":"index","follow":"follow","max-snippet":"max-snippet:-1","max-image-preview":"max-image-preview:large","max-video-preview":"max-video-preview:-1"},"canonical":"https:\/\/plastimark.com\/es\/filiale_francese\/","og_locale":"es_ES","og_type":"article","og_title":"Plastimark France | Cestas y carros supermercado en Francia","og_description":"Ofrecemos cestas y carros para supermercados en Francia: soluciones personalizadas y de pl\u00e1stico. Descubre la sede cerca de Par\u00eds","og_url":"https:\/\/plastimark.com\/es\/filiale_francese\/","og_site_name":"Plastimark","article_publisher":"https:\/\/www.facebook.com\/Plastimark","article_modified_time":"2026-03-10T14:30:28+00:00","og_image":[{"url":"https:\/\/plastimark.com\/wp-content\/uploads\/2026\/02\/Oscar-Giordano.webp","type":"","width":"","height":""}],"twitter_card":"summary_large_image","twitter_misc":{"Tiempo de lectura":"2 minutos"},"schema":{"@context":"https:\/\/schema.org","@graph":[{"@type":"WebPage","@id":"https:\/\/plastimark.com\/es\/filiale_francese\/","url":"https:\/\/plastimark.com\/es\/filiale_francese\/","name":"Plastimark France | Cestas y carros supermercado en Francia","isPartOf":{"@id":"https:\/\/plastimark.com\/es\/#website"},"primaryImageOfPage":{"@id":"https:\/\/plastimark.com\/es\/filiale_francese\/#primaryimage"},"image":{"@id":"https:\/\/plastimark.com\/es\/filiale_francese\/#primaryimage"},"thumbnailUrl":"https:\/\/plastimark.com\/wp-content\/uploads\/2026\/02\/Oscar-Giordano.webp","datePublished":"2025-11-23T18:13:41+00:00","dateModified":"2026-03-10T14:30:28+00:00","description":"Ofrecemos cestas y carros para supermercados en Francia: soluciones personalizadas y de pl\u00e1stico. Descubre la sede cerca de Par\u00eds","breadcrumb":{"@id":"https:\/\/plastimark.com\/es\/filiale_francese\/#breadcrumb"},"inLanguage":"es","potentialAction":[{"@type":"ReadAction","target":["https:\/\/plastimark.com\/es\/filiale_francese\/"]}]},{"@type":"ImageObject","inLanguage":"es","@id":"https:\/\/plastimark.com\/es\/filiale_francese\/#primaryimage","url":"https:\/\/plastimark.com\/wp-content\/uploads\/2026\/02\/Oscar-Giordano.webp","contentUrl":"https:\/\/plastimark.com\/wp-content\/uploads\/2026\/02\/Oscar-Giordano.webp"},{"@type":"BreadcrumbList","@id":"https:\/\/plastimark.com\/es\/filiale_francese\/#breadcrumb","itemListElement":[{"@type":"ListItem","position":1,"name":"Home","item":"https:\/\/plastimark.com\/es\/"},{"@type":"ListItem","position":2,"name":"Filial francesa"}]},{"@type":"WebSite","@id":"https:\/\/plastimark.com\/es\/#website","url":"https:\/\/plastimark.com\/es\/","name":"Plastimark","description":"Carrelli e cestini per la spesa in plastica","publisher":{"@id":"https:\/\/plastimark.com\/es\/#organization"},"potentialAction":[{"@type":"SearchAction","target":{"@type":"EntryPoint","urlTemplate":"https:\/\/plastimark.com\/es\/?s={search_term_string}"},"query-input":{"@type":"PropertyValueSpecification","valueRequired":true,"valueName":"search_term_string"}}],"inLanguage":"es"},{"@type":"Organization","@id":"https:\/\/plastimark.com\/es\/#organization","name":"Plastimark","url":"https:\/\/plastimark.com\/es\/","logo":{"@type":"ImageObject","inLanguage":"es","@id":"https:\/\/plastimark.com\/es\/#\/schema\/logo\/image\/","url":"https:\/\/plastimark.com\/wp-content\/uploads\/2025\/11\/logo-plastimark.svg","contentUrl":"https:\/\/plastimark.com\/wp-content\/uploads\/2025\/11\/logo-plastimark.svg","width":313,"height":81,"caption":"Plastimark"},"image":{"@id":"https:\/\/plastimark.com\/es\/#\/schema\/logo\/image\/"},"sameAs":["https:\/\/www.facebook.com\/Plastimark","https:\/\/www.linkedin.com\/company\/plastimark-spa\/","https:\/\/www.instagram.com\/plastimark\/","https:\/\/www.youtube.com\/@plastimark"]}]}},"_links":{"self":[{"href":"https:\/\/plastimark.com\/es\/wp-json\/wp\/v2\/pages\/262352","targetHints":{"allow":["GET"]}}],"collection":[{"href":"https:\/\/plastimark.com\/es\/wp-json\/wp\/v2\/pages"}],"about":[{"href":"https:\/\/plastimark.com\/es\/wp-json\/wp\/v2\/types\/page"}],"author":[{"embeddable":true,"href":"https:\/\/plastimark.com\/es\/wp-json\/wp\/v2\/users\/1"}],"replies":[{"embeddable":true,"href":"https:\/\/plastimark.com\/es\/wp-json\/wp\/v2\/comments?post=262352"}],"version-history":[{"count":4,"href":"https:\/\/plastimark.com\/es\/wp-json\/wp\/v2\/pages\/262352\/revisions"}],"predecessor-version":[{"id":265154,"href":"https:\/\/plastimark.com\/es\/wp-json\/wp\/v2\/pages\/262352\/revisions\/265154"}],"wp:attachment":[{"href":"https:\/\/plastimark.com\/es\/wp-json\/wp\/v2\/media?parent=262352"}],"curies":[{"name":"wp","href":"https:\/\/api.w.org\/{rel}","templated":true}]}}