{"id":262341,"date":"2025-11-23T19:54:49","date_gmt":"2025-11-23T18:54:49","guid":{"rendered":"https:\/\/plastimark-new.inode.it\/alunova-compound\/"},"modified":"2026-03-16T16:16:54","modified_gmt":"2026-03-16T15:16:54","slug":"alunova-compound","status":"publish","type":"page","link":"https:\/\/plastimark.com\/es\/alunova-compound\/","title":{"rendered":"Alunova compound"},"content":{"rendered":"\n<div class=\"gb-element-e94d6ce3\">\n<h2 class=\"gb-text gb-text-3dbf9977\">Plastimark\u00ae AluNova<\/h2>\n\n\n\n<h4 class=\"gb-text gb-text-9d7e4dac\"><em>El reciclaje de envases Tetra Pak\u00ae<\/em><\/h4>\n\n\n\n<div class=\"gb-element-56d8b37a\">\n<p class=\"gb-text gb-text-c2eb7525\">El reciclaje de envases es un sistema virtuoso que permite recuperar recursos para nuevos materiales y productos, reduciendo el impacto ambiental y promoviendo la econom\u00eda circular.<\/p>\n\n\n\n<p class=\"gb-text gb-text-578f2f30\">Gracias al sistema de recogida selectiva de residuos, incluso los envases de cart\u00f3n de bebidas y alimentos pueden reciclarse a trav\u00e9s de procesos industriales que valorizan tanto el componente celul\u00f3sico como la parte de pl\u00e1stico y aluminio, denominada &#8216;polyAl&#8217;.<\/p>\n\n\n\n<p class=\"gb-text gb-text-36ac26a4\">En particular, el poliAl se puede reprocesar y convertir en un gr\u00e1nulo reciclado dentro de una cadena de suministro controlada y rastreable, de modo que pueda utilizarse como nueva materia prima y reingresar a los ciclos de producci\u00f3n.<\/p>\n\n\n\n<p class=\"gb-text gb-text-6659b8de\">Plastimark, en colaboraci\u00f3n con Tetra Pak\u00ae, utiliza este material para crear AluNova, un compuesto pl\u00e1stico de alto rendimiento dise\u00f1ado para aplicaciones pr\u00e1cticas en el sector minorista.<\/p>\n\n\n\n<p class=\"gb-text gb-text-9248646c\">Elegir productos elaborados con materiales reciclados de esta cadena de suministro permite a los minoristas hacer una contribuci\u00f3n concreta a la reducci\u00f3n de la huella ambiental de sus tiendas, mejorar el posicionamiento de su empresa y satisfacer las expectativas de unos consumidores cada vez m\u00e1s conscientes del medio ambiente.<\/p>\n<\/div>\n<\/div>\n\n\n\n<div class=\"gb-element-a7f6558c\" id=\"vision-mission\">\n<div class=\"gb-element-a8a3b17d\">\n<div class=\"gb-element-ac40824a\">\n<img loading=\"lazy\" decoding=\"async\" width=\"232\" height=\"151\" class=\"gb-media-5b563fcb no-lightbox\" alt=\"\" title=\"alunova-compound\" src=\"https:\/\/plastimark.com\/wp-content\/uploads\/2025\/11\/alunova-compound.svg\"\/>\n<\/div>\n\n\n\n<div class=\"gb-element-0633ecf6\">\n<h3 class=\"gb-text\">Plastimark\u00ae AluNova puede:<\/h3>\n\n\n\n<div class=\"gb-element-3379ac53\">\n<p class=\"gb-text-ca7643aa\"><span class=\"gb-shape\"><svg aria-hidden=\"true\" role=\"img\" height=\"1em\" width=\"1em\" viewBox=\"0 0 512 512\" xmlns=\"http:\/\/www.w3.org\/2000\/svg\"><path fill=\"currentColor\" d=\"M173.898 439.404l-166.4-166.4c-9.997-9.997-9.997-26.206 0-36.204l36.203-36.204c9.997-9.998 26.207-9.998 36.204 0L192 312.69 432.095 72.596c9.997-9.997 26.207-9.997 36.204 0l36.203 36.204c9.997 9.997 9.997 26.206 0 36.204l-294.4 294.401c-9.998 9.997-26.207 9.997-36.204-.001z\"><\/path><\/svg><\/span><span class=\"gb-text\">Integrar materiales obtenidos del reciclaje de envases de cart\u00f3n <br>de bebidas y alimentos<\/span><\/p>\n\n\n\n<p class=\"gb-text-aefd8df2\"><span class=\"gb-shape\"><svg aria-hidden=\"true\" role=\"img\" height=\"1em\" width=\"1em\" viewBox=\"0 0 512 512\" xmlns=\"http:\/\/www.w3.org\/2000\/svg\"><path fill=\"currentColor\" d=\"M173.898 439.404l-166.4-166.4c-9.997-9.997-9.997-26.206 0-36.204l36.203-36.204c9.997-9.998 26.207-9.998 36.204 0L192 312.69 432.095 72.596c9.997-9.997 26.207-9.997 36.204 0l36.203 36.204c9.997 9.997 9.997 26.206 0 36.204l-294.4 294.401c-9.998 9.997-26.207 9.997-36.204-.001z\"><\/path><\/svg><\/span><span class=\"gb-text\">Aseg\u00farese de que el contenido sea reciclado y est\u00e9 <br>certificado como Remade\u00ae<\/span><\/p>\n\n\n\n<p class=\"gb-text-c7b62564\"><span class=\"gb-shape\"><svg aria-hidden=\"true\" role=\"img\" height=\"1em\" width=\"1em\" viewBox=\"0 0 512 512\" xmlns=\"http:\/\/www.w3.org\/2000\/svg\"><path fill=\"currentColor\" d=\"M173.898 439.404l-166.4-166.4c-9.997-9.997-9.997-26.206 0-36.204l36.203-36.204c9.997-9.998 26.207-9.998 36.204 0L192 312.69 432.095 72.596c9.997-9.997 26.207-9.997 36.204 0l36.203 36.204c9.997 9.997 9.997 26.206 0 36.204l-294.4 294.401c-9.998 9.997-26.207 9.997-36.204-.001z\"><\/path><\/svg><\/span><span class=\"gb-text\">Mantener un excelente rendimiento t\u00e9cnico y mec\u00e1nico<\/span><\/p>\n\n\n\n<p class=\"gb-text-9190fa3d\"><span class=\"gb-shape\"><svg aria-hidden=\"true\" role=\"img\" height=\"1em\" width=\"1em\" viewBox=\"0 0 512 512\" xmlns=\"http:\/\/www.w3.org\/2000\/svg\"><path fill=\"currentColor\" d=\"M173.898 439.404l-166.4-166.4c-9.997-9.997-9.997-26.206 0-36.204l36.203-36.204c9.997-9.998 26.207-9.998 36.204 0L192 312.69 432.095 72.596c9.997-9.997 26.207-9.997 36.204 0l36.203 36.204c9.997 9.997 9.997 26.206 0 36.204l-294.4 294.401c-9.998 9.997-26.207 9.997-36.204-.001z\"><\/path><\/svg><\/span><span class=\"gb-text\">Apoyar el desarrollo de cestas de compra innovadoras<\/span><\/p>\n\n\n\n<p class=\"gb-text-5101493f\"><span class=\"gb-shape\"><svg aria-hidden=\"true\" role=\"img\" height=\"1em\" width=\"1em\" viewBox=\"0 0 512 512\" xmlns=\"http:\/\/www.w3.org\/2000\/svg\"><path fill=\"currentColor\" d=\"M173.898 439.404l-166.4-166.4c-9.997-9.997-9.997-26.206 0-36.204l36.203-36.204c9.997-9.998 26.207-9.998 36.204 0L192 312.69 432.095 72.596c9.997-9.997 26.207-9.997 36.204 0l36.203 36.204c9.997 9.997 9.997 26.206 0 36.204l-294.4 294.401c-9.998 9.997-26.207 9.997-36.204-.001z\"><\/path><\/svg><\/span><span class=\"gb-text\">Contribuir concretamente a la reducci\u00f3n de residuos y <br>al respeto del medio ambiente<\/span><\/p>\n<\/div>\n<\/div>\n<\/div>\n<\/div>\n\n\n\n<div class=\"gb-element-12f33573\">\n<div class=\"gb-element-932f477a\">\n<h3 class=\"gb-text gb-text-03e892f8\">\u00bfPor qu\u00e9 AluNova?<\/h3>\n\n\n\n<p class=\"gb-text gb-text-08d342fd\">Elegir AluNova significa optar por una soluci\u00f3n innovadora, trazable y de calidad, nacida de la colaboraci\u00f3n entre l\u00edderes del sector como Tetra Pak y Plastimark.<\/p>\n\n\n\n<p class=\"gb-text gb-text-3b254765\">AluNova permite crear productos fiables y duraderos, apoyando la econom\u00eda circular y ofreciendo una ventaja competitiva para quienes quieren combinar dise\u00f1o, funcionalidad y responsabilidad medioambiental.<br><\/p>\n<\/div>\n<\/div>\n\n\n\n<div class=\"gb-element-f0deaf1a\">\n<div class=\"gb-element-dd0e6c36\">\n<div class=\"gb-element-56fb5eaf\">\n<h2 class=\"gb-text gb-text-f0b36632\">AluNova-Compound<\/h2>\n\n\n\n<a class=\"gb-text gb-text-841b274e\" href=\"https:\/\/plastimark.com\/wp-content\/uploads\/ALUNOVA-Compound-EN.pdf\" target=\"_blank\" rel=\"noopener\">Descargar el folleto<\/a>\n<\/div>\n<\/div>\n<\/div>\n\n\n\n\n\n<div class=\"gb-element-0a5594b6\">\n<h2 class=\"gb-text gb-text-0fab68ff\">Gama de productos<\/h2>\n\n\n\n<p class=\"gb-text gb-text-a6dddbbe\">En la gama de cestas, Plastimark\u00ae Alunova est\u00e1 disponible para la carrocer\u00eda* de:<\/p>\n<\/div>\n\n\n\n<div class=\"gb-element-f88c6d6f\">\n<div class=\"gb-element-68343789 splide card-carousel\" aria-label=\"Carosello dei prodotti\">\n<div class=\"splide__track\">\n<div class=\"splide__list\">\n<div class=\"gb-element-ef846f9f splide__slide\">\n<a class=\"gb-element-e98477ec\" href=\"https:\/\/plastimark.com\/es\/producto\/minityko\/\"><\/a>\n\n\n\n<h3 class=\"gb-text gb-text-9a1fcf5e\"><a href=\"https:\/\/plastimark.com\/es\/producto\/minityko\/\"><strong>MiniTyko<\/strong> 22 L<\/a><\/h3>\n\n\n\n<a class=\"gb-text gb-text-59106ce6\" href=\"https:\/\/plastimark.com\/es\/producto\/minityko\/\">DESCUBRA<\/a>\n\n\n\n<a href=\"https:\/\/plastimark.com\/wp-content\/uploads\/PCF_Minityko-ALUNOVA-EN.pdf\" target=\"_blank\" rel=\"noopener\"><img loading=\"lazy\" decoding=\"async\" width=\"245\" height=\"179\" class=\"gb-media-2b533d7c\" src=\"https:\/\/plastimark.com\/wp-content\/uploads\/2026\/02\/CO2-Footprint.svg\" alt=\"\" title=\"icona-co2\"\/><\/a>\n<\/div>\n\n\n\n<div class=\"gb-element-4438a554 splide__slide\">\n<a class=\"gb-element-6edfe069\" href=\"https:\/\/plastimark.com\/es\/producto\/onda\/\"><\/a>\n\n\n\n<h3 class=\"gb-text gb-text-9060eec3\"><a href=\"https:\/\/plastimark.com\/es\/producto\/onda\/\"><strong>Onda<\/strong> 28 L<\/a><\/h3>\n\n\n\n<a class=\"gb-text gb-text-284524b4\" href=\"https:\/\/plastimark.com\/es\/producto\/onda\/\">DESCUBRA<\/a>\n\n\n\n<a href=\"https:\/\/plastimark.com\/wp-content\/uploads\/PCF_Onda-ALUNOVA-EN.pdf\" target=\"_blank\" rel=\"noopener\"><img loading=\"lazy\" decoding=\"async\" width=\"245\" height=\"179\" class=\"gb-media-0f1165de\" src=\"https:\/\/plastimark.com\/wp-content\/uploads\/2026\/02\/CO2-Footprint.svg\" alt=\"\" title=\"icona-co2\"\/><\/a>\n<\/div>\n\n\n\n<div class=\"gb-element-b7dad4e3 splide__slide\">\n<a class=\"gb-element-6968828a\" href=\"https:\/\/plastimark.com\/es\/producto\/tyko\/\"><\/a>\n\n\n\n<h3 class=\"gb-text gb-text-4ee7bd2a\"><a href=\"https:\/\/plastimark.com\/es\/producto\/tyko\/\"><strong>Tyko<\/strong> 33 L<\/a><\/h3>\n\n\n\n<a class=\"gb-text gb-text-0b029112\" href=\"https:\/\/plastimark.com\/es\/producto\/tyko\/\">DESCUBRA<\/a>\n\n\n\n<a href=\"https:\/\/plastimark.com\/wp-content\/uploads\/PCF_Tyko-Alunova-EN.pdf\" target=\"_blank\" rel=\"noopener\"><img loading=\"lazy\" decoding=\"async\" width=\"245\" height=\"179\" class=\"gb-media-161fb722\" src=\"https:\/\/plastimark.com\/wp-content\/uploads\/2026\/02\/CO2-Footprint.svg\" alt=\"\" title=\"icona-co2\"\/><\/a>\n<\/div>\n\n\n\n<div class=\"gb-element-21e66a80 splide__slide\">\n<a class=\"gb-element-0434fb7d\" href=\"https:\/\/plastimark.com\/es\/producto\/speesy\/\"><\/a>\n\n\n\n<h3 class=\"gb-text gb-text-a5d8095c\"><a href=\"https:\/\/plastimark.com\/es\/producto\/speesy\/\"><strong>Speesy<\/strong> 45 L<\/a><\/h3>\n\n\n\n<a class=\"gb-text gb-text-032c5c42\" href=\"https:\/\/plastimark.com\/es\/producto\/speesy\/\">DESCUBRA<\/a>\n\n\n\n<a href=\"https:\/\/plastimark.com\/wp-content\/uploads\/PCF_Speesy-ALUNOVA-EN.pdf\" target=\"_blank\" rel=\"noopener\"><img loading=\"lazy\" decoding=\"async\" width=\"245\" height=\"179\" class=\"gb-media-bcf95363\" src=\"https:\/\/plastimark.com\/wp-content\/uploads\/2026\/02\/CO2-Footprint.svg\" alt=\"\" title=\"icona-co2\"\/><\/a>\n<\/div>\n\n\n\n<div class=\"gb-element-86c0d98c splide__slide\">\n<a class=\"gb-element-43598f58\" href=\"https:\/\/plastimark.com\/es\/producto\/slimmer\/\"><\/a>\n\n\n\n<h3 class=\"gb-text gb-text-64eb554d\"><a href=\"https:\/\/plastimark.com\/es\/producto\/slimmer\/\"><strong>Slimmer<\/strong><\/a> <a href=\"https:\/\/plastimark.com\/es\/producto\/slimmer\/\">60 L<\/a><\/h3>\n\n\n\n<a class=\"gb-text gb-text-3be981e5\" href=\"https:\/\/plastimark.com\/es\/producto\/slimmer\/\">DESCUBRA<\/a>\n\n\n\n<a href=\"https:\/\/plastimark.com\/wp-content\/uploads\/PCF_Slimmer-ALUNOVA-EN.pdf\" target=\"_blank\" rel=\"noopener\"><img loading=\"lazy\" decoding=\"async\" width=\"245\" height=\"179\" class=\"gb-media-df626134\" src=\"https:\/\/plastimark.com\/wp-content\/uploads\/2026\/02\/CO2-Footprint.svg\" alt=\"\" title=\"icona-co2\"\/><\/a>\n<\/div>\n\n\n\n<div class=\"gb-element-1a6ee626 splide__slide\">\n<a class=\"gb-element-3666881d\" href=\"https:\/\/plastimark.com\/es\/producto\/maxityko\/\"><\/a>\n\n\n\n<h3 class=\"gb-text gb-text-01e9eb83\"><a href=\"https:\/\/plastimark.com\/es\/producto\/maxityko\/\"><strong>MaxiTyko<\/strong> 66 L<\/a><\/h3>\n\n\n\n<a class=\"gb-text gb-text-bc8ee56f\" href=\"https:\/\/plastimark.com\/es\/producto\/maxityko\/\">DESCUBRA<\/a>\n\n\n\n<a href=\"https:\/\/plastimark.com\/wp-content\/uploads\/PCF_MaxiTyko-ALUNOVA-EN.pdf\" target=\"_blank\" rel=\"noopener\"><img loading=\"lazy\" decoding=\"async\" width=\"245\" height=\"179\" class=\"gb-media-48530c2d\" src=\"https:\/\/plastimark.com\/wp-content\/uploads\/2026\/02\/CO2-Footprint.svg\" alt=\"\" title=\"icona-co2\"\/><\/a>\n<\/div>\n<\/div>\n<\/div>\n<\/div>\n<\/div>\n\n\n\n<div class=\"gb-element-e4ddf380\">\n<p class=\"gb-text gb-text-a4013ca4\">*El material obtenido del reciclaje de cartones para bebidas y alimentos se utiliza en un 30% en la fabricaci\u00f3n de las estructuras de las cestas.<\/p>\n<\/div>\n\n\n\n<p><\/p>\n","protected":false},"excerpt":{"rendered":"<p>Plastimark\u00ae AluNova El reciclaje de envases Tetra Pak\u00ae El reciclaje de envases es un sistema virtuoso que permite recuperar recursos &#8230; <\/p>\n<p class=\"read-more-container\"><a title=\"Alunova compound\" class=\"read-more button\" href=\"https:\/\/plastimark.com\/es\/alunova-compound\/#more-262341\" aria-label=\"Leer m\u00e1s sobre Alunova compound\">Leer m\u00e1s<\/a><\/p>\n","protected":false},"author":1,"featured_media":262340,"parent":0,"menu_order":0,"comment_status":"closed","ping_status":"closed","template":"","meta":{"_acf_changed":false,"footnotes":""},"class_list":["post-262341","page","type-page","status-publish","has-post-thumbnail"],"acf":[],"yoast_head":"<!-- This site is optimized with the Yoast SEO plugin v27.2 - https:\/\/yoast.com\/product\/yoast-seo-wordpress\/ -->\n<title>Alunova compound - Plastimark<\/title>\n<meta name=\"robots\" content=\"index, follow, max-snippet:-1, max-image-preview:large, max-video-preview:-1\" \/>\n<link rel=\"canonical\" href=\"https:\/\/plastimark.com\/es\/alunova-compound\/\" \/>\n<meta property=\"og:locale\" content=\"es_ES\" \/>\n<meta property=\"og:type\" content=\"article\" \/>\n<meta property=\"og:title\" content=\"Alunova compound - Plastimark\" \/>\n<meta property=\"og:description\" content=\"Plastimark\u00ae AluNova El reciclaje de envases Tetra Pak\u00ae El reciclaje de envases es un sistema virtuoso que permite recuperar recursos ... Leer m\u00e1s\" \/>\n<meta property=\"og:url\" content=\"https:\/\/plastimark.com\/es\/alunova-compound\/\" \/>\n<meta property=\"og:site_name\" content=\"Plastimark\" \/>\n<meta property=\"article:publisher\" content=\"https:\/\/www.facebook.com\/Plastimark\" \/>\n<meta property=\"article:modified_time\" content=\"2026-03-16T15:16:54+00:00\" \/>\n<meta property=\"og:image\" content=\"https:\/\/plastimark.com\/wp-content\/uploads\/2026\/02\/Alunova-Compound-Header-copy-2.webp\" \/>\n\t<meta property=\"og:image:width\" content=\"2500\" \/>\n\t<meta property=\"og:image:height\" content=\"484\" \/>\n\t<meta property=\"og:image:type\" content=\"image\/webp\" \/>\n<meta name=\"twitter:card\" content=\"summary_large_image\" \/>\n<meta name=\"twitter:label1\" content=\"Tiempo de lectura\" \/>\n\t<meta name=\"twitter:data1\" content=\"4 minutos\" \/>\n<script type=\"application\/ld+json\" class=\"yoast-schema-graph\">{\"@context\":\"https:\/\/schema.org\",\"@graph\":[{\"@type\":\"WebPage\",\"@id\":\"https:\/\/plastimark.com\/es\/alunova-compound\/\",\"url\":\"https:\/\/plastimark.com\/es\/alunova-compound\/\",\"name\":\"Alunova compound - Plastimark\",\"isPartOf\":{\"@id\":\"https:\/\/plastimark.com\/es\/#website\"},\"primaryImageOfPage\":{\"@id\":\"https:\/\/plastimark.com\/es\/alunova-compound\/#primaryimage\"},\"image\":{\"@id\":\"https:\/\/plastimark.com\/es\/alunova-compound\/#primaryimage\"},\"thumbnailUrl\":\"https:\/\/plastimark.com\/wp-content\/uploads\/2026\/02\/Alunova-Compound-Header-copy-2.webp\",\"datePublished\":\"2025-11-23T18:54:49+00:00\",\"dateModified\":\"2026-03-16T15:16:54+00:00\",\"breadcrumb\":{\"@id\":\"https:\/\/plastimark.com\/es\/alunova-compound\/#breadcrumb\"},\"inLanguage\":\"es\",\"potentialAction\":[{\"@type\":\"ReadAction\",\"target\":[\"https:\/\/plastimark.com\/es\/alunova-compound\/\"]}]},{\"@type\":\"ImageObject\",\"inLanguage\":\"es\",\"@id\":\"https:\/\/plastimark.com\/es\/alunova-compound\/#primaryimage\",\"url\":\"https:\/\/plastimark.com\/wp-content\/uploads\/2026\/02\/Alunova-Compound-Header-copy-2.webp\",\"contentUrl\":\"https:\/\/plastimark.com\/wp-content\/uploads\/2026\/02\/Alunova-Compound-Header-copy-2.webp\",\"width\":2500,\"height\":484},{\"@type\":\"BreadcrumbList\",\"@id\":\"https:\/\/plastimark.com\/es\/alunova-compound\/#breadcrumb\",\"itemListElement\":[{\"@type\":\"ListItem\",\"position\":1,\"name\":\"Home\",\"item\":\"https:\/\/plastimark.com\/es\/\"},{\"@type\":\"ListItem\",\"position\":2,\"name\":\"Alunova compound\"}]},{\"@type\":\"WebSite\",\"@id\":\"https:\/\/plastimark.com\/es\/#website\",\"url\":\"https:\/\/plastimark.com\/es\/\",\"name\":\"Plastimark\",\"description\":\"Carrelli e cestini per la spesa in plastica\",\"publisher\":{\"@id\":\"https:\/\/plastimark.com\/es\/#organization\"},\"potentialAction\":[{\"@type\":\"SearchAction\",\"target\":{\"@type\":\"EntryPoint\",\"urlTemplate\":\"https:\/\/plastimark.com\/es\/?s={search_term_string}\"},\"query-input\":{\"@type\":\"PropertyValueSpecification\",\"valueRequired\":true,\"valueName\":\"search_term_string\"}}],\"inLanguage\":\"es\"},{\"@type\":\"Organization\",\"@id\":\"https:\/\/plastimark.com\/es\/#organization\",\"name\":\"Plastimark\",\"url\":\"https:\/\/plastimark.com\/es\/\",\"logo\":{\"@type\":\"ImageObject\",\"inLanguage\":\"es\",\"@id\":\"https:\/\/plastimark.com\/es\/#\/schema\/logo\/image\/\",\"url\":\"https:\/\/plastimark.com\/wp-content\/uploads\/2025\/11\/logo-plastimark.svg\",\"contentUrl\":\"https:\/\/plastimark.com\/wp-content\/uploads\/2025\/11\/logo-plastimark.svg\",\"width\":313,\"height\":81,\"caption\":\"Plastimark\"},\"image\":{\"@id\":\"https:\/\/plastimark.com\/es\/#\/schema\/logo\/image\/\"},\"sameAs\":[\"https:\/\/www.facebook.com\/Plastimark\",\"https:\/\/www.linkedin.com\/company\/plastimark-spa\/\",\"https:\/\/www.instagram.com\/plastimark\/\",\"https:\/\/www.youtube.com\/@plastimark\"]}]}<\/script>\n<!-- \/ Yoast SEO plugin. -->","yoast_head_json":{"title":"Alunova compound - Plastimark","robots":{"index":"index","follow":"follow","max-snippet":"max-snippet:-1","max-image-preview":"max-image-preview:large","max-video-preview":"max-video-preview:-1"},"canonical":"https:\/\/plastimark.com\/es\/alunova-compound\/","og_locale":"es_ES","og_type":"article","og_title":"Alunova compound - Plastimark","og_description":"Plastimark\u00ae AluNova El reciclaje de envases Tetra Pak\u00ae El reciclaje de envases es un sistema virtuoso que permite recuperar recursos ... Leer m\u00e1s","og_url":"https:\/\/plastimark.com\/es\/alunova-compound\/","og_site_name":"Plastimark","article_publisher":"https:\/\/www.facebook.com\/Plastimark","article_modified_time":"2026-03-16T15:16:54+00:00","og_image":[{"width":2500,"height":484,"url":"https:\/\/plastimark.com\/wp-content\/uploads\/2026\/02\/Alunova-Compound-Header-copy-2.webp","type":"image\/webp"}],"twitter_card":"summary_large_image","twitter_misc":{"Tiempo de lectura":"4 minutos"},"schema":{"@context":"https:\/\/schema.org","@graph":[{"@type":"WebPage","@id":"https:\/\/plastimark.com\/es\/alunova-compound\/","url":"https:\/\/plastimark.com\/es\/alunova-compound\/","name":"Alunova compound - Plastimark","isPartOf":{"@id":"https:\/\/plastimark.com\/es\/#website"},"primaryImageOfPage":{"@id":"https:\/\/plastimark.com\/es\/alunova-compound\/#primaryimage"},"image":{"@id":"https:\/\/plastimark.com\/es\/alunova-compound\/#primaryimage"},"thumbnailUrl":"https:\/\/plastimark.com\/wp-content\/uploads\/2026\/02\/Alunova-Compound-Header-copy-2.webp","datePublished":"2025-11-23T18:54:49+00:00","dateModified":"2026-03-16T15:16:54+00:00","breadcrumb":{"@id":"https:\/\/plastimark.com\/es\/alunova-compound\/#breadcrumb"},"inLanguage":"es","potentialAction":[{"@type":"ReadAction","target":["https:\/\/plastimark.com\/es\/alunova-compound\/"]}]},{"@type":"ImageObject","inLanguage":"es","@id":"https:\/\/plastimark.com\/es\/alunova-compound\/#primaryimage","url":"https:\/\/plastimark.com\/wp-content\/uploads\/2026\/02\/Alunova-Compound-Header-copy-2.webp","contentUrl":"https:\/\/plastimark.com\/wp-content\/uploads\/2026\/02\/Alunova-Compound-Header-copy-2.webp","width":2500,"height":484},{"@type":"BreadcrumbList","@id":"https:\/\/plastimark.com\/es\/alunova-compound\/#breadcrumb","itemListElement":[{"@type":"ListItem","position":1,"name":"Home","item":"https:\/\/plastimark.com\/es\/"},{"@type":"ListItem","position":2,"name":"Alunova compound"}]},{"@type":"WebSite","@id":"https:\/\/plastimark.com\/es\/#website","url":"https:\/\/plastimark.com\/es\/","name":"Plastimark","description":"Carrelli e cestini per la spesa in plastica","publisher":{"@id":"https:\/\/plastimark.com\/es\/#organization"},"potentialAction":[{"@type":"SearchAction","target":{"@type":"EntryPoint","urlTemplate":"https:\/\/plastimark.com\/es\/?s={search_term_string}"},"query-input":{"@type":"PropertyValueSpecification","valueRequired":true,"valueName":"search_term_string"}}],"inLanguage":"es"},{"@type":"Organization","@id":"https:\/\/plastimark.com\/es\/#organization","name":"Plastimark","url":"https:\/\/plastimark.com\/es\/","logo":{"@type":"ImageObject","inLanguage":"es","@id":"https:\/\/plastimark.com\/es\/#\/schema\/logo\/image\/","url":"https:\/\/plastimark.com\/wp-content\/uploads\/2025\/11\/logo-plastimark.svg","contentUrl":"https:\/\/plastimark.com\/wp-content\/uploads\/2025\/11\/logo-plastimark.svg","width":313,"height":81,"caption":"Plastimark"},"image":{"@id":"https:\/\/plastimark.com\/es\/#\/schema\/logo\/image\/"},"sameAs":["https:\/\/www.facebook.com\/Plastimark","https:\/\/www.linkedin.com\/company\/plastimark-spa\/","https:\/\/www.instagram.com\/plastimark\/","https:\/\/www.youtube.com\/@plastimark"]}]}},"_links":{"self":[{"href":"https:\/\/plastimark.com\/es\/wp-json\/wp\/v2\/pages\/262341","targetHints":{"allow":["GET"]}}],"collection":[{"href":"https:\/\/plastimark.com\/es\/wp-json\/wp\/v2\/pages"}],"about":[{"href":"https:\/\/plastimark.com\/es\/wp-json\/wp\/v2\/types\/page"}],"author":[{"embeddable":true,"href":"https:\/\/plastimark.com\/es\/wp-json\/wp\/v2\/users\/1"}],"replies":[{"embeddable":true,"href":"https:\/\/plastimark.com\/es\/wp-json\/wp\/v2\/comments?post=262341"}],"version-history":[{"count":7,"href":"https:\/\/plastimark.com\/es\/wp-json\/wp\/v2\/pages\/262341\/revisions"}],"predecessor-version":[{"id":271236,"href":"https:\/\/plastimark.com\/es\/wp-json\/wp\/v2\/pages\/262341\/revisions\/271236"}],"wp:featuredmedia":[{"embeddable":true,"href":"https:\/\/plastimark.com\/es\/wp-json\/wp\/v2\/media\/262340"}],"wp:attachment":[{"href":"https:\/\/plastimark.com\/es\/wp-json\/wp\/v2\/media?parent=262341"}],"curies":[{"name":"wp","href":"https:\/\/api.w.org\/{rel}","templated":true}]}}