{"id":262329,"date":"2025-11-23T19:53:58","date_gmt":"2025-11-23T18:53:58","guid":{"rendered":"https:\/\/plastimark-new.inode.it\/black-compound\/"},"modified":"2026-03-16T16:19:04","modified_gmt":"2026-03-16T15:19:04","slug":"black-compound","status":"publish","type":"page","link":"https:\/\/plastimark.com\/es\/black-compound\/","title":{"rendered":"Black compound"},"content":{"rendered":"\n<div class=\"gb-element-e94d6ce3\">\n<h2 class=\"gb-text gb-text-3dbf9977\">Plastimark\u00ae Black<\/h2>\n\n\n\n<h4 class=\"gb-text gb-text-9d7e4dac\"><em>No s\u00f3lo negro: el color de la sostenibilidad<\/em><\/h4>\n\n\n\n<div class=\"gb-element-56d8b37a\">\n<p class=\"gb-text gb-text-c2eb7525\">La l\u00ednea Plastimark\u00ae Black representa una combinaci\u00f3n perfecta de sostenibilidad y rendimiento. Los carritos, cestas y pal\u00e9s est\u00e1n hechos de pl\u00e1stico reciclado, lo que reduce dr\u00e1sticamente el impacto ambiental sin comprometer la calidad, la durabilidad ni la funcionalidad del producto.<\/p>\n\n\n\n<p class=\"gb-text gb-text-9caa6e43\">Utilizar pl\u00e1stico reciclado significa dar nueva vida a un material existente, evitando que se disperse en el medio ambiente y contribuyendo activamente a la reducci\u00f3n de residuos. Un enfoque circular que valoriza los recursos y reduce la dependencia de materias primas v\u00edrgenes.<\/p>\n\n\n\n<p class=\"gb-text gb-text-8906982e\">La ventaja es doble: por un lado, se obtiene un producto altamente funcional y duradero; por otro, se hace una elecci\u00f3n \u00e9tica consciente, capaz de superar incluso las alternativas tradicionalmente consideradas \u00abverdes\u00bb en t\u00e9rminos de sostenibilidad.<\/p>\n\n\n\n<p class=\"gb-text gb-text-65516217\">Con Plastimark\u00ae Black, la sostenibilidad no es s\u00f3lo un valor a\u00f1adido, sino una caracter\u00edstica estructural del propio producto.<\/p>\n<\/div>\n<\/div>\n\n\n\n<div class=\"gb-element-a7f6558c\" id=\"vision-mission\">\n<div class=\"gb-element-a8a3b17d\">\n<div class=\"gb-element-ac40824a\">\n<img loading=\"lazy\" decoding=\"async\" width=\"232\" height=\"151\" class=\"gb-media-5b563fcb no-lightbox\" alt=\"\" title=\"euterra-compound\" src=\"https:\/\/plastimark.com\/wp-content\/uploads\/2025\/11\/black-compound.svg\"\/>\n<\/div>\n\n\n\n<div class=\"gb-element-0633ecf6\">\n<h3 class=\"gb-text\">Plastimark\u00ae Black puede:<\/h3>\n\n\n\n<div class=\"gb-element-3379ac53\">\n<p class=\"gb-text-ca7643aa\"><span class=\"gb-shape\"><svg aria-hidden=\"true\" role=\"img\" height=\"1em\" width=\"1em\" viewBox=\"0 0 512 512\" xmlns=\"http:\/\/www.w3.org\/2000\/svg\"><path fill=\"currentColor\" d=\"M173.898 439.404l-166.4-166.4c-9.997-9.997-9.997-26.206 0-36.204l36.203-36.204c9.997-9.998 26.207-9.998 36.204 0L192 312.69 432.095 72.596c9.997-9.997 26.207-9.997 36.204 0l36.203 36.204c9.997 9.997 9.997 26.206 0 36.204l-294.4 294.401c-9.998 9.997-26.207 9.997-36.204-.001z\"><\/path><\/svg><\/span><span class=\"gb-text\">Dar nueva vida a un producto al final de su vida \u00fatil<\/span><\/p>\n\n\n\n<p class=\"gb-text-aefd8df2\"><span class=\"gb-shape\"><svg aria-hidden=\"true\" role=\"img\" height=\"1em\" width=\"1em\" viewBox=\"0 0 512 512\" xmlns=\"http:\/\/www.w3.org\/2000\/svg\"><path fill=\"currentColor\" d=\"M173.898 439.404l-166.4-166.4c-9.997-9.997-9.997-26.206 0-36.204l36.203-36.204c9.997-9.998 26.207-9.998 36.204 0L192 312.69 432.095 72.596c9.997-9.997 26.207-9.997 36.204 0l36.203 36.204c9.997 9.997 9.997 26.206 0 36.204l-294.4 294.401c-9.998 9.997-26.207 9.997-36.204-.001z\"><\/path><\/svg><\/span><span class=\"gb-text\">Contando una historia aut\u00e9ntica de sostenibilidad<\/span><\/p>\n\n\n\n<p class=\"gb-text-c7b62564\"><span class=\"gb-shape\"><svg aria-hidden=\"true\" role=\"img\" height=\"1em\" width=\"1em\" viewBox=\"0 0 512 512\" xmlns=\"http:\/\/www.w3.org\/2000\/svg\"><path fill=\"currentColor\" d=\"M173.898 439.404l-166.4-166.4c-9.997-9.997-9.997-26.206 0-36.204l36.203-36.204c9.997-9.998 26.207-9.998 36.204 0L192 312.69 432.095 72.596c9.997-9.997 26.207-9.997 36.204 0l36.203 36.204c9.997 9.997 9.997 26.206 0 36.204l-294.4 294.401c-9.998 9.997-26.207 9.997-36.204-.001z\"><\/path><\/svg><\/span><span class=\"gb-text\">Ofrecer una soluci\u00f3n concreta y ecol\u00f3gica<\/span><\/p>\n\n\n\n<p class=\"gb-text-9190fa3d\"><span class=\"gb-shape\"><svg aria-hidden=\"true\" role=\"img\" height=\"1em\" width=\"1em\" viewBox=\"0 0 512 512\" xmlns=\"http:\/\/www.w3.org\/2000\/svg\"><path fill=\"currentColor\" d=\"M173.898 439.404l-166.4-166.4c-9.997-9.997-9.997-26.206 0-36.204l36.203-36.204c9.997-9.998 26.207-9.998 36.204 0L192 312.69 432.095 72.596c9.997-9.997 26.207-9.997 36.204 0l36.203 36.204c9.997 9.997 9.997 26.206 0 36.204l-294.4 294.401c-9.998 9.997-26.207 9.997-36.204-.001z\"><\/path><\/svg><\/span><span class=\"gb-text\">Reducir el uso de materias primas v\u00edrgenes<\/span><\/p>\n\n\n\n<p class=\"gb-text-5101493f\"><span class=\"gb-shape\"><svg aria-hidden=\"true\" role=\"img\" height=\"1em\" width=\"1em\" viewBox=\"0 0 512 512\" xmlns=\"http:\/\/www.w3.org\/2000\/svg\"><path fill=\"currentColor\" d=\"M173.898 439.404l-166.4-166.4c-9.997-9.997-9.997-26.206 0-36.204l36.203-36.204c9.997-9.998 26.207-9.998 36.204 0L192 312.69 432.095 72.596c9.997-9.997 26.207-9.997 36.204 0l36.203 36.204c9.997 9.997 9.997 26.206 0 36.204l-294.4 294.401c-9.998 9.997-26.207 9.997-36.204-.001z\"><\/path><\/svg><\/span><span class=\"gb-text\">Convierte cada compra en una elecci\u00f3n consciente<\/span><\/p>\n<\/div>\n<\/div>\n<\/div>\n<\/div>\n\n\n\n<div class=\"gb-element-12f33573\">\n<div class=\"gb-element-932f477a\">\n<h3 class=\"gb-text gb-text-03e892f8\">\u00bfPor qu\u00e9 Black?<\/h3>\n\n\n\n<p class=\"gb-text gb-text-08d342fd\">El pl\u00e1stico es un recurso vers\u00e1til y preciado, cuyo valor s\u00f3lo se puede aprovechar plenamente mediante un uso consciente y responsable. Para ser sostenibles, cada material que utilizamos debe gestionarse con respeto por el medio ambiente y las generaciones futuras, siguiendo un enfoque que maximice la reutilizaci\u00f3n y reduzca los residuos.<\/p>\n\n\n\n<p class=\"gb-text gb-text-3b254765\">Con esto en mente, Plastimark\u00ae ha definido una directriz \u00e9tica clara y concreta gracias al uso del compuesto Black: utilizar materiales de desecho postindustriales y promover una cultura de econom\u00eda circular donde el ciclo de vida de cada producto se extiende mucho m\u00e1s all\u00e1 de su uso inicial.<\/p>\n\n\n\n<p class=\"gb-text gb-text-80fea744\">Gracias a este compromiso, se crea valor no s\u00f3lo para la empresa y los clientes, sino sobre todo para el planeta, asegurando un futuro m\u00e1s sostenible y responsable.<\/p>\n<\/div>\n<\/div>\n\n\n\n\n\n<div class=\"gb-element-f0deaf1a\">\n<div class=\"gb-element-dd0e6c36\">\n<div class=\"gb-element-56fb5eaf\">\n<h2 class=\"gb-text gb-text-f0b36632\">Black-Compound<\/h2>\n\n\n\n<a class=\"gb-text gb-text-841b274e\" href=\"https:\/\/plastimark.com\/wp-content\/uploads\/BLACK-Compound-EN.pdf\" target=\"_blank\" rel=\"noopener\">Descargar el folleto<\/a>\n<\/div>\n<\/div>\n<\/div>\n\n\n\n<div class=\"gb-element-0a5594b6\">\n<h2 class=\"gb-text gb-text-0fab68ff\">Range of available products<\/h2>\n\n\n\n<p class=\"gb-text gb-text-a6dddbbe\">En la gama de cestas, Plastimark\u00ae Black est\u00e1 disponible para:<\/p>\n<\/div>\n\n\n\n<div class=\"gb-element-e9b7a2c2\">\n<div class=\"gb-element-226b5091 splide card-carousel\" aria-label=\"Carosello dei prodotti\">\n<div class=\"splide__track\">\n<div class=\"splide__list\">\n<div class=\"gb-element-f1be149f splide__slide\">\n<a class=\"gb-element-420d3f2c\" href=\"https:\/\/plastimark.com\/es\/producto\/minityko\/\"><\/a>\n\n\n\n<h3 class=\"gb-text gb-text-b9910674\"><a href=\"https:\/\/plastimark.com\/es\/producto\/minityko\/\"><strong>MiniTyko<\/strong> 22 L<\/a><\/h3>\n\n\n\n<a class=\"gb-text gb-text-6fd55dfb\" href=\"https:\/\/plastimark.com\/es\/producto\/minityko\/\">DESCUBRA<\/a>\n<\/div>\n\n\n\n<div class=\"gb-element-9b4c58e1 splide__slide\">\n<a class=\"gb-element-cb2e41aa\" href=\"https:\/\/plastimark.com\/es\/producto\/onda\/\"><\/a>\n\n\n\n<h3 class=\"gb-text gb-text-797159e5\"><a href=\"https:\/\/plastimark.com\/es\/producto\/onda\/\"><strong>Onda<\/strong> 28 L<\/a><\/h3>\n\n\n\n<a class=\"gb-text gb-text-900e2731\" href=\"https:\/\/plastimark.com\/es\/producto\/onda\/\">DESCUBRA<\/a>\n<\/div>\n\n\n\n<div class=\"gb-element-37f66207 splide__slide\">\n<a class=\"gb-element-7f4da747\" href=\"https:\/\/plastimark.com\/es\/producto\/tyko\/\"><\/a>\n\n\n\n<h3 class=\"gb-text gb-text-40d8fbbf\"><a href=\"https:\/\/plastimark.com\/es\/producto\/tyko\/\"><strong>Tyko<\/strong> 33 L<\/a><\/h3>\n\n\n\n<a class=\"gb-text gb-text-65f1a7eb\" href=\"https:\/\/plastimark.com\/es\/producto\/tyko\/\">DESCUBRA<\/a>\n<\/div>\n\n\n\n<div class=\"gb-element-d8b80253 splide__slide\">\n<a class=\"gb-element-5454455e\" href=\"https:\/\/plastimark.com\/es\/productot\/speesy\/\"><\/a>\n\n\n\n<h3 class=\"gb-text gb-text-554525ba\"><a href=\"https:\/\/plastimark.com\/es\/producto\/speesy\/\"><strong>Speesy<\/strong> 45 L<\/a><\/h3>\n\n\n\n<a class=\"gb-text gb-text-cce7e8e1\" href=\"https:\/\/plastimark.com\/es\/producto\/speesy\/\">DESCUBRA<\/a>\n<\/div>\n\n\n\n<div class=\"gb-element-0c607d9a splide__slide\">\n<a class=\"gb-element-9da5bc07\" href=\"https:\/\/plastimark.com\/es\/producto\/slimmer\/\"><\/a>\n\n\n\n<h3 class=\"gb-text gb-text-ae3250d6\"><a href=\"https:\/\/plastimark.com\/es\/producto\/slimmer\/\"><strong>Slimmer<\/strong> 60 L<\/a><\/h3>\n\n\n\n<a class=\"gb-text gb-text-eaac5d3b\" href=\"https:\/\/plastimark.com\/es\/producto\/slimmer\/\">DESCUBRA<\/a>\n<\/div>\n\n\n\n<div class=\"gb-element-c141e7c7 splide__slide\">\n<a class=\"gb-element-c40f263f\" href=\"https:\/\/plastimark.com\/es\/producto\/maxityko\/\"><\/a>\n\n\n\n<h3 class=\"gb-text gb-text-42a8b744\"><a href=\"https:\/\/plastimark.com\/es\/producto\/maxityko\/\"><strong>MaxiTyko<\/strong> 66 L<\/a><\/h3>\n\n\n\n<a class=\"gb-text gb-text-5741e9d2\" href=\"https:\/\/plastimark.com\/es\/producto\/maxityko\/\">DESCUBRA<\/a>\n<\/div>\n<\/div>\n<\/div>\n<\/div>\n<\/div>\n\n\n\n<div class=\"gb-element-c6299e55\">\n<p class=\"gb-text gb-text-7d9f077e\">En la gama de carritos, Plastimark\u00ae Black est\u00e1 disponible para:<\/p>\n<\/div>\n\n\n\n<div class=\"gb-element-29a8534b\">\n<div class=\"gb-element-49e9b919 splide card-carousel\" aria-label=\"Carosello dei prodotti\">\n<div class=\"splide__track\">\n<div class=\"splide__list\">\n<div class=\"gb-element-baef83be splide__slide\">\n<a class=\"gb-element-b9d6c08f\" href=\"https:\/\/plastimark.com\/es\/producto\/pleasy\/\"><\/a>\n\n\n\n<h3 class=\"gb-text gb-text-310a0944\"><a href=\"https:\/\/plastimark.com\/es\/producto\/pleasy\/\"><strong>Pleasy<\/strong> 100 L<\/a><\/h3>\n\n\n\n<a class=\"gb-text gb-text-5aa65a3c\" href=\"https:\/\/plastimark.com\/es\/producto\/pleasy\/\">DESCUBRA<\/a>\n<\/div>\n\n\n\n<div class=\"gb-element-b0668e07 splide__slide\">\n<a class=\"gb-element-f524efa6\" href=\"https:\/\/plastimark.com\/es\/producto\/roomy\/\"><\/a>\n\n\n\n<h3 class=\"gb-text gb-text-ffd610dc\"><a href=\"https:\/\/plastimark.com\/es\/producto\/roomy\/\"><strong>Roomy<\/strong> 160 L<\/a><\/h3>\n\n\n\n<a class=\"gb-text gb-text-7c3c1b9a\" href=\"https:\/\/plastimark.com\/es\/producto\/roomy\/\">DESCUBRA<\/a>\n<\/div>\n\n\n\n<div class=\"gb-element-72724e05 splide__slide\">\n<a class=\"gb-element-bf7a75ad\" href=\"https:\/\/plastimark.com\/es\/producto\/keita\/\"><\/a>\n\n\n\n<h3 class=\"gb-text gb-text-e9f2ce2d\"><a href=\"https:\/\/plastimark.com\/es\/producto\/keita\/\"><strong>Keita<\/strong> 90 L<\/a><\/h3>\n\n\n\n<a class=\"gb-text gb-text-43b1418e\" href=\"https:\/\/plastimark.com\/es\/producto\/keita\/\">DESCUBRA<\/a>\n<\/div>\n\n\n\n<div class=\"gb-element-63f9aeab splide__slide\">\n<a class=\"gb-element-b71b4be3\" href=\"https:\/\/plastimark.com\/es\/producto\/city\/\"><\/a>\n\n\n\n<h3 class=\"gb-text gb-text-6375c20c\"><a href=\"https:\/\/plastimark.com\/es\/producto\/city\/\"><strong>City<\/strong> 100 L<\/a><\/h3>\n\n\n\n<a class=\"gb-text gb-text-d16561ea\" href=\"https:\/\/plastimark.com\/es\/producto\/city\/\">DESCUBRA<\/a>\n<\/div>\n\n\n\n<div class=\"gb-element-29f67908 splide__slide\">\n<a class=\"gb-element-bb66775a\" href=\"https:\/\/plastimark.com\/es\/producto\/luma\/\"><\/a>\n\n\n\n<h3 class=\"gb-text gb-text-595a9606\"><a href=\"https:\/\/plastimark.com\/es\/producto\/luma\/\"><strong>Luma<\/strong> 130 L<\/a><\/h3>\n\n\n\n<a class=\"gb-text gb-text-178ff2b5\" href=\"https:\/\/plastimark.com\/es\/producto\/luma\/\">DESCUBRA<\/a>\n<\/div>\n\n\n\n<div class=\"gb-element-7fec990c splide__slide\">\n<a class=\"gb-element-170dc431\" href=\"https:\/\/plastimark.com\/es\/producto\/twiga\/\"><\/a>\n\n\n\n<h3 class=\"gb-text gb-text-64ffac96\"><a href=\"https:\/\/plastimark.com\/es\/producto\/twiga\/\"><strong>Twiga<\/strong> 150 L<\/a><\/h3>\n\n\n\n<a class=\"gb-text gb-text-47cf78a8\" href=\"https:\/\/plastimark.com\/es\/producto\/twiga\/\">DESCUBRA<\/a>\n<\/div>\n\n\n\n<div class=\"gb-element-8767203e splide__slide\">\n<a class=\"gb-element-ce6d0f95\" href=\"https:\/\/plastimark.com\/es\/producto\/duka\/\"><\/a>\n\n\n\n<h3 class=\"gb-text gb-text-678f7fef\"><a href=\"https:\/\/plastimark.com\/es\/producto\/duka\/\"><strong>Duka<\/strong> 210 L<\/a><\/h3>\n\n\n\n<a class=\"gb-text gb-text-b0d27e90\" href=\"https:\/\/plastimark.com\/es\/producto\/duka\/\">DESCUBRA<\/a>\n<\/div>\n<\/div>\n<\/div>\n<\/div>\n<\/div>\n\n\n\n<div class=\"gb-element-83a91b7a\">\n<p class=\"gb-text gb-text-23f26f37\">En la gama de carritos HYBRID, Plastimark\u00ae Black est\u00e1 disponible para:<\/p>\n<\/div>\n\n\n\n<div class=\"gb-element-11529b43\">\n<div class=\"gb-element-d2e07078 splide card-carousel\" aria-label=\"Carosello dei prodotti\">\n<div class=\"splide__track\">\n<div class=\"splide__list\">\n<div class=\"gb-element-c865854a splide__slide\">\n<a class=\"gb-element-731b8436\" href=\"https:\/\/plastimark.com\/es\/producto\/super\/\"><\/a>\n\n\n\n<h3 class=\"gb-text gb-text-b6be66b8\"><a href=\"https:\/\/plastimark.com\/es\/producto\/super\/\"><strong>Super<\/strong> 180 L<\/a><\/h3>\n\n\n\n<a class=\"gb-text gb-text-71cffba4\" href=\"https:\/\/plastimark.com\/es\/producto\/super\/\">DESCUBRA<\/a>\n<\/div>\n\n\n\n<div class=\"gb-element-4347d8dd splide__slide\">\n<a class=\"gb-element-0f8ce0b3\" href=\"https:\/\/plastimark.com\/es\/producto\/maxi\/\"><\/a>\n\n\n\n<h3 class=\"gb-text gb-text-74004913\"><a href=\"https:\/\/plastimark.com\/es\/producto\/maxi\/\"><strong>Maxi<\/strong> 220 L<\/a><\/h3>\n\n\n\n<a class=\"gb-text gb-text-a089e14d\" href=\"https:\/\/plastimark.com\/es\/producto\/maxi\/\">DESCUBRA<\/a>\n<\/div>\n\n\n\n<div class=\"gb-element-0b57b3c1 splide__slide\">\n<a class=\"gb-element-7311e02a\" href=\"https:\/\/plastimark.com\/es\/producto\/iper\/\"><\/a>\n\n\n\n<h3 class=\"gb-text gb-text-3ca296dd\"><a href=\"https:\/\/plastimark.com\/es\/producto\/iper\/\"><strong>Iper<\/strong> 240 L<\/a><\/h3>\n\n\n\n<a class=\"gb-text gb-text-5360a56e\" href=\"https:\/\/plastimark.com\/es\/producto\/iper\/\">DESCUBRA<\/a>\n<\/div>\n<\/div>\n<\/div>\n<\/div>\n<\/div>\n\n\n\n<div class=\"gb-element-af23771f\">\n<p class=\"gb-text gb-text-af95b544\">En la gama de palet , Plastimark\u00ae Black est\u00e1 disponible para:<\/p>\n<\/div>\n\n\n\n<div class=\"gb-element-b61d82c2\">\n<div class=\"gb-element-7074b7b7 splide card-carousel\" aria-label=\"Carosello dei prodotti\">\n<div class=\"splide__track\">\n<div class=\"splide__list\">\n<div class=\"gb-element-83722e0b splide__slide\">\n<a class=\"gb-element-2d6d4579\" href=\"https:\/\/plastimark.com\/es\/producto\/pallet-light\/\"><\/a>\n\n\n\n<h3 class=\"gb-text gb-text-5dee7f3d\"><a href=\"https:\/\/plastimark.com\/es\/producto\/pallet-light\/\"><strong>Pallet Light<\/strong><\/a><\/h3>\n\n\n\n<a class=\"gb-text gb-text-d59faca9\" href=\"https:\/\/plastimark.com\/es\/producto\/pallet-light\/\">DESCUBRA<\/a>\n<\/div>\n\n\n\n<div class=\"gb-element-3931705d splide__slide\">\n<a class=\"gb-element-6abc8470\" href=\"https:\/\/plastimark.com\/es\/producto\/pallet-cargo\/\"><\/a>\n\n\n\n<h3 class=\"gb-text gb-text-34dcd3ef\"><a href=\"https:\/\/plastimark.com\/es\/producto\/pallet-cargo\/\"><strong>Pallet Cargo<\/strong><\/a><\/h3>\n\n\n\n<a class=\"gb-text gb-text-bd198c4c\" href=\"https:\/\/plastimark.com\/es\/producto\/pallet-cargo\/\">DESCUBRA<\/a>\n<\/div>\n<\/div>\n<\/div>\n<\/div>\n<\/div>\n","protected":false},"excerpt":{"rendered":"<p>Plastimark\u00ae Black No s\u00f3lo negro: el color de la sostenibilidad La l\u00ednea Plastimark\u00ae Black representa una combinaci\u00f3n perfecta de sostenibilidad &#8230; <\/p>\n<p class=\"read-more-container\"><a title=\"Black compound\" class=\"read-more button\" href=\"https:\/\/plastimark.com\/es\/black-compound\/#more-262329\" aria-label=\"Leer m\u00e1s sobre Black compound\">Leer m\u00e1s<\/a><\/p>\n","protected":false},"author":1,"featured_media":262328,"parent":0,"menu_order":0,"comment_status":"closed","ping_status":"closed","template":"","meta":{"_acf_changed":false,"footnotes":""},"class_list":["post-262329","page","type-page","status-publish","has-post-thumbnail"],"acf":[],"yoast_head":"<!-- This site is optimized with the Yoast SEO plugin v27.2 - https:\/\/yoast.com\/product\/yoast-seo-wordpress\/ -->\n<title>Black compound - Plastimark<\/title>\n<meta name=\"robots\" content=\"index, follow, max-snippet:-1, max-image-preview:large, max-video-preview:-1\" \/>\n<link rel=\"canonical\" href=\"https:\/\/plastimark.com\/es\/black-compound\/\" \/>\n<meta property=\"og:locale\" content=\"es_ES\" \/>\n<meta property=\"og:type\" content=\"article\" \/>\n<meta property=\"og:title\" content=\"Black compound - Plastimark\" \/>\n<meta property=\"og:description\" content=\"Plastimark\u00ae Black No s\u00f3lo negro: el color de la sostenibilidad La l\u00ednea Plastimark\u00ae Black representa una combinaci\u00f3n perfecta de sostenibilidad ... Leer m\u00e1s\" \/>\n<meta property=\"og:url\" content=\"https:\/\/plastimark.com\/es\/black-compound\/\" \/>\n<meta property=\"og:site_name\" content=\"Plastimark\" \/>\n<meta property=\"article:publisher\" content=\"https:\/\/www.facebook.com\/Plastimark\" \/>\n<meta property=\"article:modified_time\" content=\"2026-03-16T15:19:04+00:00\" \/>\n<meta property=\"og:image\" content=\"https:\/\/plastimark.com\/wp-content\/uploads\/2026\/01\/Black-Compound-Header-2.webp\" \/>\n\t<meta property=\"og:image:width\" content=\"2500\" \/>\n\t<meta property=\"og:image:height\" content=\"484\" \/>\n\t<meta property=\"og:image:type\" content=\"image\/webp\" \/>\n<meta name=\"twitter:card\" content=\"summary_large_image\" \/>\n<meta name=\"twitter:label1\" content=\"Tiempo de lectura\" \/>\n\t<meta name=\"twitter:data1\" content=\"3 minutos\" \/>\n<script type=\"application\/ld+json\" class=\"yoast-schema-graph\">{\"@context\":\"https:\/\/schema.org\",\"@graph\":[{\"@type\":\"WebPage\",\"@id\":\"https:\/\/plastimark.com\/es\/black-compound\/\",\"url\":\"https:\/\/plastimark.com\/es\/black-compound\/\",\"name\":\"Black compound - Plastimark\",\"isPartOf\":{\"@id\":\"https:\/\/plastimark.com\/es\/#website\"},\"primaryImageOfPage\":{\"@id\":\"https:\/\/plastimark.com\/es\/black-compound\/#primaryimage\"},\"image\":{\"@id\":\"https:\/\/plastimark.com\/es\/black-compound\/#primaryimage\"},\"thumbnailUrl\":\"https:\/\/plastimark.com\/wp-content\/uploads\/2026\/01\/Black-Compound-Header-2.webp\",\"datePublished\":\"2025-11-23T18:53:58+00:00\",\"dateModified\":\"2026-03-16T15:19:04+00:00\",\"breadcrumb\":{\"@id\":\"https:\/\/plastimark.com\/es\/black-compound\/#breadcrumb\"},\"inLanguage\":\"es\",\"potentialAction\":[{\"@type\":\"ReadAction\",\"target\":[\"https:\/\/plastimark.com\/es\/black-compound\/\"]}]},{\"@type\":\"ImageObject\",\"inLanguage\":\"es\",\"@id\":\"https:\/\/plastimark.com\/es\/black-compound\/#primaryimage\",\"url\":\"https:\/\/plastimark.com\/wp-content\/uploads\/2026\/01\/Black-Compound-Header-2.webp\",\"contentUrl\":\"https:\/\/plastimark.com\/wp-content\/uploads\/2026\/01\/Black-Compound-Header-2.webp\",\"width\":2500,\"height\":484},{\"@type\":\"BreadcrumbList\",\"@id\":\"https:\/\/plastimark.com\/es\/black-compound\/#breadcrumb\",\"itemListElement\":[{\"@type\":\"ListItem\",\"position\":1,\"name\":\"Home\",\"item\":\"https:\/\/plastimark.com\/es\/\"},{\"@type\":\"ListItem\",\"position\":2,\"name\":\"Black compound\"}]},{\"@type\":\"WebSite\",\"@id\":\"https:\/\/plastimark.com\/es\/#website\",\"url\":\"https:\/\/plastimark.com\/es\/\",\"name\":\"Plastimark\",\"description\":\"Carrelli e cestini per la spesa in plastica\",\"publisher\":{\"@id\":\"https:\/\/plastimark.com\/es\/#organization\"},\"potentialAction\":[{\"@type\":\"SearchAction\",\"target\":{\"@type\":\"EntryPoint\",\"urlTemplate\":\"https:\/\/plastimark.com\/es\/?s={search_term_string}\"},\"query-input\":{\"@type\":\"PropertyValueSpecification\",\"valueRequired\":true,\"valueName\":\"search_term_string\"}}],\"inLanguage\":\"es\"},{\"@type\":\"Organization\",\"@id\":\"https:\/\/plastimark.com\/es\/#organization\",\"name\":\"Plastimark\",\"url\":\"https:\/\/plastimark.com\/es\/\",\"logo\":{\"@type\":\"ImageObject\",\"inLanguage\":\"es\",\"@id\":\"https:\/\/plastimark.com\/es\/#\/schema\/logo\/image\/\",\"url\":\"https:\/\/plastimark.com\/wp-content\/uploads\/2025\/11\/logo-plastimark.svg\",\"contentUrl\":\"https:\/\/plastimark.com\/wp-content\/uploads\/2025\/11\/logo-plastimark.svg\",\"width\":313,\"height\":81,\"caption\":\"Plastimark\"},\"image\":{\"@id\":\"https:\/\/plastimark.com\/es\/#\/schema\/logo\/image\/\"},\"sameAs\":[\"https:\/\/www.facebook.com\/Plastimark\",\"https:\/\/www.linkedin.com\/company\/plastimark-spa\/\",\"https:\/\/www.instagram.com\/plastimark\/\",\"https:\/\/www.youtube.com\/@plastimark\"]}]}<\/script>\n<!-- \/ Yoast SEO plugin. -->","yoast_head_json":{"title":"Black compound - Plastimark","robots":{"index":"index","follow":"follow","max-snippet":"max-snippet:-1","max-image-preview":"max-image-preview:large","max-video-preview":"max-video-preview:-1"},"canonical":"https:\/\/plastimark.com\/es\/black-compound\/","og_locale":"es_ES","og_type":"article","og_title":"Black compound - Plastimark","og_description":"Plastimark\u00ae Black No s\u00f3lo negro: el color de la sostenibilidad La l\u00ednea Plastimark\u00ae Black representa una combinaci\u00f3n perfecta de sostenibilidad ... Leer m\u00e1s","og_url":"https:\/\/plastimark.com\/es\/black-compound\/","og_site_name":"Plastimark","article_publisher":"https:\/\/www.facebook.com\/Plastimark","article_modified_time":"2026-03-16T15:19:04+00:00","og_image":[{"width":2500,"height":484,"url":"https:\/\/plastimark.com\/wp-content\/uploads\/2026\/01\/Black-Compound-Header-2.webp","type":"image\/webp"}],"twitter_card":"summary_large_image","twitter_misc":{"Tiempo de lectura":"3 minutos"},"schema":{"@context":"https:\/\/schema.org","@graph":[{"@type":"WebPage","@id":"https:\/\/plastimark.com\/es\/black-compound\/","url":"https:\/\/plastimark.com\/es\/black-compound\/","name":"Black compound - Plastimark","isPartOf":{"@id":"https:\/\/plastimark.com\/es\/#website"},"primaryImageOfPage":{"@id":"https:\/\/plastimark.com\/es\/black-compound\/#primaryimage"},"image":{"@id":"https:\/\/plastimark.com\/es\/black-compound\/#primaryimage"},"thumbnailUrl":"https:\/\/plastimark.com\/wp-content\/uploads\/2026\/01\/Black-Compound-Header-2.webp","datePublished":"2025-11-23T18:53:58+00:00","dateModified":"2026-03-16T15:19:04+00:00","breadcrumb":{"@id":"https:\/\/plastimark.com\/es\/black-compound\/#breadcrumb"},"inLanguage":"es","potentialAction":[{"@type":"ReadAction","target":["https:\/\/plastimark.com\/es\/black-compound\/"]}]},{"@type":"ImageObject","inLanguage":"es","@id":"https:\/\/plastimark.com\/es\/black-compound\/#primaryimage","url":"https:\/\/plastimark.com\/wp-content\/uploads\/2026\/01\/Black-Compound-Header-2.webp","contentUrl":"https:\/\/plastimark.com\/wp-content\/uploads\/2026\/01\/Black-Compound-Header-2.webp","width":2500,"height":484},{"@type":"BreadcrumbList","@id":"https:\/\/plastimark.com\/es\/black-compound\/#breadcrumb","itemListElement":[{"@type":"ListItem","position":1,"name":"Home","item":"https:\/\/plastimark.com\/es\/"},{"@type":"ListItem","position":2,"name":"Black compound"}]},{"@type":"WebSite","@id":"https:\/\/plastimark.com\/es\/#website","url":"https:\/\/plastimark.com\/es\/","name":"Plastimark","description":"Carrelli e cestini per la spesa in plastica","publisher":{"@id":"https:\/\/plastimark.com\/es\/#organization"},"potentialAction":[{"@type":"SearchAction","target":{"@type":"EntryPoint","urlTemplate":"https:\/\/plastimark.com\/es\/?s={search_term_string}"},"query-input":{"@type":"PropertyValueSpecification","valueRequired":true,"valueName":"search_term_string"}}],"inLanguage":"es"},{"@type":"Organization","@id":"https:\/\/plastimark.com\/es\/#organization","name":"Plastimark","url":"https:\/\/plastimark.com\/es\/","logo":{"@type":"ImageObject","inLanguage":"es","@id":"https:\/\/plastimark.com\/es\/#\/schema\/logo\/image\/","url":"https:\/\/plastimark.com\/wp-content\/uploads\/2025\/11\/logo-plastimark.svg","contentUrl":"https:\/\/plastimark.com\/wp-content\/uploads\/2025\/11\/logo-plastimark.svg","width":313,"height":81,"caption":"Plastimark"},"image":{"@id":"https:\/\/plastimark.com\/es\/#\/schema\/logo\/image\/"},"sameAs":["https:\/\/www.facebook.com\/Plastimark","https:\/\/www.linkedin.com\/company\/plastimark-spa\/","https:\/\/www.instagram.com\/plastimark\/","https:\/\/www.youtube.com\/@plastimark"]}]}},"_links":{"self":[{"href":"https:\/\/plastimark.com\/es\/wp-json\/wp\/v2\/pages\/262329","targetHints":{"allow":["GET"]}}],"collection":[{"href":"https:\/\/plastimark.com\/es\/wp-json\/wp\/v2\/pages"}],"about":[{"href":"https:\/\/plastimark.com\/es\/wp-json\/wp\/v2\/types\/page"}],"author":[{"embeddable":true,"href":"https:\/\/plastimark.com\/es\/wp-json\/wp\/v2\/users\/1"}],"replies":[{"embeddable":true,"href":"https:\/\/plastimark.com\/es\/wp-json\/wp\/v2\/comments?post=262329"}],"version-history":[{"count":7,"href":"https:\/\/plastimark.com\/es\/wp-json\/wp\/v2\/pages\/262329\/revisions"}],"predecessor-version":[{"id":271240,"href":"https:\/\/plastimark.com\/es\/wp-json\/wp\/v2\/pages\/262329\/revisions\/271240"}],"wp:featuredmedia":[{"embeddable":true,"href":"https:\/\/plastimark.com\/es\/wp-json\/wp\/v2\/media\/262328"}],"wp:attachment":[{"href":"https:\/\/plastimark.com\/es\/wp-json\/wp\/v2\/media?parent=262329"}],"curies":[{"name":"wp","href":"https:\/\/api.w.org\/{rel}","templated":true}]}}