{"id":262322,"date":"2025-11-23T19:54:17","date_gmt":"2025-11-23T18:54:17","guid":{"rendered":"https:\/\/plastimark-new.inode.it\/euterra-compound\/"},"modified":"2026-03-16T16:18:51","modified_gmt":"2026-03-16T15:18:51","slug":"euterra-compound","status":"publish","type":"page","link":"https:\/\/plastimark.com\/es\/euterra-compound\/","title":{"rendered":"Euterra compound"},"content":{"rendered":"\n<div class=\"gb-element-e94d6ce3\">\n<h2 class=\"gb-text gb-text-3dbf9977\">Plastimark\u00ae Euterra<\/h2>\n\n\n\n<h4 class=\"gb-text gb-text-9d7e4dac\"><em>De los residuos a los recursos: el valor del posconsumo<\/em><\/h4>\n\n\n\n<div class=\"gb-element-56d8b37a\">\n<p class=\"gb-text gb-text-c2eb7525\">El pl\u00e1stico dom\u00e9stico postconsumo procede directamente de la recogida selectiva de residuos: son los residuos pl\u00e1sticos que tiramos cada d\u00eda en nuestras casas, pero que, en lugar de acabar en los vertederos o, peor a\u00fan, en el medio ambiente, pueden tener una nueva vida gracias al reciclaje.<\/p>\n\n\n\n<p class=\"gb-text gb-text-06fba708\">A nivel mundial, se estima que cada mes se producen m\u00e1s de 25 millones de toneladas de residuos pl\u00e1sticos. Una cantidad impresionante que, si no se gestiona correctamente, tiene un impacto devastador sobre los ecosistemas y la naturaleza en general.<\/p>\n\n\n\n<p class=\"gb-text gb-text-cd66a06e\">Plastimark siempre ha estado comprometido con la reducci\u00f3n de este impacto, adoptando un modelo de econom\u00eda circular que permite recuperar, regenerar y reintroducir en el ciclo de producci\u00f3n materiales pl\u00e1sticos que de otro modo se desperdiciar\u00edan. Nuestro objetivo es claro: minimizar los residuos y maximizar el valor de los materiales existentes.<\/p>\n\n\n\n<p class=\"gb-text gb-text-c824cd61\">Este compromiso se confirma con la disponibilidad de un material a\u00fan m\u00e1s prestacional y sostenible, dise\u00f1ado para mejorar el impacto ambiental de los contenedores Plastimark sin comprometer su calidad ni su durabilidad. Elegir Plastimark significa contribuir a un cambio real: transformar un problema en un recurso, sabiendo que cada gesto cuenta.<\/p>\n<\/div>\n<\/div>\n\n\n\n<div class=\"gb-element-a7f6558c\" id=\"vision-mission\">\n<div class=\"gb-element-a8a3b17d\">\n<div class=\"gb-element-ac40824a\">\n<img loading=\"lazy\" decoding=\"async\" width=\"232\" height=\"151\" class=\"gb-media-5b563fcb no-lightbox\" alt=\"\" title=\"euterra-compound\" src=\"https:\/\/plastimark.com\/wp-content\/uploads\/2025\/11\/euterra-compound.svg\"\/>\n<\/div>\n\n\n\n<div class=\"gb-element-0633ecf6\">\n<h3 class=\"gb-text\">Plastimark\u00ae Euterra puede:<\/h3>\n\n\n\n<div class=\"gb-element-3379ac53\">\n<p class=\"gb-text-ca7643aa\"><span class=\"gb-shape\"><svg aria-hidden=\"true\" role=\"img\" height=\"1em\" width=\"1em\" viewBox=\"0 0 512 512\" xmlns=\"http:\/\/www.w3.org\/2000\/svg\"><path fill=\"currentColor\" d=\"M173.898 439.404l-166.4-166.4c-9.997-9.997-9.997-26.206 0-36.204l36.203-36.204c9.997-9.998 26.207-9.998 36.204 0L192 312.69 432.095 72.596c9.997-9.997 26.207-9.997 36.204 0l36.203 36.204c9.997 9.997 9.997 26.206 0 36.204l-294.4 294.401c-9.998 9.997-26.207 9.997-36.204-.001z\"><\/path><\/svg><\/span><span class=\"gb-text\">Aumentar la sostenibilidad del punto de venta<\/span><\/p>\n\n\n\n<p class=\"gb-text-aefd8df2\"><span class=\"gb-shape\"><svg aria-hidden=\"true\" role=\"img\" height=\"1em\" width=\"1em\" viewBox=\"0 0 512 512\" xmlns=\"http:\/\/www.w3.org\/2000\/svg\"><path fill=\"currentColor\" d=\"M173.898 439.404l-166.4-166.4c-9.997-9.997-9.997-26.206 0-36.204l36.203-36.204c9.997-9.998 26.207-9.998 36.204 0L192 312.69 432.095 72.596c9.997-9.997 26.207-9.997 36.204 0l36.203 36.204c9.997 9.997 9.997 26.206 0 36.204l-294.4 294.401c-9.998 9.997-26.207 9.997-36.204-.001z\"><\/path><\/svg><\/span><span class=\"gb-text\">Ampliar la oferta ecol\u00f3gica<\/span><\/p>\n\n\n\n<p class=\"gb-text-6081f6b2\"><span class=\"gb-shape\"><svg aria-hidden=\"true\" role=\"img\" height=\"1em\" width=\"1em\" viewBox=\"0 0 512 512\" xmlns=\"http:\/\/www.w3.org\/2000\/svg\"><path fill=\"currentColor\" d=\"M173.898 439.404l-166.4-166.4c-9.997-9.997-9.997-26.206 0-36.204l36.203-36.204c9.997-9.998 26.207-9.998 36.204 0L192 312.69 432.095 72.596c9.997-9.997 26.207-9.997 36.204 0l36.203 36.204c9.997 9.997 9.997 26.206 0 36.204l-294.4 294.401c-9.998 9.997-26.207 9.997-36.204-.001z\"><\/path><\/svg><\/span><span class=\"gb-text\">Reducir el impacto ambiental mediante el uso de materiales reciclados<\/span><\/p>\n\n\n\n<p class=\"gb-text-c7b62564\"><span class=\"gb-shape\"><svg aria-hidden=\"true\" role=\"img\" height=\"1em\" width=\"1em\" viewBox=\"0 0 512 512\" xmlns=\"http:\/\/www.w3.org\/2000\/svg\"><path fill=\"currentColor\" d=\"M173.898 439.404l-166.4-166.4c-9.997-9.997-9.997-26.206 0-36.204l36.203-36.204c9.997-9.998 26.207-9.998 36.204 0L192 312.69 432.095 72.596c9.997-9.997 26.207-9.997 36.204 0l36.203 36.204c9.997 9.997 9.997 26.206 0 36.204l-294.4 294.401c-9.998 9.997-26.207 9.997-36.204-.001z\"><\/path><\/svg><\/span><span class=\"gb-text\">Comunica de forma concreta el compromiso medioambiental de tu marca<\/span><\/p>\n\n\n\n<p class=\"gb-text-4da23b4b\"><span class=\"gb-shape\"><svg aria-hidden=\"true\" role=\"img\" height=\"1em\" width=\"1em\" viewBox=\"0 0 512 512\" xmlns=\"http:\/\/www.w3.org\/2000\/svg\"><path fill=\"currentColor\" d=\"M173.898 439.404l-166.4-166.4c-9.997-9.997-9.997-26.206 0-36.204l36.203-36.204c9.997-9.998 26.207-9.998 36.204 0L192 312.69 432.095 72.596c9.997-9.997 26.207-9.997 36.204 0l36.203 36.204c9.997 9.997 9.997 26.206 0 36.204l-294.4 294.401c-9.998 9.997-26.207 9.997-36.204-.001z\"><\/path><\/svg><\/span><span class=\"gb-text\">Cumplimiento de los criterios ESG y apoyo a las estrategias de econom\u00eda circular<\/span><\/p>\n<\/div>\n<\/div>\n<\/div>\n<\/div>\n\n\n\n<div class=\"gb-element-12f33573\">\n<div class=\"gb-element-932f477a\">\n<h3 class=\"gb-text gb-text-03e892f8\">&nbsp;<br>\u00bfPor qu\u00e9 Euterra?<\/h3>\n\n\n\n<p class=\"gb-text gb-text-08d342fd\">Euterra nace de la uni\u00f3n de eu (bueno) y Terra: un nombre que expresa el compromiso de Plastimark con el bien del Planeta.<\/p>\n\n\n\n<p class=\"gb-text gb-text-3b254765\">Fabricados con pl\u00e1stico posconsumo, los productos Euterra ayudan a cerrar el ciclo del reciclaje, reduciendo los desechos y mejorando los recursos.<\/p>\n\n\n\n<p class=\"gb-text gb-text-80fea744\">La gama garantiza sostenibilidad sin concesiones: gracias al saber hacer de producci\u00f3n de Plastimark, el rendimiento t\u00e9cnico se mantiene alto en todas las l\u00edneas.<\/p>\n<\/div>\n<\/div>\n\n\n\n<div class=\"gb-element-f0deaf1a\">\n<div class=\"gb-element-dd0e6c36\">\n<div class=\"gb-element-56fb5eaf\">\n<h2 class=\"gb-text\">Euterra-Compound<\/h2>\n\n\n\n<a class=\"gb-text gb-text-841b274e\" href=\"https:\/\/plastimark.com\/wp-content\/uploads\/EUTERRA-Compound-EN.pdf\" target=\"_blank\" rel=\"noopener\">Descargar el folleto<\/a>\n<\/div>\n<\/div>\n<\/div>\n\n\n\n\n\n<div class=\"gb-element-0a5594b6\">\n<h2 class=\"gb-text gb-text-0fab68ff\">Gama de productos disponibles<\/h2>\n\n\n\n<p class=\"gb-text gb-text-a6dddbbe\">En la gama de cestas, Plastimark\u00ae Wood est\u00e1 disponible para la estructura de:<\/p>\n<\/div>\n\n\n\n<div class=\"gb-element-f88c6d6f\">\n<div class=\"gb-element-68343789 splide card-carousel\" aria-label=\"Carosello dei prodotti\">\n<div class=\"splide__track\">\n<div class=\"splide__list\">\n<div class=\"gb-element-ef846f9f splide__slide\">\n<a class=\"gb-element-e98477ec\" href=\"https:\/\/plastimark.com\/es\/producto\/minityko\/\"><\/a>\n\n\n\n<h3 class=\"gb-text gb-text-9a1fcf5e\"><a href=\"https:\/\/plastimark.com\/es\/producto\/minityko\/\"><strong>MiniTyko<\/strong> 22 L<\/a><\/h3>\n\n\n\n<a class=\"gb-text gb-text-59106ce6\" href=\"https:\/\/plastimark.com\/es\/producto\/minityko\/\">DESCUBRA<\/a>\n<\/div>\n\n\n\n<div class=\"gb-element-4438a554 splide__slide\">\n<a class=\"gb-element-6edfe069\" href=\"https:\/\/plastimark.com\/es\/producto\/onda\/\"><\/a>\n\n\n\n<h3 class=\"gb-text gb-text-9060eec3\"><a href=\"https:\/\/plastimark.com\/es\/producto\/onda\/\"><strong>Onda<\/strong> 28 L<\/a><\/h3>\n\n\n\n<a class=\"gb-text gb-text-284524b4\" href=\"https:\/\/plastimark.com\/es\/producto\/onda\/\">DESCUBRA<\/a>\n<\/div>\n\n\n\n<div class=\"gb-element-b7dad4e3 splide__slide\">\n<a class=\"gb-element-6968828a\" href=\"https:\/\/plastimark.com\/es\/producto\/tyko\/\"><\/a>\n\n\n\n<h3 class=\"gb-text gb-text-4ee7bd2a\"><a href=\"https:\/\/plastimark.com\/es\/producto\/tyko\/\"><strong>Tyko<\/strong> 33 L<\/a><\/h3>\n\n\n\n<a class=\"gb-text gb-text-0b029112\" href=\"https:\/\/plastimark.com\/es\/producto\/tyko\/\">DESCUBRA<\/a>\n<\/div>\n\n\n\n<div class=\"gb-element-21e66a80 splide__slide\">\n<a class=\"gb-element-0434fb7d\" href=\"https:\/\/plastimark.com\/es\/producto\/speesy\/\"><\/a>\n\n\n\n<h3 class=\"gb-text gb-text-a5d8095c\"><a href=\"https:\/\/plastimark.com\/es\/producto\/speesy\/\"><strong>Speesy<\/strong> 45 L<\/a><\/h3>\n\n\n\n<a class=\"gb-text gb-text-032c5c42\" href=\"https:\/\/plastimark.com\/es\/producto\/speesy\/\">DESCUBRA<\/a>\n<\/div>\n\n\n\n<div class=\"gb-element-86c0d98c splide__slide\">\n<a class=\"gb-element-43598f58\" href=\"https:\/\/plastimark.com\/es\/producto\/slimmer\/\"><\/a>\n\n\n\n<h3 class=\"gb-text gb-text-64eb554d\"><a href=\"https:\/\/plastimark.com\/es\/producto\/slimmer\/\"><strong>Slimmer<\/strong> 60 L<\/a><\/h3>\n\n\n\n<a class=\"gb-text gb-text-3be981e5\" href=\"https:\/\/plastimark.com\/es\/producto\/slimmer\/\">DESCUBRA<\/a>\n<\/div>\n\n\n\n<div class=\"gb-element-1a6ee626 splide__slide\">\n<a class=\"gb-element-3666881d\" href=\"https:\/\/plastimark.com\/es\/producto\/maxityko\/\"><\/a>\n\n\n\n<h3 class=\"gb-text gb-text-01e9eb83\"><a href=\"https:\/\/plastimark.com\/es\/producto\/maxityko\/\"><strong>MaxiTyko<\/strong> 66 L<\/a><\/h3>\n\n\n\n<a class=\"gb-text gb-text-bc8ee56f\" href=\"https:\/\/plastimark.com\/es\/producto\/maxityko\/\">DESCUBRE<\/a>\n<\/div>\n<\/div>\n<\/div>\n<\/div>\n<\/div>\n","protected":false},"excerpt":{"rendered":"<p>Plastimark\u00ae Euterra De los residuos a los recursos: el valor del posconsumo El pl\u00e1stico dom\u00e9stico postconsumo procede directamente de la &#8230; <\/p>\n<p class=\"read-more-container\"><a title=\"Euterra compound\" class=\"read-more button\" href=\"https:\/\/plastimark.com\/es\/euterra-compound\/#more-262322\" aria-label=\"Leer m\u00e1s sobre Euterra compound\">Leer m\u00e1s<\/a><\/p>\n","protected":false},"author":1,"featured_media":254269,"parent":0,"menu_order":0,"comment_status":"closed","ping_status":"closed","template":"","meta":{"_acf_changed":false,"footnotes":""},"class_list":["post-262322","page","type-page","status-publish","has-post-thumbnail"],"acf":[],"yoast_head":"<!-- This site is optimized with the Yoast SEO plugin v27.2 - https:\/\/yoast.com\/product\/yoast-seo-wordpress\/ -->\n<title>Euterra compound - Plastimark<\/title>\n<meta name=\"robots\" content=\"index, follow, max-snippet:-1, max-image-preview:large, max-video-preview:-1\" \/>\n<link rel=\"canonical\" href=\"https:\/\/plastimark.com\/es\/euterra-compound\/\" \/>\n<meta property=\"og:locale\" content=\"es_ES\" \/>\n<meta property=\"og:type\" content=\"article\" \/>\n<meta property=\"og:title\" content=\"Euterra compound - Plastimark\" \/>\n<meta property=\"og:description\" content=\"Plastimark\u00ae Euterra De los residuos a los recursos: el valor del posconsumo El pl\u00e1stico dom\u00e9stico postconsumo procede directamente de la ... Leer m\u00e1s\" \/>\n<meta property=\"og:url\" content=\"https:\/\/plastimark.com\/es\/euterra-compound\/\" \/>\n<meta property=\"og:site_name\" content=\"Plastimark\" \/>\n<meta property=\"article:publisher\" content=\"https:\/\/www.facebook.com\/Plastimark\" \/>\n<meta property=\"article:modified_time\" content=\"2026-03-16T15:18:51+00:00\" \/>\n<meta property=\"og:image\" content=\"https:\/\/plastimark.com\/wp-content\/uploads\/2025\/12\/head-euterra.webp\" \/>\n\t<meta property=\"og:image:width\" content=\"1920\" \/>\n\t<meta property=\"og:image:height\" content=\"646\" \/>\n\t<meta property=\"og:image:type\" content=\"image\/webp\" \/>\n<meta name=\"twitter:card\" content=\"summary_large_image\" \/>\n<meta name=\"twitter:label1\" content=\"Tiempo de lectura\" \/>\n\t<meta name=\"twitter:data1\" content=\"3 minutos\" \/>\n<script type=\"application\/ld+json\" class=\"yoast-schema-graph\">{\"@context\":\"https:\/\/schema.org\",\"@graph\":[{\"@type\":\"WebPage\",\"@id\":\"https:\/\/plastimark.com\/es\/euterra-compound\/\",\"url\":\"https:\/\/plastimark.com\/es\/euterra-compound\/\",\"name\":\"Euterra compound - Plastimark\",\"isPartOf\":{\"@id\":\"https:\/\/plastimark.com\/es\/#website\"},\"primaryImageOfPage\":{\"@id\":\"https:\/\/plastimark.com\/es\/euterra-compound\/#primaryimage\"},\"image\":{\"@id\":\"https:\/\/plastimark.com\/es\/euterra-compound\/#primaryimage\"},\"thumbnailUrl\":\"https:\/\/plastimark.com\/wp-content\/uploads\/2025\/12\/head-euterra.webp\",\"datePublished\":\"2025-11-23T18:54:17+00:00\",\"dateModified\":\"2026-03-16T15:18:51+00:00\",\"breadcrumb\":{\"@id\":\"https:\/\/plastimark.com\/es\/euterra-compound\/#breadcrumb\"},\"inLanguage\":\"es\",\"potentialAction\":[{\"@type\":\"ReadAction\",\"target\":[\"https:\/\/plastimark.com\/es\/euterra-compound\/\"]}]},{\"@type\":\"ImageObject\",\"inLanguage\":\"es\",\"@id\":\"https:\/\/plastimark.com\/es\/euterra-compound\/#primaryimage\",\"url\":\"https:\/\/plastimark.com\/wp-content\/uploads\/2025\/12\/head-euterra.webp\",\"contentUrl\":\"https:\/\/plastimark.com\/wp-content\/uploads\/2025\/12\/head-euterra.webp\",\"width\":1920,\"height\":646},{\"@type\":\"BreadcrumbList\",\"@id\":\"https:\/\/plastimark.com\/es\/euterra-compound\/#breadcrumb\",\"itemListElement\":[{\"@type\":\"ListItem\",\"position\":1,\"name\":\"Home\",\"item\":\"https:\/\/plastimark.com\/es\/\"},{\"@type\":\"ListItem\",\"position\":2,\"name\":\"Euterra compound\"}]},{\"@type\":\"WebSite\",\"@id\":\"https:\/\/plastimark.com\/es\/#website\",\"url\":\"https:\/\/plastimark.com\/es\/\",\"name\":\"Plastimark\",\"description\":\"Carrelli e cestini per la spesa in plastica\",\"publisher\":{\"@id\":\"https:\/\/plastimark.com\/es\/#organization\"},\"potentialAction\":[{\"@type\":\"SearchAction\",\"target\":{\"@type\":\"EntryPoint\",\"urlTemplate\":\"https:\/\/plastimark.com\/es\/?s={search_term_string}\"},\"query-input\":{\"@type\":\"PropertyValueSpecification\",\"valueRequired\":true,\"valueName\":\"search_term_string\"}}],\"inLanguage\":\"es\"},{\"@type\":\"Organization\",\"@id\":\"https:\/\/plastimark.com\/es\/#organization\",\"name\":\"Plastimark\",\"url\":\"https:\/\/plastimark.com\/es\/\",\"logo\":{\"@type\":\"ImageObject\",\"inLanguage\":\"es\",\"@id\":\"https:\/\/plastimark.com\/es\/#\/schema\/logo\/image\/\",\"url\":\"https:\/\/plastimark.com\/wp-content\/uploads\/2025\/11\/logo-plastimark.svg\",\"contentUrl\":\"https:\/\/plastimark.com\/wp-content\/uploads\/2025\/11\/logo-plastimark.svg\",\"width\":313,\"height\":81,\"caption\":\"Plastimark\"},\"image\":{\"@id\":\"https:\/\/plastimark.com\/es\/#\/schema\/logo\/image\/\"},\"sameAs\":[\"https:\/\/www.facebook.com\/Plastimark\",\"https:\/\/www.linkedin.com\/company\/plastimark-spa\/\",\"https:\/\/www.instagram.com\/plastimark\/\",\"https:\/\/www.youtube.com\/@plastimark\"]}]}<\/script>\n<!-- \/ Yoast SEO plugin. -->","yoast_head_json":{"title":"Euterra compound - Plastimark","robots":{"index":"index","follow":"follow","max-snippet":"max-snippet:-1","max-image-preview":"max-image-preview:large","max-video-preview":"max-video-preview:-1"},"canonical":"https:\/\/plastimark.com\/es\/euterra-compound\/","og_locale":"es_ES","og_type":"article","og_title":"Euterra compound - Plastimark","og_description":"Plastimark\u00ae Euterra De los residuos a los recursos: el valor del posconsumo El pl\u00e1stico dom\u00e9stico postconsumo procede directamente de la ... Leer m\u00e1s","og_url":"https:\/\/plastimark.com\/es\/euterra-compound\/","og_site_name":"Plastimark","article_publisher":"https:\/\/www.facebook.com\/Plastimark","article_modified_time":"2026-03-16T15:18:51+00:00","og_image":[{"width":1920,"height":646,"url":"https:\/\/plastimark.com\/wp-content\/uploads\/2025\/12\/head-euterra.webp","type":"image\/webp"}],"twitter_card":"summary_large_image","twitter_misc":{"Tiempo de lectura":"3 minutos"},"schema":{"@context":"https:\/\/schema.org","@graph":[{"@type":"WebPage","@id":"https:\/\/plastimark.com\/es\/euterra-compound\/","url":"https:\/\/plastimark.com\/es\/euterra-compound\/","name":"Euterra compound - Plastimark","isPartOf":{"@id":"https:\/\/plastimark.com\/es\/#website"},"primaryImageOfPage":{"@id":"https:\/\/plastimark.com\/es\/euterra-compound\/#primaryimage"},"image":{"@id":"https:\/\/plastimark.com\/es\/euterra-compound\/#primaryimage"},"thumbnailUrl":"https:\/\/plastimark.com\/wp-content\/uploads\/2025\/12\/head-euterra.webp","datePublished":"2025-11-23T18:54:17+00:00","dateModified":"2026-03-16T15:18:51+00:00","breadcrumb":{"@id":"https:\/\/plastimark.com\/es\/euterra-compound\/#breadcrumb"},"inLanguage":"es","potentialAction":[{"@type":"ReadAction","target":["https:\/\/plastimark.com\/es\/euterra-compound\/"]}]},{"@type":"ImageObject","inLanguage":"es","@id":"https:\/\/plastimark.com\/es\/euterra-compound\/#primaryimage","url":"https:\/\/plastimark.com\/wp-content\/uploads\/2025\/12\/head-euterra.webp","contentUrl":"https:\/\/plastimark.com\/wp-content\/uploads\/2025\/12\/head-euterra.webp","width":1920,"height":646},{"@type":"BreadcrumbList","@id":"https:\/\/plastimark.com\/es\/euterra-compound\/#breadcrumb","itemListElement":[{"@type":"ListItem","position":1,"name":"Home","item":"https:\/\/plastimark.com\/es\/"},{"@type":"ListItem","position":2,"name":"Euterra compound"}]},{"@type":"WebSite","@id":"https:\/\/plastimark.com\/es\/#website","url":"https:\/\/plastimark.com\/es\/","name":"Plastimark","description":"Carrelli e cestini per la spesa in plastica","publisher":{"@id":"https:\/\/plastimark.com\/es\/#organization"},"potentialAction":[{"@type":"SearchAction","target":{"@type":"EntryPoint","urlTemplate":"https:\/\/plastimark.com\/es\/?s={search_term_string}"},"query-input":{"@type":"PropertyValueSpecification","valueRequired":true,"valueName":"search_term_string"}}],"inLanguage":"es"},{"@type":"Organization","@id":"https:\/\/plastimark.com\/es\/#organization","name":"Plastimark","url":"https:\/\/plastimark.com\/es\/","logo":{"@type":"ImageObject","inLanguage":"es","@id":"https:\/\/plastimark.com\/es\/#\/schema\/logo\/image\/","url":"https:\/\/plastimark.com\/wp-content\/uploads\/2025\/11\/logo-plastimark.svg","contentUrl":"https:\/\/plastimark.com\/wp-content\/uploads\/2025\/11\/logo-plastimark.svg","width":313,"height":81,"caption":"Plastimark"},"image":{"@id":"https:\/\/plastimark.com\/es\/#\/schema\/logo\/image\/"},"sameAs":["https:\/\/www.facebook.com\/Plastimark","https:\/\/www.linkedin.com\/company\/plastimark-spa\/","https:\/\/www.instagram.com\/plastimark\/","https:\/\/www.youtube.com\/@plastimark"]}]}},"_links":{"self":[{"href":"https:\/\/plastimark.com\/es\/wp-json\/wp\/v2\/pages\/262322","targetHints":{"allow":["GET"]}}],"collection":[{"href":"https:\/\/plastimark.com\/es\/wp-json\/wp\/v2\/pages"}],"about":[{"href":"https:\/\/plastimark.com\/es\/wp-json\/wp\/v2\/types\/page"}],"author":[{"embeddable":true,"href":"https:\/\/plastimark.com\/es\/wp-json\/wp\/v2\/users\/1"}],"replies":[{"embeddable":true,"href":"https:\/\/plastimark.com\/es\/wp-json\/wp\/v2\/comments?post=262322"}],"version-history":[{"count":5,"href":"https:\/\/plastimark.com\/es\/wp-json\/wp\/v2\/pages\/262322\/revisions"}],"predecessor-version":[{"id":271239,"href":"https:\/\/plastimark.com\/es\/wp-json\/wp\/v2\/pages\/262322\/revisions\/271239"}],"wp:featuredmedia":[{"embeddable":true,"href":"https:\/\/plastimark.com\/es\/wp-json\/wp\/v2\/media\/254269"}],"wp:attachment":[{"href":"https:\/\/plastimark.com\/es\/wp-json\/wp\/v2\/media?parent=262322"}],"curies":[{"name":"wp","href":"https:\/\/api.w.org\/{rel}","templated":true}]}}