{"id":262318,"date":"2025-11-23T19:54:33","date_gmt":"2025-11-23T18:54:33","guid":{"rendered":"https:\/\/plastimark-new.inode.it\/wave-compound\/"},"modified":"2026-03-16T16:18:33","modified_gmt":"2026-03-16T15:18:33","slug":"wave-compound","status":"publish","type":"page","link":"https:\/\/plastimark.com\/es\/wave-compound\/","title":{"rendered":"Wave compound"},"content":{"rendered":"\n<div class=\"gb-element-e94d6ce3\">\n<h2 class=\"gb-text gb-text-3dbf9977\">Plastimark\u00ae Wave<\/h2>\n\n\n\n<h4 class=\"gb-text gb-text-9d7e4dac\"><em>Pl\u00e1stico marino recuperado: una opci\u00f3n \u00e9tica para el futuro<\/em><\/h4>\n\n\n\n<div class=\"gb-element-56d8b37a\">\n<p class=\"gb-text gb-text-c2eb7525\">El pl\u00e1stico recogido de los oc\u00e9anos puede convertirse en un recurso preciado. Gracias a procesos sostenibles y controlados, se transforma en nuevos productos de calidad, dando vida a una elecci\u00f3n \u00e9tica que protege el medio ambiente y promueve una econom\u00eda m\u00e1s responsable.<\/p>\n\n\n\n<p class=\"gb-text gb-text-04ca7086\">Cada a\u00f1o, al menos 11 millones de toneladas de pl\u00e1stico terminan en nuestros mares. Se estima que cada minuto se vierte un cami\u00f3n lleno de residuos pl\u00e1sticos en los oc\u00e9anos y playas, con consecuencias dram\u00e1ticas para la vida marina, las costas y todo el equilibrio de los ecosistemas acu\u00e1ticos.<\/p>\n\n\n\n<p class=\"gb-text gb-text-4e354b30\">Plastimark est\u00e1 comprometido con un proceso de reciclaje avanzado, utilizando materiales trazables procedentes de socios certificados, que operan en cumplimiento de rigurosos est\u00e1ndares ambientales y con el objetivo de reducir las emisiones de CO.\u2082.<br><br>Elegir productos elaborados a partir de pl\u00e1stico marino recuperado significa participar activamente en la protecci\u00f3n de los oc\u00e9anos y las playas y hacer una contribuci\u00f3n concreta a la lucha contra la contaminaci\u00f3n marina.<\/p>\n<\/div>\n<\/div>\n\n\n\n<div class=\"gb-element-a7f6558c\" id=\"vision-mission\">\n<div class=\"gb-element-a8a3b17d\">\n<div class=\"gb-element-ac40824a\">\n<img loading=\"lazy\" decoding=\"async\" width=\"232\" height=\"151\" class=\"gb-media-5b563fcb no-lightbox\" alt=\"\" title=\"euterra-compound\" src=\"https:\/\/plastimark.com\/wp-content\/uploads\/2025\/11\/wave-compound.svg\"\/>\n<\/div>\n\n\n\n<div class=\"gb-element-0633ecf6\">\n<h3 class=\"gb-text\">Plastimark\u00ae Wave puede:<\/h3>\n\n\n\n<div class=\"gb-element-3379ac53\">\n<p class=\"gb-text-ca7643aa\"><span class=\"gb-shape\"><svg aria-hidden=\"true\" role=\"img\" height=\"1em\" width=\"1em\" viewBox=\"0 0 512 512\" xmlns=\"http:\/\/www.w3.org\/2000\/svg\"><path fill=\"currentColor\" d=\"M173.898 439.404l-166.4-166.4c-9.997-9.997-9.997-26.206 0-36.204l36.203-36.204c9.997-9.998 26.207-9.998 36.204 0L192 312.69 432.095 72.596c9.997-9.997 26.207-9.997 36.204 0l36.203 36.204c9.997 9.997 9.997 26.206 0 36.204l-294.4 294.401c-9.998 9.997-26.207 9.997-36.204-.001z\"><\/path><\/svg><\/span><span class=\"gb-text\">Contribuir a la limpieza del medio ambiente mediante la compra<br>consciente de cestas de compra<\/span><\/p>\n\n\n\n<p class=\"gb-text-aefd8df2\"><span class=\"gb-shape\"><svg aria-hidden=\"true\" role=\"img\" height=\"1em\" width=\"1em\" viewBox=\"0 0 512 512\" xmlns=\"http:\/\/www.w3.org\/2000\/svg\"><path fill=\"currentColor\" d=\"M173.898 439.404l-166.4-166.4c-9.997-9.997-9.997-26.206 0-36.204l36.203-36.204c9.997-9.998 26.207-9.998 36.204 0L192 312.69 432.095 72.596c9.997-9.997 26.207-9.997 36.204 0l36.203 36.204c9.997 9.997 9.997 26.206 0 36.204l-294.4 294.401c-9.998 9.997-26.207 9.997-36.204-.001z\"><\/path><\/svg><\/span><span class=\"gb-text\">Combinar funcionalidad y dise\u00f1o con un fuerte compromiso con la sostenibilidad<\/span><\/p>\n\n\n\n<p class=\"gb-text-c7b62564\"><span class=\"gb-shape\"><svg aria-hidden=\"true\" role=\"img\" height=\"1em\" width=\"1em\" viewBox=\"0 0 512 512\" xmlns=\"http:\/\/www.w3.org\/2000\/svg\"><path fill=\"currentColor\" d=\"M173.898 439.404l-166.4-166.4c-9.997-9.997-9.997-26.206 0-36.204l36.203-36.204c9.997-9.998 26.207-9.998 36.204 0L192 312.69 432.095 72.596c9.997-9.997 26.207-9.997 36.204 0l36.203 36.204c9.997 9.997 9.997 26.206 0 36.204l-294.4 294.401c-9.998 9.997-26.207 9.997-36.204-.001z\"><\/path><\/svg><\/span><span class=\"gb-text\">Ofrecer una soluci\u00f3n concreta y tecnol\u00f3gica contra la contaminaci\u00f3n marina<\/span><\/p>\n\n\n\n<p class=\"gb-text-e1851b6b\"><span class=\"gb-shape\"><svg aria-hidden=\"true\" role=\"img\" height=\"1em\" width=\"1em\" viewBox=\"0 0 512 512\" xmlns=\"http:\/\/www.w3.org\/2000\/svg\"><path fill=\"currentColor\" d=\"M173.898 439.404l-166.4-166.4c-9.997-9.997-9.997-26.206 0-36.204l36.203-36.204c9.997-9.998 26.207-9.998 36.204 0L192 312.69 432.095 72.596c9.997-9.997 26.207-9.997 36.204 0l36.203 36.204c9.997 9.997 9.997 26.206 0 36.204l-294.4 294.401c-9.998 9.997-26.207 9.997-36.204-.001z\"><\/path><\/svg><\/span><span class=\"gb-text\">Crear valor social y ecol\u00f3gico, apoyando la conservaci\u00f3n de los oc\u00e9anos<\/span><\/p>\n\n\n\n<p class=\"gb-text-3e45e34f\"><span class=\"gb-shape\"><svg aria-hidden=\"true\" role=\"img\" height=\"1em\" width=\"1em\" viewBox=\"0 0 512 512\" xmlns=\"http:\/\/www.w3.org\/2000\/svg\"><path fill=\"currentColor\" d=\"M173.898 439.404l-166.4-166.4c-9.997-9.997-9.997-26.206 0-36.204l36.203-36.204c9.997-9.998 26.207-9.998 36.204 0L192 312.69 432.095 72.596c9.997-9.997 26.207-9.997 36.204 0l36.203 36.204c9.997 9.997 9.997 26.206 0 36.204l-294.4 294.401c-9.998 9.997-26.207 9.997-36.204-.001z\"><\/path><\/svg><\/span><span class=\"gb-text\">Fortalecer la identidad verde de la tienda con un producto certificado y trazable<\/span><\/p>\n<\/div>\n<\/div>\n<\/div>\n<\/div>\n\n\n\n<div class=\"gb-element-12f33573\">\n<div class=\"gb-element-932f477a\">\n<h3 class=\"gb-text gb-text-b691116c\">\u00bfPor qu\u00e9 Wave?<\/h3>\n\n\n\n<p class=\"gb-text gb-text-08d342fd\">Plastimark Wave nace con el objetivo de dar un nuevo valor a los residuos pl\u00e1sticos, transform\u00e1ndolos en recursos \u00fatiles y sostenibles.<\/p>\n\n\n\n<p class=\"gb-text gb-text-3b254765\">El pl\u00e1stico en los mares es una de las amenazas ambientales m\u00e1s graves de nuestro tiempo, poniendo en peligro la supervivencia de m\u00e1s de 1,4 millones de especies marinas y alterando profundamente el equilibrio de los ecosistemas oce\u00e1nicos.<\/p>\n\n\n\n<p class=\"gb-text gb-text-80fea744\">Al elegir los contenedores de pl\u00e1stico reciclado Wave, los clientes de Plastimark contribuyen activamente a proteger los oc\u00e9anos, reducir su huella de carbono y ahorrar recursos f\u00f3siles, promoviendo as\u00ed una econom\u00eda circular basada en principios ecol\u00f3gicos y responsables.<\/p>\n\n\n\n<p class=\"gb-text gb-text-24310cc2\">Plastimark selecciona \u00fanicamente proveedores capaces de garantizar altos est\u00e1ndares de calidad. Los residuos pl\u00e1sticos marinos, a menudo fr\u00e1giles y contaminados, se transforman en una materia prima secundaria de muy alta calidad, con un alto nivel de pureza y sin adici\u00f3n de pl\u00e1stico virgen.<\/p>\n\n\n\n<p class=\"gb-text gb-text-5a92b593\">El material utilizado en la l\u00ednea Wave es una materia prima reciclada compuesta de pl\u00e1stico recogido de zonas marinas o costeras con riesgo de contaminaci\u00f3n. Su cadena de suministro es trazable y certificada seg\u00fan los principales est\u00e1ndares internacionales.<\/p>\n<\/div>\n<\/div>\n\n\n\n<div class=\"gb-element-f0deaf1a\">\n<div class=\"gb-element-dd0e6c36\">\n<div class=\"gb-element-56fb5eaf\">\n<h2 class=\"gb-text\">Wave-Compound<\/h2>\n\n\n\n<a class=\"gb-text gb-text-841b274e\" href=\"https:\/\/plastimark.com\/wp-content\/uploads\/WAVE-Compound-EN.pdf\" target=\"_blank\" rel=\"noopener\">Descargar el folleto<\/a>\n<\/div>\n<\/div>\n<\/div>\n\n\n\n\n\n<div class=\"gb-element-0a5594b6\">\n<h2 class=\"gb-text gb-text-0fab68ff\">Gama de productos disponibles<\/h2>\n\n\n\n<p class=\"gb-text gb-text-a6dddbbe\">En la gama de cestas, Plastimark\u00ae Wave est\u00e1 disponible para la estructura de:<\/p>\n<\/div>\n\n\n\n<div class=\"gb-element-c8fe5051\">\n<div class=\"gb-element-172ea2de splide card-carousel\" aria-label=\"Carosello dei prodotti\">\n<div class=\"splide__track\">\n<div class=\"splide__list\">\n<div class=\"gb-element-9b1e8085 splide__slide\">\n<a class=\"gb-element-635116d4\" href=\"https:\/\/plastimark.com\/es\/producto\/minityko\/\"><\/a>\n\n\n\n<h3 class=\"gb-text gb-text-81e46057\"><a href=\"https:\/\/plastimark.com\/es\/producto\/minityko\/\"><strong>MiniTyko<\/strong> 22 L<\/a><\/h3>\n\n\n\n<a class=\"gb-text gb-text-59106ce6\" href=\"https:\/\/plastimark.com\/es\/producto\/minityko\/\">DESCUBRa<\/a>\n<\/div>\n\n\n\n<div class=\"gb-element-b6b45c4c splide__slide\">\n<a class=\"gb-element-3634fadd\" href=\"https:\/\/plastimark.com\/es\/producto\/onda\/\"><\/a>\n\n\n\n<h3 class=\"gb-text gb-text-449e097b\"><a href=\"https:\/\/plastimark.com\/es\/producto\/onda\/\"><strong>Onda<\/strong> 28 L<\/a><\/h3>\n\n\n\n<a class=\"gb-text gb-text-4bf2c0d3\" href=\"https:\/\/plastimark.com\/es\/producto\/onda\/\">DESCUBRE<\/a>\n<\/div>\n\n\n\n<div class=\"gb-element-e14bb847 splide__slide\">\n<a class=\"gb-element-2f4d7e88\" href=\"https:\/\/plastimark.com\/es\/producto\/tyko\/\"><\/a>\n\n\n\n<h3 class=\"gb-text gb-text-2279614d\"><a href=\"https:\/\/plastimark.com\/es\/producto\/tyko\/\"><strong>Tyko<\/strong> 33 L<\/a><\/h3>\n\n\n\n<a class=\"gb-text gb-text-0b029112\" href=\"https:\/\/plastimark.com\/es\/producto\/tyko\/\">DESCUBRa<\/a>\n<\/div>\n\n\n\n<div class=\"gb-element-a517d08a splide__slide\">\n<a class=\"gb-element-f7339386\" href=\"https:\/\/plastimark.com\/es\/producto\/speesy\/\"><\/a>\n\n\n\n<h3 class=\"gb-text gb-text-fd82b342\"><a href=\"https:\/\/plastimark.com\/es\/producto\/speesy\/\"><strong>Speesy<\/strong> 45 L<\/a><\/h3>\n\n\n\n<a class=\"gb-text gb-text-12d8e231\" href=\"https:\/\/plastimark.com\/es\/producto\/speesy\/\">DESCUBRa<\/a>\n<\/div>\n\n\n\n<div class=\"gb-element-8708aa1a splide__slide\">\n<a class=\"gb-element-3800aa41\" href=\"https:\/\/plastimark.com\/es\/producto\/slimmer\/\"><\/a>\n\n\n\n<h3 class=\"gb-text gb-text-82cca115\"><a href=\"https:\/\/plastimark.com\/es\/producto\/slimmer\/\"><strong>Slimmer<\/strong> 60 L<\/a><\/h3>\n\n\n\n<a class=\"gb-text gb-text-09cbdc01\" href=\"https:\/\/plastimark.com\/es\/producto\/slimmer\/\">DESCUBRa<\/a>\n<\/div>\n\n\n\n<div class=\"gb-element-66bfe90a splide__slide\">\n<a class=\"gb-element-37cc05d8\" href=\"https:\/\/plastimark.com\/es\/producto\/maxityko\/\"><\/a>\n\n\n\n<h3 class=\"gb-text gb-text-a95eb594\"><a href=\"https:\/\/plastimark.com\/es\/producto\/maxityko\/\"><strong>MaxiTyko<\/strong> 66 L<\/a><\/h3>\n\n\n\n<a class=\"gb-text gb-text-0e0e885e\" href=\"https:\/\/plastimark.com\/es\/producto\/maxityko\/\">DESCUBRa<\/a>\n<\/div>\n<\/div>\n<\/div>\n<\/div>\n<\/div>\n","protected":false},"excerpt":{"rendered":"<p>Plastimark\u00ae Wave Pl\u00e1stico marino recuperado: una opci\u00f3n \u00e9tica para el futuro El pl\u00e1stico recogido de los oc\u00e9anos puede convertirse en &#8230; <\/p>\n<p class=\"read-more-container\"><a title=\"Wave compound\" class=\"read-more button\" href=\"https:\/\/plastimark.com\/es\/wave-compound\/#more-262318\" aria-label=\"Leer m\u00e1s sobre Wave compound\">Leer m\u00e1s<\/a><\/p>\n","protected":false},"author":1,"featured_media":262317,"parent":0,"menu_order":0,"comment_status":"closed","ping_status":"closed","template":"","meta":{"_acf_changed":false,"footnotes":""},"class_list":["post-262318","page","type-page","status-publish","has-post-thumbnail"],"acf":[],"yoast_head":"<!-- This site is optimized with the Yoast SEO plugin v27.2 - https:\/\/yoast.com\/product\/yoast-seo-wordpress\/ -->\n<title>Wave compound - Plastimark<\/title>\n<meta name=\"robots\" content=\"index, follow, max-snippet:-1, max-image-preview:large, max-video-preview:-1\" \/>\n<link rel=\"canonical\" href=\"https:\/\/plastimark.com\/es\/wave-compound\/\" \/>\n<meta property=\"og:locale\" content=\"es_ES\" \/>\n<meta property=\"og:type\" content=\"article\" \/>\n<meta property=\"og:title\" content=\"Wave compound - Plastimark\" \/>\n<meta property=\"og:description\" content=\"Plastimark\u00ae Wave Pl\u00e1stico marino recuperado: una opci\u00f3n \u00e9tica para el futuro El pl\u00e1stico recogido de los oc\u00e9anos puede convertirse en ... Leer m\u00e1s\" \/>\n<meta property=\"og:url\" content=\"https:\/\/plastimark.com\/es\/wave-compound\/\" \/>\n<meta property=\"og:site_name\" content=\"Plastimark\" \/>\n<meta property=\"article:publisher\" content=\"https:\/\/www.facebook.com\/Plastimark\" \/>\n<meta property=\"article:modified_time\" content=\"2026-03-16T15:18:33+00:00\" \/>\n<meta property=\"og:image\" content=\"https:\/\/plastimark.com\/wp-content\/uploads\/2026\/01\/Wave-compound-header.webp\" \/>\n\t<meta property=\"og:image:width\" content=\"2500\" \/>\n\t<meta property=\"og:image:height\" content=\"484\" \/>\n\t<meta property=\"og:image:type\" content=\"image\/webp\" \/>\n<meta name=\"twitter:card\" content=\"summary_large_image\" \/>\n<meta name=\"twitter:label1\" content=\"Tiempo de lectura\" \/>\n\t<meta name=\"twitter:data1\" content=\"3 minutos\" \/>\n<script type=\"application\/ld+json\" class=\"yoast-schema-graph\">{\"@context\":\"https:\/\/schema.org\",\"@graph\":[{\"@type\":\"WebPage\",\"@id\":\"https:\/\/plastimark.com\/es\/wave-compound\/\",\"url\":\"https:\/\/plastimark.com\/es\/wave-compound\/\",\"name\":\"Wave compound - Plastimark\",\"isPartOf\":{\"@id\":\"https:\/\/plastimark.com\/es\/#website\"},\"primaryImageOfPage\":{\"@id\":\"https:\/\/plastimark.com\/es\/wave-compound\/#primaryimage\"},\"image\":{\"@id\":\"https:\/\/plastimark.com\/es\/wave-compound\/#primaryimage\"},\"thumbnailUrl\":\"https:\/\/plastimark.com\/wp-content\/uploads\/2026\/01\/Wave-compound-header.webp\",\"datePublished\":\"2025-11-23T18:54:33+00:00\",\"dateModified\":\"2026-03-16T15:18:33+00:00\",\"breadcrumb\":{\"@id\":\"https:\/\/plastimark.com\/es\/wave-compound\/#breadcrumb\"},\"inLanguage\":\"es\",\"potentialAction\":[{\"@type\":\"ReadAction\",\"target\":[\"https:\/\/plastimark.com\/es\/wave-compound\/\"]}]},{\"@type\":\"ImageObject\",\"inLanguage\":\"es\",\"@id\":\"https:\/\/plastimark.com\/es\/wave-compound\/#primaryimage\",\"url\":\"https:\/\/plastimark.com\/wp-content\/uploads\/2026\/01\/Wave-compound-header.webp\",\"contentUrl\":\"https:\/\/plastimark.com\/wp-content\/uploads\/2026\/01\/Wave-compound-header.webp\",\"width\":2500,\"height\":484},{\"@type\":\"BreadcrumbList\",\"@id\":\"https:\/\/plastimark.com\/es\/wave-compound\/#breadcrumb\",\"itemListElement\":[{\"@type\":\"ListItem\",\"position\":1,\"name\":\"Home\",\"item\":\"https:\/\/plastimark.com\/es\/\"},{\"@type\":\"ListItem\",\"position\":2,\"name\":\"Wave compound\"}]},{\"@type\":\"WebSite\",\"@id\":\"https:\/\/plastimark.com\/es\/#website\",\"url\":\"https:\/\/plastimark.com\/es\/\",\"name\":\"Plastimark\",\"description\":\"Carrelli e cestini per la spesa in plastica\",\"publisher\":{\"@id\":\"https:\/\/plastimark.com\/es\/#organization\"},\"potentialAction\":[{\"@type\":\"SearchAction\",\"target\":{\"@type\":\"EntryPoint\",\"urlTemplate\":\"https:\/\/plastimark.com\/es\/?s={search_term_string}\"},\"query-input\":{\"@type\":\"PropertyValueSpecification\",\"valueRequired\":true,\"valueName\":\"search_term_string\"}}],\"inLanguage\":\"es\"},{\"@type\":\"Organization\",\"@id\":\"https:\/\/plastimark.com\/es\/#organization\",\"name\":\"Plastimark\",\"url\":\"https:\/\/plastimark.com\/es\/\",\"logo\":{\"@type\":\"ImageObject\",\"inLanguage\":\"es\",\"@id\":\"https:\/\/plastimark.com\/es\/#\/schema\/logo\/image\/\",\"url\":\"https:\/\/plastimark.com\/wp-content\/uploads\/2025\/11\/logo-plastimark.svg\",\"contentUrl\":\"https:\/\/plastimark.com\/wp-content\/uploads\/2025\/11\/logo-plastimark.svg\",\"width\":313,\"height\":81,\"caption\":\"Plastimark\"},\"image\":{\"@id\":\"https:\/\/plastimark.com\/es\/#\/schema\/logo\/image\/\"},\"sameAs\":[\"https:\/\/www.facebook.com\/Plastimark\",\"https:\/\/www.linkedin.com\/company\/plastimark-spa\/\",\"https:\/\/www.instagram.com\/plastimark\/\",\"https:\/\/www.youtube.com\/@plastimark\"]}]}<\/script>\n<!-- \/ Yoast SEO plugin. -->","yoast_head_json":{"title":"Wave compound - Plastimark","robots":{"index":"index","follow":"follow","max-snippet":"max-snippet:-1","max-image-preview":"max-image-preview:large","max-video-preview":"max-video-preview:-1"},"canonical":"https:\/\/plastimark.com\/es\/wave-compound\/","og_locale":"es_ES","og_type":"article","og_title":"Wave compound - Plastimark","og_description":"Plastimark\u00ae Wave Pl\u00e1stico marino recuperado: una opci\u00f3n \u00e9tica para el futuro El pl\u00e1stico recogido de los oc\u00e9anos puede convertirse en ... Leer m\u00e1s","og_url":"https:\/\/plastimark.com\/es\/wave-compound\/","og_site_name":"Plastimark","article_publisher":"https:\/\/www.facebook.com\/Plastimark","article_modified_time":"2026-03-16T15:18:33+00:00","og_image":[{"width":2500,"height":484,"url":"https:\/\/plastimark.com\/wp-content\/uploads\/2026\/01\/Wave-compound-header.webp","type":"image\/webp"}],"twitter_card":"summary_large_image","twitter_misc":{"Tiempo de lectura":"3 minutos"},"schema":{"@context":"https:\/\/schema.org","@graph":[{"@type":"WebPage","@id":"https:\/\/plastimark.com\/es\/wave-compound\/","url":"https:\/\/plastimark.com\/es\/wave-compound\/","name":"Wave compound - Plastimark","isPartOf":{"@id":"https:\/\/plastimark.com\/es\/#website"},"primaryImageOfPage":{"@id":"https:\/\/plastimark.com\/es\/wave-compound\/#primaryimage"},"image":{"@id":"https:\/\/plastimark.com\/es\/wave-compound\/#primaryimage"},"thumbnailUrl":"https:\/\/plastimark.com\/wp-content\/uploads\/2026\/01\/Wave-compound-header.webp","datePublished":"2025-11-23T18:54:33+00:00","dateModified":"2026-03-16T15:18:33+00:00","breadcrumb":{"@id":"https:\/\/plastimark.com\/es\/wave-compound\/#breadcrumb"},"inLanguage":"es","potentialAction":[{"@type":"ReadAction","target":["https:\/\/plastimark.com\/es\/wave-compound\/"]}]},{"@type":"ImageObject","inLanguage":"es","@id":"https:\/\/plastimark.com\/es\/wave-compound\/#primaryimage","url":"https:\/\/plastimark.com\/wp-content\/uploads\/2026\/01\/Wave-compound-header.webp","contentUrl":"https:\/\/plastimark.com\/wp-content\/uploads\/2026\/01\/Wave-compound-header.webp","width":2500,"height":484},{"@type":"BreadcrumbList","@id":"https:\/\/plastimark.com\/es\/wave-compound\/#breadcrumb","itemListElement":[{"@type":"ListItem","position":1,"name":"Home","item":"https:\/\/plastimark.com\/es\/"},{"@type":"ListItem","position":2,"name":"Wave compound"}]},{"@type":"WebSite","@id":"https:\/\/plastimark.com\/es\/#website","url":"https:\/\/plastimark.com\/es\/","name":"Plastimark","description":"Carrelli e cestini per la spesa in plastica","publisher":{"@id":"https:\/\/plastimark.com\/es\/#organization"},"potentialAction":[{"@type":"SearchAction","target":{"@type":"EntryPoint","urlTemplate":"https:\/\/plastimark.com\/es\/?s={search_term_string}"},"query-input":{"@type":"PropertyValueSpecification","valueRequired":true,"valueName":"search_term_string"}}],"inLanguage":"es"},{"@type":"Organization","@id":"https:\/\/plastimark.com\/es\/#organization","name":"Plastimark","url":"https:\/\/plastimark.com\/es\/","logo":{"@type":"ImageObject","inLanguage":"es","@id":"https:\/\/plastimark.com\/es\/#\/schema\/logo\/image\/","url":"https:\/\/plastimark.com\/wp-content\/uploads\/2025\/11\/logo-plastimark.svg","contentUrl":"https:\/\/plastimark.com\/wp-content\/uploads\/2025\/11\/logo-plastimark.svg","width":313,"height":81,"caption":"Plastimark"},"image":{"@id":"https:\/\/plastimark.com\/es\/#\/schema\/logo\/image\/"},"sameAs":["https:\/\/www.facebook.com\/Plastimark","https:\/\/www.linkedin.com\/company\/plastimark-spa\/","https:\/\/www.instagram.com\/plastimark\/","https:\/\/www.youtube.com\/@plastimark"]}]}},"_links":{"self":[{"href":"https:\/\/plastimark.com\/es\/wp-json\/wp\/v2\/pages\/262318","targetHints":{"allow":["GET"]}}],"collection":[{"href":"https:\/\/plastimark.com\/es\/wp-json\/wp\/v2\/pages"}],"about":[{"href":"https:\/\/plastimark.com\/es\/wp-json\/wp\/v2\/types\/page"}],"author":[{"embeddable":true,"href":"https:\/\/plastimark.com\/es\/wp-json\/wp\/v2\/users\/1"}],"replies":[{"embeddable":true,"href":"https:\/\/plastimark.com\/es\/wp-json\/wp\/v2\/comments?post=262318"}],"version-history":[{"count":12,"href":"https:\/\/plastimark.com\/es\/wp-json\/wp\/v2\/pages\/262318\/revisions"}],"predecessor-version":[{"id":271238,"href":"https:\/\/plastimark.com\/es\/wp-json\/wp\/v2\/pages\/262318\/revisions\/271238"}],"wp:featuredmedia":[{"embeddable":true,"href":"https:\/\/plastimark.com\/es\/wp-json\/wp\/v2\/media\/262317"}],"wp:attachment":[{"href":"https:\/\/plastimark.com\/es\/wp-json\/wp\/v2\/media?parent=262318"}],"curies":[{"name":"wp","href":"https:\/\/api.w.org\/{rel}","templated":true}]}}