{"id":255290,"date":"2025-11-24T09:40:53","date_gmt":"2025-11-24T08:40:53","guid":{"rendered":"https:\/\/plastimark-new.inode.it\/pales\/"},"modified":"2026-03-10T11:11:11","modified_gmt":"2026-03-10T10:11:11","slug":"pales","status":"publish","type":"page","link":"https:\/\/plastimark.com\/es\/pales\/","title":{"rendered":"Pal\u00e9s"},"content":{"rendered":"\n<div class=\"gb-element-2443cfc9\">\n<h2 class=\"gb-text gb-text-df602360\">Pal\u00e9s<\/h2>\n<\/div>\n\n\n\n<div class=\"gb-element-4685ffde\">\n<div class=\"gb-element-f00a451b\">\n<div class=\"gb-element-5888d4a4\">\n<a class=\"gb-element-6073cfc3\" href=\"https:\/\/plastimark.com\/es\/producto\/pallet-cargo\/\"><\/a>\n\n\n\n<h3 class=\"gb-text gb-text-af2fc67a\"><a href=\"https:\/\/plastimark.com\/es\/producto\/pallet-cargo\/\"><strong>Pallet Cargo<\/strong><\/a><\/h3>\n\n\n\n<a class=\"gb-text gb-text-fb3070d1\" href=\"https:\/\/plastimark.com\/es\/producto\/pallet-cargo\/\">DESCUBRA<\/a>\n<\/div>\n\n\n\n<div class=\"gb-element-c8790a6c\">\n<a class=\"gb-element-2900518d\" href=\"https:\/\/plastimark.com\/es\/producto\/pallet-light\/\"><\/a>\n\n\n\n<h3 class=\"gb-text gb-text-aa2ef3b5\"><a href=\"https:\/\/plastimark.com\/es\/producto\/pallet-light\/\"><strong>Pallet Light<\/strong><\/a><\/h3>\n\n\n\n<a class=\"gb-text gb-text-27a011b2\" href=\"https:\/\/plastimark.com\/es\/producto\/pallet-light\/\">DESCUBRA<\/a>\n<\/div>\n<\/div>\n<\/div>\n","protected":false},"excerpt":{"rendered":"<p>Pal\u00e9s Pallet Cargo DESCUBRA Pallet Light DESCUBRA<\/p>\n","protected":false},"author":1,"featured_media":262607,"parent":0,"menu_order":0,"comment_status":"closed","ping_status":"closed","template":"","meta":{"_acf_changed":false,"footnotes":""},"class_list":["post-255290","page","type-page","status-publish","has-post-thumbnail"],"acf":[],"yoast_head":"<!-- This site is optimized with the Yoast SEO plugin v27.2 - https:\/\/yoast.com\/product\/yoast-seo-wordpress\/ -->\n<title>F\u00e1brica de palets de pl\u00e1stico para supermercados y comercios<\/title>\n<meta name=\"description\" content=\"Descubre nuestra gama de palets de pl\u00e1stico para supermercados y tiendas: 100% pl\u00e1stico reciclable, personalizables, resistentes.\" \/>\n<meta name=\"robots\" content=\"index, follow, max-snippet:-1, max-image-preview:large, max-video-preview:-1\" \/>\n<link rel=\"canonical\" href=\"https:\/\/plastimark.com\/es\/pales\/\" \/>\n<meta property=\"og:locale\" content=\"es_ES\" \/>\n<meta property=\"og:type\" content=\"article\" \/>\n<meta property=\"og:title\" content=\"F\u00e1brica de palets de pl\u00e1stico para supermercados y comercios\" \/>\n<meta property=\"og:description\" content=\"Descubre nuestra gama de palets de pl\u00e1stico para supermercados y tiendas: 100% pl\u00e1stico reciclable, personalizables, resistentes.\" \/>\n<meta property=\"og:url\" content=\"https:\/\/plastimark.com\/es\/pales\/\" \/>\n<meta property=\"og:site_name\" content=\"Plastimark\" \/>\n<meta property=\"article:publisher\" content=\"https:\/\/www.facebook.com\/Plastimark\" \/>\n<meta property=\"article:modified_time\" content=\"2026-03-10T10:11:11+00:00\" \/>\n<meta property=\"og:image\" content=\"https:\/\/plastimark.com\/wp-content\/uploads\/2026\/02\/Pallet-Expo-header.webp\" \/>\n\t<meta property=\"og:image:width\" content=\"2500\" \/>\n\t<meta property=\"og:image:height\" content=\"484\" \/>\n\t<meta property=\"og:image:type\" content=\"image\/webp\" \/>\n<meta name=\"twitter:card\" content=\"summary_large_image\" \/>\n<meta name=\"twitter:label1\" content=\"Tiempo de lectura\" \/>\n\t<meta name=\"twitter:data1\" content=\"1 minuto\" \/>\n<script type=\"application\/ld+json\" class=\"yoast-schema-graph\">{\"@context\":\"https:\/\/schema.org\",\"@graph\":[{\"@type\":\"WebPage\",\"@id\":\"https:\/\/plastimark.com\/es\/pales\/\",\"url\":\"https:\/\/plastimark.com\/es\/pales\/\",\"name\":\"F\u00e1brica de palets de pl\u00e1stico para supermercados y comercios\",\"isPartOf\":{\"@id\":\"https:\/\/plastimark.com\/es\/#website\"},\"primaryImageOfPage\":{\"@id\":\"https:\/\/plastimark.com\/es\/pales\/#primaryimage\"},\"image\":{\"@id\":\"https:\/\/plastimark.com\/es\/pales\/#primaryimage\"},\"thumbnailUrl\":\"https:\/\/plastimark.com\/wp-content\/uploads\/2026\/02\/Pallet-Expo-header.webp\",\"datePublished\":\"2025-11-24T08:40:53+00:00\",\"dateModified\":\"2026-03-10T10:11:11+00:00\",\"description\":\"Descubre nuestra gama de palets de pl\u00e1stico para supermercados y tiendas: 100% pl\u00e1stico reciclable, personalizables, resistentes.\",\"breadcrumb\":{\"@id\":\"https:\/\/plastimark.com\/es\/pales\/#breadcrumb\"},\"inLanguage\":\"es\",\"potentialAction\":[{\"@type\":\"ReadAction\",\"target\":[\"https:\/\/plastimark.com\/es\/pales\/\"]}]},{\"@type\":\"ImageObject\",\"inLanguage\":\"es\",\"@id\":\"https:\/\/plastimark.com\/es\/pales\/#primaryimage\",\"url\":\"https:\/\/plastimark.com\/wp-content\/uploads\/2026\/02\/Pallet-Expo-header.webp\",\"contentUrl\":\"https:\/\/plastimark.com\/wp-content\/uploads\/2026\/02\/Pallet-Expo-header.webp\",\"width\":2500,\"height\":484},{\"@type\":\"BreadcrumbList\",\"@id\":\"https:\/\/plastimark.com\/es\/pales\/#breadcrumb\",\"itemListElement\":[{\"@type\":\"ListItem\",\"position\":1,\"name\":\"Home\",\"item\":\"https:\/\/plastimark.com\/es\/\"},{\"@type\":\"ListItem\",\"position\":2,\"name\":\"Pal\u00e9s\"}]},{\"@type\":\"WebSite\",\"@id\":\"https:\/\/plastimark.com\/es\/#website\",\"url\":\"https:\/\/plastimark.com\/es\/\",\"name\":\"Plastimark\",\"description\":\"Carrelli e cestini per la spesa in plastica\",\"publisher\":{\"@id\":\"https:\/\/plastimark.com\/es\/#organization\"},\"potentialAction\":[{\"@type\":\"SearchAction\",\"target\":{\"@type\":\"EntryPoint\",\"urlTemplate\":\"https:\/\/plastimark.com\/es\/?s={search_term_string}\"},\"query-input\":{\"@type\":\"PropertyValueSpecification\",\"valueRequired\":true,\"valueName\":\"search_term_string\"}}],\"inLanguage\":\"es\"},{\"@type\":\"Organization\",\"@id\":\"https:\/\/plastimark.com\/es\/#organization\",\"name\":\"Plastimark\",\"url\":\"https:\/\/plastimark.com\/es\/\",\"logo\":{\"@type\":\"ImageObject\",\"inLanguage\":\"es\",\"@id\":\"https:\/\/plastimark.com\/es\/#\/schema\/logo\/image\/\",\"url\":\"https:\/\/plastimark.com\/wp-content\/uploads\/2025\/11\/logo-plastimark.svg\",\"contentUrl\":\"https:\/\/plastimark.com\/wp-content\/uploads\/2025\/11\/logo-plastimark.svg\",\"width\":313,\"height\":81,\"caption\":\"Plastimark\"},\"image\":{\"@id\":\"https:\/\/plastimark.com\/es\/#\/schema\/logo\/image\/\"},\"sameAs\":[\"https:\/\/www.facebook.com\/Plastimark\",\"https:\/\/www.linkedin.com\/company\/plastimark-spa\/\",\"https:\/\/www.instagram.com\/plastimark\/\",\"https:\/\/www.youtube.com\/@plastimark\"]}]}<\/script>\n<!-- \/ Yoast SEO plugin. -->","yoast_head_json":{"title":"F\u00e1brica de palets de pl\u00e1stico para supermercados y comercios","description":"Descubre nuestra gama de palets de pl\u00e1stico para supermercados y tiendas: 100% pl\u00e1stico reciclable, personalizables, resistentes.","robots":{"index":"index","follow":"follow","max-snippet":"max-snippet:-1","max-image-preview":"max-image-preview:large","max-video-preview":"max-video-preview:-1"},"canonical":"https:\/\/plastimark.com\/es\/pales\/","og_locale":"es_ES","og_type":"article","og_title":"F\u00e1brica de palets de pl\u00e1stico para supermercados y comercios","og_description":"Descubre nuestra gama de palets de pl\u00e1stico para supermercados y tiendas: 100% pl\u00e1stico reciclable, personalizables, resistentes.","og_url":"https:\/\/plastimark.com\/es\/pales\/","og_site_name":"Plastimark","article_publisher":"https:\/\/www.facebook.com\/Plastimark","article_modified_time":"2026-03-10T10:11:11+00:00","og_image":[{"width":2500,"height":484,"url":"https:\/\/plastimark.com\/wp-content\/uploads\/2026\/02\/Pallet-Expo-header.webp","type":"image\/webp"}],"twitter_card":"summary_large_image","twitter_misc":{"Tiempo de lectura":"1 minuto"},"schema":{"@context":"https:\/\/schema.org","@graph":[{"@type":"WebPage","@id":"https:\/\/plastimark.com\/es\/pales\/","url":"https:\/\/plastimark.com\/es\/pales\/","name":"F\u00e1brica de palets de pl\u00e1stico para supermercados y comercios","isPartOf":{"@id":"https:\/\/plastimark.com\/es\/#website"},"primaryImageOfPage":{"@id":"https:\/\/plastimark.com\/es\/pales\/#primaryimage"},"image":{"@id":"https:\/\/plastimark.com\/es\/pales\/#primaryimage"},"thumbnailUrl":"https:\/\/plastimark.com\/wp-content\/uploads\/2026\/02\/Pallet-Expo-header.webp","datePublished":"2025-11-24T08:40:53+00:00","dateModified":"2026-03-10T10:11:11+00:00","description":"Descubre nuestra gama de palets de pl\u00e1stico para supermercados y tiendas: 100% pl\u00e1stico reciclable, personalizables, resistentes.","breadcrumb":{"@id":"https:\/\/plastimark.com\/es\/pales\/#breadcrumb"},"inLanguage":"es","potentialAction":[{"@type":"ReadAction","target":["https:\/\/plastimark.com\/es\/pales\/"]}]},{"@type":"ImageObject","inLanguage":"es","@id":"https:\/\/plastimark.com\/es\/pales\/#primaryimage","url":"https:\/\/plastimark.com\/wp-content\/uploads\/2026\/02\/Pallet-Expo-header.webp","contentUrl":"https:\/\/plastimark.com\/wp-content\/uploads\/2026\/02\/Pallet-Expo-header.webp","width":2500,"height":484},{"@type":"BreadcrumbList","@id":"https:\/\/plastimark.com\/es\/pales\/#breadcrumb","itemListElement":[{"@type":"ListItem","position":1,"name":"Home","item":"https:\/\/plastimark.com\/es\/"},{"@type":"ListItem","position":2,"name":"Pal\u00e9s"}]},{"@type":"WebSite","@id":"https:\/\/plastimark.com\/es\/#website","url":"https:\/\/plastimark.com\/es\/","name":"Plastimark","description":"Carrelli e cestini per la spesa in plastica","publisher":{"@id":"https:\/\/plastimark.com\/es\/#organization"},"potentialAction":[{"@type":"SearchAction","target":{"@type":"EntryPoint","urlTemplate":"https:\/\/plastimark.com\/es\/?s={search_term_string}"},"query-input":{"@type":"PropertyValueSpecification","valueRequired":true,"valueName":"search_term_string"}}],"inLanguage":"es"},{"@type":"Organization","@id":"https:\/\/plastimark.com\/es\/#organization","name":"Plastimark","url":"https:\/\/plastimark.com\/es\/","logo":{"@type":"ImageObject","inLanguage":"es","@id":"https:\/\/plastimark.com\/es\/#\/schema\/logo\/image\/","url":"https:\/\/plastimark.com\/wp-content\/uploads\/2025\/11\/logo-plastimark.svg","contentUrl":"https:\/\/plastimark.com\/wp-content\/uploads\/2025\/11\/logo-plastimark.svg","width":313,"height":81,"caption":"Plastimark"},"image":{"@id":"https:\/\/plastimark.com\/es\/#\/schema\/logo\/image\/"},"sameAs":["https:\/\/www.facebook.com\/Plastimark","https:\/\/www.linkedin.com\/company\/plastimark-spa\/","https:\/\/www.instagram.com\/plastimark\/","https:\/\/www.youtube.com\/@plastimark"]}]}},"_links":{"self":[{"href":"https:\/\/plastimark.com\/es\/wp-json\/wp\/v2\/pages\/255290","targetHints":{"allow":["GET"]}}],"collection":[{"href":"https:\/\/plastimark.com\/es\/wp-json\/wp\/v2\/pages"}],"about":[{"href":"https:\/\/plastimark.com\/es\/wp-json\/wp\/v2\/types\/page"}],"author":[{"embeddable":true,"href":"https:\/\/plastimark.com\/es\/wp-json\/wp\/v2\/users\/1"}],"replies":[{"embeddable":true,"href":"https:\/\/plastimark.com\/es\/wp-json\/wp\/v2\/comments?post=255290"}],"version-history":[{"count":3,"href":"https:\/\/plastimark.com\/es\/wp-json\/wp\/v2\/pages\/255290\/revisions"}],"predecessor-version":[{"id":265653,"href":"https:\/\/plastimark.com\/es\/wp-json\/wp\/v2\/pages\/255290\/revisions\/265653"}],"wp:featuredmedia":[{"embeddable":true,"href":"https:\/\/plastimark.com\/es\/wp-json\/wp\/v2\/media\/262607"}],"wp:attachment":[{"href":"https:\/\/plastimark.com\/es\/wp-json\/wp\/v2\/media?parent=255290"}],"curies":[{"name":"wp","href":"https:\/\/api.w.org\/{rel}","templated":true}]}}