{"id":253965,"date":"2025-11-20T11:08:56","date_gmt":"2025-11-20T10:08:56","guid":{"rendered":"https:\/\/plastimark-new.inode.it\/empresa\/"},"modified":"2026-03-10T13:15:35","modified_gmt":"2026-03-10T12:15:35","slug":"empresa","status":"publish","type":"page","link":"https:\/\/plastimark.com\/es\/empresa\/","title":{"rendered":"Empresa"},"content":{"rendered":"\n<div class=\"gb-element-e94d6ce3\">\n<h2 class=\"gb-text gb-text-3dbf9977\">Plastimark\u00ae: identidad y valores<\/h2>\n\n\n\n<div class=\"gb-element-56d8b37a\">\n<p class=\"gb-text gb-text-c2eb7525\">Plastimark SpA es una empresa italiana l\u00edder en la producci\u00f3n de carritos y cestas de compra de pl\u00e1stico 100% reciclable, dise\u00f1ados para el sector minorista. Ofrece soluciones funcionales, sostenibles y personalizables, combinadas con el dise\u00f1o y la calidad Made in Italy. Parte de Giordano Holding, un grupo con m\u00e1s de 60 a\u00f1os de experiencia en moldeo por inyecci\u00f3n, Plastimark comparte su experiencia y tecnolog\u00edas para innovar en equipos de punto de venta, con un enfoque en la eficiencia y el respeto al medio ambiente.<\/p>\n<\/div>\n<\/div>\n\n\n\n<div class=\"gb-element-a7f6558c\" id=\"vision-mission\">\n<h2 class=\"gb-text gb-text-f2777085\">Visi\u00f3n y misi\u00f3n<\/h2>\n\n\n\n<div class=\"gb-element-a8a3b17d\">\n<div class=\"gb-element-ac40824a\">\n<h3 class=\"gb-text\">Visi\u00f3n<\/h3>\n\n\n\n<p class=\"gb-text\">Innovar la forma de comprar, ofreciendo soluciones sostenibles y de dise\u00f1o que mejoren la experiencia del cliente. Concebir los carritos y cestas de compra como elementos centrales del retail moderno: funcionales, ergon\u00f3micos y orientados hacia un futuro responsable.<\/p>\n<\/div>\n\n\n\n<div class=\"gb-element-0633ecf6\">\n<h3 class=\"gb-text\">Misi\u00f3n<\/h3>\n\n\n\n<p class=\"gb-text\">Construir relaciones personalizadas con los clientes y ofrecer soluciones a medida, innovando con materiales sostenibles y tecnolog\u00edas avanzadas. Superar las limitaciones del metal tradicional y promover una producci\u00f3n circular eficiente, respetando el medio ambiente y los m\u00e1s altos est\u00e1ndares de calidad.<\/p>\n<\/div>\n<\/div>\n<\/div>\n\n\n\n<div class=\"gb-element-f0deaf1a\" id=\"sostenibilidad\" style=\"--inline-bg-image: url(https:\/\/plastimark.com\/wp-content\/uploads\/2026\/02\/Focus-on-sustainability.webp)\">\n<div class=\"gb-element-dd0e6c36\">\n<div class=\"gb-element-56fb5eaf\">\n<h2 class=\"gb-text gb-text-f0b36632\" id=\"sustainability\">Focus en la sostenibilidad<\/h2>\n\n\n\n<p class=\"gb-text gb-text-7a51c782\">Plastimark\u00ae se destaca por sus avanzadas habilidades en el procesamiento de pl\u00e1stico, creando carros y cestas funcionales, duraderos y respetuosos con el medio ambiente. La empresa produce exclusivamente con materiales 100% reciclables, garantizando soluciones sostenibles para el sector retail.<\/p>\n\n\n\n<p class=\"gb-text gb-text-1f4acc2d\">Gracias a una innovadora central el\u00e9ctrica alimentada por combustibles no f\u00f3siles, Plastimark\u00ae autoproduce la energ\u00eda necesaria para su planta, reduciendo significativamente su impacto ambiental.<\/p>\n\n\n\n<p class=\"gb-text gb-text-cdaa885b\">Para Plastimark\u00ae, innovaci\u00f3n significa combinar calidad y sostenibilidad, ofreciendo productos ecol\u00f3gicos dise\u00f1ados para el futuro del retail.<\/p>\n<\/div>\n\n\n\n<div class=\"gb-element-b07eec6e\"><\/div>\n<\/div>\n<\/div>\n\n\n\n<div class=\"gb-element-dece4e38\" id=\"vision-mission\">\n<h2 class=\"gb-text gb-text-5da51243\">Certificaciones &amp; ESG Performance<\/h2>\n\n\n\n<div class=\"gb-element-25097f60\">\n<div class=\"gb-element-24f00273\">\n<div class=\"wp-block-media-text alignwide is-stacked-on-mobile is-vertically-aligned-center is-style-default\" style=\"grid-template-columns:32% auto\"><figure class=\"wp-block-media-text__media\"><img loading=\"lazy\" decoding=\"async\" width=\"1024\" height=\"1024\" src=\"https:\/\/plastimark.com\/wp-content\/uploads\/2026\/02\/PLASTIMARK-SPA_EV_Recognition-1024x1024.png\" alt=\"\" class=\"wp-image-266065 size-full\" srcset=\"https:\/\/plastimark.com\/wp-content\/uploads\/2026\/02\/PLASTIMARK-SPA_EV_Recognition-1024x1024.png 1024w, https:\/\/plastimark.com\/wp-content\/uploads\/2026\/02\/PLASTIMARK-SPA_EV_Recognition-300x300.png 300w, https:\/\/plastimark.com\/wp-content\/uploads\/2026\/02\/PLASTIMARK-SPA_EV_Recognition-150x150.png 150w, https:\/\/plastimark.com\/wp-content\/uploads\/2026\/02\/PLASTIMARK-SPA_EV_Recognition-768x768.png 768w, https:\/\/plastimark.com\/wp-content\/uploads\/2026\/02\/PLASTIMARK-SPA_EV_Recognition-1536x1536.png 1536w, https:\/\/plastimark.com\/wp-content\/uploads\/2026\/02\/PLASTIMARK-SPA_EV_Recognition.png 1667w\" sizes=\"auto, (max-width: 1024px) 100vw, 1024px\" \/><\/figure><div class=\"wp-block-media-text__content\">\n<p><\/p>\n\n\n\n<p>EcoVadis es una plataforma global de calificaci\u00f3n en sostenibilidad que eval\u00faa el desempe\u00f1o ESG de las empresas seg\u00fan criterios ambientales, sociales y \u00e9ticos a lo largo de toda la cadena de valor.<\/p>\n<\/div><\/div>\n\n\n\n<div class=\"gb-element-a6a43523\">\n<a class=\"gb-text gb-text-841b274e\" href=\"https:\/\/ecovadis.com\/es\/\" target=\"_blank\" rel=\"noopener\">DESCUBRA<\/a>\n<\/div>\n<\/div>\n\n\n\n<div class=\"gb-element-6caaa0cd\">\n<div class=\"wp-block-media-text is-stacked-on-mobile is-vertically-aligned-center is-style-default\" style=\"grid-template-columns:31% auto\"><figure class=\"wp-block-media-text__media\"><img loading=\"lazy\" decoding=\"async\" width=\"459\" height=\"460\" src=\"https:\/\/plastimark.com\/wp-content\/uploads\/2026\/02\/DIAG.png\" alt=\"\" class=\"wp-image-266184 size-full\" srcset=\"https:\/\/plastimark.com\/wp-content\/uploads\/2026\/02\/DIAG.png 459w, https:\/\/plastimark.com\/wp-content\/uploads\/2026\/02\/DIAG-300x300.png 300w, https:\/\/plastimark.com\/wp-content\/uploads\/2026\/02\/DIAG-150x150.png 150w\" sizes=\"auto, (max-width: 459px) 100vw, 459px\" \/><\/figure><div class=\"wp-block-media-text__content\">\n<p><\/p>\n\n\n\n<p>Resumen del proceso de descarbonizaci\u00f3n de Plastimark, llevado a cabo a trav\u00e9s del programa Diag D\u00e9carbon\u2019Action promovido por Bpifrance en colaboraci\u00f3n con ADEME y ABC.<\/p>\n<\/div><\/div>\n\n\n\n<div>\n<a class=\"gb-text gb-text-cd42fb6a\" href=\"https:\/\/plastimark.com\/wp-content\/uploads\/2026\/02\/6-TB-Synthese-communicante-PLASTIMARK-ESP.pdf\" target=\"_blank\" rel=\"noopener\">DESCARGAR EL FOLLETO<\/a>\n<\/div>\n<\/div>\n<\/div>\n<\/div>\n\n\n\n<div class=\"gb-element-b1645e09\" id=\"eco-compounds\">\n<h2 class=\"gb-text gb-text-858477a9\">Eco &#8211; Compound<\/h2>\n\n\n\n<div class=\"gb-element-387e9d9c\">\n<p class=\"gb-text gb-text-60a3daa9\">Plastimark\u00ae utiliza compuestos pl\u00e1sticos cuidadosamente seleccionados para garantizar carros y cestas duraderos, funcionales y con un dise\u00f1o atractivo. Las mezclas utilizadas por la empresa incluyen materiales reciclados, fibras naturales y pl\u00e1sticos innovadores, dise\u00f1ados para satisfacer las necesidades del comercio minorista moderno con un enfoque especial en el medio ambiente. Al optar por productos elaborados con materiales reciclados, las empresas y tiendas contribuyen activamente a reducir su huella de carbono, promoviendo un futuro m\u00e1s sostenible. <\/p>\n<\/div>\n<\/div>\n\n\n\n\n\n<div class=\"gb-element-b9d95b90\">\n<div class=\"gb-element-da5e33a3\">\n<a class=\"gb-element-909a47b6\" href=\"https:\/\/plastimark.com\/es\/wood-compound\/\">\n<img loading=\"lazy\" decoding=\"async\" width=\"232\" height=\"151\" class=\"gb-media-b87c30fd\" alt=\"\" src=\"https:\/\/plastimark.com\/wp-content\/uploads\/2025\/11\/wood-compound.svg\" title=\"wood-compound\"\/>\n<\/a>\n\n\n\n<a class=\"gb-element-ac2a3a6b\" href=\"https:\/\/plastimark.com\/es\/black-compound\/\">\n<img loading=\"lazy\" decoding=\"async\" width=\"232\" height=\"151\" class=\"gb-media-55effbaf\" alt=\"\" src=\"https:\/\/plastimark.com\/wp-content\/uploads\/2025\/11\/black-compound.svg\" title=\"black-compound\"\/>\n<\/a>\n\n\n\n<a class=\"gb-element-3c5e31a0\" href=\"https:\/\/plastimark.com\/es\/euterra-compound\/\">\n<img loading=\"lazy\" decoding=\"async\" width=\"232\" height=\"151\" class=\"gb-media-5ce1467e\" alt=\"\" src=\"https:\/\/plastimark.com\/wp-content\/uploads\/2025\/11\/euterra-compound.svg\" title=\"euterra-compound\"\/>\n<\/a>\n\n\n\n<a class=\"gb-element-b2b05c78\" href=\"https:\/\/plastimark.com\/es\/wave-compound\/\">\n<img loading=\"lazy\" decoding=\"async\" width=\"232\" height=\"151\" class=\"gb-media-4ecca7ef\" alt=\"\" src=\"https:\/\/plastimark.com\/wp-content\/uploads\/2025\/11\/wave-compound.svg\" title=\"wave-compound\"\/>\n<\/a>\n\n\n\n<a class=\"gb-element-8ff4c07e\" href=\"https:\/\/plastimark.com\/es\/alunova-compound\/\">\n<img loading=\"lazy\" decoding=\"async\" width=\"232\" height=\"151\" class=\"gb-media-ea76e8e5\" alt=\"\" src=\"https:\/\/plastimark.com\/wp-content\/uploads\/2025\/11\/alunova-compound.svg\" title=\"alunova-compound\"\/>\n<\/a>\n<\/div>\n<\/div>\n\n\n\n<div class=\"gb-element-623e78ab\" id=\"sicurezza-e-tecnologia\">\n<div class=\"gb-element-eca4d886\">\n<div class=\"gb-element-6cbd92dd\"><\/div>\n\n\n\n<div class=\"gb-element-2183c626\">\n<h2 class=\"gb-text\">Seguridad y tecnolog\u00eda<\/h2>\n\n\n\n<p class=\"gb-text\">Plastimark\u00ae ofrece carritos de compra y cestas de pl\u00e1stico e h\u00edbridos certificados por T\u00dcV Rheinland: una garant\u00eda internacional de seguridad, calidad y durabilidad.<\/p>\n\n\n\n<p class=\"gb-text\">Esta certificaci\u00f3n atestigua el cumplimiento de rigurosos est\u00e1ndares t\u00e9cnicos, ofreciendo a los supermercados soluciones confiables, seguras y con menores costos de mantenimiento.<\/p>\n\n\n\n<p class=\"gb-text\">Cada producto se desarrolla siguiendo un cuidadoso an\u00e1lisis de riesgos y respaldado por procedimientos de producci\u00f3n controlados. Los carros Plastimark\u00ae pueden integrar soportes para dispositivos digitales y sistemas de autoescaneo compatibles con entornos blindados, como puertas antirrobo (similares a las jaulas de Faraday), garantizando la continuidad de la se\u00f1al y un uso eficiente de las tecnolog\u00edas en la tienda.<\/p>\n<\/div>\n<\/div>\n<\/div>\n","protected":false},"excerpt":{"rendered":"<p>Plastimark\u00ae: identidad y valores Plastimark SpA es una empresa italiana l\u00edder en la producci\u00f3n de carritos y cestas de compra &#8230; <\/p>\n<p class=\"read-more-container\"><a title=\"Empresa\" class=\"read-more button\" href=\"https:\/\/plastimark.com\/es\/empresa\/#more-253965\" aria-label=\"Leer m\u00e1s sobre Empresa\">Leer m\u00e1s<\/a><\/p>\n","protected":false},"author":1,"featured_media":260564,"parent":0,"menu_order":0,"comment_status":"closed","ping_status":"closed","template":"","meta":{"_acf_changed":false,"footnotes":""},"class_list":["post-253965","page","type-page","status-publish","has-post-thumbnail"],"acf":[],"yoast_head":"<!-- This site is optimized with the Yoast SEO plugin v27.2 - https:\/\/yoast.com\/product\/yoast-seo-wordpress\/ -->\n<title>F\u00e1brica de carros y cestas de supermercados y tiendas<\/title>\n<meta name=\"description\" content=\"Plastimark es una f\u00e1brica de carros y cestas de supermercados y tiendas, l\u00edder en Italia: soluciones innovadoras, 100% pl\u00e1stico reciclable.\" \/>\n<meta name=\"robots\" content=\"index, follow, max-snippet:-1, max-image-preview:large, max-video-preview:-1\" \/>\n<link rel=\"canonical\" href=\"https:\/\/plastimark.com\/es\/empresa\/\" \/>\n<meta property=\"og:locale\" content=\"es_ES\" \/>\n<meta property=\"og:type\" content=\"article\" \/>\n<meta property=\"og:title\" content=\"F\u00e1brica de carros y cestas de supermercados y tiendas\" \/>\n<meta property=\"og:description\" content=\"Plastimark es una f\u00e1brica de carros y cestas de supermercados y tiendas, l\u00edder en Italia: soluciones innovadoras, 100% pl\u00e1stico reciclable.\" \/>\n<meta property=\"og:url\" content=\"https:\/\/plastimark.com\/es\/empresa\/\" \/>\n<meta property=\"og:site_name\" content=\"Plastimark\" \/>\n<meta property=\"article:publisher\" content=\"https:\/\/www.facebook.com\/Plastimark\" \/>\n<meta property=\"article:modified_time\" content=\"2026-03-10T12:15:35+00:00\" \/>\n<meta property=\"og:image\" content=\"https:\/\/plastimark.com\/wp-content\/uploads\/2026\/01\/Company-Plastimark-Header-scaled.webp\" \/>\n\t<meta property=\"og:image:width\" content=\"2560\" \/>\n\t<meta property=\"og:image:height\" content=\"533\" \/>\n\t<meta property=\"og:image:type\" content=\"image\/webp\" \/>\n<meta name=\"twitter:card\" content=\"summary_large_image\" \/>\n<meta name=\"twitter:label1\" content=\"Tiempo de lectura\" \/>\n\t<meta name=\"twitter:data1\" content=\"5 minutos\" \/>\n<script type=\"application\/ld+json\" class=\"yoast-schema-graph\">{\"@context\":\"https:\/\/schema.org\",\"@graph\":[{\"@type\":\"WebPage\",\"@id\":\"https:\/\/plastimark.com\/es\/empresa\/\",\"url\":\"https:\/\/plastimark.com\/es\/empresa\/\",\"name\":\"F\u00e1brica de carros y cestas de supermercados y tiendas\",\"isPartOf\":{\"@id\":\"https:\/\/plastimark.com\/es\/#website\"},\"primaryImageOfPage\":{\"@id\":\"https:\/\/plastimark.com\/es\/empresa\/#primaryimage\"},\"image\":{\"@id\":\"https:\/\/plastimark.com\/es\/empresa\/#primaryimage\"},\"thumbnailUrl\":\"https:\/\/plastimark.com\/wp-content\/uploads\/2026\/01\/Company-Plastimark-Header-scaled.webp\",\"datePublished\":\"2025-11-20T10:08:56+00:00\",\"dateModified\":\"2026-03-10T12:15:35+00:00\",\"description\":\"Plastimark es una f\u00e1brica de carros y cestas de supermercados y tiendas, l\u00edder en Italia: soluciones innovadoras, 100% pl\u00e1stico reciclable.\",\"breadcrumb\":{\"@id\":\"https:\/\/plastimark.com\/es\/empresa\/#breadcrumb\"},\"inLanguage\":\"es\",\"potentialAction\":[{\"@type\":\"ReadAction\",\"target\":[\"https:\/\/plastimark.com\/es\/empresa\/\"]}]},{\"@type\":\"ImageObject\",\"inLanguage\":\"es\",\"@id\":\"https:\/\/plastimark.com\/es\/empresa\/#primaryimage\",\"url\":\"https:\/\/plastimark.com\/wp-content\/uploads\/2026\/01\/Company-Plastimark-Header-scaled.webp\",\"contentUrl\":\"https:\/\/plastimark.com\/wp-content\/uploads\/2026\/01\/Company-Plastimark-Header-scaled.webp\",\"width\":2560,\"height\":533},{\"@type\":\"BreadcrumbList\",\"@id\":\"https:\/\/plastimark.com\/es\/empresa\/#breadcrumb\",\"itemListElement\":[{\"@type\":\"ListItem\",\"position\":1,\"name\":\"Home\",\"item\":\"https:\/\/plastimark.com\/es\/\"},{\"@type\":\"ListItem\",\"position\":2,\"name\":\"Empresa\"}]},{\"@type\":\"WebSite\",\"@id\":\"https:\/\/plastimark.com\/es\/#website\",\"url\":\"https:\/\/plastimark.com\/es\/\",\"name\":\"Plastimark\",\"description\":\"Carrelli e cestini per la spesa in plastica\",\"publisher\":{\"@id\":\"https:\/\/plastimark.com\/es\/#organization\"},\"potentialAction\":[{\"@type\":\"SearchAction\",\"target\":{\"@type\":\"EntryPoint\",\"urlTemplate\":\"https:\/\/plastimark.com\/es\/?s={search_term_string}\"},\"query-input\":{\"@type\":\"PropertyValueSpecification\",\"valueRequired\":true,\"valueName\":\"search_term_string\"}}],\"inLanguage\":\"es\"},{\"@type\":\"Organization\",\"@id\":\"https:\/\/plastimark.com\/es\/#organization\",\"name\":\"Plastimark\",\"url\":\"https:\/\/plastimark.com\/es\/\",\"logo\":{\"@type\":\"ImageObject\",\"inLanguage\":\"es\",\"@id\":\"https:\/\/plastimark.com\/es\/#\/schema\/logo\/image\/\",\"url\":\"https:\/\/plastimark.com\/wp-content\/uploads\/2025\/11\/logo-plastimark.svg\",\"contentUrl\":\"https:\/\/plastimark.com\/wp-content\/uploads\/2025\/11\/logo-plastimark.svg\",\"width\":313,\"height\":81,\"caption\":\"Plastimark\"},\"image\":{\"@id\":\"https:\/\/plastimark.com\/es\/#\/schema\/logo\/image\/\"},\"sameAs\":[\"https:\/\/www.facebook.com\/Plastimark\",\"https:\/\/www.linkedin.com\/company\/plastimark-spa\/\",\"https:\/\/www.instagram.com\/plastimark\/\",\"https:\/\/www.youtube.com\/@plastimark\"]}]}<\/script>\n<!-- \/ Yoast SEO plugin. -->","yoast_head_json":{"title":"F\u00e1brica de carros y cestas de supermercados y tiendas","description":"Plastimark es una f\u00e1brica de carros y cestas de supermercados y tiendas, l\u00edder en Italia: soluciones innovadoras, 100% pl\u00e1stico reciclable.","robots":{"index":"index","follow":"follow","max-snippet":"max-snippet:-1","max-image-preview":"max-image-preview:large","max-video-preview":"max-video-preview:-1"},"canonical":"https:\/\/plastimark.com\/es\/empresa\/","og_locale":"es_ES","og_type":"article","og_title":"F\u00e1brica de carros y cestas de supermercados y tiendas","og_description":"Plastimark es una f\u00e1brica de carros y cestas de supermercados y tiendas, l\u00edder en Italia: soluciones innovadoras, 100% pl\u00e1stico reciclable.","og_url":"https:\/\/plastimark.com\/es\/empresa\/","og_site_name":"Plastimark","article_publisher":"https:\/\/www.facebook.com\/Plastimark","article_modified_time":"2026-03-10T12:15:35+00:00","og_image":[{"width":2560,"height":533,"url":"https:\/\/plastimark.com\/wp-content\/uploads\/2026\/01\/Company-Plastimark-Header-scaled.webp","type":"image\/webp"}],"twitter_card":"summary_large_image","twitter_misc":{"Tiempo de lectura":"5 minutos"},"schema":{"@context":"https:\/\/schema.org","@graph":[{"@type":"WebPage","@id":"https:\/\/plastimark.com\/es\/empresa\/","url":"https:\/\/plastimark.com\/es\/empresa\/","name":"F\u00e1brica de carros y cestas de supermercados y tiendas","isPartOf":{"@id":"https:\/\/plastimark.com\/es\/#website"},"primaryImageOfPage":{"@id":"https:\/\/plastimark.com\/es\/empresa\/#primaryimage"},"image":{"@id":"https:\/\/plastimark.com\/es\/empresa\/#primaryimage"},"thumbnailUrl":"https:\/\/plastimark.com\/wp-content\/uploads\/2026\/01\/Company-Plastimark-Header-scaled.webp","datePublished":"2025-11-20T10:08:56+00:00","dateModified":"2026-03-10T12:15:35+00:00","description":"Plastimark es una f\u00e1brica de carros y cestas de supermercados y tiendas, l\u00edder en Italia: soluciones innovadoras, 100% pl\u00e1stico reciclable.","breadcrumb":{"@id":"https:\/\/plastimark.com\/es\/empresa\/#breadcrumb"},"inLanguage":"es","potentialAction":[{"@type":"ReadAction","target":["https:\/\/plastimark.com\/es\/empresa\/"]}]},{"@type":"ImageObject","inLanguage":"es","@id":"https:\/\/plastimark.com\/es\/empresa\/#primaryimage","url":"https:\/\/plastimark.com\/wp-content\/uploads\/2026\/01\/Company-Plastimark-Header-scaled.webp","contentUrl":"https:\/\/plastimark.com\/wp-content\/uploads\/2026\/01\/Company-Plastimark-Header-scaled.webp","width":2560,"height":533},{"@type":"BreadcrumbList","@id":"https:\/\/plastimark.com\/es\/empresa\/#breadcrumb","itemListElement":[{"@type":"ListItem","position":1,"name":"Home","item":"https:\/\/plastimark.com\/es\/"},{"@type":"ListItem","position":2,"name":"Empresa"}]},{"@type":"WebSite","@id":"https:\/\/plastimark.com\/es\/#website","url":"https:\/\/plastimark.com\/es\/","name":"Plastimark","description":"Carrelli e cestini per la spesa in plastica","publisher":{"@id":"https:\/\/plastimark.com\/es\/#organization"},"potentialAction":[{"@type":"SearchAction","target":{"@type":"EntryPoint","urlTemplate":"https:\/\/plastimark.com\/es\/?s={search_term_string}"},"query-input":{"@type":"PropertyValueSpecification","valueRequired":true,"valueName":"search_term_string"}}],"inLanguage":"es"},{"@type":"Organization","@id":"https:\/\/plastimark.com\/es\/#organization","name":"Plastimark","url":"https:\/\/plastimark.com\/es\/","logo":{"@type":"ImageObject","inLanguage":"es","@id":"https:\/\/plastimark.com\/es\/#\/schema\/logo\/image\/","url":"https:\/\/plastimark.com\/wp-content\/uploads\/2025\/11\/logo-plastimark.svg","contentUrl":"https:\/\/plastimark.com\/wp-content\/uploads\/2025\/11\/logo-plastimark.svg","width":313,"height":81,"caption":"Plastimark"},"image":{"@id":"https:\/\/plastimark.com\/es\/#\/schema\/logo\/image\/"},"sameAs":["https:\/\/www.facebook.com\/Plastimark","https:\/\/www.linkedin.com\/company\/plastimark-spa\/","https:\/\/www.instagram.com\/plastimark\/","https:\/\/www.youtube.com\/@plastimark"]}]}},"_links":{"self":[{"href":"https:\/\/plastimark.com\/es\/wp-json\/wp\/v2\/pages\/253965","targetHints":{"allow":["GET"]}}],"collection":[{"href":"https:\/\/plastimark.com\/es\/wp-json\/wp\/v2\/pages"}],"about":[{"href":"https:\/\/plastimark.com\/es\/wp-json\/wp\/v2\/types\/page"}],"author":[{"embeddable":true,"href":"https:\/\/plastimark.com\/es\/wp-json\/wp\/v2\/users\/1"}],"replies":[{"embeddable":true,"href":"https:\/\/plastimark.com\/es\/wp-json\/wp\/v2\/comments?post=253965"}],"version-history":[{"count":30,"href":"https:\/\/plastimark.com\/es\/wp-json\/wp\/v2\/pages\/253965\/revisions"}],"predecessor-version":[{"id":266774,"href":"https:\/\/plastimark.com\/es\/wp-json\/wp\/v2\/pages\/253965\/revisions\/266774"}],"wp:featuredmedia":[{"embeddable":true,"href":"https:\/\/plastimark.com\/es\/wp-json\/wp\/v2\/media\/260564"}],"wp:attachment":[{"href":"https:\/\/plastimark.com\/es\/wp-json\/wp\/v2\/media?parent=253965"}],"curies":[{"name":"wp","href":"https:\/\/api.w.org\/{rel}","templated":true}]}}